{"id":6232,"date":"2020-10-27T13:42:39","date_gmt":"2020-10-27T12:42:39","guid":{"rendered":"https:\/\/kuken.alfadyser.dev\/producto\/batidora-vaso-cristal-1-5l-1000w-kuken\/"},"modified":"2025-07-31T08:22:32","modified_gmt":"2025-07-31T06:22:32","slug":"batidora-jarra-cristal-1-5l-1000w-kuken","status":"publish","type":"product","link":"https:\/\/kuken.alfadyser.dev\/nl\/product\/batidora-jarra-cristal-1-5l-1000w-kuken\/","title":{"rendered":"1,5L 1000W GLAZEN KAN BLENDER K\u00dcKEN"},"content":{"rendered":"<p>1,5L 1000W GLAZEN KAN BLENDER K\u00dcKEN<\/p>\n<ul data-start=\"549\" data-end=\"1231\">\n<li data-start=\"549\" data-end=\"619\">\n<p data-start=\"551\" data-end=\"619\">Motor de 1000W: ideal para preparaciones densas y r\u00e1pidas.<\/p>\n<\/li>\n<li data-start=\"620\" data-end=\"716\">\n<p data-start=\"622\" data-end=\"716\">Cuchillas de acero inoxidable con 4 filos: pican, mezclan y trituran de forma eficiente.<\/p>\n<\/li>\n<li data-start=\"717\" data-end=\"799\">\n<p data-start=\"719\" data-end=\"799\">Cuchillas desenroscables: permiten una limpieza m\u00e1s pr\u00e1ctica y segura.<\/p>\n<\/li>\n<li data-start=\"800\" data-end=\"896\">\n<p data-start=\"802\" data-end=\"896\">Selector giratorio con 2 velocidades + bot\u00f3n PULSE: con iluminaci\u00f3n LED incorporada.<\/p>\n<\/li>\n<li data-start=\"897\" data-end=\"998\">\n<p data-start=\"899\" data-end=\"998\">Vaso de cristal extra\u00edble de 1,5L: resistente, con asa ergon\u00f3mica para verter f\u00e1cilmente.<\/p>\n<\/li>\n<li data-start=\"999\" data-end=\"1080\">\n<p data-start=\"1001\" data-end=\"1080\">Tapa herm\u00e9tica con tap\u00f3n de entrada: a\u00f1ade ingredientes sin salpicaduras.<\/p>\n<\/li>\n<li data-start=\"1081\" data-end=\"1167\">\n<p data-start=\"1083\" data-end=\"1167\">Base con patas de goma antideslizantes: m\u00e1xima estabilidad durante el uso.<\/p>\n<\/li>\n<li data-start=\"1168\" data-end=\"1231\">\n<p data-start=\"1170\" data-end=\"1231\">Acabado en negro y acero inoxidable: elegante y duradero.<\/p>\n<\/li>\n<\/ul>\n<p><div class=\"accordion\"><div class=\"mfn-acc accordion_wrapper  toggle\"><div class=\"question\"><div class=\"title\"><i class=\"icon-plus acc-icon-plus\" aria-hidden=\"true\"><\/i><i class=\"icon-minus acc-icon-minus\" aria-hidden=\"true\"><\/i>Productgegevens<\/div><div class=\"answer\">EAN: 8425160336967<\/p>\n<p>1,5L 1000W GLAZEN KAN BLENDER K\u00dcKEN<\/p>\n<p>Eenheden: 1<br \/>\nColor: Plata<br \/>\nVerpakking: Gekleurde doos<br \/>\nVermogen: 1000 W<br \/>\nSpanning: 230 V<br \/>\nInhoud: 1,5 liter<br \/>\nMateriaal: Gehard glas<br \/>\nAntislipvoet: Ja<br \/>\nSnelheden: 2 + PULSE-knop<br \/>\nAfneembaar: Ja<br \/>\nGewicht: 3,14 kg<\/div><\/div>\n<\/div><\/div>\n<br \/>\n<div class=\"accordion\"><div class=\"mfn-acc accordion_wrapper  toggle\"><div class=\"question\"><div class=\"title\"><i class=\"icon-plus acc-icon-plus\" aria-hidden=\"true\"><\/i><i class=\"icon-minus acc-icon-minus\" aria-hidden=\"true\"><\/i>Accessoires<\/div><div class=\"answer\"><\/div><\/div>\n<\/div><\/div>\n<\/p>\n<div class=\"descargas-producto\"><a href=\"\/wp-content\/uploads\/pdf\/8425160336967_ficha_tecnica.pdf\" target=\"_blank\" rel=\"noopener noreferrer\"><br \/>\n<img loading=\"lazy\" decoding=\"async\" src=\"\/wp-content\/uploads\/2019\/12\/picto-descarrega.png\" alt=\"gegevensblad downloaden\" width=\"23\" height=\"16\" \/>Blad downloaden<\/a><br \/>\n<a href=\"\/wp-content\/uploads\/pdf\/33696.pdf\"><img loading=\"lazy\" decoding=\"async\" src=\"\/wp-content\/uploads\/2019\/12\/picto-descarrega.png\" alt=\"handleiding downloaden\" width=\"23\" height=\"16\" \/>Handleiding downloaden<\/a><\/div>\n<div><\/div>\n<div><span style=\"color: #bf2121;\">Volg ons op sociale media!<\/span><\/div>\n<div><a href=\"https:\/\/www.instagram.com\/kuken_appliances\/\">https:\/\/www.instagram.com\/kuken_appliances\/<\/a><\/div>\n<p><iframe loading=\"lazy\" title=\"Batidora vaso pl\u00e1stico 1,5l 800w k\u00fcken\" width=\"560\" height=\"315\" src=\"https:\/\/www.youtube.com\/embed\/R_8PJEaKa-w?feature=oembed\" frameborder=\"0\" allow=\"accelerometer; autoplay; clipboard-write; encrypted-media; gyroscope; picture-in-picture; web-share\" referrerpolicy=\"strict-origin-when-cross-origin\" allowfullscreen><\/iframe><\/p>","protected":false},"excerpt":{"rendered":"<p data-start=\"371\" data-end=\"511\">Dise\u00f1ada para quienes buscan potencia y precisi\u00f3n en la cocina. Perfecta para batir, mezclar o triturar con eficacia, seguridad y comodidad.<\/p>","protected":false},"featured_media":5581,"template":"","meta":[],"product_brand":[],"product_cat":[206],"product_tag":[],"class_list":{"0":"post-6232","1":"product","2":"type-product","3":"status-publish","4":"has-post-thumbnail","6":"product_cat-batidoras","7":"pa_tipo-batidora-vaso","9":"first","10":"instock","11":"product-type-simple"},"yoast_head":"<!-- This site is optimized with the Yoast SEO Premium plugin v24.0 (Yoast SEO v26.5) - https:\/\/yoast.com\/wordpress\/plugins\/seo\/ -->\n<title>BATIDORA JARRA CRISTAL 1.5L 1000W K\u00dcKEN - K\u00fcken<\/title>\n<meta name=\"description\" content=\"Batidora con jarra de cristal de alta potencia y capacidad. Prepara todo tipo de batidos con unos resultados inmejorables. Desbubre m\u00e1s aqu\u00ed.\" \/>\n<meta name=\"robots\" content=\"noindex, follow, max-snippet:-1, max-image-preview:large, max-video-preview:-1\" \/>\n<meta property=\"og:locale\" content=\"nl_NL\" \/>\n<meta property=\"og:type\" content=\"article\" \/>\n<meta property=\"og:title\" content=\"BATIDORA JARRA CRISTAL 1.5L 1000W K\u00dcKEN\" \/>\n<meta property=\"og:description\" content=\"Batidora con jarra de cristal de alta potencia y capacidad. Prepara todo tipo de batidos con unos resultados inmejorables. Desbubre m\u00e1s aqu\u00ed.\" \/>\n<meta property=\"og:url\" content=\"https:\/\/kuken.alfadyser.dev\/nl\/product\/batidora-jarra-cristal-1-5l-1000w-kuken\/\" \/>\n<meta property=\"og:site_name\" content=\"K\u00fcken\" \/>\n<meta property=\"article:publisher\" content=\"https:\/\/es-es.facebook.com\/alfadyser\/\" \/>\n<meta property=\"article:modified_time\" content=\"2025-07-31T06:22:32+00:00\" \/>\n<meta property=\"og:image\" content=\"https:\/\/kuken.alfadyser.dev\/wp-content\/uploads\/productos\/8425160336967_01.jpg\" \/>\n\t<meta property=\"og:image:width\" content=\"335\" \/>\n\t<meta property=\"og:image:height\" content=\"335\" \/>\n\t<meta property=\"og:image:type\" content=\"image\/jpeg\" \/>\n<meta name=\"twitter:card\" content=\"summary_large_image\" \/>\n<meta name=\"twitter:label1\" content=\"Prijs\" \/>\n\t<meta name=\"twitter:data1\" content=\"\" \/>\n\t<meta name=\"twitter:label2\" content=\"Beschikbaarheid\" \/>\n\t<meta name=\"twitter:data2\" content=\"Op voorraad\" \/>\n<script type=\"application\/ld+json\" class=\"yoast-schema-graph\">{\"@context\":\"https:\/\/schema.org\",\"@graph\":[{\"@type\":\"WebPage\",\"@id\":\"https:\/\/kuken.alfadyser.dev\/producto\/batidora-jarra-cristal-1-5l-1000w-kuken\/\",\"url\":\"https:\/\/kuken.alfadyser.dev\/producto\/batidora-jarra-cristal-1-5l-1000w-kuken\/\",\"name\":\"BATIDORA JARRA CRISTAL 1.5L 1000W K\u00dcKEN - K\u00fcken\",\"isPartOf\":{\"@id\":\"https:\/\/kuken.alfadyser.dev\/#website\"},\"primaryImageOfPage\":{\"@id\":\"https:\/\/kuken.alfadyser.dev\/producto\/batidora-jarra-cristal-1-5l-1000w-kuken\/#primaryimage\"},\"image\":{\"@id\":\"https:\/\/kuken.alfadyser.dev\/producto\/batidora-jarra-cristal-1-5l-1000w-kuken\/#primaryimage\"},\"thumbnailUrl\":\"https:\/\/kuken.alfadyser.dev\/wp-content\/uploads\/productos\/8425160336967_01.jpg\",\"datePublished\":\"2020-10-27T12:42:39+00:00\",\"dateModified\":\"2025-07-31T06:22:32+00:00\",\"description\":\"Batidora con jarra de cristal de alta potencia y capacidad. Prepara todo tipo de batidos con unos resultados inmejorables. Desbubre m\u00e1s aqu\u00ed.\",\"breadcrumb\":{\"@id\":\"https:\/\/kuken.alfadyser.dev\/producto\/batidora-jarra-cristal-1-5l-1000w-kuken\/#breadcrumb\"},\"inLanguage\":\"nl-NL\",\"potentialAction\":[{\"@type\":\"ReadAction\",\"target\":[\"https:\/\/kuken.alfadyser.dev\/producto\/batidora-jarra-cristal-1-5l-1000w-kuken\/\"]}]},{\"@type\":\"ImageObject\",\"inLanguage\":\"nl-NL\",\"@id\":\"https:\/\/kuken.alfadyser.dev\/producto\/batidora-jarra-cristal-1-5l-1000w-kuken\/#primaryimage\",\"url\":\"https:\/\/kuken.alfadyser.dev\/wp-content\/uploads\/productos\/8425160336967_01.jpg\",\"contentUrl\":\"https:\/\/kuken.alfadyser.dev\/wp-content\/uploads\/productos\/8425160336967_01.jpg\",\"width\":335,\"height\":335,\"caption\":\"Batidora con jarra de cristal y alta potencia.\"},{\"@type\":\"BreadcrumbList\",\"@id\":\"https:\/\/kuken.alfadyser.dev\/producto\/batidora-jarra-cristal-1-5l-1000w-kuken\/#breadcrumb\",\"itemListElement\":[{\"@type\":\"ListItem\",\"position\":1,\"name\":\"Portada\",\"item\":\"https:\/\/kuken.alfadyser.dev\/\"},{\"@type\":\"ListItem\",\"position\":2,\"name\":\"Productos\",\"item\":\"https:\/\/kuken.alfadyser.dev\/productos\/\"},{\"@type\":\"ListItem\",\"position\":3,\"name\":\"BATIDORA JARRA CRISTAL 1.5L 1000W K\u00dcKEN\"}]},{\"@type\":\"WebSite\",\"@id\":\"https:\/\/kuken.alfadyser.dev\/#website\",\"url\":\"https:\/\/kuken.alfadyser.dev\/\",\"name\":\"K\u00fcken\",\"description\":\"Amplia gama de peque\u00f1o electrodom\u00e9stico k\u00fcken\",\"publisher\":{\"@id\":\"https:\/\/kuken.alfadyser.dev\/#organization\"},\"potentialAction\":[{\"@type\":\"SearchAction\",\"target\":{\"@type\":\"EntryPoint\",\"urlTemplate\":\"https:\/\/kuken.alfadyser.dev\/?s={search_term_string}\"},\"query-input\":{\"@type\":\"PropertyValueSpecification\",\"valueRequired\":true,\"valueName\":\"search_term_string\"}}],\"inLanguage\":\"nl-NL\"},{\"@type\":\"Organization\",\"@id\":\"https:\/\/kuken.alfadyser.dev\/#organization\",\"name\":\"Alfa Dyser\",\"url\":\"https:\/\/kuken.alfadyser.dev\/\",\"logo\":{\"@type\":\"ImageObject\",\"inLanguage\":\"nl-NL\",\"@id\":\"https:\/\/kuken.alfadyser.dev\/#\/schema\/logo\/image\/\",\"url\":\"https:\/\/kuken.alfadyser.dev\/wp-content\/uploads\/2019\/04\/kuken-logo.png\",\"contentUrl\":\"https:\/\/kuken.alfadyser.dev\/wp-content\/uploads\/2019\/04\/kuken-logo.png\",\"width\":500,\"height\":191,\"caption\":\"Alfa Dyser\"},\"image\":{\"@id\":\"https:\/\/kuken.alfadyser.dev\/#\/schema\/logo\/image\/\"},\"sameAs\":[\"https:\/\/es-es.facebook.com\/alfadyser\/\",\"https:\/\/www.instagram.com\/kuken_appliances\/\"]}]}<\/script>\n<meta property=\"product:price:currency\" content=\"EUR\" \/>\n<meta property=\"og:availability\" content=\"instock\" \/>\n<meta property=\"product:availability\" content=\"instock\" \/>\n<meta property=\"product:retailer_item_id\" content=\"33696\" \/>\n<meta property=\"product:condition\" content=\"new\" \/>\n<!-- \/ Yoast SEO Premium plugin. -->","yoast_head_json":{"title":"BATIDORA JARRA CRISTAL 1.5L 1000W K\u00dcKEN - K\u00fcken","description":"Batidora con jarra de cristal de alta potencia y capacidad. Prepara todo tipo de batidos con unos resultados inmejorables. Desbubre m\u00e1s aqu\u00ed.","robots":{"index":"noindex","follow":"follow","max-snippet":"max-snippet:-1","max-image-preview":"max-image-preview:large","max-video-preview":"max-video-preview:-1"},"og_locale":"nl_NL","og_type":"article","og_title":"BATIDORA JARRA CRISTAL 1.5L 1000W K\u00dcKEN","og_description":"Batidora con jarra de cristal de alta potencia y capacidad. Prepara todo tipo de batidos con unos resultados inmejorables. Desbubre m\u00e1s aqu\u00ed.","og_url":"https:\/\/kuken.alfadyser.dev\/nl\/product\/batidora-jarra-cristal-1-5l-1000w-kuken\/","og_site_name":"K\u00fcken","article_publisher":"https:\/\/es-es.facebook.com\/alfadyser\/","article_modified_time":"2025-07-31T06:22:32+00:00","og_image":[{"width":335,"height":335,"url":"https:\/\/kuken.alfadyser.dev\/wp-content\/uploads\/productos\/8425160336967_01.jpg","type":"image\/jpeg"}],"twitter_card":"summary_large_image","twitter_misc":{"Prijs":"","Beschikbaarheid":"Op voorraad"},"schema":{"@context":"https:\/\/schema.org","@graph":[{"@type":"WebPage","@id":"https:\/\/kuken.alfadyser.dev\/producto\/batidora-jarra-cristal-1-5l-1000w-kuken\/","url":"https:\/\/kuken.alfadyser.dev\/producto\/batidora-jarra-cristal-1-5l-1000w-kuken\/","name":"BATIDORA JARRA CRISTAL 1.5L 1000W K\u00dcKEN - K\u00fcken","isPartOf":{"@id":"https:\/\/kuken.alfadyser.dev\/#website"},"primaryImageOfPage":{"@id":"https:\/\/kuken.alfadyser.dev\/producto\/batidora-jarra-cristal-1-5l-1000w-kuken\/#primaryimage"},"image":{"@id":"https:\/\/kuken.alfadyser.dev\/producto\/batidora-jarra-cristal-1-5l-1000w-kuken\/#primaryimage"},"thumbnailUrl":"https:\/\/kuken.alfadyser.dev\/wp-content\/uploads\/productos\/8425160336967_01.jpg","datePublished":"2020-10-27T12:42:39+00:00","dateModified":"2025-07-31T06:22:32+00:00","description":"Batidora con jarra de cristal de alta potencia y capacidad. Prepara todo tipo de batidos con unos resultados inmejorables. Desbubre m\u00e1s aqu\u00ed.","breadcrumb":{"@id":"https:\/\/kuken.alfadyser.dev\/producto\/batidora-jarra-cristal-1-5l-1000w-kuken\/#breadcrumb"},"inLanguage":"nl-NL","potentialAction":[{"@type":"ReadAction","target":["https:\/\/kuken.alfadyser.dev\/producto\/batidora-jarra-cristal-1-5l-1000w-kuken\/"]}]},{"@type":"ImageObject","inLanguage":"nl-NL","@id":"https:\/\/kuken.alfadyser.dev\/producto\/batidora-jarra-cristal-1-5l-1000w-kuken\/#primaryimage","url":"https:\/\/kuken.alfadyser.dev\/wp-content\/uploads\/productos\/8425160336967_01.jpg","contentUrl":"https:\/\/kuken.alfadyser.dev\/wp-content\/uploads\/productos\/8425160336967_01.jpg","width":335,"height":335,"caption":"Batidora con jarra de cristal y alta potencia."},{"@type":"BreadcrumbList","@id":"https:\/\/kuken.alfadyser.dev\/producto\/batidora-jarra-cristal-1-5l-1000w-kuken\/#breadcrumb","itemListElement":[{"@type":"ListItem","position":1,"name":"Portada","item":"https:\/\/kuken.alfadyser.dev\/"},{"@type":"ListItem","position":2,"name":"Productos","item":"https:\/\/kuken.alfadyser.dev\/productos\/"},{"@type":"ListItem","position":3,"name":"BATIDORA JARRA CRISTAL 1.5L 1000W K\u00dcKEN"}]},{"@type":"WebSite","@id":"https:\/\/kuken.alfadyser.dev\/#website","url":"https:\/\/kuken.alfadyser.dev\/","name":"K\u00fcken","description":"Uitgebreid assortiment kleine huishoudelijke apparaten van k\u00fcken","publisher":{"@id":"https:\/\/kuken.alfadyser.dev\/#organization"},"potentialAction":[{"@type":"SearchAction","target":{"@type":"EntryPoint","urlTemplate":"https:\/\/kuken.alfadyser.dev\/?s={search_term_string}"},"query-input":{"@type":"PropertyValueSpecification","valueRequired":true,"valueName":"search_term_string"}}],"inLanguage":"nl-NL"},{"@type":"Organization","@id":"https:\/\/kuken.alfadyser.dev\/#organization","name":"Alpha Dyser","url":"https:\/\/kuken.alfadyser.dev\/","logo":{"@type":"ImageObject","inLanguage":"nl-NL","@id":"https:\/\/kuken.alfadyser.dev\/#\/schema\/logo\/image\/","url":"https:\/\/kuken.alfadyser.dev\/wp-content\/uploads\/2019\/04\/kuken-logo.png","contentUrl":"https:\/\/kuken.alfadyser.dev\/wp-content\/uploads\/2019\/04\/kuken-logo.png","width":500,"height":191,"caption":"Alfa Dyser"},"image":{"@id":"https:\/\/kuken.alfadyser.dev\/#\/schema\/logo\/image\/"},"sameAs":["https:\/\/es-es.facebook.com\/alfadyser\/","https:\/\/www.instagram.com\/kuken_appliances\/"]}]},"product_price_currency":"EUR","og_availability":"instock","product_availability":"instock","product_retailer_item_id":"33696","product_condition":"new"},"_links":{"self":[{"href":"https:\/\/kuken.alfadyser.dev\/nl\/wp-json\/wp\/v2\/product\/6232","targetHints":{"allow":["GET"]}}],"collection":[{"href":"https:\/\/kuken.alfadyser.dev\/nl\/wp-json\/wp\/v2\/product"}],"about":[{"href":"https:\/\/kuken.alfadyser.dev\/nl\/wp-json\/wp\/v2\/types\/product"}],"wp:featuredmedia":[{"embeddable":true,"href":"https:\/\/kuken.alfadyser.dev\/nl\/wp-json\/wp\/v2\/media\/5581"}],"wp:attachment":[{"href":"https:\/\/kuken.alfadyser.dev\/nl\/wp-json\/wp\/v2\/media?parent=6232"}],"wp:term":[{"taxonomy":"product_brand","embeddable":true,"href":"https:\/\/kuken.alfadyser.dev\/nl\/wp-json\/wp\/v2\/product_brand?post=6232"},{"taxonomy":"product_cat","embeddable":true,"href":"https:\/\/kuken.alfadyser.dev\/nl\/wp-json\/wp\/v2\/product_cat?post=6232"},{"taxonomy":"product_tag","embeddable":true,"href":"https:\/\/kuken.alfadyser.dev\/nl\/wp-json\/wp\/v2\/product_tag?post=6232"}],"curies":[{"name":"wp","href":"https:\/\/api.w.org\/{rel}","templated":true}]}}