{"id":6226,"date":"2020-10-27T13:42:39","date_gmt":"2020-10-27T12:42:39","guid":{"rendered":"https:\/\/kuken.alfadyser.dev\/producto\/robot-batidora-amasadora-250w-kuken\/"},"modified":"2025-07-31T08:32:51","modified_gmt":"2025-07-31T06:32:51","slug":"kuken-250w-robotmixer-kneedmachine","status":"publish","type":"product","link":"https:\/\/kuken.alfadyser.dev\/nl\/product\/kuken-250w-robotmixer-kneedmachine\/","title":{"rendered":"ROBOT DEEGMIXER 250W K\u00dcKEN"},"content":{"rendered":"<p>ROBOT DEEGMIXER 250W K\u00dcKEN<\/p>\n<ul>\n<li data-start=\"545\" data-end=\"620\">\n<p data-start=\"547\" data-end=\"620\">Motor de 250W: ideal para amasar, batir y mezclar sin esfuerzo.<\/p>\n<\/li>\n<li data-start=\"621\" data-end=\"692\">\n<p data-start=\"623\" data-end=\"692\">3 velocidades + TURBO: adapta la potencia seg\u00fan la preparaci\u00f3n.<\/p>\n<\/li>\n<li data-start=\"693\" data-end=\"765\">\n<p data-start=\"695\" data-end=\"765\">Bol giratorio de acero inoxidable: mezcla homog\u00e9nea y constante.<\/p>\n<\/li>\n<li data-start=\"766\" data-end=\"844\">\n<p data-start=\"768\" data-end=\"844\">Cabeza pivotante: facilita el acceso al bol y el cambio de accesorios.<\/p>\n<\/li>\n<li data-start=\"845\" data-end=\"915\">\n<p data-start=\"847\" data-end=\"915\">Varillas intercambiables: incluye batidores y mezcladores.<\/p>\n<\/li>\n<li data-start=\"916\" data-end=\"1002\">\n<p data-start=\"918\" data-end=\"1002\">Cuerpo en PC resistente: acabado en blanco con detalles en cromo satinado.<\/p>\n<\/li>\n<li data-start=\"1003\" data-end=\"1075\">\n<p data-start=\"1005\" data-end=\"1075\">Asa de sujeci\u00f3n ergon\u00f3mica: mayor control y seguridad al usarlo.<\/p>\n<\/li>\n<li data-start=\"1076\" data-end=\"1143\">\n<p data-start=\"1078\" data-end=\"1143\">F\u00e1cil limpieza: desmontaje sencillo y materiales duraderos.<\/p>\n<\/li>\n<li data-start=\"1144\" data-end=\"1208\">\n<p data-start=\"1146\" data-end=\"1208\">Garant\u00eda de 2 a\u00f1os: respaldo de calidad y confianza K\u00fcken.<\/p>\n<\/li>\n<\/ul>\n<p><div class=\"accordion\"><div class=\"mfn-acc accordion_wrapper  toggle\"><div class=\"question\"><div class=\"title\"><i class=\"icon-plus acc-icon-plus\" aria-hidden=\"true\"><\/i><i class=\"icon-minus acc-icon-minus\" aria-hidden=\"true\"><\/i>Productgegevens<\/div><div class=\"answer\">EAN: 8425160369002<\/p>\n<p>ROBOT DEEGMIXER 250W K\u00dcKEN<\/p>\n<p>Eenheden: 1<br \/>\nKleur: Wit<br \/>\nVerpakking: Gekleurde doos<br \/>\nVermogen: 250W<br \/>\nSpanning: 230V<br \/>\nMateriaal: Ja<br \/>\nAntislipvoet: Ja<br \/>\nSnelheden: 3+ Turbo<br \/>\nTurbofunctie: Ja<br \/>\nAfneembaar: Ja<br \/>\nACCESSOIRES: opklop- en kneedstaafjes<\/div><\/div>\n<\/div><\/div>\n<br \/>\n<div class=\"accordion\"><div class=\"mfn-acc accordion_wrapper  toggle\"><div class=\"question\"><div class=\"title\"><i class=\"icon-plus acc-icon-plus\" aria-hidden=\"true\"><\/i><i class=\"icon-minus acc-icon-minus\" aria-hidden=\"true\"><\/i>Accessoires<\/div><div class=\"answer\">garde en kneedkloppers<\/div><\/div>\n<\/div><\/div>\n<\/p>\n<div class=\"descargas-producto\"><a href=\"\/wp-content\/uploads\/pdf\/8425160369002_ficha_tecnica.pdf\" target=\"_blank\" rel=\"noopener noreferrer\"><img loading=\"lazy\" decoding=\"async\" src=\"\/wp-content\/uploads\/2019\/12\/picto-descarrega.png\" alt=\"gegevensblad downloaden\" width=\"23\" height=\"16\" \/> <\/a><a href=\"https:\/\/kuken.alfadyser.dev\/wp-content\/uploads\/8425160369002_ficha_tecnica_2.pdf\">Blad downloaden<\/a><\/div>\n<div class=\"descargas-producto\">\n<p><a href=\"\/wp-content\/uploads\/pdf\/8425160369002_ficha_tecnica.pdf\" target=\"_blank\" rel=\"noopener noreferrer\"><img loading=\"lazy\" decoding=\"async\" src=\"\/wp-content\/uploads\/2019\/12\/picto-descarrega.png\" alt=\"gegevensblad downloaden\" width=\"23\" height=\"16\" \/><\/a>\u00a0<a href=\"https:\/\/kuken.alfadyser.dev\/wp-content\/uploads\/36900_instrucciones.pdf\">Handleiding downloaden<\/a><\/p>\n<\/div>\n<div><\/div>\n<div><span style=\"color: #bf2121;\">Volg ons op sociale media!<\/span><\/div>\n<div><a href=\"https:\/\/www.instagram.com\/kuken_appliances\/\">https:\/\/www.instagram.com\/kuken_appliances\/<\/a><\/div>\n<p><iframe loading=\"lazy\" title=\"K\u00fcken vintage mixer 400w\" width=\"560\" height=\"315\" src=\"https:\/\/www.youtube.com\/embed\/-5XeKguT-Os?feature=oembed\" frameborder=\"0\" allow=\"accelerometer; autoplay; clipboard-write; encrypted-media; gyroscope; picture-in-picture; web-share\" referrerpolicy=\"strict-origin-when-cross-origin\" allowfullscreen><\/iframe><\/p>","protected":false},"excerpt":{"rendered":"<p data-start=\"359\" data-end=\"507\">Dise\u00f1ado para facilitar tus recetas favoritas, este robot combina potencia, comodidad y precisi\u00f3n en un equipo compacto, resistente y f\u00e1cil de usar.<\/p>","protected":false},"featured_media":5856,"template":"","meta":[],"product_brand":[],"product_cat":[206],"product_tag":[],"class_list":{"0":"post-6226","1":"product","2":"type-product","3":"status-publish","4":"has-post-thumbnail","6":"product_cat-batidoras","7":"pa_tipo-batidora-amasadora","9":"first","10":"instock","11":"product-type-simple"},"yoast_head":"<!-- This site is optimized with the Yoast SEO Premium plugin v24.0 (Yoast SEO v26.5) - https:\/\/yoast.com\/wordpress\/plugins\/seo\/ -->\n<title>ROBOT BATIDOR AMASADOR 250W K\u00dcKEN - K\u00fcken<\/title>\n<meta name=\"description\" content=\"Robot batidor y amasador kuken de 250W de potencia. Prepara en poco tiempo cualquier tipo de mezcla o masa. Entra y mira todas sus caracter\u00edsticas.\" \/>\n<meta name=\"robots\" content=\"noindex, follow, max-snippet:-1, max-image-preview:large, max-video-preview:-1\" \/>\n<meta property=\"og:locale\" content=\"nl_NL\" \/>\n<meta property=\"og:type\" content=\"article\" \/>\n<meta property=\"og:title\" content=\"ROBOT BATIDOR AMASADOR 250W K\u00dcKEN\" \/>\n<meta property=\"og:description\" content=\"Robot batidor y amasador kuken de 250W de potencia. Prepara en poco tiempo cualquier tipo de mezcla o masa. Entra y mira todas sus caracter\u00edsticas.\" \/>\n<meta property=\"og:url\" content=\"https:\/\/kuken.alfadyser.dev\/nl\/product\/kuken-250w-robotmixer-kneedmachine\/\" \/>\n<meta property=\"og:site_name\" content=\"K\u00fcken\" \/>\n<meta property=\"article:publisher\" content=\"https:\/\/es-es.facebook.com\/alfadyser\/\" \/>\n<meta property=\"article:modified_time\" content=\"2025-07-31T06:32:51+00:00\" \/>\n<meta property=\"og:image\" content=\"https:\/\/kuken.alfadyser.dev\/wp-content\/uploads\/productos\/8425160369002_01.jpg\" \/>\n\t<meta property=\"og:image:width\" content=\"400\" \/>\n\t<meta property=\"og:image:height\" content=\"400\" \/>\n\t<meta property=\"og:image:type\" content=\"image\/jpeg\" \/>\n<meta name=\"twitter:card\" content=\"summary_large_image\" \/>\n<meta name=\"twitter:label1\" content=\"Prijs\" \/>\n\t<meta name=\"twitter:data1\" content=\"\" \/>\n\t<meta name=\"twitter:label2\" content=\"Beschikbaarheid\" \/>\n\t<meta name=\"twitter:data2\" content=\"Op voorraad\" \/>\n<script type=\"application\/ld+json\" class=\"yoast-schema-graph\">{\"@context\":\"https:\/\/schema.org\",\"@graph\":[{\"@type\":\"WebPage\",\"@id\":\"https:\/\/kuken.alfadyser.dev\/producto\/robot-batidor-amasador-250w-kuken\/\",\"url\":\"https:\/\/kuken.alfadyser.dev\/producto\/robot-batidor-amasador-250w-kuken\/\",\"name\":\"ROBOT BATIDOR AMASADOR 250W K\u00dcKEN - K\u00fcken\",\"isPartOf\":{\"@id\":\"https:\/\/kuken.alfadyser.dev\/#website\"},\"primaryImageOfPage\":{\"@id\":\"https:\/\/kuken.alfadyser.dev\/producto\/robot-batidor-amasador-250w-kuken\/#primaryimage\"},\"image\":{\"@id\":\"https:\/\/kuken.alfadyser.dev\/producto\/robot-batidor-amasador-250w-kuken\/#primaryimage\"},\"thumbnailUrl\":\"https:\/\/kuken.alfadyser.dev\/wp-content\/uploads\/productos\/8425160369002_01.jpg\",\"datePublished\":\"2020-10-27T12:42:39+00:00\",\"dateModified\":\"2025-07-31T06:32:51+00:00\",\"description\":\"Robot batidor y amasador kuken de 250W de potencia. Prepara en poco tiempo cualquier tipo de mezcla o masa. Entra y mira todas sus caracter\u00edsticas.\",\"breadcrumb\":{\"@id\":\"https:\/\/kuken.alfadyser.dev\/producto\/robot-batidor-amasador-250w-kuken\/#breadcrumb\"},\"inLanguage\":\"nl-NL\",\"potentialAction\":[{\"@type\":\"ReadAction\",\"target\":[\"https:\/\/kuken.alfadyser.dev\/producto\/robot-batidor-amasador-250w-kuken\/\"]}]},{\"@type\":\"ImageObject\",\"inLanguage\":\"nl-NL\",\"@id\":\"https:\/\/kuken.alfadyser.dev\/producto\/robot-batidor-amasador-250w-kuken\/#primaryimage\",\"url\":\"https:\/\/kuken.alfadyser.dev\/wp-content\/uploads\/productos\/8425160369002_01.jpg\",\"contentUrl\":\"https:\/\/kuken.alfadyser.dev\/wp-content\/uploads\/productos\/8425160369002_01.jpg\",\"width\":400,\"height\":400,\"caption\":\"Robot batidor amasador con doble varilla y bol inoxidable\"},{\"@type\":\"BreadcrumbList\",\"@id\":\"https:\/\/kuken.alfadyser.dev\/producto\/robot-batidor-amasador-250w-kuken\/#breadcrumb\",\"itemListElement\":[{\"@type\":\"ListItem\",\"position\":1,\"name\":\"Portada\",\"item\":\"https:\/\/kuken.alfadyser.dev\/\"},{\"@type\":\"ListItem\",\"position\":2,\"name\":\"Productos\",\"item\":\"https:\/\/kuken.alfadyser.dev\/productos\/\"},{\"@type\":\"ListItem\",\"position\":3,\"name\":\"ROBOT BATIDOR AMASADOR 250W K\u00dcKEN\"}]},{\"@type\":\"WebSite\",\"@id\":\"https:\/\/kuken.alfadyser.dev\/#website\",\"url\":\"https:\/\/kuken.alfadyser.dev\/\",\"name\":\"K\u00fcken\",\"description\":\"Amplia gama de peque\u00f1o electrodom\u00e9stico k\u00fcken\",\"publisher\":{\"@id\":\"https:\/\/kuken.alfadyser.dev\/#organization\"},\"potentialAction\":[{\"@type\":\"SearchAction\",\"target\":{\"@type\":\"EntryPoint\",\"urlTemplate\":\"https:\/\/kuken.alfadyser.dev\/?s={search_term_string}\"},\"query-input\":{\"@type\":\"PropertyValueSpecification\",\"valueRequired\":true,\"valueName\":\"search_term_string\"}}],\"inLanguage\":\"nl-NL\"},{\"@type\":\"Organization\",\"@id\":\"https:\/\/kuken.alfadyser.dev\/#organization\",\"name\":\"Alfa Dyser\",\"url\":\"https:\/\/kuken.alfadyser.dev\/\",\"logo\":{\"@type\":\"ImageObject\",\"inLanguage\":\"nl-NL\",\"@id\":\"https:\/\/kuken.alfadyser.dev\/#\/schema\/logo\/image\/\",\"url\":\"https:\/\/kuken.alfadyser.dev\/wp-content\/uploads\/2019\/04\/kuken-logo.png\",\"contentUrl\":\"https:\/\/kuken.alfadyser.dev\/wp-content\/uploads\/2019\/04\/kuken-logo.png\",\"width\":500,\"height\":191,\"caption\":\"Alfa Dyser\"},\"image\":{\"@id\":\"https:\/\/kuken.alfadyser.dev\/#\/schema\/logo\/image\/\"},\"sameAs\":[\"https:\/\/es-es.facebook.com\/alfadyser\/\",\"https:\/\/www.instagram.com\/kuken_appliances\/\"]}]}<\/script>\n<meta property=\"product:price:currency\" content=\"EUR\" \/>\n<meta property=\"og:availability\" content=\"instock\" \/>\n<meta property=\"product:availability\" content=\"instock\" \/>\n<meta property=\"product:retailer_item_id\" content=\"36900\" \/>\n<meta property=\"product:condition\" content=\"new\" \/>\n<!-- \/ Yoast SEO Premium plugin. -->","yoast_head_json":{"title":"ROBOT DEEGMIXER 250W K\u00dcKEN - K\u00fcken","description":"Kukenmenger en deegmixer met 250W vermogen. Bereid elk type mengsel of deeg in korte tijd. Ga naar binnen en bekijk alle functies.","robots":{"index":"noindex","follow":"follow","max-snippet":"max-snippet:-1","max-image-preview":"max-image-preview:large","max-video-preview":"max-video-preview:-1"},"og_locale":"nl_NL","og_type":"article","og_title":"ROBOT BATIDOR AMASADOR 250W K\u00dcKEN","og_description":"Robot batidor y amasador kuken de 250W de potencia. Prepara en poco tiempo cualquier tipo de mezcla o masa. Entra y mira todas sus caracter\u00edsticas.","og_url":"https:\/\/kuken.alfadyser.dev\/nl\/product\/kuken-250w-robotmixer-kneedmachine\/","og_site_name":"K\u00fcken","article_publisher":"https:\/\/es-es.facebook.com\/alfadyser\/","article_modified_time":"2025-07-31T06:32:51+00:00","og_image":[{"width":400,"height":400,"url":"https:\/\/kuken.alfadyser.dev\/wp-content\/uploads\/productos\/8425160369002_01.jpg","type":"image\/jpeg"}],"twitter_card":"summary_large_image","twitter_misc":{"Prijs":"","Beschikbaarheid":"Op voorraad"},"schema":{"@context":"https:\/\/schema.org","@graph":[{"@type":"WebPage","@id":"https:\/\/kuken.alfadyser.dev\/producto\/robot-batidor-amasador-250w-kuken\/","url":"https:\/\/kuken.alfadyser.dev\/producto\/robot-batidor-amasador-250w-kuken\/","name":"ROBOT DEEGMIXER 250W K\u00dcKEN - K\u00fcken","isPartOf":{"@id":"https:\/\/kuken.alfadyser.dev\/#website"},"primaryImageOfPage":{"@id":"https:\/\/kuken.alfadyser.dev\/producto\/robot-batidor-amasador-250w-kuken\/#primaryimage"},"image":{"@id":"https:\/\/kuken.alfadyser.dev\/producto\/robot-batidor-amasador-250w-kuken\/#primaryimage"},"thumbnailUrl":"https:\/\/kuken.alfadyser.dev\/wp-content\/uploads\/productos\/8425160369002_01.jpg","datePublished":"2020-10-27T12:42:39+00:00","dateModified":"2025-07-31T06:32:51+00:00","description":"Kukenmenger en deegmixer met 250W vermogen. Bereid elk type mengsel of deeg in korte tijd. Ga naar binnen en bekijk alle functies.","breadcrumb":{"@id":"https:\/\/kuken.alfadyser.dev\/producto\/robot-batidor-amasador-250w-kuken\/#breadcrumb"},"inLanguage":"nl-NL","potentialAction":[{"@type":"ReadAction","target":["https:\/\/kuken.alfadyser.dev\/producto\/robot-batidor-amasador-250w-kuken\/"]}]},{"@type":"ImageObject","inLanguage":"nl-NL","@id":"https:\/\/kuken.alfadyser.dev\/producto\/robot-batidor-amasador-250w-kuken\/#primaryimage","url":"https:\/\/kuken.alfadyser.dev\/wp-content\/uploads\/productos\/8425160369002_01.jpg","contentUrl":"https:\/\/kuken.alfadyser.dev\/wp-content\/uploads\/productos\/8425160369002_01.jpg","width":400,"height":400,"caption":"Robot batidor amasador con doble varilla y bol inoxidable"},{"@type":"BreadcrumbList","@id":"https:\/\/kuken.alfadyser.dev\/producto\/robot-batidor-amasador-250w-kuken\/#breadcrumb","itemListElement":[{"@type":"ListItem","position":1,"name":"Portada","item":"https:\/\/kuken.alfadyser.dev\/"},{"@type":"ListItem","position":2,"name":"Productos","item":"https:\/\/kuken.alfadyser.dev\/productos\/"},{"@type":"ListItem","position":3,"name":"ROBOT BATIDOR AMASADOR 250W K\u00dcKEN"}]},{"@type":"WebSite","@id":"https:\/\/kuken.alfadyser.dev\/#website","url":"https:\/\/kuken.alfadyser.dev\/","name":"K\u00fcken","description":"Uitgebreid assortiment kleine huishoudelijke apparaten van k\u00fcken","publisher":{"@id":"https:\/\/kuken.alfadyser.dev\/#organization"},"potentialAction":[{"@type":"SearchAction","target":{"@type":"EntryPoint","urlTemplate":"https:\/\/kuken.alfadyser.dev\/?s={search_term_string}"},"query-input":{"@type":"PropertyValueSpecification","valueRequired":true,"valueName":"search_term_string"}}],"inLanguage":"nl-NL"},{"@type":"Organization","@id":"https:\/\/kuken.alfadyser.dev\/#organization","name":"Alpha Dyser","url":"https:\/\/kuken.alfadyser.dev\/","logo":{"@type":"ImageObject","inLanguage":"nl-NL","@id":"https:\/\/kuken.alfadyser.dev\/#\/schema\/logo\/image\/","url":"https:\/\/kuken.alfadyser.dev\/wp-content\/uploads\/2019\/04\/kuken-logo.png","contentUrl":"https:\/\/kuken.alfadyser.dev\/wp-content\/uploads\/2019\/04\/kuken-logo.png","width":500,"height":191,"caption":"Alfa Dyser"},"image":{"@id":"https:\/\/kuken.alfadyser.dev\/#\/schema\/logo\/image\/"},"sameAs":["https:\/\/es-es.facebook.com\/alfadyser\/","https:\/\/www.instagram.com\/kuken_appliances\/"]}]},"product_price_currency":"EUR","og_availability":"instock","product_availability":"instock","product_retailer_item_id":"36900","product_condition":"new"},"_links":{"self":[{"href":"https:\/\/kuken.alfadyser.dev\/nl\/wp-json\/wp\/v2\/product\/6226","targetHints":{"allow":["GET"]}}],"collection":[{"href":"https:\/\/kuken.alfadyser.dev\/nl\/wp-json\/wp\/v2\/product"}],"about":[{"href":"https:\/\/kuken.alfadyser.dev\/nl\/wp-json\/wp\/v2\/types\/product"}],"wp:featuredmedia":[{"embeddable":true,"href":"https:\/\/kuken.alfadyser.dev\/nl\/wp-json\/wp\/v2\/media\/5856"}],"wp:attachment":[{"href":"https:\/\/kuken.alfadyser.dev\/nl\/wp-json\/wp\/v2\/media?parent=6226"}],"wp:term":[{"taxonomy":"product_brand","embeddable":true,"href":"https:\/\/kuken.alfadyser.dev\/nl\/wp-json\/wp\/v2\/product_brand?post=6226"},{"taxonomy":"product_cat","embeddable":true,"href":"https:\/\/kuken.alfadyser.dev\/nl\/wp-json\/wp\/v2\/product_cat?post=6226"},{"taxonomy":"product_tag","embeddable":true,"href":"https:\/\/kuken.alfadyser.dev\/nl\/wp-json\/wp\/v2\/product_tag?post=6226"}],"curies":[{"name":"wp","href":"https:\/\/api.w.org\/{rel}","templated":true}]}}