{"id":6206,"date":"2020-10-27T13:42:31","date_gmt":"2020-10-27T12:42:31","guid":{"rendered":"https:\/\/kuken.alfadyser.dev\/producto\/envasadora-vacio-1300w-kuken\/"},"modified":"2025-07-28T11:45:18","modified_gmt":"2025-07-28T09:45:18","slug":"envasadora-al-vacio-130w-kuken-con-bolsas","status":"publish","type":"product","link":"https:\/\/kuken.alfadyser.dev\/nl\/product\/envasadora-al-vacio-130w-kuken-con-bolsas\/","title":{"rendered":"VACU\u00dcMVERPAKKINGSMACHINE 130W K\u00dcKEN MET ZAKKEN"},"content":{"rendered":"<p>VACU\u00dcMVERPAKKINGSMACHINE 130W K\u00dcKEN MET ZAKKEN<\/p>\n<ul data-start=\"680\" data-end=\"1335\">\n<li class=\"\" data-start=\"680\" data-end=\"747\">\n<p class=\"\" data-start=\"682\" data-end=\"747\">Potencia de 130W y acabado en pl\u00e1stico blanco elegante.<\/p>\n<\/li>\n<li class=\"\" data-start=\"748\" data-end=\"823\">\n<p class=\"\" data-start=\"750\" data-end=\"823\">3 funciones: vac\u00edo autom\u00e1tico, vac\u00edo manual (pulse) y solo sellado.<\/p>\n<\/li>\n<li class=\"\" data-start=\"824\" data-end=\"886\">\n<p class=\"\" data-start=\"826\" data-end=\"886\">Funci\u00f3n \u201ch\u00famedo\u201d para alimentos con salsas o l\u00edquidos.<\/p>\n<\/li>\n<li class=\"\" data-start=\"887\" data-end=\"941\">\n<p class=\"\" data-start=\"889\" data-end=\"941\">Sellado t\u00e9rmico, con o sin extracci\u00f3n de aire.<\/p>\n<\/li>\n<li class=\"\" data-start=\"942\" data-end=\"1010\">\n<p class=\"\" data-start=\"944\" data-end=\"1010\">Pulsador \u201cSTOP\u201d para detener cualquier proceso de inmediato.<\/p>\n<\/li>\n<li class=\"\" data-start=\"1011\" data-end=\"1079\">\n<p class=\"\" data-start=\"1013\" data-end=\"1079\">Accesorio para vaciado de botes incluido (bote no incluido).<\/p>\n<\/li>\n<li class=\"\" data-start=\"1080\" data-end=\"1145\">\n<p class=\"\" data-start=\"1082\" data-end=\"1145\">Patas antideslizantes para una mayor estabilidad al usar.<\/p>\n<\/li>\n<li class=\"\" data-start=\"1146\" data-end=\"1210\">\n<p class=\"\" data-start=\"1148\" data-end=\"1210\">Ideal para carne, pescado, frutas, verduras y legumbres.<\/p>\n<\/li>\n<li class=\"\" data-start=\"1211\" data-end=\"1272\">\n<p class=\"\" data-start=\"1213\" data-end=\"1272\">Incluye 10 bolsas: 5 de 200\u00d7250 mm y 5 de 120\u00d7200 mm.<\/p>\n<\/li>\n<li class=\"\" data-start=\"1273\" data-end=\"1335\">\n<p class=\"\" data-start=\"1275\" data-end=\"1335\">Conserva alimentos de forma pr\u00e1ctica, higi\u00e9nica y eficiente.<\/p>\n<\/li>\n<\/ul>\n<p><div class=\"accordion\"><div class=\"mfn-acc accordion_wrapper  toggle\"><div class=\"question\"><div class=\"title\"><i class=\"icon-plus acc-icon-plus\" aria-hidden=\"true\"><\/i><i class=\"icon-minus acc-icon-minus\" aria-hidden=\"true\"><\/i>Productgegevens<\/div><div class=\"answer\">EAN: 8425160340971<\/p>\n<p>VACU\u00dcMVERPAKKINGSMACHINE 130W K\u00dcKEN MET ZAKKEN<\/p>\n<p>Eenheden: 1<br \/>\nKleur: Wit<br \/>\nVerpakking: Gekleurde doos<br \/>\nPotencia: 130 W<br \/>\nSpanning: 230 V<br \/>\nTama\u00f1o: 375x150x65 mm<br \/>\nAntislipvoet: Ja<br \/>\nPeso: 1,028 kg<\/div><\/div>\n<\/div><\/div>\n<br \/>\n<div class=\"accordion\"><div class=\"mfn-acc accordion_wrapper  toggle\"><div class=\"question\"><div class=\"title\"><i class=\"icon-plus acc-icon-plus\" aria-hidden=\"true\"><\/i><i class=\"icon-minus acc-icon-minus\" aria-hidden=\"true\"><\/i>Accessoires<\/div><div class=\"answer\"><\/div><\/div>\n<\/div><\/div>\n<\/p>\n<div class=\"descargas-producto\"><a href=\"https:\/\/kuken.alfadyser.dev\/wp-content\/uploads\/8425160340971_ficha_tecnica-1.pdf\" target=\"_blank\" rel=\"noopener noreferrer\"><br \/>\n<img loading=\"lazy\" decoding=\"async\" src=\"\/wp-content\/uploads\/2019\/12\/picto-descarrega.png\" alt=\"gegevensblad downloaden\" width=\"23\" height=\"16\" \/>Blad downloaden<\/a><a href=\"\/wp-content\/uploads\/pdf\/34097_instrucciones.pdf\" target=\"_blank\" rel=\"noopener noreferrer\"><br \/>\n<img loading=\"lazy\" decoding=\"async\" src=\"\/wp-content\/uploads\/2019\/12\/picto-descarrega.png\" alt=\"handleiding downloaden\" width=\"23\" height=\"16\" \/>Handleiding downloaden<\/a><\/div>\n<div><\/div>\n<div><span style=\"color: #bf2121\">Volg ons op sociale media!<\/span><\/div>\n<div><a href=\"https:\/\/www.instagram.com\/kuken_appliances\/\">https:\/\/www.instagram.com\/kuken_appliances\/<\/a><\/div>","protected":false},"excerpt":{"rendered":"<p class=\"\" data-start=\"452\" data-end=\"603\">Conserva alimentos frescos por m\u00e1s tiempo con esta envasadora compacta y eficaz. Ideal para carne, pescado y verduras. Incluye bolsas y accesorio \u00fatil.<\/p>","protected":false},"featured_media":5806,"template":"","meta":[],"product_brand":[],"product_cat":[234],"product_tag":[],"class_list":{"0":"post-6206","1":"product","2":"type-product","3":"status-publish","4":"has-post-thumbnail","6":"product_cat-envasadoras","8":"first","9":"instock","10":"product-type-simple"},"yoast_head":"<!-- This site is optimized with the Yoast SEO Premium plugin v24.0 (Yoast SEO v26.5) - https:\/\/yoast.com\/wordpress\/plugins\/seo\/ -->\n<title>ENVASADORA AL VAC\u00cdO 130W K\u00dcKEN CON BOLSAS - K\u00fcken<\/title>\n<meta name=\"description\" content=\"Envasadora al vac\u00edo f\u00e1cil de usar y con sellado perfecto. Conserva los alimentos m\u00e1s tiempo y sin sabores ni olores de otros alimentos. Desc\u00fabrela.\" \/>\n<meta name=\"robots\" content=\"noindex, follow, max-snippet:-1, max-image-preview:large, max-video-preview:-1\" \/>\n<meta property=\"og:locale\" content=\"nl_NL\" \/>\n<meta property=\"og:type\" content=\"article\" \/>\n<meta property=\"og:title\" content=\"ENVASADORA AL VAC\u00cdO 130W K\u00dcKEN CON BOLSAS\" \/>\n<meta property=\"og:description\" content=\"Envasadora al vac\u00edo f\u00e1cil de usar y con sellado perfecto. Conserva los alimentos m\u00e1s tiempo y sin sabores ni olores de otros alimentos. Desc\u00fabrela.\" \/>\n<meta property=\"og:url\" content=\"https:\/\/kuken.alfadyser.dev\/nl\/product\/envasadora-al-vacio-130w-kuken-con-bolsas\/\" \/>\n<meta property=\"og:site_name\" content=\"K\u00fcken\" \/>\n<meta property=\"article:publisher\" content=\"https:\/\/es-es.facebook.com\/alfadyser\/\" \/>\n<meta property=\"article:modified_time\" content=\"2025-07-28T09:45:18+00:00\" \/>\n<meta property=\"og:image\" content=\"https:\/\/kuken.alfadyser.dev\/wp-content\/uploads\/productos\/8425160340971_01.jpg\" \/>\n\t<meta property=\"og:image:width\" content=\"2000\" \/>\n\t<meta property=\"og:image:height\" content=\"2000\" \/>\n\t<meta property=\"og:image:type\" content=\"image\/jpeg\" \/>\n<meta name=\"twitter:card\" content=\"summary_large_image\" \/>\n<meta name=\"twitter:label1\" content=\"Prijs\" \/>\n\t<meta name=\"twitter:data1\" content=\"\" \/>\n\t<meta name=\"twitter:label2\" content=\"Beschikbaarheid\" \/>\n\t<meta name=\"twitter:data2\" content=\"Op voorraad\" \/>\n<script type=\"application\/ld+json\" class=\"yoast-schema-graph\">{\"@context\":\"https:\/\/schema.org\",\"@graph\":[{\"@type\":\"WebPage\",\"@id\":\"https:\/\/kuken.alfadyser.dev\/producto\/envasadora-al-vacio-130w-kuken-con-bolsas\/\",\"url\":\"https:\/\/kuken.alfadyser.dev\/producto\/envasadora-al-vacio-130w-kuken-con-bolsas\/\",\"name\":\"ENVASADORA AL VAC\u00cdO 130W K\u00dcKEN CON BOLSAS - K\u00fcken\",\"isPartOf\":{\"@id\":\"https:\/\/kuken.alfadyser.dev\/#website\"},\"primaryImageOfPage\":{\"@id\":\"https:\/\/kuken.alfadyser.dev\/producto\/envasadora-al-vacio-130w-kuken-con-bolsas\/#primaryimage\"},\"image\":{\"@id\":\"https:\/\/kuken.alfadyser.dev\/producto\/envasadora-al-vacio-130w-kuken-con-bolsas\/#primaryimage\"},\"thumbnailUrl\":\"https:\/\/kuken.alfadyser.dev\/wp-content\/uploads\/productos\/8425160340971_01.jpg\",\"datePublished\":\"2020-10-27T12:42:31+00:00\",\"dateModified\":\"2025-07-28T09:45:18+00:00\",\"description\":\"Envasadora al vac\u00edo f\u00e1cil de usar y con sellado perfecto. Conserva los alimentos m\u00e1s tiempo y sin sabores ni olores de otros alimentos. Desc\u00fabrela.\",\"breadcrumb\":{\"@id\":\"https:\/\/kuken.alfadyser.dev\/producto\/envasadora-al-vacio-130w-kuken-con-bolsas\/#breadcrumb\"},\"inLanguage\":\"nl-NL\",\"potentialAction\":[{\"@type\":\"ReadAction\",\"target\":[\"https:\/\/kuken.alfadyser.dev\/producto\/envasadora-al-vacio-130w-kuken-con-bolsas\/\"]}]},{\"@type\":\"ImageObject\",\"inLanguage\":\"nl-NL\",\"@id\":\"https:\/\/kuken.alfadyser.dev\/producto\/envasadora-al-vacio-130w-kuken-con-bolsas\/#primaryimage\",\"url\":\"https:\/\/kuken.alfadyser.dev\/wp-content\/uploads\/productos\/8425160340971_01.jpg\",\"contentUrl\":\"https:\/\/kuken.alfadyser.dev\/wp-content\/uploads\/productos\/8425160340971_01.jpg\",\"width\":2000,\"height\":2000,\"caption\":\"Envasadora al vac\u00edo k\u00fcken de dise\u00f1o compacto y f\u00e1cil de usar\"},{\"@type\":\"BreadcrumbList\",\"@id\":\"https:\/\/kuken.alfadyser.dev\/producto\/envasadora-al-vacio-130w-kuken-con-bolsas\/#breadcrumb\",\"itemListElement\":[{\"@type\":\"ListItem\",\"position\":1,\"name\":\"Portada\",\"item\":\"https:\/\/kuken.alfadyser.dev\/\"},{\"@type\":\"ListItem\",\"position\":2,\"name\":\"Productos\",\"item\":\"https:\/\/kuken.alfadyser.dev\/productos\/\"},{\"@type\":\"ListItem\",\"position\":3,\"name\":\"ENVASADORA AL VAC\u00cdO 130W K\u00dcKEN CON BOLSAS\"}]},{\"@type\":\"WebSite\",\"@id\":\"https:\/\/kuken.alfadyser.dev\/#website\",\"url\":\"https:\/\/kuken.alfadyser.dev\/\",\"name\":\"K\u00fcken\",\"description\":\"Amplia gama de peque\u00f1o electrodom\u00e9stico k\u00fcken\",\"publisher\":{\"@id\":\"https:\/\/kuken.alfadyser.dev\/#organization\"},\"potentialAction\":[{\"@type\":\"SearchAction\",\"target\":{\"@type\":\"EntryPoint\",\"urlTemplate\":\"https:\/\/kuken.alfadyser.dev\/?s={search_term_string}\"},\"query-input\":{\"@type\":\"PropertyValueSpecification\",\"valueRequired\":true,\"valueName\":\"search_term_string\"}}],\"inLanguage\":\"nl-NL\"},{\"@type\":\"Organization\",\"@id\":\"https:\/\/kuken.alfadyser.dev\/#organization\",\"name\":\"Alfa Dyser\",\"url\":\"https:\/\/kuken.alfadyser.dev\/\",\"logo\":{\"@type\":\"ImageObject\",\"inLanguage\":\"nl-NL\",\"@id\":\"https:\/\/kuken.alfadyser.dev\/#\/schema\/logo\/image\/\",\"url\":\"https:\/\/kuken.alfadyser.dev\/wp-content\/uploads\/2019\/04\/kuken-logo.png\",\"contentUrl\":\"https:\/\/kuken.alfadyser.dev\/wp-content\/uploads\/2019\/04\/kuken-logo.png\",\"width\":500,\"height\":191,\"caption\":\"Alfa Dyser\"},\"image\":{\"@id\":\"https:\/\/kuken.alfadyser.dev\/#\/schema\/logo\/image\/\"},\"sameAs\":[\"https:\/\/es-es.facebook.com\/alfadyser\/\",\"https:\/\/www.instagram.com\/kuken_appliances\/\"]}]}<\/script>\n<meta property=\"product:price:currency\" content=\"EUR\" \/>\n<meta property=\"og:availability\" content=\"instock\" \/>\n<meta property=\"product:availability\" content=\"instock\" \/>\n<meta property=\"product:retailer_item_id\" content=\"34097\" \/>\n<meta property=\"product:condition\" content=\"new\" \/>\n<!-- \/ Yoast SEO Premium plugin. -->","yoast_head_json":{"title":"ENVASADORA AL VAC\u00cdO 130W K\u00dcKEN CON BOLSAS - K\u00fcken","description":"Envasadora al vac\u00edo f\u00e1cil de usar y con sellado perfecto. Conserva los alimentos m\u00e1s tiempo y sin sabores ni olores de otros alimentos. Desc\u00fabrela.","robots":{"index":"noindex","follow":"follow","max-snippet":"max-snippet:-1","max-image-preview":"max-image-preview:large","max-video-preview":"max-video-preview:-1"},"og_locale":"nl_NL","og_type":"article","og_title":"ENVASADORA AL VAC\u00cdO 130W K\u00dcKEN CON BOLSAS","og_description":"Envasadora al vac\u00edo f\u00e1cil de usar y con sellado perfecto. Conserva los alimentos m\u00e1s tiempo y sin sabores ni olores de otros alimentos. Desc\u00fabrela.","og_url":"https:\/\/kuken.alfadyser.dev\/nl\/product\/envasadora-al-vacio-130w-kuken-con-bolsas\/","og_site_name":"K\u00fcken","article_publisher":"https:\/\/es-es.facebook.com\/alfadyser\/","article_modified_time":"2025-07-28T09:45:18+00:00","og_image":[{"width":2000,"height":2000,"url":"https:\/\/kuken.alfadyser.dev\/wp-content\/uploads\/productos\/8425160340971_01.jpg","type":"image\/jpeg"}],"twitter_card":"summary_large_image","twitter_misc":{"Prijs":"","Beschikbaarheid":"Op voorraad"},"schema":{"@context":"https:\/\/schema.org","@graph":[{"@type":"WebPage","@id":"https:\/\/kuken.alfadyser.dev\/producto\/envasadora-al-vacio-130w-kuken-con-bolsas\/","url":"https:\/\/kuken.alfadyser.dev\/producto\/envasadora-al-vacio-130w-kuken-con-bolsas\/","name":"ENVASADORA AL VAC\u00cdO 130W K\u00dcKEN CON BOLSAS - K\u00fcken","isPartOf":{"@id":"https:\/\/kuken.alfadyser.dev\/#website"},"primaryImageOfPage":{"@id":"https:\/\/kuken.alfadyser.dev\/producto\/envasadora-al-vacio-130w-kuken-con-bolsas\/#primaryimage"},"image":{"@id":"https:\/\/kuken.alfadyser.dev\/producto\/envasadora-al-vacio-130w-kuken-con-bolsas\/#primaryimage"},"thumbnailUrl":"https:\/\/kuken.alfadyser.dev\/wp-content\/uploads\/productos\/8425160340971_01.jpg","datePublished":"2020-10-27T12:42:31+00:00","dateModified":"2025-07-28T09:45:18+00:00","description":"Envasadora al vac\u00edo f\u00e1cil de usar y con sellado perfecto. Conserva los alimentos m\u00e1s tiempo y sin sabores ni olores de otros alimentos. Desc\u00fabrela.","breadcrumb":{"@id":"https:\/\/kuken.alfadyser.dev\/producto\/envasadora-al-vacio-130w-kuken-con-bolsas\/#breadcrumb"},"inLanguage":"nl-NL","potentialAction":[{"@type":"ReadAction","target":["https:\/\/kuken.alfadyser.dev\/producto\/envasadora-al-vacio-130w-kuken-con-bolsas\/"]}]},{"@type":"ImageObject","inLanguage":"nl-NL","@id":"https:\/\/kuken.alfadyser.dev\/producto\/envasadora-al-vacio-130w-kuken-con-bolsas\/#primaryimage","url":"https:\/\/kuken.alfadyser.dev\/wp-content\/uploads\/productos\/8425160340971_01.jpg","contentUrl":"https:\/\/kuken.alfadyser.dev\/wp-content\/uploads\/productos\/8425160340971_01.jpg","width":2000,"height":2000,"caption":"Envasadora al vac\u00edo k\u00fcken de dise\u00f1o compacto y f\u00e1cil de usar"},{"@type":"BreadcrumbList","@id":"https:\/\/kuken.alfadyser.dev\/producto\/envasadora-al-vacio-130w-kuken-con-bolsas\/#breadcrumb","itemListElement":[{"@type":"ListItem","position":1,"name":"Portada","item":"https:\/\/kuken.alfadyser.dev\/"},{"@type":"ListItem","position":2,"name":"Productos","item":"https:\/\/kuken.alfadyser.dev\/productos\/"},{"@type":"ListItem","position":3,"name":"ENVASADORA AL VAC\u00cdO 130W K\u00dcKEN CON BOLSAS"}]},{"@type":"WebSite","@id":"https:\/\/kuken.alfadyser.dev\/#website","url":"https:\/\/kuken.alfadyser.dev\/","name":"K\u00fcken","description":"Uitgebreid assortiment kleine huishoudelijke apparaten van k\u00fcken","publisher":{"@id":"https:\/\/kuken.alfadyser.dev\/#organization"},"potentialAction":[{"@type":"SearchAction","target":{"@type":"EntryPoint","urlTemplate":"https:\/\/kuken.alfadyser.dev\/?s={search_term_string}"},"query-input":{"@type":"PropertyValueSpecification","valueRequired":true,"valueName":"search_term_string"}}],"inLanguage":"nl-NL"},{"@type":"Organization","@id":"https:\/\/kuken.alfadyser.dev\/#organization","name":"Alpha Dyser","url":"https:\/\/kuken.alfadyser.dev\/","logo":{"@type":"ImageObject","inLanguage":"nl-NL","@id":"https:\/\/kuken.alfadyser.dev\/#\/schema\/logo\/image\/","url":"https:\/\/kuken.alfadyser.dev\/wp-content\/uploads\/2019\/04\/kuken-logo.png","contentUrl":"https:\/\/kuken.alfadyser.dev\/wp-content\/uploads\/2019\/04\/kuken-logo.png","width":500,"height":191,"caption":"Alfa Dyser"},"image":{"@id":"https:\/\/kuken.alfadyser.dev\/#\/schema\/logo\/image\/"},"sameAs":["https:\/\/es-es.facebook.com\/alfadyser\/","https:\/\/www.instagram.com\/kuken_appliances\/"]}]},"product_price_currency":"EUR","og_availability":"instock","product_availability":"instock","product_retailer_item_id":"34097","product_condition":"new"},"_links":{"self":[{"href":"https:\/\/kuken.alfadyser.dev\/nl\/wp-json\/wp\/v2\/product\/6206","targetHints":{"allow":["GET"]}}],"collection":[{"href":"https:\/\/kuken.alfadyser.dev\/nl\/wp-json\/wp\/v2\/product"}],"about":[{"href":"https:\/\/kuken.alfadyser.dev\/nl\/wp-json\/wp\/v2\/types\/product"}],"wp:featuredmedia":[{"embeddable":true,"href":"https:\/\/kuken.alfadyser.dev\/nl\/wp-json\/wp\/v2\/media\/5806"}],"wp:attachment":[{"href":"https:\/\/kuken.alfadyser.dev\/nl\/wp-json\/wp\/v2\/media?parent=6206"}],"wp:term":[{"taxonomy":"product_brand","embeddable":true,"href":"https:\/\/kuken.alfadyser.dev\/nl\/wp-json\/wp\/v2\/product_brand?post=6206"},{"taxonomy":"product_cat","embeddable":true,"href":"https:\/\/kuken.alfadyser.dev\/nl\/wp-json\/wp\/v2\/product_cat?post=6206"},{"taxonomy":"product_tag","embeddable":true,"href":"https:\/\/kuken.alfadyser.dev\/nl\/wp-json\/wp\/v2\/product_tag?post=6206"}],"curies":[{"name":"wp","href":"https:\/\/api.w.org\/{rel}","templated":true}]}}