{"id":6176,"date":"2020-10-27T13:42:20","date_gmt":"2020-10-27T12:42:20","guid":{"rendered":"https:\/\/kuken.alfadyser.dev\/producto\/hervidor-agua-inoxidable-2l-kuken-vintage-1500w\/"},"modified":"2025-07-23T08:20:28","modified_gmt":"2025-07-23T06:20:28","slug":"hervidor-agua-vintage-inoxidable-2l-kuken-1500w","status":"publish","type":"product","link":"https:\/\/kuken.alfadyser.dev\/nl\/product\/hervidor-agua-vintage-inoxidable-2l-kuken-1500w\/","title":{"rendered":"VINTAGE ROESTVRIJSTALEN WATERKOKER 2L K\u00dcKEN 1500W"},"content":{"rendered":"<p>VINTAGE ROESTVRIJSTALEN WATERKOKER 2L K\u00dcKEN 1500W<\/p>\n<ul data-start=\"540\" data-end=\"1207\">\n<li data-start=\"540\" data-end=\"617\">\n<p data-start=\"542\" data-end=\"617\">Potencia de 1500W: garantiza un calentamiento r\u00e1pido y eficiente.<\/p>\n<\/li>\n<li data-start=\"618\" data-end=\"706\">\n<p data-start=\"620\" data-end=\"706\">Capacidad de 2 litros: perfecto para uso prolongado o varias tazas a la vez.<\/p>\n<\/li>\n<li data-start=\"707\" data-end=\"802\">\n<p data-start=\"709\" data-end=\"802\">Apagado autom\u00e1tico: tras alcanzar los 70\u00ba o el m\u00e1ximo de 100\u00ba para mayor seguridad.<\/p>\n<\/li>\n<li data-start=\"803\" data-end=\"898\">\n<p data-start=\"805\" data-end=\"898\">Cuerpo de acero inoxidable: con acabado verde vintage y detalles en pl\u00e1stico negro.<\/p>\n<\/li>\n<li data-start=\"899\" data-end=\"984\">\n<p data-start=\"901\" data-end=\"984\">Tapa con filtro y pulsador de apertura: facilita el llenado sin salpicaduras.<\/p>\n<\/li>\n<li data-start=\"985\" data-end=\"1056\">\n<p data-start=\"987\" data-end=\"1056\">Base independiente con recogecables: c\u00f3moda y f\u00e1cil de guardar.<\/p>\n<\/li>\n<li data-start=\"1057\" data-end=\"1143\">\n<p data-start=\"1059\" data-end=\"1143\">Asa ergon\u00f3mica con pulsador de encendido: mejora el control y la sujeci\u00f3n.<\/p>\n<\/li>\n<li data-start=\"1144\" data-end=\"1207\">\n<p data-start=\"1146\" data-end=\"1207\">Luz LED de encendido: indica el estado de funcionamiento.<\/p>\n<\/li>\n<\/ul>\n<p><div class=\"accordion\"><div class=\"mfn-acc accordion_wrapper  toggle\"><div class=\"question\"><div class=\"title\"><i class=\"icon-plus acc-icon-plus\" aria-hidden=\"true\"><\/i><i class=\"icon-minus acc-icon-minus\" aria-hidden=\"true\"><\/i>Productgegevens<\/div><div class=\"answer\">EAN: 8425160340223<\/p>\n<p>VINTAGE ROESTVRIJSTALEN WATERKOKER 2L K\u00dcKEN 1500W<\/p>\n<p>Eenheden: 1<br \/>\nKleur: Vintagegroen<br \/>\nVerpakking: Gekleurde doos<br \/>\nVermogen: 1500 W<br \/>\nSpanning: 230 V<br \/>\nCapacidad: 2 litros<br \/>\nMaterial: Acero inox \/ PC<br \/>\nPeso: 0,77 kg<\/div><\/div>\n<\/div><\/div>\n<br \/>\n<div class=\"accordion\"><div class=\"mfn-acc accordion_wrapper  toggle\"><div class=\"question\"><div class=\"title\"><i class=\"icon-plus acc-icon-plus\" aria-hidden=\"true\"><\/i><i class=\"icon-minus acc-icon-minus\" aria-hidden=\"true\"><\/i>Accessoires<\/div><div class=\"answer\"><\/div><\/div>\n<\/div><\/div>\n<\/p>\n<div class=\"descargas-producto\"><a href=\"https:\/\/kuken.alfadyser.dev\/wp-content\/uploads\/8425160340223_ficha_tecnica.pdf\" target=\"_blank\" rel=\"noopener noreferrer\"><br \/>\n<img loading=\"lazy\" decoding=\"async\" src=\"\/wp-content\/uploads\/2019\/12\/picto-descarrega.png\" alt=\"gegevensblad downloaden\" width=\"23\" height=\"16\" \/>Blad downloaden<\/a><br \/>\n<a href=\"\/wp-content\/uploads\/pdf\/34022_instrucciones.pdf\"><img loading=\"lazy\" decoding=\"async\" src=\"\/wp-content\/uploads\/2019\/12\/picto-descarrega.png\" alt=\"handleiding downloaden\" width=\"23\" height=\"16\" \/>Handleiding downloaden<\/a><\/div>\n<div><\/div>\n<div><span style=\"color: #bf2121\">Volg ons op sociale media!<\/span><\/div>\n<div><a href=\"https:\/\/www.instagram.com\/kuken_appliances\/\">https:\/\/www.instagram.com\/kuken_appliances\/<\/a><\/div>\n<p><iframe loading=\"lazy\" title=\"Hervidor agua inoxidable 2l k\u00fcken Vintage 1500w\" width=\"560\" height=\"315\" src=\"https:\/\/www.youtube.com\/embed\/dV9weFPhsm4?feature=oembed\" frameborder=\"0\" allow=\"accelerometer; autoplay; clipboard-write; encrypted-media; gyroscope; picture-in-picture; web-share\" referrerpolicy=\"strict-origin-when-cross-origin\" allowfullscreen><\/iframe><\/p>","protected":false},"excerpt":{"rendered":"<p data-start=\"369\" data-end=\"502\">Dise\u00f1o vintage y funcionalidad moderna en un hervidor de gran capacidad. Ideal para hervir agua de forma r\u00e1pida, segura y con estilo.<\/p>","protected":false},"featured_media":6321,"template":"","meta":[],"product_brand":[],"product_cat":[202],"product_tag":[],"class_list":{"0":"post-6176","1":"product","2":"type-product","3":"status-publish","4":"has-post-thumbnail","6":"product_cat-hervidores","8":"first","9":"instock","10":"product-type-simple"},"yoast_head":"<!-- This site is optimized with the Yoast SEO Premium plugin v24.0 (Yoast SEO v26.5) - https:\/\/yoast.com\/wordpress\/plugins\/seo\/ -->\n<title>HERVIDOR AGUA VINTAGE INOXIDABLE 2L K\u00dcKEN 1500W - K\u00fcken<\/title>\n<meta name=\"description\" content=\"Hervidor agua vintage inoxidable 2L K\u00fcken 1500W con apagado autom\u00e1tico, luz LED y dise\u00f1o retro. R\u00e1pido, seguro y de gran capacidad.\" \/>\n<meta name=\"robots\" content=\"noindex, follow, max-snippet:-1, max-image-preview:large, max-video-preview:-1\" \/>\n<meta property=\"og:locale\" content=\"nl_NL\" \/>\n<meta property=\"og:type\" content=\"article\" \/>\n<meta property=\"og:title\" content=\"HERVIDOR AGUA VINTAGE INOXIDABLE 2L K\u00dcKEN 1500W\" \/>\n<meta property=\"og:description\" content=\"Hervidor agua vintage inoxidable 2L K\u00fcken 1500W con apagado autom\u00e1tico, luz LED y dise\u00f1o retro. R\u00e1pido, seguro y de gran capacidad.\" \/>\n<meta property=\"og:url\" content=\"https:\/\/kuken.alfadyser.dev\/nl\/product\/hervidor-agua-vintage-inoxidable-2l-kuken-1500w\/\" \/>\n<meta property=\"og:site_name\" content=\"K\u00fcken\" \/>\n<meta property=\"article:publisher\" content=\"https:\/\/es-es.facebook.com\/alfadyser\/\" \/>\n<meta property=\"article:modified_time\" content=\"2025-07-23T06:20:28+00:00\" \/>\n<meta property=\"og:image\" content=\"https:\/\/kuken.alfadyser.dev\/wp-content\/uploads\/34022_2.jpg\" \/>\n\t<meta property=\"og:image:width\" content=\"2000\" \/>\n\t<meta property=\"og:image:height\" content=\"2000\" \/>\n\t<meta property=\"og:image:type\" content=\"image\/jpeg\" \/>\n<meta name=\"twitter:card\" content=\"summary_large_image\" \/>\n<meta name=\"twitter:label1\" content=\"Prijs\" \/>\n\t<meta name=\"twitter:data1\" content=\"\" \/>\n\t<meta name=\"twitter:label2\" content=\"Beschikbaarheid\" \/>\n\t<meta name=\"twitter:data2\" content=\"Op voorraad\" \/>\n<script type=\"application\/ld+json\" class=\"yoast-schema-graph\">{\"@context\":\"https:\/\/schema.org\",\"@graph\":[{\"@type\":\"WebPage\",\"@id\":\"https:\/\/kuken.alfadyser.dev\/producto\/hervidor-agua-vintage-inoxidable-2l-kuken-1500w\/\",\"url\":\"https:\/\/kuken.alfadyser.dev\/producto\/hervidor-agua-vintage-inoxidable-2l-kuken-1500w\/\",\"name\":\"HERVIDOR AGUA VINTAGE INOXIDABLE 2L K\u00dcKEN 1500W - K\u00fcken\",\"isPartOf\":{\"@id\":\"https:\/\/kuken.alfadyser.dev\/#website\"},\"primaryImageOfPage\":{\"@id\":\"https:\/\/kuken.alfadyser.dev\/producto\/hervidor-agua-vintage-inoxidable-2l-kuken-1500w\/#primaryimage\"},\"image\":{\"@id\":\"https:\/\/kuken.alfadyser.dev\/producto\/hervidor-agua-vintage-inoxidable-2l-kuken-1500w\/#primaryimage\"},\"thumbnailUrl\":\"https:\/\/kuken.alfadyser.dev\/wp-content\/uploads\/34022_2.jpg\",\"datePublished\":\"2020-10-27T12:42:20+00:00\",\"dateModified\":\"2025-07-23T06:20:28+00:00\",\"description\":\"Hervidor agua vintage inoxidable 2L K\u00fcken 1500W con apagado autom\u00e1tico, luz LED y dise\u00f1o retro. R\u00e1pido, seguro y de gran capacidad.\",\"breadcrumb\":{\"@id\":\"https:\/\/kuken.alfadyser.dev\/producto\/hervidor-agua-vintage-inoxidable-2l-kuken-1500w\/#breadcrumb\"},\"inLanguage\":\"nl-NL\",\"potentialAction\":[{\"@type\":\"ReadAction\",\"target\":[\"https:\/\/kuken.alfadyser.dev\/producto\/hervidor-agua-vintage-inoxidable-2l-kuken-1500w\/\"]}]},{\"@type\":\"ImageObject\",\"inLanguage\":\"nl-NL\",\"@id\":\"https:\/\/kuken.alfadyser.dev\/producto\/hervidor-agua-vintage-inoxidable-2l-kuken-1500w\/#primaryimage\",\"url\":\"https:\/\/kuken.alfadyser.dev\/wp-content\/uploads\/34022_2.jpg\",\"contentUrl\":\"https:\/\/kuken.alfadyser.dev\/wp-content\/uploads\/34022_2.jpg\",\"width\":2000,\"height\":2000,\"caption\":\"Hervidor de agua el\u00e9ctrico vintage k\u00fcken\"},{\"@type\":\"BreadcrumbList\",\"@id\":\"https:\/\/kuken.alfadyser.dev\/producto\/hervidor-agua-vintage-inoxidable-2l-kuken-1500w\/#breadcrumb\",\"itemListElement\":[{\"@type\":\"ListItem\",\"position\":1,\"name\":\"Portada\",\"item\":\"https:\/\/kuken.alfadyser.dev\/\"},{\"@type\":\"ListItem\",\"position\":2,\"name\":\"Productos\",\"item\":\"https:\/\/kuken.alfadyser.dev\/productos\/\"},{\"@type\":\"ListItem\",\"position\":3,\"name\":\"HERVIDOR AGUA VINTAGE INOXIDABLE 2L K\u00dcKEN 1500W\"}]},{\"@type\":\"WebSite\",\"@id\":\"https:\/\/kuken.alfadyser.dev\/#website\",\"url\":\"https:\/\/kuken.alfadyser.dev\/\",\"name\":\"K\u00fcken\",\"description\":\"Amplia gama de peque\u00f1o electrodom\u00e9stico k\u00fcken\",\"publisher\":{\"@id\":\"https:\/\/kuken.alfadyser.dev\/#organization\"},\"potentialAction\":[{\"@type\":\"SearchAction\",\"target\":{\"@type\":\"EntryPoint\",\"urlTemplate\":\"https:\/\/kuken.alfadyser.dev\/?s={search_term_string}\"},\"query-input\":{\"@type\":\"PropertyValueSpecification\",\"valueRequired\":true,\"valueName\":\"search_term_string\"}}],\"inLanguage\":\"nl-NL\"},{\"@type\":\"Organization\",\"@id\":\"https:\/\/kuken.alfadyser.dev\/#organization\",\"name\":\"Alfa Dyser\",\"url\":\"https:\/\/kuken.alfadyser.dev\/\",\"logo\":{\"@type\":\"ImageObject\",\"inLanguage\":\"nl-NL\",\"@id\":\"https:\/\/kuken.alfadyser.dev\/#\/schema\/logo\/image\/\",\"url\":\"https:\/\/kuken.alfadyser.dev\/wp-content\/uploads\/2019\/04\/kuken-logo.png\",\"contentUrl\":\"https:\/\/kuken.alfadyser.dev\/wp-content\/uploads\/2019\/04\/kuken-logo.png\",\"width\":500,\"height\":191,\"caption\":\"Alfa Dyser\"},\"image\":{\"@id\":\"https:\/\/kuken.alfadyser.dev\/#\/schema\/logo\/image\/\"},\"sameAs\":[\"https:\/\/es-es.facebook.com\/alfadyser\/\",\"https:\/\/www.instagram.com\/kuken_appliances\/\"]}]}<\/script>\n<meta property=\"product:price:currency\" content=\"EUR\" \/>\n<meta property=\"og:availability\" content=\"instock\" \/>\n<meta property=\"product:availability\" content=\"instock\" \/>\n<meta property=\"product:retailer_item_id\" content=\"34022\" \/>\n<meta property=\"product:condition\" content=\"new\" \/>\n<!-- \/ Yoast SEO Premium plugin. -->","yoast_head_json":{"title":"HERVIDOR AGUA VINTAGE INOXIDABLE 2L K\u00dcKEN 1500W - K\u00fcken","description":"Hervidor agua vintage inoxidable 2L K\u00fcken 1500W con apagado autom\u00e1tico, luz LED y dise\u00f1o retro. R\u00e1pido, seguro y de gran capacidad.","robots":{"index":"noindex","follow":"follow","max-snippet":"max-snippet:-1","max-image-preview":"max-image-preview:large","max-video-preview":"max-video-preview:-1"},"og_locale":"nl_NL","og_type":"article","og_title":"HERVIDOR AGUA VINTAGE INOXIDABLE 2L K\u00dcKEN 1500W","og_description":"Hervidor agua vintage inoxidable 2L K\u00fcken 1500W con apagado autom\u00e1tico, luz LED y dise\u00f1o retro. R\u00e1pido, seguro y de gran capacidad.","og_url":"https:\/\/kuken.alfadyser.dev\/nl\/product\/hervidor-agua-vintage-inoxidable-2l-kuken-1500w\/","og_site_name":"K\u00fcken","article_publisher":"https:\/\/es-es.facebook.com\/alfadyser\/","article_modified_time":"2025-07-23T06:20:28+00:00","og_image":[{"width":2000,"height":2000,"url":"https:\/\/kuken.alfadyser.dev\/wp-content\/uploads\/34022_2.jpg","type":"image\/jpeg"}],"twitter_card":"summary_large_image","twitter_misc":{"Prijs":"","Beschikbaarheid":"Op voorraad"},"schema":{"@context":"https:\/\/schema.org","@graph":[{"@type":"WebPage","@id":"https:\/\/kuken.alfadyser.dev\/producto\/hervidor-agua-vintage-inoxidable-2l-kuken-1500w\/","url":"https:\/\/kuken.alfadyser.dev\/producto\/hervidor-agua-vintage-inoxidable-2l-kuken-1500w\/","name":"HERVIDOR AGUA VINTAGE INOXIDABLE 2L K\u00dcKEN 1500W - K\u00fcken","isPartOf":{"@id":"https:\/\/kuken.alfadyser.dev\/#website"},"primaryImageOfPage":{"@id":"https:\/\/kuken.alfadyser.dev\/producto\/hervidor-agua-vintage-inoxidable-2l-kuken-1500w\/#primaryimage"},"image":{"@id":"https:\/\/kuken.alfadyser.dev\/producto\/hervidor-agua-vintage-inoxidable-2l-kuken-1500w\/#primaryimage"},"thumbnailUrl":"https:\/\/kuken.alfadyser.dev\/wp-content\/uploads\/34022_2.jpg","datePublished":"2020-10-27T12:42:20+00:00","dateModified":"2025-07-23T06:20:28+00:00","description":"Hervidor agua vintage inoxidable 2L K\u00fcken 1500W con apagado autom\u00e1tico, luz LED y dise\u00f1o retro. R\u00e1pido, seguro y de gran capacidad.","breadcrumb":{"@id":"https:\/\/kuken.alfadyser.dev\/producto\/hervidor-agua-vintage-inoxidable-2l-kuken-1500w\/#breadcrumb"},"inLanguage":"nl-NL","potentialAction":[{"@type":"ReadAction","target":["https:\/\/kuken.alfadyser.dev\/producto\/hervidor-agua-vintage-inoxidable-2l-kuken-1500w\/"]}]},{"@type":"ImageObject","inLanguage":"nl-NL","@id":"https:\/\/kuken.alfadyser.dev\/producto\/hervidor-agua-vintage-inoxidable-2l-kuken-1500w\/#primaryimage","url":"https:\/\/kuken.alfadyser.dev\/wp-content\/uploads\/34022_2.jpg","contentUrl":"https:\/\/kuken.alfadyser.dev\/wp-content\/uploads\/34022_2.jpg","width":2000,"height":2000,"caption":"Hervidor de agua el\u00e9ctrico vintage k\u00fcken"},{"@type":"BreadcrumbList","@id":"https:\/\/kuken.alfadyser.dev\/producto\/hervidor-agua-vintage-inoxidable-2l-kuken-1500w\/#breadcrumb","itemListElement":[{"@type":"ListItem","position":1,"name":"Portada","item":"https:\/\/kuken.alfadyser.dev\/"},{"@type":"ListItem","position":2,"name":"Productos","item":"https:\/\/kuken.alfadyser.dev\/productos\/"},{"@type":"ListItem","position":3,"name":"HERVIDOR AGUA VINTAGE INOXIDABLE 2L K\u00dcKEN 1500W"}]},{"@type":"WebSite","@id":"https:\/\/kuken.alfadyser.dev\/#website","url":"https:\/\/kuken.alfadyser.dev\/","name":"K\u00fcken","description":"Uitgebreid assortiment kleine huishoudelijke apparaten van k\u00fcken","publisher":{"@id":"https:\/\/kuken.alfadyser.dev\/#organization"},"potentialAction":[{"@type":"SearchAction","target":{"@type":"EntryPoint","urlTemplate":"https:\/\/kuken.alfadyser.dev\/?s={search_term_string}"},"query-input":{"@type":"PropertyValueSpecification","valueRequired":true,"valueName":"search_term_string"}}],"inLanguage":"nl-NL"},{"@type":"Organization","@id":"https:\/\/kuken.alfadyser.dev\/#organization","name":"Alpha Dyser","url":"https:\/\/kuken.alfadyser.dev\/","logo":{"@type":"ImageObject","inLanguage":"nl-NL","@id":"https:\/\/kuken.alfadyser.dev\/#\/schema\/logo\/image\/","url":"https:\/\/kuken.alfadyser.dev\/wp-content\/uploads\/2019\/04\/kuken-logo.png","contentUrl":"https:\/\/kuken.alfadyser.dev\/wp-content\/uploads\/2019\/04\/kuken-logo.png","width":500,"height":191,"caption":"Alfa Dyser"},"image":{"@id":"https:\/\/kuken.alfadyser.dev\/#\/schema\/logo\/image\/"},"sameAs":["https:\/\/es-es.facebook.com\/alfadyser\/","https:\/\/www.instagram.com\/kuken_appliances\/"]}]},"product_price_currency":"EUR","og_availability":"instock","product_availability":"instock","product_retailer_item_id":"34022","product_condition":"new"},"_links":{"self":[{"href":"https:\/\/kuken.alfadyser.dev\/nl\/wp-json\/wp\/v2\/product\/6176","targetHints":{"allow":["GET"]}}],"collection":[{"href":"https:\/\/kuken.alfadyser.dev\/nl\/wp-json\/wp\/v2\/product"}],"about":[{"href":"https:\/\/kuken.alfadyser.dev\/nl\/wp-json\/wp\/v2\/types\/product"}],"wp:featuredmedia":[{"embeddable":true,"href":"https:\/\/kuken.alfadyser.dev\/nl\/wp-json\/wp\/v2\/media\/6321"}],"wp:attachment":[{"href":"https:\/\/kuken.alfadyser.dev\/nl\/wp-json\/wp\/v2\/media?parent=6176"}],"wp:term":[{"taxonomy":"product_brand","embeddable":true,"href":"https:\/\/kuken.alfadyser.dev\/nl\/wp-json\/wp\/v2\/product_brand?post=6176"},{"taxonomy":"product_cat","embeddable":true,"href":"https:\/\/kuken.alfadyser.dev\/nl\/wp-json\/wp\/v2\/product_cat?post=6176"},{"taxonomy":"product_tag","embeddable":true,"href":"https:\/\/kuken.alfadyser.dev\/nl\/wp-json\/wp\/v2\/product_tag?post=6176"}],"curies":[{"name":"wp","href":"https:\/\/api.w.org\/{rel}","templated":true}]}}