{"id":3598,"date":"2020-03-02T10:32:12","date_gmt":"2020-03-02T09:32:12","guid":{"rendered":"https:\/\/kuken.alfadyser.dev\/producto\/telefono-gondola-negro-kuken\/"},"modified":"2025-07-23T09:13:41","modified_gmt":"2025-07-23T07:13:41","slug":"telefono-de-gondola-negro-kuken","status":"publish","type":"product","link":"https:\/\/kuken.alfadyser.dev\/nl\/product\/telefono-de-gondola-negro-kuken\/","title":{"rendered":"K\u00dcKEN ZWARTE GONDELTELEFOON"},"content":{"rendered":"<p>K\u00dcKEN ZWARTE GONDELTELEFOON<\/p>\n<ul data-start=\"753\" data-end=\"1495\">\n<li data-start=\"753\" data-end=\"825\">\n<p data-start=\"755\" data-end=\"825\">Uso vers\u00e1til, puede colocarse sobre mesa o colgarse en la pared.<\/p>\n<\/li>\n<li data-start=\"826\" data-end=\"891\">\n<p data-start=\"828\" data-end=\"891\">Funci\u00f3n MEMO para almacenar hasta 10 n\u00fameros telef\u00f3nicos.<\/p>\n<\/li>\n<li data-start=\"892\" data-end=\"975\">\n<p data-start=\"894\" data-end=\"975\">Bot\u00f3n R para acceder a llamada en espera, transferencia o multiconferencia.<\/p>\n<\/li>\n<li data-start=\"976\" data-end=\"1051\">\n<p data-start=\"978\" data-end=\"1051\">Funci\u00f3n RLL que permite volver a marcar el \u00faltimo n\u00famero utilizado.<\/p>\n<\/li>\n<li data-start=\"1052\" data-end=\"1128\">\n<p data-start=\"1054\" data-end=\"1128\">Bot\u00f3n de retenci\u00f3n (RETENER) para poner llamadas en espera temporal.<\/p>\n<\/li>\n<li data-start=\"1129\" data-end=\"1195\">\n<p data-start=\"1131\" data-end=\"1195\">Marcaci\u00f3n r\u00e1pida para facilitar la comunicaci\u00f3n frecuente.<\/p>\n<\/li>\n<li data-start=\"1196\" data-end=\"1261\">\n<p data-start=\"1198\" data-end=\"1261\">Control de volumen ajustable en timbre, altavoz y teclas.<\/p>\n<\/li>\n<li data-start=\"1262\" data-end=\"1347\">\n<p data-start=\"1264\" data-end=\"1347\">Patas de goma antideslizantes para mayor estabilidad sobre superficies lisas.<\/p>\n<\/li>\n<li data-start=\"1348\" data-end=\"1421\">\n<p data-start=\"1350\" data-end=\"1421\">Ideal para uso dom\u00e9stico o profesional en oficinas y recepciones.<\/p>\n<\/li>\n<li data-start=\"1422\" data-end=\"1495\">\n<p data-start=\"1424\" data-end=\"1495\">Dise\u00f1o compacto y discreto en color negro con funciones esenciales.<\/p>\n<\/li>\n<\/ul>\n<p><div class=\"accordion\"><div class=\"mfn-acc accordion_wrapper  toggle\"><div class=\"question\"><div class=\"title\"><i class=\"icon-plus acc-icon-plus\" aria-hidden=\"true\"><\/i><i class=\"icon-minus acc-icon-minus\" aria-hidden=\"true\"><\/i>Productgegevens<\/div><div class=\"answer\">EAN 8425160336523<\/p>\n<p>K\u00dcKEN ZWARTE GONDELTELEFOON<\/p>\n<p>Verpakkingseenheid 1<br \/>\nKleur Zwart<br \/>\nVerpakking Gekleurde doos<br \/>\nMaat Klein<br \/>\nAfmetingen (LxBxH): 190 x 75 x 60 mm<br \/>\nMateriaal Kunststof<br \/>\nGewicht 0,22 kg.<\/div><\/div>\n<\/div><\/div>\n<br \/>\n<div class=\"accordion\"><div class=\"mfn-acc accordion_wrapper  toggle\"><div class=\"question\"><div class=\"title\"><i class=\"icon-plus acc-icon-plus\" aria-hidden=\"true\"><\/i><i class=\"icon-minus acc-icon-minus\" aria-hidden=\"true\"><\/i>Accessoires<\/div><div class=\"answer\"><\/div><\/div>\n<\/div><\/div>\n<\/p>\n<div class=\"descargas-producto\"><a href=\"\/wp-content\/uploads\/pdf\/8425160336523_ficha_tecnica.pdf\" target=\"_blank\" rel=\"noopener noreferrer\"><br \/>\n<img loading=\"lazy\" decoding=\"async\" src=\"\/wp-content\/uploads\/2019\/12\/picto-descarrega.png\" alt=\"gegevensblad downloaden\" width=\"23\" height=\"16\" \/>Blad downloaden<\/a><a href=\"https:\/\/kuken.alfadyser.dev\/wp-content\/uploads\/8425160336523_manual.pdf\" target=\"_blank\" rel=\"noopener noreferrer\"><br \/>\n<img loading=\"lazy\" decoding=\"async\" src=\"\/wp-content\/uploads\/2019\/12\/picto-descarrega.png\" alt=\"handleiding downloaden\" width=\"23\" height=\"16\" \/>Handleiding downloaden<\/a><\/div>\n<div><\/div>\n<div><span style=\"color: #bf2121\">Volg ons op sociale media!<\/span><\/div>\n<div><a href=\"https:\/\/www.instagram.com\/kuken_appliances\/\">https:\/\/www.instagram.com\/kuken_appliances\/<\/a><\/div>","protected":false},"excerpt":{"rendered":"<p data-start=\"439\" data-end=\"595\">Dise\u00f1o cl\u00e1sico y funcional para sobremesa o pared. Con memoria, rellamada y control de volumen, este tel\u00e9fono es una opci\u00f3n pr\u00e1ctica para cualquier espacio.<\/p>\n<p data-start=\"597\" data-end=\"679\">","protected":false},"featured_media":3599,"template":"","meta":[],"product_brand":[],"product_cat":[212],"product_tag":[],"class_list":{"0":"post-3598","1":"product","2":"type-product","3":"status-publish","4":"has-post-thumbnail","6":"product_cat-radios-telefonia-estaciones","8":"first","9":"instock","10":"product-type-simple"},"yoast_head":"<!-- This site is optimized with the Yoast SEO Premium plugin v24.0 (Yoast SEO v26.5) - https:\/\/yoast.com\/wordpress\/plugins\/seo\/ -->\n<title>TEL\u00c9FONO DE G\u00d3NDOLA NEGRO K\u00dcKEN - K\u00fcken<\/title>\n<meta name=\"description\" content=\"Tel\u00e9fono de g\u00f3ndola negro k\u00fcken. Con marcaci\u00f3n r\u00e1pida, llamada en espera, transferencia de llamadas, funci\u00f3n rellamada. Desc\u00fabrelo ahora.\" \/>\n<meta name=\"robots\" content=\"noindex, follow, max-snippet:-1, max-image-preview:large, max-video-preview:-1\" \/>\n<meta property=\"og:locale\" content=\"nl_NL\" \/>\n<meta property=\"og:type\" content=\"article\" \/>\n<meta property=\"og:title\" content=\"TEL\u00c9FONO DE G\u00d3NDOLA NEGRO K\u00dcKEN\" \/>\n<meta property=\"og:description\" content=\"Tel\u00e9fono de g\u00f3ndola negro k\u00fcken. Con marcaci\u00f3n r\u00e1pida, llamada en espera, transferencia de llamadas, funci\u00f3n rellamada. Desc\u00fabrelo ahora.\" \/>\n<meta property=\"og:url\" content=\"https:\/\/kuken.alfadyser.dev\/nl\/product\/telefono-de-gondola-negro-kuken\/\" \/>\n<meta property=\"og:site_name\" content=\"K\u00fcken\" \/>\n<meta property=\"article:publisher\" content=\"https:\/\/es-es.facebook.com\/alfadyser\/\" \/>\n<meta property=\"article:modified_time\" content=\"2025-07-23T07:13:41+00:00\" \/>\n<meta property=\"og:image\" content=\"https:\/\/kuken.alfadyser.dev\/wp-content\/uploads\/2020\/03\/TEL\u00c9FONO-G\u00d3NDOLA-NEGRO-KUKEN.jpg\" \/>\n\t<meta property=\"og:image:width\" content=\"853\" \/>\n\t<meta property=\"og:image:height\" content=\"853\" \/>\n\t<meta property=\"og:image:type\" content=\"image\/jpeg\" \/>\n<meta name=\"twitter:card\" content=\"summary_large_image\" \/>\n<meta name=\"twitter:label1\" content=\"Prijs\" \/>\n\t<meta name=\"twitter:data1\" content=\"\" \/>\n\t<meta name=\"twitter:label2\" content=\"Beschikbaarheid\" \/>\n\t<meta name=\"twitter:data2\" content=\"Op voorraad\" \/>\n<script type=\"application\/ld+json\" class=\"yoast-schema-graph\">{\"@context\":\"https:\/\/schema.org\",\"@graph\":[{\"@type\":\"WebPage\",\"@id\":\"https:\/\/kuken.alfadyser.dev\/producto\/telefono-de-gondola-negro-kuken\/\",\"url\":\"https:\/\/kuken.alfadyser.dev\/producto\/telefono-de-gondola-negro-kuken\/\",\"name\":\"TEL\u00c9FONO DE G\u00d3NDOLA NEGRO K\u00dcKEN - K\u00fcken\",\"isPartOf\":{\"@id\":\"https:\/\/kuken.alfadyser.dev\/#website\"},\"primaryImageOfPage\":{\"@id\":\"https:\/\/kuken.alfadyser.dev\/producto\/telefono-de-gondola-negro-kuken\/#primaryimage\"},\"image\":{\"@id\":\"https:\/\/kuken.alfadyser.dev\/producto\/telefono-de-gondola-negro-kuken\/#primaryimage\"},\"thumbnailUrl\":\"https:\/\/kuken.alfadyser.dev\/wp-content\/uploads\/2020\/03\/TEL\u00c9FONO-G\u00d3NDOLA-NEGRO-KUKEN.jpg\",\"datePublished\":\"2020-03-02T09:32:12+00:00\",\"dateModified\":\"2025-07-23T07:13:41+00:00\",\"description\":\"Tel\u00e9fono de g\u00f3ndola negro k\u00fcken. Con marcaci\u00f3n r\u00e1pida, llamada en espera, transferencia de llamadas, funci\u00f3n rellamada. Desc\u00fabrelo ahora.\",\"breadcrumb\":{\"@id\":\"https:\/\/kuken.alfadyser.dev\/producto\/telefono-de-gondola-negro-kuken\/#breadcrumb\"},\"inLanguage\":\"nl-NL\",\"potentialAction\":[{\"@type\":\"ReadAction\",\"target\":[\"https:\/\/kuken.alfadyser.dev\/producto\/telefono-de-gondola-negro-kuken\/\"]}]},{\"@type\":\"ImageObject\",\"inLanguage\":\"nl-NL\",\"@id\":\"https:\/\/kuken.alfadyser.dev\/producto\/telefono-de-gondola-negro-kuken\/#primaryimage\",\"url\":\"https:\/\/kuken.alfadyser.dev\/wp-content\/uploads\/2020\/03\/TEL\u00c9FONO-G\u00d3NDOLA-NEGRO-KUKEN.jpg\",\"contentUrl\":\"https:\/\/kuken.alfadyser.dev\/wp-content\/uploads\/2020\/03\/TEL\u00c9FONO-G\u00d3NDOLA-NEGRO-KUKEN.jpg\",\"width\":853,\"height\":853,\"caption\":\"Tel\u00e9fono de g\u00f3ndola k\u00fcken de color negro\"},{\"@type\":\"BreadcrumbList\",\"@id\":\"https:\/\/kuken.alfadyser.dev\/producto\/telefono-de-gondola-negro-kuken\/#breadcrumb\",\"itemListElement\":[{\"@type\":\"ListItem\",\"position\":1,\"name\":\"Portada\",\"item\":\"https:\/\/kuken.alfadyser.dev\/\"},{\"@type\":\"ListItem\",\"position\":2,\"name\":\"Productos\",\"item\":\"https:\/\/kuken.alfadyser.dev\/productos\/\"},{\"@type\":\"ListItem\",\"position\":3,\"name\":\"TEL\u00c9FONO DE G\u00d3NDOLA NEGRO K\u00dcKEN\"}]},{\"@type\":\"WebSite\",\"@id\":\"https:\/\/kuken.alfadyser.dev\/#website\",\"url\":\"https:\/\/kuken.alfadyser.dev\/\",\"name\":\"K\u00fcken\",\"description\":\"Amplia gama de peque\u00f1o electrodom\u00e9stico k\u00fcken\",\"publisher\":{\"@id\":\"https:\/\/kuken.alfadyser.dev\/#organization\"},\"potentialAction\":[{\"@type\":\"SearchAction\",\"target\":{\"@type\":\"EntryPoint\",\"urlTemplate\":\"https:\/\/kuken.alfadyser.dev\/?s={search_term_string}\"},\"query-input\":{\"@type\":\"PropertyValueSpecification\",\"valueRequired\":true,\"valueName\":\"search_term_string\"}}],\"inLanguage\":\"nl-NL\"},{\"@type\":\"Organization\",\"@id\":\"https:\/\/kuken.alfadyser.dev\/#organization\",\"name\":\"Alfa Dyser\",\"url\":\"https:\/\/kuken.alfadyser.dev\/\",\"logo\":{\"@type\":\"ImageObject\",\"inLanguage\":\"nl-NL\",\"@id\":\"https:\/\/kuken.alfadyser.dev\/#\/schema\/logo\/image\/\",\"url\":\"https:\/\/kuken.alfadyser.dev\/wp-content\/uploads\/2019\/04\/kuken-logo.png\",\"contentUrl\":\"https:\/\/kuken.alfadyser.dev\/wp-content\/uploads\/2019\/04\/kuken-logo.png\",\"width\":500,\"height\":191,\"caption\":\"Alfa Dyser\"},\"image\":{\"@id\":\"https:\/\/kuken.alfadyser.dev\/#\/schema\/logo\/image\/\"},\"sameAs\":[\"https:\/\/es-es.facebook.com\/alfadyser\/\",\"https:\/\/www.instagram.com\/kuken_appliances\/\"]}]}<\/script>\n<meta property=\"product:price:currency\" content=\"EUR\" \/>\n<meta property=\"og:availability\" content=\"instock\" \/>\n<meta property=\"product:availability\" content=\"instock\" \/>\n<meta property=\"product:retailer_item_id\" content=\"33652\" \/>\n<meta property=\"product:condition\" content=\"new\" \/>\n<!-- \/ Yoast SEO Premium plugin. -->","yoast_head_json":{"title":"K\u00dcKEN ZWARTE GONDELTELEFOON - K\u00fcken","description":"K\u00fcken zwarte gondeltelefoon. Met snelkiesnummer, wisselgesprek, doorverbinden, nummerherhaling. Ontdek het nu.","robots":{"index":"noindex","follow":"follow","max-snippet":"max-snippet:-1","max-image-preview":"max-image-preview:large","max-video-preview":"max-video-preview:-1"},"og_locale":"nl_NL","og_type":"article","og_title":"TEL\u00c9FONO DE G\u00d3NDOLA NEGRO K\u00dcKEN","og_description":"Tel\u00e9fono de g\u00f3ndola negro k\u00fcken. Con marcaci\u00f3n r\u00e1pida, llamada en espera, transferencia de llamadas, funci\u00f3n rellamada. Desc\u00fabrelo ahora.","og_url":"https:\/\/kuken.alfadyser.dev\/nl\/product\/telefono-de-gondola-negro-kuken\/","og_site_name":"K\u00fcken","article_publisher":"https:\/\/es-es.facebook.com\/alfadyser\/","article_modified_time":"2025-07-23T07:13:41+00:00","og_image":[{"width":853,"height":853,"url":"https:\/\/kuken.alfadyser.dev\/wp-content\/uploads\/2020\/03\/TEL\u00c9FONO-G\u00d3NDOLA-NEGRO-KUKEN.jpg","type":"image\/jpeg"}],"twitter_card":"summary_large_image","twitter_misc":{"Prijs":"","Beschikbaarheid":"Op voorraad"},"schema":{"@context":"https:\/\/schema.org","@graph":[{"@type":"WebPage","@id":"https:\/\/kuken.alfadyser.dev\/producto\/telefono-de-gondola-negro-kuken\/","url":"https:\/\/kuken.alfadyser.dev\/producto\/telefono-de-gondola-negro-kuken\/","name":"K\u00dcKEN ZWARTE GONDELTELEFOON - K\u00fcken","isPartOf":{"@id":"https:\/\/kuken.alfadyser.dev\/#website"},"primaryImageOfPage":{"@id":"https:\/\/kuken.alfadyser.dev\/producto\/telefono-de-gondola-negro-kuken\/#primaryimage"},"image":{"@id":"https:\/\/kuken.alfadyser.dev\/producto\/telefono-de-gondola-negro-kuken\/#primaryimage"},"thumbnailUrl":"https:\/\/kuken.alfadyser.dev\/wp-content\/uploads\/2020\/03\/TEL\u00c9FONO-G\u00d3NDOLA-NEGRO-KUKEN.jpg","datePublished":"2020-03-02T09:32:12+00:00","dateModified":"2025-07-23T07:13:41+00:00","description":"K\u00fcken zwarte gondeltelefoon. Met snelkiesnummer, wisselgesprek, doorverbinden, nummerherhaling. Ontdek het nu.","breadcrumb":{"@id":"https:\/\/kuken.alfadyser.dev\/producto\/telefono-de-gondola-negro-kuken\/#breadcrumb"},"inLanguage":"nl-NL","potentialAction":[{"@type":"ReadAction","target":["https:\/\/kuken.alfadyser.dev\/producto\/telefono-de-gondola-negro-kuken\/"]}]},{"@type":"ImageObject","inLanguage":"nl-NL","@id":"https:\/\/kuken.alfadyser.dev\/producto\/telefono-de-gondola-negro-kuken\/#primaryimage","url":"https:\/\/kuken.alfadyser.dev\/wp-content\/uploads\/2020\/03\/TEL\u00c9FONO-G\u00d3NDOLA-NEGRO-KUKEN.jpg","contentUrl":"https:\/\/kuken.alfadyser.dev\/wp-content\/uploads\/2020\/03\/TEL\u00c9FONO-G\u00d3NDOLA-NEGRO-KUKEN.jpg","width":853,"height":853,"caption":"Tel\u00e9fono de g\u00f3ndola k\u00fcken de color negro"},{"@type":"BreadcrumbList","@id":"https:\/\/kuken.alfadyser.dev\/producto\/telefono-de-gondola-negro-kuken\/#breadcrumb","itemListElement":[{"@type":"ListItem","position":1,"name":"Portada","item":"https:\/\/kuken.alfadyser.dev\/"},{"@type":"ListItem","position":2,"name":"Productos","item":"https:\/\/kuken.alfadyser.dev\/productos\/"},{"@type":"ListItem","position":3,"name":"TEL\u00c9FONO DE G\u00d3NDOLA NEGRO K\u00dcKEN"}]},{"@type":"WebSite","@id":"https:\/\/kuken.alfadyser.dev\/#website","url":"https:\/\/kuken.alfadyser.dev\/","name":"K\u00fcken","description":"Uitgebreid assortiment kleine huishoudelijke apparaten van k\u00fcken","publisher":{"@id":"https:\/\/kuken.alfadyser.dev\/#organization"},"potentialAction":[{"@type":"SearchAction","target":{"@type":"EntryPoint","urlTemplate":"https:\/\/kuken.alfadyser.dev\/?s={search_term_string}"},"query-input":{"@type":"PropertyValueSpecification","valueRequired":true,"valueName":"search_term_string"}}],"inLanguage":"nl-NL"},{"@type":"Organization","@id":"https:\/\/kuken.alfadyser.dev\/#organization","name":"Alpha Dyser","url":"https:\/\/kuken.alfadyser.dev\/","logo":{"@type":"ImageObject","inLanguage":"nl-NL","@id":"https:\/\/kuken.alfadyser.dev\/#\/schema\/logo\/image\/","url":"https:\/\/kuken.alfadyser.dev\/wp-content\/uploads\/2019\/04\/kuken-logo.png","contentUrl":"https:\/\/kuken.alfadyser.dev\/wp-content\/uploads\/2019\/04\/kuken-logo.png","width":500,"height":191,"caption":"Alfa Dyser"},"image":{"@id":"https:\/\/kuken.alfadyser.dev\/#\/schema\/logo\/image\/"},"sameAs":["https:\/\/es-es.facebook.com\/alfadyser\/","https:\/\/www.instagram.com\/kuken_appliances\/"]}]},"product_price_currency":"EUR","og_availability":"instock","product_availability":"instock","product_retailer_item_id":"33652","product_condition":"new"},"_links":{"self":[{"href":"https:\/\/kuken.alfadyser.dev\/nl\/wp-json\/wp\/v2\/product\/3598","targetHints":{"allow":["GET"]}}],"collection":[{"href":"https:\/\/kuken.alfadyser.dev\/nl\/wp-json\/wp\/v2\/product"}],"about":[{"href":"https:\/\/kuken.alfadyser.dev\/nl\/wp-json\/wp\/v2\/types\/product"}],"wp:featuredmedia":[{"embeddable":true,"href":"https:\/\/kuken.alfadyser.dev\/nl\/wp-json\/wp\/v2\/media\/3599"}],"wp:attachment":[{"href":"https:\/\/kuken.alfadyser.dev\/nl\/wp-json\/wp\/v2\/media?parent=3598"}],"wp:term":[{"taxonomy":"product_brand","embeddable":true,"href":"https:\/\/kuken.alfadyser.dev\/nl\/wp-json\/wp\/v2\/product_brand?post=3598"},{"taxonomy":"product_cat","embeddable":true,"href":"https:\/\/kuken.alfadyser.dev\/nl\/wp-json\/wp\/v2\/product_cat?post=3598"},{"taxonomy":"product_tag","embeddable":true,"href":"https:\/\/kuken.alfadyser.dev\/nl\/wp-json\/wp\/v2\/product_tag?post=3598"}],"curies":[{"name":"wp","href":"https:\/\/api.w.org\/{rel}","templated":true}]}}