{"id":3539,"date":"2020-03-02T10:27:59","date_gmt":"2020-03-02T09:27:59","guid":{"rendered":"https:\/\/kuken.alfadyser.dev\/producto\/bascula-bano-digital-cristal-180kg-kuken\/"},"modified":"2025-07-23T10:24:36","modified_gmt":"2025-07-23T08:24:36","slug":"digitale-glazen-badkamerweegschaal-180kg-kuken","status":"publish","type":"product","link":"https:\/\/kuken.alfadyser.dev\/nl\/product\/digitale-glazen-badkamerweegschaal-180kg-kuken\/","title":{"rendered":"DIGITALE GLAZEN BADKAMERWEEGSCHAAL 180KG K\u00dcKEN"},"content":{"rendered":"<p>DIGITALE GLAZEN BADKAMERWEEGSCHAAL 180KG K\u00dcKEN<\/p>\n<ul data-start=\"756\" data-end=\"1410\">\n<li data-start=\"756\" data-end=\"830\">\n<p data-start=\"758\" data-end=\"830\">Dise\u00f1o ultrafino con tan solo 20 mm de grosor, moderno y elegante.<\/p>\n<\/li>\n<li data-start=\"831\" data-end=\"907\">\n<p data-start=\"833\" data-end=\"907\">Plataforma de cristal templado de alta resistencia y f\u00e1cil limpieza.<\/p>\n<\/li>\n<li data-start=\"908\" data-end=\"972\">\n<p data-start=\"910\" data-end=\"972\">Encendido autom\u00e1tico al subir, sin necesidad de botones.<\/p>\n<\/li>\n<li data-start=\"973\" data-end=\"1049\">\n<p data-start=\"975\" data-end=\"1049\">Superficie de 300 x 300 mm, estable y c\u00f3moda para cualquier usuario.<\/p>\n<\/li>\n<li data-start=\"1050\" data-end=\"1112\">\n<p data-start=\"1052\" data-end=\"1112\">Incorpora cuatro sensores de pesaje de alta precisi\u00f3n.<\/p>\n<\/li>\n<li data-start=\"1113\" data-end=\"1181\">\n<p data-start=\"1115\" data-end=\"1181\">Pantalla LCD grande de 75 x 30 mm para facilitar la lectura.<\/p>\n<\/li>\n<li data-start=\"1182\" data-end=\"1243\">\n<p data-start=\"1184\" data-end=\"1243\">Bot\u00f3n UNIT para seleccionar entre Kg, lb y st:lb.<\/p>\n<\/li>\n<li data-start=\"1244\" data-end=\"1285\">\n<p data-start=\"1246\" data-end=\"1285\">Soporta un peso m\u00e1ximo de 180 Kg.<\/p>\n<\/li>\n<li data-start=\"1286\" data-end=\"1363\">\n<p data-start=\"1288\" data-end=\"1363\">Patas antideslizantes para mayor estabilidad sobre superficies lisas.<\/p>\n<\/li>\n<li data-start=\"1364\" data-end=\"1410\">\n<p data-start=\"1366\" data-end=\"1410\">Funciona con 1 pila 3V CR2032, incluida.<\/p>\n<\/li>\n<\/ul>\n<p><div class=\"accordion\"><div class=\"mfn-acc accordion_wrapper  toggle\"><div class=\"question\"><div class=\"title\"><i class=\"icon-plus acc-icon-plus\" aria-hidden=\"true\"><\/i><i class=\"icon-minus acc-icon-minus\" aria-hidden=\"true\"><\/i>Productgegevens<\/div><div class=\"answer\">EAN 8425160337032<\/p>\n<p>DIGITALE GLAZEN BADKAMERWEEGSCHAAL 180KG K\u00dcKEN<\/p>\n<p>Verpakkingseenheid 1<br \/>\nKleur Transparant<br \/>\nVerpakking Dooskleur<br \/>\nAfmetingen 300 mm (lengte), 300 mm (breedte), 35 mm (hoogte)<br \/>\nMateriaal Gehard glas.<br \/>\nAntislipvoeten Ja<br \/>\nGewicht 2,0 kg.<br \/>\nGevoed door 1 x 3V CR2032 batterij (meegeleverd).<\/div><\/div>\n<\/div><\/div>\n<br \/>\n<div class=\"accordion\"><div class=\"mfn-acc accordion_wrapper  toggle\"><div class=\"question\"><div class=\"title\"><i class=\"icon-plus acc-icon-plus\" aria-hidden=\"true\"><\/i><i class=\"icon-minus acc-icon-minus\" aria-hidden=\"true\"><\/i>Accessoires<\/div><div class=\"answer\"><\/div><\/div>\n<\/div><\/div>\n<\/p>\n<div class=\"descargas-producto\"><a href=\"\/wp-content\/uploads\/pdf\/8425160337032_ficha_tecnica.pdf\" target=\"_blank\" rel=\"noopener noreferrer\"><br \/>\n<img loading=\"lazy\" decoding=\"async\" src=\"\/wp-content\/uploads\/2019\/12\/picto-descarrega.png\" alt=\"gegevensblad downloaden\" width=\"23\" height=\"16\" \/>Blad downloaden<\/a><br \/>\n<a href=\"\/wp-content\/uploads\/pdf\/33703.pdf\"><img loading=\"lazy\" decoding=\"async\" src=\"\/wp-content\/uploads\/2019\/12\/picto-descarrega.png\" alt=\"handleiding downloaden\" width=\"23\" height=\"16\" \/>Handleiding downloaden<\/a><\/div>\n<div><\/div>\n<div><span style=\"color: #bf2121\">Volg ons op sociale media!<\/span><\/div>\n<div><a href=\"https:\/\/www.instagram.com\/kuken_appliances\/\">https:\/\/www.instagram.com\/kuken_appliances\/<\/a><\/div>","protected":false},"excerpt":{"rendered":"<p data-start=\"456\" data-end=\"609\">Controla tu peso con estilo y precisi\u00f3n. B\u00e1scula digital de cristal templado con sensores inteligentes, pantalla grande y m\u00faltiples unidades de medici\u00f3n.<\/p>\n<p data-start=\"611\" data-end=\"682\">","protected":false},"featured_media":3540,"template":"","meta":[],"product_brand":[],"product_cat":[209],"product_tag":[],"class_list":{"0":"post-3539","1":"product","2":"type-product","3":"status-publish","4":"has-post-thumbnail","6":"product_cat-basculas-romanas","8":"first","9":"instock","10":"product-type-simple"},"yoast_head":"<!-- This site is optimized with the Yoast SEO Premium plugin v24.0 (Yoast SEO v26.5) - https:\/\/yoast.com\/wordpress\/plugins\/seo\/ -->\n<title>B\u00c1SCULA DE BA\u00d1O CRISTAL DIGITAL 180KG K\u00dcKEN - K\u00fcken<\/title>\n<meta name=\"description\" content=\"Exclusiva b\u00e1scula de ba\u00f1o de cristal k\u00fcken. Lleva el control de tu peso corporal de manera r\u00e1pida y f\u00e1cil. Desc\u00fabrela ahora.\" \/>\n<meta name=\"robots\" content=\"noindex, follow, max-snippet:-1, max-image-preview:large, max-video-preview:-1\" \/>\n<meta property=\"og:locale\" content=\"nl_NL\" \/>\n<meta property=\"og:type\" content=\"article\" \/>\n<meta property=\"og:title\" content=\"B\u00c1SCULA DE BA\u00d1O CRISTAL DIGITAL 180KG K\u00dcKEN\" \/>\n<meta property=\"og:description\" content=\"Exclusiva b\u00e1scula de ba\u00f1o de cristal k\u00fcken. Lleva el control de tu peso corporal de manera r\u00e1pida y f\u00e1cil. Desc\u00fabrela ahora.\" \/>\n<meta property=\"og:url\" content=\"https:\/\/kuken.alfadyser.dev\/nl\/product\/digitale-glazen-badkamerweegschaal-180kg-kuken\/\" \/>\n<meta property=\"og:site_name\" content=\"K\u00fcken\" \/>\n<meta property=\"article:publisher\" content=\"https:\/\/es-es.facebook.com\/alfadyser\/\" \/>\n<meta property=\"article:modified_time\" content=\"2025-07-23T08:24:36+00:00\" \/>\n<meta property=\"og:image\" content=\"https:\/\/kuken.alfadyser.dev\/wp-content\/uploads\/2020\/03\/B\u00c1SCULA-BA\u00d1O-DIGITAL-CRISTAL-180KG-KUKEN.jpg\" \/>\n\t<meta property=\"og:image:width\" content=\"853\" \/>\n\t<meta property=\"og:image:height\" content=\"853\" \/>\n\t<meta property=\"og:image:type\" content=\"image\/jpeg\" \/>\n<meta name=\"twitter:card\" content=\"summary_large_image\" \/>\n<meta name=\"twitter:label1\" content=\"Prijs\" \/>\n\t<meta name=\"twitter:data1\" content=\"\" \/>\n\t<meta name=\"twitter:label2\" content=\"Beschikbaarheid\" \/>\n\t<meta name=\"twitter:data2\" content=\"Op voorraad\" \/>\n<script type=\"application\/ld+json\" class=\"yoast-schema-graph\">{\"@context\":\"https:\/\/schema.org\",\"@graph\":[{\"@type\":\"WebPage\",\"@id\":\"https:\/\/kuken.alfadyser.dev\/producto\/bascula-de-bano-cristal-digital-180kg-kuken\/\",\"url\":\"https:\/\/kuken.alfadyser.dev\/producto\/bascula-de-bano-cristal-digital-180kg-kuken\/\",\"name\":\"B\u00c1SCULA DE BA\u00d1O CRISTAL DIGITAL 180KG K\u00dcKEN - K\u00fcken\",\"isPartOf\":{\"@id\":\"https:\/\/kuken.alfadyser.dev\/#website\"},\"primaryImageOfPage\":{\"@id\":\"https:\/\/kuken.alfadyser.dev\/producto\/bascula-de-bano-cristal-digital-180kg-kuken\/#primaryimage\"},\"image\":{\"@id\":\"https:\/\/kuken.alfadyser.dev\/producto\/bascula-de-bano-cristal-digital-180kg-kuken\/#primaryimage\"},\"thumbnailUrl\":\"https:\/\/kuken.alfadyser.dev\/wp-content\/uploads\/2020\/03\/B\u00c1SCULA-BA\u00d1O-DIGITAL-CRISTAL-180KG-KUKEN.jpg\",\"datePublished\":\"2020-03-02T09:27:59+00:00\",\"dateModified\":\"2025-07-23T08:24:36+00:00\",\"description\":\"Exclusiva b\u00e1scula de ba\u00f1o de cristal k\u00fcken. Lleva el control de tu peso corporal de manera r\u00e1pida y f\u00e1cil. Desc\u00fabrela ahora.\",\"breadcrumb\":{\"@id\":\"https:\/\/kuken.alfadyser.dev\/producto\/bascula-de-bano-cristal-digital-180kg-kuken\/#breadcrumb\"},\"inLanguage\":\"nl-NL\",\"potentialAction\":[{\"@type\":\"ReadAction\",\"target\":[\"https:\/\/kuken.alfadyser.dev\/producto\/bascula-de-bano-cristal-digital-180kg-kuken\/\"]}]},{\"@type\":\"ImageObject\",\"inLanguage\":\"nl-NL\",\"@id\":\"https:\/\/kuken.alfadyser.dev\/producto\/bascula-de-bano-cristal-digital-180kg-kuken\/#primaryimage\",\"url\":\"https:\/\/kuken.alfadyser.dev\/wp-content\/uploads\/2020\/03\/B\u00c1SCULA-BA\u00d1O-DIGITAL-CRISTAL-180KG-KUKEN.jpg\",\"contentUrl\":\"https:\/\/kuken.alfadyser.dev\/wp-content\/uploads\/2020\/03\/B\u00c1SCULA-BA\u00d1O-DIGITAL-CRISTAL-180KG-KUKEN.jpg\",\"width\":853,\"height\":853,\"caption\":\"B\u00e1scula de ba\u00f1o digital k\u00fcken de cristal\"},{\"@type\":\"BreadcrumbList\",\"@id\":\"https:\/\/kuken.alfadyser.dev\/producto\/bascula-de-bano-cristal-digital-180kg-kuken\/#breadcrumb\",\"itemListElement\":[{\"@type\":\"ListItem\",\"position\":1,\"name\":\"Portada\",\"item\":\"https:\/\/kuken.alfadyser.dev\/\"},{\"@type\":\"ListItem\",\"position\":2,\"name\":\"Productos\",\"item\":\"https:\/\/kuken.alfadyser.dev\/productos\/\"},{\"@type\":\"ListItem\",\"position\":3,\"name\":\"B\u00c1SCULA DE BA\u00d1O CRISTAL DIGITAL 180KG K\u00dcKEN\"}]},{\"@type\":\"WebSite\",\"@id\":\"https:\/\/kuken.alfadyser.dev\/#website\",\"url\":\"https:\/\/kuken.alfadyser.dev\/\",\"name\":\"K\u00fcken\",\"description\":\"Amplia gama de peque\u00f1o electrodom\u00e9stico k\u00fcken\",\"publisher\":{\"@id\":\"https:\/\/kuken.alfadyser.dev\/#organization\"},\"potentialAction\":[{\"@type\":\"SearchAction\",\"target\":{\"@type\":\"EntryPoint\",\"urlTemplate\":\"https:\/\/kuken.alfadyser.dev\/?s={search_term_string}\"},\"query-input\":{\"@type\":\"PropertyValueSpecification\",\"valueRequired\":true,\"valueName\":\"search_term_string\"}}],\"inLanguage\":\"nl-NL\"},{\"@type\":\"Organization\",\"@id\":\"https:\/\/kuken.alfadyser.dev\/#organization\",\"name\":\"Alfa Dyser\",\"url\":\"https:\/\/kuken.alfadyser.dev\/\",\"logo\":{\"@type\":\"ImageObject\",\"inLanguage\":\"nl-NL\",\"@id\":\"https:\/\/kuken.alfadyser.dev\/#\/schema\/logo\/image\/\",\"url\":\"https:\/\/kuken.alfadyser.dev\/wp-content\/uploads\/2019\/04\/kuken-logo.png\",\"contentUrl\":\"https:\/\/kuken.alfadyser.dev\/wp-content\/uploads\/2019\/04\/kuken-logo.png\",\"width\":500,\"height\":191,\"caption\":\"Alfa Dyser\"},\"image\":{\"@id\":\"https:\/\/kuken.alfadyser.dev\/#\/schema\/logo\/image\/\"},\"sameAs\":[\"https:\/\/es-es.facebook.com\/alfadyser\/\",\"https:\/\/www.instagram.com\/kuken_appliances\/\"]}]}<\/script>\n<meta property=\"product:price:currency\" content=\"EUR\" \/>\n<meta property=\"og:availability\" content=\"instock\" \/>\n<meta property=\"product:availability\" content=\"instock\" \/>\n<meta property=\"product:retailer_item_id\" content=\"33703\" \/>\n<meta property=\"product:condition\" content=\"new\" \/>\n<!-- \/ Yoast SEO Premium plugin. -->","yoast_head_json":{"title":"K\u00dcKEN DIGITALE GLAZEN WEEGSCHAAL 180KG - K\u00fcken","description":"Exclusieve k\u00fcken glazen badkamerweegschaal. Houd je lichaamsgewicht snel en gemakkelijk bij. Ontdek het nu.","robots":{"index":"noindex","follow":"follow","max-snippet":"max-snippet:-1","max-image-preview":"max-image-preview:large","max-video-preview":"max-video-preview:-1"},"og_locale":"nl_NL","og_type":"article","og_title":"B\u00c1SCULA DE BA\u00d1O CRISTAL DIGITAL 180KG K\u00dcKEN","og_description":"Exclusiva b\u00e1scula de ba\u00f1o de cristal k\u00fcken. Lleva el control de tu peso corporal de manera r\u00e1pida y f\u00e1cil. Desc\u00fabrela ahora.","og_url":"https:\/\/kuken.alfadyser.dev\/nl\/product\/digitale-glazen-badkamerweegschaal-180kg-kuken\/","og_site_name":"K\u00fcken","article_publisher":"https:\/\/es-es.facebook.com\/alfadyser\/","article_modified_time":"2025-07-23T08:24:36+00:00","og_image":[{"width":853,"height":853,"url":"https:\/\/kuken.alfadyser.dev\/wp-content\/uploads\/2020\/03\/B\u00c1SCULA-BA\u00d1O-DIGITAL-CRISTAL-180KG-KUKEN.jpg","type":"image\/jpeg"}],"twitter_card":"summary_large_image","twitter_misc":{"Prijs":"","Beschikbaarheid":"Op voorraad"},"schema":{"@context":"https:\/\/schema.org","@graph":[{"@type":"WebPage","@id":"https:\/\/kuken.alfadyser.dev\/producto\/bascula-de-bano-cristal-digital-180kg-kuken\/","url":"https:\/\/kuken.alfadyser.dev\/producto\/bascula-de-bano-cristal-digital-180kg-kuken\/","name":"K\u00dcKEN DIGITALE GLAZEN WEEGSCHAAL 180KG - K\u00fcken","isPartOf":{"@id":"https:\/\/kuken.alfadyser.dev\/#website"},"primaryImageOfPage":{"@id":"https:\/\/kuken.alfadyser.dev\/producto\/bascula-de-bano-cristal-digital-180kg-kuken\/#primaryimage"},"image":{"@id":"https:\/\/kuken.alfadyser.dev\/producto\/bascula-de-bano-cristal-digital-180kg-kuken\/#primaryimage"},"thumbnailUrl":"https:\/\/kuken.alfadyser.dev\/wp-content\/uploads\/2020\/03\/B\u00c1SCULA-BA\u00d1O-DIGITAL-CRISTAL-180KG-KUKEN.jpg","datePublished":"2020-03-02T09:27:59+00:00","dateModified":"2025-07-23T08:24:36+00:00","description":"Exclusieve k\u00fcken glazen badkamerweegschaal. Houd je lichaamsgewicht snel en gemakkelijk bij. Ontdek het nu.","breadcrumb":{"@id":"https:\/\/kuken.alfadyser.dev\/producto\/bascula-de-bano-cristal-digital-180kg-kuken\/#breadcrumb"},"inLanguage":"nl-NL","potentialAction":[{"@type":"ReadAction","target":["https:\/\/kuken.alfadyser.dev\/producto\/bascula-de-bano-cristal-digital-180kg-kuken\/"]}]},{"@type":"ImageObject","inLanguage":"nl-NL","@id":"https:\/\/kuken.alfadyser.dev\/producto\/bascula-de-bano-cristal-digital-180kg-kuken\/#primaryimage","url":"https:\/\/kuken.alfadyser.dev\/wp-content\/uploads\/2020\/03\/B\u00c1SCULA-BA\u00d1O-DIGITAL-CRISTAL-180KG-KUKEN.jpg","contentUrl":"https:\/\/kuken.alfadyser.dev\/wp-content\/uploads\/2020\/03\/B\u00c1SCULA-BA\u00d1O-DIGITAL-CRISTAL-180KG-KUKEN.jpg","width":853,"height":853,"caption":"B\u00e1scula de ba\u00f1o digital k\u00fcken de cristal"},{"@type":"BreadcrumbList","@id":"https:\/\/kuken.alfadyser.dev\/producto\/bascula-de-bano-cristal-digital-180kg-kuken\/#breadcrumb","itemListElement":[{"@type":"ListItem","position":1,"name":"Portada","item":"https:\/\/kuken.alfadyser.dev\/"},{"@type":"ListItem","position":2,"name":"Productos","item":"https:\/\/kuken.alfadyser.dev\/productos\/"},{"@type":"ListItem","position":3,"name":"B\u00c1SCULA DE BA\u00d1O CRISTAL DIGITAL 180KG K\u00dcKEN"}]},{"@type":"WebSite","@id":"https:\/\/kuken.alfadyser.dev\/#website","url":"https:\/\/kuken.alfadyser.dev\/","name":"K\u00fcken","description":"Uitgebreid assortiment kleine huishoudelijke apparaten van k\u00fcken","publisher":{"@id":"https:\/\/kuken.alfadyser.dev\/#organization"},"potentialAction":[{"@type":"SearchAction","target":{"@type":"EntryPoint","urlTemplate":"https:\/\/kuken.alfadyser.dev\/?s={search_term_string}"},"query-input":{"@type":"PropertyValueSpecification","valueRequired":true,"valueName":"search_term_string"}}],"inLanguage":"nl-NL"},{"@type":"Organization","@id":"https:\/\/kuken.alfadyser.dev\/#organization","name":"Alpha Dyser","url":"https:\/\/kuken.alfadyser.dev\/","logo":{"@type":"ImageObject","inLanguage":"nl-NL","@id":"https:\/\/kuken.alfadyser.dev\/#\/schema\/logo\/image\/","url":"https:\/\/kuken.alfadyser.dev\/wp-content\/uploads\/2019\/04\/kuken-logo.png","contentUrl":"https:\/\/kuken.alfadyser.dev\/wp-content\/uploads\/2019\/04\/kuken-logo.png","width":500,"height":191,"caption":"Alfa Dyser"},"image":{"@id":"https:\/\/kuken.alfadyser.dev\/#\/schema\/logo\/image\/"},"sameAs":["https:\/\/es-es.facebook.com\/alfadyser\/","https:\/\/www.instagram.com\/kuken_appliances\/"]}]},"product_price_currency":"EUR","og_availability":"instock","product_availability":"instock","product_retailer_item_id":"33703","product_condition":"new"},"_links":{"self":[{"href":"https:\/\/kuken.alfadyser.dev\/nl\/wp-json\/wp\/v2\/product\/3539","targetHints":{"allow":["GET"]}}],"collection":[{"href":"https:\/\/kuken.alfadyser.dev\/nl\/wp-json\/wp\/v2\/product"}],"about":[{"href":"https:\/\/kuken.alfadyser.dev\/nl\/wp-json\/wp\/v2\/types\/product"}],"wp:featuredmedia":[{"embeddable":true,"href":"https:\/\/kuken.alfadyser.dev\/nl\/wp-json\/wp\/v2\/media\/3540"}],"wp:attachment":[{"href":"https:\/\/kuken.alfadyser.dev\/nl\/wp-json\/wp\/v2\/media?parent=3539"}],"wp:term":[{"taxonomy":"product_brand","embeddable":true,"href":"https:\/\/kuken.alfadyser.dev\/nl\/wp-json\/wp\/v2\/product_brand?post=3539"},{"taxonomy":"product_cat","embeddable":true,"href":"https:\/\/kuken.alfadyser.dev\/nl\/wp-json\/wp\/v2\/product_cat?post=3539"},{"taxonomy":"product_tag","embeddable":true,"href":"https:\/\/kuken.alfadyser.dev\/nl\/wp-json\/wp\/v2\/product_tag?post=3539"}],"curies":[{"name":"wp","href":"https:\/\/api.w.org\/{rel}","templated":true}]}}