{"id":3529,"date":"2020-03-02T10:27:38","date_gmt":"2020-03-02T09:27:38","guid":{"rendered":"https:\/\/kuken.alfadyser.dev\/producto\/bascula-bano-digital-nograndes-180kg-kuken\/"},"modified":"2025-09-01T10:31:32","modified_gmt":"2025-09-01T08:31:32","slug":"badkamerweegschaal-grote-aantallen-180kg-kuken","status":"publish","type":"product","link":"https:\/\/kuken.alfadyser.dev\/nl\/product\/badkamerweegschaal-grote-aantallen-180kg-kuken\/","title":{"rendered":"BADKAMERWEEGSCHAAL GROTE AANTALLEN 180KG K\u00dcKEN"},"content":{"rendered":"<p>BADKAMERWEEGSCHAAL GROTE AANTALLEN 180KG K\u00dcKEN<\/p>\n<ul>\n<li class=\"\" data-start=\"664\" data-end=\"739\">\n<p class=\"\" data-start=\"666\" data-end=\"739\">Dise\u00f1o ultrafino de 22 mm, moderno y funcional para cualquier ba\u00f1o.<\/p>\n<\/li>\n<li class=\"\" data-start=\"740\" data-end=\"803\">\n<p class=\"\" data-start=\"742\" data-end=\"803\">Base de cristal templado, resistente y de alta calidad.<\/p>\n<\/li>\n<li class=\"\" data-start=\"804\" data-end=\"857\">\n<p class=\"\" data-start=\"806\" data-end=\"857\">Superficie de 320 x 300 mm, amplia y estable.<\/p>\n<\/li>\n<li class=\"\" data-start=\"858\" data-end=\"922\">\n<p class=\"\" data-start=\"860\" data-end=\"922\">Encendido autom\u00e1tico al subir a la b\u00e1scula, sin botones.<\/p>\n<\/li>\n<li class=\"\" data-start=\"923\" data-end=\"1003\">\n<p class=\"\" data-start=\"925\" data-end=\"1003\">Pantalla XXL de 107 x 50 mm, con n\u00fameros grandes para f\u00e1cil lectura.<\/p>\n<\/li>\n<li class=\"\" data-start=\"1004\" data-end=\"1078\">\n<p class=\"\" data-start=\"1006\" data-end=\"1078\">Cuatro sensores de alta precisi\u00f3n, resultados fiables en segundos.<\/p>\n<\/li>\n<li class=\"\" data-start=\"1079\" data-end=\"1142\">\n<p class=\"\" data-start=\"1081\" data-end=\"1142\">Interruptor UNIT para cambiar entre kg, lb y st:lb.<\/p>\n<\/li>\n<li class=\"\" data-start=\"1143\" data-end=\"1189\">\n<p class=\"\" data-start=\"1145\" data-end=\"1189\">Soporta hasta 180\u202fkg de peso corporal.<\/p>\n<\/li>\n<li class=\"\" data-start=\"1190\" data-end=\"1266\">\n<p class=\"\" data-start=\"1192\" data-end=\"1266\">Patas de goma antideslizantes para mayor seguridad en el uso diario.<\/p>\n<\/li>\n<li class=\"\" data-start=\"1267\" data-end=\"1337\">\n<p class=\"\" data-start=\"1269\" data-end=\"1337\">Funciona con 1 pila 3V CR2032 (incluida), lista para utilizarse.<\/p>\n<\/li>\n<\/ul>\n<p><div class=\"accordion\"><div class=\"mfn-acc accordion_wrapper  toggle\"><div class=\"question\"><div class=\"title\"><i class=\"icon-plus acc-icon-plus\" aria-hidden=\"true\"><\/i><i class=\"icon-minus acc-icon-minus\" aria-hidden=\"true\"><\/i>Productgegevens<\/div><div class=\"answer\">EAN 8425160337919<\/p>\n<p>BADKAMERWEEGSCHAAL GROTE AANTALLEN 180KG K\u00dcKEN<\/p>\n<p>Verpakkingseenheid 1<br \/>\nKleur Grijs<br \/>\nVerpakking Dooskleur<br \/>\nAfmetingen 320 mm (lengte), 300 mm (breedte), 22 mm (hoogte)<br \/>\nMateriaal Gehard glas.<br \/>\nAntislipvoeten Ja<br \/>\nGewicht 1,63 kg.<br \/>\nGevoed door 1 x 3V CR2032 batterij (meegeleverd).<\/div><\/div>\n<\/div><\/div>\n<br \/>\n<div class=\"accordion\"><div class=\"mfn-acc accordion_wrapper  toggle\"><div class=\"question\"><div class=\"title\"><i class=\"icon-plus acc-icon-plus\" aria-hidden=\"true\"><\/i><i class=\"icon-minus acc-icon-minus\" aria-hidden=\"true\"><\/i>Accessoires<\/div><div class=\"answer\"><\/div><\/div>\n<\/div><\/div>\n<\/p>\n<div class=\"descargas-producto\"><a href=\"\/wp-content\/uploads\/pdf\/8425160337919_ficha_tecnica.pdf\" target=\"_blank\" rel=\"noopener noreferrer\"><br \/>\n<img loading=\"lazy\" decoding=\"async\" src=\"\/wp-content\/uploads\/2019\/12\/picto-descarrega.png\" alt=\"gegevensblad downloaden\" width=\"23\" height=\"16\" \/>Blad downloaden<\/a><a href=\"https:\/\/kuken.alfadyser.dev\/wp-content\/uploads\/33791_instrucciones.pdf\" target=\"_blank\" rel=\"noopener noreferrer\"><br \/>\n<img loading=\"lazy\" decoding=\"async\" src=\"\/wp-content\/uploads\/2019\/12\/picto-descarrega.png\" alt=\"handleiding downloaden\" width=\"23\" height=\"16\" \/>Handleiding downloaden<\/a><\/div>\n<div><\/div>\n<div><span style=\"color: #bf2121\">Volg ons op sociale media!<\/span><\/div>\n<div><a href=\"https:\/\/www.instagram.com\/kuken_appliances\/\">https:\/\/www.instagram.com\/kuken_appliances\/<\/a><\/div>\n<p><iframe loading=\"lazy\" title=\"Digitale badkamerweegschaal n\u00bagroot 180kg K\u00fcken\" width=\"560\" height=\"315\" src=\"https:\/\/www.youtube.com\/embed\/2QRYKfMZKOU?feature=oembed\" frameborder=\"0\" allow=\"accelerometer; autoplay; clipboard-write; encrypted-media; gyroscope; picture-in-picture; web-share\" referrerpolicy=\"strict-origin-when-cross-origin\" allowfullscreen><\/iframe><\/p>","protected":false},"excerpt":{"rendered":"<p class=\"\" data-start=\"445\" data-end=\"587\">Lectura f\u00e1cil y clara con pantalla XXL. Dise\u00f1o ultrafino, base de cristal templado y sensores de precisi\u00f3n. Lista para usar con pila incluida.<\/p>","protected":false},"featured_media":3530,"template":"","meta":[],"product_brand":[],"product_cat":[209],"product_tag":[],"class_list":{"0":"post-3529","1":"product","2":"type-product","3":"status-publish","4":"has-post-thumbnail","6":"product_cat-basculas-romanas","8":"first","9":"instock","10":"product-type-simple"},"yoast_head":"<!-- This site is optimized with the Yoast SEO Premium plugin v24.0 (Yoast SEO v26.5) - https:\/\/yoast.com\/wordpress\/plugins\/seo\/ -->\n<title>B\u00c1SCULA DE BA\u00d1O N\u00daMEROS GRANDES 180KG K\u00dcKEN - K\u00fcken<\/title>\n<meta name=\"description\" content=\"Nueva y exclusiva b\u00e1scula de ba\u00f1o digital k\u00fcken con numeros grandes. Puedes llevar el control de tu peso corporal de manera r\u00e1pida y f\u00e1cil.\" \/>\n<meta name=\"robots\" content=\"noindex, follow, max-snippet:-1, max-image-preview:large, max-video-preview:-1\" \/>\n<meta property=\"og:locale\" content=\"nl_NL\" \/>\n<meta property=\"og:type\" content=\"article\" \/>\n<meta property=\"og:title\" content=\"B\u00c1SCULA DE BA\u00d1O N\u00daMEROS GRANDES 180KG K\u00dcKEN\" \/>\n<meta property=\"og:description\" content=\"Nueva y exclusiva b\u00e1scula de ba\u00f1o digital k\u00fcken con numeros grandes. Puedes llevar el control de tu peso corporal de manera r\u00e1pida y f\u00e1cil.\" \/>\n<meta property=\"og:url\" content=\"https:\/\/kuken.alfadyser.dev\/nl\/product\/badkamerweegschaal-grote-aantallen-180kg-kuken\/\" \/>\n<meta property=\"og:site_name\" content=\"K\u00fcken\" \/>\n<meta property=\"article:publisher\" content=\"https:\/\/es-es.facebook.com\/alfadyser\/\" \/>\n<meta property=\"article:modified_time\" content=\"2025-09-01T08:31:32+00:00\" \/>\n<meta property=\"og:image\" content=\"https:\/\/kuken.alfadyser.dev\/wp-content\/uploads\/2020\/03\/B\u00c1SCULA-BA\u00d1O-DIGITAL-N\u00baGRANDES-180KG-KUKEN.jpg\" \/>\n\t<meta property=\"og:image:width\" content=\"853\" \/>\n\t<meta property=\"og:image:height\" content=\"853\" \/>\n\t<meta property=\"og:image:type\" content=\"image\/jpeg\" \/>\n<meta name=\"twitter:card\" content=\"summary_large_image\" \/>\n<meta name=\"twitter:label1\" content=\"Prijs\" \/>\n\t<meta name=\"twitter:data1\" content=\"\" \/>\n\t<meta name=\"twitter:label2\" content=\"Beschikbaarheid\" \/>\n\t<meta name=\"twitter:data2\" content=\"Op voorraad\" \/>\n<script type=\"application\/ld+json\" class=\"yoast-schema-graph\">{\"@context\":\"https:\/\/schema.org\",\"@graph\":[{\"@type\":\"WebPage\",\"@id\":\"https:\/\/kuken.alfadyser.dev\/producto\/bascula-de-bano-numeros-grandes-180kg-kuken\/\",\"url\":\"https:\/\/kuken.alfadyser.dev\/producto\/bascula-de-bano-numeros-grandes-180kg-kuken\/\",\"name\":\"B\u00c1SCULA DE BA\u00d1O N\u00daMEROS GRANDES 180KG K\u00dcKEN - K\u00fcken\",\"isPartOf\":{\"@id\":\"https:\/\/kuken.alfadyser.dev\/#website\"},\"primaryImageOfPage\":{\"@id\":\"https:\/\/kuken.alfadyser.dev\/producto\/bascula-de-bano-numeros-grandes-180kg-kuken\/#primaryimage\"},\"image\":{\"@id\":\"https:\/\/kuken.alfadyser.dev\/producto\/bascula-de-bano-numeros-grandes-180kg-kuken\/#primaryimage\"},\"thumbnailUrl\":\"https:\/\/kuken.alfadyser.dev\/wp-content\/uploads\/2020\/03\/B\u00c1SCULA-BA\u00d1O-DIGITAL-N\u00baGRANDES-180KG-KUKEN.jpg\",\"datePublished\":\"2020-03-02T09:27:38+00:00\",\"dateModified\":\"2025-09-01T08:31:32+00:00\",\"description\":\"Nueva y exclusiva b\u00e1scula de ba\u00f1o digital k\u00fcken con numeros grandes. Puedes llevar el control de tu peso corporal de manera r\u00e1pida y f\u00e1cil.\",\"breadcrumb\":{\"@id\":\"https:\/\/kuken.alfadyser.dev\/producto\/bascula-de-bano-numeros-grandes-180kg-kuken\/#breadcrumb\"},\"inLanguage\":\"nl-NL\",\"potentialAction\":[{\"@type\":\"ReadAction\",\"target\":[\"https:\/\/kuken.alfadyser.dev\/producto\/bascula-de-bano-numeros-grandes-180kg-kuken\/\"]}]},{\"@type\":\"ImageObject\",\"inLanguage\":\"nl-NL\",\"@id\":\"https:\/\/kuken.alfadyser.dev\/producto\/bascula-de-bano-numeros-grandes-180kg-kuken\/#primaryimage\",\"url\":\"https:\/\/kuken.alfadyser.dev\/wp-content\/uploads\/2020\/03\/B\u00c1SCULA-BA\u00d1O-DIGITAL-N\u00baGRANDES-180KG-KUKEN.jpg\",\"contentUrl\":\"https:\/\/kuken.alfadyser.dev\/wp-content\/uploads\/2020\/03\/B\u00c1SCULA-BA\u00d1O-DIGITAL-N\u00baGRANDES-180KG-KUKEN.jpg\",\"width\":853,\"height\":853,\"caption\":\"B\u00e1scula de ba\u00f1o digital k\u00fcken con n\u00fameros grandes\"},{\"@type\":\"BreadcrumbList\",\"@id\":\"https:\/\/kuken.alfadyser.dev\/producto\/bascula-de-bano-numeros-grandes-180kg-kuken\/#breadcrumb\",\"itemListElement\":[{\"@type\":\"ListItem\",\"position\":1,\"name\":\"Portada\",\"item\":\"https:\/\/kuken.alfadyser.dev\/\"},{\"@type\":\"ListItem\",\"position\":2,\"name\":\"Productos\",\"item\":\"https:\/\/kuken.alfadyser.dev\/productos\/\"},{\"@type\":\"ListItem\",\"position\":3,\"name\":\"B\u00c1SCULA DE BA\u00d1O N\u00daMEROS GRANDES 180KG K\u00dcKEN\"}]},{\"@type\":\"WebSite\",\"@id\":\"https:\/\/kuken.alfadyser.dev\/#website\",\"url\":\"https:\/\/kuken.alfadyser.dev\/\",\"name\":\"K\u00fcken\",\"description\":\"Amplia gama de peque\u00f1o electrodom\u00e9stico k\u00fcken\",\"publisher\":{\"@id\":\"https:\/\/kuken.alfadyser.dev\/#organization\"},\"potentialAction\":[{\"@type\":\"SearchAction\",\"target\":{\"@type\":\"EntryPoint\",\"urlTemplate\":\"https:\/\/kuken.alfadyser.dev\/?s={search_term_string}\"},\"query-input\":{\"@type\":\"PropertyValueSpecification\",\"valueRequired\":true,\"valueName\":\"search_term_string\"}}],\"inLanguage\":\"nl-NL\"},{\"@type\":\"Organization\",\"@id\":\"https:\/\/kuken.alfadyser.dev\/#organization\",\"name\":\"Alfa Dyser\",\"url\":\"https:\/\/kuken.alfadyser.dev\/\",\"logo\":{\"@type\":\"ImageObject\",\"inLanguage\":\"nl-NL\",\"@id\":\"https:\/\/kuken.alfadyser.dev\/#\/schema\/logo\/image\/\",\"url\":\"https:\/\/kuken.alfadyser.dev\/wp-content\/uploads\/2019\/04\/kuken-logo.png\",\"contentUrl\":\"https:\/\/kuken.alfadyser.dev\/wp-content\/uploads\/2019\/04\/kuken-logo.png\",\"width\":500,\"height\":191,\"caption\":\"Alfa Dyser\"},\"image\":{\"@id\":\"https:\/\/kuken.alfadyser.dev\/#\/schema\/logo\/image\/\"},\"sameAs\":[\"https:\/\/es-es.facebook.com\/alfadyser\/\",\"https:\/\/www.instagram.com\/kuken_appliances\/\"]}]}<\/script>\n<meta property=\"product:price:currency\" content=\"EUR\" \/>\n<meta property=\"og:availability\" content=\"instock\" \/>\n<meta property=\"product:availability\" content=\"instock\" \/>\n<meta property=\"product:retailer_item_id\" content=\"33791\" \/>\n<meta property=\"product:condition\" content=\"new\" \/>\n<!-- \/ Yoast SEO Premium plugin. -->","yoast_head_json":{"title":"BADKAMERWEEGSCHAAL GROTE AANTALLEN 180KG K\u00dcKEN - K\u00fcken","description":"Nieuwe en exclusieve digitale k\u00fcken-badkamerweegschaal met grote cijfers. Je kunt je lichaamsgewicht snel en gemakkelijk bijhouden.","robots":{"index":"noindex","follow":"follow","max-snippet":"max-snippet:-1","max-image-preview":"max-image-preview:large","max-video-preview":"max-video-preview:-1"},"og_locale":"nl_NL","og_type":"article","og_title":"B\u00c1SCULA DE BA\u00d1O N\u00daMEROS GRANDES 180KG K\u00dcKEN","og_description":"Nueva y exclusiva b\u00e1scula de ba\u00f1o digital k\u00fcken con numeros grandes. Puedes llevar el control de tu peso corporal de manera r\u00e1pida y f\u00e1cil.","og_url":"https:\/\/kuken.alfadyser.dev\/nl\/product\/badkamerweegschaal-grote-aantallen-180kg-kuken\/","og_site_name":"K\u00fcken","article_publisher":"https:\/\/es-es.facebook.com\/alfadyser\/","article_modified_time":"2025-09-01T08:31:32+00:00","og_image":[{"width":853,"height":853,"url":"https:\/\/kuken.alfadyser.dev\/wp-content\/uploads\/2020\/03\/B\u00c1SCULA-BA\u00d1O-DIGITAL-N\u00baGRANDES-180KG-KUKEN.jpg","type":"image\/jpeg"}],"twitter_card":"summary_large_image","twitter_misc":{"Prijs":"","Beschikbaarheid":"Op voorraad"},"schema":{"@context":"https:\/\/schema.org","@graph":[{"@type":"WebPage","@id":"https:\/\/kuken.alfadyser.dev\/producto\/bascula-de-bano-numeros-grandes-180kg-kuken\/","url":"https:\/\/kuken.alfadyser.dev\/producto\/bascula-de-bano-numeros-grandes-180kg-kuken\/","name":"BADKAMERWEEGSCHAAL GROTE AANTALLEN 180KG K\u00dcKEN - K\u00fcken","isPartOf":{"@id":"https:\/\/kuken.alfadyser.dev\/#website"},"primaryImageOfPage":{"@id":"https:\/\/kuken.alfadyser.dev\/producto\/bascula-de-bano-numeros-grandes-180kg-kuken\/#primaryimage"},"image":{"@id":"https:\/\/kuken.alfadyser.dev\/producto\/bascula-de-bano-numeros-grandes-180kg-kuken\/#primaryimage"},"thumbnailUrl":"https:\/\/kuken.alfadyser.dev\/wp-content\/uploads\/2020\/03\/B\u00c1SCULA-BA\u00d1O-DIGITAL-N\u00baGRANDES-180KG-KUKEN.jpg","datePublished":"2020-03-02T09:27:38+00:00","dateModified":"2025-09-01T08:31:32+00:00","description":"Nieuwe en exclusieve digitale k\u00fcken-badkamerweegschaal met grote cijfers. Je kunt je lichaamsgewicht snel en gemakkelijk bijhouden.","breadcrumb":{"@id":"https:\/\/kuken.alfadyser.dev\/producto\/bascula-de-bano-numeros-grandes-180kg-kuken\/#breadcrumb"},"inLanguage":"nl-NL","potentialAction":[{"@type":"ReadAction","target":["https:\/\/kuken.alfadyser.dev\/producto\/bascula-de-bano-numeros-grandes-180kg-kuken\/"]}]},{"@type":"ImageObject","inLanguage":"nl-NL","@id":"https:\/\/kuken.alfadyser.dev\/producto\/bascula-de-bano-numeros-grandes-180kg-kuken\/#primaryimage","url":"https:\/\/kuken.alfadyser.dev\/wp-content\/uploads\/2020\/03\/B\u00c1SCULA-BA\u00d1O-DIGITAL-N\u00baGRANDES-180KG-KUKEN.jpg","contentUrl":"https:\/\/kuken.alfadyser.dev\/wp-content\/uploads\/2020\/03\/B\u00c1SCULA-BA\u00d1O-DIGITAL-N\u00baGRANDES-180KG-KUKEN.jpg","width":853,"height":853,"caption":"B\u00e1scula de ba\u00f1o digital k\u00fcken con n\u00fameros grandes"},{"@type":"BreadcrumbList","@id":"https:\/\/kuken.alfadyser.dev\/producto\/bascula-de-bano-numeros-grandes-180kg-kuken\/#breadcrumb","itemListElement":[{"@type":"ListItem","position":1,"name":"Portada","item":"https:\/\/kuken.alfadyser.dev\/"},{"@type":"ListItem","position":2,"name":"Productos","item":"https:\/\/kuken.alfadyser.dev\/productos\/"},{"@type":"ListItem","position":3,"name":"B\u00c1SCULA DE BA\u00d1O N\u00daMEROS GRANDES 180KG K\u00dcKEN"}]},{"@type":"WebSite","@id":"https:\/\/kuken.alfadyser.dev\/#website","url":"https:\/\/kuken.alfadyser.dev\/","name":"K\u00fcken","description":"Uitgebreid assortiment kleine huishoudelijke apparaten van k\u00fcken","publisher":{"@id":"https:\/\/kuken.alfadyser.dev\/#organization"},"potentialAction":[{"@type":"SearchAction","target":{"@type":"EntryPoint","urlTemplate":"https:\/\/kuken.alfadyser.dev\/?s={search_term_string}"},"query-input":{"@type":"PropertyValueSpecification","valueRequired":true,"valueName":"search_term_string"}}],"inLanguage":"nl-NL"},{"@type":"Organization","@id":"https:\/\/kuken.alfadyser.dev\/#organization","name":"Alpha Dyser","url":"https:\/\/kuken.alfadyser.dev\/","logo":{"@type":"ImageObject","inLanguage":"nl-NL","@id":"https:\/\/kuken.alfadyser.dev\/#\/schema\/logo\/image\/","url":"https:\/\/kuken.alfadyser.dev\/wp-content\/uploads\/2019\/04\/kuken-logo.png","contentUrl":"https:\/\/kuken.alfadyser.dev\/wp-content\/uploads\/2019\/04\/kuken-logo.png","width":500,"height":191,"caption":"Alfa Dyser"},"image":{"@id":"https:\/\/kuken.alfadyser.dev\/#\/schema\/logo\/image\/"},"sameAs":["https:\/\/es-es.facebook.com\/alfadyser\/","https:\/\/www.instagram.com\/kuken_appliances\/"]}]},"product_price_currency":"EUR","og_availability":"instock","product_availability":"instock","product_retailer_item_id":"33791","product_condition":"new"},"_links":{"self":[{"href":"https:\/\/kuken.alfadyser.dev\/nl\/wp-json\/wp\/v2\/product\/3529","targetHints":{"allow":["GET"]}}],"collection":[{"href":"https:\/\/kuken.alfadyser.dev\/nl\/wp-json\/wp\/v2\/product"}],"about":[{"href":"https:\/\/kuken.alfadyser.dev\/nl\/wp-json\/wp\/v2\/types\/product"}],"wp:featuredmedia":[{"embeddable":true,"href":"https:\/\/kuken.alfadyser.dev\/nl\/wp-json\/wp\/v2\/media\/3530"}],"wp:attachment":[{"href":"https:\/\/kuken.alfadyser.dev\/nl\/wp-json\/wp\/v2\/media?parent=3529"}],"wp:term":[{"taxonomy":"product_brand","embeddable":true,"href":"https:\/\/kuken.alfadyser.dev\/nl\/wp-json\/wp\/v2\/product_brand?post=3529"},{"taxonomy":"product_cat","embeddable":true,"href":"https:\/\/kuken.alfadyser.dev\/nl\/wp-json\/wp\/v2\/product_cat?post=3529"},{"taxonomy":"product_tag","embeddable":true,"href":"https:\/\/kuken.alfadyser.dev\/nl\/wp-json\/wp\/v2\/product_tag?post=3529"}],"curies":[{"name":"wp","href":"https:\/\/api.w.org\/{rel}","templated":true}]}}