{"id":3358,"date":"2020-03-02T10:15:51","date_gmt":"2020-03-02T09:15:51","guid":{"rendered":"https:\/\/kuken.alfadyser.dev\/producto\/pizza-pan-antiadherente-40x9cm-1500w-kuken\/"},"modified":"2025-07-28T11:57:25","modified_gmt":"2025-07-28T09:57:25","slug":"pizza-pan-antiadherente-40x9cm-1500w-kuken","status":"publish","type":"product","link":"https:\/\/kuken.alfadyser.dev\/nl\/product\/pizza-pan-antiadherente-40x9cm-1500w-kuken\/","title":{"rendered":"PIZZABROOD MET ANTIAANBAKLAAG 40X9CM 1500W K\u00dcKEN"},"content":{"rendered":"<p>PIZZABROOD MET ANTIAANBAKLAAG 40X9CM 1500W K\u00dcKEN<\/p>\n<ul data-start=\"775\" data-end=\"1544\">\n<li data-start=\"775\" data-end=\"859\">\n<p data-start=\"777\" data-end=\"859\">Apta para todo tipo de recetas: paella, pizza, carne, pescado, guisos y m\u00e1s.<\/p>\n<\/li>\n<li data-start=\"860\" data-end=\"940\">\n<p data-start=\"862\" data-end=\"940\">Regulador de temperatura de hasta 240\u202f\u00b0C con 5 niveles de calor.<\/p>\n<\/li>\n<li data-start=\"941\" data-end=\"1018\">\n<p data-start=\"943\" data-end=\"1018\">Tapa de cristal templado, permite supervisar la cocci\u00f3n sin destapar.<\/p>\n<\/li>\n<li data-start=\"1019\" data-end=\"1098\">\n<p data-start=\"1021\" data-end=\"1098\">V\u00e1lvula de salida de vapor que evita la acumulaci\u00f3n de presi\u00f3n interna.<\/p>\n<\/li>\n<li data-start=\"1099\" data-end=\"1191\">\n<p data-start=\"1101\" data-end=\"1191\">Interior completamente antiadherente, f\u00e1cil de limpiar y sin que se pegue la comida.<\/p>\n<\/li>\n<li data-start=\"1192\" data-end=\"1271\">\n<p data-start=\"1194\" data-end=\"1271\">Indicador luminoso de encendido, muestra cu\u00e1ndo el aparato est\u00e1 en uso.<\/p>\n<\/li>\n<li data-start=\"1272\" data-end=\"1345\">\n<p data-start=\"1274\" data-end=\"1345\">Asas y pomo de baquelita, de tacto fr\u00edo para mayor seguridad.<\/p>\n<\/li>\n<li data-start=\"1346\" data-end=\"1413\">\n<p data-start=\"1348\" data-end=\"1413\">Patas con base de goma antideslizante, aportan estabilidad.<\/p>\n<\/li>\n<li data-start=\"1414\" data-end=\"1501\">\n<p data-start=\"1416\" data-end=\"1501\">Di\u00e1metro de 40 cm y altura de 9 cm, tama\u00f1o ideal para preparaciones familiares.<\/p>\n<\/li>\n<li data-start=\"1502\" data-end=\"1544\">\n<p data-start=\"1504\" data-end=\"1544\">Potencia de 1500 W, eficaz y r\u00e1pida.<\/p>\n<\/li>\n<\/ul>\n<p><div class=\"accordion\"><div class=\"mfn-acc accordion_wrapper  toggle\"><div class=\"question\"><div class=\"title\"><i class=\"icon-plus acc-icon-plus\" aria-hidden=\"true\"><\/i><i class=\"icon-minus acc-icon-minus\" aria-hidden=\"true\"><\/i>Productgegevens<\/div><div class=\"answer\">EAN 8425160329518<\/p>\n<p>PIZZABROOD MET ANTIAANBAKLAAG 40X9CM 1500W K\u00dcKEN<\/p>\n<p>Verpakkingseenheid 1<br \/>\nKleur Zwart<br \/>\nVerpakking Dooskleur<br \/>\nVermogen 1500 W<br \/>\nSpanning 230 V<br \/>\nGroot formaat<br \/>\nMaterial\u00a0Aluminio Xylan.<br \/>\nAntislipvoeten Ja<br \/>\nDimensiones \u00d8 400 mm x altura 90 mm.<br \/>\nPeso 3,3 kg.<\/div><\/div>\n<\/div><\/div>\n<br \/>\n<div class=\"accordion\"><div class=\"mfn-acc accordion_wrapper  toggle\"><div class=\"question\"><div class=\"title\"><i class=\"icon-plus acc-icon-plus\" aria-hidden=\"true\"><\/i><i class=\"icon-minus acc-icon-minus\" aria-hidden=\"true\"><\/i>Accessoires<\/div><div class=\"answer\"><\/div><\/div>\n<\/div><\/div>\n<\/p>\n<div class=\"descargas-producto\"><a href=\"\/wp-content\/uploads\/pdf\/8425160329518_ficha_tecnica.pdf\" target=\"_blank\" rel=\"noopener noreferrer\"><br \/>\n<img loading=\"lazy\" decoding=\"async\" src=\"\/wp-content\/uploads\/2019\/12\/picto-descarrega.png\" alt=\"gegevensblad downloaden\" width=\"23\" height=\"16\" \/>Blad downloaden<\/a><a href=\"https:\/\/kuken.alfadyser.dev\/wp-content\/uploads\/pdf\/32951.pdf\" target=\"_blank\" rel=\"noopener noreferrer\"><br \/>\n<img loading=\"lazy\" decoding=\"async\" src=\"\/wp-content\/uploads\/2019\/12\/picto-descarrega.png\" alt=\"handleiding downloaden\" width=\"23\" height=\"16\" \/>Handleiding downloaden<\/a><\/div>\n<div><\/div>\n<div><span style=\"color: #bf2121\">Volg ons op sociale media!<\/span><\/div>\n<div><a href=\"https:\/\/www.instagram.com\/kuken_appliances\/\">https:\/\/www.instagram.com\/kuken_appliances\/<\/a><\/div>","protected":false},"excerpt":{"rendered":"<p data-start=\"466\" data-end=\"628\">Cocina pizzas, guisos o carnes con esta sart\u00e9n el\u00e9ctrica multifunci\u00f3n. Con tapa de cristal, control de temperatura y base antiadherente para un cocinado perfecto.<\/p>\n<p data-start=\"630\" data-end=\"701\">","protected":false},"featured_media":3359,"template":"","meta":[],"product_brand":[],"product_cat":[235],"product_tag":[],"class_list":{"0":"post-3358","1":"product","2":"type-product","3":"status-publish","4":"has-post-thumbnail","6":"product_cat-vaporeras-arroceras-pizzapanes","8":"first","9":"instock","10":"product-type-simple"},"yoast_head":"<!-- This site is optimized with the Yoast SEO Premium plugin v24.0 (Yoast SEO v26.5) - https:\/\/yoast.com\/wordpress\/plugins\/seo\/ -->\n<title>PIZZA PAN ANTIADHERENTE 40X9CM 1500W K\u00dcKEN - K\u00fcken<\/title>\n<meta name=\"description\" content=\"Nueva y exclusiva pizza pan antiadherente k\u00fcken. Complemento ideal para tu cocina o camping, podr\u00e1s hacer pizzas, paellas... r\u00e1pido y f\u00e1cil.\" \/>\n<meta name=\"robots\" content=\"noindex, follow, max-snippet:-1, max-image-preview:large, max-video-preview:-1\" \/>\n<meta property=\"og:locale\" content=\"nl_NL\" \/>\n<meta property=\"og:type\" content=\"article\" \/>\n<meta property=\"og:title\" content=\"PIZZA PAN ANTIADHERENTE 40X9CM 1500W K\u00dcKEN\" \/>\n<meta property=\"og:description\" content=\"Nueva y exclusiva pizza pan antiadherente k\u00fcken. Complemento ideal para tu cocina o camping, podr\u00e1s hacer pizzas, paellas... r\u00e1pido y f\u00e1cil.\" \/>\n<meta property=\"og:url\" content=\"https:\/\/kuken.alfadyser.dev\/nl\/product\/pizza-pan-antiadherente-40x9cm-1500w-kuken\/\" \/>\n<meta property=\"og:site_name\" content=\"K\u00fcken\" \/>\n<meta property=\"article:publisher\" content=\"https:\/\/es-es.facebook.com\/alfadyser\/\" \/>\n<meta property=\"article:modified_time\" content=\"2025-07-28T09:57:25+00:00\" \/>\n<meta property=\"og:image\" content=\"https:\/\/kuken.alfadyser.dev\/wp-content\/uploads\/2020\/03\/PIZZA-PAN-ANTIADHERENTE-40X9CM-1500W-KUKEN.jpg\" \/>\n\t<meta property=\"og:image:width\" content=\"853\" \/>\n\t<meta property=\"og:image:height\" content=\"853\" \/>\n\t<meta property=\"og:image:type\" content=\"image\/jpeg\" \/>\n<meta name=\"twitter:card\" content=\"summary_large_image\" \/>\n<meta name=\"twitter:label1\" content=\"Prijs\" \/>\n\t<meta name=\"twitter:data1\" content=\"\" \/>\n\t<meta name=\"twitter:label2\" content=\"Beschikbaarheid\" \/>\n\t<meta name=\"twitter:data2\" content=\"Op voorraad\" \/>\n<script type=\"application\/ld+json\" class=\"yoast-schema-graph\">{\"@context\":\"https:\/\/schema.org\",\"@graph\":[{\"@type\":\"WebPage\",\"@id\":\"https:\/\/kuken.alfadyser.dev\/producto\/pizza-pan-antiadherente-40x9cm-1500w-kuken\/\",\"url\":\"https:\/\/kuken.alfadyser.dev\/producto\/pizza-pan-antiadherente-40x9cm-1500w-kuken\/\",\"name\":\"PIZZA PAN ANTIADHERENTE 40X9CM 1500W K\u00dcKEN - K\u00fcken\",\"isPartOf\":{\"@id\":\"https:\/\/kuken.alfadyser.dev\/#website\"},\"primaryImageOfPage\":{\"@id\":\"https:\/\/kuken.alfadyser.dev\/producto\/pizza-pan-antiadherente-40x9cm-1500w-kuken\/#primaryimage\"},\"image\":{\"@id\":\"https:\/\/kuken.alfadyser.dev\/producto\/pizza-pan-antiadherente-40x9cm-1500w-kuken\/#primaryimage\"},\"thumbnailUrl\":\"https:\/\/kuken.alfadyser.dev\/wp-content\/uploads\/2020\/03\/PIZZA-PAN-ANTIADHERENTE-40X9CM-1500W-KUKEN.jpg\",\"datePublished\":\"2020-03-02T09:15:51+00:00\",\"dateModified\":\"2025-07-28T09:57:25+00:00\",\"description\":\"Nueva y exclusiva pizza pan antiadherente k\u00fcken. Complemento ideal para tu cocina o camping, podr\u00e1s hacer pizzas, paellas... r\u00e1pido y f\u00e1cil.\",\"breadcrumb\":{\"@id\":\"https:\/\/kuken.alfadyser.dev\/producto\/pizza-pan-antiadherente-40x9cm-1500w-kuken\/#breadcrumb\"},\"inLanguage\":\"nl-NL\",\"potentialAction\":[{\"@type\":\"ReadAction\",\"target\":[\"https:\/\/kuken.alfadyser.dev\/producto\/pizza-pan-antiadherente-40x9cm-1500w-kuken\/\"]}]},{\"@type\":\"ImageObject\",\"inLanguage\":\"nl-NL\",\"@id\":\"https:\/\/kuken.alfadyser.dev\/producto\/pizza-pan-antiadherente-40x9cm-1500w-kuken\/#primaryimage\",\"url\":\"https:\/\/kuken.alfadyser.dev\/wp-content\/uploads\/2020\/03\/PIZZA-PAN-ANTIADHERENTE-40X9CM-1500W-KUKEN.jpg\",\"contentUrl\":\"https:\/\/kuken.alfadyser.dev\/wp-content\/uploads\/2020\/03\/PIZZA-PAN-ANTIADHERENTE-40X9CM-1500W-KUKEN.jpg\",\"width\":853,\"height\":853,\"caption\":\"Pizza pan antiadherente k\u00fcken con tapa\"},{\"@type\":\"BreadcrumbList\",\"@id\":\"https:\/\/kuken.alfadyser.dev\/producto\/pizza-pan-antiadherente-40x9cm-1500w-kuken\/#breadcrumb\",\"itemListElement\":[{\"@type\":\"ListItem\",\"position\":1,\"name\":\"Portada\",\"item\":\"https:\/\/kuken.alfadyser.dev\/\"},{\"@type\":\"ListItem\",\"position\":2,\"name\":\"Productos\",\"item\":\"https:\/\/kuken.alfadyser.dev\/productos\/\"},{\"@type\":\"ListItem\",\"position\":3,\"name\":\"PIZZA PAN ANTIADHERENTE 40X9CM 1500W K\u00dcKEN\"}]},{\"@type\":\"WebSite\",\"@id\":\"https:\/\/kuken.alfadyser.dev\/#website\",\"url\":\"https:\/\/kuken.alfadyser.dev\/\",\"name\":\"K\u00fcken\",\"description\":\"Amplia gama de peque\u00f1o electrodom\u00e9stico k\u00fcken\",\"publisher\":{\"@id\":\"https:\/\/kuken.alfadyser.dev\/#organization\"},\"potentialAction\":[{\"@type\":\"SearchAction\",\"target\":{\"@type\":\"EntryPoint\",\"urlTemplate\":\"https:\/\/kuken.alfadyser.dev\/?s={search_term_string}\"},\"query-input\":{\"@type\":\"PropertyValueSpecification\",\"valueRequired\":true,\"valueName\":\"search_term_string\"}}],\"inLanguage\":\"nl-NL\"},{\"@type\":\"Organization\",\"@id\":\"https:\/\/kuken.alfadyser.dev\/#organization\",\"name\":\"Alfa Dyser\",\"url\":\"https:\/\/kuken.alfadyser.dev\/\",\"logo\":{\"@type\":\"ImageObject\",\"inLanguage\":\"nl-NL\",\"@id\":\"https:\/\/kuken.alfadyser.dev\/#\/schema\/logo\/image\/\",\"url\":\"https:\/\/kuken.alfadyser.dev\/wp-content\/uploads\/2019\/04\/kuken-logo.png\",\"contentUrl\":\"https:\/\/kuken.alfadyser.dev\/wp-content\/uploads\/2019\/04\/kuken-logo.png\",\"width\":500,\"height\":191,\"caption\":\"Alfa Dyser\"},\"image\":{\"@id\":\"https:\/\/kuken.alfadyser.dev\/#\/schema\/logo\/image\/\"},\"sameAs\":[\"https:\/\/es-es.facebook.com\/alfadyser\/\",\"https:\/\/www.instagram.com\/kuken_appliances\/\"]}]}<\/script>\n<meta property=\"product:price:currency\" content=\"EUR\" \/>\n<meta property=\"og:availability\" content=\"instock\" \/>\n<meta property=\"product:availability\" content=\"instock\" \/>\n<meta property=\"product:retailer_item_id\" content=\"32951\" \/>\n<meta property=\"product:condition\" content=\"new\" \/>\n<!-- \/ Yoast SEO Premium plugin. -->","yoast_head_json":{"title":"PIZZA PAN ANTIADHERENTE 40X9CM 1500W K\u00dcKEN - K\u00fcken","description":"Nueva y exclusiva pizza pan antiadherente k\u00fcken. Complemento ideal para tu cocina o camping, podr\u00e1s hacer pizzas, paellas... r\u00e1pido y f\u00e1cil.","robots":{"index":"noindex","follow":"follow","max-snippet":"max-snippet:-1","max-image-preview":"max-image-preview:large","max-video-preview":"max-video-preview:-1"},"og_locale":"nl_NL","og_type":"article","og_title":"PIZZA PAN ANTIADHERENTE 40X9CM 1500W K\u00dcKEN","og_description":"Nueva y exclusiva pizza pan antiadherente k\u00fcken. Complemento ideal para tu cocina o camping, podr\u00e1s hacer pizzas, paellas... r\u00e1pido y f\u00e1cil.","og_url":"https:\/\/kuken.alfadyser.dev\/nl\/product\/pizza-pan-antiadherente-40x9cm-1500w-kuken\/","og_site_name":"K\u00fcken","article_publisher":"https:\/\/es-es.facebook.com\/alfadyser\/","article_modified_time":"2025-07-28T09:57:25+00:00","og_image":[{"width":853,"height":853,"url":"https:\/\/kuken.alfadyser.dev\/wp-content\/uploads\/2020\/03\/PIZZA-PAN-ANTIADHERENTE-40X9CM-1500W-KUKEN.jpg","type":"image\/jpeg"}],"twitter_card":"summary_large_image","twitter_misc":{"Prijs":"","Beschikbaarheid":"Op voorraad"},"schema":{"@context":"https:\/\/schema.org","@graph":[{"@type":"WebPage","@id":"https:\/\/kuken.alfadyser.dev\/producto\/pizza-pan-antiadherente-40x9cm-1500w-kuken\/","url":"https:\/\/kuken.alfadyser.dev\/producto\/pizza-pan-antiadherente-40x9cm-1500w-kuken\/","name":"PIZZA PAN ANTIADHERENTE 40X9CM 1500W K\u00dcKEN - K\u00fcken","isPartOf":{"@id":"https:\/\/kuken.alfadyser.dev\/#website"},"primaryImageOfPage":{"@id":"https:\/\/kuken.alfadyser.dev\/producto\/pizza-pan-antiadherente-40x9cm-1500w-kuken\/#primaryimage"},"image":{"@id":"https:\/\/kuken.alfadyser.dev\/producto\/pizza-pan-antiadherente-40x9cm-1500w-kuken\/#primaryimage"},"thumbnailUrl":"https:\/\/kuken.alfadyser.dev\/wp-content\/uploads\/2020\/03\/PIZZA-PAN-ANTIADHERENTE-40X9CM-1500W-KUKEN.jpg","datePublished":"2020-03-02T09:15:51+00:00","dateModified":"2025-07-28T09:57:25+00:00","description":"Nueva y exclusiva pizza pan antiadherente k\u00fcken. Complemento ideal para tu cocina o camping, podr\u00e1s hacer pizzas, paellas... r\u00e1pido y f\u00e1cil.","breadcrumb":{"@id":"https:\/\/kuken.alfadyser.dev\/producto\/pizza-pan-antiadherente-40x9cm-1500w-kuken\/#breadcrumb"},"inLanguage":"nl-NL","potentialAction":[{"@type":"ReadAction","target":["https:\/\/kuken.alfadyser.dev\/producto\/pizza-pan-antiadherente-40x9cm-1500w-kuken\/"]}]},{"@type":"ImageObject","inLanguage":"nl-NL","@id":"https:\/\/kuken.alfadyser.dev\/producto\/pizza-pan-antiadherente-40x9cm-1500w-kuken\/#primaryimage","url":"https:\/\/kuken.alfadyser.dev\/wp-content\/uploads\/2020\/03\/PIZZA-PAN-ANTIADHERENTE-40X9CM-1500W-KUKEN.jpg","contentUrl":"https:\/\/kuken.alfadyser.dev\/wp-content\/uploads\/2020\/03\/PIZZA-PAN-ANTIADHERENTE-40X9CM-1500W-KUKEN.jpg","width":853,"height":853,"caption":"Pizza pan antiadherente k\u00fcken con tapa"},{"@type":"BreadcrumbList","@id":"https:\/\/kuken.alfadyser.dev\/producto\/pizza-pan-antiadherente-40x9cm-1500w-kuken\/#breadcrumb","itemListElement":[{"@type":"ListItem","position":1,"name":"Portada","item":"https:\/\/kuken.alfadyser.dev\/"},{"@type":"ListItem","position":2,"name":"Productos","item":"https:\/\/kuken.alfadyser.dev\/productos\/"},{"@type":"ListItem","position":3,"name":"PIZZA PAN ANTIADHERENTE 40X9CM 1500W K\u00dcKEN"}]},{"@type":"WebSite","@id":"https:\/\/kuken.alfadyser.dev\/#website","url":"https:\/\/kuken.alfadyser.dev\/","name":"K\u00fcken","description":"Uitgebreid assortiment kleine huishoudelijke apparaten van k\u00fcken","publisher":{"@id":"https:\/\/kuken.alfadyser.dev\/#organization"},"potentialAction":[{"@type":"SearchAction","target":{"@type":"EntryPoint","urlTemplate":"https:\/\/kuken.alfadyser.dev\/?s={search_term_string}"},"query-input":{"@type":"PropertyValueSpecification","valueRequired":true,"valueName":"search_term_string"}}],"inLanguage":"nl-NL"},{"@type":"Organization","@id":"https:\/\/kuken.alfadyser.dev\/#organization","name":"Alpha Dyser","url":"https:\/\/kuken.alfadyser.dev\/","logo":{"@type":"ImageObject","inLanguage":"nl-NL","@id":"https:\/\/kuken.alfadyser.dev\/#\/schema\/logo\/image\/","url":"https:\/\/kuken.alfadyser.dev\/wp-content\/uploads\/2019\/04\/kuken-logo.png","contentUrl":"https:\/\/kuken.alfadyser.dev\/wp-content\/uploads\/2019\/04\/kuken-logo.png","width":500,"height":191,"caption":"Alfa Dyser"},"image":{"@id":"https:\/\/kuken.alfadyser.dev\/#\/schema\/logo\/image\/"},"sameAs":["https:\/\/es-es.facebook.com\/alfadyser\/","https:\/\/www.instagram.com\/kuken_appliances\/"]}]},"product_price_currency":"EUR","og_availability":"instock","product_availability":"instock","product_retailer_item_id":"32951","product_condition":"new"},"_links":{"self":[{"href":"https:\/\/kuken.alfadyser.dev\/nl\/wp-json\/wp\/v2\/product\/3358","targetHints":{"allow":["GET"]}}],"collection":[{"href":"https:\/\/kuken.alfadyser.dev\/nl\/wp-json\/wp\/v2\/product"}],"about":[{"href":"https:\/\/kuken.alfadyser.dev\/nl\/wp-json\/wp\/v2\/types\/product"}],"wp:featuredmedia":[{"embeddable":true,"href":"https:\/\/kuken.alfadyser.dev\/nl\/wp-json\/wp\/v2\/media\/3359"}],"wp:attachment":[{"href":"https:\/\/kuken.alfadyser.dev\/nl\/wp-json\/wp\/v2\/media?parent=3358"}],"wp:term":[{"taxonomy":"product_brand","embeddable":true,"href":"https:\/\/kuken.alfadyser.dev\/nl\/wp-json\/wp\/v2\/product_brand?post=3358"},{"taxonomy":"product_cat","embeddable":true,"href":"https:\/\/kuken.alfadyser.dev\/nl\/wp-json\/wp\/v2\/product_cat?post=3358"},{"taxonomy":"product_tag","embeddable":true,"href":"https:\/\/kuken.alfadyser.dev\/nl\/wp-json\/wp\/v2\/product_tag?post=3358"}],"curies":[{"name":"wp","href":"https:\/\/api.w.org\/{rel}","templated":true}]}}