{"id":3170,"date":"2020-03-02T09:56:31","date_gmt":"2020-03-02T08:56:31","guid":{"rendered":"https:\/\/kuken.alfadyser.dev\/producto\/hervidor-agua-electrico-negro-2200-w-1-7-l-kuken\/"},"modified":"2025-07-23T11:38:50","modified_gmt":"2025-07-23T09:38:50","slug":"hervidor-agua-electrico-negro-2200-w-1-7l-kuken","status":"publish","type":"product","link":"https:\/\/kuken.alfadyser.dev\/nl\/product\/hervidor-agua-electrico-negro-2200-w-1-7l-kuken\/","title":{"rendered":"WATERKOKER ZWART 2200 W 1,7L K\u00dcKEN"},"content":{"rendered":"<p>WATERKOKER ZWART 2200 W 1,7L K\u00dcKEN<\/p>\n<ul>\n<li data-start=\"751\" data-end=\"830\">\n<p data-start=\"753\" data-end=\"830\">Fabricado en pl\u00e1stico de alta resistencia, duradero y f\u00e1cil de limpiar.<\/p>\n<\/li>\n<li data-start=\"831\" data-end=\"900\">\n<p data-start=\"833\" data-end=\"900\">Capacidad de 1,7 litros, ideal para uso familiar o cotidiano.<\/p>\n<\/li>\n<li data-start=\"901\" data-end=\"973\">\n<p data-start=\"903\" data-end=\"973\">Asa ergon\u00f3mica con pulsador de apertura, manejo c\u00f3modo y seguro.<\/p>\n<\/li>\n<li data-start=\"974\" data-end=\"1052\">\n<p data-start=\"976\" data-end=\"1052\">Apagado autom\u00e1tico a 70\u00b0C \/ 100\u00b0C \/ m\u00e1ximo, evita sobrecalentamientos.<\/p>\n<\/li>\n<li data-start=\"1053\" data-end=\"1127\">\n<p data-start=\"1055\" data-end=\"1127\">Bot\u00f3n de encendido con luz LED azul, indica funcionamiento activo.<\/p>\n<\/li>\n<li data-start=\"1128\" data-end=\"1202\">\n<p data-start=\"1130\" data-end=\"1202\">Tapa con filtro incorporado, mantiene el agua limpia de impurezas.<\/p>\n<\/li>\n<li data-start=\"1203\" data-end=\"1267\">\n<p data-start=\"1205\" data-end=\"1267\">Jarra independiente de la base, para servir c\u00f3modamente.<\/p>\n<\/li>\n<li data-start=\"1268\" data-end=\"1326\">\n<p data-start=\"1270\" data-end=\"1326\">Base con recogecables, facilita el almacenamiento.<\/p>\n<\/li>\n<li data-start=\"1327\" data-end=\"1401\">\n<p data-start=\"1329\" data-end=\"1401\">Patas de goma antideslizantes, ofrecen estabilidad durante el uso.<\/p>\n<\/li>\n<li data-start=\"1402\" data-end=\"1468\">\n<p data-start=\"1404\" data-end=\"1468\">Potencia de 2200W, para un calentamiento r\u00e1pido y eficiente.<\/p>\n<\/li>\n<\/ul>\n<p><div class=\"accordion\"><div class=\"mfn-acc accordion_wrapper  toggle\"><div class=\"question\"><div class=\"title\"><i class=\"icon-plus acc-icon-plus\" aria-hidden=\"true\"><\/i><i class=\"icon-minus acc-icon-minus\" aria-hidden=\"true\"><\/i>Productgegevens<\/div><div class=\"answer\">EAN 8425160336042<\/p>\n<p>WATERKOKER ZWART 2200 W 1,7L K\u00dcKEN<\/p>\n<p>Verpakkingseenheid 1<br \/>\nKleur Zwart<br \/>\nVerpakking Dooskleur<br \/>\nVermogen 2200 W<br \/>\nSpanning 230 V<br \/>\nInhoud 1,7 liter<br \/>\nMaat Medium<br \/>\nMateriaal Kunststof<br \/>\nLED-verlichting Ja<br \/>\nAntislipvoeten Ja<br \/>\nPeso 0,83 kg<\/div><\/div>\n<\/div><\/div>\n<br \/>\n<div class=\"accordion\"><div class=\"mfn-acc accordion_wrapper  toggle\"><div class=\"question\"><div class=\"title\"><i class=\"icon-plus acc-icon-plus\" aria-hidden=\"true\"><\/i><i class=\"icon-minus acc-icon-minus\" aria-hidden=\"true\"><\/i>Accessoires<\/div><div class=\"answer\"><\/div><\/div>\n<\/div><\/div>\n<\/p>\n<div class=\"descargas-producto\"><a href=\"\/wp-content\/uploads\/pdf\/8425160336042_ficha_tecnica.pdf\" target=\"_blank\" rel=\"noopener noreferrer\"><br \/>\n<img loading=\"lazy\" decoding=\"async\" src=\"\/wp-content\/uploads\/2019\/12\/picto-descarrega.png\" alt=\"gegevensblad downloaden\" width=\"23\" height=\"16\" \/>Blad downloaden<\/a><a href=\"\/wp-content\/uploads\/pdf\/8425160336042_ficha_tecnica.pdf\" target=\"_blank\" rel=\"noopener noreferrer\"><br \/>\n<img loading=\"lazy\" decoding=\"async\" src=\"\/wp-content\/uploads\/2019\/12\/picto-descarrega.png\" alt=\"handleiding downloaden\" width=\"23\" height=\"16\" \/>Handleiding downloaden<\/a><\/div>\n<div><\/div>\n<div><span style=\"color: #bf2121\">Volg ons op sociale media!<\/span><\/div>\n<div><a href=\"https:\/\/www.instagram.com\/kuken_appliances\/\">https:\/\/www.instagram.com\/kuken_appliances\/<\/a><\/div>\n<p><iframe loading=\"lazy\" title=\"Hervidor agua el\u00e9ctrico negro 2200 w 1.7 l k\u00fcken\" width=\"560\" height=\"315\" src=\"https:\/\/www.youtube.com\/embed\/ZekStrobn68?feature=oembed\" frameborder=\"0\" allow=\"accelerometer; autoplay; clipboard-write; encrypted-media; gyroscope; picture-in-picture; web-share\" referrerpolicy=\"strict-origin-when-cross-origin\" allowfullscreen><\/iframe><\/p>","protected":false},"excerpt":{"rendered":"<p data-start=\"458\" data-end=\"604\">Dise\u00f1o moderno y funcional para calentar agua con total seguridad. Con jarra independiente, filtro incorporado, apagado autom\u00e1tico y base estable.<\/p>\n<p data-start=\"606\" data-end=\"677\">","protected":false},"featured_media":3171,"template":"","meta":[],"product_brand":[],"product_cat":[202],"product_tag":[],"class_list":{"0":"post-3170","1":"product","2":"type-product","3":"status-publish","4":"has-post-thumbnail","6":"product_cat-hervidores","8":"first","9":"instock","10":"product-type-simple"},"yoast_head":"<!-- This site is optimized with the Yoast SEO Premium plugin v24.0 (Yoast SEO v26.5) - https:\/\/yoast.com\/wordpress\/plugins\/seo\/ -->\n<title>HERVIDOR AGUA EL\u00c9CTRICO NEGRO 2200 W 1.7L K\u00dcKEN - K\u00fcken<\/title>\n<meta name=\"description\" content=\"Hervidor de agua el\u00e9ctrico negro k\u00fcken. Prepara infusiones o calienta agua para cocinar de manera m\u00e1s r\u00e1pida y f\u00e1cil, desc\u00fabrelo ahora.\" \/>\n<meta name=\"robots\" content=\"noindex, follow, max-snippet:-1, max-image-preview:large, max-video-preview:-1\" \/>\n<meta property=\"og:locale\" content=\"nl_NL\" \/>\n<meta property=\"og:type\" content=\"article\" \/>\n<meta property=\"og:title\" content=\"HERVIDOR AGUA EL\u00c9CTRICO NEGRO 2200 W 1.7L K\u00dcKEN\" \/>\n<meta property=\"og:description\" content=\"Hervidor de agua el\u00e9ctrico negro k\u00fcken. Prepara infusiones o calienta agua para cocinar de manera m\u00e1s r\u00e1pida y f\u00e1cil, desc\u00fabrelo ahora.\" \/>\n<meta property=\"og:url\" content=\"https:\/\/kuken.alfadyser.dev\/nl\/product\/hervidor-agua-electrico-negro-2200-w-1-7l-kuken\/\" \/>\n<meta property=\"og:site_name\" content=\"K\u00fcken\" \/>\n<meta property=\"article:publisher\" content=\"https:\/\/es-es.facebook.com\/alfadyser\/\" \/>\n<meta property=\"article:modified_time\" content=\"2025-07-23T09:38:50+00:00\" \/>\n<meta property=\"og:image\" content=\"https:\/\/kuken.alfadyser.dev\/wp-content\/uploads\/2020\/03\/HERVIDOR-AGUA-EL\u00c9CTRICO-NEGRO-2200-W-1.7-L-KUKEN.jpg\" \/>\n\t<meta property=\"og:image:width\" content=\"853\" \/>\n\t<meta property=\"og:image:height\" content=\"853\" \/>\n\t<meta property=\"og:image:type\" content=\"image\/jpeg\" \/>\n<meta name=\"twitter:card\" content=\"summary_large_image\" \/>\n<meta name=\"twitter:label1\" content=\"Prijs\" \/>\n\t<meta name=\"twitter:data1\" content=\"\" \/>\n\t<meta name=\"twitter:label2\" content=\"Beschikbaarheid\" \/>\n\t<meta name=\"twitter:data2\" content=\"Op voorraad\" \/>\n<script type=\"application\/ld+json\" class=\"yoast-schema-graph\">{\"@context\":\"https:\/\/schema.org\",\"@graph\":[{\"@type\":\"WebPage\",\"@id\":\"https:\/\/kuken.alfadyser.dev\/producto\/hervidor-agua-electrico-negro-2200-w-1-7l-kuken\/\",\"url\":\"https:\/\/kuken.alfadyser.dev\/producto\/hervidor-agua-electrico-negro-2200-w-1-7l-kuken\/\",\"name\":\"HERVIDOR AGUA EL\u00c9CTRICO NEGRO 2200 W 1.7L K\u00dcKEN - K\u00fcken\",\"isPartOf\":{\"@id\":\"https:\/\/kuken.alfadyser.dev\/#website\"},\"primaryImageOfPage\":{\"@id\":\"https:\/\/kuken.alfadyser.dev\/producto\/hervidor-agua-electrico-negro-2200-w-1-7l-kuken\/#primaryimage\"},\"image\":{\"@id\":\"https:\/\/kuken.alfadyser.dev\/producto\/hervidor-agua-electrico-negro-2200-w-1-7l-kuken\/#primaryimage\"},\"thumbnailUrl\":\"https:\/\/kuken.alfadyser.dev\/wp-content\/uploads\/2020\/03\/HERVIDOR-AGUA-EL\u00c9CTRICO-NEGRO-2200-W-1.7-L-KUKEN.jpg\",\"datePublished\":\"2020-03-02T08:56:31+00:00\",\"dateModified\":\"2025-07-23T09:38:50+00:00\",\"description\":\"Hervidor de agua el\u00e9ctrico negro k\u00fcken. Prepara infusiones o calienta agua para cocinar de manera m\u00e1s r\u00e1pida y f\u00e1cil, desc\u00fabrelo ahora.\",\"breadcrumb\":{\"@id\":\"https:\/\/kuken.alfadyser.dev\/producto\/hervidor-agua-electrico-negro-2200-w-1-7l-kuken\/#breadcrumb\"},\"inLanguage\":\"nl-NL\",\"potentialAction\":[{\"@type\":\"ReadAction\",\"target\":[\"https:\/\/kuken.alfadyser.dev\/producto\/hervidor-agua-electrico-negro-2200-w-1-7l-kuken\/\"]}]},{\"@type\":\"ImageObject\",\"inLanguage\":\"nl-NL\",\"@id\":\"https:\/\/kuken.alfadyser.dev\/producto\/hervidor-agua-electrico-negro-2200-w-1-7l-kuken\/#primaryimage\",\"url\":\"https:\/\/kuken.alfadyser.dev\/wp-content\/uploads\/2020\/03\/HERVIDOR-AGUA-EL\u00c9CTRICO-NEGRO-2200-W-1.7-L-KUKEN.jpg\",\"contentUrl\":\"https:\/\/kuken.alfadyser.dev\/wp-content\/uploads\/2020\/03\/HERVIDOR-AGUA-EL\u00c9CTRICO-NEGRO-2200-W-1.7-L-KUKEN.jpg\",\"width\":853,\"height\":853,\"caption\":\"Hervidor de agua el\u00e9ctrico negro k\u00fcken\"},{\"@type\":\"BreadcrumbList\",\"@id\":\"https:\/\/kuken.alfadyser.dev\/producto\/hervidor-agua-electrico-negro-2200-w-1-7l-kuken\/#breadcrumb\",\"itemListElement\":[{\"@type\":\"ListItem\",\"position\":1,\"name\":\"Portada\",\"item\":\"https:\/\/kuken.alfadyser.dev\/\"},{\"@type\":\"ListItem\",\"position\":2,\"name\":\"Productos\",\"item\":\"https:\/\/kuken.alfadyser.dev\/productos\/\"},{\"@type\":\"ListItem\",\"position\":3,\"name\":\"HERVIDOR AGUA EL\u00c9CTRICO NEGRO 2200 W 1.7L K\u00dcKEN\"}]},{\"@type\":\"WebSite\",\"@id\":\"https:\/\/kuken.alfadyser.dev\/#website\",\"url\":\"https:\/\/kuken.alfadyser.dev\/\",\"name\":\"K\u00fcken\",\"description\":\"Amplia gama de peque\u00f1o electrodom\u00e9stico k\u00fcken\",\"publisher\":{\"@id\":\"https:\/\/kuken.alfadyser.dev\/#organization\"},\"potentialAction\":[{\"@type\":\"SearchAction\",\"target\":{\"@type\":\"EntryPoint\",\"urlTemplate\":\"https:\/\/kuken.alfadyser.dev\/?s={search_term_string}\"},\"query-input\":{\"@type\":\"PropertyValueSpecification\",\"valueRequired\":true,\"valueName\":\"search_term_string\"}}],\"inLanguage\":\"nl-NL\"},{\"@type\":\"Organization\",\"@id\":\"https:\/\/kuken.alfadyser.dev\/#organization\",\"name\":\"Alfa Dyser\",\"url\":\"https:\/\/kuken.alfadyser.dev\/\",\"logo\":{\"@type\":\"ImageObject\",\"inLanguage\":\"nl-NL\",\"@id\":\"https:\/\/kuken.alfadyser.dev\/#\/schema\/logo\/image\/\",\"url\":\"https:\/\/kuken.alfadyser.dev\/wp-content\/uploads\/2019\/04\/kuken-logo.png\",\"contentUrl\":\"https:\/\/kuken.alfadyser.dev\/wp-content\/uploads\/2019\/04\/kuken-logo.png\",\"width\":500,\"height\":191,\"caption\":\"Alfa Dyser\"},\"image\":{\"@id\":\"https:\/\/kuken.alfadyser.dev\/#\/schema\/logo\/image\/\"},\"sameAs\":[\"https:\/\/es-es.facebook.com\/alfadyser\/\",\"https:\/\/www.instagram.com\/kuken_appliances\/\"]}]}<\/script>\n<meta property=\"product:price:currency\" content=\"EUR\" \/>\n<meta property=\"og:availability\" content=\"instock\" \/>\n<meta property=\"product:availability\" content=\"instock\" \/>\n<meta property=\"product:retailer_item_id\" content=\"33604\" \/>\n<meta property=\"product:condition\" content=\"new\" \/>\n<!-- \/ Yoast SEO Premium plugin. -->","yoast_head_json":{"title":"HERVIDOR AGUA EL\u00c9CTRICO NEGRO 2200 W 1.7L K\u00dcKEN - K\u00fcken","description":"Hervidor de agua el\u00e9ctrico negro k\u00fcken. Prepara infusiones o calienta agua para cocinar de manera m\u00e1s r\u00e1pida y f\u00e1cil, desc\u00fabrelo ahora.","robots":{"index":"noindex","follow":"follow","max-snippet":"max-snippet:-1","max-image-preview":"max-image-preview:large","max-video-preview":"max-video-preview:-1"},"og_locale":"nl_NL","og_type":"article","og_title":"HERVIDOR AGUA EL\u00c9CTRICO NEGRO 2200 W 1.7L K\u00dcKEN","og_description":"Hervidor de agua el\u00e9ctrico negro k\u00fcken. Prepara infusiones o calienta agua para cocinar de manera m\u00e1s r\u00e1pida y f\u00e1cil, desc\u00fabrelo ahora.","og_url":"https:\/\/kuken.alfadyser.dev\/nl\/product\/hervidor-agua-electrico-negro-2200-w-1-7l-kuken\/","og_site_name":"K\u00fcken","article_publisher":"https:\/\/es-es.facebook.com\/alfadyser\/","article_modified_time":"2025-07-23T09:38:50+00:00","og_image":[{"width":853,"height":853,"url":"https:\/\/kuken.alfadyser.dev\/wp-content\/uploads\/2020\/03\/HERVIDOR-AGUA-EL\u00c9CTRICO-NEGRO-2200-W-1.7-L-KUKEN.jpg","type":"image\/jpeg"}],"twitter_card":"summary_large_image","twitter_misc":{"Prijs":"","Beschikbaarheid":"Op voorraad"},"schema":{"@context":"https:\/\/schema.org","@graph":[{"@type":"WebPage","@id":"https:\/\/kuken.alfadyser.dev\/producto\/hervidor-agua-electrico-negro-2200-w-1-7l-kuken\/","url":"https:\/\/kuken.alfadyser.dev\/producto\/hervidor-agua-electrico-negro-2200-w-1-7l-kuken\/","name":"HERVIDOR AGUA EL\u00c9CTRICO NEGRO 2200 W 1.7L K\u00dcKEN - K\u00fcken","isPartOf":{"@id":"https:\/\/kuken.alfadyser.dev\/#website"},"primaryImageOfPage":{"@id":"https:\/\/kuken.alfadyser.dev\/producto\/hervidor-agua-electrico-negro-2200-w-1-7l-kuken\/#primaryimage"},"image":{"@id":"https:\/\/kuken.alfadyser.dev\/producto\/hervidor-agua-electrico-negro-2200-w-1-7l-kuken\/#primaryimage"},"thumbnailUrl":"https:\/\/kuken.alfadyser.dev\/wp-content\/uploads\/2020\/03\/HERVIDOR-AGUA-EL\u00c9CTRICO-NEGRO-2200-W-1.7-L-KUKEN.jpg","datePublished":"2020-03-02T08:56:31+00:00","dateModified":"2025-07-23T09:38:50+00:00","description":"Hervidor de agua el\u00e9ctrico negro k\u00fcken. Prepara infusiones o calienta agua para cocinar de manera m\u00e1s r\u00e1pida y f\u00e1cil, desc\u00fabrelo ahora.","breadcrumb":{"@id":"https:\/\/kuken.alfadyser.dev\/producto\/hervidor-agua-electrico-negro-2200-w-1-7l-kuken\/#breadcrumb"},"inLanguage":"nl-NL","potentialAction":[{"@type":"ReadAction","target":["https:\/\/kuken.alfadyser.dev\/producto\/hervidor-agua-electrico-negro-2200-w-1-7l-kuken\/"]}]},{"@type":"ImageObject","inLanguage":"nl-NL","@id":"https:\/\/kuken.alfadyser.dev\/producto\/hervidor-agua-electrico-negro-2200-w-1-7l-kuken\/#primaryimage","url":"https:\/\/kuken.alfadyser.dev\/wp-content\/uploads\/2020\/03\/HERVIDOR-AGUA-EL\u00c9CTRICO-NEGRO-2200-W-1.7-L-KUKEN.jpg","contentUrl":"https:\/\/kuken.alfadyser.dev\/wp-content\/uploads\/2020\/03\/HERVIDOR-AGUA-EL\u00c9CTRICO-NEGRO-2200-W-1.7-L-KUKEN.jpg","width":853,"height":853,"caption":"Hervidor de agua el\u00e9ctrico negro k\u00fcken"},{"@type":"BreadcrumbList","@id":"https:\/\/kuken.alfadyser.dev\/producto\/hervidor-agua-electrico-negro-2200-w-1-7l-kuken\/#breadcrumb","itemListElement":[{"@type":"ListItem","position":1,"name":"Portada","item":"https:\/\/kuken.alfadyser.dev\/"},{"@type":"ListItem","position":2,"name":"Productos","item":"https:\/\/kuken.alfadyser.dev\/productos\/"},{"@type":"ListItem","position":3,"name":"HERVIDOR AGUA EL\u00c9CTRICO NEGRO 2200 W 1.7L K\u00dcKEN"}]},{"@type":"WebSite","@id":"https:\/\/kuken.alfadyser.dev\/#website","url":"https:\/\/kuken.alfadyser.dev\/","name":"K\u00fcken","description":"Uitgebreid assortiment kleine huishoudelijke apparaten van k\u00fcken","publisher":{"@id":"https:\/\/kuken.alfadyser.dev\/#organization"},"potentialAction":[{"@type":"SearchAction","target":{"@type":"EntryPoint","urlTemplate":"https:\/\/kuken.alfadyser.dev\/?s={search_term_string}"},"query-input":{"@type":"PropertyValueSpecification","valueRequired":true,"valueName":"search_term_string"}}],"inLanguage":"nl-NL"},{"@type":"Organization","@id":"https:\/\/kuken.alfadyser.dev\/#organization","name":"Alpha Dyser","url":"https:\/\/kuken.alfadyser.dev\/","logo":{"@type":"ImageObject","inLanguage":"nl-NL","@id":"https:\/\/kuken.alfadyser.dev\/#\/schema\/logo\/image\/","url":"https:\/\/kuken.alfadyser.dev\/wp-content\/uploads\/2019\/04\/kuken-logo.png","contentUrl":"https:\/\/kuken.alfadyser.dev\/wp-content\/uploads\/2019\/04\/kuken-logo.png","width":500,"height":191,"caption":"Alfa Dyser"},"image":{"@id":"https:\/\/kuken.alfadyser.dev\/#\/schema\/logo\/image\/"},"sameAs":["https:\/\/es-es.facebook.com\/alfadyser\/","https:\/\/www.instagram.com\/kuken_appliances\/"]}]},"product_price_currency":"EUR","og_availability":"instock","product_availability":"instock","product_retailer_item_id":"33604","product_condition":"new"},"_links":{"self":[{"href":"https:\/\/kuken.alfadyser.dev\/nl\/wp-json\/wp\/v2\/product\/3170","targetHints":{"allow":["GET"]}}],"collection":[{"href":"https:\/\/kuken.alfadyser.dev\/nl\/wp-json\/wp\/v2\/product"}],"about":[{"href":"https:\/\/kuken.alfadyser.dev\/nl\/wp-json\/wp\/v2\/types\/product"}],"wp:featuredmedia":[{"embeddable":true,"href":"https:\/\/kuken.alfadyser.dev\/nl\/wp-json\/wp\/v2\/media\/3171"}],"wp:attachment":[{"href":"https:\/\/kuken.alfadyser.dev\/nl\/wp-json\/wp\/v2\/media?parent=3170"}],"wp:term":[{"taxonomy":"product_brand","embeddable":true,"href":"https:\/\/kuken.alfadyser.dev\/nl\/wp-json\/wp\/v2\/product_brand?post=3170"},{"taxonomy":"product_cat","embeddable":true,"href":"https:\/\/kuken.alfadyser.dev\/nl\/wp-json\/wp\/v2\/product_cat?post=3170"},{"taxonomy":"product_tag","embeddable":true,"href":"https:\/\/kuken.alfadyser.dev\/nl\/wp-json\/wp\/v2\/product_tag?post=3170"}],"curies":[{"name":"wp","href":"https:\/\/api.w.org\/{rel}","templated":true}]}}