{"id":3042,"date":"2020-02-28T14:05:49","date_gmt":"2020-02-28T13:05:49","guid":{"rendered":"https:\/\/kuken.alfadyser.dev\/producto\/tostadora-blanca-1000w-grande-kuken\/"},"modified":"2025-07-31T14:13:33","modified_gmt":"2025-07-31T12:13:33","slug":"witte-broodrooster-1000w-groot-kuken","status":"publish","type":"product","link":"https:\/\/kuken.alfadyser.dev\/nl\/product\/witte-broodrooster-1000w-groot-kuken\/","title":{"rendered":"WITTE BROODROOSTER 1000W GROOT K\u00dcKEN"},"content":{"rendered":"<p>WITTE BROODROOSTER 1000W GROOT K\u00dcKEN<\/p>\n<ul>\n<li data-start=\"762\" data-end=\"835\">\n<p data-start=\"764\" data-end=\"835\">Cuerpo en acero inoxidable y pl\u00e1stico blanco, moderno y duradero.<\/p>\n<\/li>\n<li data-start=\"836\" data-end=\"908\">\n<p data-start=\"838\" data-end=\"908\">Laterales fr\u00edos al tacto, seguros y confortables durante el uso.<\/p>\n<\/li>\n<li data-start=\"909\" data-end=\"992\">\n<p data-start=\"911\" data-end=\"992\">Ranura \u00fanica extragrande, perfecta para rebanadas de pan grandes o gruesas.<\/p>\n<\/li>\n<li data-start=\"993\" data-end=\"1045\">\n<p data-start=\"995\" data-end=\"1045\">Dimensiones de la ranura: 260 x 40 x 115 mm.<\/p>\n<\/li>\n<li data-start=\"1046\" data-end=\"1128\">\n<p data-start=\"1048\" data-end=\"1128\">Resistencias de gran superficie, para un tostado uniforme y eficiente.<\/p>\n<\/li>\n<li data-start=\"1129\" data-end=\"1215\">\n<p data-start=\"1131\" data-end=\"1215\">Selector giratorio con 7 niveles, ajusta el grado de tostado a tu preferencia.<\/p>\n<\/li>\n<li data-start=\"1216\" data-end=\"1319\">\n<p data-start=\"1218\" data-end=\"1319\">Funciones independientes con teclas iluminadas: descongelar, recalentar y parada inmediata.<\/p>\n<\/li>\n<li data-start=\"1320\" data-end=\"1385\">\n<p data-start=\"1322\" data-end=\"1385\">Centrado autom\u00e1tico del pan, garantiza cocci\u00f3n homog\u00e9nea.<\/p>\n<\/li>\n<li data-start=\"1386\" data-end=\"1459\">\n<p data-start=\"1388\" data-end=\"1459\">Extra elevaci\u00f3n, facilita la extracci\u00f3n de tostadas sin quemarte.<\/p>\n<\/li>\n<li data-start=\"1460\" data-end=\"1516\">\n<p data-start=\"1462\" data-end=\"1516\">Bandeja recogemigas extra\u00edble, f\u00e1cil de limpiar.<\/p>\n<\/li>\n<li data-start=\"1517\" data-end=\"1567\">\n<p data-start=\"1519\" data-end=\"1567\">Potencia de 1000W, perfecta para uso diario.<\/p>\n<\/li>\n<\/ul>\n<p><div class=\"accordion\"><div class=\"mfn-acc accordion_wrapper  toggle\"><div class=\"question\"><div class=\"title\"><i class=\"icon-plus acc-icon-plus\" aria-hidden=\"true\"><\/i><i class=\"icon-minus acc-icon-minus\" aria-hidden=\"true\"><\/i>Productgegevens<\/div><div class=\"answer\">EAN 8425160336196<\/p>\n<p>WITTE BROODROOSTER 1000W GROOT K\u00dcKEN<\/p>\n<p>Verpakkingseenheid 1<br \/>\nKleur Wit<br \/>\nVerpakking Gekleurde doos<br \/>\nVermogen 1000 W<br \/>\nSpanning 230 V<br \/>\nMateriaal Roestvrij staal \/ PC<br \/>\nAfmetingen (LxBxH): 400x135x170 mm.<br \/>\nPlakjes 2<br \/>\nAntislipvoeten Ja<br \/>\nGewicht 1,5 kg.<\/div><\/div>\n<\/div><\/div>\n<br \/>\n<div class=\"accordion\"><div class=\"mfn-acc accordion_wrapper  toggle\"><div class=\"question\"><div class=\"title\"><i class=\"icon-plus acc-icon-plus\" aria-hidden=\"true\"><\/i><i class=\"icon-minus acc-icon-minus\" aria-hidden=\"true\"><\/i>Accessoires<\/div><div class=\"answer\"><\/div><\/div>\n<\/div><\/div>\n<\/p>\n<div class=\"descargas-producto\"><a href=\"\/wp-content\/uploads\/pdf\/8425160336196_ficha_tecnica.pdf\" target=\"_blank\" rel=\"noopener noreferrer\"><br \/>\n<img loading=\"lazy\" decoding=\"async\" src=\"\/wp-content\/uploads\/2019\/12\/picto-descarrega.png\" alt=\"gegevensblad downloaden\" width=\"23\" height=\"16\" \/>Blad downloaden<\/a><br \/>\n<a href=\"\/wp-content\/uploads\/pdf\/33619.pdf\"><img loading=\"lazy\" decoding=\"async\" src=\"\/wp-content\/uploads\/2019\/12\/picto-descarrega.png\" alt=\"handleiding downloaden\" width=\"23\" height=\"16\" \/>Handleiding downloaden<\/a><\/div>\n<div><\/div>\n<div><span style=\"color: #bf2121;\">Volg ons op sociale media!<\/span><\/div>\n<div><a href=\"https:\/\/www.instagram.com\/kuken_appliances\/\">https:\/\/www.instagram.com\/kuken_appliances\/<\/a><\/div>\n<p><iframe loading=\"lazy\" title=\"Kuken Witte Serie Broodroosters\" width=\"560\" height=\"315\" src=\"https:\/\/www.youtube.com\/embed\/8xa5FPVuN2I?feature=oembed\" frameborder=\"0\" allow=\"accelerometer; autoplay; clipboard-write; encrypted-media; gyroscope; picture-in-picture; web-share\" referrerpolicy=\"strict-origin-when-cross-origin\" allowfullscreen><\/iframe><\/p>","protected":false},"excerpt":{"rendered":"<p data-start=\"447\" data-end=\"614\">Tostadora blanca con ranura extragrande y funciones inteligentes. Ideal para rebanadas anchas, con control de tostado y limpieza r\u00e1pida gracias a su bandeja extra\u00edble.<\/p>\n<p data-start=\"616\" data-end=\"688\">","protected":false},"featured_media":3043,"template":"","meta":[],"product_brand":[],"product_cat":[204],"product_tag":[],"class_list":{"0":"post-3042","1":"product","2":"type-product","3":"status-publish","4":"has-post-thumbnail","6":"product_cat-tostadoras","7":"pa_tipos-tostadora-1-ranura","9":"first","10":"instock","11":"product-type-simple"},"yoast_head":"<!-- This site is optimized with the Yoast SEO Premium plugin v24.0 (Yoast SEO v26.5) - https:\/\/yoast.com\/wordpress\/plugins\/seo\/ -->\n<title>TOSTADORA BLANCA 1000W GRANDE K\u00dcKEN - K\u00fcken<\/title>\n<meta name=\"description\" content=\"Nueva y exclusiva tostadora k\u00fcken blanca de 1000W. Prepara tus tostadas cada d\u00eda de manera m\u00e1s r\u00e1pida y f\u00e1cil. Desc\u00fabrela ahora.\" \/>\n<meta name=\"robots\" content=\"noindex, follow, max-snippet:-1, max-image-preview:large, max-video-preview:-1\" \/>\n<meta property=\"og:locale\" content=\"nl_NL\" \/>\n<meta property=\"og:type\" content=\"article\" \/>\n<meta property=\"og:title\" content=\"TOSTADORA BLANCA 1000W GRANDE K\u00dcKEN\" \/>\n<meta property=\"og:description\" content=\"Nueva y exclusiva tostadora k\u00fcken blanca de 1000W. Prepara tus tostadas cada d\u00eda de manera m\u00e1s r\u00e1pida y f\u00e1cil. Desc\u00fabrela ahora.\" \/>\n<meta property=\"og:url\" content=\"https:\/\/kuken.alfadyser.dev\/nl\/product\/witte-broodrooster-1000w-groot-kuken\/\" \/>\n<meta property=\"og:site_name\" content=\"K\u00fcken\" \/>\n<meta property=\"article:publisher\" content=\"https:\/\/es-es.facebook.com\/alfadyser\/\" \/>\n<meta property=\"article:modified_time\" content=\"2025-07-31T12:13:33+00:00\" \/>\n<meta property=\"og:image\" content=\"https:\/\/kuken.alfadyser.dev\/wp-content\/uploads\/2020\/02\/TOSTADORA-BLANCA-1000W-GRANDE-KUKEN.jpg\" \/>\n\t<meta property=\"og:image:width\" content=\"853\" \/>\n\t<meta property=\"og:image:height\" content=\"853\" \/>\n\t<meta property=\"og:image:type\" content=\"image\/jpeg\" \/>\n<meta name=\"twitter:card\" content=\"summary_large_image\" \/>\n<meta name=\"twitter:label1\" content=\"Prijs\" \/>\n\t<meta name=\"twitter:data1\" content=\"\" \/>\n\t<meta name=\"twitter:label2\" content=\"Beschikbaarheid\" \/>\n\t<meta name=\"twitter:data2\" content=\"Op voorraad\" \/>\n<script type=\"application\/ld+json\" class=\"yoast-schema-graph\">{\"@context\":\"https:\/\/schema.org\",\"@graph\":[{\"@type\":\"WebPage\",\"@id\":\"https:\/\/kuken.alfadyser.dev\/producto\/tostadora-blanca-1000w-grande-kuken\/\",\"url\":\"https:\/\/kuken.alfadyser.dev\/producto\/tostadora-blanca-1000w-grande-kuken\/\",\"name\":\"TOSTADORA BLANCA 1000W GRANDE K\u00dcKEN - K\u00fcken\",\"isPartOf\":{\"@id\":\"https:\/\/kuken.alfadyser.dev\/#website\"},\"primaryImageOfPage\":{\"@id\":\"https:\/\/kuken.alfadyser.dev\/producto\/tostadora-blanca-1000w-grande-kuken\/#primaryimage\"},\"image\":{\"@id\":\"https:\/\/kuken.alfadyser.dev\/producto\/tostadora-blanca-1000w-grande-kuken\/#primaryimage\"},\"thumbnailUrl\":\"https:\/\/kuken.alfadyser.dev\/wp-content\/uploads\/2020\/02\/TOSTADORA-BLANCA-1000W-GRANDE-KUKEN.jpg\",\"datePublished\":\"2020-02-28T13:05:49+00:00\",\"dateModified\":\"2025-07-31T12:13:33+00:00\",\"description\":\"Nueva y exclusiva tostadora k\u00fcken blanca de 1000W. Prepara tus tostadas cada d\u00eda de manera m\u00e1s r\u00e1pida y f\u00e1cil. Desc\u00fabrela ahora.\",\"breadcrumb\":{\"@id\":\"https:\/\/kuken.alfadyser.dev\/producto\/tostadora-blanca-1000w-grande-kuken\/#breadcrumb\"},\"inLanguage\":\"nl-NL\",\"potentialAction\":[{\"@type\":\"ReadAction\",\"target\":[\"https:\/\/kuken.alfadyser.dev\/producto\/tostadora-blanca-1000w-grande-kuken\/\"]}]},{\"@type\":\"ImageObject\",\"inLanguage\":\"nl-NL\",\"@id\":\"https:\/\/kuken.alfadyser.dev\/producto\/tostadora-blanca-1000w-grande-kuken\/#primaryimage\",\"url\":\"https:\/\/kuken.alfadyser.dev\/wp-content\/uploads\/2020\/02\/TOSTADORA-BLANCA-1000W-GRANDE-KUKEN.jpg\",\"contentUrl\":\"https:\/\/kuken.alfadyser.dev\/wp-content\/uploads\/2020\/02\/TOSTADORA-BLANCA-1000W-GRANDE-KUKEN.jpg\",\"width\":853,\"height\":853,\"caption\":\"Tostadora blanca k\u00fcken de 1000W\"},{\"@type\":\"BreadcrumbList\",\"@id\":\"https:\/\/kuken.alfadyser.dev\/producto\/tostadora-blanca-1000w-grande-kuken\/#breadcrumb\",\"itemListElement\":[{\"@type\":\"ListItem\",\"position\":1,\"name\":\"Portada\",\"item\":\"https:\/\/kuken.alfadyser.dev\/\"},{\"@type\":\"ListItem\",\"position\":2,\"name\":\"Productos\",\"item\":\"https:\/\/kuken.alfadyser.dev\/productos\/\"},{\"@type\":\"ListItem\",\"position\":3,\"name\":\"TOSTADORA BLANCA 1000W GRANDE K\u00dcKEN\"}]},{\"@type\":\"WebSite\",\"@id\":\"https:\/\/kuken.alfadyser.dev\/#website\",\"url\":\"https:\/\/kuken.alfadyser.dev\/\",\"name\":\"K\u00fcken\",\"description\":\"Amplia gama de peque\u00f1o electrodom\u00e9stico k\u00fcken\",\"publisher\":{\"@id\":\"https:\/\/kuken.alfadyser.dev\/#organization\"},\"potentialAction\":[{\"@type\":\"SearchAction\",\"target\":{\"@type\":\"EntryPoint\",\"urlTemplate\":\"https:\/\/kuken.alfadyser.dev\/?s={search_term_string}\"},\"query-input\":{\"@type\":\"PropertyValueSpecification\",\"valueRequired\":true,\"valueName\":\"search_term_string\"}}],\"inLanguage\":\"nl-NL\"},{\"@type\":\"Organization\",\"@id\":\"https:\/\/kuken.alfadyser.dev\/#organization\",\"name\":\"Alfa Dyser\",\"url\":\"https:\/\/kuken.alfadyser.dev\/\",\"logo\":{\"@type\":\"ImageObject\",\"inLanguage\":\"nl-NL\",\"@id\":\"https:\/\/kuken.alfadyser.dev\/#\/schema\/logo\/image\/\",\"url\":\"https:\/\/kuken.alfadyser.dev\/wp-content\/uploads\/2019\/04\/kuken-logo.png\",\"contentUrl\":\"https:\/\/kuken.alfadyser.dev\/wp-content\/uploads\/2019\/04\/kuken-logo.png\",\"width\":500,\"height\":191,\"caption\":\"Alfa Dyser\"},\"image\":{\"@id\":\"https:\/\/kuken.alfadyser.dev\/#\/schema\/logo\/image\/\"},\"sameAs\":[\"https:\/\/es-es.facebook.com\/alfadyser\/\",\"https:\/\/www.instagram.com\/kuken_appliances\/\"]}]}<\/script>\n<meta property=\"product:price:currency\" content=\"EUR\" \/>\n<meta property=\"og:availability\" content=\"instock\" \/>\n<meta property=\"product:availability\" content=\"instock\" \/>\n<meta property=\"product:retailer_item_id\" content=\"33619\" \/>\n<meta property=\"product:condition\" content=\"new\" \/>\n<!-- \/ Yoast SEO Premium plugin. -->","yoast_head_json":{"title":"WITTE BROODROOSTER 1000W GROOT K\u00dcKEN - K\u00fcken","description":"Nieuwe en exclusieve 1000W witte k\u00fcken broodrooster. Bereid je toast elke dag sneller en gemakkelijker. Ontdek het nu.","robots":{"index":"noindex","follow":"follow","max-snippet":"max-snippet:-1","max-image-preview":"max-image-preview:large","max-video-preview":"max-video-preview:-1"},"og_locale":"nl_NL","og_type":"article","og_title":"TOSTADORA BLANCA 1000W GRANDE K\u00dcKEN","og_description":"Nueva y exclusiva tostadora k\u00fcken blanca de 1000W. Prepara tus tostadas cada d\u00eda de manera m\u00e1s r\u00e1pida y f\u00e1cil. Desc\u00fabrela ahora.","og_url":"https:\/\/kuken.alfadyser.dev\/nl\/product\/witte-broodrooster-1000w-groot-kuken\/","og_site_name":"K\u00fcken","article_publisher":"https:\/\/es-es.facebook.com\/alfadyser\/","article_modified_time":"2025-07-31T12:13:33+00:00","og_image":[{"width":853,"height":853,"url":"https:\/\/kuken.alfadyser.dev\/wp-content\/uploads\/2020\/02\/TOSTADORA-BLANCA-1000W-GRANDE-KUKEN.jpg","type":"image\/jpeg"}],"twitter_card":"summary_large_image","twitter_misc":{"Prijs":"","Beschikbaarheid":"Op voorraad"},"schema":{"@context":"https:\/\/schema.org","@graph":[{"@type":"WebPage","@id":"https:\/\/kuken.alfadyser.dev\/producto\/tostadora-blanca-1000w-grande-kuken\/","url":"https:\/\/kuken.alfadyser.dev\/producto\/tostadora-blanca-1000w-grande-kuken\/","name":"WITTE BROODROOSTER 1000W GROOT K\u00dcKEN - K\u00fcken","isPartOf":{"@id":"https:\/\/kuken.alfadyser.dev\/#website"},"primaryImageOfPage":{"@id":"https:\/\/kuken.alfadyser.dev\/producto\/tostadora-blanca-1000w-grande-kuken\/#primaryimage"},"image":{"@id":"https:\/\/kuken.alfadyser.dev\/producto\/tostadora-blanca-1000w-grande-kuken\/#primaryimage"},"thumbnailUrl":"https:\/\/kuken.alfadyser.dev\/wp-content\/uploads\/2020\/02\/TOSTADORA-BLANCA-1000W-GRANDE-KUKEN.jpg","datePublished":"2020-02-28T13:05:49+00:00","dateModified":"2025-07-31T12:13:33+00:00","description":"Nieuwe en exclusieve 1000W witte k\u00fcken broodrooster. Bereid je toast elke dag sneller en gemakkelijker. Ontdek het nu.","breadcrumb":{"@id":"https:\/\/kuken.alfadyser.dev\/producto\/tostadora-blanca-1000w-grande-kuken\/#breadcrumb"},"inLanguage":"nl-NL","potentialAction":[{"@type":"ReadAction","target":["https:\/\/kuken.alfadyser.dev\/producto\/tostadora-blanca-1000w-grande-kuken\/"]}]},{"@type":"ImageObject","inLanguage":"nl-NL","@id":"https:\/\/kuken.alfadyser.dev\/producto\/tostadora-blanca-1000w-grande-kuken\/#primaryimage","url":"https:\/\/kuken.alfadyser.dev\/wp-content\/uploads\/2020\/02\/TOSTADORA-BLANCA-1000W-GRANDE-KUKEN.jpg","contentUrl":"https:\/\/kuken.alfadyser.dev\/wp-content\/uploads\/2020\/02\/TOSTADORA-BLANCA-1000W-GRANDE-KUKEN.jpg","width":853,"height":853,"caption":"Tostadora blanca k\u00fcken de 1000W"},{"@type":"BreadcrumbList","@id":"https:\/\/kuken.alfadyser.dev\/producto\/tostadora-blanca-1000w-grande-kuken\/#breadcrumb","itemListElement":[{"@type":"ListItem","position":1,"name":"Portada","item":"https:\/\/kuken.alfadyser.dev\/"},{"@type":"ListItem","position":2,"name":"Productos","item":"https:\/\/kuken.alfadyser.dev\/productos\/"},{"@type":"ListItem","position":3,"name":"TOSTADORA BLANCA 1000W GRANDE K\u00dcKEN"}]},{"@type":"WebSite","@id":"https:\/\/kuken.alfadyser.dev\/#website","url":"https:\/\/kuken.alfadyser.dev\/","name":"K\u00fcken","description":"Uitgebreid assortiment kleine huishoudelijke apparaten van k\u00fcken","publisher":{"@id":"https:\/\/kuken.alfadyser.dev\/#organization"},"potentialAction":[{"@type":"SearchAction","target":{"@type":"EntryPoint","urlTemplate":"https:\/\/kuken.alfadyser.dev\/?s={search_term_string}"},"query-input":{"@type":"PropertyValueSpecification","valueRequired":true,"valueName":"search_term_string"}}],"inLanguage":"nl-NL"},{"@type":"Organization","@id":"https:\/\/kuken.alfadyser.dev\/#organization","name":"Alpha Dyser","url":"https:\/\/kuken.alfadyser.dev\/","logo":{"@type":"ImageObject","inLanguage":"nl-NL","@id":"https:\/\/kuken.alfadyser.dev\/#\/schema\/logo\/image\/","url":"https:\/\/kuken.alfadyser.dev\/wp-content\/uploads\/2019\/04\/kuken-logo.png","contentUrl":"https:\/\/kuken.alfadyser.dev\/wp-content\/uploads\/2019\/04\/kuken-logo.png","width":500,"height":191,"caption":"Alfa Dyser"},"image":{"@id":"https:\/\/kuken.alfadyser.dev\/#\/schema\/logo\/image\/"},"sameAs":["https:\/\/es-es.facebook.com\/alfadyser\/","https:\/\/www.instagram.com\/kuken_appliances\/"]}]},"product_price_currency":"EUR","og_availability":"instock","product_availability":"instock","product_retailer_item_id":"33619","product_condition":"new"},"_links":{"self":[{"href":"https:\/\/kuken.alfadyser.dev\/nl\/wp-json\/wp\/v2\/product\/3042","targetHints":{"allow":["GET"]}}],"collection":[{"href":"https:\/\/kuken.alfadyser.dev\/nl\/wp-json\/wp\/v2\/product"}],"about":[{"href":"https:\/\/kuken.alfadyser.dev\/nl\/wp-json\/wp\/v2\/types\/product"}],"wp:featuredmedia":[{"embeddable":true,"href":"https:\/\/kuken.alfadyser.dev\/nl\/wp-json\/wp\/v2\/media\/3043"}],"wp:attachment":[{"href":"https:\/\/kuken.alfadyser.dev\/nl\/wp-json\/wp\/v2\/media?parent=3042"}],"wp:term":[{"taxonomy":"product_brand","embeddable":true,"href":"https:\/\/kuken.alfadyser.dev\/nl\/wp-json\/wp\/v2\/product_brand?post=3042"},{"taxonomy":"product_cat","embeddable":true,"href":"https:\/\/kuken.alfadyser.dev\/nl\/wp-json\/wp\/v2\/product_cat?post=3042"},{"taxonomy":"product_tag","embeddable":true,"href":"https:\/\/kuken.alfadyser.dev\/nl\/wp-json\/wp\/v2\/product_tag?post=3042"}],"curies":[{"name":"wp","href":"https:\/\/api.w.org\/{rel}","templated":true}]}}