{"id":3019,"date":"2020-02-28T14:04:39","date_gmt":"2020-02-28T13:04:39","guid":{"rendered":"https:\/\/kuken.alfadyser.dev\/producto\/exprimidor-naranjas-40w-800ml-kuken\/"},"modified":"2025-07-23T12:37:19","modified_gmt":"2025-07-23T10:37:19","slug":"exprimidor-de-naranjas-40w-800ml-kuken","status":"publish","type":"product","link":"https:\/\/kuken.alfadyser.dev\/nl\/product\/exprimidor-de-naranjas-40w-800ml-kuken\/","title":{"rendered":"SINAASAPPELPERS 40W 800ML K\u00dcKEN"},"content":{"rendered":"<p>SINAASAPPELPERS 40W 800ML K\u00dcKEN<\/p>\n<ul data-start=\"773\" data-end=\"1460\">\n<li data-start=\"773\" data-end=\"859\">\n<p data-start=\"775\" data-end=\"859\">Cuerpo de pl\u00e1stico con acabado en color blanco, resistente y f\u00e1cil de limpiar.<\/p>\n<\/li>\n<li data-start=\"860\" data-end=\"949\">\n<p data-start=\"862\" data-end=\"949\">2 conos intercambiables, uno para naranjas y otro para limones o frutas peque\u00f1as.<\/p>\n<\/li>\n<li data-start=\"950\" data-end=\"1027\">\n<p data-start=\"952\" data-end=\"1027\">Dep\u00f3sito transparente de 800 ml, permite exprimir sin interrupciones.<\/p>\n<\/li>\n<li data-start=\"1028\" data-end=\"1090\">\n<p data-start=\"1030\" data-end=\"1090\">Dise\u00f1o ergon\u00f3mico, c\u00f3modo de usar en cualquier cocina.<\/p>\n<\/li>\n<li data-start=\"1091\" data-end=\"1173\">\n<p data-start=\"1093\" data-end=\"1173\">Tapa protectora anti salpicaduras, mantiene el \u00e1rea limpia durante su uso.<\/p>\n<\/li>\n<li data-start=\"1174\" data-end=\"1238\">\n<p data-start=\"1176\" data-end=\"1238\">Piezas desmontables, simplifican el proceso de limpieza.<\/p>\n<\/li>\n<li data-start=\"1239\" data-end=\"1319\">\n<p data-start=\"1241\" data-end=\"1319\">Patas de goma antideslizantes, ofrecen estabilidad durante el exprimido.<\/p>\n<\/li>\n<li data-start=\"1320\" data-end=\"1380\">\n<p data-start=\"1322\" data-end=\"1380\">Potencia de 40W, ideal para el uso dom\u00e9stico diario.<\/p>\n<\/li>\n<li data-start=\"1381\" data-end=\"1460\">\n<p data-start=\"1383\" data-end=\"1460\">Compacto, funcional y pensado para facilitar la preparaci\u00f3n de zumos frescos.<\/p>\n<\/li>\n<\/ul>\n<p><div class=\"accordion\"><div class=\"mfn-acc accordion_wrapper  toggle\"><div class=\"question\"><div class=\"title\"><i class=\"icon-plus acc-icon-plus\" aria-hidden=\"true\"><\/i><i class=\"icon-minus acc-icon-minus\" aria-hidden=\"true\"><\/i>Productgegevens<\/div><div class=\"answer\">EAN 8425160335489<\/p>\n<p>SINAASAPPELPERS 40W 800ML K\u00dcKEN<\/p>\n<p>Verpakkingseenheid 1<br \/>\nKleur Wit<br \/>\nVerpakking Gekleurde doos<br \/>\nVermogen 40 W<br \/>\nSpanning 230 V<br \/>\nCapacidad 800 ml<br \/>\nMateriaal Kunststof<br \/>\nAntislipvoeten Ja<br \/>\nSnelheid 1<br \/>\nAfneembaar Ja<br \/>\nDiameter 14 cm<\/div><\/div>\n<\/div><\/div>\n<br \/>\n<div class=\"accordion\"><div class=\"mfn-acc accordion_wrapper  toggle\"><div class=\"question\"><div class=\"title\"><i class=\"icon-plus acc-icon-plus\" aria-hidden=\"true\"><\/i><i class=\"icon-minus acc-icon-minus\" aria-hidden=\"true\"><\/i>Accessoires<\/div><div class=\"answer\"><\/div><\/div>\n<\/div><\/div>\n<\/p>\n<div class=\"descargas-producto\"><a href=\"\/wp-content\/uploads\/pdf\/8425160335489_ficha_tecnica.pdf\" target=\"_blank\" rel=\"noopener noreferrer\"><br \/>\n<img loading=\"lazy\" decoding=\"async\" src=\"\/wp-content\/uploads\/2019\/12\/picto-descarrega.png\" alt=\"gegevensblad downloaden\" width=\"23\" height=\"16\" \/>Blad downloaden<\/a><br \/>\n<a href=\"\/wp-content\/uploads\/pdf\/33548.pdf\"><img loading=\"lazy\" decoding=\"async\" src=\"\/wp-content\/uploads\/2019\/12\/picto-descarrega.png\" alt=\"handleiding downloaden\" width=\"23\" height=\"16\" \/>Handleiding downloaden<\/a><\/div>\n<div><\/div>\n<div><span style=\"color: #bf2121\">Volg ons op sociale media!<\/span><\/div>\n<div><a href=\"https:\/\/www.instagram.com\/kuken_appliances\/\">https:\/\/www.instagram.com\/kuken_appliances\/<\/a><\/div>\n<p><iframe loading=\"lazy\" title=\"Exprimidor naranjas 40w 800ml k\u00fcken\" width=\"560\" height=\"315\" src=\"https:\/\/www.youtube.com\/embed\/lCjCuhCQ7t8?feature=oembed\" frameborder=\"0\" allow=\"accelerometer; autoplay; clipboard-write; encrypted-media; gyroscope; picture-in-picture; web-share\" referrerpolicy=\"strict-origin-when-cross-origin\" allowfullscreen><\/iframe><\/p>","protected":false},"excerpt":{"rendered":"<p data-start=\"473\" data-end=\"615\">Exprimidor pr\u00e1ctico y eficiente con dos conos para distintos c\u00edtricos, dep\u00f3sito de gran capacidad, tapa anti salpicaduras y dise\u00f1o ergon\u00f3mico.<\/p>\n<p data-start=\"617\" data-end=\"695\">","protected":false},"featured_media":3020,"template":"","meta":[],"product_brand":[],"product_cat":[205],"product_tag":[],"class_list":{"0":"post-3019","1":"product","2":"type-product","3":"status-publish","4":"has-post-thumbnail","6":"product_cat-exprimidores","8":"first","9":"instock","10":"product-type-simple"},"yoast_head":"<!-- This site is optimized with the Yoast SEO Premium plugin v24.0 (Yoast SEO v26.5) - https:\/\/yoast.com\/wordpress\/plugins\/seo\/ -->\n<title>EXPRIMIDOR DE NARANJAS 40W 800ML K\u00dcKEN - K\u00fcken<\/title>\n<meta name=\"description\" content=\"Nuevo y exclusivo exprimidor de naranjas el\u00e9ctrico 40W k\u00fcken. Prepara un delicioso zumo de naranja m\u00e1s r\u00e1pido y f\u00e1cil,\u261edesc\u00fabrelo ahora.\" \/>\n<meta name=\"robots\" content=\"noindex, follow, max-snippet:-1, max-image-preview:large, max-video-preview:-1\" \/>\n<meta property=\"og:locale\" content=\"nl_NL\" \/>\n<meta property=\"og:type\" content=\"article\" \/>\n<meta property=\"og:title\" content=\"EXPRIMIDOR DE NARANJAS 40W 800ML K\u00dcKEN\" \/>\n<meta property=\"og:description\" content=\"Nuevo y exclusivo exprimidor de naranjas el\u00e9ctrico 40W k\u00fcken. Prepara un delicioso zumo de naranja m\u00e1s r\u00e1pido y f\u00e1cil,\u261edesc\u00fabrelo ahora.\" \/>\n<meta property=\"og:url\" content=\"https:\/\/kuken.alfadyser.dev\/nl\/product\/exprimidor-de-naranjas-40w-800ml-kuken\/\" \/>\n<meta property=\"og:site_name\" content=\"K\u00fcken\" \/>\n<meta property=\"article:publisher\" content=\"https:\/\/es-es.facebook.com\/alfadyser\/\" \/>\n<meta property=\"article:modified_time\" content=\"2025-07-23T10:37:19+00:00\" \/>\n<meta property=\"og:image\" content=\"https:\/\/kuken.alfadyser.dev\/wp-content\/uploads\/pdf\/EXPRIMIDOR-NARANJAS-40W-800ML-KUKEN.jpg\" \/>\n\t<meta property=\"og:image:width\" content=\"853\" \/>\n\t<meta property=\"og:image:height\" content=\"853\" \/>\n\t<meta property=\"og:image:type\" content=\"image\/jpeg\" \/>\n<meta name=\"twitter:card\" content=\"summary_large_image\" \/>\n<meta name=\"twitter:label1\" content=\"Prijs\" \/>\n\t<meta name=\"twitter:data1\" content=\"\" \/>\n\t<meta name=\"twitter:label2\" content=\"Beschikbaarheid\" \/>\n\t<meta name=\"twitter:data2\" content=\"Op voorraad\" \/>\n<script type=\"application\/ld+json\" class=\"yoast-schema-graph\">{\"@context\":\"https:\/\/schema.org\",\"@graph\":[{\"@type\":\"WebPage\",\"@id\":\"https:\/\/kuken.alfadyser.dev\/producto\/exprimidor-de-naranjas-40w-800ml-kuken\/\",\"url\":\"https:\/\/kuken.alfadyser.dev\/producto\/exprimidor-de-naranjas-40w-800ml-kuken\/\",\"name\":\"EXPRIMIDOR DE NARANJAS 40W 800ML K\u00dcKEN - K\u00fcken\",\"isPartOf\":{\"@id\":\"https:\/\/kuken.alfadyser.dev\/#website\"},\"primaryImageOfPage\":{\"@id\":\"https:\/\/kuken.alfadyser.dev\/producto\/exprimidor-de-naranjas-40w-800ml-kuken\/#primaryimage\"},\"image\":{\"@id\":\"https:\/\/kuken.alfadyser.dev\/producto\/exprimidor-de-naranjas-40w-800ml-kuken\/#primaryimage\"},\"thumbnailUrl\":\"https:\/\/kuken.alfadyser.dev\/wp-content\/uploads\/pdf\/EXPRIMIDOR-NARANJAS-40W-800ML-KUKEN.jpg\",\"datePublished\":\"2020-02-28T13:04:39+00:00\",\"dateModified\":\"2025-07-23T10:37:19+00:00\",\"description\":\"Nuevo y exclusivo exprimidor de naranjas el\u00e9ctrico 40W k\u00fcken. Prepara un delicioso zumo de naranja m\u00e1s r\u00e1pido y f\u00e1cil,\u261edesc\u00fabrelo ahora.\",\"breadcrumb\":{\"@id\":\"https:\/\/kuken.alfadyser.dev\/producto\/exprimidor-de-naranjas-40w-800ml-kuken\/#breadcrumb\"},\"inLanguage\":\"nl-NL\",\"potentialAction\":[{\"@type\":\"ReadAction\",\"target\":[\"https:\/\/kuken.alfadyser.dev\/producto\/exprimidor-de-naranjas-40w-800ml-kuken\/\"]}]},{\"@type\":\"ImageObject\",\"inLanguage\":\"nl-NL\",\"@id\":\"https:\/\/kuken.alfadyser.dev\/producto\/exprimidor-de-naranjas-40w-800ml-kuken\/#primaryimage\",\"url\":\"https:\/\/kuken.alfadyser.dev\/wp-content\/uploads\/pdf\/EXPRIMIDOR-NARANJAS-40W-800ML-KUKEN.jpg\",\"contentUrl\":\"https:\/\/kuken.alfadyser.dev\/wp-content\/uploads\/pdf\/EXPRIMIDOR-NARANJAS-40W-800ML-KUKEN.jpg\",\"width\":853,\"height\":853,\"caption\":\"exprimidor de naranjas el\u00e9ctrico manual k\u00fcken\"},{\"@type\":\"BreadcrumbList\",\"@id\":\"https:\/\/kuken.alfadyser.dev\/producto\/exprimidor-de-naranjas-40w-800ml-kuken\/#breadcrumb\",\"itemListElement\":[{\"@type\":\"ListItem\",\"position\":1,\"name\":\"Portada\",\"item\":\"https:\/\/kuken.alfadyser.dev\/\"},{\"@type\":\"ListItem\",\"position\":2,\"name\":\"Productos\",\"item\":\"https:\/\/kuken.alfadyser.dev\/productos\/\"},{\"@type\":\"ListItem\",\"position\":3,\"name\":\"EXPRIMIDOR DE NARANJAS 40W 800ML K\u00dcKEN\"}]},{\"@type\":\"WebSite\",\"@id\":\"https:\/\/kuken.alfadyser.dev\/#website\",\"url\":\"https:\/\/kuken.alfadyser.dev\/\",\"name\":\"K\u00fcken\",\"description\":\"Amplia gama de peque\u00f1o electrodom\u00e9stico k\u00fcken\",\"publisher\":{\"@id\":\"https:\/\/kuken.alfadyser.dev\/#organization\"},\"potentialAction\":[{\"@type\":\"SearchAction\",\"target\":{\"@type\":\"EntryPoint\",\"urlTemplate\":\"https:\/\/kuken.alfadyser.dev\/?s={search_term_string}\"},\"query-input\":{\"@type\":\"PropertyValueSpecification\",\"valueRequired\":true,\"valueName\":\"search_term_string\"}}],\"inLanguage\":\"nl-NL\"},{\"@type\":\"Organization\",\"@id\":\"https:\/\/kuken.alfadyser.dev\/#organization\",\"name\":\"Alfa Dyser\",\"url\":\"https:\/\/kuken.alfadyser.dev\/\",\"logo\":{\"@type\":\"ImageObject\",\"inLanguage\":\"nl-NL\",\"@id\":\"https:\/\/kuken.alfadyser.dev\/#\/schema\/logo\/image\/\",\"url\":\"https:\/\/kuken.alfadyser.dev\/wp-content\/uploads\/2019\/04\/kuken-logo.png\",\"contentUrl\":\"https:\/\/kuken.alfadyser.dev\/wp-content\/uploads\/2019\/04\/kuken-logo.png\",\"width\":500,\"height\":191,\"caption\":\"Alfa Dyser\"},\"image\":{\"@id\":\"https:\/\/kuken.alfadyser.dev\/#\/schema\/logo\/image\/\"},\"sameAs\":[\"https:\/\/es-es.facebook.com\/alfadyser\/\",\"https:\/\/www.instagram.com\/kuken_appliances\/\"]}]}<\/script>\n<meta property=\"product:price:currency\" content=\"EUR\" \/>\n<meta property=\"og:availability\" content=\"instock\" \/>\n<meta property=\"product:availability\" content=\"instock\" \/>\n<meta property=\"product:retailer_item_id\" content=\"33548\" \/>\n<meta property=\"product:condition\" content=\"new\" \/>\n<!-- \/ Yoast SEO Premium plugin. -->","yoast_head_json":{"title":"EXPRIMIDOR DE NARANJAS 40W 800ML K\u00dcKEN - K\u00fcken","description":"Nuevo y exclusivo exprimidor de naranjas el\u00e9ctrico 40W k\u00fcken. Prepara un delicioso zumo de naranja m\u00e1s r\u00e1pido y f\u00e1cil,\u261edesc\u00fabrelo ahora.","robots":{"index":"noindex","follow":"follow","max-snippet":"max-snippet:-1","max-image-preview":"max-image-preview:large","max-video-preview":"max-video-preview:-1"},"og_locale":"nl_NL","og_type":"article","og_title":"EXPRIMIDOR DE NARANJAS 40W 800ML K\u00dcKEN","og_description":"Nuevo y exclusivo exprimidor de naranjas el\u00e9ctrico 40W k\u00fcken. Prepara un delicioso zumo de naranja m\u00e1s r\u00e1pido y f\u00e1cil,\u261edesc\u00fabrelo ahora.","og_url":"https:\/\/kuken.alfadyser.dev\/nl\/product\/exprimidor-de-naranjas-40w-800ml-kuken\/","og_site_name":"K\u00fcken","article_publisher":"https:\/\/es-es.facebook.com\/alfadyser\/","article_modified_time":"2025-07-23T10:37:19+00:00","og_image":[{"width":853,"height":853,"url":"https:\/\/kuken.alfadyser.dev\/wp-content\/uploads\/pdf\/EXPRIMIDOR-NARANJAS-40W-800ML-KUKEN.jpg","type":"image\/jpeg"}],"twitter_card":"summary_large_image","twitter_misc":{"Prijs":"","Beschikbaarheid":"Op voorraad"},"schema":{"@context":"https:\/\/schema.org","@graph":[{"@type":"WebPage","@id":"https:\/\/kuken.alfadyser.dev\/producto\/exprimidor-de-naranjas-40w-800ml-kuken\/","url":"https:\/\/kuken.alfadyser.dev\/producto\/exprimidor-de-naranjas-40w-800ml-kuken\/","name":"EXPRIMIDOR DE NARANJAS 40W 800ML K\u00dcKEN - K\u00fcken","isPartOf":{"@id":"https:\/\/kuken.alfadyser.dev\/#website"},"primaryImageOfPage":{"@id":"https:\/\/kuken.alfadyser.dev\/producto\/exprimidor-de-naranjas-40w-800ml-kuken\/#primaryimage"},"image":{"@id":"https:\/\/kuken.alfadyser.dev\/producto\/exprimidor-de-naranjas-40w-800ml-kuken\/#primaryimage"},"thumbnailUrl":"https:\/\/kuken.alfadyser.dev\/wp-content\/uploads\/pdf\/EXPRIMIDOR-NARANJAS-40W-800ML-KUKEN.jpg","datePublished":"2020-02-28T13:04:39+00:00","dateModified":"2025-07-23T10:37:19+00:00","description":"Nuevo y exclusivo exprimidor de naranjas el\u00e9ctrico 40W k\u00fcken. Prepara un delicioso zumo de naranja m\u00e1s r\u00e1pido y f\u00e1cil,\u261edesc\u00fabrelo ahora.","breadcrumb":{"@id":"https:\/\/kuken.alfadyser.dev\/producto\/exprimidor-de-naranjas-40w-800ml-kuken\/#breadcrumb"},"inLanguage":"nl-NL","potentialAction":[{"@type":"ReadAction","target":["https:\/\/kuken.alfadyser.dev\/producto\/exprimidor-de-naranjas-40w-800ml-kuken\/"]}]},{"@type":"ImageObject","inLanguage":"nl-NL","@id":"https:\/\/kuken.alfadyser.dev\/producto\/exprimidor-de-naranjas-40w-800ml-kuken\/#primaryimage","url":"https:\/\/kuken.alfadyser.dev\/wp-content\/uploads\/pdf\/EXPRIMIDOR-NARANJAS-40W-800ML-KUKEN.jpg","contentUrl":"https:\/\/kuken.alfadyser.dev\/wp-content\/uploads\/pdf\/EXPRIMIDOR-NARANJAS-40W-800ML-KUKEN.jpg","width":853,"height":853,"caption":"exprimidor de naranjas el\u00e9ctrico manual k\u00fcken"},{"@type":"BreadcrumbList","@id":"https:\/\/kuken.alfadyser.dev\/producto\/exprimidor-de-naranjas-40w-800ml-kuken\/#breadcrumb","itemListElement":[{"@type":"ListItem","position":1,"name":"Portada","item":"https:\/\/kuken.alfadyser.dev\/"},{"@type":"ListItem","position":2,"name":"Productos","item":"https:\/\/kuken.alfadyser.dev\/productos\/"},{"@type":"ListItem","position":3,"name":"EXPRIMIDOR DE NARANJAS 40W 800ML K\u00dcKEN"}]},{"@type":"WebSite","@id":"https:\/\/kuken.alfadyser.dev\/#website","url":"https:\/\/kuken.alfadyser.dev\/","name":"K\u00fcken","description":"Uitgebreid assortiment kleine huishoudelijke apparaten van k\u00fcken","publisher":{"@id":"https:\/\/kuken.alfadyser.dev\/#organization"},"potentialAction":[{"@type":"SearchAction","target":{"@type":"EntryPoint","urlTemplate":"https:\/\/kuken.alfadyser.dev\/?s={search_term_string}"},"query-input":{"@type":"PropertyValueSpecification","valueRequired":true,"valueName":"search_term_string"}}],"inLanguage":"nl-NL"},{"@type":"Organization","@id":"https:\/\/kuken.alfadyser.dev\/#organization","name":"Alpha Dyser","url":"https:\/\/kuken.alfadyser.dev\/","logo":{"@type":"ImageObject","inLanguage":"nl-NL","@id":"https:\/\/kuken.alfadyser.dev\/#\/schema\/logo\/image\/","url":"https:\/\/kuken.alfadyser.dev\/wp-content\/uploads\/2019\/04\/kuken-logo.png","contentUrl":"https:\/\/kuken.alfadyser.dev\/wp-content\/uploads\/2019\/04\/kuken-logo.png","width":500,"height":191,"caption":"Alfa Dyser"},"image":{"@id":"https:\/\/kuken.alfadyser.dev\/#\/schema\/logo\/image\/"},"sameAs":["https:\/\/es-es.facebook.com\/alfadyser\/","https:\/\/www.instagram.com\/kuken_appliances\/"]}]},"product_price_currency":"EUR","og_availability":"instock","product_availability":"instock","product_retailer_item_id":"33548","product_condition":"new"},"_links":{"self":[{"href":"https:\/\/kuken.alfadyser.dev\/nl\/wp-json\/wp\/v2\/product\/3019","targetHints":{"allow":["GET"]}}],"collection":[{"href":"https:\/\/kuken.alfadyser.dev\/nl\/wp-json\/wp\/v2\/product"}],"about":[{"href":"https:\/\/kuken.alfadyser.dev\/nl\/wp-json\/wp\/v2\/types\/product"}],"wp:featuredmedia":[{"embeddable":true,"href":"https:\/\/kuken.alfadyser.dev\/nl\/wp-json\/wp\/v2\/media\/3020"}],"wp:attachment":[{"href":"https:\/\/kuken.alfadyser.dev\/nl\/wp-json\/wp\/v2\/media?parent=3019"}],"wp:term":[{"taxonomy":"product_brand","embeddable":true,"href":"https:\/\/kuken.alfadyser.dev\/nl\/wp-json\/wp\/v2\/product_brand?post=3019"},{"taxonomy":"product_cat","embeddable":true,"href":"https:\/\/kuken.alfadyser.dev\/nl\/wp-json\/wp\/v2\/product_cat?post=3019"},{"taxonomy":"product_tag","embeddable":true,"href":"https:\/\/kuken.alfadyser.dev\/nl\/wp-json\/wp\/v2\/product_tag?post=3019"}],"curies":[{"name":"wp","href":"https:\/\/api.w.org\/{rel}","templated":true}]}}