{"id":11433,"date":"2024-10-29T13:47:09","date_gmt":"2024-10-29T12:47:09","guid":{"rendered":"https:\/\/kuken.alfadyser.dev\/?post_type=product&#038;p=11433"},"modified":"2025-07-22T07:20:22","modified_gmt":"2025-07-22T05:20:22","slug":"ventilador-techo-plafon-led-regulable","status":"publish","type":"product","link":"https:\/\/kuken.alfadyser.dev\/nl\/product\/ventilador-techo-plafon-led-regulable\/","title":{"rendered":"PLAFONDVENTILATOR VERSTELBARE LED PLAFONDLAMP"},"content":{"rendered":"<p>PLAFONDVENTILATOR VERSTELBARE LED PLAFONDLAMP<\/p>\n<ul data-start=\"751\" data-end=\"1482\">\n<li class=\"\" data-start=\"751\" data-end=\"826\">\n<p class=\"\" data-start=\"753\" data-end=\"826\">Di\u00e1metro total de 46\u202fcm y ventilador de 30\u202fcm, grosor de 15\u202fcm.<\/p>\n<\/li>\n<li class=\"\" data-start=\"827\" data-end=\"906\">\n<p class=\"\" data-start=\"829\" data-end=\"906\">Potencia total de 50\u202fW: motor DC silencioso de 30\u202fW + LED 25\u202fW.<\/p>\n<\/li>\n<li class=\"\" data-start=\"907\" data-end=\"995\">\n<p class=\"\" data-start=\"909\" data-end=\"995\">Tecnolog\u00eda LED integrada con 3 temperaturas de color: fr\u00eda, neutra y c\u00e1lida.<\/p>\n<\/li>\n<li class=\"\" data-start=\"996\" data-end=\"1061\">\n<p class=\"\" data-start=\"998\" data-end=\"1061\">Ventilador de 5 aspas protegido con rejilla de seguridad.<\/p>\n<\/li>\n<li class=\"\" data-start=\"1062\" data-end=\"1109\">\n<p class=\"\" data-start=\"1064\" data-end=\"1109\">6 velocidades de ventilaci\u00f3n ajustable.<\/p>\n<\/li>\n<li class=\"\" data-start=\"1110\" data-end=\"1153\">\n<p class=\"\" data-start=\"1112\" data-end=\"1153\">Caudal m\u00e1ximo de aire: 48,5\u202fm\u00b3\/min.<\/p>\n<\/li>\n<li class=\"\" data-start=\"1154\" data-end=\"1211\">\n<p class=\"\" data-start=\"1156\" data-end=\"1211\">Funci\u00f3n inversa Verano\/Invierno, uso todo el a\u00f1o.<\/p>\n<\/li>\n<li class=\"\" data-start=\"1212\" data-end=\"1269\">\n<p class=\"\" data-start=\"1214\" data-end=\"1269\">Temporizador de hasta 2 horas para mayor confort.<\/p>\n<\/li>\n<li class=\"\" data-start=\"1270\" data-end=\"1345\">\n<p class=\"\" data-start=\"1272\" data-end=\"1345\">Control total mediante mando a distancia y app m\u00f3vil (iOS\/Android).<\/p>\n<\/li>\n<li class=\"\" data-start=\"1346\" data-end=\"1424\">\n<p class=\"\" data-start=\"1348\" data-end=\"1424\">Fabricado en policarbonato de alta resistencia, tipo energ\u00e9tico F.<\/p>\n<\/li>\n<li class=\"\" data-start=\"1425\" data-end=\"1482\">\n<p class=\"\" data-start=\"1427\" data-end=\"1482\">Perfecto para hogares, oficinas y espacios amplios.<\/p>\n<\/li>\n<\/ul>\n<p><div class=\"accordion\"><div class=\"mfn-acc accordion_wrapper  toggle\"><div class=\"question\"><div class=\"title\"><i class=\"icon-plus acc-icon-plus\" aria-hidden=\"true\"><\/i><i class=\"icon-minus acc-icon-minus\" aria-hidden=\"true\"><\/i>Productgegevens<\/div><div class=\"answer\">EAN:8425160346423<\/p>\n<p>PLAFONDVENTILATOR VERSTELBARE LED PLAFONDLAMP<\/p>\n<p>Eenheden: 1<br \/>\nKleur: Wit<br \/>\nVerpakking: Dooskleur<br \/>\nPotencia: 50W<br \/>\nVoltaje:230V<br \/>\nMaterial: Metal y Policarbonato<br \/>\nMedida:46x15cm<br \/>\nSnelheden: 6 snelheden<br \/>\n<\/div><\/div>\n<\/div><\/div>\n<br \/>\n<div class=\"accordion\"><div class=\"mfn-acc accordion_wrapper  toggle\"><div class=\"question\"><div class=\"title\"><i class=\"icon-plus acc-icon-plus\" aria-hidden=\"true\"><\/i><i class=\"icon-minus acc-icon-minus\" aria-hidden=\"true\"><\/i>Accessoires<\/div><div class=\"answer\"><\/div><\/div>\n<\/div><\/div>\n<\/p>\n<div class=\"descargas-producto\"><img loading=\"lazy\" decoding=\"async\" src=\"\/wp-content\/uploads\/2019\/12\/picto-descarrega.png\" alt=\"gegevensblad downloaden\" width=\"23\" height=\"16\" \/><a href=\"https:\/\/kuken.alfadyser.dev\/wp-content\/uploads\/8425160346423_ficha_tecnica.pdf\">Blad downloaden<\/a><br \/>\n<img loading=\"lazy\" decoding=\"async\" src=\"\/wp-content\/uploads\/2019\/12\/picto-descarrega.png\" alt=\"handleiding downloaden\" width=\"23\" height=\"16\" \/><a href=\"https:\/\/kuken.alfadyser.dev\/wp-content\/uploads\/34642_instrucciones_compressed.pdf\">Handleiding downloaden<\/a><\/div>\n<div><\/div>\n<div>\n<div><span style=\"color: #000000\">Volg ons op sociale media!<\/span><\/div>\n<div><a href=\"https:\/\/www.instagram.com\/kuken_appliances\/\">https:\/\/www.instagram.com\/kuken_appliances<\/a><\/div>\n<\/div>","protected":false},"excerpt":{"rendered":"<p class=\"\" data-start=\"521\" data-end=\"674\">Ventilador plaf\u00f3n con luz LED regulable, control por app y mando. Ultra silencioso, con 6 velocidades y funci\u00f3n reversible. Ideal para estancias grandes.<\/p>","protected":false},"featured_media":11742,"template":"","meta":[],"product_brand":[],"product_cat":[223],"product_tag":[],"class_list":{"0":"post-11433","1":"product","2":"type-product","3":"status-publish","4":"has-post-thumbnail","6":"product_cat-ventiladores","8":"first","9":"instock","10":"shipping-taxable","11":"product-type-simple"},"yoast_head":"<!-- This site is optimized with the Yoast SEO Premium plugin v24.0 (Yoast SEO v26.5) - https:\/\/yoast.com\/wordpress\/plugins\/seo\/ -->\n<title>VENTILADOR TECHO PLAFON LED REGULABLE - K\u00fcken<\/title>\n<meta name=\"description\" content=\"Ventilador de techo plaf\u00f3n led regulable. Perfecto para mantener frescas e iluminadas las estancias de tu hogar. Visita K\u00fcken.es\" \/>\n<meta name=\"robots\" content=\"noindex, follow, max-snippet:-1, max-image-preview:large, max-video-preview:-1\" \/>\n<meta property=\"og:locale\" content=\"nl_NL\" \/>\n<meta property=\"og:type\" content=\"article\" \/>\n<meta property=\"og:title\" content=\"VENTILADOR TECHO PLAFON LED REGULABLE\" \/>\n<meta property=\"og:description\" content=\"Ventilador de techo plaf\u00f3n led regulable. Perfecto para mantener frescas e iluminadas las estancias de tu hogar. Visita K\u00fcken.es\" \/>\n<meta property=\"og:url\" content=\"https:\/\/kuken.alfadyser.dev\/nl\/product\/ventilador-techo-plafon-led-regulable\/\" \/>\n<meta property=\"og:site_name\" content=\"K\u00fcken\" \/>\n<meta property=\"article:publisher\" content=\"https:\/\/es-es.facebook.com\/alfadyser\/\" \/>\n<meta property=\"article:modified_time\" content=\"2025-07-22T05:20:22+00:00\" \/>\n<meta property=\"og:image\" content=\"https:\/\/kuken.alfadyser.dev\/wp-content\/uploads\/8425160346423_01.jpg\" \/>\n\t<meta property=\"og:image:width\" content=\"2000\" \/>\n\t<meta property=\"og:image:height\" content=\"2000\" \/>\n\t<meta property=\"og:image:type\" content=\"image\/jpeg\" \/>\n<meta name=\"twitter:card\" content=\"summary_large_image\" \/>\n<meta name=\"twitter:label1\" content=\"Prijs\" \/>\n\t<meta name=\"twitter:data1\" content=\"\" \/>\n\t<meta name=\"twitter:label2\" content=\"Beschikbaarheid\" \/>\n\t<meta name=\"twitter:data2\" content=\"Op voorraad\" \/>\n<script type=\"application\/ld+json\" class=\"yoast-schema-graph\">{\"@context\":\"https:\/\/schema.org\",\"@graph\":[{\"@type\":\"WebPage\",\"@id\":\"https:\/\/kuken.alfadyser.dev\/producto\/ventilador-techo-plafon-led-regulable\/\",\"url\":\"https:\/\/kuken.alfadyser.dev\/producto\/ventilador-techo-plafon-led-regulable\/\",\"name\":\"VENTILADOR TECHO PLAFON LED REGULABLE - K\u00fcken\",\"isPartOf\":{\"@id\":\"https:\/\/kuken.alfadyser.dev\/#website\"},\"primaryImageOfPage\":{\"@id\":\"https:\/\/kuken.alfadyser.dev\/producto\/ventilador-techo-plafon-led-regulable\/#primaryimage\"},\"image\":{\"@id\":\"https:\/\/kuken.alfadyser.dev\/producto\/ventilador-techo-plafon-led-regulable\/#primaryimage\"},\"thumbnailUrl\":\"https:\/\/kuken.alfadyser.dev\/wp-content\/uploads\/8425160346423_01.jpg\",\"datePublished\":\"2024-10-29T12:47:09+00:00\",\"dateModified\":\"2025-07-22T05:20:22+00:00\",\"description\":\"Ventilador de techo plaf\u00f3n led regulable. Perfecto para mantener frescas e iluminadas las estancias de tu hogar. Visita K\u00fcken.es\",\"breadcrumb\":{\"@id\":\"https:\/\/kuken.alfadyser.dev\/producto\/ventilador-techo-plafon-led-regulable\/#breadcrumb\"},\"inLanguage\":\"nl-NL\",\"potentialAction\":[{\"@type\":\"ReadAction\",\"target\":[\"https:\/\/kuken.alfadyser.dev\/producto\/ventilador-techo-plafon-led-regulable\/\"]}]},{\"@type\":\"ImageObject\",\"inLanguage\":\"nl-NL\",\"@id\":\"https:\/\/kuken.alfadyser.dev\/producto\/ventilador-techo-plafon-led-regulable\/#primaryimage\",\"url\":\"https:\/\/kuken.alfadyser.dev\/wp-content\/uploads\/8425160346423_01.jpg\",\"contentUrl\":\"https:\/\/kuken.alfadyser.dev\/wp-content\/uploads\/8425160346423_01.jpg\",\"width\":2000,\"height\":2000},{\"@type\":\"BreadcrumbList\",\"@id\":\"https:\/\/kuken.alfadyser.dev\/producto\/ventilador-techo-plafon-led-regulable\/#breadcrumb\",\"itemListElement\":[{\"@type\":\"ListItem\",\"position\":1,\"name\":\"Portada\",\"item\":\"https:\/\/kuken.alfadyser.dev\/\"},{\"@type\":\"ListItem\",\"position\":2,\"name\":\"Productos\",\"item\":\"https:\/\/kuken.alfadyser.dev\/productos\/\"},{\"@type\":\"ListItem\",\"position\":3,\"name\":\"VENTILADOR TECHO PLAFON LED REGULABLE\"}]},{\"@type\":\"WebSite\",\"@id\":\"https:\/\/kuken.alfadyser.dev\/#website\",\"url\":\"https:\/\/kuken.alfadyser.dev\/\",\"name\":\"K\u00fcken\",\"description\":\"Amplia gama de peque\u00f1o electrodom\u00e9stico k\u00fcken\",\"publisher\":{\"@id\":\"https:\/\/kuken.alfadyser.dev\/#organization\"},\"potentialAction\":[{\"@type\":\"SearchAction\",\"target\":{\"@type\":\"EntryPoint\",\"urlTemplate\":\"https:\/\/kuken.alfadyser.dev\/?s={search_term_string}\"},\"query-input\":{\"@type\":\"PropertyValueSpecification\",\"valueRequired\":true,\"valueName\":\"search_term_string\"}}],\"inLanguage\":\"nl-NL\"},{\"@type\":\"Organization\",\"@id\":\"https:\/\/kuken.alfadyser.dev\/#organization\",\"name\":\"Alfa Dyser\",\"url\":\"https:\/\/kuken.alfadyser.dev\/\",\"logo\":{\"@type\":\"ImageObject\",\"inLanguage\":\"nl-NL\",\"@id\":\"https:\/\/kuken.alfadyser.dev\/#\/schema\/logo\/image\/\",\"url\":\"https:\/\/kuken.alfadyser.dev\/wp-content\/uploads\/2019\/04\/kuken-logo.png\",\"contentUrl\":\"https:\/\/kuken.alfadyser.dev\/wp-content\/uploads\/2019\/04\/kuken-logo.png\",\"width\":500,\"height\":191,\"caption\":\"Alfa Dyser\"},\"image\":{\"@id\":\"https:\/\/kuken.alfadyser.dev\/#\/schema\/logo\/image\/\"},\"sameAs\":[\"https:\/\/es-es.facebook.com\/alfadyser\/\",\"https:\/\/www.instagram.com\/kuken_appliances\/\"]}]}<\/script>\n<meta property=\"product:price:currency\" content=\"EUR\" \/>\n<meta property=\"og:availability\" content=\"instock\" \/>\n<meta property=\"product:availability\" content=\"instock\" \/>\n<meta property=\"product:retailer_item_id\" content=\"34642\" \/>\n<meta property=\"product:condition\" content=\"new\" \/>\n<!-- \/ Yoast SEO Premium plugin. -->","yoast_head_json":{"title":"VENTILADOR TECHO PLAFON LED REGULABLE - K\u00fcken","description":"Ventilador de techo plaf\u00f3n led regulable. Perfecto para mantener frescas e iluminadas las estancias de tu hogar. Visita K\u00fcken.es","robots":{"index":"noindex","follow":"follow","max-snippet":"max-snippet:-1","max-image-preview":"max-image-preview:large","max-video-preview":"max-video-preview:-1"},"og_locale":"nl_NL","og_type":"article","og_title":"VENTILADOR TECHO PLAFON LED REGULABLE","og_description":"Ventilador de techo plaf\u00f3n led regulable. Perfecto para mantener frescas e iluminadas las estancias de tu hogar. Visita K\u00fcken.es","og_url":"https:\/\/kuken.alfadyser.dev\/nl\/product\/ventilador-techo-plafon-led-regulable\/","og_site_name":"K\u00fcken","article_publisher":"https:\/\/es-es.facebook.com\/alfadyser\/","article_modified_time":"2025-07-22T05:20:22+00:00","og_image":[{"width":2000,"height":2000,"url":"https:\/\/kuken.alfadyser.dev\/wp-content\/uploads\/8425160346423_01.jpg","type":"image\/jpeg"}],"twitter_card":"summary_large_image","twitter_misc":{"Prijs":"","Beschikbaarheid":"Op voorraad"},"schema":{"@context":"https:\/\/schema.org","@graph":[{"@type":"WebPage","@id":"https:\/\/kuken.alfadyser.dev\/producto\/ventilador-techo-plafon-led-regulable\/","url":"https:\/\/kuken.alfadyser.dev\/producto\/ventilador-techo-plafon-led-regulable\/","name":"VENTILADOR TECHO PLAFON LED REGULABLE - K\u00fcken","isPartOf":{"@id":"https:\/\/kuken.alfadyser.dev\/#website"},"primaryImageOfPage":{"@id":"https:\/\/kuken.alfadyser.dev\/producto\/ventilador-techo-plafon-led-regulable\/#primaryimage"},"image":{"@id":"https:\/\/kuken.alfadyser.dev\/producto\/ventilador-techo-plafon-led-regulable\/#primaryimage"},"thumbnailUrl":"https:\/\/kuken.alfadyser.dev\/wp-content\/uploads\/8425160346423_01.jpg","datePublished":"2024-10-29T12:47:09+00:00","dateModified":"2025-07-22T05:20:22+00:00","description":"Ventilador de techo plaf\u00f3n led regulable. Perfecto para mantener frescas e iluminadas las estancias de tu hogar. Visita K\u00fcken.es","breadcrumb":{"@id":"https:\/\/kuken.alfadyser.dev\/producto\/ventilador-techo-plafon-led-regulable\/#breadcrumb"},"inLanguage":"nl-NL","potentialAction":[{"@type":"ReadAction","target":["https:\/\/kuken.alfadyser.dev\/producto\/ventilador-techo-plafon-led-regulable\/"]}]},{"@type":"ImageObject","inLanguage":"nl-NL","@id":"https:\/\/kuken.alfadyser.dev\/producto\/ventilador-techo-plafon-led-regulable\/#primaryimage","url":"https:\/\/kuken.alfadyser.dev\/wp-content\/uploads\/8425160346423_01.jpg","contentUrl":"https:\/\/kuken.alfadyser.dev\/wp-content\/uploads\/8425160346423_01.jpg","width":2000,"height":2000},{"@type":"BreadcrumbList","@id":"https:\/\/kuken.alfadyser.dev\/producto\/ventilador-techo-plafon-led-regulable\/#breadcrumb","itemListElement":[{"@type":"ListItem","position":1,"name":"Portada","item":"https:\/\/kuken.alfadyser.dev\/"},{"@type":"ListItem","position":2,"name":"Productos","item":"https:\/\/kuken.alfadyser.dev\/productos\/"},{"@type":"ListItem","position":3,"name":"VENTILADOR TECHO PLAFON LED REGULABLE"}]},{"@type":"WebSite","@id":"https:\/\/kuken.alfadyser.dev\/#website","url":"https:\/\/kuken.alfadyser.dev\/","name":"K\u00fcken","description":"Uitgebreid assortiment kleine huishoudelijke apparaten van k\u00fcken","publisher":{"@id":"https:\/\/kuken.alfadyser.dev\/#organization"},"potentialAction":[{"@type":"SearchAction","target":{"@type":"EntryPoint","urlTemplate":"https:\/\/kuken.alfadyser.dev\/?s={search_term_string}"},"query-input":{"@type":"PropertyValueSpecification","valueRequired":true,"valueName":"search_term_string"}}],"inLanguage":"nl-NL"},{"@type":"Organization","@id":"https:\/\/kuken.alfadyser.dev\/#organization","name":"Alpha Dyser","url":"https:\/\/kuken.alfadyser.dev\/","logo":{"@type":"ImageObject","inLanguage":"nl-NL","@id":"https:\/\/kuken.alfadyser.dev\/#\/schema\/logo\/image\/","url":"https:\/\/kuken.alfadyser.dev\/wp-content\/uploads\/2019\/04\/kuken-logo.png","contentUrl":"https:\/\/kuken.alfadyser.dev\/wp-content\/uploads\/2019\/04\/kuken-logo.png","width":500,"height":191,"caption":"Alfa Dyser"},"image":{"@id":"https:\/\/kuken.alfadyser.dev\/#\/schema\/logo\/image\/"},"sameAs":["https:\/\/es-es.facebook.com\/alfadyser\/","https:\/\/www.instagram.com\/kuken_appliances\/"]}]},"product_price_currency":"EUR","og_availability":"instock","product_availability":"instock","product_retailer_item_id":"34642","product_condition":"new"},"_links":{"self":[{"href":"https:\/\/kuken.alfadyser.dev\/nl\/wp-json\/wp\/v2\/product\/11433","targetHints":{"allow":["GET"]}}],"collection":[{"href":"https:\/\/kuken.alfadyser.dev\/nl\/wp-json\/wp\/v2\/product"}],"about":[{"href":"https:\/\/kuken.alfadyser.dev\/nl\/wp-json\/wp\/v2\/types\/product"}],"wp:featuredmedia":[{"embeddable":true,"href":"https:\/\/kuken.alfadyser.dev\/nl\/wp-json\/wp\/v2\/media\/11742"}],"wp:attachment":[{"href":"https:\/\/kuken.alfadyser.dev\/nl\/wp-json\/wp\/v2\/media?parent=11433"}],"wp:term":[{"taxonomy":"product_brand","embeddable":true,"href":"https:\/\/kuken.alfadyser.dev\/nl\/wp-json\/wp\/v2\/product_brand?post=11433"},{"taxonomy":"product_cat","embeddable":true,"href":"https:\/\/kuken.alfadyser.dev\/nl\/wp-json\/wp\/v2\/product_cat?post=11433"},{"taxonomy":"product_tag","embeddable":true,"href":"https:\/\/kuken.alfadyser.dev\/nl\/wp-json\/wp\/v2\/product_tag?post=11433"}],"curies":[{"name":"wp","href":"https:\/\/api.w.org\/{rel}","templated":true}]}}