{"id":11114,"date":"2024-06-07T08:17:14","date_gmt":"2024-06-07T06:17:14","guid":{"rendered":"https:\/\/kuken.alfadyser.dev\/?post_type=product&#038;p=11114"},"modified":"2025-07-22T08:04:30","modified_gmt":"2025-07-22T06:04:30","slug":"secador-profesional-brushless-1800w-blanco","status":"publish","type":"product","link":"https:\/\/kuken.alfadyser.dev\/nl\/product\/secador-profesional-brushless-1800w-blanco\/","title":{"rendered":"PROFESSIONELE BORSTELLOZE DROGER 1800W. WIT"},"content":{"rendered":"<p>SECADOR PROFESIONAL BRUSHLESS 1800W BLANCO<\/p>\n<p class=\"\" data-start=\"734\" data-end=\"809\">\u2022 Motor Brushless de 1800W, potente, silencioso y de larga vida \u00fatil.<\/p>\n<p class=\"\" data-start=\"811\" data-end=\"903\">\u2022 Tecnolog\u00eda IONIC ULTRA PROTECTION, reduce el encrespamiento y aporta brillo natural.<\/p>\n<p class=\"\" data-start=\"905\" data-end=\"981\">\u2022 Acabado en color blanco con detalles dorados, moderno y profesional.<\/p>\n<p class=\"\" data-start=\"983\" data-end=\"1049\">\u2022 Mango ergon\u00f3mico con rejilla inferior, c\u00f3modo y funcional.<\/p>\n<p class=\"\" data-start=\"1051\" data-end=\"1118\">\u2022 Bot\u00f3n de aire fr\u00edo, fija el peinado sin resecar el cabello.<\/p>\n<p class=\"\" data-start=\"1120\" data-end=\"1205\">\u2022 4 niveles de temperatura y 2 potencias, para un control total del secado.<\/p>\n<p class=\"\" data-start=\"1207\" data-end=\"1295\">\u2022 Sistema Auto-Clean, mantiene limpio el interior del secador de forma autom\u00e1tica.<\/p>\n<p class=\"\" data-start=\"1297\" data-end=\"1379\">\u2022 Incluye 2 boquillas alisadoras imantadas y 1 difusor\/rizador imantado.<\/p>\n<p class=\"\" data-start=\"1381\" data-end=\"1452\">\u2022 Ideal para resultados de peluquer\u00eda desde casa, sin complicaciones.<\/p>\n<p><div class=\"accordion\"><div class=\"mfn-acc accordion_wrapper  toggle\"><div class=\"question\"><div class=\"title\"><i class=\"icon-plus acc-icon-plus\" aria-hidden=\"true\"><\/i><i class=\"icon-minus acc-icon-minus\" aria-hidden=\"true\"><\/i>Productgegevens<\/div><div class=\"answer\">EAN 8425160344368<\/p>\n<p>SECADOR PROFESIONAL BRUSHLESS 1800W BLANCO<\/p>\n<p>Verpakkingseenheid 1<br \/>\nKleur: Wit<br \/>\nEmbalaje: Caja de Color<br \/>\nPotencia: 1800W<br \/>\nSpanning: 230V<br \/>\nMateriaal: PC<br \/>\nVelocidades: 4 Temperaturas y\u00a02 Potencias<br \/>\nFunci\u00f3n ionic<br \/>\n<\/div><\/div>\n<\/div><\/div>\n<br \/>\n<div class=\"accordion\"><div class=\"mfn-acc accordion_wrapper  toggle\"><div class=\"question\"><div class=\"title\"><i class=\"icon-plus acc-icon-plus\" aria-hidden=\"true\"><\/i><i class=\"icon-minus acc-icon-minus\" aria-hidden=\"true\"><\/i>Accessoires<\/div><div class=\"answer\">2 Afvlakspuitmonden.<br \/>\n1 Professionele diffuser voor krullend haar.<\/div><\/div>\n<\/div><\/div>\n<\/p>\n<div class=\"descargas-producto\"><img loading=\"lazy\" decoding=\"async\" src=\"\/wp-content\/uploads\/2019\/12\/picto-descarrega.png\" alt=\"gegevensblad downloaden\" width=\"23\" height=\"16\" \/><a href=\"https:\/\/kuken.alfadyser.dev\/wp-content\/uploads\/8425160344368_ficha_tecnica.pdf\">Blad downloaden<\/a><br \/>\n<img loading=\"lazy\" decoding=\"async\" src=\"\/wp-content\/uploads\/2019\/12\/picto-descarrega.png\" alt=\"handleiding downloaden\" width=\"23\" height=\"16\" \/><a href=\"https:\/\/kuken.alfadyser.dev\/wp-content\/uploads\/34436_instrucciones_compressed.pdf\">Handleiding downloaden<\/a><\/div>\n<div><\/div>\n<div><span style=\"color: #bf2121\">Volg ons op sociale media!<\/span><\/div>\n<div><a href=\"https:\/\/www.instagram.com\/kuken_appliances\/\">https:\/\/www.instagram.com\/kuken_appliances\/<\/a><\/div>","protected":false},"excerpt":{"rendered":"<p class=\"\" data-start=\"503\" data-end=\"663\">Alto rendimiento, dise\u00f1o sofisticado y control total. Ideal para peinados profesionales gracias a su motor brushless, tecnolog\u00eda i\u00f3nica y accesorios magn\u00e9ticos.<\/p>","protected":false},"featured_media":11499,"template":"","meta":[],"product_brand":[],"product_cat":[213],"product_tag":[],"class_list":{"0":"post-11114","1":"product","2":"type-product","3":"status-publish","4":"has-post-thumbnail","6":"product_cat-secadores","8":"first","9":"instock","10":"product-type-simple"},"yoast_head":"<!-- This site is optimized with the Yoast SEO Premium plugin v24.0 (Yoast SEO v26.5) - https:\/\/yoast.com\/wordpress\/plugins\/seo\/ -->\n<title>SECADOR PROFESIONAL BRUSHLESS 1800W. BLANCO - K\u00fcken<\/title>\n<meta name=\"description\" content=\"Secador profesional brushless 1800W blanco K\u00dcKEN, con tecnolog\u00eda i\u00f3nica, auto-clean, aire fr\u00edo y accesorios imantados. Antiencrespamiento y ergon\u00f3mico.\" \/>\n<meta name=\"robots\" content=\"noindex, follow, max-snippet:-1, max-image-preview:large, max-video-preview:-1\" \/>\n<meta property=\"og:locale\" content=\"nl_NL\" \/>\n<meta property=\"og:type\" content=\"article\" \/>\n<meta property=\"og:title\" content=\"SECADOR PROFESIONAL BRUSHLESS 1800W. BLANCO\" \/>\n<meta property=\"og:description\" content=\"Secador profesional brushless 1800W blanco K\u00dcKEN, con tecnolog\u00eda i\u00f3nica, auto-clean, aire fr\u00edo y accesorios imantados. Antiencrespamiento y ergon\u00f3mico.\" \/>\n<meta property=\"og:url\" content=\"https:\/\/kuken.alfadyser.dev\/nl\/product\/secador-profesional-brushless-1800w-blanco\/\" \/>\n<meta property=\"og:site_name\" content=\"K\u00fcken\" \/>\n<meta property=\"article:publisher\" content=\"https:\/\/es-es.facebook.com\/alfadyser\/\" \/>\n<meta property=\"article:modified_time\" content=\"2025-07-22T06:04:30+00:00\" \/>\n<meta property=\"og:image\" content=\"https:\/\/kuken.alfadyser.dev\/wp-content\/uploads\/8425160344368_01.jpg\" \/>\n\t<meta property=\"og:image:width\" content=\"2000\" \/>\n\t<meta property=\"og:image:height\" content=\"2000\" \/>\n\t<meta property=\"og:image:type\" content=\"image\/jpeg\" \/>\n<meta name=\"twitter:card\" content=\"summary_large_image\" \/>\n<meta name=\"twitter:label1\" content=\"Prijs\" \/>\n\t<meta name=\"twitter:data1\" content=\"\" \/>\n\t<meta name=\"twitter:label2\" content=\"Beschikbaarheid\" \/>\n\t<meta name=\"twitter:data2\" content=\"Op voorraad\" \/>\n<script type=\"application\/ld+json\" class=\"yoast-schema-graph\">{\"@context\":\"https:\/\/schema.org\",\"@graph\":[{\"@type\":\"WebPage\",\"@id\":\"https:\/\/kuken.alfadyser.dev\/producto\/secador-profesional-brushless-1800w-blanco\/\",\"url\":\"https:\/\/kuken.alfadyser.dev\/producto\/secador-profesional-brushless-1800w-blanco\/\",\"name\":\"SECADOR PROFESIONAL BRUSHLESS 1800W. BLANCO - K\u00fcken\",\"isPartOf\":{\"@id\":\"https:\/\/kuken.alfadyser.dev\/#website\"},\"primaryImageOfPage\":{\"@id\":\"https:\/\/kuken.alfadyser.dev\/producto\/secador-profesional-brushless-1800w-blanco\/#primaryimage\"},\"image\":{\"@id\":\"https:\/\/kuken.alfadyser.dev\/producto\/secador-profesional-brushless-1800w-blanco\/#primaryimage\"},\"thumbnailUrl\":\"https:\/\/kuken.alfadyser.dev\/wp-content\/uploads\/8425160344368_01.jpg\",\"datePublished\":\"2024-06-07T06:17:14+00:00\",\"dateModified\":\"2025-07-22T06:04:30+00:00\",\"description\":\"Secador profesional brushless 1800W blanco K\u00dcKEN, con tecnolog\u00eda i\u00f3nica, auto-clean, aire fr\u00edo y accesorios imantados. Antiencrespamiento y ergon\u00f3mico.\",\"breadcrumb\":{\"@id\":\"https:\/\/kuken.alfadyser.dev\/producto\/secador-profesional-brushless-1800w-blanco\/#breadcrumb\"},\"inLanguage\":\"nl-NL\",\"potentialAction\":[{\"@type\":\"ReadAction\",\"target\":[\"https:\/\/kuken.alfadyser.dev\/producto\/secador-profesional-brushless-1800w-blanco\/\"]}]},{\"@type\":\"ImageObject\",\"inLanguage\":\"nl-NL\",\"@id\":\"https:\/\/kuken.alfadyser.dev\/producto\/secador-profesional-brushless-1800w-blanco\/#primaryimage\",\"url\":\"https:\/\/kuken.alfadyser.dev\/wp-content\/uploads\/8425160344368_01.jpg\",\"contentUrl\":\"https:\/\/kuken.alfadyser.dev\/wp-content\/uploads\/8425160344368_01.jpg\",\"width\":2000,\"height\":2000},{\"@type\":\"BreadcrumbList\",\"@id\":\"https:\/\/kuken.alfadyser.dev\/producto\/secador-profesional-brushless-1800w-blanco\/#breadcrumb\",\"itemListElement\":[{\"@type\":\"ListItem\",\"position\":1,\"name\":\"Portada\",\"item\":\"https:\/\/kuken.alfadyser.dev\/\"},{\"@type\":\"ListItem\",\"position\":2,\"name\":\"Productos\",\"item\":\"https:\/\/kuken.alfadyser.dev\/productos\/\"},{\"@type\":\"ListItem\",\"position\":3,\"name\":\"SECADOR PROFESIONAL BRUSHLESS 1800W. BLANCO\"}]},{\"@type\":\"WebSite\",\"@id\":\"https:\/\/kuken.alfadyser.dev\/#website\",\"url\":\"https:\/\/kuken.alfadyser.dev\/\",\"name\":\"K\u00fcken\",\"description\":\"Amplia gama de peque\u00f1o electrodom\u00e9stico k\u00fcken\",\"publisher\":{\"@id\":\"https:\/\/kuken.alfadyser.dev\/#organization\"},\"potentialAction\":[{\"@type\":\"SearchAction\",\"target\":{\"@type\":\"EntryPoint\",\"urlTemplate\":\"https:\/\/kuken.alfadyser.dev\/?s={search_term_string}\"},\"query-input\":{\"@type\":\"PropertyValueSpecification\",\"valueRequired\":true,\"valueName\":\"search_term_string\"}}],\"inLanguage\":\"nl-NL\"},{\"@type\":\"Organization\",\"@id\":\"https:\/\/kuken.alfadyser.dev\/#organization\",\"name\":\"Alfa Dyser\",\"url\":\"https:\/\/kuken.alfadyser.dev\/\",\"logo\":{\"@type\":\"ImageObject\",\"inLanguage\":\"nl-NL\",\"@id\":\"https:\/\/kuken.alfadyser.dev\/#\/schema\/logo\/image\/\",\"url\":\"https:\/\/kuken.alfadyser.dev\/wp-content\/uploads\/2019\/04\/kuken-logo.png\",\"contentUrl\":\"https:\/\/kuken.alfadyser.dev\/wp-content\/uploads\/2019\/04\/kuken-logo.png\",\"width\":500,\"height\":191,\"caption\":\"Alfa Dyser\"},\"image\":{\"@id\":\"https:\/\/kuken.alfadyser.dev\/#\/schema\/logo\/image\/\"},\"sameAs\":[\"https:\/\/es-es.facebook.com\/alfadyser\/\",\"https:\/\/www.instagram.com\/kuken_appliances\/\"]}]}<\/script>\n<meta property=\"product:price:currency\" content=\"EUR\" \/>\n<meta property=\"og:availability\" content=\"instock\" \/>\n<meta property=\"product:availability\" content=\"instock\" \/>\n<meta property=\"product:retailer_item_id\" content=\"34436\" \/>\n<meta property=\"product:condition\" content=\"new\" \/>\n<!-- \/ Yoast SEO Premium plugin. -->","yoast_head_json":{"title":"SECADOR PROFESIONAL BRUSHLESS 1800W. BLANCO - K\u00fcken","description":"Secador profesional brushless 1800W blanco K\u00dcKEN, con tecnolog\u00eda i\u00f3nica, auto-clean, aire fr\u00edo y accesorios imantados. Antiencrespamiento y ergon\u00f3mico.","robots":{"index":"noindex","follow":"follow","max-snippet":"max-snippet:-1","max-image-preview":"max-image-preview:large","max-video-preview":"max-video-preview:-1"},"og_locale":"nl_NL","og_type":"article","og_title":"SECADOR PROFESIONAL BRUSHLESS 1800W. BLANCO","og_description":"Secador profesional brushless 1800W blanco K\u00dcKEN, con tecnolog\u00eda i\u00f3nica, auto-clean, aire fr\u00edo y accesorios imantados. Antiencrespamiento y ergon\u00f3mico.","og_url":"https:\/\/kuken.alfadyser.dev\/nl\/product\/secador-profesional-brushless-1800w-blanco\/","og_site_name":"K\u00fcken","article_publisher":"https:\/\/es-es.facebook.com\/alfadyser\/","article_modified_time":"2025-07-22T06:04:30+00:00","og_image":[{"width":2000,"height":2000,"url":"https:\/\/kuken.alfadyser.dev\/wp-content\/uploads\/8425160344368_01.jpg","type":"image\/jpeg"}],"twitter_card":"summary_large_image","twitter_misc":{"Prijs":"","Beschikbaarheid":"Op voorraad"},"schema":{"@context":"https:\/\/schema.org","@graph":[{"@type":"WebPage","@id":"https:\/\/kuken.alfadyser.dev\/producto\/secador-profesional-brushless-1800w-blanco\/","url":"https:\/\/kuken.alfadyser.dev\/producto\/secador-profesional-brushless-1800w-blanco\/","name":"SECADOR PROFESIONAL BRUSHLESS 1800W. BLANCO - K\u00fcken","isPartOf":{"@id":"https:\/\/kuken.alfadyser.dev\/#website"},"primaryImageOfPage":{"@id":"https:\/\/kuken.alfadyser.dev\/producto\/secador-profesional-brushless-1800w-blanco\/#primaryimage"},"image":{"@id":"https:\/\/kuken.alfadyser.dev\/producto\/secador-profesional-brushless-1800w-blanco\/#primaryimage"},"thumbnailUrl":"https:\/\/kuken.alfadyser.dev\/wp-content\/uploads\/8425160344368_01.jpg","datePublished":"2024-06-07T06:17:14+00:00","dateModified":"2025-07-22T06:04:30+00:00","description":"Secador profesional brushless 1800W blanco K\u00dcKEN, con tecnolog\u00eda i\u00f3nica, auto-clean, aire fr\u00edo y accesorios imantados. Antiencrespamiento y ergon\u00f3mico.","breadcrumb":{"@id":"https:\/\/kuken.alfadyser.dev\/producto\/secador-profesional-brushless-1800w-blanco\/#breadcrumb"},"inLanguage":"nl-NL","potentialAction":[{"@type":"ReadAction","target":["https:\/\/kuken.alfadyser.dev\/producto\/secador-profesional-brushless-1800w-blanco\/"]}]},{"@type":"ImageObject","inLanguage":"nl-NL","@id":"https:\/\/kuken.alfadyser.dev\/producto\/secador-profesional-brushless-1800w-blanco\/#primaryimage","url":"https:\/\/kuken.alfadyser.dev\/wp-content\/uploads\/8425160344368_01.jpg","contentUrl":"https:\/\/kuken.alfadyser.dev\/wp-content\/uploads\/8425160344368_01.jpg","width":2000,"height":2000},{"@type":"BreadcrumbList","@id":"https:\/\/kuken.alfadyser.dev\/producto\/secador-profesional-brushless-1800w-blanco\/#breadcrumb","itemListElement":[{"@type":"ListItem","position":1,"name":"Portada","item":"https:\/\/kuken.alfadyser.dev\/"},{"@type":"ListItem","position":2,"name":"Productos","item":"https:\/\/kuken.alfadyser.dev\/productos\/"},{"@type":"ListItem","position":3,"name":"SECADOR PROFESIONAL BRUSHLESS 1800W. BLANCO"}]},{"@type":"WebSite","@id":"https:\/\/kuken.alfadyser.dev\/#website","url":"https:\/\/kuken.alfadyser.dev\/","name":"K\u00fcken","description":"Uitgebreid assortiment kleine huishoudelijke apparaten van k\u00fcken","publisher":{"@id":"https:\/\/kuken.alfadyser.dev\/#organization"},"potentialAction":[{"@type":"SearchAction","target":{"@type":"EntryPoint","urlTemplate":"https:\/\/kuken.alfadyser.dev\/?s={search_term_string}"},"query-input":{"@type":"PropertyValueSpecification","valueRequired":true,"valueName":"search_term_string"}}],"inLanguage":"nl-NL"},{"@type":"Organization","@id":"https:\/\/kuken.alfadyser.dev\/#organization","name":"Alpha Dyser","url":"https:\/\/kuken.alfadyser.dev\/","logo":{"@type":"ImageObject","inLanguage":"nl-NL","@id":"https:\/\/kuken.alfadyser.dev\/#\/schema\/logo\/image\/","url":"https:\/\/kuken.alfadyser.dev\/wp-content\/uploads\/2019\/04\/kuken-logo.png","contentUrl":"https:\/\/kuken.alfadyser.dev\/wp-content\/uploads\/2019\/04\/kuken-logo.png","width":500,"height":191,"caption":"Alfa Dyser"},"image":{"@id":"https:\/\/kuken.alfadyser.dev\/#\/schema\/logo\/image\/"},"sameAs":["https:\/\/es-es.facebook.com\/alfadyser\/","https:\/\/www.instagram.com\/kuken_appliances\/"]}]},"product_price_currency":"EUR","og_availability":"instock","product_availability":"instock","product_retailer_item_id":"34436","product_condition":"new"},"_links":{"self":[{"href":"https:\/\/kuken.alfadyser.dev\/nl\/wp-json\/wp\/v2\/product\/11114","targetHints":{"allow":["GET"]}}],"collection":[{"href":"https:\/\/kuken.alfadyser.dev\/nl\/wp-json\/wp\/v2\/product"}],"about":[{"href":"https:\/\/kuken.alfadyser.dev\/nl\/wp-json\/wp\/v2\/types\/product"}],"wp:featuredmedia":[{"embeddable":true,"href":"https:\/\/kuken.alfadyser.dev\/nl\/wp-json\/wp\/v2\/media\/11499"}],"wp:attachment":[{"href":"https:\/\/kuken.alfadyser.dev\/nl\/wp-json\/wp\/v2\/media?parent=11114"}],"wp:term":[{"taxonomy":"product_brand","embeddable":true,"href":"https:\/\/kuken.alfadyser.dev\/nl\/wp-json\/wp\/v2\/product_brand?post=11114"},{"taxonomy":"product_cat","embeddable":true,"href":"https:\/\/kuken.alfadyser.dev\/nl\/wp-json\/wp\/v2\/product_cat?post=11114"},{"taxonomy":"product_tag","embeddable":true,"href":"https:\/\/kuken.alfadyser.dev\/nl\/wp-json\/wp\/v2\/product_tag?post=11114"}],"curies":[{"name":"wp","href":"https:\/\/api.w.org\/{rel}","templated":true}]}}