{"id":10882,"date":"2024-01-18T12:37:55","date_gmt":"2024-01-18T11:37:55","guid":{"rendered":"https:\/\/kuken.alfadyser.dev\/?post_type=product&#038;p=10882"},"modified":"2025-07-22T08:30:23","modified_gmt":"2025-07-22T06:30:23","slug":"radio-portatil-kuken-am-fm-con-pilas","status":"publish","type":"product","link":"https:\/\/kuken.alfadyser.dev\/nl\/product\/radio-portatil-kuken-am-fm-con-pilas\/","title":{"rendered":"K\u00dcKEN DRAAGBARE RADIO AM\/FM MET BATTERIJEN"},"content":{"rendered":"<p>K\u00dcKEN DRAAGBARE RADIO AM\/FM MET BATTERIJEN<\/p>\n<ul>\n<li class=\"\" data-start=\"767\" data-end=\"848\">\n<p class=\"\" data-start=\"769\" data-end=\"848\">Bandas de frecuencia FM\/AM, sintoniza tus emisoras preferidas f\u00e1cilmente.<\/p>\n<\/li>\n<li class=\"\" data-start=\"849\" data-end=\"927\">\n<p class=\"\" data-start=\"851\" data-end=\"927\">Antena telesc\u00f3pica, mejora la recepci\u00f3n de se\u00f1al en cualquier entorno.<\/p>\n<\/li>\n<li class=\"\" data-start=\"928\" data-end=\"1011\">\n<p class=\"\" data-start=\"930\" data-end=\"1011\">Altavoz frontal integrado, escucha sin necesidad de accesorios adicionales.<\/p>\n<\/li>\n<li class=\"\" data-start=\"1012\" data-end=\"1076\">\n<p class=\"\" data-start=\"1014\" data-end=\"1076\">Entrada jack para auriculares, uso m\u00e1s privado y c\u00f3modo.<\/p>\n<\/li>\n<li class=\"\" data-start=\"1077\" data-end=\"1149\">\n<p class=\"\" data-start=\"1079\" data-end=\"1149\">Rueda lateral de volumen, permite un ajuste preciso e intuitivo.<\/p>\n<\/li>\n<li class=\"\" data-start=\"1150\" data-end=\"1219\">\n<p class=\"\" data-start=\"1152\" data-end=\"1219\">Funciona con 2 pilas AA (incluidas), sin necesidad de cables.<\/p>\n<\/li>\n<li class=\"\" data-start=\"1220\" data-end=\"1282\">\n<p class=\"\" data-start=\"1222\" data-end=\"1282\">Cord\u00f3n de mu\u00f1eca, ideal para llevarla de forma segura.<\/p>\n<\/li>\n<li class=\"\" data-start=\"1283\" data-end=\"1357\">\n<p class=\"\" data-start=\"1285\" data-end=\"1357\">Tama\u00f1o compacto: 95 \u00d7 60 mm, cabe en cualquier bolsillo o mochila.<\/p>\n<\/li>\n<li class=\"\" data-start=\"1358\" data-end=\"1416\">\n<p class=\"\" data-start=\"1360\" data-end=\"1416\">Ideal para uso diario, viajes, campings o emergencias.<\/p>\n<\/li>\n<\/ul>\n<p><div class=\"accordion\"><div class=\"mfn-acc accordion_wrapper  toggle\"><div class=\"question\"><div class=\"title\"><i class=\"icon-plus acc-icon-plus\" aria-hidden=\"true\"><\/i><i class=\"icon-minus acc-icon-minus\" aria-hidden=\"true\"><\/i>Productgegevens<\/div><div class=\"answer\"><\/p>\n<p>EAN: 842516034379<br \/>\nRadio port\u00e1til k\u00fcken AM\/FM con pilas<br \/>\nEenheden: 1<br \/>\nKleur: Zwart<br \/>\nVerpakking: Gekleurde doos<br \/>\nOplaadbaar: Ja<br \/>\nPeso: 142gr.<\/p>\n<p><\/div><\/div>\n<\/div><\/div>\n<br \/>\n<div class=\"accordion\"><div class=\"mfn-acc accordion_wrapper  toggle\"><div class=\"question\"><div class=\"title\"><i class=\"icon-plus acc-icon-plus\" aria-hidden=\"true\"><\/i><i class=\"icon-minus acc-icon-minus\" aria-hidden=\"true\"><\/i>Accessoires<\/div><div class=\"answer\"><\/div><\/div>\n<\/div><\/div>\n<\/p>\n<p>&nbsp;<\/p>\n<div class=\"descargas-producto\"><img loading=\"lazy\" decoding=\"async\" class=\"alignnone\" src=\"\/wp-content\/uploads\/2019\/12\/picto-descarrega.png\" alt=\"gegevensblad downloaden\" width=\"24\" height=\"17\" \/><a href=\"https:\/\/kuken.alfadyser.dev\/wp-content\/uploads\/8425160343798_ficha_tecnica.pdf\">Blad downloaden<\/a><br \/>\n<img loading=\"lazy\" decoding=\"async\" src=\"\/wp-content\/uploads\/2019\/12\/picto-descarrega.png\" alt=\"handleiding downloaden\" width=\"23\" height=\"16\" \/><a href=\"https:\/\/kuken.alfadyser.dev\/wp-content\/uploads\/34379_instruction_manual.pdf\">Handleiding downloaden<\/a><\/div>\n<div><\/div>\n<div>\n<p><iframe loading=\"lazy\" title=\"Radio am\/fm peque\u00f1a con pilas 2aa kuken\" width=\"560\" height=\"315\" src=\"https:\/\/www.youtube.com\/embed\/nesKydtS3qw?feature=oembed\" frameborder=\"0\" allow=\"accelerometer; autoplay; clipboard-write; encrypted-media; gyroscope; picture-in-picture; web-share\" referrerpolicy=\"strict-origin-when-cross-origin\" allowfullscreen><\/iframe><\/p>\n<\/div>\n<div><\/div>\n<div><span style=\"color: #bf2121\">Volg ons op sociale media!<\/span><\/div>\n<div><a href=\"https:\/\/www.instagram.com\/kuken_appliances\/\">https:\/\/www.instagram.com\/kuken_appliances\/<\/a><\/div>","protected":false},"excerpt":{"rendered":"<p class=\"\" data-start=\"545\" data-end=\"696\">Disfruta de tus emisoras favoritas donde quieras. Compacta, con antena extensible, altavoz y entrada de auriculares. Perfecta para viajes o uso diario.<\/p>","protected":false},"featured_media":10883,"template":"","meta":[],"product_brand":[],"product_cat":[212],"product_tag":[],"class_list":{"0":"post-10882","1":"product","2":"type-product","3":"status-publish","4":"has-post-thumbnail","6":"product_cat-radios-telefonia-estaciones","8":"first","9":"instock","10":"shipping-taxable","11":"product-type-simple"},"yoast_head":"<!-- This site is optimized with the Yoast SEO Premium plugin v24.0 (Yoast SEO v26.5) - https:\/\/yoast.com\/wordpress\/plugins\/seo\/ -->\n<title>RADIO PORT\u00c1TIL K\u00dcKEN AM\/FM CON PILAS - K\u00fcken<\/title>\n<meta name=\"description\" content=\"Radio port\u00e1til K\u00dcKEN AM\/FM con antena telesc\u00f3pica, altavoz frontal y entrada para auriculares. Funciona con pilas AA. Compacta, ligera y funcional.\" \/>\n<meta name=\"robots\" content=\"noindex, follow, max-snippet:-1, max-image-preview:large, max-video-preview:-1\" \/>\n<meta property=\"og:locale\" content=\"nl_NL\" \/>\n<meta property=\"og:type\" content=\"article\" \/>\n<meta property=\"og:title\" content=\"RADIO PORT\u00c1TIL K\u00dcKEN AM\/FM CON PILAS\" \/>\n<meta property=\"og:description\" content=\"Radio port\u00e1til K\u00dcKEN AM\/FM con antena telesc\u00f3pica, altavoz frontal y entrada para auriculares. Funciona con pilas AA. Compacta, ligera y funcional.\" \/>\n<meta property=\"og:url\" content=\"https:\/\/kuken.alfadyser.dev\/nl\/product\/radio-portatil-kuken-am-fm-con-pilas\/\" \/>\n<meta property=\"og:site_name\" content=\"K\u00fcken\" \/>\n<meta property=\"article:publisher\" content=\"https:\/\/es-es.facebook.com\/alfadyser\/\" \/>\n<meta property=\"article:modified_time\" content=\"2025-07-22T06:30:23+00:00\" \/>\n<meta property=\"og:image\" content=\"https:\/\/kuken.alfadyser.dev\/wp-content\/uploads\/84251603426474_01-1.jpg\" \/>\n\t<meta property=\"og:image:width\" content=\"2000\" \/>\n\t<meta property=\"og:image:height\" content=\"2000\" \/>\n\t<meta property=\"og:image:type\" content=\"image\/jpeg\" \/>\n<meta name=\"twitter:card\" content=\"summary_large_image\" \/>\n<meta name=\"twitter:label1\" content=\"Prijs\" \/>\n\t<meta name=\"twitter:data1\" content=\"\" \/>\n\t<meta name=\"twitter:label2\" content=\"Beschikbaarheid\" \/>\n\t<meta name=\"twitter:data2\" content=\"Op voorraad\" \/>\n<script type=\"application\/ld+json\" class=\"yoast-schema-graph\">{\"@context\":\"https:\/\/schema.org\",\"@graph\":[{\"@type\":\"WebPage\",\"@id\":\"https:\/\/kuken.alfadyser.dev\/producto\/radio-portatil-kuken-am-fm-con-pilas\/\",\"url\":\"https:\/\/kuken.alfadyser.dev\/producto\/radio-portatil-kuken-am-fm-con-pilas\/\",\"name\":\"RADIO PORT\u00c1TIL K\u00dcKEN AM\/FM CON PILAS - K\u00fcken\",\"isPartOf\":{\"@id\":\"https:\/\/kuken.alfadyser.dev\/#website\"},\"primaryImageOfPage\":{\"@id\":\"https:\/\/kuken.alfadyser.dev\/producto\/radio-portatil-kuken-am-fm-con-pilas\/#primaryimage\"},\"image\":{\"@id\":\"https:\/\/kuken.alfadyser.dev\/producto\/radio-portatil-kuken-am-fm-con-pilas\/#primaryimage\"},\"thumbnailUrl\":\"https:\/\/kuken.alfadyser.dev\/wp-content\/uploads\/84251603426474_01-1.jpg\",\"datePublished\":\"2024-01-18T11:37:55+00:00\",\"dateModified\":\"2025-07-22T06:30:23+00:00\",\"description\":\"Radio port\u00e1til K\u00dcKEN AM\/FM con antena telesc\u00f3pica, altavoz frontal y entrada para auriculares. Funciona con pilas AA. Compacta, ligera y funcional.\",\"breadcrumb\":{\"@id\":\"https:\/\/kuken.alfadyser.dev\/producto\/radio-portatil-kuken-am-fm-con-pilas\/#breadcrumb\"},\"inLanguage\":\"nl-NL\",\"potentialAction\":[{\"@type\":\"ReadAction\",\"target\":[\"https:\/\/kuken.alfadyser.dev\/producto\/radio-portatil-kuken-am-fm-con-pilas\/\"]}]},{\"@type\":\"ImageObject\",\"inLanguage\":\"nl-NL\",\"@id\":\"https:\/\/kuken.alfadyser.dev\/producto\/radio-portatil-kuken-am-fm-con-pilas\/#primaryimage\",\"url\":\"https:\/\/kuken.alfadyser.dev\/wp-content\/uploads\/84251603426474_01-1.jpg\",\"contentUrl\":\"https:\/\/kuken.alfadyser.dev\/wp-content\/uploads\/84251603426474_01-1.jpg\",\"width\":2000,\"height\":2000},{\"@type\":\"BreadcrumbList\",\"@id\":\"https:\/\/kuken.alfadyser.dev\/producto\/radio-portatil-kuken-am-fm-con-pilas\/#breadcrumb\",\"itemListElement\":[{\"@type\":\"ListItem\",\"position\":1,\"name\":\"Portada\",\"item\":\"https:\/\/kuken.alfadyser.dev\/\"},{\"@type\":\"ListItem\",\"position\":2,\"name\":\"Productos\",\"item\":\"https:\/\/kuken.alfadyser.dev\/productos\/\"},{\"@type\":\"ListItem\",\"position\":3,\"name\":\"RADIO PORT\u00c1TIL K\u00dcKEN AM\/FM CON PILAS\"}]},{\"@type\":\"WebSite\",\"@id\":\"https:\/\/kuken.alfadyser.dev\/#website\",\"url\":\"https:\/\/kuken.alfadyser.dev\/\",\"name\":\"K\u00fcken\",\"description\":\"Amplia gama de peque\u00f1o electrodom\u00e9stico k\u00fcken\",\"publisher\":{\"@id\":\"https:\/\/kuken.alfadyser.dev\/#organization\"},\"potentialAction\":[{\"@type\":\"SearchAction\",\"target\":{\"@type\":\"EntryPoint\",\"urlTemplate\":\"https:\/\/kuken.alfadyser.dev\/?s={search_term_string}\"},\"query-input\":{\"@type\":\"PropertyValueSpecification\",\"valueRequired\":true,\"valueName\":\"search_term_string\"}}],\"inLanguage\":\"nl-NL\"},{\"@type\":\"Organization\",\"@id\":\"https:\/\/kuken.alfadyser.dev\/#organization\",\"name\":\"Alfa Dyser\",\"url\":\"https:\/\/kuken.alfadyser.dev\/\",\"logo\":{\"@type\":\"ImageObject\",\"inLanguage\":\"nl-NL\",\"@id\":\"https:\/\/kuken.alfadyser.dev\/#\/schema\/logo\/image\/\",\"url\":\"https:\/\/kuken.alfadyser.dev\/wp-content\/uploads\/2019\/04\/kuken-logo.png\",\"contentUrl\":\"https:\/\/kuken.alfadyser.dev\/wp-content\/uploads\/2019\/04\/kuken-logo.png\",\"width\":500,\"height\":191,\"caption\":\"Alfa Dyser\"},\"image\":{\"@id\":\"https:\/\/kuken.alfadyser.dev\/#\/schema\/logo\/image\/\"},\"sameAs\":[\"https:\/\/es-es.facebook.com\/alfadyser\/\",\"https:\/\/www.instagram.com\/kuken_appliances\/\"]}]}<\/script>\n<meta property=\"product:price:currency\" content=\"EUR\" \/>\n<meta property=\"og:availability\" content=\"instock\" \/>\n<meta property=\"product:availability\" content=\"instock\" \/>\n<meta property=\"product:retailer_item_id\" content=\"34379\" \/>\n<meta property=\"product:condition\" content=\"new\" \/>\n<!-- \/ Yoast SEO Premium plugin. -->","yoast_head_json":{"title":"K\u00dcKEN DRAAGBARE RADIO AM\/FM MET BATTERIJEN - K\u00fcken","description":"Radio port\u00e1til K\u00dcKEN AM\/FM con antena telesc\u00f3pica, altavoz frontal y entrada para auriculares. Funciona con pilas AA. Compacta, ligera y funcional.","robots":{"index":"noindex","follow":"follow","max-snippet":"max-snippet:-1","max-image-preview":"max-image-preview:large","max-video-preview":"max-video-preview:-1"},"og_locale":"nl_NL","og_type":"article","og_title":"RADIO PORT\u00c1TIL K\u00dcKEN AM\/FM CON PILAS","og_description":"Radio port\u00e1til K\u00dcKEN AM\/FM con antena telesc\u00f3pica, altavoz frontal y entrada para auriculares. Funciona con pilas AA. Compacta, ligera y funcional.","og_url":"https:\/\/kuken.alfadyser.dev\/nl\/product\/radio-portatil-kuken-am-fm-con-pilas\/","og_site_name":"K\u00fcken","article_publisher":"https:\/\/es-es.facebook.com\/alfadyser\/","article_modified_time":"2025-07-22T06:30:23+00:00","og_image":[{"width":2000,"height":2000,"url":"https:\/\/kuken.alfadyser.dev\/wp-content\/uploads\/84251603426474_01-1.jpg","type":"image\/jpeg"}],"twitter_card":"summary_large_image","twitter_misc":{"Prijs":"","Beschikbaarheid":"Op voorraad"},"schema":{"@context":"https:\/\/schema.org","@graph":[{"@type":"WebPage","@id":"https:\/\/kuken.alfadyser.dev\/producto\/radio-portatil-kuken-am-fm-con-pilas\/","url":"https:\/\/kuken.alfadyser.dev\/producto\/radio-portatil-kuken-am-fm-con-pilas\/","name":"K\u00dcKEN DRAAGBARE RADIO AM\/FM MET BATTERIJEN - K\u00fcken","isPartOf":{"@id":"https:\/\/kuken.alfadyser.dev\/#website"},"primaryImageOfPage":{"@id":"https:\/\/kuken.alfadyser.dev\/producto\/radio-portatil-kuken-am-fm-con-pilas\/#primaryimage"},"image":{"@id":"https:\/\/kuken.alfadyser.dev\/producto\/radio-portatil-kuken-am-fm-con-pilas\/#primaryimage"},"thumbnailUrl":"https:\/\/kuken.alfadyser.dev\/wp-content\/uploads\/84251603426474_01-1.jpg","datePublished":"2024-01-18T11:37:55+00:00","dateModified":"2025-07-22T06:30:23+00:00","description":"Radio port\u00e1til K\u00dcKEN AM\/FM con antena telesc\u00f3pica, altavoz frontal y entrada para auriculares. Funciona con pilas AA. Compacta, ligera y funcional.","breadcrumb":{"@id":"https:\/\/kuken.alfadyser.dev\/producto\/radio-portatil-kuken-am-fm-con-pilas\/#breadcrumb"},"inLanguage":"nl-NL","potentialAction":[{"@type":"ReadAction","target":["https:\/\/kuken.alfadyser.dev\/producto\/radio-portatil-kuken-am-fm-con-pilas\/"]}]},{"@type":"ImageObject","inLanguage":"nl-NL","@id":"https:\/\/kuken.alfadyser.dev\/producto\/radio-portatil-kuken-am-fm-con-pilas\/#primaryimage","url":"https:\/\/kuken.alfadyser.dev\/wp-content\/uploads\/84251603426474_01-1.jpg","contentUrl":"https:\/\/kuken.alfadyser.dev\/wp-content\/uploads\/84251603426474_01-1.jpg","width":2000,"height":2000},{"@type":"BreadcrumbList","@id":"https:\/\/kuken.alfadyser.dev\/producto\/radio-portatil-kuken-am-fm-con-pilas\/#breadcrumb","itemListElement":[{"@type":"ListItem","position":1,"name":"Portada","item":"https:\/\/kuken.alfadyser.dev\/"},{"@type":"ListItem","position":2,"name":"Productos","item":"https:\/\/kuken.alfadyser.dev\/productos\/"},{"@type":"ListItem","position":3,"name":"RADIO PORT\u00c1TIL K\u00dcKEN AM\/FM CON PILAS"}]},{"@type":"WebSite","@id":"https:\/\/kuken.alfadyser.dev\/#website","url":"https:\/\/kuken.alfadyser.dev\/","name":"K\u00fcken","description":"Uitgebreid assortiment kleine huishoudelijke apparaten van k\u00fcken","publisher":{"@id":"https:\/\/kuken.alfadyser.dev\/#organization"},"potentialAction":[{"@type":"SearchAction","target":{"@type":"EntryPoint","urlTemplate":"https:\/\/kuken.alfadyser.dev\/?s={search_term_string}"},"query-input":{"@type":"PropertyValueSpecification","valueRequired":true,"valueName":"search_term_string"}}],"inLanguage":"nl-NL"},{"@type":"Organization","@id":"https:\/\/kuken.alfadyser.dev\/#organization","name":"Alpha Dyser","url":"https:\/\/kuken.alfadyser.dev\/","logo":{"@type":"ImageObject","inLanguage":"nl-NL","@id":"https:\/\/kuken.alfadyser.dev\/#\/schema\/logo\/image\/","url":"https:\/\/kuken.alfadyser.dev\/wp-content\/uploads\/2019\/04\/kuken-logo.png","contentUrl":"https:\/\/kuken.alfadyser.dev\/wp-content\/uploads\/2019\/04\/kuken-logo.png","width":500,"height":191,"caption":"Alfa Dyser"},"image":{"@id":"https:\/\/kuken.alfadyser.dev\/#\/schema\/logo\/image\/"},"sameAs":["https:\/\/es-es.facebook.com\/alfadyser\/","https:\/\/www.instagram.com\/kuken_appliances\/"]}]},"product_price_currency":"EUR","og_availability":"instock","product_availability":"instock","product_retailer_item_id":"34379","product_condition":"new"},"_links":{"self":[{"href":"https:\/\/kuken.alfadyser.dev\/nl\/wp-json\/wp\/v2\/product\/10882","targetHints":{"allow":["GET"]}}],"collection":[{"href":"https:\/\/kuken.alfadyser.dev\/nl\/wp-json\/wp\/v2\/product"}],"about":[{"href":"https:\/\/kuken.alfadyser.dev\/nl\/wp-json\/wp\/v2\/types\/product"}],"wp:featuredmedia":[{"embeddable":true,"href":"https:\/\/kuken.alfadyser.dev\/nl\/wp-json\/wp\/v2\/media\/10883"}],"wp:attachment":[{"href":"https:\/\/kuken.alfadyser.dev\/nl\/wp-json\/wp\/v2\/media?parent=10882"}],"wp:term":[{"taxonomy":"product_brand","embeddable":true,"href":"https:\/\/kuken.alfadyser.dev\/nl\/wp-json\/wp\/v2\/product_brand?post=10882"},{"taxonomy":"product_cat","embeddable":true,"href":"https:\/\/kuken.alfadyser.dev\/nl\/wp-json\/wp\/v2\/product_cat?post=10882"},{"taxonomy":"product_tag","embeddable":true,"href":"https:\/\/kuken.alfadyser.dev\/nl\/wp-json\/wp\/v2\/product_tag?post=10882"}],"curies":[{"name":"wp","href":"https:\/\/api.w.org\/{rel}","templated":true}]}}