{"id":10574,"date":"2023-09-12T11:44:08","date_gmt":"2023-09-12T09:44:08","guid":{"rendered":"https:\/\/kuken.alfadyser.dev\/?post_type=product&#038;p=10574"},"modified":"2025-07-22T09:45:05","modified_gmt":"2025-07-22T07:45:05","slug":"calefactor-kuken-vertical-white-1000-2000w","status":"publish","type":"product","link":"https:\/\/kuken.alfadyser.dev\/nl\/product\/calefactor-kuken-vertical-white-1000-2000w\/","title":{"rendered":"KUKEN VERTICALE KACHEL WIT 1000\/2000W"},"content":{"rendered":"<p>KUKEN VERTICALE KACHEL WIT 1000\/2000W<\/p>\n<ul data-start=\"851\" data-end=\"1598\">\n<li class=\"\" data-start=\"851\" data-end=\"942\">\n<p class=\"\" data-start=\"853\" data-end=\"942\">Potencia ajustable en 2 niveles: 1000W y 2000W, con funci\u00f3n aire fr\u00edo incluida.<\/p>\n<\/li>\n<li class=\"\" data-start=\"943\" data-end=\"1029\">\n<p class=\"\" data-start=\"945\" data-end=\"1029\">Termostato regulable, permite controlar con precisi\u00f3n la temperatura ambiente.<\/p>\n<\/li>\n<li class=\"\" data-start=\"1030\" data-end=\"1092\">\n<p class=\"\" data-start=\"1032\" data-end=\"1092\">Automatische uitschakeling wanneer de gewenste temperatuur is bereikt.<\/p>\n<\/li>\n<li class=\"\" data-start=\"1093\" data-end=\"1159\">\n<p class=\"\" data-start=\"1095\" data-end=\"1159\">Tama\u00f1o compacto, ideal para habitaciones peque\u00f1as y ba\u00f1os.<\/p>\n<\/li>\n<li class=\"\" data-start=\"1160\" data-end=\"1233\">\n<p class=\"\" data-start=\"1162\" data-end=\"1233\">Ranura trasera integrada, facilita el desplazamiento del aparato.<\/p>\n<\/li>\n<li class=\"\" data-start=\"1234\" data-end=\"1294\">\n<p class=\"\" data-start=\"1236\" data-end=\"1294\">Piloto luminoso rojo, indica el estado de encendido.<\/p>\n<\/li>\n<li class=\"\" data-start=\"1295\" data-end=\"1370\">\n<p class=\"\" data-start=\"1297\" data-end=\"1370\">Rejilla de seguridad, evita el contacto directo con la resistencia.<\/p>\n<\/li>\n<li class=\"\" data-start=\"1371\" data-end=\"1445\">\n<p class=\"\" data-start=\"1373\" data-end=\"1445\">Sistema antivuelco, apaga el calefactor autom\u00e1ticamente si se cae.<\/p>\n<\/li>\n<li class=\"\" data-start=\"1446\" data-end=\"1516\">\n<p class=\"\" data-start=\"1448\" data-end=\"1516\">Mayor eficiencia con menor consumo, ideal para uso prolongado.<\/p>\n<\/li>\n<li class=\"\" data-start=\"1517\" data-end=\"1598\">\n<p class=\"\" data-start=\"1519\" data-end=\"1598\">Cable con toma europea 220\u2013240V, compatible con instalaciones dom\u00e9sticas.<\/p>\n<\/li>\n<\/ul>\n<div class=\"accordion\"><div class=\"mfn-acc accordion_wrapper  toggle\"><div class=\"question\"><div class=\"title\"><i class=\"icon-plus acc-icon-plus\" aria-hidden=\"true\"><\/i><i class=\"icon-minus acc-icon-minus\" aria-hidden=\"true\"><\/i>Productgegevens<\/div><div class=\"answer\">EAN: 8425160370183<\/p>\n<p><span class=\"label\">KUKEN VERTICALE KACHEL WIT 1000\/2000W<\/span><\/p>\n<p><span class=\"label\">Verpakkingseenheid<\/span> <span class=\"data\">1<\/span><br \/>\n<span class=\"label\">Kleur<\/span> <span class=\"data\">Wit<\/span><br \/>\n<span class=\"label\">Verpakking<\/span> <span class=\"data\">Verfdoos<\/span><br \/>\n<span class=\"label\">Stroom<\/span> <span class=\"data\">2000 W<\/span><br \/>\n<span class=\"label\">Spanning<\/span> <span class=\"data\">230 V<\/span><br \/>\n<span class=\"label\">Antislipvoeten<\/span> <span class=\"data\">Ja<\/span><br \/>\n<span class=\"label\">Snelheden<\/span> <span class=\"data\">2 + aire fr\u00edo<\/span><br \/>\n<\/div><\/div>\n<\/div><\/div>\n\n<div class=\"accordion\"><div class=\"mfn-acc accordion_wrapper  toggle\"><div class=\"question\"><div class=\"title\"><i class=\"icon-plus acc-icon-plus\" aria-hidden=\"true\"><\/i><i class=\"icon-minus acc-icon-minus\" aria-hidden=\"true\"><\/i>Accessoires<\/div><div class=\"answer\"><\/div><\/div>\n<\/div><\/div>\n\n<div class=\"descargas-producto\"><img loading=\"lazy\" decoding=\"async\" src=\"\/wp-content\/uploads\/2019\/12\/picto-descarrega.png\" alt=\"gegevensblad downloaden\" width=\"23\" height=\"16\" \/><a href=\"https:\/\/kuken.alfadyser.dev\/wp-content\/uploads\/8425160370183_ficha_tecnica.pdf\">Blad downloaden<\/a><br \/>\n<img loading=\"lazy\" decoding=\"async\" src=\"\/wp-content\/uploads\/2019\/12\/picto-descarrega.png\" alt=\"handleiding downloaden\" width=\"23\" height=\"16\" \/><a href=\"https:\/\/kuken.alfadyser.dev\/wp-content\/uploads\/37018_instrucciones_compressed.pdf\">Handleiding downloaden<\/a><\/div>\n<div><\/div>\n<div><span style=\"color: #bf2121\">Volg ons op sociale media!<\/span><\/div>\n<div><a href=\"https:\/\/www.instagram.com\/kuken_appliances\/\">https:\/\/www.instagram.com\/kuken_appliances\/<\/a><\/div>\n<p><iframe loading=\"lazy\" title=\"Calefactor kuken vertical white 2000w\" width=\"560\" height=\"315\" src=\"https:\/\/www.youtube.com\/embed\/ZS_U-G9l2BI?feature=oembed\" frameborder=\"0\" allow=\"accelerometer; autoplay; clipboard-write; encrypted-media; gyroscope; picture-in-picture; web-share\" referrerpolicy=\"strict-origin-when-cross-origin\" allowfullscreen><\/iframe><\/p>","protected":false},"excerpt":{"rendered":"<p class=\"\" data-start=\"633\" data-end=\"780\">Peque\u00f1o pero potente. Este calefactor ofrece calor inmediato, seguridad y bajo consumo, ideal para calentar estancias peque\u00f1as con total comodidad.<\/p>","protected":false},"featured_media":10575,"template":"","meta":[],"product_brand":[],"product_cat":[226],"product_tag":[],"class_list":{"0":"post-10574","1":"product","2":"type-product","3":"status-publish","4":"has-post-thumbnail","6":"product_cat-calefactores","8":"first","9":"instock","10":"product-type-simple"},"yoast_head":"<!-- This site is optimized with the Yoast SEO Premium plugin v24.0 (Yoast SEO v26.5) - https:\/\/yoast.com\/wordpress\/plugins\/seo\/ -->\n<title>CALEFACTOR KUKEN VERTICAL WHITE 1000\/2000W - K\u00fcken<\/title>\n<meta name=\"description\" content=\"Calefactor K\u00dcKEN vertical White 1000\/2000W, con aire fr\u00edo, termostato, sistema antivuelco y apagado autom\u00e1tico. Compacto, seguro y eficiente.\" \/>\n<meta name=\"robots\" content=\"noindex, follow, max-snippet:-1, max-image-preview:large, max-video-preview:-1\" \/>\n<meta property=\"og:locale\" content=\"nl_NL\" \/>\n<meta property=\"og:type\" content=\"article\" \/>\n<meta property=\"og:title\" content=\"CALEFACTOR KUKEN VERTICAL WHITE 1000\/2000W\" \/>\n<meta property=\"og:description\" content=\"Calefactor K\u00dcKEN vertical White 1000\/2000W, con aire fr\u00edo, termostato, sistema antivuelco y apagado autom\u00e1tico. Compacto, seguro y eficiente.\" \/>\n<meta property=\"og:url\" content=\"https:\/\/kuken.alfadyser.dev\/nl\/product\/calefactor-kuken-vertical-white-1000-2000w\/\" \/>\n<meta property=\"og:site_name\" content=\"K\u00fcken\" \/>\n<meta property=\"article:publisher\" content=\"https:\/\/es-es.facebook.com\/alfadyser\/\" \/>\n<meta property=\"article:modified_time\" content=\"2025-07-22T07:45:05+00:00\" \/>\n<meta property=\"og:image\" content=\"https:\/\/kuken.alfadyser.dev\/wp-content\/uploads\/8425160370183_01.jpg\" \/>\n\t<meta property=\"og:image:width\" content=\"2000\" \/>\n\t<meta property=\"og:image:height\" content=\"2000\" \/>\n\t<meta property=\"og:image:type\" content=\"image\/jpeg\" \/>\n<meta name=\"twitter:card\" content=\"summary_large_image\" \/>\n<meta name=\"twitter:label1\" content=\"Prijs\" \/>\n\t<meta name=\"twitter:data1\" content=\"\" \/>\n\t<meta name=\"twitter:label2\" content=\"Beschikbaarheid\" \/>\n\t<meta name=\"twitter:data2\" content=\"Op voorraad\" \/>\n<script type=\"application\/ld+json\" class=\"yoast-schema-graph\">{\"@context\":\"https:\/\/schema.org\",\"@graph\":[{\"@type\":\"WebPage\",\"@id\":\"https:\/\/kuken.alfadyser.dev\/producto\/calefactor-kuken-vertical-white-1000-2000w\/\",\"url\":\"https:\/\/kuken.alfadyser.dev\/producto\/calefactor-kuken-vertical-white-1000-2000w\/\",\"name\":\"CALEFACTOR KUKEN VERTICAL WHITE 1000\/2000W - K\u00fcken\",\"isPartOf\":{\"@id\":\"https:\/\/kuken.alfadyser.dev\/#website\"},\"primaryImageOfPage\":{\"@id\":\"https:\/\/kuken.alfadyser.dev\/producto\/calefactor-kuken-vertical-white-1000-2000w\/#primaryimage\"},\"image\":{\"@id\":\"https:\/\/kuken.alfadyser.dev\/producto\/calefactor-kuken-vertical-white-1000-2000w\/#primaryimage\"},\"thumbnailUrl\":\"https:\/\/kuken.alfadyser.dev\/wp-content\/uploads\/8425160370183_01.jpg\",\"datePublished\":\"2023-09-12T09:44:08+00:00\",\"dateModified\":\"2025-07-22T07:45:05+00:00\",\"description\":\"Calefactor K\u00dcKEN vertical White 1000\/2000W, con aire fr\u00edo, termostato, sistema antivuelco y apagado autom\u00e1tico. Compacto, seguro y eficiente.\",\"breadcrumb\":{\"@id\":\"https:\/\/kuken.alfadyser.dev\/producto\/calefactor-kuken-vertical-white-1000-2000w\/#breadcrumb\"},\"inLanguage\":\"nl-NL\",\"potentialAction\":[{\"@type\":\"ReadAction\",\"target\":[\"https:\/\/kuken.alfadyser.dev\/producto\/calefactor-kuken-vertical-white-1000-2000w\/\"]}]},{\"@type\":\"ImageObject\",\"inLanguage\":\"nl-NL\",\"@id\":\"https:\/\/kuken.alfadyser.dev\/producto\/calefactor-kuken-vertical-white-1000-2000w\/#primaryimage\",\"url\":\"https:\/\/kuken.alfadyser.dev\/wp-content\/uploads\/8425160370183_01.jpg\",\"contentUrl\":\"https:\/\/kuken.alfadyser.dev\/wp-content\/uploads\/8425160370183_01.jpg\",\"width\":2000,\"height\":2000},{\"@type\":\"BreadcrumbList\",\"@id\":\"https:\/\/kuken.alfadyser.dev\/producto\/calefactor-kuken-vertical-white-1000-2000w\/#breadcrumb\",\"itemListElement\":[{\"@type\":\"ListItem\",\"position\":1,\"name\":\"Portada\",\"item\":\"https:\/\/kuken.alfadyser.dev\/\"},{\"@type\":\"ListItem\",\"position\":2,\"name\":\"Productos\",\"item\":\"https:\/\/kuken.alfadyser.dev\/productos\/\"},{\"@type\":\"ListItem\",\"position\":3,\"name\":\"CALEFACTOR KUKEN VERTICAL WHITE 1000\/2000W\"}]},{\"@type\":\"WebSite\",\"@id\":\"https:\/\/kuken.alfadyser.dev\/#website\",\"url\":\"https:\/\/kuken.alfadyser.dev\/\",\"name\":\"K\u00fcken\",\"description\":\"Amplia gama de peque\u00f1o electrodom\u00e9stico k\u00fcken\",\"publisher\":{\"@id\":\"https:\/\/kuken.alfadyser.dev\/#organization\"},\"potentialAction\":[{\"@type\":\"SearchAction\",\"target\":{\"@type\":\"EntryPoint\",\"urlTemplate\":\"https:\/\/kuken.alfadyser.dev\/?s={search_term_string}\"},\"query-input\":{\"@type\":\"PropertyValueSpecification\",\"valueRequired\":true,\"valueName\":\"search_term_string\"}}],\"inLanguage\":\"nl-NL\"},{\"@type\":\"Organization\",\"@id\":\"https:\/\/kuken.alfadyser.dev\/#organization\",\"name\":\"Alfa Dyser\",\"url\":\"https:\/\/kuken.alfadyser.dev\/\",\"logo\":{\"@type\":\"ImageObject\",\"inLanguage\":\"nl-NL\",\"@id\":\"https:\/\/kuken.alfadyser.dev\/#\/schema\/logo\/image\/\",\"url\":\"https:\/\/kuken.alfadyser.dev\/wp-content\/uploads\/2019\/04\/kuken-logo.png\",\"contentUrl\":\"https:\/\/kuken.alfadyser.dev\/wp-content\/uploads\/2019\/04\/kuken-logo.png\",\"width\":500,\"height\":191,\"caption\":\"Alfa Dyser\"},\"image\":{\"@id\":\"https:\/\/kuken.alfadyser.dev\/#\/schema\/logo\/image\/\"},\"sameAs\":[\"https:\/\/es-es.facebook.com\/alfadyser\/\",\"https:\/\/www.instagram.com\/kuken_appliances\/\"]}]}<\/script>\n<meta property=\"product:price:currency\" content=\"EUR\" \/>\n<meta property=\"og:availability\" content=\"instock\" \/>\n<meta property=\"product:availability\" content=\"instock\" \/>\n<meta property=\"product:retailer_item_id\" content=\"37018\" \/>\n<meta property=\"product:condition\" content=\"new\" \/>\n<!-- \/ Yoast SEO Premium plugin. -->","yoast_head_json":{"title":"CALEFACTOR KUKEN VERTICAL WHITE 1000\/2000W - K\u00fcken","description":"Calefactor K\u00dcKEN vertical White 1000\/2000W, con aire fr\u00edo, termostato, sistema antivuelco y apagado autom\u00e1tico. Compacto, seguro y eficiente.","robots":{"index":"noindex","follow":"follow","max-snippet":"max-snippet:-1","max-image-preview":"max-image-preview:large","max-video-preview":"max-video-preview:-1"},"og_locale":"nl_NL","og_type":"article","og_title":"CALEFACTOR KUKEN VERTICAL WHITE 1000\/2000W","og_description":"Calefactor K\u00dcKEN vertical White 1000\/2000W, con aire fr\u00edo, termostato, sistema antivuelco y apagado autom\u00e1tico. Compacto, seguro y eficiente.","og_url":"https:\/\/kuken.alfadyser.dev\/nl\/product\/calefactor-kuken-vertical-white-1000-2000w\/","og_site_name":"K\u00fcken","article_publisher":"https:\/\/es-es.facebook.com\/alfadyser\/","article_modified_time":"2025-07-22T07:45:05+00:00","og_image":[{"width":2000,"height":2000,"url":"https:\/\/kuken.alfadyser.dev\/wp-content\/uploads\/8425160370183_01.jpg","type":"image\/jpeg"}],"twitter_card":"summary_large_image","twitter_misc":{"Prijs":"","Beschikbaarheid":"Op voorraad"},"schema":{"@context":"https:\/\/schema.org","@graph":[{"@type":"WebPage","@id":"https:\/\/kuken.alfadyser.dev\/producto\/calefactor-kuken-vertical-white-1000-2000w\/","url":"https:\/\/kuken.alfadyser.dev\/producto\/calefactor-kuken-vertical-white-1000-2000w\/","name":"CALEFACTOR KUKEN VERTICAL WHITE 1000\/2000W - K\u00fcken","isPartOf":{"@id":"https:\/\/kuken.alfadyser.dev\/#website"},"primaryImageOfPage":{"@id":"https:\/\/kuken.alfadyser.dev\/producto\/calefactor-kuken-vertical-white-1000-2000w\/#primaryimage"},"image":{"@id":"https:\/\/kuken.alfadyser.dev\/producto\/calefactor-kuken-vertical-white-1000-2000w\/#primaryimage"},"thumbnailUrl":"https:\/\/kuken.alfadyser.dev\/wp-content\/uploads\/8425160370183_01.jpg","datePublished":"2023-09-12T09:44:08+00:00","dateModified":"2025-07-22T07:45:05+00:00","description":"Calefactor K\u00dcKEN vertical White 1000\/2000W, con aire fr\u00edo, termostato, sistema antivuelco y apagado autom\u00e1tico. Compacto, seguro y eficiente.","breadcrumb":{"@id":"https:\/\/kuken.alfadyser.dev\/producto\/calefactor-kuken-vertical-white-1000-2000w\/#breadcrumb"},"inLanguage":"nl-NL","potentialAction":[{"@type":"ReadAction","target":["https:\/\/kuken.alfadyser.dev\/producto\/calefactor-kuken-vertical-white-1000-2000w\/"]}]},{"@type":"ImageObject","inLanguage":"nl-NL","@id":"https:\/\/kuken.alfadyser.dev\/producto\/calefactor-kuken-vertical-white-1000-2000w\/#primaryimage","url":"https:\/\/kuken.alfadyser.dev\/wp-content\/uploads\/8425160370183_01.jpg","contentUrl":"https:\/\/kuken.alfadyser.dev\/wp-content\/uploads\/8425160370183_01.jpg","width":2000,"height":2000},{"@type":"BreadcrumbList","@id":"https:\/\/kuken.alfadyser.dev\/producto\/calefactor-kuken-vertical-white-1000-2000w\/#breadcrumb","itemListElement":[{"@type":"ListItem","position":1,"name":"Portada","item":"https:\/\/kuken.alfadyser.dev\/"},{"@type":"ListItem","position":2,"name":"Productos","item":"https:\/\/kuken.alfadyser.dev\/productos\/"},{"@type":"ListItem","position":3,"name":"CALEFACTOR KUKEN VERTICAL WHITE 1000\/2000W"}]},{"@type":"WebSite","@id":"https:\/\/kuken.alfadyser.dev\/#website","url":"https:\/\/kuken.alfadyser.dev\/","name":"K\u00fcken","description":"Uitgebreid assortiment kleine huishoudelijke apparaten van k\u00fcken","publisher":{"@id":"https:\/\/kuken.alfadyser.dev\/#organization"},"potentialAction":[{"@type":"SearchAction","target":{"@type":"EntryPoint","urlTemplate":"https:\/\/kuken.alfadyser.dev\/?s={search_term_string}"},"query-input":{"@type":"PropertyValueSpecification","valueRequired":true,"valueName":"search_term_string"}}],"inLanguage":"nl-NL"},{"@type":"Organization","@id":"https:\/\/kuken.alfadyser.dev\/#organization","name":"Alpha Dyser","url":"https:\/\/kuken.alfadyser.dev\/","logo":{"@type":"ImageObject","inLanguage":"nl-NL","@id":"https:\/\/kuken.alfadyser.dev\/#\/schema\/logo\/image\/","url":"https:\/\/kuken.alfadyser.dev\/wp-content\/uploads\/2019\/04\/kuken-logo.png","contentUrl":"https:\/\/kuken.alfadyser.dev\/wp-content\/uploads\/2019\/04\/kuken-logo.png","width":500,"height":191,"caption":"Alfa Dyser"},"image":{"@id":"https:\/\/kuken.alfadyser.dev\/#\/schema\/logo\/image\/"},"sameAs":["https:\/\/es-es.facebook.com\/alfadyser\/","https:\/\/www.instagram.com\/kuken_appliances\/"]}]},"product_price_currency":"EUR","og_availability":"instock","product_availability":"instock","product_retailer_item_id":"37018","product_condition":"new"},"_links":{"self":[{"href":"https:\/\/kuken.alfadyser.dev\/nl\/wp-json\/wp\/v2\/product\/10574","targetHints":{"allow":["GET"]}}],"collection":[{"href":"https:\/\/kuken.alfadyser.dev\/nl\/wp-json\/wp\/v2\/product"}],"about":[{"href":"https:\/\/kuken.alfadyser.dev\/nl\/wp-json\/wp\/v2\/types\/product"}],"wp:featuredmedia":[{"embeddable":true,"href":"https:\/\/kuken.alfadyser.dev\/nl\/wp-json\/wp\/v2\/media\/10575"}],"wp:attachment":[{"href":"https:\/\/kuken.alfadyser.dev\/nl\/wp-json\/wp\/v2\/media?parent=10574"}],"wp:term":[{"taxonomy":"product_brand","embeddable":true,"href":"https:\/\/kuken.alfadyser.dev\/nl\/wp-json\/wp\/v2\/product_brand?post=10574"},{"taxonomy":"product_cat","embeddable":true,"href":"https:\/\/kuken.alfadyser.dev\/nl\/wp-json\/wp\/v2\/product_cat?post=10574"},{"taxonomy":"product_tag","embeddable":true,"href":"https:\/\/kuken.alfadyser.dev\/nl\/wp-json\/wp\/v2\/product_tag?post=10574"}],"curies":[{"name":"wp","href":"https:\/\/api.w.org\/{rel}","templated":true}]}}