{"id":10447,"date":"2023-08-07T09:14:40","date_gmt":"2023-08-07T07:14:40","guid":{"rendered":"https:\/\/kuken.alfadyser.dev\/?post_type=product&#038;p=10447"},"modified":"2025-07-22T10:31:47","modified_gmt":"2025-07-22T08:31:47","slug":"kuken-2000w-elektrische-bakplaat-43x23cm","status":"publish","type":"product","link":"https:\/\/kuken.alfadyser.dev\/nl\/product\/kuken-2000w-elektrische-bakplaat-43x23cm\/","title":{"rendered":"K\u00dcKEN 2000W ELEKTRISCHE BROILER 43x23CM"},"content":{"rendered":"<p>K\u00dcKEN 2000W ELEKTRISCHE BROILER 43x23CM<\/p>\n<ul data-start=\"860\" data-end=\"1531\">\n<li data-start=\"860\" data-end=\"931\">\n<p data-start=\"862\" data-end=\"931\">Potencia de 2000W, ideal para cocinar con rapidez y eficiencia.<\/p>\n<\/li>\n<li data-start=\"932\" data-end=\"1008\">\n<p data-start=\"934\" data-end=\"1008\">Regulador de temperatura con 5 niveles, ajustable seg\u00fan el alimento.<\/p>\n<\/li>\n<li data-start=\"1009\" data-end=\"1085\">\n<p data-start=\"1011\" data-end=\"1085\">Superficie antiadherente de 43 x 23 cm, f\u00e1cil de limpiar y duradera.<\/p>\n<\/li>\n<li data-start=\"1086\" data-end=\"1153\">\n<p data-start=\"1088\" data-end=\"1153\">Plancha con acabado liso, que permite una cocci\u00f3n uniforme.<\/p>\n<\/li>\n<li data-start=\"1154\" data-end=\"1221\">\n<p data-start=\"1156\" data-end=\"1221\">Asas con mango de tacto fr\u00edo, evitan quemaduras al moverla.<\/p>\n<\/li>\n<li data-start=\"1222\" data-end=\"1293\">\n<p data-start=\"1224\" data-end=\"1293\">Bandeja recoge jugos, mantiene la superficie de trabajo limpia.<\/p>\n<\/li>\n<li data-start=\"1294\" data-end=\"1380\">\n<p data-start=\"1296\" data-end=\"1380\">Patas antideslizantes, elevan la base para prevenir calentamiento del soporte.<\/p>\n<\/li>\n<li data-start=\"1381\" data-end=\"1451\">\n<p data-start=\"1383\" data-end=\"1451\">Dise\u00f1o pr\u00e1ctico y funcional, perfecto para cocinas dom\u00e9sticas.<\/p>\n<\/li>\n<li data-start=\"1452\" data-end=\"1531\">\n<p data-start=\"1454\" data-end=\"1531\">Ideal para preparar carnes, pescados, verduras y m\u00e1s, de forma saludable.<\/p>\n<\/li>\n<\/ul>\n<p><div class=\"accordion\"><div class=\"mfn-acc accordion_wrapper  toggle\"><div class=\"question\"><div class=\"title\"><i class=\"icon-plus acc-icon-plus\" aria-hidden=\"true\"><\/i><i class=\"icon-minus acc-icon-minus\" aria-hidden=\"true\"><\/i>Productgegevens<\/div><div class=\"answer\">EAN 8425160351212<\/p>\n<p>K\u00dcKEN 2000W ELEKTRISCHE BROILER 43x23CM<\/p>\n<p>Verpakkingseenheid 1<br \/>\nKleur Zwart<br \/>\nVerpakking Dooskleur<br \/>\nVermogen 2000 W<br \/>\nSpanning 230 V<br \/>\nAfmetingen (LxBxH): 430\u00d7230 mm.<br \/>\nAfneembaar Ja<br \/>\nAntislipvoeten Ja<br \/>\n<\/div><\/div>\n<\/div><\/div>\n<br \/>\n<div class=\"accordion\"><div class=\"mfn-acc accordion_wrapper  toggle\"><div class=\"question\"><div class=\"title\"><i class=\"icon-plus acc-icon-plus\" aria-hidden=\"true\"><\/i><i class=\"icon-minus acc-icon-minus\" aria-hidden=\"true\"><\/i>Accessoires<\/div><div class=\"answer\"><\/div><\/div>\n<\/div><\/div>\n<\/p>\n<div class=\"descargas-producto\"><a href=\"https:\/\/kuken.alfadyser.dev\/wp-content\/uploads\/8425160351212_ficha_tecnica.pdf\" target=\"_blank\" rel=\"noopener noreferrer\"><br \/>\n<img loading=\"lazy\" decoding=\"async\" src=\"\/wp-content\/uploads\/2019\/12\/picto-descarrega.png\" alt=\"gegevensblad downloaden\" width=\"23\" height=\"16\" \/>Blad downloaden<\/a><br \/>\n<img loading=\"lazy\" decoding=\"async\" src=\"\/wp-content\/uploads\/2019\/12\/picto-descarrega.png\" alt=\"handleiding downloaden\" width=\"23\" height=\"16\" \/><a href=\"https:\/\/kuken.alfadyser.dev\/wp-content\/uploads\/35121_instrucciones.pdf\">Handleiding downloaden<\/a><\/div>\n<div><\/div>\n<div><span style=\"color: #bf2121\">Volg ons op sociale media!<\/span><\/div>\n<div><a href=\"https:\/\/www.instagram.com\/kuken_appliances\/\">https:\/\/www.instagram.com\/kuken_appliances\/<\/a><\/div>","protected":false},"excerpt":{"rendered":"<p data-start=\"535\" data-end=\"693\">Compacta, segura y eficiente. Esta plancha el\u00e9ctrica permite cocinar con precisi\u00f3n gracias a su control t\u00e9rmico, superficie antiadherente y bandeja antigoteo.<\/p>\n<blockquote data-start=\"695\" data-end=\"792\">\n<p data-start=\"697\" data-end=\"792\">\n<\/blockquote>","protected":false},"featured_media":10448,"template":"","meta":[],"product_brand":[],"product_cat":[195],"product_tag":[],"class_list":{"0":"post-10447","1":"product","2":"type-product","3":"status-publish","4":"has-post-thumbnail","6":"product_cat-planchas-cocina","8":"first","9":"instock","10":"product-type-simple"},"yoast_head":"<!-- This site is optimized with the Yoast SEO Premium plugin v24.0 (Yoast SEO v26.5) - https:\/\/yoast.com\/wordpress\/plugins\/seo\/ -->\n<title>PLANCHA ASAR EL\u00c9CTRICA K\u00dcKEN 2000W 43x23CM - K\u00fcken<\/title>\n<meta name=\"description\" content=\"Nueva plancha de asar el\u00e9ctrica k\u00fcken con la que podr\u00e1s asar carnes, verduras y pescados con tus amigos de manera m\u00e1s r\u00e1pida y sencilla.\" \/>\n<meta name=\"robots\" content=\"noindex, follow, max-snippet:-1, max-image-preview:large, max-video-preview:-1\" \/>\n<meta property=\"og:locale\" content=\"nl_NL\" \/>\n<meta property=\"og:type\" content=\"article\" \/>\n<meta property=\"og:title\" content=\"PLANCHA ASAR EL\u00c9CTRICA K\u00dcKEN 2000W 43x23CM\" \/>\n<meta property=\"og:description\" content=\"Nueva plancha de asar el\u00e9ctrica k\u00fcken con la que podr\u00e1s asar carnes, verduras y pescados con tus amigos de manera m\u00e1s r\u00e1pida y sencilla.\" \/>\n<meta property=\"og:url\" content=\"https:\/\/kuken.alfadyser.dev\/nl\/product\/kuken-2000w-elektrische-bakplaat-43x23cm\/\" \/>\n<meta property=\"og:site_name\" content=\"K\u00fcken\" \/>\n<meta property=\"article:publisher\" content=\"https:\/\/es-es.facebook.com\/alfadyser\/\" \/>\n<meta property=\"article:modified_time\" content=\"2025-07-22T08:31:47+00:00\" \/>\n<meta property=\"og:image\" content=\"https:\/\/kuken.alfadyser.dev\/wp-content\/uploads\/8425160351212_01.jpg\" \/>\n\t<meta property=\"og:image:width\" content=\"2000\" \/>\n\t<meta property=\"og:image:height\" content=\"2000\" \/>\n\t<meta property=\"og:image:type\" content=\"image\/jpeg\" \/>\n<meta name=\"twitter:card\" content=\"summary_large_image\" \/>\n<meta name=\"twitter:label1\" content=\"Prijs\" \/>\n\t<meta name=\"twitter:data1\" content=\"\" \/>\n\t<meta name=\"twitter:label2\" content=\"Beschikbaarheid\" \/>\n\t<meta name=\"twitter:data2\" content=\"Op voorraad\" \/>\n<script type=\"application\/ld+json\" class=\"yoast-schema-graph\">{\"@context\":\"https:\/\/schema.org\",\"@graph\":[{\"@type\":\"WebPage\",\"@id\":\"https:\/\/kuken.alfadyser.dev\/producto\/plancha-asar-electrica-kuken-2000w-43x23cm\/\",\"url\":\"https:\/\/kuken.alfadyser.dev\/producto\/plancha-asar-electrica-kuken-2000w-43x23cm\/\",\"name\":\"PLANCHA ASAR EL\u00c9CTRICA K\u00dcKEN 2000W 43x23CM - K\u00fcken\",\"isPartOf\":{\"@id\":\"https:\/\/kuken.alfadyser.dev\/#website\"},\"primaryImageOfPage\":{\"@id\":\"https:\/\/kuken.alfadyser.dev\/producto\/plancha-asar-electrica-kuken-2000w-43x23cm\/#primaryimage\"},\"image\":{\"@id\":\"https:\/\/kuken.alfadyser.dev\/producto\/plancha-asar-electrica-kuken-2000w-43x23cm\/#primaryimage\"},\"thumbnailUrl\":\"https:\/\/kuken.alfadyser.dev\/wp-content\/uploads\/8425160351212_01.jpg\",\"datePublished\":\"2023-08-07T07:14:40+00:00\",\"dateModified\":\"2025-07-22T08:31:47+00:00\",\"description\":\"Nueva plancha de asar el\u00e9ctrica k\u00fcken con la que podr\u00e1s asar carnes, verduras y pescados con tus amigos de manera m\u00e1s r\u00e1pida y sencilla.\",\"breadcrumb\":{\"@id\":\"https:\/\/kuken.alfadyser.dev\/producto\/plancha-asar-electrica-kuken-2000w-43x23cm\/#breadcrumb\"},\"inLanguage\":\"nl-NL\",\"potentialAction\":[{\"@type\":\"ReadAction\",\"target\":[\"https:\/\/kuken.alfadyser.dev\/producto\/plancha-asar-electrica-kuken-2000w-43x23cm\/\"]}]},{\"@type\":\"ImageObject\",\"inLanguage\":\"nl-NL\",\"@id\":\"https:\/\/kuken.alfadyser.dev\/producto\/plancha-asar-electrica-kuken-2000w-43x23cm\/#primaryimage\",\"url\":\"https:\/\/kuken.alfadyser.dev\/wp-content\/uploads\/8425160351212_01.jpg\",\"contentUrl\":\"https:\/\/kuken.alfadyser.dev\/wp-content\/uploads\/8425160351212_01.jpg\",\"width\":2000,\"height\":2000},{\"@type\":\"BreadcrumbList\",\"@id\":\"https:\/\/kuken.alfadyser.dev\/producto\/plancha-asar-electrica-kuken-2000w-43x23cm\/#breadcrumb\",\"itemListElement\":[{\"@type\":\"ListItem\",\"position\":1,\"name\":\"Portada\",\"item\":\"https:\/\/kuken.alfadyser.dev\/\"},{\"@type\":\"ListItem\",\"position\":2,\"name\":\"Productos\",\"item\":\"https:\/\/kuken.alfadyser.dev\/productos\/\"},{\"@type\":\"ListItem\",\"position\":3,\"name\":\"PLANCHA ASAR EL\u00c9CTRICA K\u00dcKEN 2000W 43x23CM\"}]},{\"@type\":\"WebSite\",\"@id\":\"https:\/\/kuken.alfadyser.dev\/#website\",\"url\":\"https:\/\/kuken.alfadyser.dev\/\",\"name\":\"K\u00fcken\",\"description\":\"Amplia gama de peque\u00f1o electrodom\u00e9stico k\u00fcken\",\"publisher\":{\"@id\":\"https:\/\/kuken.alfadyser.dev\/#organization\"},\"potentialAction\":[{\"@type\":\"SearchAction\",\"target\":{\"@type\":\"EntryPoint\",\"urlTemplate\":\"https:\/\/kuken.alfadyser.dev\/?s={search_term_string}\"},\"query-input\":{\"@type\":\"PropertyValueSpecification\",\"valueRequired\":true,\"valueName\":\"search_term_string\"}}],\"inLanguage\":\"nl-NL\"},{\"@type\":\"Organization\",\"@id\":\"https:\/\/kuken.alfadyser.dev\/#organization\",\"name\":\"Alfa Dyser\",\"url\":\"https:\/\/kuken.alfadyser.dev\/\",\"logo\":{\"@type\":\"ImageObject\",\"inLanguage\":\"nl-NL\",\"@id\":\"https:\/\/kuken.alfadyser.dev\/#\/schema\/logo\/image\/\",\"url\":\"https:\/\/kuken.alfadyser.dev\/wp-content\/uploads\/2019\/04\/kuken-logo.png\",\"contentUrl\":\"https:\/\/kuken.alfadyser.dev\/wp-content\/uploads\/2019\/04\/kuken-logo.png\",\"width\":500,\"height\":191,\"caption\":\"Alfa Dyser\"},\"image\":{\"@id\":\"https:\/\/kuken.alfadyser.dev\/#\/schema\/logo\/image\/\"},\"sameAs\":[\"https:\/\/es-es.facebook.com\/alfadyser\/\",\"https:\/\/www.instagram.com\/kuken_appliances\/\"]}]}<\/script>\n<meta property=\"product:price:currency\" content=\"EUR\" \/>\n<meta property=\"og:availability\" content=\"instock\" \/>\n<meta property=\"product:availability\" content=\"instock\" \/>\n<meta property=\"product:retailer_item_id\" content=\"35121\" \/>\n<meta property=\"product:condition\" content=\"new\" \/>\n<!-- \/ Yoast SEO Premium plugin. -->","yoast_head_json":{"title":"K\u00dcKEN 2000W 43x23CM ELEKTRISCHE BROILER - K\u00fcken","description":"Nieuwe k\u00fcken elektrische bakplaat waarmee je sneller en gemakkelijker vlees, groenten en vis kunt grillen met je vrienden.","robots":{"index":"noindex","follow":"follow","max-snippet":"max-snippet:-1","max-image-preview":"max-image-preview:large","max-video-preview":"max-video-preview:-1"},"og_locale":"nl_NL","og_type":"article","og_title":"PLANCHA ASAR EL\u00c9CTRICA K\u00dcKEN 2000W 43x23CM","og_description":"Nueva plancha de asar el\u00e9ctrica k\u00fcken con la que podr\u00e1s asar carnes, verduras y pescados con tus amigos de manera m\u00e1s r\u00e1pida y sencilla.","og_url":"https:\/\/kuken.alfadyser.dev\/nl\/product\/kuken-2000w-elektrische-bakplaat-43x23cm\/","og_site_name":"K\u00fcken","article_publisher":"https:\/\/es-es.facebook.com\/alfadyser\/","article_modified_time":"2025-07-22T08:31:47+00:00","og_image":[{"width":2000,"height":2000,"url":"https:\/\/kuken.alfadyser.dev\/wp-content\/uploads\/8425160351212_01.jpg","type":"image\/jpeg"}],"twitter_card":"summary_large_image","twitter_misc":{"Prijs":"","Beschikbaarheid":"Op voorraad"},"schema":{"@context":"https:\/\/schema.org","@graph":[{"@type":"WebPage","@id":"https:\/\/kuken.alfadyser.dev\/producto\/plancha-asar-electrica-kuken-2000w-43x23cm\/","url":"https:\/\/kuken.alfadyser.dev\/producto\/plancha-asar-electrica-kuken-2000w-43x23cm\/","name":"K\u00dcKEN 2000W 43x23CM ELEKTRISCHE BROILER - K\u00fcken","isPartOf":{"@id":"https:\/\/kuken.alfadyser.dev\/#website"},"primaryImageOfPage":{"@id":"https:\/\/kuken.alfadyser.dev\/producto\/plancha-asar-electrica-kuken-2000w-43x23cm\/#primaryimage"},"image":{"@id":"https:\/\/kuken.alfadyser.dev\/producto\/plancha-asar-electrica-kuken-2000w-43x23cm\/#primaryimage"},"thumbnailUrl":"https:\/\/kuken.alfadyser.dev\/wp-content\/uploads\/8425160351212_01.jpg","datePublished":"2023-08-07T07:14:40+00:00","dateModified":"2025-07-22T08:31:47+00:00","description":"Nieuwe k\u00fcken elektrische bakplaat waarmee je sneller en gemakkelijker vlees, groenten en vis kunt grillen met je vrienden.","breadcrumb":{"@id":"https:\/\/kuken.alfadyser.dev\/producto\/plancha-asar-electrica-kuken-2000w-43x23cm\/#breadcrumb"},"inLanguage":"nl-NL","potentialAction":[{"@type":"ReadAction","target":["https:\/\/kuken.alfadyser.dev\/producto\/plancha-asar-electrica-kuken-2000w-43x23cm\/"]}]},{"@type":"ImageObject","inLanguage":"nl-NL","@id":"https:\/\/kuken.alfadyser.dev\/producto\/plancha-asar-electrica-kuken-2000w-43x23cm\/#primaryimage","url":"https:\/\/kuken.alfadyser.dev\/wp-content\/uploads\/8425160351212_01.jpg","contentUrl":"https:\/\/kuken.alfadyser.dev\/wp-content\/uploads\/8425160351212_01.jpg","width":2000,"height":2000},{"@type":"BreadcrumbList","@id":"https:\/\/kuken.alfadyser.dev\/producto\/plancha-asar-electrica-kuken-2000w-43x23cm\/#breadcrumb","itemListElement":[{"@type":"ListItem","position":1,"name":"Portada","item":"https:\/\/kuken.alfadyser.dev\/"},{"@type":"ListItem","position":2,"name":"Productos","item":"https:\/\/kuken.alfadyser.dev\/productos\/"},{"@type":"ListItem","position":3,"name":"PLANCHA ASAR EL\u00c9CTRICA K\u00dcKEN 2000W 43x23CM"}]},{"@type":"WebSite","@id":"https:\/\/kuken.alfadyser.dev\/#website","url":"https:\/\/kuken.alfadyser.dev\/","name":"K\u00fcken","description":"Uitgebreid assortiment kleine huishoudelijke apparaten van k\u00fcken","publisher":{"@id":"https:\/\/kuken.alfadyser.dev\/#organization"},"potentialAction":[{"@type":"SearchAction","target":{"@type":"EntryPoint","urlTemplate":"https:\/\/kuken.alfadyser.dev\/?s={search_term_string}"},"query-input":{"@type":"PropertyValueSpecification","valueRequired":true,"valueName":"search_term_string"}}],"inLanguage":"nl-NL"},{"@type":"Organization","@id":"https:\/\/kuken.alfadyser.dev\/#organization","name":"Alpha Dyser","url":"https:\/\/kuken.alfadyser.dev\/","logo":{"@type":"ImageObject","inLanguage":"nl-NL","@id":"https:\/\/kuken.alfadyser.dev\/#\/schema\/logo\/image\/","url":"https:\/\/kuken.alfadyser.dev\/wp-content\/uploads\/2019\/04\/kuken-logo.png","contentUrl":"https:\/\/kuken.alfadyser.dev\/wp-content\/uploads\/2019\/04\/kuken-logo.png","width":500,"height":191,"caption":"Alfa Dyser"},"image":{"@id":"https:\/\/kuken.alfadyser.dev\/#\/schema\/logo\/image\/"},"sameAs":["https:\/\/es-es.facebook.com\/alfadyser\/","https:\/\/www.instagram.com\/kuken_appliances\/"]}]},"product_price_currency":"EUR","og_availability":"instock","product_availability":"instock","product_retailer_item_id":"35121","product_condition":"new"},"_links":{"self":[{"href":"https:\/\/kuken.alfadyser.dev\/nl\/wp-json\/wp\/v2\/product\/10447","targetHints":{"allow":["GET"]}}],"collection":[{"href":"https:\/\/kuken.alfadyser.dev\/nl\/wp-json\/wp\/v2\/product"}],"about":[{"href":"https:\/\/kuken.alfadyser.dev\/nl\/wp-json\/wp\/v2\/types\/product"}],"wp:featuredmedia":[{"embeddable":true,"href":"https:\/\/kuken.alfadyser.dev\/nl\/wp-json\/wp\/v2\/media\/10448"}],"wp:attachment":[{"href":"https:\/\/kuken.alfadyser.dev\/nl\/wp-json\/wp\/v2\/media?parent=10447"}],"wp:term":[{"taxonomy":"product_brand","embeddable":true,"href":"https:\/\/kuken.alfadyser.dev\/nl\/wp-json\/wp\/v2\/product_brand?post=10447"},{"taxonomy":"product_cat","embeddable":true,"href":"https:\/\/kuken.alfadyser.dev\/nl\/wp-json\/wp\/v2\/product_cat?post=10447"},{"taxonomy":"product_tag","embeddable":true,"href":"https:\/\/kuken.alfadyser.dev\/nl\/wp-json\/wp\/v2\/product_tag?post=10447"}],"curies":[{"name":"wp","href":"https:\/\/api.w.org\/{rel}","templated":true}]}}