{"id":10295,"date":"2023-05-09T10:52:46","date_gmt":"2023-05-09T08:52:46","guid":{"rendered":"https:\/\/kuken.alfadyser.dev\/?post_type=product&#038;p=10295"},"modified":"2025-07-31T11:33:26","modified_gmt":"2025-07-31T09:33:26","slug":"tostadora-blanca-4pc-1400w-grande","status":"publish","type":"product","link":"https:\/\/kuken.alfadyser.dev\/nl\/product\/tostadora-blanca-4pc-1400w-grande\/","title":{"rendered":"WITTE TOASTER 1400w 4 stuks"},"content":{"rendered":"<p>WITTE TOASTER 1400w 4 stuks<\/p>\n<ul data-start=\"895\" data-end=\"1652\">\n<li data-start=\"895\" data-end=\"963\">\n<p data-start=\"897\" data-end=\"963\">Capacidad total de 1,5 litros, ideal para comidas completas.<\/p>\n<\/li>\n<li data-start=\"964\" data-end=\"1044\">\n<p data-start=\"966\" data-end=\"1044\">Recipiente extra\u00edble de acero inoxidable, resistente y f\u00e1cil de limpiar.<\/p>\n<\/li>\n<li data-start=\"1045\" data-end=\"1119\">\n<p data-start=\"1047\" data-end=\"1119\">Recipiente adicional de pl\u00e1stico, perfecto para separar alimentos.<\/p>\n<\/li>\n<li data-start=\"1120\" data-end=\"1205\">\n<p data-start=\"1122\" data-end=\"1205\">Doble conexi\u00f3n el\u00e9ctrica: 220V para casa\/oficina y 12V\u201324V para coche\/cami\u00f3n.<\/p>\n<\/li>\n<li data-start=\"1206\" data-end=\"1269\">\n<p data-start=\"1208\" data-end=\"1269\">Incluye bolsa de transporte t\u00e9rmica, pr\u00e1ctica y ligera.<\/p>\n<\/li>\n<li data-start=\"1270\" data-end=\"1336\">\n<p data-start=\"1272\" data-end=\"1336\">Cubiertos de acero inoxidable incluidos, listos para usar.<\/p>\n<\/li>\n<li data-start=\"1337\" data-end=\"1420\">\n<p data-start=\"1339\" data-end=\"1420\">Sistema de vac\u00edo herm\u00e9tico, evita derrames y conserva mejor la temperatura.<\/p>\n<\/li>\n<li data-start=\"1421\" data-end=\"1504\">\n<p data-start=\"1423\" data-end=\"1504\">Tiempo de calentado estimado: 25 minutos con temperatura ambiente de 25\u202f\u00b0C.<\/p>\n<\/li>\n<li data-start=\"1505\" data-end=\"1578\">\n<p data-start=\"1507\" data-end=\"1578\">Materiales resistentes a altas temperaturas, seguros y duraderos.<\/p>\n<\/li>\n<li data-start=\"1579\" data-end=\"1652\">\n<p data-start=\"1581\" data-end=\"1652\">Dise\u00f1o completamente herm\u00e9tico, ideal para transporte y uso diario.<\/p>\n<\/li>\n<\/ul>\n<p><div class=\"accordion\"><div class=\"mfn-acc accordion_wrapper  toggle\"><div class=\"question\"><div class=\"title\"><i class=\"icon-plus acc-icon-plus\" aria-hidden=\"true\"><\/i><i class=\"icon-minus acc-icon-minus\" aria-hidden=\"true\"><\/i>Productgegevens<\/div><div class=\"answer\">EAN 8425160380878<\/p>\n<p>WITTE TOASTER 1400w 4 stuks<\/p>\n<p>Verpakkingseenheid 1<br \/>\nColor blanco<br \/>\nVerpakking Gekleurde doos<br \/>\nPotencia 1400 W<br \/>\nSpanning 230 V<br \/>\nMaterial pl\u00e1stico<br \/>\nLED-verlichting Ja<br \/>\nRebanadas 4 medianas o 2 grandes<br \/>\nAntislipvoeten Ja<br \/>\n<\/div><\/div>\n<\/div><\/div>\n<br \/>\n<div class=\"accordion\"><div class=\"mfn-acc accordion_wrapper  toggle\"><div class=\"question\"><div class=\"title\"><i class=\"icon-plus acc-icon-plus\" aria-hidden=\"true\"><\/i><i class=\"icon-minus acc-icon-minus\" aria-hidden=\"true\"><\/i>Accessoires<\/div><div class=\"answer\"><\/div><\/div>\n<\/div><\/div>\n<\/p>\n<div class=\"descargas-producto\"><a href=\"https:\/\/kuken.alfadyser.dev\/wp-content\/uploads\/8425160380878_ficha_tecnica.pdf\" target=\"_blank\" rel=\"noopener noreferrer\"><br \/>\n<img loading=\"lazy\" decoding=\"async\" src=\"\/wp-content\/uploads\/2019\/12\/picto-descarrega.png\" alt=\"gegevensblad downloaden\" width=\"23\" height=\"16\" \/>Blad downloaden<\/a><br \/>\n<a href=\"\/wp-content\/uploads\/pdf\/33621.pdf\"><img loading=\"lazy\" decoding=\"async\" src=\"\/wp-content\/uploads\/2019\/12\/picto-descarrega.png\" alt=\"handleiding downloaden\" width=\"23\" height=\"16\" \/><\/a><a href=\"https:\/\/kuken.alfadyser.dev\/wp-content\/uploads\/38087_instrucciones_compressed.pdf\">Handleiding downloaden<\/a><\/div>\n<div><\/div>\n<div><span style=\"color: #bf2121;\">Volg ons op sociale media!<\/span><\/div>\n<div><a href=\"https:\/\/www.instagram.com\/kuken_appliances\/\">https:\/\/www.instagram.com\/kuken_appliances\/<\/a><\/div>\n<p><iframe loading=\"lazy\" title=\"Tostadora pl\u00e1stico blanca 4 piezas 1400w k\u00fcken\" width=\"560\" height=\"315\" src=\"https:\/\/www.youtube.com\/embed\/g4fhNjzfhz0?feature=oembed\" frameborder=\"0\" allow=\"accelerometer; autoplay; clipboard-write; encrypted-media; gyroscope; picture-in-picture; web-share\" referrerpolicy=\"strict-origin-when-cross-origin\" allowfullscreen><\/iframe><\/p>","protected":false},"excerpt":{"rendered":"<p data-start=\"562\" data-end=\"721\">Ll\u00e9vala a cualquier parte. Esta fiambrera con doble conexi\u00f3n permite calentar tus comidas en casa, oficina o veh\u00edculo con total seguridad, rapidez y comodidad.<\/p>\n<blockquote data-start=\"723\" data-end=\"827\">\n<p data-start=\"725\" data-end=\"827\">\n<\/blockquote>","protected":false},"featured_media":10283,"template":"","meta":[],"product_brand":[],"product_cat":[204],"product_tag":[],"class_list":{"0":"post-10295","1":"product","2":"type-product","3":"status-publish","4":"has-post-thumbnail","6":"product_cat-tostadoras","7":"pa_tipos-tostadora-2-ranuras","9":"first","10":"instock","11":"product-type-simple"},"yoast_head":"<!-- This site is optimized with the Yoast SEO Premium plugin v24.0 (Yoast SEO v26.5) - https:\/\/yoast.com\/wordpress\/plugins\/seo\/ -->\n<title>TOSTADORA BLANCA 1400w 4 piezas - K\u00fcken<\/title>\n<meta name=\"description\" content=\"Tostadora blanca 1400w k\u00fcken. Prepara tus tostadas cada d\u00eda de manera r\u00e1pida y f\u00e1cil. Especial para rebanadas grandes o varias peque\u00f1as.\" \/>\n<meta name=\"robots\" content=\"noindex, follow, max-snippet:-1, max-image-preview:large, max-video-preview:-1\" \/>\n<meta property=\"og:locale\" content=\"nl_NL\" \/>\n<meta property=\"og:type\" content=\"article\" \/>\n<meta property=\"og:title\" content=\"TOSTADORA BLANCA 1400w 4 piezas\" \/>\n<meta property=\"og:description\" content=\"Tostadora blanca 1400w k\u00fcken. Prepara tus tostadas cada d\u00eda de manera r\u00e1pida y f\u00e1cil. Especial para rebanadas grandes o varias peque\u00f1as.\" \/>\n<meta property=\"og:url\" content=\"https:\/\/kuken.alfadyser.dev\/nl\/product\/tostadora-blanca-4pc-1400w-grande\/\" \/>\n<meta property=\"og:site_name\" content=\"K\u00fcken\" \/>\n<meta property=\"article:publisher\" content=\"https:\/\/es-es.facebook.com\/alfadyser\/\" \/>\n<meta property=\"article:modified_time\" content=\"2025-07-31T09:33:26+00:00\" \/>\n<meta property=\"og:image\" content=\"https:\/\/kuken.alfadyser.dev\/wp-content\/uploads\/8425160380878_01.jpg\" \/>\n\t<meta property=\"og:image:width\" content=\"2000\" \/>\n\t<meta property=\"og:image:height\" content=\"2000\" \/>\n\t<meta property=\"og:image:type\" content=\"image\/jpeg\" \/>\n<meta name=\"twitter:card\" content=\"summary_large_image\" \/>\n<meta name=\"twitter:label1\" content=\"Prijs\" \/>\n\t<meta name=\"twitter:data1\" content=\"\" \/>\n\t<meta name=\"twitter:label2\" content=\"Beschikbaarheid\" \/>\n\t<meta name=\"twitter:data2\" content=\"Op voorraad\" \/>\n<script type=\"application\/ld+json\" class=\"yoast-schema-graph\">{\"@context\":\"https:\/\/schema.org\",\"@graph\":[{\"@type\":\"WebPage\",\"@id\":\"https:\/\/kuken.alfadyser.dev\/producto\/tostadora-blanca-4pc-1400w-grande\/\",\"url\":\"https:\/\/kuken.alfadyser.dev\/producto\/tostadora-blanca-4pc-1400w-grande\/\",\"name\":\"TOSTADORA BLANCA 1400w 4 piezas - K\u00fcken\",\"isPartOf\":{\"@id\":\"https:\/\/kuken.alfadyser.dev\/#website\"},\"primaryImageOfPage\":{\"@id\":\"https:\/\/kuken.alfadyser.dev\/producto\/tostadora-blanca-4pc-1400w-grande\/#primaryimage\"},\"image\":{\"@id\":\"https:\/\/kuken.alfadyser.dev\/producto\/tostadora-blanca-4pc-1400w-grande\/#primaryimage\"},\"thumbnailUrl\":\"https:\/\/kuken.alfadyser.dev\/wp-content\/uploads\/8425160380878_01.jpg\",\"datePublished\":\"2023-05-09T08:52:46+00:00\",\"dateModified\":\"2025-07-31T09:33:26+00:00\",\"description\":\"Tostadora blanca 1400w k\u00fcken. Prepara tus tostadas cada d\u00eda de manera r\u00e1pida y f\u00e1cil. Especial para rebanadas grandes o varias peque\u00f1as.\",\"breadcrumb\":{\"@id\":\"https:\/\/kuken.alfadyser.dev\/producto\/tostadora-blanca-4pc-1400w-grande\/#breadcrumb\"},\"inLanguage\":\"nl-NL\",\"potentialAction\":[{\"@type\":\"ReadAction\",\"target\":[\"https:\/\/kuken.alfadyser.dev\/producto\/tostadora-blanca-4pc-1400w-grande\/\"]}]},{\"@type\":\"ImageObject\",\"inLanguage\":\"nl-NL\",\"@id\":\"https:\/\/kuken.alfadyser.dev\/producto\/tostadora-blanca-4pc-1400w-grande\/#primaryimage\",\"url\":\"https:\/\/kuken.alfadyser.dev\/wp-content\/uploads\/8425160380878_01.jpg\",\"contentUrl\":\"https:\/\/kuken.alfadyser.dev\/wp-content\/uploads\/8425160380878_01.jpg\",\"width\":2000,\"height\":2000,\"caption\":\"Tostadora blanca\"},{\"@type\":\"BreadcrumbList\",\"@id\":\"https:\/\/kuken.alfadyser.dev\/producto\/tostadora-blanca-4pc-1400w-grande\/#breadcrumb\",\"itemListElement\":[{\"@type\":\"ListItem\",\"position\":1,\"name\":\"Portada\",\"item\":\"https:\/\/kuken.alfadyser.dev\/\"},{\"@type\":\"ListItem\",\"position\":2,\"name\":\"Productos\",\"item\":\"https:\/\/kuken.alfadyser.dev\/productos\/\"},{\"@type\":\"ListItem\",\"position\":3,\"name\":\"TOSTADORA BLANCA 1400w 4 piezas\"}]},{\"@type\":\"WebSite\",\"@id\":\"https:\/\/kuken.alfadyser.dev\/#website\",\"url\":\"https:\/\/kuken.alfadyser.dev\/\",\"name\":\"K\u00fcken\",\"description\":\"Amplia gama de peque\u00f1o electrodom\u00e9stico k\u00fcken\",\"publisher\":{\"@id\":\"https:\/\/kuken.alfadyser.dev\/#organization\"},\"potentialAction\":[{\"@type\":\"SearchAction\",\"target\":{\"@type\":\"EntryPoint\",\"urlTemplate\":\"https:\/\/kuken.alfadyser.dev\/?s={search_term_string}\"},\"query-input\":{\"@type\":\"PropertyValueSpecification\",\"valueRequired\":true,\"valueName\":\"search_term_string\"}}],\"inLanguage\":\"nl-NL\"},{\"@type\":\"Organization\",\"@id\":\"https:\/\/kuken.alfadyser.dev\/#organization\",\"name\":\"Alfa Dyser\",\"url\":\"https:\/\/kuken.alfadyser.dev\/\",\"logo\":{\"@type\":\"ImageObject\",\"inLanguage\":\"nl-NL\",\"@id\":\"https:\/\/kuken.alfadyser.dev\/#\/schema\/logo\/image\/\",\"url\":\"https:\/\/kuken.alfadyser.dev\/wp-content\/uploads\/2019\/04\/kuken-logo.png\",\"contentUrl\":\"https:\/\/kuken.alfadyser.dev\/wp-content\/uploads\/2019\/04\/kuken-logo.png\",\"width\":500,\"height\":191,\"caption\":\"Alfa Dyser\"},\"image\":{\"@id\":\"https:\/\/kuken.alfadyser.dev\/#\/schema\/logo\/image\/\"},\"sameAs\":[\"https:\/\/es-es.facebook.com\/alfadyser\/\",\"https:\/\/www.instagram.com\/kuken_appliances\/\"]}]}<\/script>\n<meta property=\"product:price:currency\" content=\"EUR\" \/>\n<meta property=\"og:availability\" content=\"instock\" \/>\n<meta property=\"product:availability\" content=\"instock\" \/>\n<meta property=\"product:retailer_item_id\" content=\"38087\" \/>\n<meta property=\"product:condition\" content=\"new\" \/>\n<!-- \/ Yoast SEO Premium plugin. -->","yoast_head_json":{"title":"TOSTADORA BLANCA 1400w 4 piezas - K\u00fcken","description":"Tostadora blanca 1400w k\u00fcken. Prepara tus tostadas cada d\u00eda de manera r\u00e1pida y f\u00e1cil. Especial para rebanadas grandes o varias peque\u00f1as.","robots":{"index":"noindex","follow":"follow","max-snippet":"max-snippet:-1","max-image-preview":"max-image-preview:large","max-video-preview":"max-video-preview:-1"},"og_locale":"nl_NL","og_type":"article","og_title":"TOSTADORA BLANCA 1400w 4 piezas","og_description":"Tostadora blanca 1400w k\u00fcken. Prepara tus tostadas cada d\u00eda de manera r\u00e1pida y f\u00e1cil. Especial para rebanadas grandes o varias peque\u00f1as.","og_url":"https:\/\/kuken.alfadyser.dev\/nl\/product\/tostadora-blanca-4pc-1400w-grande\/","og_site_name":"K\u00fcken","article_publisher":"https:\/\/es-es.facebook.com\/alfadyser\/","article_modified_time":"2025-07-31T09:33:26+00:00","og_image":[{"width":2000,"height":2000,"url":"https:\/\/kuken.alfadyser.dev\/wp-content\/uploads\/8425160380878_01.jpg","type":"image\/jpeg"}],"twitter_card":"summary_large_image","twitter_misc":{"Prijs":"","Beschikbaarheid":"Op voorraad"},"schema":{"@context":"https:\/\/schema.org","@graph":[{"@type":"WebPage","@id":"https:\/\/kuken.alfadyser.dev\/producto\/tostadora-blanca-4pc-1400w-grande\/","url":"https:\/\/kuken.alfadyser.dev\/producto\/tostadora-blanca-4pc-1400w-grande\/","name":"TOSTADORA BLANCA 1400w 4 piezas - K\u00fcken","isPartOf":{"@id":"https:\/\/kuken.alfadyser.dev\/#website"},"primaryImageOfPage":{"@id":"https:\/\/kuken.alfadyser.dev\/producto\/tostadora-blanca-4pc-1400w-grande\/#primaryimage"},"image":{"@id":"https:\/\/kuken.alfadyser.dev\/producto\/tostadora-blanca-4pc-1400w-grande\/#primaryimage"},"thumbnailUrl":"https:\/\/kuken.alfadyser.dev\/wp-content\/uploads\/8425160380878_01.jpg","datePublished":"2023-05-09T08:52:46+00:00","dateModified":"2025-07-31T09:33:26+00:00","description":"Tostadora blanca 1400w k\u00fcken. Prepara tus tostadas cada d\u00eda de manera r\u00e1pida y f\u00e1cil. Especial para rebanadas grandes o varias peque\u00f1as.","breadcrumb":{"@id":"https:\/\/kuken.alfadyser.dev\/producto\/tostadora-blanca-4pc-1400w-grande\/#breadcrumb"},"inLanguage":"nl-NL","potentialAction":[{"@type":"ReadAction","target":["https:\/\/kuken.alfadyser.dev\/producto\/tostadora-blanca-4pc-1400w-grande\/"]}]},{"@type":"ImageObject","inLanguage":"nl-NL","@id":"https:\/\/kuken.alfadyser.dev\/producto\/tostadora-blanca-4pc-1400w-grande\/#primaryimage","url":"https:\/\/kuken.alfadyser.dev\/wp-content\/uploads\/8425160380878_01.jpg","contentUrl":"https:\/\/kuken.alfadyser.dev\/wp-content\/uploads\/8425160380878_01.jpg","width":2000,"height":2000,"caption":"Tostadora blanca"},{"@type":"BreadcrumbList","@id":"https:\/\/kuken.alfadyser.dev\/producto\/tostadora-blanca-4pc-1400w-grande\/#breadcrumb","itemListElement":[{"@type":"ListItem","position":1,"name":"Portada","item":"https:\/\/kuken.alfadyser.dev\/"},{"@type":"ListItem","position":2,"name":"Productos","item":"https:\/\/kuken.alfadyser.dev\/productos\/"},{"@type":"ListItem","position":3,"name":"TOSTADORA BLANCA 1400w 4 piezas"}]},{"@type":"WebSite","@id":"https:\/\/kuken.alfadyser.dev\/#website","url":"https:\/\/kuken.alfadyser.dev\/","name":"K\u00fcken","description":"Uitgebreid assortiment kleine huishoudelijke apparaten van k\u00fcken","publisher":{"@id":"https:\/\/kuken.alfadyser.dev\/#organization"},"potentialAction":[{"@type":"SearchAction","target":{"@type":"EntryPoint","urlTemplate":"https:\/\/kuken.alfadyser.dev\/?s={search_term_string}"},"query-input":{"@type":"PropertyValueSpecification","valueRequired":true,"valueName":"search_term_string"}}],"inLanguage":"nl-NL"},{"@type":"Organization","@id":"https:\/\/kuken.alfadyser.dev\/#organization","name":"Alpha Dyser","url":"https:\/\/kuken.alfadyser.dev\/","logo":{"@type":"ImageObject","inLanguage":"nl-NL","@id":"https:\/\/kuken.alfadyser.dev\/#\/schema\/logo\/image\/","url":"https:\/\/kuken.alfadyser.dev\/wp-content\/uploads\/2019\/04\/kuken-logo.png","contentUrl":"https:\/\/kuken.alfadyser.dev\/wp-content\/uploads\/2019\/04\/kuken-logo.png","width":500,"height":191,"caption":"Alfa Dyser"},"image":{"@id":"https:\/\/kuken.alfadyser.dev\/#\/schema\/logo\/image\/"},"sameAs":["https:\/\/es-es.facebook.com\/alfadyser\/","https:\/\/www.instagram.com\/kuken_appliances\/"]}]},"product_price_currency":"EUR","og_availability":"instock","product_availability":"instock","product_retailer_item_id":"38087","product_condition":"new"},"_links":{"self":[{"href":"https:\/\/kuken.alfadyser.dev\/nl\/wp-json\/wp\/v2\/product\/10295","targetHints":{"allow":["GET"]}}],"collection":[{"href":"https:\/\/kuken.alfadyser.dev\/nl\/wp-json\/wp\/v2\/product"}],"about":[{"href":"https:\/\/kuken.alfadyser.dev\/nl\/wp-json\/wp\/v2\/types\/product"}],"wp:featuredmedia":[{"embeddable":true,"href":"https:\/\/kuken.alfadyser.dev\/nl\/wp-json\/wp\/v2\/media\/10283"}],"wp:attachment":[{"href":"https:\/\/kuken.alfadyser.dev\/nl\/wp-json\/wp\/v2\/media?parent=10295"}],"wp:term":[{"taxonomy":"product_brand","embeddable":true,"href":"https:\/\/kuken.alfadyser.dev\/nl\/wp-json\/wp\/v2\/product_brand?post=10295"},{"taxonomy":"product_cat","embeddable":true,"href":"https:\/\/kuken.alfadyser.dev\/nl\/wp-json\/wp\/v2\/product_cat?post=10295"},{"taxonomy":"product_tag","embeddable":true,"href":"https:\/\/kuken.alfadyser.dev\/nl\/wp-json\/wp\/v2\/product_tag?post=10295"}],"curies":[{"name":"wp","href":"https:\/\/api.w.org\/{rel}","templated":true}]}}