{"id":10274,"date":"2023-05-09T10:27:48","date_gmt":"2023-05-09T08:27:48","guid":{"rendered":"https:\/\/kuken.alfadyser.dev\/?post_type=product&#038;p=10274"},"modified":"2025-07-31T11:34:20","modified_gmt":"2025-07-31T09:34:20","slug":"tostadora-negra-1400w-4-piezas","status":"publish","type":"product","link":"https:\/\/kuken.alfadyser.dev\/nl\/product\/tostadora-negra-1400w-4-piezas\/","title":{"rendered":"TOASTER ZWART 1400w 4 stuks"},"content":{"rendered":"<p>TOASTER ZWART 1400w 4 stuks<\/p>\n<ul>\n<li data-start=\"901\" data-end=\"969\">\n<p data-start=\"903\" data-end=\"969\">Potencia de 1400W, ideal para un tostado r\u00e1pido y eficiente.<\/p>\n<\/li>\n<li data-start=\"970\" data-end=\"1041\">\n<p data-start=\"972\" data-end=\"1041\">Cuerpo de pl\u00e1stico negro de alta calidad, resistente y moderno.<\/p>\n<\/li>\n<li data-start=\"1042\" data-end=\"1105\">\n<p data-start=\"1044\" data-end=\"1105\">Laterales fr\u00edos al tacto, m\u00e1s seguridad durante su uso.<\/p>\n<\/li>\n<li data-start=\"1106\" data-end=\"1181\">\n<p data-start=\"1108\" data-end=\"1181\">Dos ranuras extragrandes, admiten 4 rebanadas medianas o 2 grandes.<\/p>\n<\/li>\n<li data-start=\"1182\" data-end=\"1254\">\n<p data-start=\"1184\" data-end=\"1254\">Resistencias de gran superficie, garantizan un tostado uniforme.<\/p>\n<\/li>\n<li data-start=\"1255\" data-end=\"1329\">\n<p data-start=\"1257\" data-end=\"1329\">Selector giratorio con 7 niveles, para ajustar el dorado al gusto.<\/p>\n<\/li>\n<li data-start=\"1330\" data-end=\"1411\">\n<p data-start=\"1332\" data-end=\"1411\">Bot\u00f3n de parada inmediata, permite detener el ciclo en cualquier momento.<\/p>\n<\/li>\n<li data-start=\"1412\" data-end=\"1489\">\n<p data-start=\"1414\" data-end=\"1489\">Sistema de centrado autom\u00e1tico, mejora el resultado en cada rebanada.<\/p>\n<\/li>\n<li data-start=\"1490\" data-end=\"1569\">\n<p data-start=\"1492\" data-end=\"1569\">Extra elevaci\u00f3n, facilita la extracci\u00f3n de las tostadas sin quemaduras.<\/p>\n<\/li>\n<li data-start=\"1570\" data-end=\"1643\">\n<p data-start=\"1572\" data-end=\"1643\">Bandeja recogemigas extra\u00edble, para una limpieza r\u00e1pida y sencilla.<\/p>\n<\/li>\n<\/ul>\n<p><div class=\"accordion\"><div class=\"mfn-acc accordion_wrapper  toggle\"><div class=\"question\"><div class=\"title\"><i class=\"icon-plus acc-icon-plus\" aria-hidden=\"true\"><\/i><i class=\"icon-minus acc-icon-minus\" aria-hidden=\"true\"><\/i>Productgegevens<\/div><div class=\"answer\">EAN 8425160392369<\/p>\n<p>TOASTER ZWART 1400w 4 stuks<\/p>\n<p>Verpakkingseenheid 1<br \/>\nColor negro<br \/>\nVerpakking Gekleurde doos<br \/>\nPotencia 1400 W<br \/>\nSpanning 230 V<br \/>\nMaterial pl\u00e1stico<br \/>\nLED-verlichting Ja<br \/>\nRebanadas 4 medianas o 2 grandes<br \/>\nAntislipvoeten Ja<br \/>\n<\/div><\/div>\n<\/div><\/div>\n<br \/>\n<div class=\"accordion\"><div class=\"mfn-acc accordion_wrapper  toggle\"><div class=\"question\"><div class=\"title\"><i class=\"icon-plus acc-icon-plus\" aria-hidden=\"true\"><\/i><i class=\"icon-minus acc-icon-minus\" aria-hidden=\"true\"><\/i>Accessoires<\/div><div class=\"answer\"><\/div><\/div>\n<\/div><\/div>\n<\/p>\n<div class=\"descargas-producto\"><a href=\"https:\/\/kuken.alfadyser.dev\/wp-content\/uploads\/8425160392369_ficha_tecnica.pdf\" target=\"_blank\" rel=\"noopener noreferrer\"><br \/>\n<img loading=\"lazy\" decoding=\"async\" src=\"\/wp-content\/uploads\/2019\/12\/picto-descarrega.png\" alt=\"gegevensblad downloaden\" width=\"23\" height=\"16\" \/>Blad downloaden<\/a><br \/>\n<a href=\"\/wp-content\/uploads\/pdf\/33621.pdf\"><img loading=\"lazy\" decoding=\"async\" src=\"\/wp-content\/uploads\/2019\/12\/picto-descarrega.png\" alt=\"handleiding downloaden\" width=\"23\" height=\"16\" \/><\/a><a href=\"https:\/\/kuken.alfadyser.dev\/wp-content\/uploads\/39236_instrucciones_compressed.pdf\">Handleiding downloaden<\/a><\/div>\n<div><\/div>\n<div><span style=\"color: #bf2121;\">Volg ons op sociale media!<\/span><\/div>\n<div><a href=\"https:\/\/www.instagram.com\/kuken_appliances\/\">https:\/\/www.instagram.com\/kuken_appliances\/<\/a><\/div>\n<p><iframe loading=\"lazy\" title=\"Tostadora pl\u00e1stico negra 4 piezas 1400w k\u00fcken\" width=\"560\" height=\"315\" src=\"https:\/\/www.youtube.com\/embed\/Rr8G0P9eyLg?feature=oembed\" frameborder=\"0\" allow=\"accelerometer; autoplay; clipboard-write; encrypted-media; gyroscope; picture-in-picture; web-share\" referrerpolicy=\"strict-origin-when-cross-origin\" allowfullscreen><\/iframe><\/p>","protected":false},"excerpt":{"rendered":"<p data-start=\"543\" data-end=\"708\">Dise\u00f1o elegante y funcional. Esta tostadora permite preparar hasta 4 piezas con un tostado uniforme, ajuste preciso y limpieza r\u00e1pida gracias a su bandeja extra\u00edble.<\/p>\n<blockquote data-start=\"710\" data-end=\"833\">\n<p data-start=\"712\" data-end=\"833\">\n<\/blockquote>","protected":false},"featured_media":10286,"template":"","meta":[],"product_brand":[],"product_cat":[204],"product_tag":[],"class_list":{"0":"post-10274","1":"product","2":"type-product","3":"status-publish","4":"has-post-thumbnail","6":"product_cat-tostadoras","7":"pa_tipos-tostadora-2-ranuras","9":"first","10":"instock","11":"product-type-simple"},"yoast_head":"<!-- This site is optimized with the Yoast SEO Premium plugin v24.0 (Yoast SEO v26.5) - https:\/\/yoast.com\/wordpress\/plugins\/seo\/ -->\n<title>TOSTADORA NEGRA 1400w 4 piezas - K\u00fcken<\/title>\n<meta name=\"description\" content=\"Tostadora negra 1400w de k\u00fcken. Prepara tus tostadas cada d\u00eda de manera r\u00e1pida y f\u00e1cil. Especial para rebanadas grandes o varias peque\u00f1as. Visita la web\" \/>\n<meta name=\"robots\" content=\"noindex, follow, max-snippet:-1, max-image-preview:large, max-video-preview:-1\" \/>\n<meta property=\"og:locale\" content=\"nl_NL\" \/>\n<meta property=\"og:type\" content=\"article\" \/>\n<meta property=\"og:title\" content=\"TOSTADORA NEGRA 1400w 4 piezas\" \/>\n<meta property=\"og:description\" content=\"Tostadora negra 1400w de k\u00fcken. Prepara tus tostadas cada d\u00eda de manera r\u00e1pida y f\u00e1cil. Especial para rebanadas grandes o varias peque\u00f1as. Visita la web\" \/>\n<meta property=\"og:url\" content=\"https:\/\/kuken.alfadyser.dev\/nl\/product\/tostadora-negra-1400w-4-piezas\/\" \/>\n<meta property=\"og:site_name\" content=\"K\u00fcken\" \/>\n<meta property=\"article:publisher\" content=\"https:\/\/es-es.facebook.com\/alfadyser\/\" \/>\n<meta property=\"article:modified_time\" content=\"2025-07-31T09:34:20+00:00\" \/>\n<meta property=\"og:image\" content=\"https:\/\/kuken.alfadyser.dev\/wp-content\/uploads\/8425160392369_01.jpg\" \/>\n\t<meta property=\"og:image:width\" content=\"2000\" \/>\n\t<meta property=\"og:image:height\" content=\"2000\" \/>\n\t<meta property=\"og:image:type\" content=\"image\/jpeg\" \/>\n<meta name=\"twitter:card\" content=\"summary_large_image\" \/>\n<meta name=\"twitter:label1\" content=\"Prijs\" \/>\n\t<meta name=\"twitter:data1\" content=\"\" \/>\n\t<meta name=\"twitter:label2\" content=\"Beschikbaarheid\" \/>\n\t<meta name=\"twitter:data2\" content=\"Op voorraad\" \/>\n<script type=\"application\/ld+json\" class=\"yoast-schema-graph\">{\"@context\":\"https:\/\/schema.org\",\"@graph\":[{\"@type\":\"WebPage\",\"@id\":\"https:\/\/kuken.alfadyser.dev\/producto\/tostadora-negra-1400w-4-piezas\/\",\"url\":\"https:\/\/kuken.alfadyser.dev\/producto\/tostadora-negra-1400w-4-piezas\/\",\"name\":\"TOSTADORA NEGRA 1400w 4 piezas - K\u00fcken\",\"isPartOf\":{\"@id\":\"https:\/\/kuken.alfadyser.dev\/#website\"},\"primaryImageOfPage\":{\"@id\":\"https:\/\/kuken.alfadyser.dev\/producto\/tostadora-negra-1400w-4-piezas\/#primaryimage\"},\"image\":{\"@id\":\"https:\/\/kuken.alfadyser.dev\/producto\/tostadora-negra-1400w-4-piezas\/#primaryimage\"},\"thumbnailUrl\":\"https:\/\/kuken.alfadyser.dev\/wp-content\/uploads\/8425160392369_01.jpg\",\"datePublished\":\"2023-05-09T08:27:48+00:00\",\"dateModified\":\"2025-07-31T09:34:20+00:00\",\"description\":\"Tostadora negra 1400w de k\u00fcken. Prepara tus tostadas cada d\u00eda de manera r\u00e1pida y f\u00e1cil. Especial para rebanadas grandes o varias peque\u00f1as. Visita la web\",\"breadcrumb\":{\"@id\":\"https:\/\/kuken.alfadyser.dev\/producto\/tostadora-negra-1400w-4-piezas\/#breadcrumb\"},\"inLanguage\":\"nl-NL\",\"potentialAction\":[{\"@type\":\"ReadAction\",\"target\":[\"https:\/\/kuken.alfadyser.dev\/producto\/tostadora-negra-1400w-4-piezas\/\"]}]},{\"@type\":\"ImageObject\",\"inLanguage\":\"nl-NL\",\"@id\":\"https:\/\/kuken.alfadyser.dev\/producto\/tostadora-negra-1400w-4-piezas\/#primaryimage\",\"url\":\"https:\/\/kuken.alfadyser.dev\/wp-content\/uploads\/8425160392369_01.jpg\",\"contentUrl\":\"https:\/\/kuken.alfadyser.dev\/wp-content\/uploads\/8425160392369_01.jpg\",\"width\":2000,\"height\":2000},{\"@type\":\"BreadcrumbList\",\"@id\":\"https:\/\/kuken.alfadyser.dev\/producto\/tostadora-negra-1400w-4-piezas\/#breadcrumb\",\"itemListElement\":[{\"@type\":\"ListItem\",\"position\":1,\"name\":\"Portada\",\"item\":\"https:\/\/kuken.alfadyser.dev\/\"},{\"@type\":\"ListItem\",\"position\":2,\"name\":\"Productos\",\"item\":\"https:\/\/kuken.alfadyser.dev\/productos\/\"},{\"@type\":\"ListItem\",\"position\":3,\"name\":\"TOSTADORA NEGRA 1400w 4 piezas\"}]},{\"@type\":\"WebSite\",\"@id\":\"https:\/\/kuken.alfadyser.dev\/#website\",\"url\":\"https:\/\/kuken.alfadyser.dev\/\",\"name\":\"K\u00fcken\",\"description\":\"Amplia gama de peque\u00f1o electrodom\u00e9stico k\u00fcken\",\"publisher\":{\"@id\":\"https:\/\/kuken.alfadyser.dev\/#organization\"},\"potentialAction\":[{\"@type\":\"SearchAction\",\"target\":{\"@type\":\"EntryPoint\",\"urlTemplate\":\"https:\/\/kuken.alfadyser.dev\/?s={search_term_string}\"},\"query-input\":{\"@type\":\"PropertyValueSpecification\",\"valueRequired\":true,\"valueName\":\"search_term_string\"}}],\"inLanguage\":\"nl-NL\"},{\"@type\":\"Organization\",\"@id\":\"https:\/\/kuken.alfadyser.dev\/#organization\",\"name\":\"Alfa Dyser\",\"url\":\"https:\/\/kuken.alfadyser.dev\/\",\"logo\":{\"@type\":\"ImageObject\",\"inLanguage\":\"nl-NL\",\"@id\":\"https:\/\/kuken.alfadyser.dev\/#\/schema\/logo\/image\/\",\"url\":\"https:\/\/kuken.alfadyser.dev\/wp-content\/uploads\/2019\/04\/kuken-logo.png\",\"contentUrl\":\"https:\/\/kuken.alfadyser.dev\/wp-content\/uploads\/2019\/04\/kuken-logo.png\",\"width\":500,\"height\":191,\"caption\":\"Alfa Dyser\"},\"image\":{\"@id\":\"https:\/\/kuken.alfadyser.dev\/#\/schema\/logo\/image\/\"},\"sameAs\":[\"https:\/\/es-es.facebook.com\/alfadyser\/\",\"https:\/\/www.instagram.com\/kuken_appliances\/\"]}]}<\/script>\n<meta property=\"product:price:currency\" content=\"EUR\" \/>\n<meta property=\"og:availability\" content=\"instock\" \/>\n<meta property=\"product:availability\" content=\"instock\" \/>\n<meta property=\"product:retailer_item_id\" content=\"39236\" \/>\n<meta property=\"product:condition\" content=\"new\" \/>\n<!-- \/ Yoast SEO Premium plugin. -->","yoast_head_json":{"title":"TOSTADORA NEGRA 1400w 4 piezas - K\u00fcken","description":"Tostadora negra 1400w de k\u00fcken. Prepara tus tostadas cada d\u00eda de manera r\u00e1pida y f\u00e1cil. Especial para rebanadas grandes o varias peque\u00f1as. Visita la web","robots":{"index":"noindex","follow":"follow","max-snippet":"max-snippet:-1","max-image-preview":"max-image-preview:large","max-video-preview":"max-video-preview:-1"},"og_locale":"nl_NL","og_type":"article","og_title":"TOSTADORA NEGRA 1400w 4 piezas","og_description":"Tostadora negra 1400w de k\u00fcken. Prepara tus tostadas cada d\u00eda de manera r\u00e1pida y f\u00e1cil. Especial para rebanadas grandes o varias peque\u00f1as. Visita la web","og_url":"https:\/\/kuken.alfadyser.dev\/nl\/product\/tostadora-negra-1400w-4-piezas\/","og_site_name":"K\u00fcken","article_publisher":"https:\/\/es-es.facebook.com\/alfadyser\/","article_modified_time":"2025-07-31T09:34:20+00:00","og_image":[{"width":2000,"height":2000,"url":"https:\/\/kuken.alfadyser.dev\/wp-content\/uploads\/8425160392369_01.jpg","type":"image\/jpeg"}],"twitter_card":"summary_large_image","twitter_misc":{"Prijs":"","Beschikbaarheid":"Op voorraad"},"schema":{"@context":"https:\/\/schema.org","@graph":[{"@type":"WebPage","@id":"https:\/\/kuken.alfadyser.dev\/producto\/tostadora-negra-1400w-4-piezas\/","url":"https:\/\/kuken.alfadyser.dev\/producto\/tostadora-negra-1400w-4-piezas\/","name":"TOSTADORA NEGRA 1400w 4 piezas - K\u00fcken","isPartOf":{"@id":"https:\/\/kuken.alfadyser.dev\/#website"},"primaryImageOfPage":{"@id":"https:\/\/kuken.alfadyser.dev\/producto\/tostadora-negra-1400w-4-piezas\/#primaryimage"},"image":{"@id":"https:\/\/kuken.alfadyser.dev\/producto\/tostadora-negra-1400w-4-piezas\/#primaryimage"},"thumbnailUrl":"https:\/\/kuken.alfadyser.dev\/wp-content\/uploads\/8425160392369_01.jpg","datePublished":"2023-05-09T08:27:48+00:00","dateModified":"2025-07-31T09:34:20+00:00","description":"Tostadora negra 1400w de k\u00fcken. Prepara tus tostadas cada d\u00eda de manera r\u00e1pida y f\u00e1cil. Especial para rebanadas grandes o varias peque\u00f1as. Visita la web","breadcrumb":{"@id":"https:\/\/kuken.alfadyser.dev\/producto\/tostadora-negra-1400w-4-piezas\/#breadcrumb"},"inLanguage":"nl-NL","potentialAction":[{"@type":"ReadAction","target":["https:\/\/kuken.alfadyser.dev\/producto\/tostadora-negra-1400w-4-piezas\/"]}]},{"@type":"ImageObject","inLanguage":"nl-NL","@id":"https:\/\/kuken.alfadyser.dev\/producto\/tostadora-negra-1400w-4-piezas\/#primaryimage","url":"https:\/\/kuken.alfadyser.dev\/wp-content\/uploads\/8425160392369_01.jpg","contentUrl":"https:\/\/kuken.alfadyser.dev\/wp-content\/uploads\/8425160392369_01.jpg","width":2000,"height":2000},{"@type":"BreadcrumbList","@id":"https:\/\/kuken.alfadyser.dev\/producto\/tostadora-negra-1400w-4-piezas\/#breadcrumb","itemListElement":[{"@type":"ListItem","position":1,"name":"Portada","item":"https:\/\/kuken.alfadyser.dev\/"},{"@type":"ListItem","position":2,"name":"Productos","item":"https:\/\/kuken.alfadyser.dev\/productos\/"},{"@type":"ListItem","position":3,"name":"TOSTADORA NEGRA 1400w 4 piezas"}]},{"@type":"WebSite","@id":"https:\/\/kuken.alfadyser.dev\/#website","url":"https:\/\/kuken.alfadyser.dev\/","name":"K\u00fcken","description":"Uitgebreid assortiment kleine huishoudelijke apparaten van k\u00fcken","publisher":{"@id":"https:\/\/kuken.alfadyser.dev\/#organization"},"potentialAction":[{"@type":"SearchAction","target":{"@type":"EntryPoint","urlTemplate":"https:\/\/kuken.alfadyser.dev\/?s={search_term_string}"},"query-input":{"@type":"PropertyValueSpecification","valueRequired":true,"valueName":"search_term_string"}}],"inLanguage":"nl-NL"},{"@type":"Organization","@id":"https:\/\/kuken.alfadyser.dev\/#organization","name":"Alpha Dyser","url":"https:\/\/kuken.alfadyser.dev\/","logo":{"@type":"ImageObject","inLanguage":"nl-NL","@id":"https:\/\/kuken.alfadyser.dev\/#\/schema\/logo\/image\/","url":"https:\/\/kuken.alfadyser.dev\/wp-content\/uploads\/2019\/04\/kuken-logo.png","contentUrl":"https:\/\/kuken.alfadyser.dev\/wp-content\/uploads\/2019\/04\/kuken-logo.png","width":500,"height":191,"caption":"Alfa Dyser"},"image":{"@id":"https:\/\/kuken.alfadyser.dev\/#\/schema\/logo\/image\/"},"sameAs":["https:\/\/es-es.facebook.com\/alfadyser\/","https:\/\/www.instagram.com\/kuken_appliances\/"]}]},"product_price_currency":"EUR","og_availability":"instock","product_availability":"instock","product_retailer_item_id":"39236","product_condition":"new"},"_links":{"self":[{"href":"https:\/\/kuken.alfadyser.dev\/nl\/wp-json\/wp\/v2\/product\/10274","targetHints":{"allow":["GET"]}}],"collection":[{"href":"https:\/\/kuken.alfadyser.dev\/nl\/wp-json\/wp\/v2\/product"}],"about":[{"href":"https:\/\/kuken.alfadyser.dev\/nl\/wp-json\/wp\/v2\/types\/product"}],"wp:featuredmedia":[{"embeddable":true,"href":"https:\/\/kuken.alfadyser.dev\/nl\/wp-json\/wp\/v2\/media\/10286"}],"wp:attachment":[{"href":"https:\/\/kuken.alfadyser.dev\/nl\/wp-json\/wp\/v2\/media?parent=10274"}],"wp:term":[{"taxonomy":"product_brand","embeddable":true,"href":"https:\/\/kuken.alfadyser.dev\/nl\/wp-json\/wp\/v2\/product_brand?post=10274"},{"taxonomy":"product_cat","embeddable":true,"href":"https:\/\/kuken.alfadyser.dev\/nl\/wp-json\/wp\/v2\/product_cat?post=10274"},{"taxonomy":"product_tag","embeddable":true,"href":"https:\/\/kuken.alfadyser.dev\/nl\/wp-json\/wp\/v2\/product_tag?post=10274"}],"curies":[{"name":"wp","href":"https:\/\/api.w.org\/{rel}","templated":true}]}}