{"id":385,"date":"2019-07-10T14:07:05","date_gmt":"2019-07-10T12:07:05","guid":{"rendered":"https:\/\/kuken.alfadyser.dev\/?page_id=385"},"modified":"2025-07-23T07:27:11","modified_gmt":"2025-07-23T07:27:11","slug":"cuidado-personal","status":"publish","type":"page","link":"https:\/\/kuken.alfadyser.dev\/nl\/cuidado-personal\/","title":{"rendered":"CUIDADO PERSONAL"},"content":{"rendered":"","protected":false},"excerpt":{"rendered":"","protected":false},"author":4,"featured_media":0,"parent":0,"menu_order":0,"comment_status":"closed","ping_status":"closed","template":"","meta":{"footnotes":""},"class_list":["post-385","page","type-page","status-publish","hentry"],"yoast_head":"<!-- This site is optimized with the Yoast SEO Premium plugin v24.0 (Yoast SEO v26.5) - https:\/\/yoast.com\/wordpress\/plugins\/seo\/ -->\n<title>CUIDADO PERSONAL - K\u00fcken gama luxury&amp;quality - Visita sitio web<\/title>\n<meta name=\"description\" content=\"Gama superior luxury&amp;quality, para la cocina; batidoras, tostadoras, hervidores, cafeteras, freidoras, placas inducci\u00f3n, y para el hogar aspiradores.\" \/>\n<meta name=\"robots\" content=\"noindex, follow, max-snippet:-1, max-image-preview:large, max-video-preview:-1\" \/>\n<meta property=\"og:locale\" content=\"nl_NL\" \/>\n<meta property=\"og:type\" content=\"article\" \/>\n<meta property=\"og:title\" content=\"CUIDADO PERSONAL\" \/>\n<meta property=\"og:description\" content=\"Gama superior luxury&amp;quality, para la cocina; batidoras, tostadoras, hervidores, cafeteras, freidoras, placas inducci\u00f3n, y para el hogar aspiradores.\" \/>\n<meta property=\"og:url\" content=\"https:\/\/kuken.alfadyser.dev\/nl\/cuidado-personal\/\" \/>\n<meta property=\"og:site_name\" content=\"K\u00fcken\" \/>\n<meta property=\"article:publisher\" content=\"https:\/\/es-es.facebook.com\/alfadyser\/\" \/>\n<meta property=\"article:modified_time\" content=\"2025-07-23T07:27:11+00:00\" \/>\n<meta name=\"twitter:card\" content=\"summary_large_image\" \/>\n<script type=\"application\/ld+json\" class=\"yoast-schema-graph\">{\"@context\":\"https:\/\/schema.org\",\"@graph\":[{\"@type\":\"WebPage\",\"@id\":\"https:\/\/kuken.alfadyser.dev\/cuidado-personal\/\",\"url\":\"https:\/\/kuken.alfadyser.dev\/cuidado-personal\/\",\"name\":\"CUIDADO PERSONAL - K\u00fcken gama luxury&quality - Visita sitio web\",\"isPartOf\":{\"@id\":\"https:\/\/kuken.alfadyser.dev\/#website\"},\"datePublished\":\"2019-07-10T12:07:05+00:00\",\"dateModified\":\"2025-07-23T07:27:11+00:00\",\"description\":\"Gama superior luxury&quality, para la cocina; batidoras, tostadoras, hervidores, cafeteras, freidoras, placas inducci\u00f3n, y para el hogar aspiradores.\",\"breadcrumb\":{\"@id\":\"https:\/\/kuken.alfadyser.dev\/cuidado-personal\/#breadcrumb\"},\"inLanguage\":\"nl-NL\",\"potentialAction\":[{\"@type\":\"ReadAction\",\"target\":[\"https:\/\/kuken.alfadyser.dev\/cuidado-personal\/\"]}]},{\"@type\":\"BreadcrumbList\",\"@id\":\"https:\/\/kuken.alfadyser.dev\/cuidado-personal\/#breadcrumb\",\"itemListElement\":[{\"@type\":\"ListItem\",\"position\":1,\"name\":\"Portada\",\"item\":\"https:\/\/kuken.alfadyser.dev\/\"},{\"@type\":\"ListItem\",\"position\":2,\"name\":\"CUIDADO PERSONAL\"}]},{\"@type\":\"WebSite\",\"@id\":\"https:\/\/kuken.alfadyser.dev\/#website\",\"url\":\"https:\/\/kuken.alfadyser.dev\/\",\"name\":\"K\u00fcken\",\"description\":\"Amplia gama de peque\u00f1o electrodom\u00e9stico k\u00fcken\",\"publisher\":{\"@id\":\"https:\/\/kuken.alfadyser.dev\/#organization\"},\"potentialAction\":[{\"@type\":\"SearchAction\",\"target\":{\"@type\":\"EntryPoint\",\"urlTemplate\":\"https:\/\/kuken.alfadyser.dev\/?s={search_term_string}\"},\"query-input\":{\"@type\":\"PropertyValueSpecification\",\"valueRequired\":true,\"valueName\":\"search_term_string\"}}],\"inLanguage\":\"nl-NL\"},{\"@type\":\"Organization\",\"@id\":\"https:\/\/kuken.alfadyser.dev\/#organization\",\"name\":\"Alfa Dyser\",\"url\":\"https:\/\/kuken.alfadyser.dev\/\",\"logo\":{\"@type\":\"ImageObject\",\"inLanguage\":\"nl-NL\",\"@id\":\"https:\/\/kuken.alfadyser.dev\/#\/schema\/logo\/image\/\",\"url\":\"https:\/\/kuken.alfadyser.dev\/wp-content\/uploads\/2019\/04\/kuken-logo.png\",\"contentUrl\":\"https:\/\/kuken.alfadyser.dev\/wp-content\/uploads\/2019\/04\/kuken-logo.png\",\"width\":500,\"height\":191,\"caption\":\"Alfa Dyser\"},\"image\":{\"@id\":\"https:\/\/kuken.alfadyser.dev\/#\/schema\/logo\/image\/\"},\"sameAs\":[\"https:\/\/es-es.facebook.com\/alfadyser\/\",\"https:\/\/www.instagram.com\/kuken_appliances\/\"]}]}<\/script>\n<!-- \/ Yoast SEO Premium plugin. -->","yoast_head_json":{"title":"CUIDADO PERSONAL - K\u00fcken gama luxury&quality - Visita sitio web","description":"Gama superior luxury&quality, para la cocina; batidoras, tostadoras, hervidores, cafeteras, freidoras, placas inducci\u00f3n, y para el hogar aspiradores.","robots":{"index":"noindex","follow":"follow","max-snippet":"max-snippet:-1","max-image-preview":"max-image-preview:large","max-video-preview":"max-video-preview:-1"},"og_locale":"nl_NL","og_type":"article","og_title":"CUIDADO PERSONAL","og_description":"Gama superior luxury&quality, para la cocina; batidoras, tostadoras, hervidores, cafeteras, freidoras, placas inducci\u00f3n, y para el hogar aspiradores.","og_url":"https:\/\/kuken.alfadyser.dev\/nl\/cuidado-personal\/","og_site_name":"K\u00fcken","article_publisher":"https:\/\/es-es.facebook.com\/alfadyser\/","article_modified_time":"2025-07-23T07:27:11+00:00","twitter_card":"summary_large_image","schema":{"@context":"https:\/\/schema.org","@graph":[{"@type":"WebPage","@id":"https:\/\/kuken.alfadyser.dev\/cuidado-personal\/","url":"https:\/\/kuken.alfadyser.dev\/cuidado-personal\/","name":"CUIDADO PERSONAL - K\u00fcken gama luxury&quality - Visita sitio web","isPartOf":{"@id":"https:\/\/kuken.alfadyser.dev\/#website"},"datePublished":"2019-07-10T12:07:05+00:00","dateModified":"2025-07-23T07:27:11+00:00","description":"Gama superior luxury&quality, para la cocina; batidoras, tostadoras, hervidores, cafeteras, freidoras, placas inducci\u00f3n, y para el hogar aspiradores.","breadcrumb":{"@id":"https:\/\/kuken.alfadyser.dev\/cuidado-personal\/#breadcrumb"},"inLanguage":"nl-NL","potentialAction":[{"@type":"ReadAction","target":["https:\/\/kuken.alfadyser.dev\/cuidado-personal\/"]}]},{"@type":"BreadcrumbList","@id":"https:\/\/kuken.alfadyser.dev\/cuidado-personal\/#breadcrumb","itemListElement":[{"@type":"ListItem","position":1,"name":"Portada","item":"https:\/\/kuken.alfadyser.dev\/"},{"@type":"ListItem","position":2,"name":"CUIDADO PERSONAL"}]},{"@type":"WebSite","@id":"https:\/\/kuken.alfadyser.dev\/#website","url":"https:\/\/kuken.alfadyser.dev\/","name":"K\u00fcken","description":"Uitgebreid assortiment kleine huishoudelijke apparaten van k\u00fcken","publisher":{"@id":"https:\/\/kuken.alfadyser.dev\/#organization"},"potentialAction":[{"@type":"SearchAction","target":{"@type":"EntryPoint","urlTemplate":"https:\/\/kuken.alfadyser.dev\/?s={search_term_string}"},"query-input":{"@type":"PropertyValueSpecification","valueRequired":true,"valueName":"search_term_string"}}],"inLanguage":"nl-NL"},{"@type":"Organization","@id":"https:\/\/kuken.alfadyser.dev\/#organization","name":"Alpha Dyser","url":"https:\/\/kuken.alfadyser.dev\/","logo":{"@type":"ImageObject","inLanguage":"nl-NL","@id":"https:\/\/kuken.alfadyser.dev\/#\/schema\/logo\/image\/","url":"https:\/\/kuken.alfadyser.dev\/wp-content\/uploads\/2019\/04\/kuken-logo.png","contentUrl":"https:\/\/kuken.alfadyser.dev\/wp-content\/uploads\/2019\/04\/kuken-logo.png","width":500,"height":191,"caption":"Alfa Dyser"},"image":{"@id":"https:\/\/kuken.alfadyser.dev\/#\/schema\/logo\/image\/"},"sameAs":["https:\/\/es-es.facebook.com\/alfadyser\/","https:\/\/www.instagram.com\/kuken_appliances\/"]}]}},"_links":{"self":[{"href":"https:\/\/kuken.alfadyser.dev\/nl\/wp-json\/wp\/v2\/pages\/385","targetHints":{"allow":["GET"]}}],"collection":[{"href":"https:\/\/kuken.alfadyser.dev\/nl\/wp-json\/wp\/v2\/pages"}],"about":[{"href":"https:\/\/kuken.alfadyser.dev\/nl\/wp-json\/wp\/v2\/types\/page"}],"author":[{"embeddable":true,"href":"https:\/\/kuken.alfadyser.dev\/nl\/wp-json\/wp\/v2\/users\/4"}],"replies":[{"embeddable":true,"href":"https:\/\/kuken.alfadyser.dev\/nl\/wp-json\/wp\/v2\/comments?post=385"}],"version-history":[{"count":1,"href":"https:\/\/kuken.alfadyser.dev\/nl\/wp-json\/wp\/v2\/pages\/385\/revisions"}],"predecessor-version":[{"id":12405,"href":"https:\/\/kuken.alfadyser.dev\/nl\/wp-json\/wp\/v2\/pages\/385\/revisions\/12405"}],"wp:attachment":[{"href":"https:\/\/kuken.alfadyser.dev\/nl\/wp-json\/wp\/v2\/media?parent=385"}],"curies":[{"name":"wp","href":"https:\/\/api.w.org\/{rel}","templated":true}]}}