{"id":313,"date":"2019-06-26T11:03:07","date_gmt":"2019-06-26T09:03:07","guid":{"rendered":"https:\/\/kuken.alfadyser.dev\/?page_id=313"},"modified":"2019-06-26T11:03:07","modified_gmt":"2019-06-26T09:03:07","slug":"milieubeleid","status":"publish","type":"page","link":"https:\/\/kuken.alfadyser.dev\/nl\/milieubeleid\/","title":{"rendered":"Milieubeleid"},"content":{"rendered":"<h3>Milieubeleid<\/h3>\n<p>&nbsp;<\/p>\n<p class=\"disclaimer\"><strong>Alfa Dyser S.L.<\/strong>\u00a0beschouwt milieuzorg als een\u00a0<strong>kernwaarde van de bedrijfscultuur<\/strong>. Daarom voert ze haar activiteiten uit op een milieuvriendelijke manier en in overeenstemming met de principes van duurzame ontwikkeling, en zet ze zich resoluut in voor het behoud en het correcte gebruik van de hulpbronnen die ze gebruikt. Om haar milieuverplichtingen na te komen, past Alfa Dyser S.L. de volgende basisprincipes toe, die de basis vormen van haar milieubeleid:<\/p>\n<ul>\n<li class=\"disclaimer\">Als inzet voor milieubescherming,\u00a0<strong>alle milieueffecten identificeren en beoordelen<\/strong>\u00a0uitstoot van onze activiteiten en diensten, met als doel maatregelen te implementeren om deze uitstoot te verminderen, vervuiling te voorkomen, het verbruik van hulpbronnen te minimaliseren en energie-effici\u00ebntie en -besparingen in onze faciliteiten te bevorderen.<\/li>\n<li class=\"disclaimer\">De beveiliging van de\u00a0<strong>naleving van toepasselijke milieuwetten, -voorschriften en -normen<\/strong>en andere eisen die de organisatie onderschrijft en, waar mogelijk, om deze eisen te overtreffen, op voorwaarde dat er een bijbehorend milieuvoordeel is voor het bedrijf of de maatschappij in het algemeen.<\/li>\n<li class=\"disclaimer\"><strong>Neem milieuoverwegingen mee in onze aankoopbeslissingen en het ontwerp van nieuwe producten.<\/strong>We gebruiken deze informatie ook bij de selectie van onze leveranciers en onderaannemers, wanneer dat technologisch mogelijk is, en bij de selectie van onze leveranciers en onderaannemers, wanneer hun activiteiten een impact kunnen hebben op de milieuprestaties van het bedrijf en de planeet.<\/li>\n<li class=\"disclaimer\">De\u00a0<strong>digitaal invoegen van catalogi<\/strong>Het doel is om bij te dragen aan het behoud en de bescherming van het milieu door het gebruik van papier te verminderen en zo het kappen van bomen te voorkomen en het energieverbruik en de CO2-uitstoot te verminderen. Daarom biedt Alfa Dyser, S.L. al haar klanten de mogelijkheid om haar catalogi in elektronisch formaat te ontvangen.<\/li>\n<li class=\"disclaimer\">Een\u00a0<strong>ge\u00efntegreerd beheer van afval dat in het bedrijf wordt geproduceerd<\/strong>Het gebruik van afval met respect voor het milieu, met inbegrip van de juiste scheiding en recycling van afval waar nodig, evenals de juiste tussen- en eindopslag van afval.<\/li>\n<li class=\"disclaimer\">Ontwikkel een\u00a0<strong>evaluatie en voortdurende verbetering van het bestaande milieubeheersysteem<\/strong>\u00a0om het actief en effectief te houden.<\/li>\n<\/ul>\n<p class=\"disclaimer\"><strong>Alfa Dyser, S.L.<\/strong>\u00a0zorgt ervoor dat het beleid op alle niveaus van de organisatie en door de werknemers wordt begrepen door het uit te leggen tijdens personeelsbijeenkomsten en het te verspreiden door verspreiding en publicatie op de website van het bedrijf, zodat ze er actief bij betrokken zijn en zich inzetten voor de uitvoering ervan.<\/p>","protected":false},"excerpt":{"rendered":"<p>Pol\u00edtica medioambiental &nbsp; Alfa Dyser S.L.\u00a0considera el cuidado medioambiental como un\u00a0valor fundamental de su cultura empresarial. Por ello, realiza sus actividades de manera respetuosa con el<span class=\"excerpt-hellip\"> [...]<\/span><\/p>","protected":false},"author":4,"featured_media":0,"parent":0,"menu_order":0,"comment_status":"closed","ping_status":"closed","template":"","meta":{"footnotes":""},"class_list":["post-313","page","type-page","status-publish","hentry"],"yoast_head":"<!-- This site is optimized with the Yoast SEO Premium plugin v24.0 (Yoast SEO v26.5) - https:\/\/yoast.com\/wordpress\/plugins\/seo\/ -->\n<title>Pol\u00edtica medioambiental - K\u00fcken<\/title>\n<meta name=\"robots\" content=\"noindex, follow, max-snippet:-1, max-image-preview:large, max-video-preview:-1\" \/>\n<meta property=\"og:locale\" content=\"nl_NL\" \/>\n<meta property=\"og:type\" content=\"article\" \/>\n<meta property=\"og:title\" content=\"Pol\u00edtica medioambiental\" \/>\n<meta property=\"og:description\" content=\"Pol\u00edtica medioambiental &nbsp; Alfa Dyser S.L.\u00a0considera el cuidado medioambiental como un\u00a0valor fundamental de su cultura empresarial. Por ello, realiza sus actividades de manera respetuosa con el [\u2026]\" \/>\n<meta property=\"og:url\" content=\"https:\/\/kuken.alfadyser.dev\/nl\/milieubeleid\/\" \/>\n<meta property=\"og:site_name\" content=\"K\u00fcken\" \/>\n<meta property=\"article:publisher\" content=\"https:\/\/es-es.facebook.com\/alfadyser\/\" \/>\n<meta name=\"twitter:card\" content=\"summary_large_image\" \/>\n<meta name=\"twitter:label1\" content=\"Geschatte leestijd\" \/>\n\t<meta name=\"twitter:data1\" content=\"2 minuten\" \/>\n<script type=\"application\/ld+json\" class=\"yoast-schema-graph\">{\"@context\":\"https:\/\/schema.org\",\"@graph\":[{\"@type\":\"WebPage\",\"@id\":\"https:\/\/kuken.alfadyser.dev\/politica-medioambiental\/\",\"url\":\"https:\/\/kuken.alfadyser.dev\/politica-medioambiental\/\",\"name\":\"Pol\u00edtica medioambiental - K\u00fcken\",\"isPartOf\":{\"@id\":\"https:\/\/kuken.alfadyser.dev\/#website\"},\"datePublished\":\"2019-06-26T09:03:07+00:00\",\"breadcrumb\":{\"@id\":\"https:\/\/kuken.alfadyser.dev\/politica-medioambiental\/#breadcrumb\"},\"inLanguage\":\"nl-NL\",\"potentialAction\":[{\"@type\":\"ReadAction\",\"target\":[\"https:\/\/kuken.alfadyser.dev\/politica-medioambiental\/\"]}]},{\"@type\":\"BreadcrumbList\",\"@id\":\"https:\/\/kuken.alfadyser.dev\/politica-medioambiental\/#breadcrumb\",\"itemListElement\":[{\"@type\":\"ListItem\",\"position\":1,\"name\":\"Portada\",\"item\":\"https:\/\/kuken.alfadyser.dev\/\"},{\"@type\":\"ListItem\",\"position\":2,\"name\":\"Pol\u00edtica medioambiental\"}]},{\"@type\":\"WebSite\",\"@id\":\"https:\/\/kuken.alfadyser.dev\/#website\",\"url\":\"https:\/\/kuken.alfadyser.dev\/\",\"name\":\"K\u00fcken\",\"description\":\"Amplia gama de peque\u00f1o electrodom\u00e9stico k\u00fcken\",\"publisher\":{\"@id\":\"https:\/\/kuken.alfadyser.dev\/#organization\"},\"potentialAction\":[{\"@type\":\"SearchAction\",\"target\":{\"@type\":\"EntryPoint\",\"urlTemplate\":\"https:\/\/kuken.alfadyser.dev\/?s={search_term_string}\"},\"query-input\":{\"@type\":\"PropertyValueSpecification\",\"valueRequired\":true,\"valueName\":\"search_term_string\"}}],\"inLanguage\":\"nl-NL\"},{\"@type\":\"Organization\",\"@id\":\"https:\/\/kuken.alfadyser.dev\/#organization\",\"name\":\"Alfa Dyser\",\"url\":\"https:\/\/kuken.alfadyser.dev\/\",\"logo\":{\"@type\":\"ImageObject\",\"inLanguage\":\"nl-NL\",\"@id\":\"https:\/\/kuken.alfadyser.dev\/#\/schema\/logo\/image\/\",\"url\":\"https:\/\/kuken.alfadyser.dev\/wp-content\/uploads\/2019\/04\/kuken-logo.png\",\"contentUrl\":\"https:\/\/kuken.alfadyser.dev\/wp-content\/uploads\/2019\/04\/kuken-logo.png\",\"width\":500,\"height\":191,\"caption\":\"Alfa Dyser\"},\"image\":{\"@id\":\"https:\/\/kuken.alfadyser.dev\/#\/schema\/logo\/image\/\"},\"sameAs\":[\"https:\/\/es-es.facebook.com\/alfadyser\/\",\"https:\/\/www.instagram.com\/kuken_appliances\/\"]}]}<\/script>\n<!-- \/ Yoast SEO Premium plugin. -->","yoast_head_json":{"title":"Milieubeleid - K\u00fcken","robots":{"index":"noindex","follow":"follow","max-snippet":"max-snippet:-1","max-image-preview":"max-image-preview:large","max-video-preview":"max-video-preview:-1"},"og_locale":"nl_NL","og_type":"article","og_title":"Pol\u00edtica medioambiental","og_description":"Pol\u00edtica medioambiental &nbsp; Alfa Dyser S.L.\u00a0considera el cuidado medioambiental como un\u00a0valor fundamental de su cultura empresarial. Por ello, realiza sus actividades de manera respetuosa con el [\u2026]","og_url":"https:\/\/kuken.alfadyser.dev\/nl\/milieubeleid\/","og_site_name":"K\u00fcken","article_publisher":"https:\/\/es-es.facebook.com\/alfadyser\/","twitter_card":"summary_large_image","twitter_misc":{"Geschatte leestijd":"2 minuten"},"schema":{"@context":"https:\/\/schema.org","@graph":[{"@type":"WebPage","@id":"https:\/\/kuken.alfadyser.dev\/politica-medioambiental\/","url":"https:\/\/kuken.alfadyser.dev\/politica-medioambiental\/","name":"Milieubeleid - K\u00fcken","isPartOf":{"@id":"https:\/\/kuken.alfadyser.dev\/#website"},"datePublished":"2019-06-26T09:03:07+00:00","breadcrumb":{"@id":"https:\/\/kuken.alfadyser.dev\/politica-medioambiental\/#breadcrumb"},"inLanguage":"nl-NL","potentialAction":[{"@type":"ReadAction","target":["https:\/\/kuken.alfadyser.dev\/politica-medioambiental\/"]}]},{"@type":"BreadcrumbList","@id":"https:\/\/kuken.alfadyser.dev\/politica-medioambiental\/#breadcrumb","itemListElement":[{"@type":"ListItem","position":1,"name":"Portada","item":"https:\/\/kuken.alfadyser.dev\/"},{"@type":"ListItem","position":2,"name":"Pol\u00edtica medioambiental"}]},{"@type":"WebSite","@id":"https:\/\/kuken.alfadyser.dev\/#website","url":"https:\/\/kuken.alfadyser.dev\/","name":"K\u00fcken","description":"Uitgebreid assortiment kleine huishoudelijke apparaten van k\u00fcken","publisher":{"@id":"https:\/\/kuken.alfadyser.dev\/#organization"},"potentialAction":[{"@type":"SearchAction","target":{"@type":"EntryPoint","urlTemplate":"https:\/\/kuken.alfadyser.dev\/?s={search_term_string}"},"query-input":{"@type":"PropertyValueSpecification","valueRequired":true,"valueName":"search_term_string"}}],"inLanguage":"nl-NL"},{"@type":"Organization","@id":"https:\/\/kuken.alfadyser.dev\/#organization","name":"Alpha Dyser","url":"https:\/\/kuken.alfadyser.dev\/","logo":{"@type":"ImageObject","inLanguage":"nl-NL","@id":"https:\/\/kuken.alfadyser.dev\/#\/schema\/logo\/image\/","url":"https:\/\/kuken.alfadyser.dev\/wp-content\/uploads\/2019\/04\/kuken-logo.png","contentUrl":"https:\/\/kuken.alfadyser.dev\/wp-content\/uploads\/2019\/04\/kuken-logo.png","width":500,"height":191,"caption":"Alfa Dyser"},"image":{"@id":"https:\/\/kuken.alfadyser.dev\/#\/schema\/logo\/image\/"},"sameAs":["https:\/\/es-es.facebook.com\/alfadyser\/","https:\/\/www.instagram.com\/kuken_appliances\/"]}]}},"_links":{"self":[{"href":"https:\/\/kuken.alfadyser.dev\/nl\/wp-json\/wp\/v2\/pages\/313","targetHints":{"allow":["GET"]}}],"collection":[{"href":"https:\/\/kuken.alfadyser.dev\/nl\/wp-json\/wp\/v2\/pages"}],"about":[{"href":"https:\/\/kuken.alfadyser.dev\/nl\/wp-json\/wp\/v2\/types\/page"}],"author":[{"embeddable":true,"href":"https:\/\/kuken.alfadyser.dev\/nl\/wp-json\/wp\/v2\/users\/4"}],"replies":[{"embeddable":true,"href":"https:\/\/kuken.alfadyser.dev\/nl\/wp-json\/wp\/v2\/comments?post=313"}],"version-history":[{"count":0,"href":"https:\/\/kuken.alfadyser.dev\/nl\/wp-json\/wp\/v2\/pages\/313\/revisions"}],"wp:attachment":[{"href":"https:\/\/kuken.alfadyser.dev\/nl\/wp-json\/wp\/v2\/media?parent=313"}],"curies":[{"name":"wp","href":"https:\/\/api.w.org\/{rel}","templated":true}]}}