{"id":9380,"date":"2022-10-13T12:51:52","date_gmt":"2022-10-13T10:51:52","guid":{"rendered":"https:\/\/kuken.alfadyser.dev\/?post_type=product&#038;p=9380"},"modified":"2025-07-22T10:54:19","modified_gmt":"2025-07-22T08:54:19","slug":"presse-agrumes-orange-avec-bras-650w-kuken-vintage","status":"publish","type":"product","link":"https:\/\/kuken.alfadyser.dev\/fr\/produit\/presse-agrumes-orange-avec-bras-650w-kuken-vintage\/","title":{"rendered":"PRESSE-AGRUMES ORANGE AVEC BRAS 650W KUKEN VINTAGE"},"content":{"rendered":"<p>PRESSE-AGRUMES ORANGE AVEC BRAS 650W KUKEN VINTAGE<\/p>\n<ul>\n<li data-start=\"939\" data-end=\"1004\">\n<p data-start=\"941\" data-end=\"1004\">Motor de 650W de alta potencia, ideal para uso intensivo.<\/p>\n<\/li>\n<li data-start=\"1005\" data-end=\"1074\">\n<p data-start=\"1007\" data-end=\"1074\">Brazo de presi\u00f3n vintage, extrae el zumo sin esfuerzo manual.<\/p>\n<\/li>\n<li data-start=\"1075\" data-end=\"1156\">\n<p data-start=\"1077\" data-end=\"1156\">Incluye 2 conos desmontables, uno de pl\u00e1stico y otro de acero inoxidable.<\/p>\n<\/li>\n<li data-start=\"1157\" data-end=\"1227\">\n<p data-start=\"1159\" data-end=\"1227\">Adaptable a c\u00edtricos de todos los tama\u00f1os, versatilidad total.<\/p>\n<\/li>\n<li data-start=\"1228\" data-end=\"1295\">\n<p data-start=\"1230\" data-end=\"1295\">Boquilla antigoteo de acero inoxidable, evita salpicaduras.<\/p>\n<\/li>\n<li data-start=\"1296\" data-end=\"1356\">\n<p data-start=\"1298\" data-end=\"1356\">Sistema de extracci\u00f3n continua, m\u00e1s r\u00e1pido y c\u00f3modo.<\/p>\n<\/li>\n<li data-start=\"1357\" data-end=\"1433\">\n<p data-start=\"1359\" data-end=\"1433\">Encendido autom\u00e1tico, se activa al presionar la fruta sobre el cono.<\/p>\n<\/li>\n<li data-start=\"1434\" data-end=\"1499\">\n<p data-start=\"1436\" data-end=\"1499\">Filtro de acero inoxidable, f\u00e1cil de desmontar y limpiar.<\/p>\n<\/li>\n<li data-start=\"1500\" data-end=\"1577\">\n<p data-start=\"1502\" data-end=\"1577\">Cuerpo en acero inoxidable y PC negro, con detalles en verde Vintage.<\/p>\n<\/li>\n<li data-start=\"1578\" data-end=\"1653\">\n<p data-start=\"1580\" data-end=\"1653\">Base con patas antideslizantes, firmeza y estabilidad durante el uso.<\/p>\n<\/li>\n<\/ul>\n<p><div class=\"accordion\"><div class=\"mfn-acc accordion_wrapper  toggle\"><div class=\"question\"><div class=\"title\"><i class=\"icon-plus acc-icon-plus\" aria-hidden=\"true\"><\/i><i class=\"icon-minus acc-icon-minus\" aria-hidden=\"true\"><\/i>Donn\u00e9es du produit<\/div><div class=\"answer\">EAN : 8425160370015<\/p>\n<p>PRESSE-AGRUMES ORANGE AVEC BRAS 650W KUKEN VINTAGE<\/p>\n<p>Unit\u00e9s : 1<br \/>\nCouleur : vert\/acier inoxydable<br \/>\nEmballage : bo\u00eete color\u00e9e<br \/>\nPuissance : 650 W<br \/>\nTension : 230 V<br \/>\nMat\u00e9riau : Acier inoxydable \/ PC<br \/>\nBase antid\u00e9rapante : Oui<br \/>\nD\u00e9tachable : Oui<br \/>\n<\/div><\/div>\n<\/div><\/div>\n<br \/>\n<div class=\"accordion\"><div class=\"mfn-acc accordion_wrapper  toggle\"><div class=\"question\"><div class=\"title\"><i class=\"icon-plus acc-icon-plus\" aria-hidden=\"true\"><\/i><i class=\"icon-minus acc-icon-minus\" aria-hidden=\"true\"><\/i>Accessoires<\/div><div class=\"answer\"><\/div><\/div>\n<\/div><\/div>\n<\/p>\n<div class=\"descargas-producto\" data-wp-editing=\"1\"><img loading=\"lazy\" decoding=\"async\" src=\"\/wp-content\/uploads\/2019\/12\/picto-descarrega.png\" alt=\"t\u00e9l\u00e9charger la fiche technique\" width=\"23\" height=\"16\" \/><a href=\"https:\/\/kuken.alfadyser.dev\/wp-content\/uploads\/8425160370015_ficha_tecnica.pdf\">T\u00e9l\u00e9charger la fiche<\/a><br \/>\n<a href=\"https:\/\/kuken.alfadyser.dev\/wp-content\/uploads\/37001_instrucciones_compressed.pdf\"><img loading=\"lazy\" decoding=\"async\" src=\"\/wp-content\/uploads\/2019\/12\/picto-descarrega.png\" alt=\"t\u00e9l\u00e9charger le manuel d&#039;instructions\" width=\"23\" height=\"16\" \/>T\u00e9l\u00e9charger le manuel<\/a><\/div>\n<div><\/div>\n<div><span style=\"color: #bf2121\">Suivez-nous sur les m\u00e9dias sociaux !<\/span><\/div>\n<div><a href=\"https:\/\/www.instagram.com\/kuken_appliances\/\">https:\/\/www.instagram.com\/kuken_appliances\/<\/a><\/div>\n<p><iframe loading=\"lazy\" title=\"Presse-agrumes K\u00fcken vintage avec bras 160w\" width=\"560\" height=\"315\" src=\"https:\/\/www.youtube.com\/embed\/osWHA3iDb1c?feature=oembed\" frameborder=\"0\" allow=\"accelerometer; autoplay; clipboard-write; encrypted-media; gyroscope; picture-in-picture; web-share\" referrerpolicy=\"strict-origin-when-cross-origin\" allowfullscreen><\/iframe><\/p>","protected":false},"excerpt":{"rendered":"<p data-start=\"610\" data-end=\"761\">Un design vintage, une puissance moderne. Ce presse-agrumes \u00e9lectrique avec bras anti-goutte et bec verseur d\u00e9livre des jus frais, sans effort et sans salir la cuisine.<\/p>\n<blockquote data-start=\"763\" data-end=\"871\">\n<p data-start=\"765\" data-end=\"871\">\n<\/blockquote>","protected":false},"featured_media":9385,"template":"","meta":[],"product_brand":[],"product_cat":[205],"product_tag":[],"class_list":{"0":"post-9380","1":"product","2":"type-product","3":"status-publish","4":"has-post-thumbnail","6":"product_cat-exprimidores","8":"first","9":"instock","10":"product-type-simple"},"yoast_head":"<!-- This site is optimized with the Yoast SEO Premium plugin v24.0 (Yoast SEO v26.5) - https:\/\/yoast.com\/wordpress\/plugins\/seo\/ -->\n<title>EXPRIMIDOR NARANJAS CON BRAZO 650W KUKEN VINTAGE - K\u00fcken<\/title>\n<meta name=\"description\" content=\"Exprimidor de naranjas con brazo 650w k\u00fcken Vintage, gracias a su dise\u00f1o con brazo podr\u00e1s preparar tus zumos con el m\u00ednimo esfuerzo. Desc\u00fabrelo aqu\u00ed.\" \/>\n<meta name=\"robots\" content=\"noindex, follow, max-snippet:-1, max-image-preview:large, max-video-preview:-1\" \/>\n<meta property=\"og:locale\" content=\"fr_FR\" \/>\n<meta property=\"og:type\" content=\"article\" \/>\n<meta property=\"og:title\" content=\"EXPRIMIDOR NARANJAS CON BRAZO 650W KUKEN VINTAGE\" \/>\n<meta property=\"og:description\" content=\"Exprimidor de naranjas con brazo 650w k\u00fcken Vintage, gracias a su dise\u00f1o con brazo podr\u00e1s preparar tus zumos con el m\u00ednimo esfuerzo. Desc\u00fabrelo aqu\u00ed.\" \/>\n<meta property=\"og:url\" content=\"https:\/\/kuken.alfadyser.dev\/fr\/produit\/presse-agrumes-orange-avec-bras-650w-kuken-vintage\/\" \/>\n<meta property=\"og:site_name\" content=\"K\u00fcken\" \/>\n<meta property=\"article:publisher\" content=\"https:\/\/es-es.facebook.com\/alfadyser\/\" \/>\n<meta property=\"article:modified_time\" content=\"2025-07-22T08:54:19+00:00\" \/>\n<meta property=\"og:image\" content=\"https:\/\/kuken.alfadyser.dev\/wp-content\/uploads\/8425160370015_01.jpg\" \/>\n\t<meta property=\"og:image:width\" content=\"2000\" \/>\n\t<meta property=\"og:image:height\" content=\"2000\" \/>\n\t<meta property=\"og:image:type\" content=\"image\/jpeg\" \/>\n<meta name=\"twitter:card\" content=\"summary_large_image\" \/>\n<meta name=\"twitter:label1\" content=\"Prix\" \/>\n\t<meta name=\"twitter:data1\" content=\"\" \/>\n\t<meta name=\"twitter:label2\" content=\"Disponibilit\u00e9\" \/>\n\t<meta name=\"twitter:data2\" content=\"En stock\" \/>\n<script type=\"application\/ld+json\" class=\"yoast-schema-graph\">{\"@context\":\"https:\/\/schema.org\",\"@graph\":[{\"@type\":\"WebPage\",\"@id\":\"https:\/\/kuken.alfadyser.dev\/producto\/exprimidor-naranjas-con-brazo-650w-kuken-vintage\/\",\"url\":\"https:\/\/kuken.alfadyser.dev\/producto\/exprimidor-naranjas-con-brazo-650w-kuken-vintage\/\",\"name\":\"EXPRIMIDOR NARANJAS CON BRAZO 650W KUKEN VINTAGE - K\u00fcken\",\"isPartOf\":{\"@id\":\"https:\/\/kuken.alfadyser.dev\/#website\"},\"primaryImageOfPage\":{\"@id\":\"https:\/\/kuken.alfadyser.dev\/producto\/exprimidor-naranjas-con-brazo-650w-kuken-vintage\/#primaryimage\"},\"image\":{\"@id\":\"https:\/\/kuken.alfadyser.dev\/producto\/exprimidor-naranjas-con-brazo-650w-kuken-vintage\/#primaryimage\"},\"thumbnailUrl\":\"https:\/\/kuken.alfadyser.dev\/wp-content\/uploads\/8425160370015_01.jpg\",\"datePublished\":\"2022-10-13T10:51:52+00:00\",\"dateModified\":\"2025-07-22T08:54:19+00:00\",\"description\":\"Exprimidor de naranjas con brazo 650w k\u00fcken Vintage, gracias a su dise\u00f1o con brazo podr\u00e1s preparar tus zumos con el m\u00ednimo esfuerzo. Desc\u00fabrelo aqu\u00ed.\",\"breadcrumb\":{\"@id\":\"https:\/\/kuken.alfadyser.dev\/producto\/exprimidor-naranjas-con-brazo-650w-kuken-vintage\/#breadcrumb\"},\"inLanguage\":\"fr-FR\",\"potentialAction\":[{\"@type\":\"ReadAction\",\"target\":[\"https:\/\/kuken.alfadyser.dev\/producto\/exprimidor-naranjas-con-brazo-650w-kuken-vintage\/\"]}]},{\"@type\":\"ImageObject\",\"inLanguage\":\"fr-FR\",\"@id\":\"https:\/\/kuken.alfadyser.dev\/producto\/exprimidor-naranjas-con-brazo-650w-kuken-vintage\/#primaryimage\",\"url\":\"https:\/\/kuken.alfadyser.dev\/wp-content\/uploads\/8425160370015_01.jpg\",\"contentUrl\":\"https:\/\/kuken.alfadyser.dev\/wp-content\/uploads\/8425160370015_01.jpg\",\"width\":2000,\"height\":2000},{\"@type\":\"BreadcrumbList\",\"@id\":\"https:\/\/kuken.alfadyser.dev\/producto\/exprimidor-naranjas-con-brazo-650w-kuken-vintage\/#breadcrumb\",\"itemListElement\":[{\"@type\":\"ListItem\",\"position\":1,\"name\":\"Portada\",\"item\":\"https:\/\/kuken.alfadyser.dev\/\"},{\"@type\":\"ListItem\",\"position\":2,\"name\":\"Productos\",\"item\":\"https:\/\/kuken.alfadyser.dev\/productos\/\"},{\"@type\":\"ListItem\",\"position\":3,\"name\":\"EXPRIMIDOR NARANJAS CON BRAZO 650W KUKEN VINTAGE\"}]},{\"@type\":\"WebSite\",\"@id\":\"https:\/\/kuken.alfadyser.dev\/#website\",\"url\":\"https:\/\/kuken.alfadyser.dev\/\",\"name\":\"K\u00fcken\",\"description\":\"Amplia gama de peque\u00f1o electrodom\u00e9stico k\u00fcken\",\"publisher\":{\"@id\":\"https:\/\/kuken.alfadyser.dev\/#organization\"},\"potentialAction\":[{\"@type\":\"SearchAction\",\"target\":{\"@type\":\"EntryPoint\",\"urlTemplate\":\"https:\/\/kuken.alfadyser.dev\/?s={search_term_string}\"},\"query-input\":{\"@type\":\"PropertyValueSpecification\",\"valueRequired\":true,\"valueName\":\"search_term_string\"}}],\"inLanguage\":\"fr-FR\"},{\"@type\":\"Organization\",\"@id\":\"https:\/\/kuken.alfadyser.dev\/#organization\",\"name\":\"Alfa Dyser\",\"url\":\"https:\/\/kuken.alfadyser.dev\/\",\"logo\":{\"@type\":\"ImageObject\",\"inLanguage\":\"fr-FR\",\"@id\":\"https:\/\/kuken.alfadyser.dev\/#\/schema\/logo\/image\/\",\"url\":\"https:\/\/kuken.alfadyser.dev\/wp-content\/uploads\/2019\/04\/kuken-logo.png\",\"contentUrl\":\"https:\/\/kuken.alfadyser.dev\/wp-content\/uploads\/2019\/04\/kuken-logo.png\",\"width\":500,\"height\":191,\"caption\":\"Alfa Dyser\"},\"image\":{\"@id\":\"https:\/\/kuken.alfadyser.dev\/#\/schema\/logo\/image\/\"},\"sameAs\":[\"https:\/\/es-es.facebook.com\/alfadyser\/\",\"https:\/\/www.instagram.com\/kuken_appliances\/\"]}]}<\/script>\n<meta property=\"product:price:currency\" content=\"EUR\" \/>\n<meta property=\"og:availability\" content=\"instock\" \/>\n<meta property=\"product:availability\" content=\"instock\" \/>\n<meta property=\"product:retailer_item_id\" content=\"37001\" \/>\n<meta property=\"product:condition\" content=\"new\" \/>\n<!-- \/ Yoast SEO Premium plugin. -->","yoast_head_json":{"title":"PRESSE-AGRUMES ORANGE AVEC BRAS 650W KUKEN VINTAGE - K\u00fcken","description":"650w k\u00fcken Vintage orange juicer with arm, gr\u00e2ce \u00e0 son design avec bras vous pourrez pr\u00e9parer vos jus avec un minimum d'effort. D\u00e9couvrez-le ici.","robots":{"index":"noindex","follow":"follow","max-snippet":"max-snippet:-1","max-image-preview":"max-image-preview:large","max-video-preview":"max-video-preview:-1"},"og_locale":"fr_FR","og_type":"article","og_title":"EXPRIMIDOR NARANJAS CON BRAZO 650W KUKEN VINTAGE","og_description":"Exprimidor de naranjas con brazo 650w k\u00fcken Vintage, gracias a su dise\u00f1o con brazo podr\u00e1s preparar tus zumos con el m\u00ednimo esfuerzo. Desc\u00fabrelo aqu\u00ed.","og_url":"https:\/\/kuken.alfadyser.dev\/fr\/produit\/presse-agrumes-orange-avec-bras-650w-kuken-vintage\/","og_site_name":"K\u00fcken","article_publisher":"https:\/\/es-es.facebook.com\/alfadyser\/","article_modified_time":"2025-07-22T08:54:19+00:00","og_image":[{"width":2000,"height":2000,"url":"https:\/\/kuken.alfadyser.dev\/wp-content\/uploads\/8425160370015_01.jpg","type":"image\/jpeg"}],"twitter_card":"summary_large_image","twitter_misc":{"Prix":"","Disponibilit\u00e9":"En stock"},"schema":{"@context":"https:\/\/schema.org","@graph":[{"@type":"WebPage","@id":"https:\/\/kuken.alfadyser.dev\/producto\/exprimidor-naranjas-con-brazo-650w-kuken-vintage\/","url":"https:\/\/kuken.alfadyser.dev\/producto\/exprimidor-naranjas-con-brazo-650w-kuken-vintage\/","name":"PRESSE-AGRUMES ORANGE AVEC BRAS 650W KUKEN VINTAGE - K\u00fcken","isPartOf":{"@id":"https:\/\/kuken.alfadyser.dev\/#website"},"primaryImageOfPage":{"@id":"https:\/\/kuken.alfadyser.dev\/producto\/exprimidor-naranjas-con-brazo-650w-kuken-vintage\/#primaryimage"},"image":{"@id":"https:\/\/kuken.alfadyser.dev\/producto\/exprimidor-naranjas-con-brazo-650w-kuken-vintage\/#primaryimage"},"thumbnailUrl":"https:\/\/kuken.alfadyser.dev\/wp-content\/uploads\/8425160370015_01.jpg","datePublished":"2022-10-13T10:51:52+00:00","dateModified":"2025-07-22T08:54:19+00:00","description":"650w k\u00fcken Vintage orange juicer with arm, gr\u00e2ce \u00e0 son design avec bras vous pourrez pr\u00e9parer vos jus avec un minimum d'effort. D\u00e9couvrez-le ici.","breadcrumb":{"@id":"https:\/\/kuken.alfadyser.dev\/producto\/exprimidor-naranjas-con-brazo-650w-kuken-vintage\/#breadcrumb"},"inLanguage":"fr-FR","potentialAction":[{"@type":"ReadAction","target":["https:\/\/kuken.alfadyser.dev\/producto\/exprimidor-naranjas-con-brazo-650w-kuken-vintage\/"]}]},{"@type":"ImageObject","inLanguage":"fr-FR","@id":"https:\/\/kuken.alfadyser.dev\/producto\/exprimidor-naranjas-con-brazo-650w-kuken-vintage\/#primaryimage","url":"https:\/\/kuken.alfadyser.dev\/wp-content\/uploads\/8425160370015_01.jpg","contentUrl":"https:\/\/kuken.alfadyser.dev\/wp-content\/uploads\/8425160370015_01.jpg","width":2000,"height":2000},{"@type":"BreadcrumbList","@id":"https:\/\/kuken.alfadyser.dev\/producto\/exprimidor-naranjas-con-brazo-650w-kuken-vintage\/#breadcrumb","itemListElement":[{"@type":"ListItem","position":1,"name":"Portada","item":"https:\/\/kuken.alfadyser.dev\/"},{"@type":"ListItem","position":2,"name":"Productos","item":"https:\/\/kuken.alfadyser.dev\/productos\/"},{"@type":"ListItem","position":3,"name":"EXPRIMIDOR NARANJAS CON BRAZO 650W KUKEN VINTAGE"}]},{"@type":"WebSite","@id":"https:\/\/kuken.alfadyser.dev\/#website","url":"https:\/\/kuken.alfadyser.dev\/","name":"K\u00fcken","description":"Large gamme de petits appareils m\u00e9nagers k\u00fcken","publisher":{"@id":"https:\/\/kuken.alfadyser.dev\/#organization"},"potentialAction":[{"@type":"SearchAction","target":{"@type":"EntryPoint","urlTemplate":"https:\/\/kuken.alfadyser.dev\/?s={search_term_string}"},"query-input":{"@type":"PropertyValueSpecification","valueRequired":true,"valueName":"search_term_string"}}],"inLanguage":"fr-FR"},{"@type":"Organization","@id":"https:\/\/kuken.alfadyser.dev\/#organization","name":"Alpha Dyser","url":"https:\/\/kuken.alfadyser.dev\/","logo":{"@type":"ImageObject","inLanguage":"fr-FR","@id":"https:\/\/kuken.alfadyser.dev\/#\/schema\/logo\/image\/","url":"https:\/\/kuken.alfadyser.dev\/wp-content\/uploads\/2019\/04\/kuken-logo.png","contentUrl":"https:\/\/kuken.alfadyser.dev\/wp-content\/uploads\/2019\/04\/kuken-logo.png","width":500,"height":191,"caption":"Alfa Dyser"},"image":{"@id":"https:\/\/kuken.alfadyser.dev\/#\/schema\/logo\/image\/"},"sameAs":["https:\/\/es-es.facebook.com\/alfadyser\/","https:\/\/www.instagram.com\/kuken_appliances\/"]}]},"product_price_currency":"EUR","og_availability":"instock","product_availability":"instock","product_retailer_item_id":"37001","product_condition":"new"},"_links":{"self":[{"href":"https:\/\/kuken.alfadyser.dev\/fr\/wp-json\/wp\/v2\/product\/9380","targetHints":{"allow":["GET"]}}],"collection":[{"href":"https:\/\/kuken.alfadyser.dev\/fr\/wp-json\/wp\/v2\/product"}],"about":[{"href":"https:\/\/kuken.alfadyser.dev\/fr\/wp-json\/wp\/v2\/types\/product"}],"wp:featuredmedia":[{"embeddable":true,"href":"https:\/\/kuken.alfadyser.dev\/fr\/wp-json\/wp\/v2\/media\/9385"}],"wp:attachment":[{"href":"https:\/\/kuken.alfadyser.dev\/fr\/wp-json\/wp\/v2\/media?parent=9380"}],"wp:term":[{"taxonomy":"product_brand","embeddable":true,"href":"https:\/\/kuken.alfadyser.dev\/fr\/wp-json\/wp\/v2\/product_brand?post=9380"},{"taxonomy":"product_cat","embeddable":true,"href":"https:\/\/kuken.alfadyser.dev\/fr\/wp-json\/wp\/v2\/product_cat?post=9380"},{"taxonomy":"product_tag","embeddable":true,"href":"https:\/\/kuken.alfadyser.dev\/fr\/wp-json\/wp\/v2\/product_tag?post=9380"}],"curies":[{"name":"wp","href":"https:\/\/api.w.org\/{rel}","templated":true}]}}