{"id":7862,"date":"2021-10-29T10:55:36","date_gmt":"2021-10-29T08:55:36","guid":{"rendered":"https:\/\/kuken.alfadyser.dev\/?post_type=product&#038;p=7862"},"modified":"2025-07-22T11:21:21","modified_gmt":"2025-07-22T09:21:21","slug":"freidora-sin-aceite-kuken","status":"publish","type":"product","link":"https:\/\/kuken.alfadyser.dev\/fr\/produit\/freidora-sin-aceite-kuken\/","title":{"rendered":"FRITEUSE SANS HUILE KUKEN"},"content":{"rendered":"<p>FRITEUSE SANS HUILE KUKEN<\/p>\n<ul data-start=\"781\" data-end=\"1618\">\n<li data-start=\"781\" data-end=\"862\">\n<p data-start=\"783\" data-end=\"862\">Pantalla t\u00e1ctil para controlar f\u00e1cilmente el tiempo y la temperatura.<\/p>\n<\/li>\n<li data-start=\"863\" data-end=\"949\">\n<p data-start=\"865\" data-end=\"949\">Incluye 6 programas preinstalados, facilita la preparaci\u00f3n de platos variados.<\/p>\n<\/li>\n<li data-start=\"950\" data-end=\"1010\">\n<p data-start=\"952\" data-end=\"1010\">Dise\u00f1o elegante en color negro, moderno y funcional.<\/p>\n<\/li>\n<li data-start=\"1011\" data-end=\"1095\">\n<p data-start=\"1013\" data-end=\"1095\">Capacidad de 2 litros, ideal para raciones individuales o peque\u00f1as familias.<\/p>\n<\/li>\n<li data-start=\"1096\" data-end=\"1167\">\n<p data-start=\"1098\" data-end=\"1167\">Cestillo y rejilla antiadherentes, aptos para lavavajillas.<\/p>\n<\/li>\n<li data-start=\"1168\" data-end=\"1236\">\n<p data-start=\"1170\" data-end=\"1236\">Termostato ajustable de 80 \u00baC a 200 \u00baC, seg\u00fan la receta.<\/p>\n<\/li>\n<li data-start=\"1237\" data-end=\"1322\">\n<p data-start=\"1239\" data-end=\"1322\">Temporizador autom\u00e1tico, apaga la freidora al alcanzar el tiempo establecido.<\/p>\n<\/li>\n<li data-start=\"1323\" data-end=\"1400\">\n<p data-start=\"1325\" data-end=\"1400\">Cocina sin olores ni residuos, promoviendo una alimentaci\u00f3n m\u00e1s sana.<\/p>\n<\/li>\n<li data-start=\"1401\" data-end=\"1464\">\n<p data-start=\"1403\" data-end=\"1464\">Base con patas antideslizantes, para mayor estabilidad.<\/p>\n<\/li>\n<li data-start=\"1465\" data-end=\"1519\">\n<p data-start=\"1467\" data-end=\"1519\">Dimensiones compactas: \u00f821 cm x 27 cm de alto.<\/p>\n<\/li>\n<li data-start=\"1520\" data-end=\"1618\">\n<p data-start=\"1522\" data-end=\"1618\">Tecnolog\u00eda de convecci\u00f3n de aire caliente, cocina sin grasas conservando sabor y nutrientes.<\/p>\n<\/li>\n<\/ul>\n<p>&nbsp;<\/p>\n<p><div class=\"accordion\"><div class=\"mfn-acc accordion_wrapper  toggle\"><div class=\"question\"><div class=\"title\"><i class=\"icon-plus acc-icon-plus\" aria-hidden=\"true\"><\/i><i class=\"icon-minus acc-icon-minus\" aria-hidden=\"true\"><\/i>Donn\u00e9es du produit<\/div><div class=\"answer\">EAN 8425160394745<\/p>\n<p>FRITEUSE SANS HUILE KUKEN<\/p>\n<p>Unit\u00e9 d'emballage 1<br \/>\nCouleur Noir<br \/>\nEmballage Bo\u00eete color\u00e9e<br \/>\nPotencia 1000 W<br \/>\nTension 230 V<br \/>\nCapacidad 2 Litros.<br \/>\nMat\u00e9riau PC tr\u00e8s r\u00e9sistant.<br \/>\nD\u00e9tachable Oui<br \/>\nPieds antid\u00e9rapants Oui<\/div><\/div>\n<\/div><\/div>\n<br \/>\n<div class=\"accordion\"><div class=\"mfn-acc accordion_wrapper  toggle\"><div class=\"question\"><div class=\"title\"><i class=\"icon-plus acc-icon-plus\" aria-hidden=\"true\"><\/i><i class=\"icon-minus acc-icon-minus\" aria-hidden=\"true\"><\/i>Accessoires<\/div><div class=\"answer\"><\/div><\/div>\n<\/div><\/div>\n<\/p>\n<div class=\"descargas-producto\"><a href=\"https:\/\/kuken.alfadyser.dev\/wp-content\/uploads\/pdf\/8425160394745_ficha_tecnica.pdf\"><img loading=\"lazy\" decoding=\"async\" src=\"\/wp-content\/uploads\/2019\/12\/picto-descarrega.png\" alt=\"t\u00e9l\u00e9charger la fiche technique\" width=\"23\" height=\"16\" \/>T\u00e9l\u00e9charger la fiche<\/a><br \/>\n<a href=\"\/wp-content\/uploads\/pdf\/39474_instruction_manual.pdf\"><img loading=\"lazy\" decoding=\"async\" src=\"\/wp-content\/uploads\/2019\/12\/picto-descarrega.png\" alt=\"t\u00e9l\u00e9charger le manuel d&#039;instructions\" width=\"23\" height=\"16\" \/>T\u00e9l\u00e9charger le manuel<\/a><\/div>\n<div><\/div>\n<div><span style=\"color: #bf2121\">Suivez-nous sur les m\u00e9dias sociaux !<\/span><\/div>\n<div><a href=\"https:\/\/www.instagram.com\/kuken_appliances\/\">https:\/\/www.instagram.com\/kuken_appliances\/<\/a><\/div>\n<p><iframe loading=\"lazy\" title=\"Freidora k\u00fcken sin aceite\" width=\"560\" height=\"315\" src=\"https:\/\/www.youtube.com\/embed\/HVZxrf_AfQk?feature=oembed\" frameborder=\"0\" allow=\"accelerometer; autoplay; clipboard-write; encrypted-media; gyroscope; picture-in-picture; web-share\" referrerpolicy=\"strict-origin-when-cross-origin\" allowfullscreen><\/iframe><\/p>","protected":false},"excerpt":{"rendered":"<p data-start=\"486\" data-end=\"620\">Una opci\u00f3n pr\u00e1ctica y saludable para tu cocina: sin olores ni residuos, con programas preinstalados, control t\u00e1ctil y dise\u00f1o compacto.<\/p>\n<p data-start=\"622\" data-end=\"713\">","protected":false},"featured_media":7865,"template":"","meta":[],"product_brand":[],"product_cat":[197],"product_tag":[],"class_list":{"0":"post-7862","1":"product","2":"type-product","3":"status-publish","4":"has-post-thumbnail","6":"product_cat-freidoras","8":"first","9":"instock","10":"shipping-taxable","11":"product-type-simple"},"yoast_head":"<!-- This site is optimized with the Yoast SEO Premium plugin v24.0 (Yoast SEO v26.5) - https:\/\/yoast.com\/wordpress\/plugins\/seo\/ -->\n<title>FREIDORA SIN ACEITE KUKEN - K\u00fcken<\/title>\n<meta name=\"description\" content=\"Freidora sin aceite K\u00fcken con pantalla t\u00e1ctil para regular el tiempo y la temperatura. 6 programas gu\u00eda preinstalados. Visita Kuken.es\" \/>\n<meta name=\"robots\" content=\"noindex, follow, max-snippet:-1, max-image-preview:large, max-video-preview:-1\" \/>\n<meta property=\"og:locale\" content=\"fr_FR\" \/>\n<meta property=\"og:type\" content=\"article\" \/>\n<meta property=\"og:title\" content=\"FREIDORA SIN ACEITE KUKEN\" \/>\n<meta property=\"og:description\" content=\"Freidora sin aceite K\u00fcken con pantalla t\u00e1ctil para regular el tiempo y la temperatura. 6 programas gu\u00eda preinstalados. Visita Kuken.es\" \/>\n<meta property=\"og:url\" content=\"https:\/\/kuken.alfadyser.dev\/fr\/produit\/freidora-sin-aceite-kuken\/\" \/>\n<meta property=\"og:site_name\" content=\"K\u00fcken\" \/>\n<meta property=\"article:publisher\" content=\"https:\/\/es-es.facebook.com\/alfadyser\/\" \/>\n<meta property=\"article:modified_time\" content=\"2025-07-22T09:21:21+00:00\" \/>\n<meta property=\"og:image\" content=\"https:\/\/kuken.alfadyser.dev\/wp-content\/uploads\/8425160394745_01.jpg\" \/>\n\t<meta property=\"og:image:width\" content=\"2000\" \/>\n\t<meta property=\"og:image:height\" content=\"2000\" \/>\n\t<meta property=\"og:image:type\" content=\"image\/jpeg\" \/>\n<meta name=\"twitter:card\" content=\"summary_large_image\" \/>\n<meta name=\"twitter:label1\" content=\"Prix\" \/>\n\t<meta name=\"twitter:data1\" content=\"\" \/>\n\t<meta name=\"twitter:label2\" content=\"Disponibilit\u00e9\" \/>\n\t<meta name=\"twitter:data2\" content=\"En stock\" \/>\n<script type=\"application\/ld+json\" class=\"yoast-schema-graph\">{\"@context\":\"https:\/\/schema.org\",\"@graph\":[{\"@type\":\"WebPage\",\"@id\":\"https:\/\/kuken.alfadyser.dev\/producto\/freidora-sin-aceite-kuken\/\",\"url\":\"https:\/\/kuken.alfadyser.dev\/producto\/freidora-sin-aceite-kuken\/\",\"name\":\"FREIDORA SIN ACEITE KUKEN - K\u00fcken\",\"isPartOf\":{\"@id\":\"https:\/\/kuken.alfadyser.dev\/#website\"},\"primaryImageOfPage\":{\"@id\":\"https:\/\/kuken.alfadyser.dev\/producto\/freidora-sin-aceite-kuken\/#primaryimage\"},\"image\":{\"@id\":\"https:\/\/kuken.alfadyser.dev\/producto\/freidora-sin-aceite-kuken\/#primaryimage\"},\"thumbnailUrl\":\"https:\/\/kuken.alfadyser.dev\/wp-content\/uploads\/8425160394745_01.jpg\",\"datePublished\":\"2021-10-29T08:55:36+00:00\",\"dateModified\":\"2025-07-22T09:21:21+00:00\",\"description\":\"Freidora sin aceite K\u00fcken con pantalla t\u00e1ctil para regular el tiempo y la temperatura. 6 programas gu\u00eda preinstalados. Visita Kuken.es\",\"breadcrumb\":{\"@id\":\"https:\/\/kuken.alfadyser.dev\/producto\/freidora-sin-aceite-kuken\/#breadcrumb\"},\"inLanguage\":\"fr-FR\",\"potentialAction\":[{\"@type\":\"ReadAction\",\"target\":[\"https:\/\/kuken.alfadyser.dev\/producto\/freidora-sin-aceite-kuken\/\"]}]},{\"@type\":\"ImageObject\",\"inLanguage\":\"fr-FR\",\"@id\":\"https:\/\/kuken.alfadyser.dev\/producto\/freidora-sin-aceite-kuken\/#primaryimage\",\"url\":\"https:\/\/kuken.alfadyser.dev\/wp-content\/uploads\/8425160394745_01.jpg\",\"contentUrl\":\"https:\/\/kuken.alfadyser.dev\/wp-content\/uploads\/8425160394745_01.jpg\",\"width\":2000,\"height\":2000,\"caption\":\"Freidora sin aceite de 1000w con pantalla t\u00e1ctil\"},{\"@type\":\"BreadcrumbList\",\"@id\":\"https:\/\/kuken.alfadyser.dev\/producto\/freidora-sin-aceite-kuken\/#breadcrumb\",\"itemListElement\":[{\"@type\":\"ListItem\",\"position\":1,\"name\":\"Portada\",\"item\":\"https:\/\/kuken.alfadyser.dev\/\"},{\"@type\":\"ListItem\",\"position\":2,\"name\":\"Productos\",\"item\":\"https:\/\/kuken.alfadyser.dev\/productos\/\"},{\"@type\":\"ListItem\",\"position\":3,\"name\":\"FREIDORA SIN ACEITE KUKEN\"}]},{\"@type\":\"WebSite\",\"@id\":\"https:\/\/kuken.alfadyser.dev\/#website\",\"url\":\"https:\/\/kuken.alfadyser.dev\/\",\"name\":\"K\u00fcken\",\"description\":\"Amplia gama de peque\u00f1o electrodom\u00e9stico k\u00fcken\",\"publisher\":{\"@id\":\"https:\/\/kuken.alfadyser.dev\/#organization\"},\"potentialAction\":[{\"@type\":\"SearchAction\",\"target\":{\"@type\":\"EntryPoint\",\"urlTemplate\":\"https:\/\/kuken.alfadyser.dev\/?s={search_term_string}\"},\"query-input\":{\"@type\":\"PropertyValueSpecification\",\"valueRequired\":true,\"valueName\":\"search_term_string\"}}],\"inLanguage\":\"fr-FR\"},{\"@type\":\"Organization\",\"@id\":\"https:\/\/kuken.alfadyser.dev\/#organization\",\"name\":\"Alfa Dyser\",\"url\":\"https:\/\/kuken.alfadyser.dev\/\",\"logo\":{\"@type\":\"ImageObject\",\"inLanguage\":\"fr-FR\",\"@id\":\"https:\/\/kuken.alfadyser.dev\/#\/schema\/logo\/image\/\",\"url\":\"https:\/\/kuken.alfadyser.dev\/wp-content\/uploads\/2019\/04\/kuken-logo.png\",\"contentUrl\":\"https:\/\/kuken.alfadyser.dev\/wp-content\/uploads\/2019\/04\/kuken-logo.png\",\"width\":500,\"height\":191,\"caption\":\"Alfa Dyser\"},\"image\":{\"@id\":\"https:\/\/kuken.alfadyser.dev\/#\/schema\/logo\/image\/\"},\"sameAs\":[\"https:\/\/es-es.facebook.com\/alfadyser\/\",\"https:\/\/www.instagram.com\/kuken_appliances\/\"]}]}<\/script>\n<meta property=\"product:price:currency\" content=\"EUR\" \/>\n<meta property=\"og:availability\" content=\"instock\" \/>\n<meta property=\"product:availability\" content=\"instock\" \/>\n<meta property=\"product:retailer_item_id\" content=\"39474\" \/>\n<meta property=\"product:condition\" content=\"new\" \/>\n<!-- \/ Yoast SEO Premium plugin. -->","yoast_head_json":{"title":"FREIDORA SIN ACEITE KUKEN - K\u00fcken","description":"Freidora sin aceite K\u00fcken con pantalla t\u00e1ctil para regular el tiempo y la temperatura. 6 programas gu\u00eda preinstalados. Visita Kuken.es","robots":{"index":"noindex","follow":"follow","max-snippet":"max-snippet:-1","max-image-preview":"max-image-preview:large","max-video-preview":"max-video-preview:-1"},"og_locale":"fr_FR","og_type":"article","og_title":"FREIDORA SIN ACEITE KUKEN","og_description":"Freidora sin aceite K\u00fcken con pantalla t\u00e1ctil para regular el tiempo y la temperatura. 6 programas gu\u00eda preinstalados. Visita Kuken.es","og_url":"https:\/\/kuken.alfadyser.dev\/fr\/produit\/freidora-sin-aceite-kuken\/","og_site_name":"K\u00fcken","article_publisher":"https:\/\/es-es.facebook.com\/alfadyser\/","article_modified_time":"2025-07-22T09:21:21+00:00","og_image":[{"width":2000,"height":2000,"url":"https:\/\/kuken.alfadyser.dev\/wp-content\/uploads\/8425160394745_01.jpg","type":"image\/jpeg"}],"twitter_card":"summary_large_image","twitter_misc":{"Prix":"","Disponibilit\u00e9":"En stock"},"schema":{"@context":"https:\/\/schema.org","@graph":[{"@type":"WebPage","@id":"https:\/\/kuken.alfadyser.dev\/producto\/freidora-sin-aceite-kuken\/","url":"https:\/\/kuken.alfadyser.dev\/producto\/freidora-sin-aceite-kuken\/","name":"FREIDORA SIN ACEITE KUKEN - K\u00fcken","isPartOf":{"@id":"https:\/\/kuken.alfadyser.dev\/#website"},"primaryImageOfPage":{"@id":"https:\/\/kuken.alfadyser.dev\/producto\/freidora-sin-aceite-kuken\/#primaryimage"},"image":{"@id":"https:\/\/kuken.alfadyser.dev\/producto\/freidora-sin-aceite-kuken\/#primaryimage"},"thumbnailUrl":"https:\/\/kuken.alfadyser.dev\/wp-content\/uploads\/8425160394745_01.jpg","datePublished":"2021-10-29T08:55:36+00:00","dateModified":"2025-07-22T09:21:21+00:00","description":"Freidora sin aceite K\u00fcken con pantalla t\u00e1ctil para regular el tiempo y la temperatura. 6 programas gu\u00eda preinstalados. Visita Kuken.es","breadcrumb":{"@id":"https:\/\/kuken.alfadyser.dev\/producto\/freidora-sin-aceite-kuken\/#breadcrumb"},"inLanguage":"fr-FR","potentialAction":[{"@type":"ReadAction","target":["https:\/\/kuken.alfadyser.dev\/producto\/freidora-sin-aceite-kuken\/"]}]},{"@type":"ImageObject","inLanguage":"fr-FR","@id":"https:\/\/kuken.alfadyser.dev\/producto\/freidora-sin-aceite-kuken\/#primaryimage","url":"https:\/\/kuken.alfadyser.dev\/wp-content\/uploads\/8425160394745_01.jpg","contentUrl":"https:\/\/kuken.alfadyser.dev\/wp-content\/uploads\/8425160394745_01.jpg","width":2000,"height":2000,"caption":"Freidora sin aceite de 1000w con pantalla t\u00e1ctil"},{"@type":"BreadcrumbList","@id":"https:\/\/kuken.alfadyser.dev\/producto\/freidora-sin-aceite-kuken\/#breadcrumb","itemListElement":[{"@type":"ListItem","position":1,"name":"Portada","item":"https:\/\/kuken.alfadyser.dev\/"},{"@type":"ListItem","position":2,"name":"Productos","item":"https:\/\/kuken.alfadyser.dev\/productos\/"},{"@type":"ListItem","position":3,"name":"FREIDORA SIN ACEITE KUKEN"}]},{"@type":"WebSite","@id":"https:\/\/kuken.alfadyser.dev\/#website","url":"https:\/\/kuken.alfadyser.dev\/","name":"K\u00fcken","description":"Large gamme de petits appareils m\u00e9nagers k\u00fcken","publisher":{"@id":"https:\/\/kuken.alfadyser.dev\/#organization"},"potentialAction":[{"@type":"SearchAction","target":{"@type":"EntryPoint","urlTemplate":"https:\/\/kuken.alfadyser.dev\/?s={search_term_string}"},"query-input":{"@type":"PropertyValueSpecification","valueRequired":true,"valueName":"search_term_string"}}],"inLanguage":"fr-FR"},{"@type":"Organization","@id":"https:\/\/kuken.alfadyser.dev\/#organization","name":"Alpha Dyser","url":"https:\/\/kuken.alfadyser.dev\/","logo":{"@type":"ImageObject","inLanguage":"fr-FR","@id":"https:\/\/kuken.alfadyser.dev\/#\/schema\/logo\/image\/","url":"https:\/\/kuken.alfadyser.dev\/wp-content\/uploads\/2019\/04\/kuken-logo.png","contentUrl":"https:\/\/kuken.alfadyser.dev\/wp-content\/uploads\/2019\/04\/kuken-logo.png","width":500,"height":191,"caption":"Alfa Dyser"},"image":{"@id":"https:\/\/kuken.alfadyser.dev\/#\/schema\/logo\/image\/"},"sameAs":["https:\/\/es-es.facebook.com\/alfadyser\/","https:\/\/www.instagram.com\/kuken_appliances\/"]}]},"product_price_currency":"EUR","og_availability":"instock","product_availability":"instock","product_retailer_item_id":"39474","product_condition":"new"},"_links":{"self":[{"href":"https:\/\/kuken.alfadyser.dev\/fr\/wp-json\/wp\/v2\/product\/7862","targetHints":{"allow":["GET"]}}],"collection":[{"href":"https:\/\/kuken.alfadyser.dev\/fr\/wp-json\/wp\/v2\/product"}],"about":[{"href":"https:\/\/kuken.alfadyser.dev\/fr\/wp-json\/wp\/v2\/types\/product"}],"wp:featuredmedia":[{"embeddable":true,"href":"https:\/\/kuken.alfadyser.dev\/fr\/wp-json\/wp\/v2\/media\/7865"}],"wp:attachment":[{"href":"https:\/\/kuken.alfadyser.dev\/fr\/wp-json\/wp\/v2\/media?parent=7862"}],"wp:term":[{"taxonomy":"product_brand","embeddable":true,"href":"https:\/\/kuken.alfadyser.dev\/fr\/wp-json\/wp\/v2\/product_brand?post=7862"},{"taxonomy":"product_cat","embeddable":true,"href":"https:\/\/kuken.alfadyser.dev\/fr\/wp-json\/wp\/v2\/product_cat?post=7862"},{"taxonomy":"product_tag","embeddable":true,"href":"https:\/\/kuken.alfadyser.dev\/fr\/wp-json\/wp\/v2\/product_tag?post=7862"}],"curies":[{"name":"wp","href":"https:\/\/api.w.org\/{rel}","templated":true}]}}