{"id":7820,"date":"2021-10-01T14:26:53","date_gmt":"2021-10-01T12:26:53","guid":{"rendered":"https:\/\/kuken.alfadyser.dev\/?post_type=product&#038;p=7820"},"modified":"2025-07-22T11:25:45","modified_gmt":"2025-07-22T09:25:45","slug":"plancha-de-vapor-suela-inoxidable-2800w-kuken","status":"publish","type":"product","link":"https:\/\/kuken.alfadyser.dev\/fr\/produit\/plancha-de-vapor-suela-inoxidable-2800w-kuken\/","title":{"rendered":"PLANCHA DE VAPOR SUELA INOXIDABLE 2800W K\u00dcKEN"},"content":{"rendered":"<p>PLANCHA DE VAPOR SUELA INOXIDABLE 2800W K\u00dcKEN<\/p>\n<ul>\n<li data-start=\"792\" data-end=\"860\">\n<p data-start=\"794\" data-end=\"860\">Potencia de 2800 W, ideal para un planchado r\u00e1pido y eficaz.<\/p>\n<\/li>\n<li data-start=\"861\" data-end=\"938\">\n<p data-start=\"863\" data-end=\"938\">Golpe de vapor de 140 g\/min, elimina arrugas dif\u00edciles con facilidad.<\/p>\n<\/li>\n<li data-start=\"939\" data-end=\"1001\">\n<p data-start=\"941\" data-end=\"1001\">Vapor continuo de 45 g\/min, para resultados uniformes.<\/p>\n<\/li>\n<li data-start=\"1002\" data-end=\"1067\">\n<p data-start=\"1004\" data-end=\"1067\">Cuerpo de pl\u00e1stico con acabado en negro, azul y gris.<\/p>\n<\/li>\n<li data-start=\"1068\" data-end=\"1134\">\n<p data-start=\"1070\" data-end=\"1134\">Selector de temperatura variable, seg\u00fan el tipo de tejido.<\/p>\n<\/li>\n<li data-start=\"1135\" data-end=\"1187\">\n<p data-start=\"1137\" data-end=\"1187\">Funciones: vapor ON\/OFF y spray difusor.<\/p>\n<\/li>\n<li data-start=\"1188\" data-end=\"1249\">\n<p data-start=\"1190\" data-end=\"1249\">Apagado autom\u00e1tico: 30 s horizontal \/ 8 min vertical.<\/p>\n<\/li>\n<li data-start=\"1250\" data-end=\"1326\">\n<p data-start=\"1252\" data-end=\"1326\">Suela de acero inoxidable, ultra-deslizante y anti-ara\u00f1azos.<\/p>\n<\/li>\n<li data-start=\"1327\" data-end=\"1387\">\n<p data-start=\"1329\" data-end=\"1387\">Punta perfilada, ideal para zonas de dif\u00edcil acceso.<\/p>\n<\/li>\n<li data-start=\"1388\" data-end=\"1446\">\n<p data-start=\"1390\" data-end=\"1446\">Dep\u00f3sito de 350 ml, trasl\u00facido y de f\u00e1cil llenado.<\/p>\n<\/li>\n<li data-start=\"1447\" data-end=\"1502\">\n<p data-start=\"1449\" data-end=\"1502\">Asa ergon\u00f3mica confort, mayor comodidad de uso.<\/p>\n<\/li>\n<li data-start=\"1503\" data-end=\"1540\">\n<p data-start=\"1505\" data-end=\"1540\">Cable de 1,9 m con giro 360\u00b0.<\/p>\n<\/li>\n<li data-start=\"1541\" data-end=\"1591\">\n<p data-start=\"1543\" data-end=\"1591\">Sistema anti-cal, anti-goteo y autolimpieza.<\/p>\n<\/li>\n<\/ul>\n<p><div class=\"accordion\"><div class=\"mfn-acc accordion_wrapper  toggle\"><div class=\"question\"><div class=\"title\"><i class=\"icon-plus acc-icon-plus\" aria-hidden=\"true\"><\/i><i class=\"icon-minus acc-icon-minus\" aria-hidden=\"true\"><\/i>Donn\u00e9es du produit<\/div><div class=\"answer\">EAN 8425160340926<\/p>\n<p>PLANCHA DE VAPOR SUELA INOXIDABLE 2800W K\u00dcKEN<\/p>\n<p>Unit\u00e9 d'emballage 1<br \/>\nColor Negro, azul y gris.<br \/>\nEmballage Couleur Bo\u00eete<br \/>\nPotencia 2800 W<br \/>\nTension 230 V<br \/>\nCapacidad Dep\u00f3sito 350 ml<br \/>\nMat\u00e9riau PC<br \/>\nSuela Acero inoxidable<br \/>\nPoids : 1,5 kg.<\/div><\/div>\n<\/div><\/div>\n<br \/>\n<div class=\"accordion\"><div class=\"mfn-acc accordion_wrapper  toggle\"><div class=\"question\"><div class=\"title\"><i class=\"icon-plus acc-icon-plus\" aria-hidden=\"true\"><\/i><i class=\"icon-minus acc-icon-minus\" aria-hidden=\"true\"><\/i>Accessoires<\/div><div class=\"answer\"><\/div><\/div>\n<\/div><\/div>\n<\/p>\n<div class=\"descargas-producto\"><a href=\"\/wp-content\/uploads\/pdf\/8425160339425_ficha_tecnica.pdf\" target=\"_blank\" rel=\"noopener noreferrer\"><br \/>\n<\/a><a href=\"https:\/\/kuken.alfadyser.dev\/wp-content\/uploads\/pdf\/8425160340926_ficha_tecnica.pdf\"><img loading=\"lazy\" decoding=\"async\" src=\"\/wp-content\/uploads\/2019\/12\/picto-descarrega.png\" alt=\"t\u00e9l\u00e9charger la fiche technique\" width=\"23\" height=\"16\" \/>T\u00e9l\u00e9charger la fiche<\/a><br \/>\n<a href=\"\/wp-content\/uploads\/pdf\/34092_instrucciones.pdf\"><img loading=\"lazy\" decoding=\"async\" src=\"\/wp-content\/uploads\/2019\/12\/picto-descarrega.png\" alt=\"t\u00e9l\u00e9charger le manuel d&#039;instructions\" width=\"23\" height=\"16\" \/>T\u00e9l\u00e9charger le manuel<\/a><\/div>\n<div><\/div>\n<div><span style=\"color: #bf2121\">Suivez-nous sur les m\u00e9dias sociaux !<\/span><\/div>\n<div><a href=\"https:\/\/www.instagram.com\/kuken_appliances\/\">https:\/\/www.instagram.com\/kuken_appliances\/<\/a><\/div>\n<p><iframe loading=\"lazy\" title=\"Surtido de planchas K\u00fcken\" width=\"560\" height=\"315\" src=\"https:\/\/www.youtube.com\/embed\/MICNeF0ILKs?feature=oembed\" frameborder=\"0\" allow=\"accelerometer; autoplay; clipboard-write; encrypted-media; gyroscope; picture-in-picture; web-share\" referrerpolicy=\"strict-origin-when-cross-origin\" allowfullscreen><\/iframe><\/p>","protected":false},"excerpt":{"rendered":"<p data-start=\"483\" data-end=\"627\">Dise\u00f1ada para resultados profesionales en casa, esta plancha ofrece potencia, seguridad y precisi\u00f3n con vapor constante y funciones autom\u00e1ticas.<\/p>\n<p data-start=\"629\" data-end=\"724\">","protected":false},"featured_media":7821,"template":"","meta":[],"product_brand":[],"product_cat":[207],"product_tag":[],"class_list":{"0":"post-7820","1":"product","2":"type-product","3":"status-publish","4":"has-post-thumbnail","6":"product_cat-planchas-vapor","8":"first","9":"instock","10":"shipping-taxable","11":"product-type-simple"},"yoast_head":"<!-- This site is optimized with the Yoast SEO Premium plugin v24.0 (Yoast SEO v26.5) - https:\/\/yoast.com\/wordpress\/plugins\/seo\/ -->\n<title>PLANCHA DE VAPOR SUELA INOXIDABLE 2800W K\u00dcKEN - K\u00fcken<\/title>\n<meta name=\"description\" content=\"Plancha de vapor de 2800W de potencia. Suela de acero inoxidable para ofrecer un mayor deslizamiento y agilidad. Visita www.kuken.es\" \/>\n<meta name=\"robots\" content=\"noindex, follow, max-snippet:-1, max-image-preview:large, max-video-preview:-1\" \/>\n<meta property=\"og:locale\" content=\"fr_FR\" \/>\n<meta property=\"og:type\" content=\"article\" \/>\n<meta property=\"og:title\" content=\"PLANCHA DE VAPOR SUELA INOXIDABLE 2800W K\u00dcKEN\" \/>\n<meta property=\"og:description\" content=\"Plancha de vapor de 2800W de potencia. Suela de acero inoxidable para ofrecer un mayor deslizamiento y agilidad. Visita www.kuken.es\" \/>\n<meta property=\"og:url\" content=\"https:\/\/kuken.alfadyser.dev\/fr\/produit\/plancha-de-vapor-suela-inoxidable-2800w-kuken\/\" \/>\n<meta property=\"og:site_name\" content=\"K\u00fcken\" \/>\n<meta property=\"article:publisher\" content=\"https:\/\/es-es.facebook.com\/alfadyser\/\" \/>\n<meta property=\"article:modified_time\" content=\"2025-07-22T09:25:45+00:00\" \/>\n<meta property=\"og:image\" content=\"https:\/\/kuken.alfadyser.dev\/wp-content\/uploads\/8425160340926_01.jpg\" \/>\n\t<meta property=\"og:image:width\" content=\"2000\" \/>\n\t<meta property=\"og:image:height\" content=\"2000\" \/>\n\t<meta property=\"og:image:type\" content=\"image\/jpeg\" \/>\n<meta name=\"twitter:card\" content=\"summary_large_image\" \/>\n<meta name=\"twitter:label1\" content=\"Prix\" \/>\n\t<meta name=\"twitter:data1\" content=\"\" \/>\n\t<meta name=\"twitter:label2\" content=\"Disponibilit\u00e9\" \/>\n\t<meta name=\"twitter:data2\" content=\"En stock\" \/>\n<script type=\"application\/ld+json\" class=\"yoast-schema-graph\">{\"@context\":\"https:\/\/schema.org\",\"@graph\":[{\"@type\":\"WebPage\",\"@id\":\"https:\/\/kuken.alfadyser.dev\/producto\/plancha-de-vapor-suela-inoxidable-2800w-kuken\/\",\"url\":\"https:\/\/kuken.alfadyser.dev\/producto\/plancha-de-vapor-suela-inoxidable-2800w-kuken\/\",\"name\":\"PLANCHA DE VAPOR SUELA INOXIDABLE 2800W K\u00dcKEN - K\u00fcken\",\"isPartOf\":{\"@id\":\"https:\/\/kuken.alfadyser.dev\/#website\"},\"primaryImageOfPage\":{\"@id\":\"https:\/\/kuken.alfadyser.dev\/producto\/plancha-de-vapor-suela-inoxidable-2800w-kuken\/#primaryimage\"},\"image\":{\"@id\":\"https:\/\/kuken.alfadyser.dev\/producto\/plancha-de-vapor-suela-inoxidable-2800w-kuken\/#primaryimage\"},\"thumbnailUrl\":\"https:\/\/kuken.alfadyser.dev\/wp-content\/uploads\/8425160340926_01.jpg\",\"datePublished\":\"2021-10-01T12:26:53+00:00\",\"dateModified\":\"2025-07-22T09:25:45+00:00\",\"description\":\"Plancha de vapor de 2800W de potencia. Suela de acero inoxidable para ofrecer un mayor deslizamiento y agilidad. Visita www.kuken.es\",\"breadcrumb\":{\"@id\":\"https:\/\/kuken.alfadyser.dev\/producto\/plancha-de-vapor-suela-inoxidable-2800w-kuken\/#breadcrumb\"},\"inLanguage\":\"fr-FR\",\"potentialAction\":[{\"@type\":\"ReadAction\",\"target\":[\"https:\/\/kuken.alfadyser.dev\/producto\/plancha-de-vapor-suela-inoxidable-2800w-kuken\/\"]}]},{\"@type\":\"ImageObject\",\"inLanguage\":\"fr-FR\",\"@id\":\"https:\/\/kuken.alfadyser.dev\/producto\/plancha-de-vapor-suela-inoxidable-2800w-kuken\/#primaryimage\",\"url\":\"https:\/\/kuken.alfadyser.dev\/wp-content\/uploads\/8425160340926_01.jpg\",\"contentUrl\":\"https:\/\/kuken.alfadyser.dev\/wp-content\/uploads\/8425160340926_01.jpg\",\"width\":2000,\"height\":2000},{\"@type\":\"BreadcrumbList\",\"@id\":\"https:\/\/kuken.alfadyser.dev\/producto\/plancha-de-vapor-suela-inoxidable-2800w-kuken\/#breadcrumb\",\"itemListElement\":[{\"@type\":\"ListItem\",\"position\":1,\"name\":\"Portada\",\"item\":\"https:\/\/kuken.alfadyser.dev\/\"},{\"@type\":\"ListItem\",\"position\":2,\"name\":\"Productos\",\"item\":\"https:\/\/kuken.alfadyser.dev\/productos\/\"},{\"@type\":\"ListItem\",\"position\":3,\"name\":\"PLANCHA DE VAPOR SUELA INOXIDABLE 2800W K\u00dcKEN\"}]},{\"@type\":\"WebSite\",\"@id\":\"https:\/\/kuken.alfadyser.dev\/#website\",\"url\":\"https:\/\/kuken.alfadyser.dev\/\",\"name\":\"K\u00fcken\",\"description\":\"Amplia gama de peque\u00f1o electrodom\u00e9stico k\u00fcken\",\"publisher\":{\"@id\":\"https:\/\/kuken.alfadyser.dev\/#organization\"},\"potentialAction\":[{\"@type\":\"SearchAction\",\"target\":{\"@type\":\"EntryPoint\",\"urlTemplate\":\"https:\/\/kuken.alfadyser.dev\/?s={search_term_string}\"},\"query-input\":{\"@type\":\"PropertyValueSpecification\",\"valueRequired\":true,\"valueName\":\"search_term_string\"}}],\"inLanguage\":\"fr-FR\"},{\"@type\":\"Organization\",\"@id\":\"https:\/\/kuken.alfadyser.dev\/#organization\",\"name\":\"Alfa Dyser\",\"url\":\"https:\/\/kuken.alfadyser.dev\/\",\"logo\":{\"@type\":\"ImageObject\",\"inLanguage\":\"fr-FR\",\"@id\":\"https:\/\/kuken.alfadyser.dev\/#\/schema\/logo\/image\/\",\"url\":\"https:\/\/kuken.alfadyser.dev\/wp-content\/uploads\/2019\/04\/kuken-logo.png\",\"contentUrl\":\"https:\/\/kuken.alfadyser.dev\/wp-content\/uploads\/2019\/04\/kuken-logo.png\",\"width\":500,\"height\":191,\"caption\":\"Alfa Dyser\"},\"image\":{\"@id\":\"https:\/\/kuken.alfadyser.dev\/#\/schema\/logo\/image\/\"},\"sameAs\":[\"https:\/\/es-es.facebook.com\/alfadyser\/\",\"https:\/\/www.instagram.com\/kuken_appliances\/\"]}]}<\/script>\n<meta property=\"product:price:currency\" content=\"EUR\" \/>\n<meta property=\"og:availability\" content=\"instock\" \/>\n<meta property=\"product:availability\" content=\"instock\" \/>\n<meta property=\"product:retailer_item_id\" content=\"34092\" \/>\n<meta property=\"product:condition\" content=\"new\" \/>\n<!-- \/ Yoast SEO Premium plugin. -->","yoast_head_json":{"title":"PLANCHA DE VAPOR SUELA INOXIDABLE 2800W K\u00dcKEN - K\u00fcken","description":"Plancha de vapor de 2800W de potencia. Suela de acero inoxidable para ofrecer un mayor deslizamiento y agilidad. Visita www.kuken.es","robots":{"index":"noindex","follow":"follow","max-snippet":"max-snippet:-1","max-image-preview":"max-image-preview:large","max-video-preview":"max-video-preview:-1"},"og_locale":"fr_FR","og_type":"article","og_title":"PLANCHA DE VAPOR SUELA INOXIDABLE 2800W K\u00dcKEN","og_description":"Plancha de vapor de 2800W de potencia. Suela de acero inoxidable para ofrecer un mayor deslizamiento y agilidad. Visita www.kuken.es","og_url":"https:\/\/kuken.alfadyser.dev\/fr\/produit\/plancha-de-vapor-suela-inoxidable-2800w-kuken\/","og_site_name":"K\u00fcken","article_publisher":"https:\/\/es-es.facebook.com\/alfadyser\/","article_modified_time":"2025-07-22T09:25:45+00:00","og_image":[{"width":2000,"height":2000,"url":"https:\/\/kuken.alfadyser.dev\/wp-content\/uploads\/8425160340926_01.jpg","type":"image\/jpeg"}],"twitter_card":"summary_large_image","twitter_misc":{"Prix":"","Disponibilit\u00e9":"En stock"},"schema":{"@context":"https:\/\/schema.org","@graph":[{"@type":"WebPage","@id":"https:\/\/kuken.alfadyser.dev\/producto\/plancha-de-vapor-suela-inoxidable-2800w-kuken\/","url":"https:\/\/kuken.alfadyser.dev\/producto\/plancha-de-vapor-suela-inoxidable-2800w-kuken\/","name":"PLANCHA DE VAPOR SUELA INOXIDABLE 2800W K\u00dcKEN - K\u00fcken","isPartOf":{"@id":"https:\/\/kuken.alfadyser.dev\/#website"},"primaryImageOfPage":{"@id":"https:\/\/kuken.alfadyser.dev\/producto\/plancha-de-vapor-suela-inoxidable-2800w-kuken\/#primaryimage"},"image":{"@id":"https:\/\/kuken.alfadyser.dev\/producto\/plancha-de-vapor-suela-inoxidable-2800w-kuken\/#primaryimage"},"thumbnailUrl":"https:\/\/kuken.alfadyser.dev\/wp-content\/uploads\/8425160340926_01.jpg","datePublished":"2021-10-01T12:26:53+00:00","dateModified":"2025-07-22T09:25:45+00:00","description":"Plancha de vapor de 2800W de potencia. Suela de acero inoxidable para ofrecer un mayor deslizamiento y agilidad. Visita www.kuken.es","breadcrumb":{"@id":"https:\/\/kuken.alfadyser.dev\/producto\/plancha-de-vapor-suela-inoxidable-2800w-kuken\/#breadcrumb"},"inLanguage":"fr-FR","potentialAction":[{"@type":"ReadAction","target":["https:\/\/kuken.alfadyser.dev\/producto\/plancha-de-vapor-suela-inoxidable-2800w-kuken\/"]}]},{"@type":"ImageObject","inLanguage":"fr-FR","@id":"https:\/\/kuken.alfadyser.dev\/producto\/plancha-de-vapor-suela-inoxidable-2800w-kuken\/#primaryimage","url":"https:\/\/kuken.alfadyser.dev\/wp-content\/uploads\/8425160340926_01.jpg","contentUrl":"https:\/\/kuken.alfadyser.dev\/wp-content\/uploads\/8425160340926_01.jpg","width":2000,"height":2000},{"@type":"BreadcrumbList","@id":"https:\/\/kuken.alfadyser.dev\/producto\/plancha-de-vapor-suela-inoxidable-2800w-kuken\/#breadcrumb","itemListElement":[{"@type":"ListItem","position":1,"name":"Portada","item":"https:\/\/kuken.alfadyser.dev\/"},{"@type":"ListItem","position":2,"name":"Productos","item":"https:\/\/kuken.alfadyser.dev\/productos\/"},{"@type":"ListItem","position":3,"name":"PLANCHA DE VAPOR SUELA INOXIDABLE 2800W K\u00dcKEN"}]},{"@type":"WebSite","@id":"https:\/\/kuken.alfadyser.dev\/#website","url":"https:\/\/kuken.alfadyser.dev\/","name":"K\u00fcken","description":"Large gamme de petits appareils m\u00e9nagers k\u00fcken","publisher":{"@id":"https:\/\/kuken.alfadyser.dev\/#organization"},"potentialAction":[{"@type":"SearchAction","target":{"@type":"EntryPoint","urlTemplate":"https:\/\/kuken.alfadyser.dev\/?s={search_term_string}"},"query-input":{"@type":"PropertyValueSpecification","valueRequired":true,"valueName":"search_term_string"}}],"inLanguage":"fr-FR"},{"@type":"Organization","@id":"https:\/\/kuken.alfadyser.dev\/#organization","name":"Alpha Dyser","url":"https:\/\/kuken.alfadyser.dev\/","logo":{"@type":"ImageObject","inLanguage":"fr-FR","@id":"https:\/\/kuken.alfadyser.dev\/#\/schema\/logo\/image\/","url":"https:\/\/kuken.alfadyser.dev\/wp-content\/uploads\/2019\/04\/kuken-logo.png","contentUrl":"https:\/\/kuken.alfadyser.dev\/wp-content\/uploads\/2019\/04\/kuken-logo.png","width":500,"height":191,"caption":"Alfa Dyser"},"image":{"@id":"https:\/\/kuken.alfadyser.dev\/#\/schema\/logo\/image\/"},"sameAs":["https:\/\/es-es.facebook.com\/alfadyser\/","https:\/\/www.instagram.com\/kuken_appliances\/"]}]},"product_price_currency":"EUR","og_availability":"instock","product_availability":"instock","product_retailer_item_id":"34092","product_condition":"new"},"_links":{"self":[{"href":"https:\/\/kuken.alfadyser.dev\/fr\/wp-json\/wp\/v2\/product\/7820","targetHints":{"allow":["GET"]}}],"collection":[{"href":"https:\/\/kuken.alfadyser.dev\/fr\/wp-json\/wp\/v2\/product"}],"about":[{"href":"https:\/\/kuken.alfadyser.dev\/fr\/wp-json\/wp\/v2\/types\/product"}],"wp:featuredmedia":[{"embeddable":true,"href":"https:\/\/kuken.alfadyser.dev\/fr\/wp-json\/wp\/v2\/media\/7821"}],"wp:attachment":[{"href":"https:\/\/kuken.alfadyser.dev\/fr\/wp-json\/wp\/v2\/media?parent=7820"}],"wp:term":[{"taxonomy":"product_brand","embeddable":true,"href":"https:\/\/kuken.alfadyser.dev\/fr\/wp-json\/wp\/v2\/product_brand?post=7820"},{"taxonomy":"product_cat","embeddable":true,"href":"https:\/\/kuken.alfadyser.dev\/fr\/wp-json\/wp\/v2\/product_cat?post=7820"},{"taxonomy":"product_tag","embeddable":true,"href":"https:\/\/kuken.alfadyser.dev\/fr\/wp-json\/wp\/v2\/product_tag?post=7820"}],"curies":[{"name":"wp","href":"https:\/\/api.w.org\/{rel}","templated":true}]}}