{"id":7598,"date":"2021-09-27T13:20:52","date_gmt":"2021-09-27T11:20:52","guid":{"rendered":"https:\/\/kuken.alfadyser.dev\/?post_type=product&#038;p=7598"},"modified":"2025-07-22T11:42:53","modified_gmt":"2025-07-22T09:42:53","slug":"radiador-mica-negro-2000w","status":"publish","type":"product","link":"https:\/\/kuken.alfadyser.dev\/fr\/produit\/radiador-mica-negro-2000w\/","title":{"rendered":"RADIADOR MICA NEGRO 2000W"},"content":{"rendered":"<p>RADIADOR MICA NEGRO 2000W<\/p>\n<ul>\n<li data-start=\"793\" data-end=\"876\">\n<p data-start=\"795\" data-end=\"876\">Radiador el\u00e9ctrico con tecnolog\u00eda MICA, eficiente y de respuesta inmediata.<\/p>\n<\/li>\n<li data-start=\"877\" data-end=\"947\">\n<p data-start=\"879\" data-end=\"947\">Dos niveles de potencia: 1000 W y 2000 W, seg\u00fan necesidad.<\/p>\n<\/li>\n<li data-start=\"948\" data-end=\"1010\">\n<p data-start=\"950\" data-end=\"1010\">Termostato regulable, mantiene la temperatura deseada.<\/p>\n<\/li>\n<li data-start=\"1011\" data-end=\"1076\">\n<p data-start=\"1013\" data-end=\"1076\">Funcionamiento silencioso, ideal para descanso o trabajo.<\/p>\n<\/li>\n<li data-start=\"1077\" data-end=\"1148\">\n<p data-start=\"1079\" data-end=\"1148\">Calor instant\u00e1neo y distribuci\u00f3n homog\u00e9nea en toda la estancia.<\/p>\n<\/li>\n<li data-start=\"1149\" data-end=\"1223\">\n<p data-start=\"1151\" data-end=\"1223\">Sistema de protecci\u00f3n contra sobrecalentamiento, m\u00e1xima seguridad.<\/p>\n<\/li>\n<li data-start=\"1224\" data-end=\"1295\">\n<p data-start=\"1226\" data-end=\"1295\">Sensor anti-vuelco, apaga el aparato autom\u00e1ticamente si se cae.<\/p>\n<\/li>\n<li data-start=\"1296\" data-end=\"1351\">\n<p data-start=\"1298\" data-end=\"1351\">Cuatro ruedas de nylon, facilitan su movilidad.<\/p>\n<\/li>\n<li data-start=\"1352\" data-end=\"1407\">\n<p data-start=\"1354\" data-end=\"1407\">Luz de funcionamiento roja, visible y discreta.<\/p>\n<\/li>\n<li data-start=\"1408\" data-end=\"1457\">\n<p data-start=\"1410\" data-end=\"1457\">No reseca el ambiente ni consume ox\u00edgeno.<\/p>\n<\/li>\n<li data-start=\"1458\" data-end=\"1526\">\n<p data-start=\"1460\" data-end=\"1526\">Ahorro energ\u00e9tico de hasta el 30 %, ideal para uso continuo.<\/p>\n<\/li>\n<li data-start=\"1527\" data-end=\"1597\">\n<p data-start=\"1529\" data-end=\"1597\">Capacidad para calentar eficientemente estancias de hasta 15 m\u00b2.<\/p>\n<\/li>\n<\/ul>\n<p><div class=\"accordion\"><div class=\"mfn-acc accordion_wrapper  toggle\"><div class=\"question\"><div class=\"title\"><i class=\"icon-plus acc-icon-plus\" aria-hidden=\"true\"><\/i><i class=\"icon-minus acc-icon-minus\" aria-hidden=\"true\"><\/i>Donn\u00e9es du produit<\/div><div class=\"answer\">EAN: 8425160352707<br \/>\nUnit\u00e9s : 1<br \/>\nCouleur : noir<br \/>\nEmballage : bo\u00eete color\u00e9e<br \/>\nPuissance : 2000W<br \/>\nTension : 230V<br \/>\nTama\u00f1o:\u00a0 ancho x alto x fondo: 69 x 54 x 27 cm.<br \/>\nMaterial: PP y Metal<br \/>\nPeso: 4,8 kg<br \/>\n<\/div><\/div>\n<\/div><\/div>\n<br \/>\n<div class=\"accordion\"><div class=\"mfn-acc accordion_wrapper  toggle\"><div class=\"question\"><div class=\"title\"><i class=\"icon-plus acc-icon-plus\" aria-hidden=\"true\"><\/i><i class=\"icon-minus acc-icon-minus\" aria-hidden=\"true\"><\/i>Accessoires<\/div><div class=\"answer\">9<\/div><\/div>\n<\/div><\/div>\n<\/p>\n<div class=\"descargas-producto\"><a href=\"\/wp-content\/uploads\/pdf\/8425160340353_ficha_tecnica.pdf\" target=\"_blank\" rel=\"noopener noreferrer\"><br \/>\n<\/a><img loading=\"lazy\" decoding=\"async\" src=\"\/wp-content\/uploads\/2019\/12\/picto-descarrega.png\" alt=\"t\u00e9l\u00e9charger la fiche technique\" width=\"23\" height=\"16\" \/><a href=\"https:\/\/kuken.alfadyser.dev\/wp-content\/uploads\/8425160352707_ficha_tecnica.pdf\">T\u00e9l\u00e9charger la fiche<\/a><a href=\"\/wp-content\/uploads\/pdf\/8425160340353_manual.pdf\" target=\"_blank\" rel=\"noopener noreferrer\"><br \/>\n<\/a><a href=\"https:\/\/kuken.alfadyser.dev\/wp-content\/uploads\/35270_instrucciones.pdf\"><img loading=\"lazy\" decoding=\"async\" src=\"\/wp-content\/uploads\/2019\/12\/picto-descarrega.png\" alt=\"t\u00e9l\u00e9charger le manuel d&#039;instructions\" width=\"23\" height=\"16\" \/>T\u00e9l\u00e9charger le manuel<\/a><\/div>\n<div><\/div>\n<div><span style=\"color: #bf2121\">Suivez-nous sur les m\u00e9dias sociaux !<\/span><\/div>\n<div><a href=\"https:\/\/www.instagram.com\/kuken_appliances\/\">https:\/\/www.instagram.com\/kuken_appliances\/<\/a><\/div>","protected":false},"excerpt":{"rendered":"<p data-start=\"478\" data-end=\"622\">Este radiador combina potencia, eficiencia y seguridad para calentar tu hogar sin ruidos ni resecar el aire. Ideal para espacios de hasta 15\u202fm\u00b2.<\/p>\n<p data-start=\"624\" data-end=\"725\">","protected":false},"featured_media":7600,"template":"","meta":[],"product_brand":[],"product_cat":[227],"product_tag":[],"class_list":{"0":"post-7598","1":"product","2":"type-product","3":"status-publish","4":"has-post-thumbnail","6":"product_cat-radiadores","8":"first","9":"instock","10":"shipping-taxable","11":"product-type-simple"},"yoast_head":"<!-- This site is optimized with the Yoast SEO Premium plugin v24.0 (Yoast SEO v26.5) - https:\/\/yoast.com\/wordpress\/plugins\/seo\/ -->\n<title>RADIADOR MICA NEGRO 2000W - K\u00fcken<\/title>\n<meta name=\"description\" content=\"Radiador el\u00e9ctrico K\u00fcken con tecnolog\u00eda eficiente MICA. 2 potencias: 1000W\/2000W, calor inmediato y no reseca el ambiente. Visita kuken.es\" \/>\n<meta name=\"robots\" content=\"noindex, follow, max-snippet:-1, max-image-preview:large, max-video-preview:-1\" \/>\n<meta property=\"og:locale\" content=\"fr_FR\" \/>\n<meta property=\"og:type\" content=\"article\" \/>\n<meta property=\"og:title\" content=\"RADIADOR MICA NEGRO 2000W\" \/>\n<meta property=\"og:description\" content=\"Radiador el\u00e9ctrico K\u00fcken con tecnolog\u00eda eficiente MICA. 2 potencias: 1000W\/2000W, calor inmediato y no reseca el ambiente. Visita kuken.es\" \/>\n<meta property=\"og:url\" content=\"https:\/\/kuken.alfadyser.dev\/fr\/produit\/radiador-mica-negro-2000w\/\" \/>\n<meta property=\"og:site_name\" content=\"K\u00fcken\" \/>\n<meta property=\"article:publisher\" content=\"https:\/\/es-es.facebook.com\/alfadyser\/\" \/>\n<meta property=\"article:modified_time\" content=\"2025-07-22T09:42:53+00:00\" \/>\n<meta property=\"og:image\" content=\"https:\/\/kuken.alfadyser.dev\/wp-content\/uploads\/35270_2.jpg\" \/>\n\t<meta property=\"og:image:width\" content=\"2000\" \/>\n\t<meta property=\"og:image:height\" content=\"2000\" \/>\n\t<meta property=\"og:image:type\" content=\"image\/jpeg\" \/>\n<meta name=\"twitter:card\" content=\"summary_large_image\" \/>\n<meta name=\"twitter:label1\" content=\"Prix\" \/>\n\t<meta name=\"twitter:data1\" content=\"\" \/>\n\t<meta name=\"twitter:label2\" content=\"Disponibilit\u00e9\" \/>\n\t<meta name=\"twitter:data2\" content=\"En stock\" \/>\n<script type=\"application\/ld+json\" class=\"yoast-schema-graph\">{\"@context\":\"https:\/\/schema.org\",\"@graph\":[{\"@type\":\"WebPage\",\"@id\":\"https:\/\/kuken.alfadyser.dev\/producto\/radiador-mica-negro-2000w\/\",\"url\":\"https:\/\/kuken.alfadyser.dev\/producto\/radiador-mica-negro-2000w\/\",\"name\":\"RADIADOR MICA NEGRO 2000W - K\u00fcken\",\"isPartOf\":{\"@id\":\"https:\/\/kuken.alfadyser.dev\/#website\"},\"primaryImageOfPage\":{\"@id\":\"https:\/\/kuken.alfadyser.dev\/producto\/radiador-mica-negro-2000w\/#primaryimage\"},\"image\":{\"@id\":\"https:\/\/kuken.alfadyser.dev\/producto\/radiador-mica-negro-2000w\/#primaryimage\"},\"thumbnailUrl\":\"https:\/\/kuken.alfadyser.dev\/wp-content\/uploads\/35270_2.jpg\",\"datePublished\":\"2021-09-27T11:20:52+00:00\",\"dateModified\":\"2025-07-22T09:42:53+00:00\",\"description\":\"Radiador el\u00e9ctrico K\u00fcken con tecnolog\u00eda eficiente MICA. 2 potencias: 1000W\/2000W, calor inmediato y no reseca el ambiente. Visita kuken.es\",\"breadcrumb\":{\"@id\":\"https:\/\/kuken.alfadyser.dev\/producto\/radiador-mica-negro-2000w\/#breadcrumb\"},\"inLanguage\":\"fr-FR\",\"potentialAction\":[{\"@type\":\"ReadAction\",\"target\":[\"https:\/\/kuken.alfadyser.dev\/producto\/radiador-mica-negro-2000w\/\"]}]},{\"@type\":\"ImageObject\",\"inLanguage\":\"fr-FR\",\"@id\":\"https:\/\/kuken.alfadyser.dev\/producto\/radiador-mica-negro-2000w\/#primaryimage\",\"url\":\"https:\/\/kuken.alfadyser.dev\/wp-content\/uploads\/35270_2.jpg\",\"contentUrl\":\"https:\/\/kuken.alfadyser.dev\/wp-content\/uploads\/35270_2.jpg\",\"width\":2000,\"height\":2000,\"caption\":\"Radiador mica kuken con 2000w de potencia.\"},{\"@type\":\"BreadcrumbList\",\"@id\":\"https:\/\/kuken.alfadyser.dev\/producto\/radiador-mica-negro-2000w\/#breadcrumb\",\"itemListElement\":[{\"@type\":\"ListItem\",\"position\":1,\"name\":\"Portada\",\"item\":\"https:\/\/kuken.alfadyser.dev\/\"},{\"@type\":\"ListItem\",\"position\":2,\"name\":\"Productos\",\"item\":\"https:\/\/kuken.alfadyser.dev\/productos\/\"},{\"@type\":\"ListItem\",\"position\":3,\"name\":\"RADIADOR MICA NEGRO 2000W\"}]},{\"@type\":\"WebSite\",\"@id\":\"https:\/\/kuken.alfadyser.dev\/#website\",\"url\":\"https:\/\/kuken.alfadyser.dev\/\",\"name\":\"K\u00fcken\",\"description\":\"Amplia gama de peque\u00f1o electrodom\u00e9stico k\u00fcken\",\"publisher\":{\"@id\":\"https:\/\/kuken.alfadyser.dev\/#organization\"},\"potentialAction\":[{\"@type\":\"SearchAction\",\"target\":{\"@type\":\"EntryPoint\",\"urlTemplate\":\"https:\/\/kuken.alfadyser.dev\/?s={search_term_string}\"},\"query-input\":{\"@type\":\"PropertyValueSpecification\",\"valueRequired\":true,\"valueName\":\"search_term_string\"}}],\"inLanguage\":\"fr-FR\"},{\"@type\":\"Organization\",\"@id\":\"https:\/\/kuken.alfadyser.dev\/#organization\",\"name\":\"Alfa Dyser\",\"url\":\"https:\/\/kuken.alfadyser.dev\/\",\"logo\":{\"@type\":\"ImageObject\",\"inLanguage\":\"fr-FR\",\"@id\":\"https:\/\/kuken.alfadyser.dev\/#\/schema\/logo\/image\/\",\"url\":\"https:\/\/kuken.alfadyser.dev\/wp-content\/uploads\/2019\/04\/kuken-logo.png\",\"contentUrl\":\"https:\/\/kuken.alfadyser.dev\/wp-content\/uploads\/2019\/04\/kuken-logo.png\",\"width\":500,\"height\":191,\"caption\":\"Alfa Dyser\"},\"image\":{\"@id\":\"https:\/\/kuken.alfadyser.dev\/#\/schema\/logo\/image\/\"},\"sameAs\":[\"https:\/\/es-es.facebook.com\/alfadyser\/\",\"https:\/\/www.instagram.com\/kuken_appliances\/\"]}]}<\/script>\n<meta property=\"product:price:currency\" content=\"EUR\" \/>\n<meta property=\"og:availability\" content=\"instock\" \/>\n<meta property=\"product:availability\" content=\"instock\" \/>\n<meta property=\"product:retailer_item_id\" content=\"35270\" \/>\n<meta property=\"product:condition\" content=\"new\" \/>\n<!-- \/ Yoast SEO Premium plugin. -->","yoast_head_json":{"title":"RADIADOR MICA NEGRO 2000W - K\u00fcken","description":"Radiador el\u00e9ctrico K\u00fcken con tecnolog\u00eda eficiente MICA. 2 potencias: 1000W\/2000W, calor inmediato y no reseca el ambiente. Visita kuken.es","robots":{"index":"noindex","follow":"follow","max-snippet":"max-snippet:-1","max-image-preview":"max-image-preview:large","max-video-preview":"max-video-preview:-1"},"og_locale":"fr_FR","og_type":"article","og_title":"RADIADOR MICA NEGRO 2000W","og_description":"Radiador el\u00e9ctrico K\u00fcken con tecnolog\u00eda eficiente MICA. 2 potencias: 1000W\/2000W, calor inmediato y no reseca el ambiente. Visita kuken.es","og_url":"https:\/\/kuken.alfadyser.dev\/fr\/produit\/radiador-mica-negro-2000w\/","og_site_name":"K\u00fcken","article_publisher":"https:\/\/es-es.facebook.com\/alfadyser\/","article_modified_time":"2025-07-22T09:42:53+00:00","og_image":[{"width":2000,"height":2000,"url":"https:\/\/kuken.alfadyser.dev\/wp-content\/uploads\/35270_2.jpg","type":"image\/jpeg"}],"twitter_card":"summary_large_image","twitter_misc":{"Prix":"","Disponibilit\u00e9":"En stock"},"schema":{"@context":"https:\/\/schema.org","@graph":[{"@type":"WebPage","@id":"https:\/\/kuken.alfadyser.dev\/producto\/radiador-mica-negro-2000w\/","url":"https:\/\/kuken.alfadyser.dev\/producto\/radiador-mica-negro-2000w\/","name":"RADIADOR MICA NEGRO 2000W - K\u00fcken","isPartOf":{"@id":"https:\/\/kuken.alfadyser.dev\/#website"},"primaryImageOfPage":{"@id":"https:\/\/kuken.alfadyser.dev\/producto\/radiador-mica-negro-2000w\/#primaryimage"},"image":{"@id":"https:\/\/kuken.alfadyser.dev\/producto\/radiador-mica-negro-2000w\/#primaryimage"},"thumbnailUrl":"https:\/\/kuken.alfadyser.dev\/wp-content\/uploads\/35270_2.jpg","datePublished":"2021-09-27T11:20:52+00:00","dateModified":"2025-07-22T09:42:53+00:00","description":"Radiador el\u00e9ctrico K\u00fcken con tecnolog\u00eda eficiente MICA. 2 potencias: 1000W\/2000W, calor inmediato y no reseca el ambiente. Visita kuken.es","breadcrumb":{"@id":"https:\/\/kuken.alfadyser.dev\/producto\/radiador-mica-negro-2000w\/#breadcrumb"},"inLanguage":"fr-FR","potentialAction":[{"@type":"ReadAction","target":["https:\/\/kuken.alfadyser.dev\/producto\/radiador-mica-negro-2000w\/"]}]},{"@type":"ImageObject","inLanguage":"fr-FR","@id":"https:\/\/kuken.alfadyser.dev\/producto\/radiador-mica-negro-2000w\/#primaryimage","url":"https:\/\/kuken.alfadyser.dev\/wp-content\/uploads\/35270_2.jpg","contentUrl":"https:\/\/kuken.alfadyser.dev\/wp-content\/uploads\/35270_2.jpg","width":2000,"height":2000,"caption":"Radiador mica kuken con 2000w de potencia."},{"@type":"BreadcrumbList","@id":"https:\/\/kuken.alfadyser.dev\/producto\/radiador-mica-negro-2000w\/#breadcrumb","itemListElement":[{"@type":"ListItem","position":1,"name":"Portada","item":"https:\/\/kuken.alfadyser.dev\/"},{"@type":"ListItem","position":2,"name":"Productos","item":"https:\/\/kuken.alfadyser.dev\/productos\/"},{"@type":"ListItem","position":3,"name":"RADIADOR MICA NEGRO 2000W"}]},{"@type":"WebSite","@id":"https:\/\/kuken.alfadyser.dev\/#website","url":"https:\/\/kuken.alfadyser.dev\/","name":"K\u00fcken","description":"Large gamme de petits appareils m\u00e9nagers k\u00fcken","publisher":{"@id":"https:\/\/kuken.alfadyser.dev\/#organization"},"potentialAction":[{"@type":"SearchAction","target":{"@type":"EntryPoint","urlTemplate":"https:\/\/kuken.alfadyser.dev\/?s={search_term_string}"},"query-input":{"@type":"PropertyValueSpecification","valueRequired":true,"valueName":"search_term_string"}}],"inLanguage":"fr-FR"},{"@type":"Organization","@id":"https:\/\/kuken.alfadyser.dev\/#organization","name":"Alpha Dyser","url":"https:\/\/kuken.alfadyser.dev\/","logo":{"@type":"ImageObject","inLanguage":"fr-FR","@id":"https:\/\/kuken.alfadyser.dev\/#\/schema\/logo\/image\/","url":"https:\/\/kuken.alfadyser.dev\/wp-content\/uploads\/2019\/04\/kuken-logo.png","contentUrl":"https:\/\/kuken.alfadyser.dev\/wp-content\/uploads\/2019\/04\/kuken-logo.png","width":500,"height":191,"caption":"Alfa Dyser"},"image":{"@id":"https:\/\/kuken.alfadyser.dev\/#\/schema\/logo\/image\/"},"sameAs":["https:\/\/es-es.facebook.com\/alfadyser\/","https:\/\/www.instagram.com\/kuken_appliances\/"]}]},"product_price_currency":"EUR","og_availability":"instock","product_availability":"instock","product_retailer_item_id":"35270","product_condition":"new"},"_links":{"self":[{"href":"https:\/\/kuken.alfadyser.dev\/fr\/wp-json\/wp\/v2\/product\/7598","targetHints":{"allow":["GET"]}}],"collection":[{"href":"https:\/\/kuken.alfadyser.dev\/fr\/wp-json\/wp\/v2\/product"}],"about":[{"href":"https:\/\/kuken.alfadyser.dev\/fr\/wp-json\/wp\/v2\/types\/product"}],"wp:featuredmedia":[{"embeddable":true,"href":"https:\/\/kuken.alfadyser.dev\/fr\/wp-json\/wp\/v2\/media\/7600"}],"wp:attachment":[{"href":"https:\/\/kuken.alfadyser.dev\/fr\/wp-json\/wp\/v2\/media?parent=7598"}],"wp:term":[{"taxonomy":"product_brand","embeddable":true,"href":"https:\/\/kuken.alfadyser.dev\/fr\/wp-json\/wp\/v2\/product_brand?post=7598"},{"taxonomy":"product_cat","embeddable":true,"href":"https:\/\/kuken.alfadyser.dev\/fr\/wp-json\/wp\/v2\/product_cat?post=7598"},{"taxonomy":"product_tag","embeddable":true,"href":"https:\/\/kuken.alfadyser.dev\/fr\/wp-json\/wp\/v2\/product_tag?post=7598"}],"curies":[{"name":"wp","href":"https:\/\/api.w.org\/{rel}","templated":true}]}}