{"id":7530,"date":"2021-07-21T08:31:29","date_gmt":"2021-07-21T06:31:29","guid":{"rendered":"https:\/\/kuken.alfadyser.dev\/?post_type=product&#038;p=7530"},"modified":"2025-07-31T08:04:27","modified_gmt":"2025-07-31T06:04:27","slug":"batidora-amasadora-400w-vintage-kuken","status":"publish","type":"product","link":"https:\/\/kuken.alfadyser.dev\/fr\/produit\/batidora-amasadora-400w-vintage-kuken\/","title":{"rendered":"K\u00dcKEN VINTAGE 400W MIXER BLENDER"},"content":{"rendered":"<p>K\u00dcKEN VINTAGE 400W MIXER BLENDER<\/p>\n<ul>\n<li data-start=\"798\" data-end=\"868\">\n<p data-start=\"800\" data-end=\"868\">Potencia de 400 W, ideal para amasar incluso masas densas.<\/p>\n<\/li>\n<li data-start=\"869\" data-end=\"947\">\n<p data-start=\"871\" data-end=\"947\">Cuerpo de policarbonato (PC) con acabado en verde vintage y negro.<\/p>\n<\/li>\n<li data-start=\"948\" data-end=\"1024\">\n<p data-start=\"950\" data-end=\"1024\">Dise\u00f1o f\u00e1cil y c\u00f3modo de usar, pensado para uso dom\u00e9stico frecuente.<\/p>\n<\/li>\n<li data-start=\"1025\" data-end=\"1107\">\n<p data-start=\"1027\" data-end=\"1107\">Cinco velocidades + funci\u00f3n TURBO, control total seg\u00fan la preparaci\u00f3n.<\/p>\n<\/li>\n<li data-start=\"1108\" data-end=\"1187\">\n<p data-start=\"1110\" data-end=\"1187\">Incluye varillas de acero inoxidable, resistentes y f\u00e1ciles de limpiar.<\/p>\n<\/li>\n<li data-start=\"1188\" data-end=\"1264\">\n<p data-start=\"1190\" data-end=\"1264\">Bot\u00f3n de liberaci\u00f3n r\u00e1pida, extrae los accesorios de forma sencilla.<\/p>\n<\/li>\n<li data-start=\"1265\" data-end=\"1343\">\n<p data-start=\"1267\" data-end=\"1343\">Soportes traseros de apoyo, permiten apoyarla sin manchar superficies.<\/p>\n<\/li>\n<li data-start=\"1344\" data-end=\"1413\">\n<p data-start=\"1346\" data-end=\"1413\">Ideal para batir, mezclar y amasar con resultados constantes.<\/p>\n<\/li>\n<li data-start=\"1414\" data-end=\"1485\">\n<p data-start=\"1416\" data-end=\"1485\">Perfecta para preparar bizcochos, panes, cremas y masas dulces.<\/p>\n<\/li>\n<li data-start=\"1486\" data-end=\"1556\">\n<p data-start=\"1488\" data-end=\"1556\">Dise\u00f1o compacto y funcional, con estilo retro vintage atractivo.<\/p>\n<\/li>\n<\/ul>\n<p><div class=\"accordion\"><div class=\"mfn-acc accordion_wrapper  toggle\"><div class=\"question\"><div class=\"title\"><i class=\"icon-plus acc-icon-plus\" aria-hidden=\"true\"><\/i><i class=\"icon-minus acc-icon-minus\" aria-hidden=\"true\"><\/i>Donn\u00e9es du produit<\/div><div class=\"answer\">EAN: 8425160339005<\/p>\n<p>K\u00dcKEN VINTAGE 400W MIXER BLENDER<\/p>\n<p>Unit\u00e9s : 1<br \/>\nColor: Verde vintage<br \/>\nEmballage : bo\u00eete color\u00e9e<br \/>\nPotencia: 400 W<br \/>\nTension : 230 V<br \/>\nVelocidades: 5 + Turbo<br \/>\nFonction turbo : Oui<br \/>\nD\u00e9tachable : Oui<br \/>\nACCESORIOS: 2 varillas batidoras.<br \/>\n2 varillas amasadoras.<\/div><\/div>\n<\/div><\/div>\n<br \/>\n<div class=\"accordion\"><div class=\"mfn-acc accordion_wrapper  toggle\"><div class=\"question\"><div class=\"title\"><i class=\"icon-plus acc-icon-plus\" aria-hidden=\"true\"><\/i><i class=\"icon-minus acc-icon-minus\" aria-hidden=\"true\"><\/i>Accessoires<\/div><div class=\"answer\">2 varillas batidoras.<br \/>\n2 varillas amasadoras.<\/div><\/div>\n<\/div><\/div>\n<\/p>\n<div class=\"descargas-producto\"><a href=\"\/wp-content\/uploads\/pdf\/8425160338466_ficha_tecnica.pdf\" target=\"_blank\" rel=\"noopener noreferrer\"><br \/>\n<\/a><a href=\"http:\/\/Descargar ficha Descargar manual \u00a1S\u00edguenos en redes! https:\/\/www.instagram.com\/kuken_appliances\/\"><img loading=\"lazy\" decoding=\"async\" src=\"\/wp-content\/uploads\/2019\/12\/picto-descarrega.png\" alt=\"t\u00e9l\u00e9charger la fiche technique\" width=\"23\" height=\"16\" \/>T\u00e9l\u00e9charger la fiche<\/a><br \/>\n<img loading=\"lazy\" decoding=\"async\" src=\"\/wp-content\/uploads\/2019\/12\/picto-descarrega.png\" alt=\"t\u00e9l\u00e9charger le manuel d&#039;instructions\" width=\"23\" height=\"16\" \/><a href=\"https:\/\/kuken.alfadyser.dev\/wp-content\/uploads\/34139_instrucciones.pdf\">T\u00e9l\u00e9charger le manuel<\/a><\/div>\n<div><\/div>\n<div><span style=\"color: #bf2121;\">Suivez-nous sur les m\u00e9dias sociaux !<\/span><\/div>\n<div><a href=\"https:\/\/www.instagram.com\/kuken_appliances\/\">https:\/\/www.instagram.com\/kuken_appliances\/<\/a><\/div>\n<p><iframe loading=\"lazy\" title=\"Batidora amasadora 400w vintage k\u00fcken\" width=\"560\" height=\"315\" src=\"https:\/\/www.youtube.com\/embed\/UJ9V1inYt1Q?feature=oembed\" frameborder=\"0\" allow=\"accelerometer; autoplay; clipboard-write; encrypted-media; gyroscope; picture-in-picture; web-share\" referrerpolicy=\"strict-origin-when-cross-origin\" allowfullscreen><\/iframe><\/p>","protected":false},"excerpt":{"rendered":"<p data-start=\"497\" data-end=\"645\">Inspirada en el estilo retro, esta batidora es ideal para quienes disfrutan la reposter\u00eda casera con comodidad, potencia y precisi\u00f3n en cada receta.<\/p>\n<p data-start=\"647\" data-end=\"730\">","protected":false},"featured_media":7531,"template":"","meta":[],"product_brand":[],"product_cat":[206],"product_tag":[],"class_list":{"0":"post-7530","1":"product","2":"type-product","3":"status-publish","4":"has-post-thumbnail","6":"product_cat-batidoras","7":"pa_tipo-batidora-amasadora","9":"first","10":"instock","11":"shipping-taxable","12":"product-type-simple"},"yoast_head":"<!-- This site is optimized with the Yoast SEO Premium plugin v24.0 (Yoast SEO v26.5) - https:\/\/yoast.com\/wordpress\/plugins\/seo\/ -->\n<title>BATIDORA AMASADORA 400W VINTAGE K\u00dcKEN - K\u00fcken<\/title>\n<meta name=\"description\" content=\"Batidora amasadora 400w vintage k\u00fcken, potente y vers\u00e1til. 5 velocidades + turbo, dise\u00f1o retro y varillas inox para lograr masas perfectas.\" \/>\n<meta name=\"robots\" content=\"noindex, follow, max-snippet:-1, max-image-preview:large, max-video-preview:-1\" \/>\n<meta property=\"og:locale\" content=\"fr_FR\" \/>\n<meta property=\"og:type\" content=\"article\" \/>\n<meta property=\"og:title\" content=\"BATIDORA AMASADORA 400W VINTAGE K\u00dcKEN\" \/>\n<meta property=\"og:description\" content=\"Batidora amasadora 400w vintage k\u00fcken, potente y vers\u00e1til. 5 velocidades + turbo, dise\u00f1o retro y varillas inox para lograr masas perfectas.\" \/>\n<meta property=\"og:url\" content=\"https:\/\/kuken.alfadyser.dev\/fr\/produit\/batidora-amasadora-400w-vintage-kuken\/\" \/>\n<meta property=\"og:site_name\" content=\"K\u00fcken\" \/>\n<meta property=\"article:publisher\" content=\"https:\/\/es-es.facebook.com\/alfadyser\/\" \/>\n<meta property=\"article:modified_time\" content=\"2025-07-31T06:04:27+00:00\" \/>\n<meta property=\"og:image\" content=\"https:\/\/kuken.alfadyser.dev\/wp-content\/uploads\/8425160341398_01.jpg\" \/>\n\t<meta property=\"og:image:width\" content=\"2000\" \/>\n\t<meta property=\"og:image:height\" content=\"2000\" \/>\n\t<meta property=\"og:image:type\" content=\"image\/jpeg\" \/>\n<meta name=\"twitter:card\" content=\"summary_large_image\" \/>\n<meta name=\"twitter:label1\" content=\"Prix\" \/>\n\t<meta name=\"twitter:data1\" content=\"\" \/>\n\t<meta name=\"twitter:label2\" content=\"Disponibilit\u00e9\" \/>\n\t<meta name=\"twitter:data2\" content=\"En stock\" \/>\n<script type=\"application\/ld+json\" class=\"yoast-schema-graph\">{\"@context\":\"https:\/\/schema.org\",\"@graph\":[{\"@type\":\"WebPage\",\"@id\":\"https:\/\/kuken.alfadyser.dev\/producto\/batidora-amasadora-400w-vintage-kuken\/\",\"url\":\"https:\/\/kuken.alfadyser.dev\/producto\/batidora-amasadora-400w-vintage-kuken\/\",\"name\":\"BATIDORA AMASADORA 400W VINTAGE K\u00dcKEN - K\u00fcken\",\"isPartOf\":{\"@id\":\"https:\/\/kuken.alfadyser.dev\/#website\"},\"primaryImageOfPage\":{\"@id\":\"https:\/\/kuken.alfadyser.dev\/producto\/batidora-amasadora-400w-vintage-kuken\/#primaryimage\"},\"image\":{\"@id\":\"https:\/\/kuken.alfadyser.dev\/producto\/batidora-amasadora-400w-vintage-kuken\/#primaryimage\"},\"thumbnailUrl\":\"https:\/\/kuken.alfadyser.dev\/wp-content\/uploads\/8425160341398_01.jpg\",\"datePublished\":\"2021-07-21T06:31:29+00:00\",\"dateModified\":\"2025-07-31T06:04:27+00:00\",\"description\":\"Batidora amasadora 400w vintage k\u00fcken, potente y vers\u00e1til. 5 velocidades + turbo, dise\u00f1o retro y varillas inox para lograr masas perfectas.\",\"breadcrumb\":{\"@id\":\"https:\/\/kuken.alfadyser.dev\/producto\/batidora-amasadora-400w-vintage-kuken\/#breadcrumb\"},\"inLanguage\":\"fr-FR\",\"potentialAction\":[{\"@type\":\"ReadAction\",\"target\":[\"https:\/\/kuken.alfadyser.dev\/producto\/batidora-amasadora-400w-vintage-kuken\/\"]}]},{\"@type\":\"ImageObject\",\"inLanguage\":\"fr-FR\",\"@id\":\"https:\/\/kuken.alfadyser.dev\/producto\/batidora-amasadora-400w-vintage-kuken\/#primaryimage\",\"url\":\"https:\/\/kuken.alfadyser.dev\/wp-content\/uploads\/8425160341398_01.jpg\",\"contentUrl\":\"https:\/\/kuken.alfadyser.dev\/wp-content\/uploads\/8425160341398_01.jpg\",\"width\":2000,\"height\":2000,\"caption\":\"Batidora amasadora Kuken verde vintage\"},{\"@type\":\"BreadcrumbList\",\"@id\":\"https:\/\/kuken.alfadyser.dev\/producto\/batidora-amasadora-400w-vintage-kuken\/#breadcrumb\",\"itemListElement\":[{\"@type\":\"ListItem\",\"position\":1,\"name\":\"Portada\",\"item\":\"https:\/\/kuken.alfadyser.dev\/\"},{\"@type\":\"ListItem\",\"position\":2,\"name\":\"Productos\",\"item\":\"https:\/\/kuken.alfadyser.dev\/productos\/\"},{\"@type\":\"ListItem\",\"position\":3,\"name\":\"BATIDORA AMASADORA 400W VINTAGE K\u00dcKEN\"}]},{\"@type\":\"WebSite\",\"@id\":\"https:\/\/kuken.alfadyser.dev\/#website\",\"url\":\"https:\/\/kuken.alfadyser.dev\/\",\"name\":\"K\u00fcken\",\"description\":\"Amplia gama de peque\u00f1o electrodom\u00e9stico k\u00fcken\",\"publisher\":{\"@id\":\"https:\/\/kuken.alfadyser.dev\/#organization\"},\"potentialAction\":[{\"@type\":\"SearchAction\",\"target\":{\"@type\":\"EntryPoint\",\"urlTemplate\":\"https:\/\/kuken.alfadyser.dev\/?s={search_term_string}\"},\"query-input\":{\"@type\":\"PropertyValueSpecification\",\"valueRequired\":true,\"valueName\":\"search_term_string\"}}],\"inLanguage\":\"fr-FR\"},{\"@type\":\"Organization\",\"@id\":\"https:\/\/kuken.alfadyser.dev\/#organization\",\"name\":\"Alfa Dyser\",\"url\":\"https:\/\/kuken.alfadyser.dev\/\",\"logo\":{\"@type\":\"ImageObject\",\"inLanguage\":\"fr-FR\",\"@id\":\"https:\/\/kuken.alfadyser.dev\/#\/schema\/logo\/image\/\",\"url\":\"https:\/\/kuken.alfadyser.dev\/wp-content\/uploads\/2019\/04\/kuken-logo.png\",\"contentUrl\":\"https:\/\/kuken.alfadyser.dev\/wp-content\/uploads\/2019\/04\/kuken-logo.png\",\"width\":500,\"height\":191,\"caption\":\"Alfa Dyser\"},\"image\":{\"@id\":\"https:\/\/kuken.alfadyser.dev\/#\/schema\/logo\/image\/\"},\"sameAs\":[\"https:\/\/es-es.facebook.com\/alfadyser\/\",\"https:\/\/www.instagram.com\/kuken_appliances\/\"]}]}<\/script>\n<meta property=\"product:price:currency\" content=\"EUR\" \/>\n<meta property=\"og:availability\" content=\"instock\" \/>\n<meta property=\"product:availability\" content=\"instock\" \/>\n<meta property=\"product:retailer_item_id\" content=\"34139\" \/>\n<meta property=\"product:condition\" content=\"new\" \/>\n<!-- \/ Yoast SEO Premium plugin. -->","yoast_head_json":{"title":"BATIDORA AMASADORA 400W VINTAGE K\u00dcKEN - K\u00fcken","description":"Batidora amasadora 400w vintage k\u00fcken, potente y vers\u00e1til. 5 velocidades + turbo, dise\u00f1o retro y varillas inox para lograr masas perfectas.","robots":{"index":"noindex","follow":"follow","max-snippet":"max-snippet:-1","max-image-preview":"max-image-preview:large","max-video-preview":"max-video-preview:-1"},"og_locale":"fr_FR","og_type":"article","og_title":"BATIDORA AMASADORA 400W VINTAGE K\u00dcKEN","og_description":"Batidora amasadora 400w vintage k\u00fcken, potente y vers\u00e1til. 5 velocidades + turbo, dise\u00f1o retro y varillas inox para lograr masas perfectas.","og_url":"https:\/\/kuken.alfadyser.dev\/fr\/produit\/batidora-amasadora-400w-vintage-kuken\/","og_site_name":"K\u00fcken","article_publisher":"https:\/\/es-es.facebook.com\/alfadyser\/","article_modified_time":"2025-07-31T06:04:27+00:00","og_image":[{"width":2000,"height":2000,"url":"https:\/\/kuken.alfadyser.dev\/wp-content\/uploads\/8425160341398_01.jpg","type":"image\/jpeg"}],"twitter_card":"summary_large_image","twitter_misc":{"Prix":"","Disponibilit\u00e9":"En stock"},"schema":{"@context":"https:\/\/schema.org","@graph":[{"@type":"WebPage","@id":"https:\/\/kuken.alfadyser.dev\/producto\/batidora-amasadora-400w-vintage-kuken\/","url":"https:\/\/kuken.alfadyser.dev\/producto\/batidora-amasadora-400w-vintage-kuken\/","name":"BATIDORA AMASADORA 400W VINTAGE K\u00dcKEN - K\u00fcken","isPartOf":{"@id":"https:\/\/kuken.alfadyser.dev\/#website"},"primaryImageOfPage":{"@id":"https:\/\/kuken.alfadyser.dev\/producto\/batidora-amasadora-400w-vintage-kuken\/#primaryimage"},"image":{"@id":"https:\/\/kuken.alfadyser.dev\/producto\/batidora-amasadora-400w-vintage-kuken\/#primaryimage"},"thumbnailUrl":"https:\/\/kuken.alfadyser.dev\/wp-content\/uploads\/8425160341398_01.jpg","datePublished":"2021-07-21T06:31:29+00:00","dateModified":"2025-07-31T06:04:27+00:00","description":"Batidora amasadora 400w vintage k\u00fcken, potente y vers\u00e1til. 5 velocidades + turbo, dise\u00f1o retro y varillas inox para lograr masas perfectas.","breadcrumb":{"@id":"https:\/\/kuken.alfadyser.dev\/producto\/batidora-amasadora-400w-vintage-kuken\/#breadcrumb"},"inLanguage":"fr-FR","potentialAction":[{"@type":"ReadAction","target":["https:\/\/kuken.alfadyser.dev\/producto\/batidora-amasadora-400w-vintage-kuken\/"]}]},{"@type":"ImageObject","inLanguage":"fr-FR","@id":"https:\/\/kuken.alfadyser.dev\/producto\/batidora-amasadora-400w-vintage-kuken\/#primaryimage","url":"https:\/\/kuken.alfadyser.dev\/wp-content\/uploads\/8425160341398_01.jpg","contentUrl":"https:\/\/kuken.alfadyser.dev\/wp-content\/uploads\/8425160341398_01.jpg","width":2000,"height":2000,"caption":"Batidora amasadora Kuken verde vintage"},{"@type":"BreadcrumbList","@id":"https:\/\/kuken.alfadyser.dev\/producto\/batidora-amasadora-400w-vintage-kuken\/#breadcrumb","itemListElement":[{"@type":"ListItem","position":1,"name":"Portada","item":"https:\/\/kuken.alfadyser.dev\/"},{"@type":"ListItem","position":2,"name":"Productos","item":"https:\/\/kuken.alfadyser.dev\/productos\/"},{"@type":"ListItem","position":3,"name":"BATIDORA AMASADORA 400W VINTAGE K\u00dcKEN"}]},{"@type":"WebSite","@id":"https:\/\/kuken.alfadyser.dev\/#website","url":"https:\/\/kuken.alfadyser.dev\/","name":"K\u00fcken","description":"Large gamme de petits appareils m\u00e9nagers k\u00fcken","publisher":{"@id":"https:\/\/kuken.alfadyser.dev\/#organization"},"potentialAction":[{"@type":"SearchAction","target":{"@type":"EntryPoint","urlTemplate":"https:\/\/kuken.alfadyser.dev\/?s={search_term_string}"},"query-input":{"@type":"PropertyValueSpecification","valueRequired":true,"valueName":"search_term_string"}}],"inLanguage":"fr-FR"},{"@type":"Organization","@id":"https:\/\/kuken.alfadyser.dev\/#organization","name":"Alpha Dyser","url":"https:\/\/kuken.alfadyser.dev\/","logo":{"@type":"ImageObject","inLanguage":"fr-FR","@id":"https:\/\/kuken.alfadyser.dev\/#\/schema\/logo\/image\/","url":"https:\/\/kuken.alfadyser.dev\/wp-content\/uploads\/2019\/04\/kuken-logo.png","contentUrl":"https:\/\/kuken.alfadyser.dev\/wp-content\/uploads\/2019\/04\/kuken-logo.png","width":500,"height":191,"caption":"Alfa Dyser"},"image":{"@id":"https:\/\/kuken.alfadyser.dev\/#\/schema\/logo\/image\/"},"sameAs":["https:\/\/es-es.facebook.com\/alfadyser\/","https:\/\/www.instagram.com\/kuken_appliances\/"]}]},"product_price_currency":"EUR","og_availability":"instock","product_availability":"instock","product_retailer_item_id":"34139","product_condition":"new"},"_links":{"self":[{"href":"https:\/\/kuken.alfadyser.dev\/fr\/wp-json\/wp\/v2\/product\/7530","targetHints":{"allow":["GET"]}}],"collection":[{"href":"https:\/\/kuken.alfadyser.dev\/fr\/wp-json\/wp\/v2\/product"}],"about":[{"href":"https:\/\/kuken.alfadyser.dev\/fr\/wp-json\/wp\/v2\/types\/product"}],"wp:featuredmedia":[{"embeddable":true,"href":"https:\/\/kuken.alfadyser.dev\/fr\/wp-json\/wp\/v2\/media\/7531"}],"wp:attachment":[{"href":"https:\/\/kuken.alfadyser.dev\/fr\/wp-json\/wp\/v2\/media?parent=7530"}],"wp:term":[{"taxonomy":"product_brand","embeddable":true,"href":"https:\/\/kuken.alfadyser.dev\/fr\/wp-json\/wp\/v2\/product_brand?post=7530"},{"taxonomy":"product_cat","embeddable":true,"href":"https:\/\/kuken.alfadyser.dev\/fr\/wp-json\/wp\/v2\/product_cat?post=7530"},{"taxonomy":"product_tag","embeddable":true,"href":"https:\/\/kuken.alfadyser.dev\/fr\/wp-json\/wp\/v2\/product_tag?post=7530"}],"curies":[{"name":"wp","href":"https:\/\/api.w.org\/{rel}","templated":true}]}}