{"id":6543,"date":"2020-11-11T15:35:43","date_gmt":"2020-11-11T14:35:43","guid":{"rendered":"https:\/\/kuken.alfadyser.dev\/?post_type=product&#038;p=6543"},"modified":"2025-07-22T14:26:22","modified_gmt":"2025-07-22T12:26:22","slug":"hoover-balai-kuken-batterie-29-6v","status":"publish","type":"product","link":"https:\/\/kuken.alfadyser.dev\/fr\/produit\/hoover-balai-kuken-batterie-29-6v\/","title":{"rendered":"K\u00dcKEN HOOVER BALAI BATTERIE 29.6V"},"content":{"rendered":"<div class=\"puntos\">\n<p>K\u00dcKEN HOOVER BALAI BATTERIE 29.6V<\/p>\n<ul data-start=\"546\" data-end=\"1013\">\n<li data-start=\"546\" data-end=\"626\">\n<p data-start=\"548\" data-end=\"626\">Sistema Cyclonic inteligente: mantiene la succi\u00f3n constante y eficiente.<\/p>\n<\/li>\n<li data-start=\"627\" data-end=\"693\">\n<p data-start=\"629\" data-end=\"693\">2 en 1: se transforma f\u00e1cilmente en aspirador de mano.<\/p>\n<\/li>\n<li data-start=\"694\" data-end=\"760\">\n<p data-start=\"696\" data-end=\"760\">Filtro 3D HEPA: captura al\u00e9rgenos, polvo fino y bacterias.<\/p>\n<\/li>\n<li data-start=\"761\" data-end=\"849\">\n<p data-start=\"763\" data-end=\"849\">Tres modos de velocidad: ECO (60 min), AUTO (45 min) y MAX (23 min).<\/p>\n<\/li>\n<li data-start=\"850\" data-end=\"914\">\n<p data-start=\"852\" data-end=\"914\">Luz LED frontal: mejora la visibilidad en zonas oscuras.<\/p>\n<\/li>\n<li data-start=\"915\" data-end=\"1013\">\n<p data-start=\"917\" data-end=\"1013\">Accesorios incluidos: diferentes cepillos y boquilla de succi\u00f3n para mayor versatilidad.<\/p>\n<\/li>\n<\/ul>\n<p>&nbsp;<\/p>\n<\/div>\n<div class=\"accordion\"><div class=\"mfn-acc accordion_wrapper  toggle\"><div class=\"question\"><div class=\"title\"><i class=\"icon-plus acc-icon-plus\" aria-hidden=\"true\"><\/i><i class=\"icon-minus acc-icon-minus\" aria-hidden=\"true\"><\/i>Donn\u00e9es du produit<\/div><div class=\"answer\">EAN : 8425160341305<\/p>\n<p>K\u00dcKEN HOOVER BALAI BATTERIE 29.6V<\/p>\n<p>Unit\u00e9s : 1<br \/>\nCouleur : gris et rouge<br \/>\nEmballage : bo\u00eete color\u00e9e<br \/>\nPuissance : 29,6 V<br \/>\nVitesses : 3<br \/>\nD\u00e9tachable : Oui<br \/>\nEclairage LED : Oui<\/p>\n<p><div class=\"accordion\"><div class=\"mfn-acc accordion_wrapper  toggle\"><\/div><\/div>\n<div class=\"question\"><div class=\"title\"><i class=\"icon-plus acc-icon-plus\" aria-hidden=\"true\"><\/i><i class=\"icon-minus acc-icon-minus\" aria-hidden=\"true\"><\/i>Accessoires<\/div><div class=\"answer\"><\/div><\/div>\n<\/div><\/div>\n<\/div><\/div>\n\n<div class=\"descargas-producto\"><a href=\"\/wp-content\/uploads\/pdf\/8425160340193_ficha_tecnica.pdf\" target=\"_blank\" rel=\"noopener noreferrer\" data-wp-editing=\"1\"><br \/>\n<\/a><a href=\"https:\/\/kuken.alfadyser.dev\/wp-content\/uploads\/pdf\/8425160358273_02_ficha_tecnica.pdf\" target=\"_blank\" rel=\"noopener noreferrer\"><img loading=\"lazy\" decoding=\"async\" class=\"alignnone\" src=\"\/wp-content\/uploads\/2019\/12\/picto-descarrega.png\" alt=\"t\u00e9l\u00e9charger la fiche technique\" width=\"23\" height=\"16\" \/><\/a><a href=\"https:\/\/kuken.alfadyser.dev\/wp-content\/uploads\/pdf\/8425160341305_ficha_tecnica.pdf\" target=\"_blank\" rel=\"noopener noreferrer\" data-wp-editing=\"1\">T\u00e9l\u00e9charger la fiche<\/a><br \/>\n<a href=\"\/wp-content\/uploads\/pdf\/34130_instrucciones.pdf\"><img loading=\"lazy\" decoding=\"async\" class=\"alignnone\" src=\"\/wp-content\/uploads\/2019\/12\/picto-descarrega.png\" alt=\"t\u00e9l\u00e9charger le manuel d&#039;instructions\" width=\"23\" height=\"16\" \/>T\u00e9l\u00e9charger le manuel<\/a><\/div>\n<div><\/div>\n<div><span style=\"color: #bf2121\">Suivez-nous sur les m\u00e9dias sociaux !<\/span><\/div>\n<div><a href=\"https:\/\/www.instagram.com\/kuken_appliances\/\">https:\/\/www.instagram.com\/kuken_appliances\/<\/a><\/div>\n<div><\/div>\n<p><iframe loading=\"lazy\" title=\"Aspirateur intelligent 29,6V k\u00fcken\" width=\"560\" height=\"315\" src=\"https:\/\/www.youtube.com\/embed\/nBP00GMR6Aw?feature=oembed\" frameborder=\"0\" allow=\"accelerometer; autoplay; clipboard-write; encrypted-media; gyroscope; picture-in-picture; web-share\" referrerpolicy=\"strict-origin-when-cross-origin\" allowfullscreen><\/iframe><\/p>","protected":false},"excerpt":{"rendered":"<p data-start=\"354\" data-end=\"508\">Limpieza total sin esfuerzo con este aspirador escoba 2 en 1. Ideal para todo tipo de superficies gracias a su potencia, autonom\u00eda y accesorios incluidos.<\/p>","protected":false},"featured_media":6548,"template":"","meta":[],"product_brand":[],"product_cat":[208],"product_tag":[],"class_list":{"0":"post-6543","1":"product","2":"type-product","3":"status-publish","4":"has-post-thumbnail","6":"product_cat-aspiradores","8":"first","9":"instock","10":"product-type-simple"},"yoast_head":"<!-- This site is optimized with the Yoast SEO Premium plugin v24.0 (Yoast SEO v26.5) - https:\/\/yoast.com\/wordpress\/plugins\/seo\/ -->\n<title>ASPIRADOR ESCOBA K\u00dcKEN BATER\u00cdA 29.6V - K\u00fcken<\/title>\n<meta name=\"description\" content=\"Aspirador escoba inteligente k\u00fcken, tecnolog\u00eda sin cable. 2 en 1; aspirador tipo escoba y aspirador de mano. Desc\u00fabrelo aqu\u00ed.\" \/>\n<meta name=\"robots\" content=\"noindex, follow, max-snippet:-1, max-image-preview:large, max-video-preview:-1\" \/>\n<meta property=\"og:locale\" content=\"fr_FR\" \/>\n<meta property=\"og:type\" content=\"article\" \/>\n<meta property=\"og:title\" content=\"ASPIRADOR ESCOBA K\u00dcKEN BATER\u00cdA 29.6V\" \/>\n<meta property=\"og:description\" content=\"Aspirador escoba inteligente k\u00fcken, tecnolog\u00eda sin cable. 2 en 1; aspirador tipo escoba y aspirador de mano. Desc\u00fabrelo aqu\u00ed.\" \/>\n<meta property=\"og:url\" content=\"https:\/\/kuken.alfadyser.dev\/fr\/produit\/hoover-balai-kuken-batterie-29-6v\/\" \/>\n<meta property=\"og:site_name\" content=\"K\u00fcken\" \/>\n<meta property=\"article:publisher\" content=\"https:\/\/es-es.facebook.com\/alfadyser\/\" \/>\n<meta property=\"article:modified_time\" content=\"2025-07-22T12:26:22+00:00\" \/>\n<meta property=\"og:image\" content=\"https:\/\/kuken.alfadyser.dev\/wp-content\/uploads\/34130_2.jpg\" \/>\n\t<meta property=\"og:image:width\" content=\"2000\" \/>\n\t<meta property=\"og:image:height\" content=\"2000\" \/>\n\t<meta property=\"og:image:type\" content=\"image\/jpeg\" \/>\n<meta name=\"twitter:card\" content=\"summary_large_image\" \/>\n<meta name=\"twitter:label1\" content=\"Prix\" \/>\n\t<meta name=\"twitter:data1\" content=\"\" \/>\n\t<meta name=\"twitter:label2\" content=\"Disponibilit\u00e9\" \/>\n\t<meta name=\"twitter:data2\" content=\"En stock\" \/>\n<script type=\"application\/ld+json\" class=\"yoast-schema-graph\">{\"@context\":\"https:\/\/schema.org\",\"@graph\":[{\"@type\":\"WebPage\",\"@id\":\"https:\/\/kuken.alfadyser.dev\/producto\/aspirador-escoba-kuken-bateria-29-6v\/\",\"url\":\"https:\/\/kuken.alfadyser.dev\/producto\/aspirador-escoba-kuken-bateria-29-6v\/\",\"name\":\"ASPIRADOR ESCOBA K\u00dcKEN BATER\u00cdA 29.6V - K\u00fcken\",\"isPartOf\":{\"@id\":\"https:\/\/kuken.alfadyser.dev\/#website\"},\"primaryImageOfPage\":{\"@id\":\"https:\/\/kuken.alfadyser.dev\/producto\/aspirador-escoba-kuken-bateria-29-6v\/#primaryimage\"},\"image\":{\"@id\":\"https:\/\/kuken.alfadyser.dev\/producto\/aspirador-escoba-kuken-bateria-29-6v\/#primaryimage\"},\"thumbnailUrl\":\"https:\/\/kuken.alfadyser.dev\/wp-content\/uploads\/34130_2.jpg\",\"datePublished\":\"2020-11-11T14:35:43+00:00\",\"dateModified\":\"2025-07-22T12:26:22+00:00\",\"description\":\"Aspirador escoba inteligente k\u00fcken, tecnolog\u00eda sin cable. 2 en 1; aspirador tipo escoba y aspirador de mano. Desc\u00fabrelo aqu\u00ed.\",\"breadcrumb\":{\"@id\":\"https:\/\/kuken.alfadyser.dev\/producto\/aspirador-escoba-kuken-bateria-29-6v\/#breadcrumb\"},\"inLanguage\":\"fr-FR\",\"potentialAction\":[{\"@type\":\"ReadAction\",\"target\":[\"https:\/\/kuken.alfadyser.dev\/producto\/aspirador-escoba-kuken-bateria-29-6v\/\"]}]},{\"@type\":\"ImageObject\",\"inLanguage\":\"fr-FR\",\"@id\":\"https:\/\/kuken.alfadyser.dev\/producto\/aspirador-escoba-kuken-bateria-29-6v\/#primaryimage\",\"url\":\"https:\/\/kuken.alfadyser.dev\/wp-content\/uploads\/34130_2.jpg\",\"contentUrl\":\"https:\/\/kuken.alfadyser.dev\/wp-content\/uploads\/34130_2.jpg\",\"width\":2000,\"height\":2000,\"caption\":\"Aspirador 2 en 1. Aspirador escoba y aspirador de mano.\"},{\"@type\":\"BreadcrumbList\",\"@id\":\"https:\/\/kuken.alfadyser.dev\/producto\/aspirador-escoba-kuken-bateria-29-6v\/#breadcrumb\",\"itemListElement\":[{\"@type\":\"ListItem\",\"position\":1,\"name\":\"Portada\",\"item\":\"https:\/\/kuken.alfadyser.dev\/\"},{\"@type\":\"ListItem\",\"position\":2,\"name\":\"Productos\",\"item\":\"https:\/\/kuken.alfadyser.dev\/productos\/\"},{\"@type\":\"ListItem\",\"position\":3,\"name\":\"ASPIRADOR ESCOBA K\u00dcKEN BATER\u00cdA 29.6V\"}]},{\"@type\":\"WebSite\",\"@id\":\"https:\/\/kuken.alfadyser.dev\/#website\",\"url\":\"https:\/\/kuken.alfadyser.dev\/\",\"name\":\"K\u00fcken\",\"description\":\"Amplia gama de peque\u00f1o electrodom\u00e9stico k\u00fcken\",\"publisher\":{\"@id\":\"https:\/\/kuken.alfadyser.dev\/#organization\"},\"potentialAction\":[{\"@type\":\"SearchAction\",\"target\":{\"@type\":\"EntryPoint\",\"urlTemplate\":\"https:\/\/kuken.alfadyser.dev\/?s={search_term_string}\"},\"query-input\":{\"@type\":\"PropertyValueSpecification\",\"valueRequired\":true,\"valueName\":\"search_term_string\"}}],\"inLanguage\":\"fr-FR\"},{\"@type\":\"Organization\",\"@id\":\"https:\/\/kuken.alfadyser.dev\/#organization\",\"name\":\"Alfa Dyser\",\"url\":\"https:\/\/kuken.alfadyser.dev\/\",\"logo\":{\"@type\":\"ImageObject\",\"inLanguage\":\"fr-FR\",\"@id\":\"https:\/\/kuken.alfadyser.dev\/#\/schema\/logo\/image\/\",\"url\":\"https:\/\/kuken.alfadyser.dev\/wp-content\/uploads\/2019\/04\/kuken-logo.png\",\"contentUrl\":\"https:\/\/kuken.alfadyser.dev\/wp-content\/uploads\/2019\/04\/kuken-logo.png\",\"width\":500,\"height\":191,\"caption\":\"Alfa Dyser\"},\"image\":{\"@id\":\"https:\/\/kuken.alfadyser.dev\/#\/schema\/logo\/image\/\"},\"sameAs\":[\"https:\/\/es-es.facebook.com\/alfadyser\/\",\"https:\/\/www.instagram.com\/kuken_appliances\/\"]}]}<\/script>\n<meta property=\"product:price:currency\" content=\"EUR\" \/>\n<meta property=\"og:availability\" content=\"instock\" \/>\n<meta property=\"product:availability\" content=\"instock\" \/>\n<meta property=\"product:retailer_item_id\" content=\"34130\" \/>\n<meta property=\"product:condition\" content=\"new\" \/>\n<!-- \/ Yoast SEO Premium plugin. -->","yoast_head_json":{"title":"BALAI HOOVER K\u00dcKEN BATTERIE 29.6V - K\u00fcken","description":"k\u00fcken smart balai aspirateur, technologie sans fil. 2 en 1 ; aspirateur balai et aspirateur \u00e0 main. D\u00e9couvrez-le ici.","robots":{"index":"noindex","follow":"follow","max-snippet":"max-snippet:-1","max-image-preview":"max-image-preview:large","max-video-preview":"max-video-preview:-1"},"og_locale":"fr_FR","og_type":"article","og_title":"ASPIRADOR ESCOBA K\u00dcKEN BATER\u00cdA 29.6V","og_description":"Aspirador escoba inteligente k\u00fcken, tecnolog\u00eda sin cable. 2 en 1; aspirador tipo escoba y aspirador de mano. Desc\u00fabrelo aqu\u00ed.","og_url":"https:\/\/kuken.alfadyser.dev\/fr\/produit\/hoover-balai-kuken-batterie-29-6v\/","og_site_name":"K\u00fcken","article_publisher":"https:\/\/es-es.facebook.com\/alfadyser\/","article_modified_time":"2025-07-22T12:26:22+00:00","og_image":[{"width":2000,"height":2000,"url":"https:\/\/kuken.alfadyser.dev\/wp-content\/uploads\/34130_2.jpg","type":"image\/jpeg"}],"twitter_card":"summary_large_image","twitter_misc":{"Prix":"","Disponibilit\u00e9":"En stock"},"schema":{"@context":"https:\/\/schema.org","@graph":[{"@type":"WebPage","@id":"https:\/\/kuken.alfadyser.dev\/producto\/aspirador-escoba-kuken-bateria-29-6v\/","url":"https:\/\/kuken.alfadyser.dev\/producto\/aspirador-escoba-kuken-bateria-29-6v\/","name":"BALAI HOOVER K\u00dcKEN BATTERIE 29.6V - K\u00fcken","isPartOf":{"@id":"https:\/\/kuken.alfadyser.dev\/#website"},"primaryImageOfPage":{"@id":"https:\/\/kuken.alfadyser.dev\/producto\/aspirador-escoba-kuken-bateria-29-6v\/#primaryimage"},"image":{"@id":"https:\/\/kuken.alfadyser.dev\/producto\/aspirador-escoba-kuken-bateria-29-6v\/#primaryimage"},"thumbnailUrl":"https:\/\/kuken.alfadyser.dev\/wp-content\/uploads\/34130_2.jpg","datePublished":"2020-11-11T14:35:43+00:00","dateModified":"2025-07-22T12:26:22+00:00","description":"k\u00fcken smart balai aspirateur, technologie sans fil. 2 en 1 ; aspirateur balai et aspirateur \u00e0 main. D\u00e9couvrez-le ici.","breadcrumb":{"@id":"https:\/\/kuken.alfadyser.dev\/producto\/aspirador-escoba-kuken-bateria-29-6v\/#breadcrumb"},"inLanguage":"fr-FR","potentialAction":[{"@type":"ReadAction","target":["https:\/\/kuken.alfadyser.dev\/producto\/aspirador-escoba-kuken-bateria-29-6v\/"]}]},{"@type":"ImageObject","inLanguage":"fr-FR","@id":"https:\/\/kuken.alfadyser.dev\/producto\/aspirador-escoba-kuken-bateria-29-6v\/#primaryimage","url":"https:\/\/kuken.alfadyser.dev\/wp-content\/uploads\/34130_2.jpg","contentUrl":"https:\/\/kuken.alfadyser.dev\/wp-content\/uploads\/34130_2.jpg","width":2000,"height":2000,"caption":"Aspirador 2 en 1. Aspirador escoba y aspirador de mano."},{"@type":"BreadcrumbList","@id":"https:\/\/kuken.alfadyser.dev\/producto\/aspirador-escoba-kuken-bateria-29-6v\/#breadcrumb","itemListElement":[{"@type":"ListItem","position":1,"name":"Portada","item":"https:\/\/kuken.alfadyser.dev\/"},{"@type":"ListItem","position":2,"name":"Productos","item":"https:\/\/kuken.alfadyser.dev\/productos\/"},{"@type":"ListItem","position":3,"name":"ASPIRADOR ESCOBA K\u00dcKEN BATER\u00cdA 29.6V"}]},{"@type":"WebSite","@id":"https:\/\/kuken.alfadyser.dev\/#website","url":"https:\/\/kuken.alfadyser.dev\/","name":"K\u00fcken","description":"Large gamme de petits appareils m\u00e9nagers k\u00fcken","publisher":{"@id":"https:\/\/kuken.alfadyser.dev\/#organization"},"potentialAction":[{"@type":"SearchAction","target":{"@type":"EntryPoint","urlTemplate":"https:\/\/kuken.alfadyser.dev\/?s={search_term_string}"},"query-input":{"@type":"PropertyValueSpecification","valueRequired":true,"valueName":"search_term_string"}}],"inLanguage":"fr-FR"},{"@type":"Organization","@id":"https:\/\/kuken.alfadyser.dev\/#organization","name":"Alpha Dyser","url":"https:\/\/kuken.alfadyser.dev\/","logo":{"@type":"ImageObject","inLanguage":"fr-FR","@id":"https:\/\/kuken.alfadyser.dev\/#\/schema\/logo\/image\/","url":"https:\/\/kuken.alfadyser.dev\/wp-content\/uploads\/2019\/04\/kuken-logo.png","contentUrl":"https:\/\/kuken.alfadyser.dev\/wp-content\/uploads\/2019\/04\/kuken-logo.png","width":500,"height":191,"caption":"Alfa Dyser"},"image":{"@id":"https:\/\/kuken.alfadyser.dev\/#\/schema\/logo\/image\/"},"sameAs":["https:\/\/es-es.facebook.com\/alfadyser\/","https:\/\/www.instagram.com\/kuken_appliances\/"]}]},"product_price_currency":"EUR","og_availability":"instock","product_availability":"instock","product_retailer_item_id":"34130","product_condition":"new"},"_links":{"self":[{"href":"https:\/\/kuken.alfadyser.dev\/fr\/wp-json\/wp\/v2\/product\/6543","targetHints":{"allow":["GET"]}}],"collection":[{"href":"https:\/\/kuken.alfadyser.dev\/fr\/wp-json\/wp\/v2\/product"}],"about":[{"href":"https:\/\/kuken.alfadyser.dev\/fr\/wp-json\/wp\/v2\/types\/product"}],"wp:featuredmedia":[{"embeddable":true,"href":"https:\/\/kuken.alfadyser.dev\/fr\/wp-json\/wp\/v2\/media\/6548"}],"wp:attachment":[{"href":"https:\/\/kuken.alfadyser.dev\/fr\/wp-json\/wp\/v2\/media?parent=6543"}],"wp:term":[{"taxonomy":"product_brand","embeddable":true,"href":"https:\/\/kuken.alfadyser.dev\/fr\/wp-json\/wp\/v2\/product_brand?post=6543"},{"taxonomy":"product_cat","embeddable":true,"href":"https:\/\/kuken.alfadyser.dev\/fr\/wp-json\/wp\/v2\/product_cat?post=6543"},{"taxonomy":"product_tag","embeddable":true,"href":"https:\/\/kuken.alfadyser.dev\/fr\/wp-json\/wp\/v2\/product_tag?post=6543"}],"curies":[{"name":"wp","href":"https:\/\/api.w.org\/{rel}","templated":true}]}}