{"id":6324,"date":"2020-11-03T10:28:22","date_gmt":"2020-11-03T09:28:22","guid":{"rendered":"https:\/\/kuken.alfadyser.dev\/?post_type=product&#038;p=6324"},"modified":"2025-07-22T14:34:47","modified_gmt":"2025-07-22T12:34:47","slug":"auriculares-inalambricos-blancos-iphone-kuken","status":"publish","type":"product","link":"https:\/\/kuken.alfadyser.dev\/fr\/produit\/auriculares-inalambricos-blancos-iphone-kuken\/","title":{"rendered":"K\u00dcKEN WIRELESS WHITE IPHONE HEADPHONES"},"content":{"rendered":"<p>AURICULARES INAL\u00c1MBRICOS BLANCOS IPHONE K\u00dcKEN i10.<\/p>\n<ul>\n<li class=\"\" data-start=\"666\" data-end=\"749\">\n<p class=\"\" data-start=\"668\" data-end=\"749\">Conexi\u00f3n Bluetooth compatible con iOS y Android, emparejamiento r\u00e1pido.<\/p>\n<\/li>\n<li class=\"\" data-start=\"750\" data-end=\"820\">\n<p class=\"\" data-start=\"752\" data-end=\"820\">Funci\u00f3n \u201cOye Siri\u201d para control por voz en dispositivos Apple.<\/p>\n<\/li>\n<li class=\"\" data-start=\"821\" data-end=\"899\">\n<p class=\"\" data-start=\"823\" data-end=\"899\">Cancelaci\u00f3n de ruido, cambio de canciones y micr\u00f3fono incorporado.<\/p>\n<\/li>\n<li class=\"\" data-start=\"900\" data-end=\"979\">\n<p class=\"\" data-start=\"902\" data-end=\"979\">Tiempo de carga completo de 40 minutos, con autonom\u00eda de 3h en uso.<\/p>\n<\/li>\n<li class=\"\" data-start=\"980\" data-end=\"1037\">\n<p class=\"\" data-start=\"982\" data-end=\"1037\">Hasta 100h en modo espera, ideal para uso diario.<\/p>\n<\/li>\n<li class=\"\" data-start=\"1038\" data-end=\"1109\">\n<p class=\"\" data-start=\"1040\" data-end=\"1109\">Alcance inal\u00e1mbrico de 10 metros, mayor libertad de movimiento.<\/p>\n<\/li>\n<li class=\"\" data-start=\"1110\" data-end=\"1183\">\n<p class=\"\" data-start=\"1112\" data-end=\"1183\">Funci\u00f3n contestador autom\u00e1tico para llamadas c\u00f3modas y sin manos.<\/p>\n<\/li>\n<li class=\"\" data-start=\"1184\" data-end=\"1250\">\n<p class=\"\" data-start=\"1186\" data-end=\"1250\">Incluye estuche de transporte y carga compacto y pr\u00e1ctico.<\/p>\n<\/li>\n<li class=\"\" data-start=\"1251\" data-end=\"1337\">\n<p class=\"\" data-start=\"1253\" data-end=\"1337\">Auriculares blancos, ligeros y ergon\u00f3micos con cable Lightning de 10 metros.<\/p>\n<\/li>\n<\/ul>\n<p><div class=\"accordion\"><div class=\"mfn-acc accordion_wrapper  toggle\"><div class=\"question\"><div class=\"title\"><i class=\"icon-plus acc-icon-plus\" aria-hidden=\"true\"><\/i><i class=\"icon-minus acc-icon-minus\" aria-hidden=\"true\"><\/i>Donn\u00e9es du produit<\/div><div class=\"answer\">EAN: 8425160342319<\/p>\n<p>AURICULARES INAL\u00c1MBRICOS BLANCOS IPHONE K\u00dcKEN i10.<\/p>\n<p>Unit\u00e9s : 1<br \/>\nCouleur : blanc<br \/>\nEmballage : bo\u00eete color\u00e9e<br \/>\nVoltaje: 5V<br \/>\nRechargeable : Oui<br \/>\nPeso: 8 kg<\/p>\n<p><\/div><\/div>\n<\/div><\/div>\n<br \/>\n<div class=\"accordion\"><div class=\"mfn-acc accordion_wrapper  toggle\"><div class=\"question\"><div class=\"title\"><i class=\"icon-plus acc-icon-plus\" aria-hidden=\"true\"><\/i><i class=\"icon-minus acc-icon-minus\" aria-hidden=\"true\"><\/i>Accessoires<\/div><div class=\"answer\"><\/div><\/div>\n<\/div><\/div>\n<\/p>\n<div class=\"descargas-producto\"><a href=\"\/wp-content\/uploads\/pdf\/8425160369057_ficha_tecnica.pdf\" target=\"_blank\" rel=\"noopener noreferrer\" data-wp-editing=\"1\"><br \/>\n<img loading=\"lazy\" decoding=\"async\" class=\"alignnone\" src=\"\/wp-content\/uploads\/2019\/12\/picto-descarrega.png\" alt=\"t\u00e9l\u00e9charger la fiche technique\" width=\"23\" height=\"16\" \/>T\u00e9l\u00e9charger la fiche<\/a><br \/>\n<a href=\"\/wp-content\/uploads\/pdf\/34099_instrucciones.pdf\"><img loading=\"lazy\" decoding=\"async\" src=\"\/wp-content\/uploads\/2019\/12\/picto-descarrega.png\" alt=\"t\u00e9l\u00e9charger le manuel d&#039;instructions\" width=\"23\" height=\"16\" \/>T\u00e9l\u00e9charger le manuel<\/a><\/div>\n<div><\/div>\n<div><span style=\"color: #bf2121\">Suivez-nous sur les m\u00e9dias sociaux !<\/span><\/div>\n<div><a href=\"https:\/\/www.instagram.com\/kuken_appliances\/\">https:\/\/www.instagram.com\/kuken_appliances\/<\/a><\/div>","protected":false},"excerpt":{"rendered":"<p class=\"\" data-start=\"439\" data-end=\"589\">Dise\u00f1o c\u00f3modo y funcional, con tecnolog\u00eda Bluetooth para conectar f\u00e1cilmente. Ligeros, con micr\u00f3fono y estuche de carga. Ideal para llamadas y m\u00fasica.<\/p>","protected":false},"featured_media":4137,"template":"","meta":[],"product_brand":[],"product_cat":[229],"product_tag":[],"class_list":{"0":"post-6324","1":"product","2":"type-product","3":"status-publish","4":"has-post-thumbnail","6":"product_cat-auriculares","8":"first","9":"instock","10":"product-type-simple"},"yoast_head":"<!-- This site is optimized with the Yoast SEO Premium plugin v24.0 (Yoast SEO v26.5) - https:\/\/yoast.com\/wordpress\/plugins\/seo\/ -->\n<title>AURICULARES INAL\u00c1MBRICOS BLANCOS IPHONE K\u00dcKEN - K\u00fcken<\/title>\n<meta name=\"description\" content=\"Auriculares inal\u00e1mbricos blancos, dise\u00f1o elegante y c\u00f3modo. Sonido perfecto. Compatibilidad con iPhone y Android. Descubre aqu\u00ed todas sus funciones.\" \/>\n<meta name=\"robots\" content=\"noindex, follow, max-snippet:-1, max-image-preview:large, max-video-preview:-1\" \/>\n<meta property=\"og:locale\" content=\"fr_FR\" \/>\n<meta property=\"og:type\" content=\"article\" \/>\n<meta property=\"og:title\" content=\"AURICULARES INAL\u00c1MBRICOS BLANCOS IPHONE K\u00dcKEN\" \/>\n<meta property=\"og:description\" content=\"Auriculares inal\u00e1mbricos blancos, dise\u00f1o elegante y c\u00f3modo. Sonido perfecto. Compatibilidad con iPhone y Android. Descubre aqu\u00ed todas sus funciones.\" \/>\n<meta property=\"og:url\" content=\"https:\/\/kuken.alfadyser.dev\/fr\/produit\/auriculares-inalambricos-blancos-iphone-kuken\/\" \/>\n<meta property=\"og:site_name\" content=\"K\u00fcken\" \/>\n<meta property=\"article:publisher\" content=\"https:\/\/es-es.facebook.com\/alfadyser\/\" \/>\n<meta property=\"article:modified_time\" content=\"2025-07-22T12:34:47+00:00\" \/>\n<meta property=\"og:image\" content=\"https:\/\/kuken.alfadyser.dev\/wp-content\/uploads\/2020\/03\/34099_1-1.jpg\" \/>\n\t<meta property=\"og:image:width\" content=\"2000\" \/>\n\t<meta property=\"og:image:height\" content=\"2000\" \/>\n\t<meta property=\"og:image:type\" content=\"image\/jpeg\" \/>\n<meta name=\"twitter:card\" content=\"summary_large_image\" \/>\n<meta name=\"twitter:label1\" content=\"Prix\" \/>\n\t<meta name=\"twitter:data1\" content=\"\" \/>\n\t<meta name=\"twitter:label2\" content=\"Disponibilit\u00e9\" \/>\n\t<meta name=\"twitter:data2\" content=\"En stock\" \/>\n<script type=\"application\/ld+json\" class=\"yoast-schema-graph\">{\"@context\":\"https:\/\/schema.org\",\"@graph\":[{\"@type\":\"WebPage\",\"@id\":\"https:\/\/kuken.alfadyser.dev\/producto\/auriculares-inalambricos-blancos-iphone-kuken\/\",\"url\":\"https:\/\/kuken.alfadyser.dev\/producto\/auriculares-inalambricos-blancos-iphone-kuken\/\",\"name\":\"AURICULARES INAL\u00c1MBRICOS BLANCOS IPHONE K\u00dcKEN - K\u00fcken\",\"isPartOf\":{\"@id\":\"https:\/\/kuken.alfadyser.dev\/#website\"},\"primaryImageOfPage\":{\"@id\":\"https:\/\/kuken.alfadyser.dev\/producto\/auriculares-inalambricos-blancos-iphone-kuken\/#primaryimage\"},\"image\":{\"@id\":\"https:\/\/kuken.alfadyser.dev\/producto\/auriculares-inalambricos-blancos-iphone-kuken\/#primaryimage\"},\"thumbnailUrl\":\"https:\/\/kuken.alfadyser.dev\/wp-content\/uploads\/2020\/03\/34099_1-1.jpg\",\"datePublished\":\"2020-11-03T09:28:22+00:00\",\"dateModified\":\"2025-07-22T12:34:47+00:00\",\"description\":\"Auriculares inal\u00e1mbricos blancos, dise\u00f1o elegante y c\u00f3modo. Sonido perfecto. Compatibilidad con iPhone y Android. Descubre aqu\u00ed todas sus funciones.\",\"breadcrumb\":{\"@id\":\"https:\/\/kuken.alfadyser.dev\/producto\/auriculares-inalambricos-blancos-iphone-kuken\/#breadcrumb\"},\"inLanguage\":\"fr-FR\",\"potentialAction\":[{\"@type\":\"ReadAction\",\"target\":[\"https:\/\/kuken.alfadyser.dev\/producto\/auriculares-inalambricos-blancos-iphone-kuken\/\"]}]},{\"@type\":\"ImageObject\",\"inLanguage\":\"fr-FR\",\"@id\":\"https:\/\/kuken.alfadyser.dev\/producto\/auriculares-inalambricos-blancos-iphone-kuken\/#primaryimage\",\"url\":\"https:\/\/kuken.alfadyser.dev\/wp-content\/uploads\/2020\/03\/34099_1-1.jpg\",\"contentUrl\":\"https:\/\/kuken.alfadyser.dev\/wp-content\/uploads\/2020\/03\/34099_1-1.jpg\",\"width\":2000,\"height\":2000,\"caption\":\"Auriculares inal\u00e1mbricos blancos tipo apple\"},{\"@type\":\"BreadcrumbList\",\"@id\":\"https:\/\/kuken.alfadyser.dev\/producto\/auriculares-inalambricos-blancos-iphone-kuken\/#breadcrumb\",\"itemListElement\":[{\"@type\":\"ListItem\",\"position\":1,\"name\":\"Portada\",\"item\":\"https:\/\/kuken.alfadyser.dev\/\"},{\"@type\":\"ListItem\",\"position\":2,\"name\":\"Productos\",\"item\":\"https:\/\/kuken.alfadyser.dev\/productos\/\"},{\"@type\":\"ListItem\",\"position\":3,\"name\":\"AURICULARES INAL\u00c1MBRICOS BLANCOS IPHONE K\u00dcKEN\"}]},{\"@type\":\"WebSite\",\"@id\":\"https:\/\/kuken.alfadyser.dev\/#website\",\"url\":\"https:\/\/kuken.alfadyser.dev\/\",\"name\":\"K\u00fcken\",\"description\":\"Amplia gama de peque\u00f1o electrodom\u00e9stico k\u00fcken\",\"publisher\":{\"@id\":\"https:\/\/kuken.alfadyser.dev\/#organization\"},\"potentialAction\":[{\"@type\":\"SearchAction\",\"target\":{\"@type\":\"EntryPoint\",\"urlTemplate\":\"https:\/\/kuken.alfadyser.dev\/?s={search_term_string}\"},\"query-input\":{\"@type\":\"PropertyValueSpecification\",\"valueRequired\":true,\"valueName\":\"search_term_string\"}}],\"inLanguage\":\"fr-FR\"},{\"@type\":\"Organization\",\"@id\":\"https:\/\/kuken.alfadyser.dev\/#organization\",\"name\":\"Alfa Dyser\",\"url\":\"https:\/\/kuken.alfadyser.dev\/\",\"logo\":{\"@type\":\"ImageObject\",\"inLanguage\":\"fr-FR\",\"@id\":\"https:\/\/kuken.alfadyser.dev\/#\/schema\/logo\/image\/\",\"url\":\"https:\/\/kuken.alfadyser.dev\/wp-content\/uploads\/2019\/04\/kuken-logo.png\",\"contentUrl\":\"https:\/\/kuken.alfadyser.dev\/wp-content\/uploads\/2019\/04\/kuken-logo.png\",\"width\":500,\"height\":191,\"caption\":\"Alfa Dyser\"},\"image\":{\"@id\":\"https:\/\/kuken.alfadyser.dev\/#\/schema\/logo\/image\/\"},\"sameAs\":[\"https:\/\/es-es.facebook.com\/alfadyser\/\",\"https:\/\/www.instagram.com\/kuken_appliances\/\"]}]}<\/script>\n<meta property=\"product:price:currency\" content=\"EUR\" \/>\n<meta property=\"og:availability\" content=\"instock\" \/>\n<meta property=\"product:availability\" content=\"instock\" \/>\n<meta property=\"product:retailer_item_id\" content=\"34231\" \/>\n<meta property=\"product:condition\" content=\"new\" \/>\n<!-- \/ Yoast SEO Premium plugin. -->","yoast_head_json":{"title":"AURICULARES INAL\u00c1MBRICOS BLANCOS IPHONE K\u00dcKEN - K\u00fcken","description":"Auriculares inal\u00e1mbricos blancos, dise\u00f1o elegante y c\u00f3modo. Sonido perfecto. Compatibilidad con iPhone y Android. Descubre aqu\u00ed todas sus funciones.","robots":{"index":"noindex","follow":"follow","max-snippet":"max-snippet:-1","max-image-preview":"max-image-preview:large","max-video-preview":"max-video-preview:-1"},"og_locale":"fr_FR","og_type":"article","og_title":"AURICULARES INAL\u00c1MBRICOS BLANCOS IPHONE K\u00dcKEN","og_description":"Auriculares inal\u00e1mbricos blancos, dise\u00f1o elegante y c\u00f3modo. Sonido perfecto. Compatibilidad con iPhone y Android. Descubre aqu\u00ed todas sus funciones.","og_url":"https:\/\/kuken.alfadyser.dev\/fr\/produit\/auriculares-inalambricos-blancos-iphone-kuken\/","og_site_name":"K\u00fcken","article_publisher":"https:\/\/es-es.facebook.com\/alfadyser\/","article_modified_time":"2025-07-22T12:34:47+00:00","og_image":[{"width":2000,"height":2000,"url":"https:\/\/kuken.alfadyser.dev\/wp-content\/uploads\/2020\/03\/34099_1-1.jpg","type":"image\/jpeg"}],"twitter_card":"summary_large_image","twitter_misc":{"Prix":"","Disponibilit\u00e9":"En stock"},"schema":{"@context":"https:\/\/schema.org","@graph":[{"@type":"WebPage","@id":"https:\/\/kuken.alfadyser.dev\/producto\/auriculares-inalambricos-blancos-iphone-kuken\/","url":"https:\/\/kuken.alfadyser.dev\/producto\/auriculares-inalambricos-blancos-iphone-kuken\/","name":"AURICULARES INAL\u00c1MBRICOS BLANCOS IPHONE K\u00dcKEN - K\u00fcken","isPartOf":{"@id":"https:\/\/kuken.alfadyser.dev\/#website"},"primaryImageOfPage":{"@id":"https:\/\/kuken.alfadyser.dev\/producto\/auriculares-inalambricos-blancos-iphone-kuken\/#primaryimage"},"image":{"@id":"https:\/\/kuken.alfadyser.dev\/producto\/auriculares-inalambricos-blancos-iphone-kuken\/#primaryimage"},"thumbnailUrl":"https:\/\/kuken.alfadyser.dev\/wp-content\/uploads\/2020\/03\/34099_1-1.jpg","datePublished":"2020-11-03T09:28:22+00:00","dateModified":"2025-07-22T12:34:47+00:00","description":"Auriculares inal\u00e1mbricos blancos, dise\u00f1o elegante y c\u00f3modo. Sonido perfecto. Compatibilidad con iPhone y Android. Descubre aqu\u00ed todas sus funciones.","breadcrumb":{"@id":"https:\/\/kuken.alfadyser.dev\/producto\/auriculares-inalambricos-blancos-iphone-kuken\/#breadcrumb"},"inLanguage":"fr-FR","potentialAction":[{"@type":"ReadAction","target":["https:\/\/kuken.alfadyser.dev\/producto\/auriculares-inalambricos-blancos-iphone-kuken\/"]}]},{"@type":"ImageObject","inLanguage":"fr-FR","@id":"https:\/\/kuken.alfadyser.dev\/producto\/auriculares-inalambricos-blancos-iphone-kuken\/#primaryimage","url":"https:\/\/kuken.alfadyser.dev\/wp-content\/uploads\/2020\/03\/34099_1-1.jpg","contentUrl":"https:\/\/kuken.alfadyser.dev\/wp-content\/uploads\/2020\/03\/34099_1-1.jpg","width":2000,"height":2000,"caption":"Auriculares inal\u00e1mbricos blancos tipo apple"},{"@type":"BreadcrumbList","@id":"https:\/\/kuken.alfadyser.dev\/producto\/auriculares-inalambricos-blancos-iphone-kuken\/#breadcrumb","itemListElement":[{"@type":"ListItem","position":1,"name":"Portada","item":"https:\/\/kuken.alfadyser.dev\/"},{"@type":"ListItem","position":2,"name":"Productos","item":"https:\/\/kuken.alfadyser.dev\/productos\/"},{"@type":"ListItem","position":3,"name":"AURICULARES INAL\u00c1MBRICOS BLANCOS IPHONE K\u00dcKEN"}]},{"@type":"WebSite","@id":"https:\/\/kuken.alfadyser.dev\/#website","url":"https:\/\/kuken.alfadyser.dev\/","name":"K\u00fcken","description":"Large gamme de petits appareils m\u00e9nagers k\u00fcken","publisher":{"@id":"https:\/\/kuken.alfadyser.dev\/#organization"},"potentialAction":[{"@type":"SearchAction","target":{"@type":"EntryPoint","urlTemplate":"https:\/\/kuken.alfadyser.dev\/?s={search_term_string}"},"query-input":{"@type":"PropertyValueSpecification","valueRequired":true,"valueName":"search_term_string"}}],"inLanguage":"fr-FR"},{"@type":"Organization","@id":"https:\/\/kuken.alfadyser.dev\/#organization","name":"Alpha Dyser","url":"https:\/\/kuken.alfadyser.dev\/","logo":{"@type":"ImageObject","inLanguage":"fr-FR","@id":"https:\/\/kuken.alfadyser.dev\/#\/schema\/logo\/image\/","url":"https:\/\/kuken.alfadyser.dev\/wp-content\/uploads\/2019\/04\/kuken-logo.png","contentUrl":"https:\/\/kuken.alfadyser.dev\/wp-content\/uploads\/2019\/04\/kuken-logo.png","width":500,"height":191,"caption":"Alfa Dyser"},"image":{"@id":"https:\/\/kuken.alfadyser.dev\/#\/schema\/logo\/image\/"},"sameAs":["https:\/\/es-es.facebook.com\/alfadyser\/","https:\/\/www.instagram.com\/kuken_appliances\/"]}]},"product_price_currency":"EUR","og_availability":"instock","product_availability":"instock","product_retailer_item_id":"34231","product_condition":"new"},"_links":{"self":[{"href":"https:\/\/kuken.alfadyser.dev\/fr\/wp-json\/wp\/v2\/product\/6324","targetHints":{"allow":["GET"]}}],"collection":[{"href":"https:\/\/kuken.alfadyser.dev\/fr\/wp-json\/wp\/v2\/product"}],"about":[{"href":"https:\/\/kuken.alfadyser.dev\/fr\/wp-json\/wp\/v2\/types\/product"}],"wp:featuredmedia":[{"embeddable":true,"href":"https:\/\/kuken.alfadyser.dev\/fr\/wp-json\/wp\/v2\/media\/4137"}],"wp:attachment":[{"href":"https:\/\/kuken.alfadyser.dev\/fr\/wp-json\/wp\/v2\/media?parent=6324"}],"wp:term":[{"taxonomy":"product_brand","embeddable":true,"href":"https:\/\/kuken.alfadyser.dev\/fr\/wp-json\/wp\/v2\/product_brand?post=6324"},{"taxonomy":"product_cat","embeddable":true,"href":"https:\/\/kuken.alfadyser.dev\/fr\/wp-json\/wp\/v2\/product_cat?post=6324"},{"taxonomy":"product_tag","embeddable":true,"href":"https:\/\/kuken.alfadyser.dev\/fr\/wp-json\/wp\/v2\/product_tag?post=6324"}],"curies":[{"name":"wp","href":"https:\/\/api.w.org\/{rel}","templated":true}]}}