{"id":6208,"date":"2020-10-27T13:42:31","date_gmt":"2020-10-27T12:42:31","guid":{"rendered":"https:\/\/kuken.alfadyser.dev\/producto\/barbero-corta-pelo-recargable-kuken-3w\/"},"modified":"2025-07-23T07:26:42","modified_gmt":"2025-07-23T05:26:42","slug":"tondeuse-a-cheveux-rechargeable-kuken-3w","status":"publish","type":"product","link":"https:\/\/kuken.alfadyser.dev\/fr\/produit\/tondeuse-a-cheveux-rechargeable-kuken-3w\/","title":{"rendered":"TONDEUSE RECHARGEABLE K\u00dcKEN 3W"},"content":{"rendered":"<p>TONDEUSE RECHARGEABLE K\u00dcKEN 3W<\/p>\n<ul data-start=\"628\" data-end=\"1277\">\n<li class=\"\" data-start=\"628\" data-end=\"695\">\n<p class=\"\" data-start=\"630\" data-end=\"695\">Autonom\u00eda de hasta 5 horas y carga completa en 8 horas.<\/p>\n<\/li>\n<li class=\"\" data-start=\"696\" data-end=\"754\">\n<p class=\"\" data-start=\"698\" data-end=\"754\">Cuchillas de acero inoxidable de alta resistencia.<\/p>\n<\/li>\n<li class=\"\" data-start=\"755\" data-end=\"841\">\n<p class=\"\" data-start=\"757\" data-end=\"841\">9 niveles de corte integrados (1\u202fmm a 8\u202fmm), sin necesidad de peines externos.<\/p>\n<\/li>\n<li class=\"\" data-start=\"842\" data-end=\"917\">\n<p class=\"\" data-start=\"844\" data-end=\"917\">Rueda de selecci\u00f3n de longitud, integrada en el cuerpo del aparato.<\/p>\n<\/li>\n<li class=\"\" data-start=\"918\" data-end=\"959\">\n<p class=\"\" data-start=\"920\" data-end=\"959\">Indicador LED de estado de carga.<\/p>\n<\/li>\n<li class=\"\" data-start=\"960\" data-end=\"1018\">\n<p class=\"\" data-start=\"962\" data-end=\"1018\">Dise\u00f1o ergon\u00f3mico para un manejo c\u00f3modo y preciso.<\/p>\n<\/li>\n<li class=\"\" data-start=\"1019\" data-end=\"1080\">\n<p class=\"\" data-start=\"1021\" data-end=\"1080\">Uso con o sin cable, adaptable a cualquier situaci\u00f3n.<\/p>\n<\/li>\n<li class=\"\" data-start=\"1081\" data-end=\"1137\">\n<p class=\"\" data-start=\"1083\" data-end=\"1137\">Adecuado para cortes de cabello y barbas cortas.<\/p>\n<\/li>\n<li class=\"\" data-start=\"1138\" data-end=\"1200\">\n<p class=\"\" data-start=\"1140\" data-end=\"1200\">Incluye kit de mantenimiento con cepillo y lubricante.<\/p>\n<\/li>\n<li class=\"\" data-start=\"1201\" data-end=\"1277\">\n<p class=\"\" data-start=\"1203\" data-end=\"1277\">Contr\u00f4le total de la coupe directement \u00e0 partir de l'appareil, sans accessoires.<\/p>\n<\/li>\n<\/ul>\n<p><div class=\"accordion\"><div class=\"mfn-acc accordion_wrapper  toggle\"><div class=\"question\"><div class=\"title\"><i class=\"icon-plus acc-icon-plus\" aria-hidden=\"true\"><\/i><i class=\"icon-minus acc-icon-minus\" aria-hidden=\"true\"><\/i>Donn\u00e9es du produit<\/div><div class=\"answer\">EAN : 8425160341015&amp;Unit\u00e9s : 1&amp;Couleur : Noir&amp;Emballage : Bo\u00eete de couleur&amp;Puissance : 3 W&amp;Tension : 230 V&amp;TSize : 185\u00d740 mm&amp;Mat\u00e9riau : PC&amp;Poids : 0,134 kg&amp;Rechargeable : Oui&amp;ACCESSOIRES : Brosse + lubrifiant.<\/div><\/div>\n<\/div><\/div>\n<br \/>\n<div class=\"accordion\"><div class=\"mfn-acc accordion_wrapper  toggle\"><div class=\"question\"><div class=\"title\"><i class=\"icon-plus acc-icon-plus\" aria-hidden=\"true\"><\/i><i class=\"icon-minus acc-icon-minus\" aria-hidden=\"true\"><\/i>Accessoires<\/div><div class=\"answer\">Brosse + lubrifiant.<\/div><\/div>\n<\/div><\/div>\n<\/p>\n<p>&nbsp;<\/p>\n<p>TONDEUSE RECHARGEABLE K\u00dcKEN 3W<\/p>\n<div class=\"descargas-producto\"><a href=\"\/wp-content\/uploads\/pdf\/8425160341015_ficha_tecnica.pdf\" target=\"_blank\" rel=\"noopener noreferrer\"><br \/>\n<img loading=\"lazy\" decoding=\"async\" src=\"\/wp-content\/uploads\/2019\/12\/picto-descarrega.png\" alt=\"t\u00e9l\u00e9charger la fiche technique\" width=\"23\" height=\"16\" \/>T\u00e9l\u00e9charger la fiche<\/a><a href=\"\/wp-content\/uploads\/pdf\/8425160341015_manual.pdf\" target=\"_blank\" rel=\"noopener noreferrer\"><br \/>\n<img loading=\"lazy\" decoding=\"async\" src=\"\/wp-content\/uploads\/2019\/12\/picto-descarrega.png\" alt=\"t\u00e9l\u00e9charger le manuel d&#039;instructions\" width=\"23\" height=\"16\" \/>T\u00e9l\u00e9charger le manuel<\/a><\/div>","protected":false},"excerpt":{"rendered":"<p class=\"\" data-start=\"417\" data-end=\"561\">Rasoir ergonomique et rechargeable avec 9 niveaux int\u00e9gr\u00e9s, une molette de s\u00e9lection, des lames robustes, un indicateur LED et jusqu'\u00e0 5 heures d'autonomie.<\/p>\n<p class=\"\" data-start=\"563\" data-end=\"581\">","protected":false},"featured_media":5815,"template":"","meta":[],"product_brand":[],"product_cat":[215],"product_tag":[],"class_list":{"0":"post-6208","1":"product","2":"type-product","3":"status-publish","4":"has-post-thumbnail","6":"product_cat-cortapelos","8":"first","9":"instock","10":"product-type-simple"},"yoast_head":"<!-- This site is optimized with the Yoast SEO Premium plugin v24.0 (Yoast SEO v26.5) - https:\/\/yoast.com\/wordpress\/plugins\/seo\/ -->\n<title>BARBERO CORTA PELO RECARGABLE K\u00dcKEN 3W - K\u00fcken<\/title>\n<meta name=\"description\" content=\"BARBERO CORTA PELO RECARGABLE K\u00dcKEN 3W, vers\u00e1til y preciso, con rueda de ajuste, 9 niveles de corte y autonom\u00eda de 5\u202fh para m\u00e1ximo control.\" \/>\n<meta name=\"robots\" content=\"noindex, follow, max-snippet:-1, max-image-preview:large, max-video-preview:-1\" \/>\n<meta property=\"og:locale\" content=\"fr_FR\" \/>\n<meta property=\"og:type\" content=\"article\" \/>\n<meta property=\"og:title\" content=\"BARBERO CORTA PELO RECARGABLE K\u00dcKEN 3W\" \/>\n<meta property=\"og:description\" content=\"BARBERO CORTA PELO RECARGABLE K\u00dcKEN 3W, vers\u00e1til y preciso, con rueda de ajuste, 9 niveles de corte y autonom\u00eda de 5\u202fh para m\u00e1ximo control.\" \/>\n<meta property=\"og:url\" content=\"https:\/\/kuken.alfadyser.dev\/fr\/produit\/tondeuse-a-cheveux-rechargeable-kuken-3w\/\" \/>\n<meta property=\"og:site_name\" content=\"K\u00fcken\" \/>\n<meta property=\"article:publisher\" content=\"https:\/\/es-es.facebook.com\/alfadyser\/\" \/>\n<meta property=\"article:modified_time\" content=\"2025-07-23T05:26:42+00:00\" \/>\n<meta property=\"og:image\" content=\"https:\/\/kuken.alfadyser.dev\/wp-content\/uploads\/productos\/8425160341015_01.jpg\" \/>\n\t<meta property=\"og:image:width\" content=\"2000\" \/>\n\t<meta property=\"og:image:height\" content=\"2000\" \/>\n\t<meta property=\"og:image:type\" content=\"image\/jpeg\" \/>\n<meta name=\"twitter:card\" content=\"summary_large_image\" \/>\n<meta name=\"twitter:label1\" content=\"Prix\" \/>\n\t<meta name=\"twitter:data1\" content=\"\" \/>\n\t<meta name=\"twitter:label2\" content=\"Disponibilit\u00e9\" \/>\n\t<meta name=\"twitter:data2\" content=\"En stock\" \/>\n<script type=\"application\/ld+json\" class=\"yoast-schema-graph\">{\"@context\":\"https:\/\/schema.org\",\"@graph\":[{\"@type\":\"WebPage\",\"@id\":\"https:\/\/kuken.alfadyser.dev\/producto\/barbero-corta-pelo-recargable-kuken-3w\/\",\"url\":\"https:\/\/kuken.alfadyser.dev\/producto\/barbero-corta-pelo-recargable-kuken-3w\/\",\"name\":\"BARBERO CORTA PELO RECARGABLE K\u00dcKEN 3W - K\u00fcken\",\"isPartOf\":{\"@id\":\"https:\/\/kuken.alfadyser.dev\/#website\"},\"primaryImageOfPage\":{\"@id\":\"https:\/\/kuken.alfadyser.dev\/producto\/barbero-corta-pelo-recargable-kuken-3w\/#primaryimage\"},\"image\":{\"@id\":\"https:\/\/kuken.alfadyser.dev\/producto\/barbero-corta-pelo-recargable-kuken-3w\/#primaryimage\"},\"thumbnailUrl\":\"https:\/\/kuken.alfadyser.dev\/wp-content\/uploads\/productos\/8425160341015_01.jpg\",\"datePublished\":\"2020-10-27T12:42:31+00:00\",\"dateModified\":\"2025-07-23T05:26:42+00:00\",\"description\":\"BARBERO CORTA PELO RECARGABLE K\u00dcKEN 3W, vers\u00e1til y preciso, con rueda de ajuste, 9 niveles de corte y autonom\u00eda de 5\u202fh para m\u00e1ximo control.\",\"breadcrumb\":{\"@id\":\"https:\/\/kuken.alfadyser.dev\/producto\/barbero-corta-pelo-recargable-kuken-3w\/#breadcrumb\"},\"inLanguage\":\"fr-FR\",\"potentialAction\":[{\"@type\":\"ReadAction\",\"target\":[\"https:\/\/kuken.alfadyser.dev\/producto\/barbero-corta-pelo-recargable-kuken-3w\/\"]}]},{\"@type\":\"ImageObject\",\"inLanguage\":\"fr-FR\",\"@id\":\"https:\/\/kuken.alfadyser.dev\/producto\/barbero-corta-pelo-recargable-kuken-3w\/#primaryimage\",\"url\":\"https:\/\/kuken.alfadyser.dev\/wp-content\/uploads\/productos\/8425160341015_01.jpg\",\"contentUrl\":\"https:\/\/kuken.alfadyser.dev\/wp-content\/uploads\/productos\/8425160341015_01.jpg\",\"width\":2000,\"height\":2000},{\"@type\":\"BreadcrumbList\",\"@id\":\"https:\/\/kuken.alfadyser.dev\/producto\/barbero-corta-pelo-recargable-kuken-3w\/#breadcrumb\",\"itemListElement\":[{\"@type\":\"ListItem\",\"position\":1,\"name\":\"Portada\",\"item\":\"https:\/\/kuken.alfadyser.dev\/\"},{\"@type\":\"ListItem\",\"position\":2,\"name\":\"Productos\",\"item\":\"https:\/\/kuken.alfadyser.dev\/productos\/\"},{\"@type\":\"ListItem\",\"position\":3,\"name\":\"BARBERO CORTA PELO RECARGABLE K\u00dcKEN 3W\"}]},{\"@type\":\"WebSite\",\"@id\":\"https:\/\/kuken.alfadyser.dev\/#website\",\"url\":\"https:\/\/kuken.alfadyser.dev\/\",\"name\":\"K\u00fcken\",\"description\":\"Amplia gama de peque\u00f1o electrodom\u00e9stico k\u00fcken\",\"publisher\":{\"@id\":\"https:\/\/kuken.alfadyser.dev\/#organization\"},\"potentialAction\":[{\"@type\":\"SearchAction\",\"target\":{\"@type\":\"EntryPoint\",\"urlTemplate\":\"https:\/\/kuken.alfadyser.dev\/?s={search_term_string}\"},\"query-input\":{\"@type\":\"PropertyValueSpecification\",\"valueRequired\":true,\"valueName\":\"search_term_string\"}}],\"inLanguage\":\"fr-FR\"},{\"@type\":\"Organization\",\"@id\":\"https:\/\/kuken.alfadyser.dev\/#organization\",\"name\":\"Alfa Dyser\",\"url\":\"https:\/\/kuken.alfadyser.dev\/\",\"logo\":{\"@type\":\"ImageObject\",\"inLanguage\":\"fr-FR\",\"@id\":\"https:\/\/kuken.alfadyser.dev\/#\/schema\/logo\/image\/\",\"url\":\"https:\/\/kuken.alfadyser.dev\/wp-content\/uploads\/2019\/04\/kuken-logo.png\",\"contentUrl\":\"https:\/\/kuken.alfadyser.dev\/wp-content\/uploads\/2019\/04\/kuken-logo.png\",\"width\":500,\"height\":191,\"caption\":\"Alfa Dyser\"},\"image\":{\"@id\":\"https:\/\/kuken.alfadyser.dev\/#\/schema\/logo\/image\/\"},\"sameAs\":[\"https:\/\/es-es.facebook.com\/alfadyser\/\",\"https:\/\/www.instagram.com\/kuken_appliances\/\"]}]}<\/script>\n<meta property=\"product:price:currency\" content=\"EUR\" \/>\n<meta property=\"og:availability\" content=\"instock\" \/>\n<meta property=\"product:availability\" content=\"instock\" \/>\n<meta property=\"product:retailer_item_id\" content=\"34101\" \/>\n<meta property=\"product:condition\" content=\"new\" \/>\n<!-- \/ Yoast SEO Premium plugin. -->","yoast_head_json":{"title":"TONDEUSE RECHARGEABLE K\u00dcKEN 3W - K\u00fcken","description":"K\u00dcKEN 3W RECHARGEABLE HAIR STRAYER, polyvalent et pr\u00e9cis, avec molette de r\u00e9glage, 9 niveaux de coupe et 5 h d'autonomie pour un contr\u00f4le maximal.","robots":{"index":"noindex","follow":"follow","max-snippet":"max-snippet:-1","max-image-preview":"max-image-preview:large","max-video-preview":"max-video-preview:-1"},"og_locale":"fr_FR","og_type":"article","og_title":"BARBERO CORTA PELO RECARGABLE K\u00dcKEN 3W","og_description":"BARBERO CORTA PELO RECARGABLE K\u00dcKEN 3W, vers\u00e1til y preciso, con rueda de ajuste, 9 niveles de corte y autonom\u00eda de 5\u202fh para m\u00e1ximo control.","og_url":"https:\/\/kuken.alfadyser.dev\/fr\/produit\/tondeuse-a-cheveux-rechargeable-kuken-3w\/","og_site_name":"K\u00fcken","article_publisher":"https:\/\/es-es.facebook.com\/alfadyser\/","article_modified_time":"2025-07-23T05:26:42+00:00","og_image":[{"width":2000,"height":2000,"url":"https:\/\/kuken.alfadyser.dev\/wp-content\/uploads\/productos\/8425160341015_01.jpg","type":"image\/jpeg"}],"twitter_card":"summary_large_image","twitter_misc":{"Prix":"","Disponibilit\u00e9":"En stock"},"schema":{"@context":"https:\/\/schema.org","@graph":[{"@type":"WebPage","@id":"https:\/\/kuken.alfadyser.dev\/producto\/barbero-corta-pelo-recargable-kuken-3w\/","url":"https:\/\/kuken.alfadyser.dev\/producto\/barbero-corta-pelo-recargable-kuken-3w\/","name":"TONDEUSE RECHARGEABLE K\u00dcKEN 3W - K\u00fcken","isPartOf":{"@id":"https:\/\/kuken.alfadyser.dev\/#website"},"primaryImageOfPage":{"@id":"https:\/\/kuken.alfadyser.dev\/producto\/barbero-corta-pelo-recargable-kuken-3w\/#primaryimage"},"image":{"@id":"https:\/\/kuken.alfadyser.dev\/producto\/barbero-corta-pelo-recargable-kuken-3w\/#primaryimage"},"thumbnailUrl":"https:\/\/kuken.alfadyser.dev\/wp-content\/uploads\/productos\/8425160341015_01.jpg","datePublished":"2020-10-27T12:42:31+00:00","dateModified":"2025-07-23T05:26:42+00:00","description":"K\u00dcKEN 3W RECHARGEABLE HAIR STRAYER, polyvalent et pr\u00e9cis, avec molette de r\u00e9glage, 9 niveaux de coupe et 5 h d'autonomie pour un contr\u00f4le maximal.","breadcrumb":{"@id":"https:\/\/kuken.alfadyser.dev\/producto\/barbero-corta-pelo-recargable-kuken-3w\/#breadcrumb"},"inLanguage":"fr-FR","potentialAction":[{"@type":"ReadAction","target":["https:\/\/kuken.alfadyser.dev\/producto\/barbero-corta-pelo-recargable-kuken-3w\/"]}]},{"@type":"ImageObject","inLanguage":"fr-FR","@id":"https:\/\/kuken.alfadyser.dev\/producto\/barbero-corta-pelo-recargable-kuken-3w\/#primaryimage","url":"https:\/\/kuken.alfadyser.dev\/wp-content\/uploads\/productos\/8425160341015_01.jpg","contentUrl":"https:\/\/kuken.alfadyser.dev\/wp-content\/uploads\/productos\/8425160341015_01.jpg","width":2000,"height":2000},{"@type":"BreadcrumbList","@id":"https:\/\/kuken.alfadyser.dev\/producto\/barbero-corta-pelo-recargable-kuken-3w\/#breadcrumb","itemListElement":[{"@type":"ListItem","position":1,"name":"Portada","item":"https:\/\/kuken.alfadyser.dev\/"},{"@type":"ListItem","position":2,"name":"Productos","item":"https:\/\/kuken.alfadyser.dev\/productos\/"},{"@type":"ListItem","position":3,"name":"BARBERO CORTA PELO RECARGABLE K\u00dcKEN 3W"}]},{"@type":"WebSite","@id":"https:\/\/kuken.alfadyser.dev\/#website","url":"https:\/\/kuken.alfadyser.dev\/","name":"K\u00fcken","description":"Large gamme de petits appareils m\u00e9nagers k\u00fcken","publisher":{"@id":"https:\/\/kuken.alfadyser.dev\/#organization"},"potentialAction":[{"@type":"SearchAction","target":{"@type":"EntryPoint","urlTemplate":"https:\/\/kuken.alfadyser.dev\/?s={search_term_string}"},"query-input":{"@type":"PropertyValueSpecification","valueRequired":true,"valueName":"search_term_string"}}],"inLanguage":"fr-FR"},{"@type":"Organization","@id":"https:\/\/kuken.alfadyser.dev\/#organization","name":"Alpha Dyser","url":"https:\/\/kuken.alfadyser.dev\/","logo":{"@type":"ImageObject","inLanguage":"fr-FR","@id":"https:\/\/kuken.alfadyser.dev\/#\/schema\/logo\/image\/","url":"https:\/\/kuken.alfadyser.dev\/wp-content\/uploads\/2019\/04\/kuken-logo.png","contentUrl":"https:\/\/kuken.alfadyser.dev\/wp-content\/uploads\/2019\/04\/kuken-logo.png","width":500,"height":191,"caption":"Alfa Dyser"},"image":{"@id":"https:\/\/kuken.alfadyser.dev\/#\/schema\/logo\/image\/"},"sameAs":["https:\/\/es-es.facebook.com\/alfadyser\/","https:\/\/www.instagram.com\/kuken_appliances\/"]}]},"product_price_currency":"EUR","og_availability":"instock","product_availability":"instock","product_retailer_item_id":"34101","product_condition":"new"},"_links":{"self":[{"href":"https:\/\/kuken.alfadyser.dev\/fr\/wp-json\/wp\/v2\/product\/6208","targetHints":{"allow":["GET"]}}],"collection":[{"href":"https:\/\/kuken.alfadyser.dev\/fr\/wp-json\/wp\/v2\/product"}],"about":[{"href":"https:\/\/kuken.alfadyser.dev\/fr\/wp-json\/wp\/v2\/types\/product"}],"wp:featuredmedia":[{"embeddable":true,"href":"https:\/\/kuken.alfadyser.dev\/fr\/wp-json\/wp\/v2\/media\/5815"}],"wp:attachment":[{"href":"https:\/\/kuken.alfadyser.dev\/fr\/wp-json\/wp\/v2\/media?parent=6208"}],"wp:term":[{"taxonomy":"product_brand","embeddable":true,"href":"https:\/\/kuken.alfadyser.dev\/fr\/wp-json\/wp\/v2\/product_brand?post=6208"},{"taxonomy":"product_cat","embeddable":true,"href":"https:\/\/kuken.alfadyser.dev\/fr\/wp-json\/wp\/v2\/product_cat?post=6208"},{"taxonomy":"product_tag","embeddable":true,"href":"https:\/\/kuken.alfadyser.dev\/fr\/wp-json\/wp\/v2\/product_tag?post=6208"}],"curies":[{"name":"wp","href":"https:\/\/api.w.org\/{rel}","templated":true}]}}