{"id":6169,"date":"2020-10-27T13:42:10","date_gmt":"2020-10-27T12:42:10","guid":{"rendered":"https:\/\/kuken.alfadyser.dev\/producto\/estacion-meteorologica-interior-higrometro\/"},"modified":"2025-07-23T08:39:14","modified_gmt":"2025-07-23T06:39:14","slug":"estacion-meteorologica-interior-higrometro","status":"publish","type":"product","link":"https:\/\/kuken.alfadyser.dev\/fr\/produit\/estacion-meteorologica-interior-higrometro\/","title":{"rendered":"ESTACI\u00d3N METEOROL\u00d3GICA INTERIOR HIGR\u00d3METRO"},"content":{"rendered":"<p>ESTACI\u00d3N METEOROL\u00d3GICA INTERIOR HIGR\u00d3METRO<\/p>\n<ul data-start=\"563\" data-end=\"1210\">\n<li data-start=\"563\" data-end=\"644\">\n<p data-start=\"565\" data-end=\"644\">Pantalla LCD clara y compacta: visualizaci\u00f3n sencilla de todos los datos.<\/p>\n<\/li>\n<li data-start=\"645\" data-end=\"735\">\n<p data-start=\"647\" data-end=\"735\">Indicador de temperatura y humedad: monitorea el clima interior con precisi\u00f3n.<\/p>\n<\/li>\n<li data-start=\"736\" data-end=\"838\">\n<p data-start=\"738\" data-end=\"838\">Predicci\u00f3n meteorol\u00f3gica simb\u00f3lica: muestra sol, nubes, lluvia y otros estados del tiempo.<\/p>\n<\/li>\n<li data-start=\"839\" data-end=\"923\">\n<p data-start=\"841\" data-end=\"923\">Visualizaci\u00f3n de fecha y hora: con d\u00eda, mes y reloj digital en pantalla.<\/p>\n<\/li>\n<li data-start=\"924\" data-end=\"1011\">\n<p data-start=\"926\" data-end=\"1011\">Funci\u00f3n de alarma incorporada: ideal como reloj despertador o recordatorio.<\/p>\n<\/li>\n<li data-start=\"1012\" data-end=\"1109\">\n<p data-start=\"1014\" data-end=\"1109\">Dise\u00f1o pr\u00e1ctico: incluye colgador para pared y soporte trasero para uso en sobremesa.<\/p>\n<\/li>\n<li data-start=\"1110\" data-end=\"1210\">\n<p data-start=\"1112\" data-end=\"1210\">Funcionamiento con 2 pilas AAA (no incluidas): sin cables, f\u00e1cil de ubicar en cualquier lugar.<\/p>\n<\/li>\n<\/ul>\n<p><div class=\"accordion\"><div class=\"mfn-acc accordion_wrapper  toggle\"><div class=\"question\"><div class=\"title\"><i class=\"icon-plus acc-icon-plus\" aria-hidden=\"true\"><\/i><i class=\"icon-minus acc-icon-minus\" aria-hidden=\"true\"><\/i>Donn\u00e9es du produit<\/div><div class=\"answer\">EAN: 8425160339937<\/p>\n<p>ESTACI\u00d3N METEOROL\u00d3GICA INTERIOR HIGR\u00d3METRO<\/p>\n<p>Unit\u00e9s : 1<br \/>\nColor: Negro y gris<br \/>\nEmballage : bo\u00eete color\u00e9e<br \/>\nAlimentaci\u00f3n: Pilas 2 x AAA<br \/>\nMat\u00e9riau : PC<\/div><\/div>\n<\/div><\/div>\n<br \/>\n<div class=\"accordion\"><div class=\"mfn-acc accordion_wrapper  toggle\"><div class=\"question\"><div class=\"title\"><i class=\"icon-plus acc-icon-plus\" aria-hidden=\"true\"><\/i><i class=\"icon-minus acc-icon-minus\" aria-hidden=\"true\"><\/i>Accessoires<\/div><div class=\"answer\"><\/div><\/div>\n<\/div><\/div>\n<\/p>\n<div class=\"descargas-producto\"><a href=\"\/wp-content\/uploads\/pdf\/8425160339937_ficha_tecnica.pdf\" target=\"_blank\" rel=\"noopener noreferrer\"><br \/>\n<img loading=\"lazy\" decoding=\"async\" src=\"\/wp-content\/uploads\/2019\/12\/picto-descarrega.png\" alt=\"t\u00e9l\u00e9charger la fiche technique\" width=\"23\" height=\"16\" \/>T\u00e9l\u00e9charger la fiche<\/a><br \/>\n<a href=\"\/wp-content\/uploads\/pdf\/33993_instruccions.pdf\"><img loading=\"lazy\" decoding=\"async\" src=\"\/wp-content\/uploads\/2019\/12\/picto-descarrega.png\" alt=\"t\u00e9l\u00e9charger le manuel d&#039;instructions\" width=\"23\" height=\"16\" \/>T\u00e9l\u00e9charger le manuel<\/a><\/div>\n<div><\/div>\n<div><span style=\"color: #bf2121\">Suivez-nous sur les m\u00e9dias sociaux !<\/span><\/div>\n<div><a href=\"https:\/\/www.instagram.com\/kuken_appliances\/\">https:\/\/www.instagram.com\/kuken_appliances\/<\/a><\/div>","protected":false},"excerpt":{"rendered":"<p data-start=\"374\" data-end=\"525\">Controla el ambiente de tu hogar de forma pr\u00e1ctica y visual. Ideal para monitorear temperatura, humedad y condiciones meteorol\u00f3gicas desde el interior.<\/p>","protected":false},"featured_media":5676,"template":"","meta":[],"product_brand":[],"product_cat":[212],"product_tag":[],"class_list":{"0":"post-6169","1":"product","2":"type-product","3":"status-publish","4":"has-post-thumbnail","6":"product_cat-radios-telefonia-estaciones","8":"first","9":"instock","10":"product-type-simple"},"yoast_head":"<!-- This site is optimized with the Yoast SEO Premium plugin v24.0 (Yoast SEO v26.5) - https:\/\/yoast.com\/wordpress\/plugins\/seo\/ -->\n<title>ESTACI\u00d3N METEOROL\u00d3GICA INTERIOR HIGR\u00d3METRO - K\u00fcken<\/title>\n<meta name=\"description\" content=\"Estaci\u00f3n meteorol\u00f3gica con temperatura y humedad interior. Incorpora reloj despertador con alarma. Descubre aqu\u00ed todas sus caracter\u00edsticas.\" \/>\n<meta name=\"robots\" content=\"noindex, follow, max-snippet:-1, max-image-preview:large, max-video-preview:-1\" \/>\n<meta property=\"og:locale\" content=\"fr_FR\" \/>\n<meta property=\"og:type\" content=\"article\" \/>\n<meta property=\"og:title\" content=\"ESTACI\u00d3N METEOROL\u00d3GICA INTERIOR HIGR\u00d3METRO\" \/>\n<meta property=\"og:description\" content=\"Estaci\u00f3n meteorol\u00f3gica con temperatura y humedad interior. Incorpora reloj despertador con alarma. Descubre aqu\u00ed todas sus caracter\u00edsticas.\" \/>\n<meta property=\"og:url\" content=\"https:\/\/kuken.alfadyser.dev\/fr\/produit\/estacion-meteorologica-interior-higrometro\/\" \/>\n<meta property=\"og:site_name\" content=\"K\u00fcken\" \/>\n<meta property=\"article:publisher\" content=\"https:\/\/es-es.facebook.com\/alfadyser\/\" \/>\n<meta property=\"article:modified_time\" content=\"2025-07-23T06:39:14+00:00\" \/>\n<meta property=\"og:image\" content=\"https:\/\/kuken.alfadyser.dev\/wp-content\/uploads\/productos\/8425160339937_01.jpg\" \/>\n\t<meta property=\"og:image:width\" content=\"2000\" \/>\n\t<meta property=\"og:image:height\" content=\"2000\" \/>\n\t<meta property=\"og:image:type\" content=\"image\/jpeg\" \/>\n<meta name=\"twitter:card\" content=\"summary_large_image\" \/>\n<meta name=\"twitter:label1\" content=\"Prix\" \/>\n\t<meta name=\"twitter:data1\" content=\"\" \/>\n\t<meta name=\"twitter:label2\" content=\"Disponibilit\u00e9\" \/>\n\t<meta name=\"twitter:data2\" content=\"En stock\" \/>\n<script type=\"application\/ld+json\" class=\"yoast-schema-graph\">{\"@context\":\"https:\/\/schema.org\",\"@graph\":[{\"@type\":\"WebPage\",\"@id\":\"https:\/\/kuken.alfadyser.dev\/producto\/estacion-meteorologica-interior-higrometro\/\",\"url\":\"https:\/\/kuken.alfadyser.dev\/producto\/estacion-meteorologica-interior-higrometro\/\",\"name\":\"ESTACI\u00d3N METEOROL\u00d3GICA INTERIOR HIGR\u00d3METRO - K\u00fcken\",\"isPartOf\":{\"@id\":\"https:\/\/kuken.alfadyser.dev\/#website\"},\"primaryImageOfPage\":{\"@id\":\"https:\/\/kuken.alfadyser.dev\/producto\/estacion-meteorologica-interior-higrometro\/#primaryimage\"},\"image\":{\"@id\":\"https:\/\/kuken.alfadyser.dev\/producto\/estacion-meteorologica-interior-higrometro\/#primaryimage\"},\"thumbnailUrl\":\"https:\/\/kuken.alfadyser.dev\/wp-content\/uploads\/productos\/8425160339937_01.jpg\",\"datePublished\":\"2020-10-27T12:42:10+00:00\",\"dateModified\":\"2025-07-23T06:39:14+00:00\",\"description\":\"Estaci\u00f3n meteorol\u00f3gica con temperatura y humedad interior. Incorpora reloj despertador con alarma. Descubre aqu\u00ed todas sus caracter\u00edsticas.\",\"breadcrumb\":{\"@id\":\"https:\/\/kuken.alfadyser.dev\/producto\/estacion-meteorologica-interior-higrometro\/#breadcrumb\"},\"inLanguage\":\"fr-FR\",\"potentialAction\":[{\"@type\":\"ReadAction\",\"target\":[\"https:\/\/kuken.alfadyser.dev\/producto\/estacion-meteorologica-interior-higrometro\/\"]}]},{\"@type\":\"ImageObject\",\"inLanguage\":\"fr-FR\",\"@id\":\"https:\/\/kuken.alfadyser.dev\/producto\/estacion-meteorologica-interior-higrometro\/#primaryimage\",\"url\":\"https:\/\/kuken.alfadyser.dev\/wp-content\/uploads\/productos\/8425160339937_01.jpg\",\"contentUrl\":\"https:\/\/kuken.alfadyser.dev\/wp-content\/uploads\/productos\/8425160339937_01.jpg\",\"width\":2000,\"height\":2000,\"caption\":\"Estaci\u00f3n meteorol\u00f3gica con temperatura y humedad interior\"},{\"@type\":\"BreadcrumbList\",\"@id\":\"https:\/\/kuken.alfadyser.dev\/producto\/estacion-meteorologica-interior-higrometro\/#breadcrumb\",\"itemListElement\":[{\"@type\":\"ListItem\",\"position\":1,\"name\":\"Portada\",\"item\":\"https:\/\/kuken.alfadyser.dev\/\"},{\"@type\":\"ListItem\",\"position\":2,\"name\":\"Productos\",\"item\":\"https:\/\/kuken.alfadyser.dev\/productos\/\"},{\"@type\":\"ListItem\",\"position\":3,\"name\":\"ESTACI\u00d3N METEOROL\u00d3GICA INTERIOR HIGR\u00d3METRO\"}]},{\"@type\":\"WebSite\",\"@id\":\"https:\/\/kuken.alfadyser.dev\/#website\",\"url\":\"https:\/\/kuken.alfadyser.dev\/\",\"name\":\"K\u00fcken\",\"description\":\"Amplia gama de peque\u00f1o electrodom\u00e9stico k\u00fcken\",\"publisher\":{\"@id\":\"https:\/\/kuken.alfadyser.dev\/#organization\"},\"potentialAction\":[{\"@type\":\"SearchAction\",\"target\":{\"@type\":\"EntryPoint\",\"urlTemplate\":\"https:\/\/kuken.alfadyser.dev\/?s={search_term_string}\"},\"query-input\":{\"@type\":\"PropertyValueSpecification\",\"valueRequired\":true,\"valueName\":\"search_term_string\"}}],\"inLanguage\":\"fr-FR\"},{\"@type\":\"Organization\",\"@id\":\"https:\/\/kuken.alfadyser.dev\/#organization\",\"name\":\"Alfa Dyser\",\"url\":\"https:\/\/kuken.alfadyser.dev\/\",\"logo\":{\"@type\":\"ImageObject\",\"inLanguage\":\"fr-FR\",\"@id\":\"https:\/\/kuken.alfadyser.dev\/#\/schema\/logo\/image\/\",\"url\":\"https:\/\/kuken.alfadyser.dev\/wp-content\/uploads\/2019\/04\/kuken-logo.png\",\"contentUrl\":\"https:\/\/kuken.alfadyser.dev\/wp-content\/uploads\/2019\/04\/kuken-logo.png\",\"width\":500,\"height\":191,\"caption\":\"Alfa Dyser\"},\"image\":{\"@id\":\"https:\/\/kuken.alfadyser.dev\/#\/schema\/logo\/image\/\"},\"sameAs\":[\"https:\/\/es-es.facebook.com\/alfadyser\/\",\"https:\/\/www.instagram.com\/kuken_appliances\/\"]}]}<\/script>\n<meta property=\"product:price:currency\" content=\"EUR\" \/>\n<meta property=\"og:availability\" content=\"instock\" \/>\n<meta property=\"product:availability\" content=\"instock\" \/>\n<meta property=\"product:retailer_item_id\" content=\"33993\" \/>\n<meta property=\"product:condition\" content=\"new\" \/>\n<!-- \/ Yoast SEO Premium plugin. -->","yoast_head_json":{"title":"ESTACI\u00d3N METEOROL\u00d3GICA INTERIOR HIGR\u00d3METRO - K\u00fcken","description":"Estaci\u00f3n meteorol\u00f3gica con temperatura y humedad interior. Incorpora reloj despertador con alarma. Descubre aqu\u00ed todas sus caracter\u00edsticas.","robots":{"index":"noindex","follow":"follow","max-snippet":"max-snippet:-1","max-image-preview":"max-image-preview:large","max-video-preview":"max-video-preview:-1"},"og_locale":"fr_FR","og_type":"article","og_title":"ESTACI\u00d3N METEOROL\u00d3GICA INTERIOR HIGR\u00d3METRO","og_description":"Estaci\u00f3n meteorol\u00f3gica con temperatura y humedad interior. Incorpora reloj despertador con alarma. Descubre aqu\u00ed todas sus caracter\u00edsticas.","og_url":"https:\/\/kuken.alfadyser.dev\/fr\/produit\/estacion-meteorologica-interior-higrometro\/","og_site_name":"K\u00fcken","article_publisher":"https:\/\/es-es.facebook.com\/alfadyser\/","article_modified_time":"2025-07-23T06:39:14+00:00","og_image":[{"width":2000,"height":2000,"url":"https:\/\/kuken.alfadyser.dev\/wp-content\/uploads\/productos\/8425160339937_01.jpg","type":"image\/jpeg"}],"twitter_card":"summary_large_image","twitter_misc":{"Prix":"","Disponibilit\u00e9":"En stock"},"schema":{"@context":"https:\/\/schema.org","@graph":[{"@type":"WebPage","@id":"https:\/\/kuken.alfadyser.dev\/producto\/estacion-meteorologica-interior-higrometro\/","url":"https:\/\/kuken.alfadyser.dev\/producto\/estacion-meteorologica-interior-higrometro\/","name":"ESTACI\u00d3N METEOROL\u00d3GICA INTERIOR HIGR\u00d3METRO - K\u00fcken","isPartOf":{"@id":"https:\/\/kuken.alfadyser.dev\/#website"},"primaryImageOfPage":{"@id":"https:\/\/kuken.alfadyser.dev\/producto\/estacion-meteorologica-interior-higrometro\/#primaryimage"},"image":{"@id":"https:\/\/kuken.alfadyser.dev\/producto\/estacion-meteorologica-interior-higrometro\/#primaryimage"},"thumbnailUrl":"https:\/\/kuken.alfadyser.dev\/wp-content\/uploads\/productos\/8425160339937_01.jpg","datePublished":"2020-10-27T12:42:10+00:00","dateModified":"2025-07-23T06:39:14+00:00","description":"Estaci\u00f3n meteorol\u00f3gica con temperatura y humedad interior. Incorpora reloj despertador con alarma. Descubre aqu\u00ed todas sus caracter\u00edsticas.","breadcrumb":{"@id":"https:\/\/kuken.alfadyser.dev\/producto\/estacion-meteorologica-interior-higrometro\/#breadcrumb"},"inLanguage":"fr-FR","potentialAction":[{"@type":"ReadAction","target":["https:\/\/kuken.alfadyser.dev\/producto\/estacion-meteorologica-interior-higrometro\/"]}]},{"@type":"ImageObject","inLanguage":"fr-FR","@id":"https:\/\/kuken.alfadyser.dev\/producto\/estacion-meteorologica-interior-higrometro\/#primaryimage","url":"https:\/\/kuken.alfadyser.dev\/wp-content\/uploads\/productos\/8425160339937_01.jpg","contentUrl":"https:\/\/kuken.alfadyser.dev\/wp-content\/uploads\/productos\/8425160339937_01.jpg","width":2000,"height":2000,"caption":"Estaci\u00f3n meteorol\u00f3gica con temperatura y humedad interior"},{"@type":"BreadcrumbList","@id":"https:\/\/kuken.alfadyser.dev\/producto\/estacion-meteorologica-interior-higrometro\/#breadcrumb","itemListElement":[{"@type":"ListItem","position":1,"name":"Portada","item":"https:\/\/kuken.alfadyser.dev\/"},{"@type":"ListItem","position":2,"name":"Productos","item":"https:\/\/kuken.alfadyser.dev\/productos\/"},{"@type":"ListItem","position":3,"name":"ESTACI\u00d3N METEOROL\u00d3GICA INTERIOR HIGR\u00d3METRO"}]},{"@type":"WebSite","@id":"https:\/\/kuken.alfadyser.dev\/#website","url":"https:\/\/kuken.alfadyser.dev\/","name":"K\u00fcken","description":"Large gamme de petits appareils m\u00e9nagers k\u00fcken","publisher":{"@id":"https:\/\/kuken.alfadyser.dev\/#organization"},"potentialAction":[{"@type":"SearchAction","target":{"@type":"EntryPoint","urlTemplate":"https:\/\/kuken.alfadyser.dev\/?s={search_term_string}"},"query-input":{"@type":"PropertyValueSpecification","valueRequired":true,"valueName":"search_term_string"}}],"inLanguage":"fr-FR"},{"@type":"Organization","@id":"https:\/\/kuken.alfadyser.dev\/#organization","name":"Alpha Dyser","url":"https:\/\/kuken.alfadyser.dev\/","logo":{"@type":"ImageObject","inLanguage":"fr-FR","@id":"https:\/\/kuken.alfadyser.dev\/#\/schema\/logo\/image\/","url":"https:\/\/kuken.alfadyser.dev\/wp-content\/uploads\/2019\/04\/kuken-logo.png","contentUrl":"https:\/\/kuken.alfadyser.dev\/wp-content\/uploads\/2019\/04\/kuken-logo.png","width":500,"height":191,"caption":"Alfa Dyser"},"image":{"@id":"https:\/\/kuken.alfadyser.dev\/#\/schema\/logo\/image\/"},"sameAs":["https:\/\/es-es.facebook.com\/alfadyser\/","https:\/\/www.instagram.com\/kuken_appliances\/"]}]},"product_price_currency":"EUR","og_availability":"instock","product_availability":"instock","product_retailer_item_id":"33993","product_condition":"new"},"_links":{"self":[{"href":"https:\/\/kuken.alfadyser.dev\/fr\/wp-json\/wp\/v2\/product\/6169","targetHints":{"allow":["GET"]}}],"collection":[{"href":"https:\/\/kuken.alfadyser.dev\/fr\/wp-json\/wp\/v2\/product"}],"about":[{"href":"https:\/\/kuken.alfadyser.dev\/fr\/wp-json\/wp\/v2\/types\/product"}],"wp:featuredmedia":[{"embeddable":true,"href":"https:\/\/kuken.alfadyser.dev\/fr\/wp-json\/wp\/v2\/media\/5676"}],"wp:attachment":[{"href":"https:\/\/kuken.alfadyser.dev\/fr\/wp-json\/wp\/v2\/media?parent=6169"}],"wp:term":[{"taxonomy":"product_brand","embeddable":true,"href":"https:\/\/kuken.alfadyser.dev\/fr\/wp-json\/wp\/v2\/product_brand?post=6169"},{"taxonomy":"product_cat","embeddable":true,"href":"https:\/\/kuken.alfadyser.dev\/fr\/wp-json\/wp\/v2\/product_cat?post=6169"},{"taxonomy":"product_tag","embeddable":true,"href":"https:\/\/kuken.alfadyser.dev\/fr\/wp-json\/wp\/v2\/product_tag?post=6169"}],"curies":[{"name":"wp","href":"https:\/\/api.w.org\/{rel}","templated":true}]}}