{"id":6137,"date":"2020-10-27T13:42:00","date_gmt":"2020-10-27T12:42:00","guid":{"rendered":"https:\/\/kuken.alfadyser.dev\/producto\/ventilador-kuken-suelo-120w-alta-velocidad\/"},"modified":"2025-07-23T08:54:14","modified_gmt":"2025-07-23T06:54:14","slug":"ventilador-alta-velocidad-kuken-120w","status":"publish","type":"product","link":"https:\/\/kuken.alfadyser.dev\/fr\/produit\/ventilador-alta-velocidad-kuken-120w\/","title":{"rendered":"K\u00dcKEN HIGH SPEED FAN 120W"},"content":{"rendered":"<p>K\u00dcKEN HIGH SPEED FAN 120W<\/p>\n<ul>\n<li data-start=\"538\" data-end=\"611\">\n<p data-start=\"540\" data-end=\"611\">Potencia de 120W: ofrece una ventilaci\u00f3n intensa y constante.<\/p>\n<\/li>\n<li data-start=\"612\" data-end=\"700\">\n<p data-start=\"614\" data-end=\"700\">Tres aspas met\u00e1licas: proporcionan un flujo de aire m\u00e1s potente y eficiente.<\/p>\n<\/li>\n<li data-start=\"701\" data-end=\"782\">\n<p data-start=\"703\" data-end=\"782\">Selector de tres velocidades: ajusta la intensidad seg\u00fan tus necesidades.<\/p>\n<\/li>\n<li data-start=\"783\" data-end=\"865\">\n<p data-start=\"785\" data-end=\"865\">Cuerpo con orientaci\u00f3n vertical: maximiza el radio de acci\u00f3n del aire.<\/p>\n<\/li>\n<li data-start=\"866\" data-end=\"946\">\n<p data-start=\"868\" data-end=\"946\">Base antideslizante: asegura estabilidad incluso a m\u00e1xima velocidad.<\/p>\n<\/li>\n<li data-start=\"947\" data-end=\"1021\">\n<p data-start=\"949\" data-end=\"1021\">Rejilla de seguridad en aluminio: protecci\u00f3n eficaz y durabilidad.<\/p>\n<\/li>\n<li data-start=\"1022\" data-end=\"1108\">\n<p data-start=\"1024\" data-end=\"1108\">Asa integrada: facilita el traslado entre estancias o espacios de trabajo.<\/p>\n<\/li>\n<li data-start=\"1109\" data-end=\"1166\">\n<p data-start=\"1111\" data-end=\"1166\">Recoge cables trasero: mantiene el \u00e1rea ordenada.<\/p>\n<\/li>\n<li data-start=\"1167\" data-end=\"1223\">\n<p data-start=\"1169\" data-end=\"1223\">Cable de 1,80 metros: mayor libertad de ubicaci\u00f3n.<\/p>\n<\/li>\n<\/ul>\n<p><div class=\"accordion\"><div class=\"mfn-acc accordion_wrapper  toggle\"><div class=\"question\"><div class=\"title\"><i class=\"icon-plus acc-icon-plus\" aria-hidden=\"true\"><\/i><i class=\"icon-minus acc-icon-minus\" aria-hidden=\"true\"><\/i>Donn\u00e9es du produit<\/div><div class=\"answer\">EAN: 8425160315146<\/p>\n<p>K\u00dcKEN HIGH SPEED FAN 120W<\/p>\n<p>Unit\u00e9s : 1<br \/>\nColor: Cromado<br \/>\nEmballage : bo\u00eete color\u00e9e<br \/>\nPotencia: 120W<br \/>\nTension : 230V<br \/>\nMaterial: Aluminio<br \/>\nBase antid\u00e9rapante : Oui<br \/>\nVelocidades: 3 velocidades<br \/>\nPeso: 4,8kg<br \/>\nDi\u00e1metro: 455 mm<\/div><\/div>\n<\/div><\/div>\n<br \/>\n<div class=\"accordion\"><div class=\"mfn-acc accordion_wrapper  toggle\"><div class=\"question\"><div class=\"title\"><i class=\"icon-plus acc-icon-plus\" aria-hidden=\"true\"><\/i><i class=\"icon-minus acc-icon-minus\" aria-hidden=\"true\"><\/i>Accessoires<\/div><div class=\"answer\"><\/div><\/div>\n<\/div><\/div>\n<\/p>\n<div class=\"descargas-producto\"><a href=\"\/wp-content\/uploads\/pdf\/8425160315146_ficha_tecnica.pdf\" target=\"_blank\" rel=\"noopener noreferrer\"><br \/>\n<\/a><a href=\"https:\/\/kuken.alfadyser.dev\/wp-content\/uploads\/8425160315146_ficha_tecnica.pdf\"><img loading=\"lazy\" decoding=\"async\" src=\"\/wp-content\/uploads\/2019\/12\/picto-descarrega.png\" alt=\"t\u00e9l\u00e9charger la fiche technique\" width=\"23\" height=\"16\" \/>T\u00e9l\u00e9charger la fiche<\/a><a href=\"https:\/\/kuken.alfadyser.dev\/wp-content\/uploads\/31514_instrucciones.pdf\" target=\"_blank\" rel=\"noopener noreferrer\"><br \/>\n<img loading=\"lazy\" decoding=\"async\" src=\"\/wp-content\/uploads\/2019\/12\/picto-descarrega.png\" alt=\"t\u00e9l\u00e9charger le manuel d&#039;instructions\" width=\"23\" height=\"16\" \/>T\u00e9l\u00e9charger le manuel<\/a><\/div>\n<div><\/div>\n<div><span style=\"color: #bf2121\">Suivez-nous sur les m\u00e9dias sociaux !<\/span><\/div>\n<div><a href=\"https:\/\/www.instagram.com\/kuken_appliances\/\">https:\/\/www.instagram.com\/kuken_appliances\/<\/a><\/div>\n<p><iframe loading=\"lazy\" title=\"Ventilateurs Kuken\" width=\"560\" height=\"315\" src=\"https:\/\/www.youtube.com\/embed\/YiLHFxcebs0?feature=oembed\" frameborder=\"0\" allow=\"accelerometer; autoplay; clipboard-write; encrypted-media; gyroscope; picture-in-picture; web-share\" referrerpolicy=\"strict-origin-when-cross-origin\" allowfullscreen><\/iframe><\/p>","protected":false},"excerpt":{"rendered":"<p data-start=\"361\" data-end=\"500\">Refresca grandes espacios con m\u00e1xima potencia y estabilidad. Ideal para uso dom\u00e9stico o profesional, con dise\u00f1o robusto y alto rendimiento.<\/p>","protected":false},"featured_media":5864,"template":"","meta":[],"product_brand":[],"product_cat":[223],"product_tag":[],"class_list":{"0":"post-6137","1":"product","2":"type-product","3":"status-publish","4":"has-post-thumbnail","6":"product_cat-ventiladores","8":"first","9":"instock","10":"product-type-simple"},"yoast_head":"<!-- This site is optimized with the Yoast SEO Premium plugin v24.0 (Yoast SEO v26.5) - https:\/\/yoast.com\/wordpress\/plugins\/seo\/ -->\n<title>VENTILADOR ALTA VELOCIDAD K\u00dcKEN 120W - K\u00fcken<\/title>\n<meta name=\"description\" content=\"Ventilador de alta velocidad k\u00fcken de uso tanto dom\u00e9stico como industrial. Refresca de manera r\u00e1pida y eficiente. Desc\u00fabrelo aqu\u00ed.\" \/>\n<meta name=\"robots\" content=\"noindex, follow, max-snippet:-1, max-image-preview:large, max-video-preview:-1\" \/>\n<meta property=\"og:locale\" content=\"fr_FR\" \/>\n<meta property=\"og:type\" content=\"article\" \/>\n<meta property=\"og:title\" content=\"VENTILADOR ALTA VELOCIDAD K\u00dcKEN 120W\" \/>\n<meta property=\"og:description\" content=\"Ventilador de alta velocidad k\u00fcken de uso tanto dom\u00e9stico como industrial. Refresca de manera r\u00e1pida y eficiente. Desc\u00fabrelo aqu\u00ed.\" \/>\n<meta property=\"og:url\" content=\"https:\/\/kuken.alfadyser.dev\/fr\/produit\/ventilador-alta-velocidad-kuken-120w\/\" \/>\n<meta property=\"og:site_name\" content=\"K\u00fcken\" \/>\n<meta property=\"article:publisher\" content=\"https:\/\/es-es.facebook.com\/alfadyser\/\" \/>\n<meta property=\"article:modified_time\" content=\"2025-07-23T06:54:14+00:00\" \/>\n<meta property=\"og:image\" content=\"https:\/\/kuken.alfadyser.dev\/wp-content\/uploads\/productos\/8425160315146_01.jpg\" \/>\n\t<meta property=\"og:image:width\" content=\"335\" \/>\n\t<meta property=\"og:image:height\" content=\"335\" \/>\n\t<meta property=\"og:image:type\" content=\"image\/jpeg\" \/>\n<meta name=\"twitter:card\" content=\"summary_large_image\" \/>\n<meta name=\"twitter:label1\" content=\"Prix\" \/>\n\t<meta name=\"twitter:data1\" content=\"\" \/>\n\t<meta name=\"twitter:label2\" content=\"Disponibilit\u00e9\" \/>\n\t<meta name=\"twitter:data2\" content=\"En stock\" \/>\n<script type=\"application\/ld+json\" class=\"yoast-schema-graph\">{\"@context\":\"https:\/\/schema.org\",\"@graph\":[{\"@type\":\"WebPage\",\"@id\":\"https:\/\/kuken.alfadyser.dev\/producto\/ventilador-alta-velocidad-kuken-120w\/\",\"url\":\"https:\/\/kuken.alfadyser.dev\/producto\/ventilador-alta-velocidad-kuken-120w\/\",\"name\":\"VENTILADOR ALTA VELOCIDAD K\u00dcKEN 120W - K\u00fcken\",\"isPartOf\":{\"@id\":\"https:\/\/kuken.alfadyser.dev\/#website\"},\"primaryImageOfPage\":{\"@id\":\"https:\/\/kuken.alfadyser.dev\/producto\/ventilador-alta-velocidad-kuken-120w\/#primaryimage\"},\"image\":{\"@id\":\"https:\/\/kuken.alfadyser.dev\/producto\/ventilador-alta-velocidad-kuken-120w\/#primaryimage\"},\"thumbnailUrl\":\"https:\/\/kuken.alfadyser.dev\/wp-content\/uploads\/productos\/8425160315146_01.jpg\",\"datePublished\":\"2020-10-27T12:42:00+00:00\",\"dateModified\":\"2025-07-23T06:54:14+00:00\",\"description\":\"Ventilador de alta velocidad k\u00fcken de uso tanto dom\u00e9stico como industrial. Refresca de manera r\u00e1pida y eficiente. Desc\u00fabrelo aqu\u00ed.\",\"breadcrumb\":{\"@id\":\"https:\/\/kuken.alfadyser.dev\/producto\/ventilador-alta-velocidad-kuken-120w\/#breadcrumb\"},\"inLanguage\":\"fr-FR\",\"potentialAction\":[{\"@type\":\"ReadAction\",\"target\":[\"https:\/\/kuken.alfadyser.dev\/producto\/ventilador-alta-velocidad-kuken-120w\/\"]}]},{\"@type\":\"ImageObject\",\"inLanguage\":\"fr-FR\",\"@id\":\"https:\/\/kuken.alfadyser.dev\/producto\/ventilador-alta-velocidad-kuken-120w\/#primaryimage\",\"url\":\"https:\/\/kuken.alfadyser.dev\/wp-content\/uploads\/productos\/8425160315146_01.jpg\",\"contentUrl\":\"https:\/\/kuken.alfadyser.dev\/wp-content\/uploads\/productos\/8425160315146_01.jpg\",\"width\":335,\"height\":335,\"caption\":\"Ventilador de alta velocidad k\u00fcken para uso dom\u00e9stico e industrial\"},{\"@type\":\"BreadcrumbList\",\"@id\":\"https:\/\/kuken.alfadyser.dev\/producto\/ventilador-alta-velocidad-kuken-120w\/#breadcrumb\",\"itemListElement\":[{\"@type\":\"ListItem\",\"position\":1,\"name\":\"Portada\",\"item\":\"https:\/\/kuken.alfadyser.dev\/\"},{\"@type\":\"ListItem\",\"position\":2,\"name\":\"Productos\",\"item\":\"https:\/\/kuken.alfadyser.dev\/productos\/\"},{\"@type\":\"ListItem\",\"position\":3,\"name\":\"VENTILADOR ALTA VELOCIDAD K\u00dcKEN 120W\"}]},{\"@type\":\"WebSite\",\"@id\":\"https:\/\/kuken.alfadyser.dev\/#website\",\"url\":\"https:\/\/kuken.alfadyser.dev\/\",\"name\":\"K\u00fcken\",\"description\":\"Amplia gama de peque\u00f1o electrodom\u00e9stico k\u00fcken\",\"publisher\":{\"@id\":\"https:\/\/kuken.alfadyser.dev\/#organization\"},\"potentialAction\":[{\"@type\":\"SearchAction\",\"target\":{\"@type\":\"EntryPoint\",\"urlTemplate\":\"https:\/\/kuken.alfadyser.dev\/?s={search_term_string}\"},\"query-input\":{\"@type\":\"PropertyValueSpecification\",\"valueRequired\":true,\"valueName\":\"search_term_string\"}}],\"inLanguage\":\"fr-FR\"},{\"@type\":\"Organization\",\"@id\":\"https:\/\/kuken.alfadyser.dev\/#organization\",\"name\":\"Alfa Dyser\",\"url\":\"https:\/\/kuken.alfadyser.dev\/\",\"logo\":{\"@type\":\"ImageObject\",\"inLanguage\":\"fr-FR\",\"@id\":\"https:\/\/kuken.alfadyser.dev\/#\/schema\/logo\/image\/\",\"url\":\"https:\/\/kuken.alfadyser.dev\/wp-content\/uploads\/2019\/04\/kuken-logo.png\",\"contentUrl\":\"https:\/\/kuken.alfadyser.dev\/wp-content\/uploads\/2019\/04\/kuken-logo.png\",\"width\":500,\"height\":191,\"caption\":\"Alfa Dyser\"},\"image\":{\"@id\":\"https:\/\/kuken.alfadyser.dev\/#\/schema\/logo\/image\/\"},\"sameAs\":[\"https:\/\/es-es.facebook.com\/alfadyser\/\",\"https:\/\/www.instagram.com\/kuken_appliances\/\"]}]}<\/script>\n<meta property=\"product:price:currency\" content=\"EUR\" \/>\n<meta property=\"og:availability\" content=\"instock\" \/>\n<meta property=\"product:availability\" content=\"instock\" \/>\n<meta property=\"product:retailer_item_id\" content=\"31514\" \/>\n<meta property=\"product:condition\" content=\"new\" \/>\n<!-- \/ Yoast SEO Premium plugin. -->","yoast_head_json":{"title":"VENTILADOR ALTA VELOCIDAD K\u00dcKEN 120W - K\u00fcken","description":"Ventilador de alta velocidad k\u00fcken de uso tanto dom\u00e9stico como industrial. Refresca de manera r\u00e1pida y eficiente. Desc\u00fabrelo aqu\u00ed.","robots":{"index":"noindex","follow":"follow","max-snippet":"max-snippet:-1","max-image-preview":"max-image-preview:large","max-video-preview":"max-video-preview:-1"},"og_locale":"fr_FR","og_type":"article","og_title":"VENTILADOR ALTA VELOCIDAD K\u00dcKEN 120W","og_description":"Ventilador de alta velocidad k\u00fcken de uso tanto dom\u00e9stico como industrial. Refresca de manera r\u00e1pida y eficiente. Desc\u00fabrelo aqu\u00ed.","og_url":"https:\/\/kuken.alfadyser.dev\/fr\/produit\/ventilador-alta-velocidad-kuken-120w\/","og_site_name":"K\u00fcken","article_publisher":"https:\/\/es-es.facebook.com\/alfadyser\/","article_modified_time":"2025-07-23T06:54:14+00:00","og_image":[{"width":335,"height":335,"url":"https:\/\/kuken.alfadyser.dev\/wp-content\/uploads\/productos\/8425160315146_01.jpg","type":"image\/jpeg"}],"twitter_card":"summary_large_image","twitter_misc":{"Prix":"","Disponibilit\u00e9":"En stock"},"schema":{"@context":"https:\/\/schema.org","@graph":[{"@type":"WebPage","@id":"https:\/\/kuken.alfadyser.dev\/producto\/ventilador-alta-velocidad-kuken-120w\/","url":"https:\/\/kuken.alfadyser.dev\/producto\/ventilador-alta-velocidad-kuken-120w\/","name":"VENTILADOR ALTA VELOCIDAD K\u00dcKEN 120W - K\u00fcken","isPartOf":{"@id":"https:\/\/kuken.alfadyser.dev\/#website"},"primaryImageOfPage":{"@id":"https:\/\/kuken.alfadyser.dev\/producto\/ventilador-alta-velocidad-kuken-120w\/#primaryimage"},"image":{"@id":"https:\/\/kuken.alfadyser.dev\/producto\/ventilador-alta-velocidad-kuken-120w\/#primaryimage"},"thumbnailUrl":"https:\/\/kuken.alfadyser.dev\/wp-content\/uploads\/productos\/8425160315146_01.jpg","datePublished":"2020-10-27T12:42:00+00:00","dateModified":"2025-07-23T06:54:14+00:00","description":"Ventilador de alta velocidad k\u00fcken de uso tanto dom\u00e9stico como industrial. Refresca de manera r\u00e1pida y eficiente. Desc\u00fabrelo aqu\u00ed.","breadcrumb":{"@id":"https:\/\/kuken.alfadyser.dev\/producto\/ventilador-alta-velocidad-kuken-120w\/#breadcrumb"},"inLanguage":"fr-FR","potentialAction":[{"@type":"ReadAction","target":["https:\/\/kuken.alfadyser.dev\/producto\/ventilador-alta-velocidad-kuken-120w\/"]}]},{"@type":"ImageObject","inLanguage":"fr-FR","@id":"https:\/\/kuken.alfadyser.dev\/producto\/ventilador-alta-velocidad-kuken-120w\/#primaryimage","url":"https:\/\/kuken.alfadyser.dev\/wp-content\/uploads\/productos\/8425160315146_01.jpg","contentUrl":"https:\/\/kuken.alfadyser.dev\/wp-content\/uploads\/productos\/8425160315146_01.jpg","width":335,"height":335,"caption":"Ventilador de alta velocidad k\u00fcken para uso dom\u00e9stico e industrial"},{"@type":"BreadcrumbList","@id":"https:\/\/kuken.alfadyser.dev\/producto\/ventilador-alta-velocidad-kuken-120w\/#breadcrumb","itemListElement":[{"@type":"ListItem","position":1,"name":"Portada","item":"https:\/\/kuken.alfadyser.dev\/"},{"@type":"ListItem","position":2,"name":"Productos","item":"https:\/\/kuken.alfadyser.dev\/productos\/"},{"@type":"ListItem","position":3,"name":"VENTILADOR ALTA VELOCIDAD K\u00dcKEN 120W"}]},{"@type":"WebSite","@id":"https:\/\/kuken.alfadyser.dev\/#website","url":"https:\/\/kuken.alfadyser.dev\/","name":"K\u00fcken","description":"Large gamme de petits appareils m\u00e9nagers k\u00fcken","publisher":{"@id":"https:\/\/kuken.alfadyser.dev\/#organization"},"potentialAction":[{"@type":"SearchAction","target":{"@type":"EntryPoint","urlTemplate":"https:\/\/kuken.alfadyser.dev\/?s={search_term_string}"},"query-input":{"@type":"PropertyValueSpecification","valueRequired":true,"valueName":"search_term_string"}}],"inLanguage":"fr-FR"},{"@type":"Organization","@id":"https:\/\/kuken.alfadyser.dev\/#organization","name":"Alpha Dyser","url":"https:\/\/kuken.alfadyser.dev\/","logo":{"@type":"ImageObject","inLanguage":"fr-FR","@id":"https:\/\/kuken.alfadyser.dev\/#\/schema\/logo\/image\/","url":"https:\/\/kuken.alfadyser.dev\/wp-content\/uploads\/2019\/04\/kuken-logo.png","contentUrl":"https:\/\/kuken.alfadyser.dev\/wp-content\/uploads\/2019\/04\/kuken-logo.png","width":500,"height":191,"caption":"Alfa Dyser"},"image":{"@id":"https:\/\/kuken.alfadyser.dev\/#\/schema\/logo\/image\/"},"sameAs":["https:\/\/es-es.facebook.com\/alfadyser\/","https:\/\/www.instagram.com\/kuken_appliances\/"]}]},"product_price_currency":"EUR","og_availability":"instock","product_availability":"instock","product_retailer_item_id":"31514","product_condition":"new"},"_links":{"self":[{"href":"https:\/\/kuken.alfadyser.dev\/fr\/wp-json\/wp\/v2\/product\/6137","targetHints":{"allow":["GET"]}}],"collection":[{"href":"https:\/\/kuken.alfadyser.dev\/fr\/wp-json\/wp\/v2\/product"}],"about":[{"href":"https:\/\/kuken.alfadyser.dev\/fr\/wp-json\/wp\/v2\/types\/product"}],"wp:featuredmedia":[{"embeddable":true,"href":"https:\/\/kuken.alfadyser.dev\/fr\/wp-json\/wp\/v2\/media\/5864"}],"wp:attachment":[{"href":"https:\/\/kuken.alfadyser.dev\/fr\/wp-json\/wp\/v2\/media?parent=6137"}],"wp:term":[{"taxonomy":"product_brand","embeddable":true,"href":"https:\/\/kuken.alfadyser.dev\/fr\/wp-json\/wp\/v2\/product_brand?post=6137"},{"taxonomy":"product_cat","embeddable":true,"href":"https:\/\/kuken.alfadyser.dev\/fr\/wp-json\/wp\/v2\/product_cat?post=6137"},{"taxonomy":"product_tag","embeddable":true,"href":"https:\/\/kuken.alfadyser.dev\/fr\/wp-json\/wp\/v2\/product_tag?post=6137"}],"curies":[{"name":"wp","href":"https:\/\/api.w.org\/{rel}","templated":true}]}}