{"id":3739,"date":"2020-03-02T10:43:27","date_gmt":"2020-03-02T09:43:27","guid":{"rendered":"https:\/\/kuken.alfadyser.dev\/producto\/secador-pelo-viaje-1200w-negro-kuken\/"},"modified":"2025-07-23T09:04:39","modified_gmt":"2025-07-23T07:04:39","slug":"secador-pelo-viaje-1200w-negro-kuken","status":"publish","type":"product","link":"https:\/\/kuken.alfadyser.dev\/fr\/produit\/secador-pelo-viaje-1200w-negro-kuken\/","title":{"rendered":"S\u00c8CHE-CHEVEUX DE VOYAGE 1200W NOIR K\u00dcKEN"},"content":{"rendered":"<p>S\u00c8CHE-CHEVEUX DE VOYAGE 1200W NOIR K\u00dcKEN<\/p>\n<ul data-start=\"570\" data-end=\"1362\">\n<li data-start=\"570\" data-end=\"648\">\n<p data-start=\"572\" data-end=\"648\">Potencia de 1200W: secado r\u00e1pido y eficaz para uso diario o en viajes.<\/p>\n<\/li>\n<li data-start=\"649\" data-end=\"739\">\n<p data-start=\"651\" data-end=\"739\">Selector de 2 niveles de potencia: ajusta el caudal de aire seg\u00fan tus necesidades.<\/p>\n<\/li>\n<li data-start=\"740\" data-end=\"828\">\n<p data-start=\"742\" data-end=\"828\">Funci\u00f3n de aire fr\u00edo: ideal para fijar el peinado y dar un acabado duradero.<\/p>\n<\/li>\n<li data-start=\"829\" data-end=\"900\">\n<p data-start=\"831\" data-end=\"900\">Concentrador de aire profesional: mayor precisi\u00f3n en el secado.<\/p>\n<\/li>\n<li data-start=\"901\" data-end=\"980\">\n<p data-start=\"903\" data-end=\"980\">Rejilla trasera anti enredo: protege el cabello y facilita la limpieza.<\/p>\n<\/li>\n<li data-start=\"981\" data-end=\"1046\">\n<p data-start=\"983\" data-end=\"1046\">Asa ergon\u00f3mica: asegura una sujeci\u00f3n c\u00f3moda y segura.<\/p>\n<\/li>\n<li data-start=\"1047\" data-end=\"1125\">\n<p data-start=\"1049\" data-end=\"1125\">Dise\u00f1o plegable y compacto: ideal para guardar en maletas o neceseres.<\/p>\n<\/li>\n<li data-start=\"1126\" data-end=\"1202\">\n<p data-start=\"1128\" data-end=\"1202\">Acabado en negro Soft-Touch: elegante, moderno y agradable al tacto.<\/p>\n<\/li>\n<li data-start=\"1203\" data-end=\"1289\">\n<p data-start=\"1205\" data-end=\"1289\">Anilla para colgar integrada: pr\u00e1ctico para guardar en casa o en alojamientos.<\/p>\n<\/li>\n<li data-start=\"1290\" data-end=\"1362\">\n<p data-start=\"1292\" data-end=\"1362\">Cable de 1,50 metros: libertad de movimiento en cualquier entorno.<\/p>\n<\/li>\n<\/ul>\n<p><div class=\"accordion\"><div class=\"mfn-acc accordion_wrapper  toggle\"><div class=\"question\"><div class=\"title\"><i class=\"icon-plus acc-icon-plus\" aria-hidden=\"true\"><\/i><i class=\"icon-minus acc-icon-minus\" aria-hidden=\"true\"><\/i>Donn\u00e9es du produit<\/div><div class=\"answer\">EAN 8425160335328<\/p>\n<p>S\u00c8CHE-CHEVEUX DE VOYAGE 1200W NOIR K\u00dcKEN<\/p>\n<p>Unit\u00e9 d'emballage 1<br \/>\nCouleur Noir<br \/>\nEmballage Bo\u00eete color\u00e9e<br \/>\nPuissance 1200 W<br \/>\nTension 230 V<br \/>\nTama\u00f1o Peque\u00f1o<br \/>\nMat\u00e9riau PC<br \/>\nVitesses 2<br \/>\nPlegable S\u00ed<br \/>\nViaje S\u00ed<\/div><\/div>\n<\/div><\/div>\n<br \/>\n<div class=\"accordion\"><div class=\"mfn-acc accordion_wrapper  toggle\"><div class=\"question\"><div class=\"title\"><i class=\"icon-plus acc-icon-plus\" aria-hidden=\"true\"><\/i><i class=\"icon-minus acc-icon-minus\" aria-hidden=\"true\"><\/i>Accessoires<\/div><div class=\"answer\">1 Boquilla de alisado.<\/div><\/div>\n<\/div><\/div>\n<\/p>\n<div class=\"descargas-producto\"><a href=\"\/wp-content\/uploads\/pdf\/8425160335328_ficha_tecnica.pdf\" target=\"_blank\" rel=\"noopener noreferrer\"><br \/>\n<img loading=\"lazy\" decoding=\"async\" src=\"\/wp-content\/uploads\/2019\/12\/picto-descarrega.png\" alt=\"t\u00e9l\u00e9charger la fiche technique\" width=\"23\" height=\"16\" \/>T\u00e9l\u00e9charger la fiche<\/a><a href=\"https:\/\/kuken.alfadyser.dev\/wp-content\/uploads\/33532_instrucciones.pdf\" target=\"_blank\" rel=\"noopener noreferrer\"><br \/>\n<img loading=\"lazy\" decoding=\"async\" src=\"\/wp-content\/uploads\/2019\/12\/picto-descarrega.png\" alt=\"t\u00e9l\u00e9charger le manuel d&#039;instructions\" width=\"23\" height=\"16\" \/>T\u00e9l\u00e9charger le manuel<\/a><\/div>\n<div><\/div>\n<div><span style=\"color: #bf2121\">Suivez-nous sur les m\u00e9dias sociaux !<\/span><\/div>\n<div><a href=\"https:\/\/www.instagram.com\/kuken_appliances\/\">https:\/\/www.instagram.com\/kuken_appliances\/<\/a><\/div>","protected":false},"excerpt":{"rendered":"<p data-start=\"374\" data-end=\"532\">Secado eficiente en cualquier lugar. Este secador de viaje combina potencia, dise\u00f1o compacto y funcionalidades clave para cuidar tu peinado est\u00e9s donde est\u00e9s.<\/p>","protected":false},"featured_media":3740,"template":"","meta":[],"product_brand":[],"product_cat":[213],"product_tag":[],"class_list":{"0":"post-3739","1":"product","2":"type-product","3":"status-publish","4":"has-post-thumbnail","6":"product_cat-secadores","8":"first","9":"instock","10":"product-type-simple"},"yoast_head":"<!-- This site is optimized with the Yoast SEO Premium plugin v24.0 (Yoast SEO v26.5) - https:\/\/yoast.com\/wordpress\/plugins\/seo\/ -->\n<title>SECADOR PELO VIAJE 1200W NEGRO K\u00dcKEN - K\u00fcken<\/title>\n<meta name=\"description\" content=\"Nuevo y exclusivo secador de pelo de viaje 1200w negro k\u00fcken. Seca el pelo all\u00ed donde vayas de manera m\u00e1s r\u00e1pida y f\u00e1cil, desc\u00fabrela ahora.\" \/>\n<meta name=\"robots\" content=\"noindex, follow, max-snippet:-1, max-image-preview:large, max-video-preview:-1\" \/>\n<meta property=\"og:locale\" content=\"fr_FR\" \/>\n<meta property=\"og:type\" content=\"article\" \/>\n<meta property=\"og:title\" content=\"SECADOR PELO VIAJE 1200W NEGRO K\u00dcKEN\" \/>\n<meta property=\"og:description\" content=\"Nuevo y exclusivo secador de pelo de viaje 1200w negro k\u00fcken. Seca el pelo all\u00ed donde vayas de manera m\u00e1s r\u00e1pida y f\u00e1cil, desc\u00fabrela ahora.\" \/>\n<meta property=\"og:url\" content=\"https:\/\/kuken.alfadyser.dev\/fr\/produit\/secador-pelo-viaje-1200w-negro-kuken\/\" \/>\n<meta property=\"og:site_name\" content=\"K\u00fcken\" \/>\n<meta property=\"article:publisher\" content=\"https:\/\/es-es.facebook.com\/alfadyser\/\" \/>\n<meta property=\"article:modified_time\" content=\"2025-07-23T07:04:39+00:00\" \/>\n<meta property=\"og:image\" content=\"https:\/\/kuken.alfadyser.dev\/wp-content\/uploads\/2020\/03\/SECADOR-PELO-VIAJE-1200W-NEGRO-KUKEN.jpg\" \/>\n\t<meta property=\"og:image:width\" content=\"853\" \/>\n\t<meta property=\"og:image:height\" content=\"853\" \/>\n\t<meta property=\"og:image:type\" content=\"image\/jpeg\" \/>\n<meta name=\"twitter:card\" content=\"summary_large_image\" \/>\n<meta name=\"twitter:label1\" content=\"Prix\" \/>\n\t<meta name=\"twitter:data1\" content=\"\" \/>\n\t<meta name=\"twitter:label2\" content=\"Disponibilit\u00e9\" \/>\n\t<meta name=\"twitter:data2\" content=\"En stock\" \/>\n<script type=\"application\/ld+json\" class=\"yoast-schema-graph\">{\"@context\":\"https:\/\/schema.org\",\"@graph\":[{\"@type\":\"WebPage\",\"@id\":\"https:\/\/kuken.alfadyser.dev\/producto\/secador-pelo-viaje-1200w-negro-kuken\/\",\"url\":\"https:\/\/kuken.alfadyser.dev\/producto\/secador-pelo-viaje-1200w-negro-kuken\/\",\"name\":\"SECADOR PELO VIAJE 1200W NEGRO K\u00dcKEN - K\u00fcken\",\"isPartOf\":{\"@id\":\"https:\/\/kuken.alfadyser.dev\/#website\"},\"primaryImageOfPage\":{\"@id\":\"https:\/\/kuken.alfadyser.dev\/producto\/secador-pelo-viaje-1200w-negro-kuken\/#primaryimage\"},\"image\":{\"@id\":\"https:\/\/kuken.alfadyser.dev\/producto\/secador-pelo-viaje-1200w-negro-kuken\/#primaryimage\"},\"thumbnailUrl\":\"https:\/\/kuken.alfadyser.dev\/wp-content\/uploads\/2020\/03\/SECADOR-PELO-VIAJE-1200W-NEGRO-KUKEN.jpg\",\"datePublished\":\"2020-03-02T09:43:27+00:00\",\"dateModified\":\"2025-07-23T07:04:39+00:00\",\"description\":\"Nuevo y exclusivo secador de pelo de viaje 1200w negro k\u00fcken. Seca el pelo all\u00ed donde vayas de manera m\u00e1s r\u00e1pida y f\u00e1cil, desc\u00fabrela ahora.\",\"breadcrumb\":{\"@id\":\"https:\/\/kuken.alfadyser.dev\/producto\/secador-pelo-viaje-1200w-negro-kuken\/#breadcrumb\"},\"inLanguage\":\"fr-FR\",\"potentialAction\":[{\"@type\":\"ReadAction\",\"target\":[\"https:\/\/kuken.alfadyser.dev\/producto\/secador-pelo-viaje-1200w-negro-kuken\/\"]}]},{\"@type\":\"ImageObject\",\"inLanguage\":\"fr-FR\",\"@id\":\"https:\/\/kuken.alfadyser.dev\/producto\/secador-pelo-viaje-1200w-negro-kuken\/#primaryimage\",\"url\":\"https:\/\/kuken.alfadyser.dev\/wp-content\/uploads\/2020\/03\/SECADOR-PELO-VIAJE-1200W-NEGRO-KUKEN.jpg\",\"contentUrl\":\"https:\/\/kuken.alfadyser.dev\/wp-content\/uploads\/2020\/03\/SECADOR-PELO-VIAJE-1200W-NEGRO-KUKEN.jpg\",\"width\":853,\"height\":853,\"caption\":\"Secador de pelo de viaje k\u00fcken\"},{\"@type\":\"BreadcrumbList\",\"@id\":\"https:\/\/kuken.alfadyser.dev\/producto\/secador-pelo-viaje-1200w-negro-kuken\/#breadcrumb\",\"itemListElement\":[{\"@type\":\"ListItem\",\"position\":1,\"name\":\"Portada\",\"item\":\"https:\/\/kuken.alfadyser.dev\/\"},{\"@type\":\"ListItem\",\"position\":2,\"name\":\"Productos\",\"item\":\"https:\/\/kuken.alfadyser.dev\/productos\/\"},{\"@type\":\"ListItem\",\"position\":3,\"name\":\"SECADOR PELO VIAJE 1200W NEGRO K\u00dcKEN\"}]},{\"@type\":\"WebSite\",\"@id\":\"https:\/\/kuken.alfadyser.dev\/#website\",\"url\":\"https:\/\/kuken.alfadyser.dev\/\",\"name\":\"K\u00fcken\",\"description\":\"Amplia gama de peque\u00f1o electrodom\u00e9stico k\u00fcken\",\"publisher\":{\"@id\":\"https:\/\/kuken.alfadyser.dev\/#organization\"},\"potentialAction\":[{\"@type\":\"SearchAction\",\"target\":{\"@type\":\"EntryPoint\",\"urlTemplate\":\"https:\/\/kuken.alfadyser.dev\/?s={search_term_string}\"},\"query-input\":{\"@type\":\"PropertyValueSpecification\",\"valueRequired\":true,\"valueName\":\"search_term_string\"}}],\"inLanguage\":\"fr-FR\"},{\"@type\":\"Organization\",\"@id\":\"https:\/\/kuken.alfadyser.dev\/#organization\",\"name\":\"Alfa Dyser\",\"url\":\"https:\/\/kuken.alfadyser.dev\/\",\"logo\":{\"@type\":\"ImageObject\",\"inLanguage\":\"fr-FR\",\"@id\":\"https:\/\/kuken.alfadyser.dev\/#\/schema\/logo\/image\/\",\"url\":\"https:\/\/kuken.alfadyser.dev\/wp-content\/uploads\/2019\/04\/kuken-logo.png\",\"contentUrl\":\"https:\/\/kuken.alfadyser.dev\/wp-content\/uploads\/2019\/04\/kuken-logo.png\",\"width\":500,\"height\":191,\"caption\":\"Alfa Dyser\"},\"image\":{\"@id\":\"https:\/\/kuken.alfadyser.dev\/#\/schema\/logo\/image\/\"},\"sameAs\":[\"https:\/\/es-es.facebook.com\/alfadyser\/\",\"https:\/\/www.instagram.com\/kuken_appliances\/\"]}]}<\/script>\n<meta property=\"product:price:currency\" content=\"EUR\" \/>\n<meta property=\"og:availability\" content=\"instock\" \/>\n<meta property=\"product:availability\" content=\"instock\" \/>\n<meta property=\"product:retailer_item_id\" content=\"33532\" \/>\n<meta property=\"product:condition\" content=\"new\" \/>\n<!-- \/ Yoast SEO Premium plugin. -->","yoast_head_json":{"title":"SECADOR PELO VIAJE 1200W NEGRO K\u00dcKEN - K\u00fcken","description":"Nuevo y exclusivo secador de pelo de viaje 1200w negro k\u00fcken. Seca el pelo all\u00ed donde vayas de manera m\u00e1s r\u00e1pida y f\u00e1cil, desc\u00fabrela ahora.","robots":{"index":"noindex","follow":"follow","max-snippet":"max-snippet:-1","max-image-preview":"max-image-preview:large","max-video-preview":"max-video-preview:-1"},"og_locale":"fr_FR","og_type":"article","og_title":"SECADOR PELO VIAJE 1200W NEGRO K\u00dcKEN","og_description":"Nuevo y exclusivo secador de pelo de viaje 1200w negro k\u00fcken. Seca el pelo all\u00ed donde vayas de manera m\u00e1s r\u00e1pida y f\u00e1cil, desc\u00fabrela ahora.","og_url":"https:\/\/kuken.alfadyser.dev\/fr\/produit\/secador-pelo-viaje-1200w-negro-kuken\/","og_site_name":"K\u00fcken","article_publisher":"https:\/\/es-es.facebook.com\/alfadyser\/","article_modified_time":"2025-07-23T07:04:39+00:00","og_image":[{"width":853,"height":853,"url":"https:\/\/kuken.alfadyser.dev\/wp-content\/uploads\/2020\/03\/SECADOR-PELO-VIAJE-1200W-NEGRO-KUKEN.jpg","type":"image\/jpeg"}],"twitter_card":"summary_large_image","twitter_misc":{"Prix":"","Disponibilit\u00e9":"En stock"},"schema":{"@context":"https:\/\/schema.org","@graph":[{"@type":"WebPage","@id":"https:\/\/kuken.alfadyser.dev\/producto\/secador-pelo-viaje-1200w-negro-kuken\/","url":"https:\/\/kuken.alfadyser.dev\/producto\/secador-pelo-viaje-1200w-negro-kuken\/","name":"SECADOR PELO VIAJE 1200W NEGRO K\u00dcKEN - K\u00fcken","isPartOf":{"@id":"https:\/\/kuken.alfadyser.dev\/#website"},"primaryImageOfPage":{"@id":"https:\/\/kuken.alfadyser.dev\/producto\/secador-pelo-viaje-1200w-negro-kuken\/#primaryimage"},"image":{"@id":"https:\/\/kuken.alfadyser.dev\/producto\/secador-pelo-viaje-1200w-negro-kuken\/#primaryimage"},"thumbnailUrl":"https:\/\/kuken.alfadyser.dev\/wp-content\/uploads\/2020\/03\/SECADOR-PELO-VIAJE-1200W-NEGRO-KUKEN.jpg","datePublished":"2020-03-02T09:43:27+00:00","dateModified":"2025-07-23T07:04:39+00:00","description":"Nuevo y exclusivo secador de pelo de viaje 1200w negro k\u00fcken. Seca el pelo all\u00ed donde vayas de manera m\u00e1s r\u00e1pida y f\u00e1cil, desc\u00fabrela ahora.","breadcrumb":{"@id":"https:\/\/kuken.alfadyser.dev\/producto\/secador-pelo-viaje-1200w-negro-kuken\/#breadcrumb"},"inLanguage":"fr-FR","potentialAction":[{"@type":"ReadAction","target":["https:\/\/kuken.alfadyser.dev\/producto\/secador-pelo-viaje-1200w-negro-kuken\/"]}]},{"@type":"ImageObject","inLanguage":"fr-FR","@id":"https:\/\/kuken.alfadyser.dev\/producto\/secador-pelo-viaje-1200w-negro-kuken\/#primaryimage","url":"https:\/\/kuken.alfadyser.dev\/wp-content\/uploads\/2020\/03\/SECADOR-PELO-VIAJE-1200W-NEGRO-KUKEN.jpg","contentUrl":"https:\/\/kuken.alfadyser.dev\/wp-content\/uploads\/2020\/03\/SECADOR-PELO-VIAJE-1200W-NEGRO-KUKEN.jpg","width":853,"height":853,"caption":"Secador de pelo de viaje k\u00fcken"},{"@type":"BreadcrumbList","@id":"https:\/\/kuken.alfadyser.dev\/producto\/secador-pelo-viaje-1200w-negro-kuken\/#breadcrumb","itemListElement":[{"@type":"ListItem","position":1,"name":"Portada","item":"https:\/\/kuken.alfadyser.dev\/"},{"@type":"ListItem","position":2,"name":"Productos","item":"https:\/\/kuken.alfadyser.dev\/productos\/"},{"@type":"ListItem","position":3,"name":"SECADOR PELO VIAJE 1200W NEGRO K\u00dcKEN"}]},{"@type":"WebSite","@id":"https:\/\/kuken.alfadyser.dev\/#website","url":"https:\/\/kuken.alfadyser.dev\/","name":"K\u00fcken","description":"Large gamme de petits appareils m\u00e9nagers k\u00fcken","publisher":{"@id":"https:\/\/kuken.alfadyser.dev\/#organization"},"potentialAction":[{"@type":"SearchAction","target":{"@type":"EntryPoint","urlTemplate":"https:\/\/kuken.alfadyser.dev\/?s={search_term_string}"},"query-input":{"@type":"PropertyValueSpecification","valueRequired":true,"valueName":"search_term_string"}}],"inLanguage":"fr-FR"},{"@type":"Organization","@id":"https:\/\/kuken.alfadyser.dev\/#organization","name":"Alpha Dyser","url":"https:\/\/kuken.alfadyser.dev\/","logo":{"@type":"ImageObject","inLanguage":"fr-FR","@id":"https:\/\/kuken.alfadyser.dev\/#\/schema\/logo\/image\/","url":"https:\/\/kuken.alfadyser.dev\/wp-content\/uploads\/2019\/04\/kuken-logo.png","contentUrl":"https:\/\/kuken.alfadyser.dev\/wp-content\/uploads\/2019\/04\/kuken-logo.png","width":500,"height":191,"caption":"Alfa Dyser"},"image":{"@id":"https:\/\/kuken.alfadyser.dev\/#\/schema\/logo\/image\/"},"sameAs":["https:\/\/es-es.facebook.com\/alfadyser\/","https:\/\/www.instagram.com\/kuken_appliances\/"]}]},"product_price_currency":"EUR","og_availability":"instock","product_availability":"instock","product_retailer_item_id":"33532","product_condition":"new"},"_links":{"self":[{"href":"https:\/\/kuken.alfadyser.dev\/fr\/wp-json\/wp\/v2\/product\/3739","targetHints":{"allow":["GET"]}}],"collection":[{"href":"https:\/\/kuken.alfadyser.dev\/fr\/wp-json\/wp\/v2\/product"}],"about":[{"href":"https:\/\/kuken.alfadyser.dev\/fr\/wp-json\/wp\/v2\/types\/product"}],"wp:featuredmedia":[{"embeddable":true,"href":"https:\/\/kuken.alfadyser.dev\/fr\/wp-json\/wp\/v2\/media\/3740"}],"wp:attachment":[{"href":"https:\/\/kuken.alfadyser.dev\/fr\/wp-json\/wp\/v2\/media?parent=3739"}],"wp:term":[{"taxonomy":"product_brand","embeddable":true,"href":"https:\/\/kuken.alfadyser.dev\/fr\/wp-json\/wp\/v2\/product_brand?post=3739"},{"taxonomy":"product_cat","embeddable":true,"href":"https:\/\/kuken.alfadyser.dev\/fr\/wp-json\/wp\/v2\/product_cat?post=3739"},{"taxonomy":"product_tag","embeddable":true,"href":"https:\/\/kuken.alfadyser.dev\/fr\/wp-json\/wp\/v2\/product_tag?post=3739"}],"curies":[{"name":"wp","href":"https:\/\/api.w.org\/{rel}","templated":true}]}}