{"id":3638,"date":"2020-03-02T10:36:51","date_gmt":"2020-03-02T09:36:51","guid":{"rendered":"https:\/\/kuken.alfadyser.dev\/producto\/cepillo-limpieza-electrico-hogar-7-en-1-kuken\/"},"modified":"2025-07-28T12:39:05","modified_gmt":"2025-07-28T10:39:05","slug":"cepillo-limpieza-electrico-hogar-7-en-1-kuken","status":"publish","type":"product","link":"https:\/\/kuken.alfadyser.dev\/fr\/produit\/cepillo-limpieza-electrico-hogar-7-en-1-kuken\/","title":{"rendered":"BROSSE DE NETTOYAGE \u00c9LECTRIQUE 7 EN 1 K\u00dcKEN"},"content":{"rendered":"<p>BROSSE DE NETTOYAGE \u00c9LECTRIQUE 7 EN 1 K\u00dcKEN<\/p>\n<ul data-start=\"688\" data-end=\"1391\">\n<li data-start=\"688\" data-end=\"752\">\n<p data-start=\"690\" data-end=\"752\">Multifunci\u00f3n 7 en 1 para diversas superficies del hogar.<\/p>\n<\/li>\n<li data-start=\"753\" data-end=\"822\">\n<p data-start=\"755\" data-end=\"822\">Cuerpo de policarbonato resistente con acabado blanco y azul.<\/p>\n<\/li>\n<li data-start=\"823\" data-end=\"900\">\n<p data-start=\"825\" data-end=\"900\">Mango antideslizante con recubrimiento engomado para un agarre firme.<\/p>\n<\/li>\n<li data-start=\"901\" data-end=\"963\">\n<p data-start=\"903\" data-end=\"963\">Ideal para cocinas, ventanas, lavabos, azulejos y m\u00e1s.<\/p>\n<\/li>\n<li data-start=\"964\" data-end=\"1034\">\n<p data-start=\"966\" data-end=\"1034\">Cepillo oscilante que facilita la limpieza en zonas dif\u00edciles.<\/p>\n<\/li>\n<li data-start=\"1035\" data-end=\"1111\">\n<p data-start=\"1037\" data-end=\"1111\">Dise\u00f1o port\u00e1til y compacto para llevar f\u00e1cilmente a cualquier parte.<\/p>\n<\/li>\n<li data-start=\"1112\" data-end=\"1196\">\n<p data-start=\"1114\" data-end=\"1196\">Incluye 3 cabezales y 6 cepillos intercambiables para una limpieza profunda.<\/p>\n<\/li>\n<li data-start=\"1197\" data-end=\"1257\">\n<p data-start=\"1199\" data-end=\"1257\">Perfecto para eliminar suciedad en ranuras y juntas.<\/p>\n<\/li>\n<li data-start=\"1258\" data-end=\"1334\">\n<p data-start=\"1260\" data-end=\"1334\">Componentes desmontables para una limpieza pr\u00e1ctica del dispositivo.<\/p>\n<\/li>\n<li data-start=\"1335\" data-end=\"1391\">\n<p data-start=\"1337\" data-end=\"1391\">Funciona con 4 pilas AA, incluidas en el producto.<\/p>\n<\/li>\n<\/ul>\n<p><div class=\"accordion\"><div class=\"mfn-acc accordion_wrapper  toggle\"><div class=\"question\"><div class=\"title\"><i class=\"icon-plus acc-icon-plus\" aria-hidden=\"true\"><\/i><i class=\"icon-minus acc-icon-minus\" aria-hidden=\"true\"><\/i>Donn\u00e9es du produit<\/div><div class=\"answer\">EAN 8425160339708<\/p>\n<p>BROSSE DE NETTOYAGE \u00c9LECTRIQUE 7 EN 1 K\u00dcKEN<\/p>\n<p>Unit\u00e9 d'emballage 1<br \/>\nColor\u00a0Blanco \/ Azul<br \/>\nEmballage Couleur de la bo\u00eete<br \/>\nDimensiones \u00d8 35 mm x 255 mm<br \/>\nMat\u00e9riau PC<br \/>\nFunciona con pilas 4 x AA<br \/>\nPiles incluses Oui<br \/>\nPeso 0,2 kg.<\/div><\/div>\n<\/div><\/div>\n<br \/>\n<div class=\"accordion\"><div class=\"mfn-acc accordion_wrapper  toggle\"><div class=\"question\"><div class=\"title\"><i class=\"icon-plus acc-icon-plus\" aria-hidden=\"true\"><\/i><i class=\"icon-minus acc-icon-minus\" aria-hidden=\"true\"><\/i>Accessoires<\/div><div class=\"answer\"><\/div><\/div>\n<\/div><\/div>\n<\/p>\n<div class=\"descargas-producto\"><a href=\"\/wp-content\/uploads\/pdf\/8425160339708_ficha_tecnica.pdf\" target=\"_blank\" rel=\"noopener noreferrer\"><br \/>\n<img loading=\"lazy\" decoding=\"async\" src=\"\/wp-content\/uploads\/2019\/12\/picto-descarrega.png\" alt=\"t\u00e9l\u00e9charger la fiche technique\" width=\"23\" height=\"16\" \/>T\u00e9l\u00e9charger la fiche<\/a><a href=\"https:\/\/kuken.alfadyser.dev\/wp-content\/uploads\/33970_instrucciones.pdf\" target=\"_blank\" rel=\"noopener noreferrer\"><br \/>\n<img loading=\"lazy\" decoding=\"async\" src=\"\/wp-content\/uploads\/2019\/12\/picto-descarrega.png\" alt=\"t\u00e9l\u00e9charger le manuel d&#039;instructions\" width=\"23\" height=\"16\" \/>T\u00e9l\u00e9charger le manuel<\/a><\/div>\n<div><\/div>\n<div><span style=\"color: #bf2121\">Suivez-nous sur les m\u00e9dias sociaux !<\/span><\/div>\n<div><a href=\"https:\/\/www.instagram.com\/kuken_appliances\/\">https:\/\/www.instagram.com\/kuken_appliances\/<\/a><\/div>","protected":false},"excerpt":{"rendered":"<p data-start=\"379\" data-end=\"530\">Cepillo el\u00e9ctrico multifunci\u00f3n ideal para el hogar. Su dise\u00f1o ergon\u00f3mico, m\u00faltiples cabezales y versatilidad lo convierten en un aliado imprescindible.<\/p>\n<p data-start=\"532\" data-end=\"611\">","protected":false},"featured_media":3639,"template":"","meta":[],"product_brand":[],"product_cat":[210],"product_tag":[],"class_list":{"0":"post-3638","1":"product","2":"type-product","3":"status-publish","4":"has-post-thumbnail","6":"product_cat-limpiadores","8":"first","9":"instock","10":"product-type-simple"},"yoast_head":"<!-- This site is optimized with the Yoast SEO Premium plugin v24.0 (Yoast SEO v26.5) - https:\/\/yoast.com\/wordpress\/plugins\/seo\/ -->\n<title>CEPILLO LIMPIEZA EL\u00c9CTRICO HOGAR 7 EN 1 K\u00dcKEN - K\u00fcken<\/title>\n<meta name=\"description\" content=\"Nuevo y exclusivo cepillo de limpieza el\u00e9ctrico 7en1 k\u00fcken. Limpia sitios poco accesibles o juntas con suciedad incrustada de manera m\u00e1s r\u00e1pida.\" \/>\n<meta name=\"robots\" content=\"noindex, follow, max-snippet:-1, max-image-preview:large, max-video-preview:-1\" \/>\n<meta property=\"og:locale\" content=\"fr_FR\" \/>\n<meta property=\"og:type\" content=\"article\" \/>\n<meta property=\"og:title\" content=\"CEPILLO LIMPIEZA EL\u00c9CTRICO HOGAR 7 EN 1 K\u00dcKEN\" \/>\n<meta property=\"og:description\" content=\"Nuevo y exclusivo cepillo de limpieza el\u00e9ctrico 7en1 k\u00fcken. Limpia sitios poco accesibles o juntas con suciedad incrustada de manera m\u00e1s r\u00e1pida.\" \/>\n<meta property=\"og:url\" content=\"https:\/\/kuken.alfadyser.dev\/fr\/produit\/cepillo-limpieza-electrico-hogar-7-en-1-kuken\/\" \/>\n<meta property=\"og:site_name\" content=\"K\u00fcken\" \/>\n<meta property=\"article:publisher\" content=\"https:\/\/es-es.facebook.com\/alfadyser\/\" \/>\n<meta property=\"article:modified_time\" content=\"2025-07-28T10:39:05+00:00\" \/>\n<meta property=\"og:image\" content=\"https:\/\/kuken.alfadyser.dev\/wp-content\/uploads\/2020\/03\/CEPILLO-LIMPIEZA-EL\u00c9CTRICO-HOGAR-7-EN-1-KUKEN.jpg\" \/>\n\t<meta property=\"og:image:width\" content=\"853\" \/>\n\t<meta property=\"og:image:height\" content=\"853\" \/>\n\t<meta property=\"og:image:type\" content=\"image\/jpeg\" \/>\n<meta name=\"twitter:card\" content=\"summary_large_image\" \/>\n<meta name=\"twitter:label1\" content=\"Prix\" \/>\n\t<meta name=\"twitter:data1\" content=\"\" \/>\n\t<meta name=\"twitter:label2\" content=\"Disponibilit\u00e9\" \/>\n\t<meta name=\"twitter:data2\" content=\"En stock\" \/>\n<script type=\"application\/ld+json\" class=\"yoast-schema-graph\">{\"@context\":\"https:\/\/schema.org\",\"@graph\":[{\"@type\":\"WebPage\",\"@id\":\"https:\/\/kuken.alfadyser.dev\/producto\/cepillo-limpieza-electrico-hogar-7-en-1-kuken\/\",\"url\":\"https:\/\/kuken.alfadyser.dev\/producto\/cepillo-limpieza-electrico-hogar-7-en-1-kuken\/\",\"name\":\"CEPILLO LIMPIEZA EL\u00c9CTRICO HOGAR 7 EN 1 K\u00dcKEN - K\u00fcken\",\"isPartOf\":{\"@id\":\"https:\/\/kuken.alfadyser.dev\/#website\"},\"primaryImageOfPage\":{\"@id\":\"https:\/\/kuken.alfadyser.dev\/producto\/cepillo-limpieza-electrico-hogar-7-en-1-kuken\/#primaryimage\"},\"image\":{\"@id\":\"https:\/\/kuken.alfadyser.dev\/producto\/cepillo-limpieza-electrico-hogar-7-en-1-kuken\/#primaryimage\"},\"thumbnailUrl\":\"https:\/\/kuken.alfadyser.dev\/wp-content\/uploads\/2020\/03\/CEPILLO-LIMPIEZA-EL\u00c9CTRICO-HOGAR-7-EN-1-KUKEN.jpg\",\"datePublished\":\"2020-03-02T09:36:51+00:00\",\"dateModified\":\"2025-07-28T10:39:05+00:00\",\"description\":\"Nuevo y exclusivo cepillo de limpieza el\u00e9ctrico 7en1 k\u00fcken. Limpia sitios poco accesibles o juntas con suciedad incrustada de manera m\u00e1s r\u00e1pida.\",\"breadcrumb\":{\"@id\":\"https:\/\/kuken.alfadyser.dev\/producto\/cepillo-limpieza-electrico-hogar-7-en-1-kuken\/#breadcrumb\"},\"inLanguage\":\"fr-FR\",\"potentialAction\":[{\"@type\":\"ReadAction\",\"target\":[\"https:\/\/kuken.alfadyser.dev\/producto\/cepillo-limpieza-electrico-hogar-7-en-1-kuken\/\"]}]},{\"@type\":\"ImageObject\",\"inLanguage\":\"fr-FR\",\"@id\":\"https:\/\/kuken.alfadyser.dev\/producto\/cepillo-limpieza-electrico-hogar-7-en-1-kuken\/#primaryimage\",\"url\":\"https:\/\/kuken.alfadyser.dev\/wp-content\/uploads\/2020\/03\/CEPILLO-LIMPIEZA-EL\u00c9CTRICO-HOGAR-7-EN-1-KUKEN.jpg\",\"contentUrl\":\"https:\/\/kuken.alfadyser.dev\/wp-content\/uploads\/2020\/03\/CEPILLO-LIMPIEZA-EL\u00c9CTRICO-HOGAR-7-EN-1-KUKEN.jpg\",\"width\":853,\"height\":853,\"caption\":\"Cepillo de limpieza el\u00e9ctrico k\u00fcken de precisi\u00f3n\"},{\"@type\":\"BreadcrumbList\",\"@id\":\"https:\/\/kuken.alfadyser.dev\/producto\/cepillo-limpieza-electrico-hogar-7-en-1-kuken\/#breadcrumb\",\"itemListElement\":[{\"@type\":\"ListItem\",\"position\":1,\"name\":\"Portada\",\"item\":\"https:\/\/kuken.alfadyser.dev\/\"},{\"@type\":\"ListItem\",\"position\":2,\"name\":\"Productos\",\"item\":\"https:\/\/kuken.alfadyser.dev\/productos\/\"},{\"@type\":\"ListItem\",\"position\":3,\"name\":\"CEPILLO LIMPIEZA EL\u00c9CTRICO HOGAR 7 EN 1 K\u00dcKEN\"}]},{\"@type\":\"WebSite\",\"@id\":\"https:\/\/kuken.alfadyser.dev\/#website\",\"url\":\"https:\/\/kuken.alfadyser.dev\/\",\"name\":\"K\u00fcken\",\"description\":\"Amplia gama de peque\u00f1o electrodom\u00e9stico k\u00fcken\",\"publisher\":{\"@id\":\"https:\/\/kuken.alfadyser.dev\/#organization\"},\"potentialAction\":[{\"@type\":\"SearchAction\",\"target\":{\"@type\":\"EntryPoint\",\"urlTemplate\":\"https:\/\/kuken.alfadyser.dev\/?s={search_term_string}\"},\"query-input\":{\"@type\":\"PropertyValueSpecification\",\"valueRequired\":true,\"valueName\":\"search_term_string\"}}],\"inLanguage\":\"fr-FR\"},{\"@type\":\"Organization\",\"@id\":\"https:\/\/kuken.alfadyser.dev\/#organization\",\"name\":\"Alfa Dyser\",\"url\":\"https:\/\/kuken.alfadyser.dev\/\",\"logo\":{\"@type\":\"ImageObject\",\"inLanguage\":\"fr-FR\",\"@id\":\"https:\/\/kuken.alfadyser.dev\/#\/schema\/logo\/image\/\",\"url\":\"https:\/\/kuken.alfadyser.dev\/wp-content\/uploads\/2019\/04\/kuken-logo.png\",\"contentUrl\":\"https:\/\/kuken.alfadyser.dev\/wp-content\/uploads\/2019\/04\/kuken-logo.png\",\"width\":500,\"height\":191,\"caption\":\"Alfa Dyser\"},\"image\":{\"@id\":\"https:\/\/kuken.alfadyser.dev\/#\/schema\/logo\/image\/\"},\"sameAs\":[\"https:\/\/es-es.facebook.com\/alfadyser\/\",\"https:\/\/www.instagram.com\/kuken_appliances\/\"]}]}<\/script>\n<meta property=\"product:price:currency\" content=\"EUR\" \/>\n<meta property=\"og:availability\" content=\"instock\" \/>\n<meta property=\"product:availability\" content=\"instock\" \/>\n<meta property=\"product:retailer_item_id\" content=\"33970\" \/>\n<meta property=\"product:condition\" content=\"new\" \/>\n<!-- \/ Yoast SEO Premium plugin. -->","yoast_head_json":{"title":"CEPILLO LIMPIEZA EL\u00c9CTRICO HOGAR 7 EN 1 K\u00dcKEN - K\u00fcken","description":"Nuevo y exclusivo cepillo de limpieza el\u00e9ctrico 7en1 k\u00fcken. Limpia sitios poco accesibles o juntas con suciedad incrustada de manera m\u00e1s r\u00e1pida.","robots":{"index":"noindex","follow":"follow","max-snippet":"max-snippet:-1","max-image-preview":"max-image-preview:large","max-video-preview":"max-video-preview:-1"},"og_locale":"fr_FR","og_type":"article","og_title":"CEPILLO LIMPIEZA EL\u00c9CTRICO HOGAR 7 EN 1 K\u00dcKEN","og_description":"Nuevo y exclusivo cepillo de limpieza el\u00e9ctrico 7en1 k\u00fcken. Limpia sitios poco accesibles o juntas con suciedad incrustada de manera m\u00e1s r\u00e1pida.","og_url":"https:\/\/kuken.alfadyser.dev\/fr\/produit\/cepillo-limpieza-electrico-hogar-7-en-1-kuken\/","og_site_name":"K\u00fcken","article_publisher":"https:\/\/es-es.facebook.com\/alfadyser\/","article_modified_time":"2025-07-28T10:39:05+00:00","og_image":[{"width":853,"height":853,"url":"https:\/\/kuken.alfadyser.dev\/wp-content\/uploads\/2020\/03\/CEPILLO-LIMPIEZA-EL\u00c9CTRICO-HOGAR-7-EN-1-KUKEN.jpg","type":"image\/jpeg"}],"twitter_card":"summary_large_image","twitter_misc":{"Prix":"","Disponibilit\u00e9":"En stock"},"schema":{"@context":"https:\/\/schema.org","@graph":[{"@type":"WebPage","@id":"https:\/\/kuken.alfadyser.dev\/producto\/cepillo-limpieza-electrico-hogar-7-en-1-kuken\/","url":"https:\/\/kuken.alfadyser.dev\/producto\/cepillo-limpieza-electrico-hogar-7-en-1-kuken\/","name":"CEPILLO LIMPIEZA EL\u00c9CTRICO HOGAR 7 EN 1 K\u00dcKEN - K\u00fcken","isPartOf":{"@id":"https:\/\/kuken.alfadyser.dev\/#website"},"primaryImageOfPage":{"@id":"https:\/\/kuken.alfadyser.dev\/producto\/cepillo-limpieza-electrico-hogar-7-en-1-kuken\/#primaryimage"},"image":{"@id":"https:\/\/kuken.alfadyser.dev\/producto\/cepillo-limpieza-electrico-hogar-7-en-1-kuken\/#primaryimage"},"thumbnailUrl":"https:\/\/kuken.alfadyser.dev\/wp-content\/uploads\/2020\/03\/CEPILLO-LIMPIEZA-EL\u00c9CTRICO-HOGAR-7-EN-1-KUKEN.jpg","datePublished":"2020-03-02T09:36:51+00:00","dateModified":"2025-07-28T10:39:05+00:00","description":"Nuevo y exclusivo cepillo de limpieza el\u00e9ctrico 7en1 k\u00fcken. Limpia sitios poco accesibles o juntas con suciedad incrustada de manera m\u00e1s r\u00e1pida.","breadcrumb":{"@id":"https:\/\/kuken.alfadyser.dev\/producto\/cepillo-limpieza-electrico-hogar-7-en-1-kuken\/#breadcrumb"},"inLanguage":"fr-FR","potentialAction":[{"@type":"ReadAction","target":["https:\/\/kuken.alfadyser.dev\/producto\/cepillo-limpieza-electrico-hogar-7-en-1-kuken\/"]}]},{"@type":"ImageObject","inLanguage":"fr-FR","@id":"https:\/\/kuken.alfadyser.dev\/producto\/cepillo-limpieza-electrico-hogar-7-en-1-kuken\/#primaryimage","url":"https:\/\/kuken.alfadyser.dev\/wp-content\/uploads\/2020\/03\/CEPILLO-LIMPIEZA-EL\u00c9CTRICO-HOGAR-7-EN-1-KUKEN.jpg","contentUrl":"https:\/\/kuken.alfadyser.dev\/wp-content\/uploads\/2020\/03\/CEPILLO-LIMPIEZA-EL\u00c9CTRICO-HOGAR-7-EN-1-KUKEN.jpg","width":853,"height":853,"caption":"Cepillo de limpieza el\u00e9ctrico k\u00fcken de precisi\u00f3n"},{"@type":"BreadcrumbList","@id":"https:\/\/kuken.alfadyser.dev\/producto\/cepillo-limpieza-electrico-hogar-7-en-1-kuken\/#breadcrumb","itemListElement":[{"@type":"ListItem","position":1,"name":"Portada","item":"https:\/\/kuken.alfadyser.dev\/"},{"@type":"ListItem","position":2,"name":"Productos","item":"https:\/\/kuken.alfadyser.dev\/productos\/"},{"@type":"ListItem","position":3,"name":"CEPILLO LIMPIEZA EL\u00c9CTRICO HOGAR 7 EN 1 K\u00dcKEN"}]},{"@type":"WebSite","@id":"https:\/\/kuken.alfadyser.dev\/#website","url":"https:\/\/kuken.alfadyser.dev\/","name":"K\u00fcken","description":"Large gamme de petits appareils m\u00e9nagers k\u00fcken","publisher":{"@id":"https:\/\/kuken.alfadyser.dev\/#organization"},"potentialAction":[{"@type":"SearchAction","target":{"@type":"EntryPoint","urlTemplate":"https:\/\/kuken.alfadyser.dev\/?s={search_term_string}"},"query-input":{"@type":"PropertyValueSpecification","valueRequired":true,"valueName":"search_term_string"}}],"inLanguage":"fr-FR"},{"@type":"Organization","@id":"https:\/\/kuken.alfadyser.dev\/#organization","name":"Alpha Dyser","url":"https:\/\/kuken.alfadyser.dev\/","logo":{"@type":"ImageObject","inLanguage":"fr-FR","@id":"https:\/\/kuken.alfadyser.dev\/#\/schema\/logo\/image\/","url":"https:\/\/kuken.alfadyser.dev\/wp-content\/uploads\/2019\/04\/kuken-logo.png","contentUrl":"https:\/\/kuken.alfadyser.dev\/wp-content\/uploads\/2019\/04\/kuken-logo.png","width":500,"height":191,"caption":"Alfa Dyser"},"image":{"@id":"https:\/\/kuken.alfadyser.dev\/#\/schema\/logo\/image\/"},"sameAs":["https:\/\/es-es.facebook.com\/alfadyser\/","https:\/\/www.instagram.com\/kuken_appliances\/"]}]},"product_price_currency":"EUR","og_availability":"instock","product_availability":"instock","product_retailer_item_id":"33970","product_condition":"new"},"_links":{"self":[{"href":"https:\/\/kuken.alfadyser.dev\/fr\/wp-json\/wp\/v2\/product\/3638","targetHints":{"allow":["GET"]}}],"collection":[{"href":"https:\/\/kuken.alfadyser.dev\/fr\/wp-json\/wp\/v2\/product"}],"about":[{"href":"https:\/\/kuken.alfadyser.dev\/fr\/wp-json\/wp\/v2\/types\/product"}],"wp:featuredmedia":[{"embeddable":true,"href":"https:\/\/kuken.alfadyser.dev\/fr\/wp-json\/wp\/v2\/media\/3639"}],"wp:attachment":[{"href":"https:\/\/kuken.alfadyser.dev\/fr\/wp-json\/wp\/v2\/media?parent=3638"}],"wp:term":[{"taxonomy":"product_brand","embeddable":true,"href":"https:\/\/kuken.alfadyser.dev\/fr\/wp-json\/wp\/v2\/product_brand?post=3638"},{"taxonomy":"product_cat","embeddable":true,"href":"https:\/\/kuken.alfadyser.dev\/fr\/wp-json\/wp\/v2\/product_cat?post=3638"},{"taxonomy":"product_tag","embeddable":true,"href":"https:\/\/kuken.alfadyser.dev\/fr\/wp-json\/wp\/v2\/product_tag?post=3638"}],"curies":[{"name":"wp","href":"https:\/\/api.w.org\/{rel}","templated":true}]}}