{"id":3583,"date":"2020-03-02T10:31:33","date_gmt":"2020-03-02T09:31:33","guid":{"rendered":"https:\/\/kuken.alfadyser.dev\/producto\/reloj-cocina-blanco-cromo-redondo-25cm-kuken\/"},"modified":"2025-07-23T09:14:33","modified_gmt":"2025-07-23T07:14:33","slug":"reloj-cocina-redondo-blanco-cromo-25cm-kuken","status":"publish","type":"product","link":"https:\/\/kuken.alfadyser.dev\/fr\/produit\/reloj-cocina-redondo-blanco-cromo-25cm-kuken\/","title":{"rendered":"HORLOGE DE CUISINE RONDE BLANC\/CHROME 25CM K\u00dcKEN"},"content":{"rendered":"<p>HORLOGE DE CUISINE RONDE BLANC\/CHROME 25CM K\u00dcKEN<\/p>\n<ul data-start=\"661\" data-end=\"1290\">\n<li class=\"\" data-start=\"661\" data-end=\"736\">\n<p class=\"\" data-start=\"663\" data-end=\"736\"><strong data-start=\"663\" data-end=\"690\">Dise\u00f1o redondo de 25\u202fcm<\/strong>, compacto y elegante para cocinas actuales.<\/p>\n<\/li>\n<li class=\"\" data-start=\"737\" data-end=\"803\">\n<p class=\"\" data-start=\"739\" data-end=\"803\"><strong data-start=\"739\" data-end=\"775\">Acabado en blanco, negro y cromo<\/strong>, aporta un toque moderno.<\/p>\n<\/li>\n<li class=\"\" data-start=\"804\" data-end=\"877\">\n<p class=\"\" data-start=\"806\" data-end=\"877\"><strong data-start=\"806\" data-end=\"833\">N\u00fameros y agujas negras<\/strong> sobre <strong data-start=\"840\" data-end=\"856\">fondo blanco<\/strong>, lectura sencilla.<\/p>\n<\/li>\n<li class=\"\" data-start=\"878\" data-end=\"953\">\n<p class=\"\" data-start=\"880\" data-end=\"953\"><strong data-start=\"880\" data-end=\"905\">Movimiento NO TICKING<\/strong>, funcionamiento silencioso sin ruido molesto.<\/p>\n<\/li>\n<li class=\"\" data-start=\"954\" data-end=\"1019\">\n<p class=\"\" data-start=\"956\" data-end=\"1019\"><strong data-start=\"956\" data-end=\"979\">Mecanismo de cuarzo<\/strong>, asegura precisi\u00f3n horaria constante.<\/p>\n<\/li>\n<li class=\"\" data-start=\"1020\" data-end=\"1090\">\n<p class=\"\" data-start=\"1022\" data-end=\"1090\"><strong data-start=\"1022\" data-end=\"1062\">Carcasa pl\u00e1stica con acabado cromado<\/strong>, resistente y decorativa.<\/p>\n<\/li>\n<li class=\"\" data-start=\"1091\" data-end=\"1154\">\n<p class=\"\" data-start=\"1093\" data-end=\"1154\"><strong data-start=\"1093\" data-end=\"1119\">Funciona con 1 pila AA<\/strong> (incluida), f\u00e1cil de reemplazar.<\/p>\n<\/li>\n<li class=\"\" data-start=\"1155\" data-end=\"1223\">\n<p class=\"\" data-start=\"1157\" data-end=\"1223\">Ligero y f\u00e1cil de colgar, ideal para cocina, comedor o despacho.<\/p>\n<\/li>\n<li class=\"\" data-start=\"1224\" data-end=\"1290\">\n<p class=\"\" data-start=\"1226\" data-end=\"1290\">Perfecto para quienes buscan <strong data-start=\"1255\" data-end=\"1289\">un reloj pr\u00e1ctico y con estilo<\/strong>.<\/p>\n<\/li>\n<\/ul>\n<p><div class=\"accordion\"><div class=\"mfn-acc accordion_wrapper  toggle\"><div class=\"question\"><div class=\"title\"><i class=\"icon-plus acc-icon-plus\" aria-hidden=\"true\"><\/i><i class=\"icon-minus acc-icon-minus\" aria-hidden=\"true\"><\/i>Donn\u00e9es du produit<\/div><div class=\"answer\">EAN 8425160336790<\/p>\n<p>HORLOGE DE CUISINE RONDE BLANC\/CHROME 25CM K\u00dcKEN<\/p>\n<p>Unit\u00e9 d'emballage 1<br \/>\nColor\u00a0Blanco \/ Plata<br \/>\nEmbalaje\u00a0Caja Neutra<br \/>\nVoltaje\u00a01,5 V<br \/>\nTaille moyenne<br \/>\nDimensiones \u00d8 250 mm x 38mm<br \/>\nMati\u00e8re plastique<br \/>\nFunciona con pilas S\u00ed<br \/>\nPiles incluses Oui<br \/>\nPeso 0,38 kg.<\/div><\/div>\n<\/div><\/div>\n<br \/>\n<div class=\"accordion\"><div class=\"mfn-acc accordion_wrapper  toggle\"><div class=\"question\"><div class=\"title\"><i class=\"icon-plus acc-icon-plus\" aria-hidden=\"true\"><\/i><i class=\"icon-minus acc-icon-minus\" aria-hidden=\"true\"><\/i>Accessoires<\/div><div class=\"answer\"><\/div><\/div>\n<\/div><\/div>\n<\/p>\n<div class=\"descargas-producto\"><a href=\"\/wp-content\/uploads\/pdf\/8425160336790_ficha_tecnica.pdf\" target=\"_blank\" rel=\"noopener noreferrer\"><br \/>\n<img loading=\"lazy\" decoding=\"async\" src=\"\/wp-content\/uploads\/2019\/12\/picto-descarrega.png\" alt=\"t\u00e9l\u00e9charger la fiche technique\" width=\"23\" height=\"16\" \/>T\u00e9l\u00e9charger la fiche<\/a><a href=\"\/wp-content\/uploads\/pdf\/home\" target=\"_blank\" rel=\"noopener noreferrer\"><br \/>\n<img loading=\"lazy\" decoding=\"async\" src=\"\/wp-content\/uploads\/2019\/12\/picto-descarrega.png\" alt=\"t\u00e9l\u00e9charger le manuel d&#039;instructions\" width=\"23\" height=\"16\" \/>T\u00e9l\u00e9charger le manuel<\/a><\/div>\n<div><\/div>\n<div><span style=\"color: #bf2121\">Suivez-nous sur les m\u00e9dias sociaux !<\/span><\/div>\n<div><a href=\"https:\/\/www.instagram.com\/kuken_appliances\/\">https:\/\/www.instagram.com\/kuken_appliances\/<\/a><\/div>\n<div><\/div>\n<div>\n<p><iframe loading=\"lazy\" title=\"Reloj cocina blanco\/negro redondo 30cm k\u00fcken \/ Reloj cocina blanco\/cromo redondo 25cm k\u00fcken\" width=\"560\" height=\"315\" src=\"https:\/\/www.youtube.com\/embed\/uuoLuJB8xRQ?feature=oembed\" frameborder=\"0\" allow=\"accelerometer; autoplay; clipboard-write; encrypted-media; gyroscope; picture-in-picture; web-share\" referrerpolicy=\"strict-origin-when-cross-origin\" allowfullscreen><\/iframe><\/p>\n<\/div>","protected":false},"excerpt":{"rendered":"<p class=\"\" data-start=\"438\" data-end=\"584\">Dise\u00f1o moderno y silencioso con lectura clara. Ideal para cocina u hogar. Movimiento sin tictac y carcasa cromada. Pr\u00e1ctico, elegante y funcional.<\/p>","protected":false},"featured_media":3584,"template":"","meta":[],"product_brand":[],"product_cat":[219],"product_tag":[],"class_list":{"0":"post-3583","1":"product","2":"type-product","3":"status-publish","4":"has-post-thumbnail","6":"product_cat-relojes-de-hogar","8":"first","9":"instock","10":"product-type-simple"},"yoast_head":"<!-- This site is optimized with the Yoast SEO Premium plugin v24.0 (Yoast SEO v26.5) - https:\/\/yoast.com\/wordpress\/plugins\/seo\/ -->\n<title>RELOJ COCINA REDONDO BLANCO\/CROMO 25CM K\u00dcKEN - K\u00fcken<\/title>\n<meta name=\"description\" content=\"Descubre el nuevo y elegante reloj de cocina redondo k\u00fcken. Dale a tu cocina un toque diferente con relojes de dise\u00f1o. Encuentra el tuyo ahora.\" \/>\n<meta name=\"robots\" content=\"noindex, follow, max-snippet:-1, max-image-preview:large, max-video-preview:-1\" \/>\n<meta property=\"og:locale\" content=\"fr_FR\" \/>\n<meta property=\"og:type\" content=\"article\" \/>\n<meta property=\"og:title\" content=\"RELOJ COCINA REDONDO BLANCO\/CROMO 25CM K\u00dcKEN\" \/>\n<meta property=\"og:description\" content=\"Descubre el nuevo y elegante reloj de cocina redondo k\u00fcken. Dale a tu cocina un toque diferente con relojes de dise\u00f1o. Encuentra el tuyo ahora.\" \/>\n<meta property=\"og:url\" content=\"https:\/\/kuken.alfadyser.dev\/fr\/produit\/reloj-cocina-redondo-blanco-cromo-25cm-kuken\/\" \/>\n<meta property=\"og:site_name\" content=\"K\u00fcken\" \/>\n<meta property=\"article:publisher\" content=\"https:\/\/es-es.facebook.com\/alfadyser\/\" \/>\n<meta property=\"article:modified_time\" content=\"2025-07-23T07:14:33+00:00\" \/>\n<meta property=\"og:image\" content=\"https:\/\/kuken.alfadyser.dev\/wp-content\/uploads\/2020\/03\/RELOJ-COCINA-BLANCOCROMO-REDONDO-25CM-KUKEN.jpg\" \/>\n\t<meta property=\"og:image:width\" content=\"853\" \/>\n\t<meta property=\"og:image:height\" content=\"853\" \/>\n\t<meta property=\"og:image:type\" content=\"image\/jpeg\" \/>\n<meta name=\"twitter:card\" content=\"summary_large_image\" \/>\n<meta name=\"twitter:label1\" content=\"Prix\" \/>\n\t<meta name=\"twitter:data1\" content=\"\" \/>\n\t<meta name=\"twitter:label2\" content=\"Disponibilit\u00e9\" \/>\n\t<meta name=\"twitter:data2\" content=\"En stock\" \/>\n<script type=\"application\/ld+json\" class=\"yoast-schema-graph\">{\"@context\":\"https:\/\/schema.org\",\"@graph\":[{\"@type\":\"WebPage\",\"@id\":\"https:\/\/kuken.alfadyser.dev\/producto\/reloj-cocina-redondo-blanco-cromo-25cm-kuken\/\",\"url\":\"https:\/\/kuken.alfadyser.dev\/producto\/reloj-cocina-redondo-blanco-cromo-25cm-kuken\/\",\"name\":\"RELOJ COCINA REDONDO BLANCO\/CROMO 25CM K\u00dcKEN - K\u00fcken\",\"isPartOf\":{\"@id\":\"https:\/\/kuken.alfadyser.dev\/#website\"},\"primaryImageOfPage\":{\"@id\":\"https:\/\/kuken.alfadyser.dev\/producto\/reloj-cocina-redondo-blanco-cromo-25cm-kuken\/#primaryimage\"},\"image\":{\"@id\":\"https:\/\/kuken.alfadyser.dev\/producto\/reloj-cocina-redondo-blanco-cromo-25cm-kuken\/#primaryimage\"},\"thumbnailUrl\":\"https:\/\/kuken.alfadyser.dev\/wp-content\/uploads\/2020\/03\/RELOJ-COCINA-BLANCOCROMO-REDONDO-25CM-KUKEN.jpg\",\"datePublished\":\"2020-03-02T09:31:33+00:00\",\"dateModified\":\"2025-07-23T07:14:33+00:00\",\"description\":\"Descubre el nuevo y elegante reloj de cocina redondo k\u00fcken. Dale a tu cocina un toque diferente con relojes de dise\u00f1o. Encuentra el tuyo ahora.\",\"breadcrumb\":{\"@id\":\"https:\/\/kuken.alfadyser.dev\/producto\/reloj-cocina-redondo-blanco-cromo-25cm-kuken\/#breadcrumb\"},\"inLanguage\":\"fr-FR\",\"potentialAction\":[{\"@type\":\"ReadAction\",\"target\":[\"https:\/\/kuken.alfadyser.dev\/producto\/reloj-cocina-redondo-blanco-cromo-25cm-kuken\/\"]}]},{\"@type\":\"ImageObject\",\"inLanguage\":\"fr-FR\",\"@id\":\"https:\/\/kuken.alfadyser.dev\/producto\/reloj-cocina-redondo-blanco-cromo-25cm-kuken\/#primaryimage\",\"url\":\"https:\/\/kuken.alfadyser.dev\/wp-content\/uploads\/2020\/03\/RELOJ-COCINA-BLANCOCROMO-REDONDO-25CM-KUKEN.jpg\",\"contentUrl\":\"https:\/\/kuken.alfadyser.dev\/wp-content\/uploads\/2020\/03\/RELOJ-COCINA-BLANCOCROMO-REDONDO-25CM-KUKEN.jpg\",\"width\":853,\"height\":853,\"caption\":\"Reloj de cocina redondo k\u00fcken de color blanco y cromado\"},{\"@type\":\"BreadcrumbList\",\"@id\":\"https:\/\/kuken.alfadyser.dev\/producto\/reloj-cocina-redondo-blanco-cromo-25cm-kuken\/#breadcrumb\",\"itemListElement\":[{\"@type\":\"ListItem\",\"position\":1,\"name\":\"Portada\",\"item\":\"https:\/\/kuken.alfadyser.dev\/\"},{\"@type\":\"ListItem\",\"position\":2,\"name\":\"Productos\",\"item\":\"https:\/\/kuken.alfadyser.dev\/productos\/\"},{\"@type\":\"ListItem\",\"position\":3,\"name\":\"RELOJ COCINA REDONDO BLANCO\/CROMO 25CM K\u00dcKEN\"}]},{\"@type\":\"WebSite\",\"@id\":\"https:\/\/kuken.alfadyser.dev\/#website\",\"url\":\"https:\/\/kuken.alfadyser.dev\/\",\"name\":\"K\u00fcken\",\"description\":\"Amplia gama de peque\u00f1o electrodom\u00e9stico k\u00fcken\",\"publisher\":{\"@id\":\"https:\/\/kuken.alfadyser.dev\/#organization\"},\"potentialAction\":[{\"@type\":\"SearchAction\",\"target\":{\"@type\":\"EntryPoint\",\"urlTemplate\":\"https:\/\/kuken.alfadyser.dev\/?s={search_term_string}\"},\"query-input\":{\"@type\":\"PropertyValueSpecification\",\"valueRequired\":true,\"valueName\":\"search_term_string\"}}],\"inLanguage\":\"fr-FR\"},{\"@type\":\"Organization\",\"@id\":\"https:\/\/kuken.alfadyser.dev\/#organization\",\"name\":\"Alfa Dyser\",\"url\":\"https:\/\/kuken.alfadyser.dev\/\",\"logo\":{\"@type\":\"ImageObject\",\"inLanguage\":\"fr-FR\",\"@id\":\"https:\/\/kuken.alfadyser.dev\/#\/schema\/logo\/image\/\",\"url\":\"https:\/\/kuken.alfadyser.dev\/wp-content\/uploads\/2019\/04\/kuken-logo.png\",\"contentUrl\":\"https:\/\/kuken.alfadyser.dev\/wp-content\/uploads\/2019\/04\/kuken-logo.png\",\"width\":500,\"height\":191,\"caption\":\"Alfa Dyser\"},\"image\":{\"@id\":\"https:\/\/kuken.alfadyser.dev\/#\/schema\/logo\/image\/\"},\"sameAs\":[\"https:\/\/es-es.facebook.com\/alfadyser\/\",\"https:\/\/www.instagram.com\/kuken_appliances\/\"]}]}<\/script>\n<meta property=\"product:price:currency\" content=\"EUR\" \/>\n<meta property=\"og:availability\" content=\"instock\" \/>\n<meta property=\"product:availability\" content=\"instock\" \/>\n<meta property=\"product:retailer_item_id\" content=\"33679\" \/>\n<meta property=\"product:condition\" content=\"new\" \/>\n<!-- \/ Yoast SEO Premium plugin. -->","yoast_head_json":{"title":"RELOJ COCINA REDONDO BLANCO\/CROMO 25CM K\u00dcKEN - K\u00fcken","description":"Descubre el nuevo y elegante reloj de cocina redondo k\u00fcken. Dale a tu cocina un toque diferente con relojes de dise\u00f1o. Encuentra el tuyo ahora.","robots":{"index":"noindex","follow":"follow","max-snippet":"max-snippet:-1","max-image-preview":"max-image-preview:large","max-video-preview":"max-video-preview:-1"},"og_locale":"fr_FR","og_type":"article","og_title":"RELOJ COCINA REDONDO BLANCO\/CROMO 25CM K\u00dcKEN","og_description":"Descubre el nuevo y elegante reloj de cocina redondo k\u00fcken. Dale a tu cocina un toque diferente con relojes de dise\u00f1o. Encuentra el tuyo ahora.","og_url":"https:\/\/kuken.alfadyser.dev\/fr\/produit\/reloj-cocina-redondo-blanco-cromo-25cm-kuken\/","og_site_name":"K\u00fcken","article_publisher":"https:\/\/es-es.facebook.com\/alfadyser\/","article_modified_time":"2025-07-23T07:14:33+00:00","og_image":[{"width":853,"height":853,"url":"https:\/\/kuken.alfadyser.dev\/wp-content\/uploads\/2020\/03\/RELOJ-COCINA-BLANCOCROMO-REDONDO-25CM-KUKEN.jpg","type":"image\/jpeg"}],"twitter_card":"summary_large_image","twitter_misc":{"Prix":"","Disponibilit\u00e9":"En stock"},"schema":{"@context":"https:\/\/schema.org","@graph":[{"@type":"WebPage","@id":"https:\/\/kuken.alfadyser.dev\/producto\/reloj-cocina-redondo-blanco-cromo-25cm-kuken\/","url":"https:\/\/kuken.alfadyser.dev\/producto\/reloj-cocina-redondo-blanco-cromo-25cm-kuken\/","name":"RELOJ COCINA REDONDO BLANCO\/CROMO 25CM K\u00dcKEN - K\u00fcken","isPartOf":{"@id":"https:\/\/kuken.alfadyser.dev\/#website"},"primaryImageOfPage":{"@id":"https:\/\/kuken.alfadyser.dev\/producto\/reloj-cocina-redondo-blanco-cromo-25cm-kuken\/#primaryimage"},"image":{"@id":"https:\/\/kuken.alfadyser.dev\/producto\/reloj-cocina-redondo-blanco-cromo-25cm-kuken\/#primaryimage"},"thumbnailUrl":"https:\/\/kuken.alfadyser.dev\/wp-content\/uploads\/2020\/03\/RELOJ-COCINA-BLANCOCROMO-REDONDO-25CM-KUKEN.jpg","datePublished":"2020-03-02T09:31:33+00:00","dateModified":"2025-07-23T07:14:33+00:00","description":"Descubre el nuevo y elegante reloj de cocina redondo k\u00fcken. Dale a tu cocina un toque diferente con relojes de dise\u00f1o. Encuentra el tuyo ahora.","breadcrumb":{"@id":"https:\/\/kuken.alfadyser.dev\/producto\/reloj-cocina-redondo-blanco-cromo-25cm-kuken\/#breadcrumb"},"inLanguage":"fr-FR","potentialAction":[{"@type":"ReadAction","target":["https:\/\/kuken.alfadyser.dev\/producto\/reloj-cocina-redondo-blanco-cromo-25cm-kuken\/"]}]},{"@type":"ImageObject","inLanguage":"fr-FR","@id":"https:\/\/kuken.alfadyser.dev\/producto\/reloj-cocina-redondo-blanco-cromo-25cm-kuken\/#primaryimage","url":"https:\/\/kuken.alfadyser.dev\/wp-content\/uploads\/2020\/03\/RELOJ-COCINA-BLANCOCROMO-REDONDO-25CM-KUKEN.jpg","contentUrl":"https:\/\/kuken.alfadyser.dev\/wp-content\/uploads\/2020\/03\/RELOJ-COCINA-BLANCOCROMO-REDONDO-25CM-KUKEN.jpg","width":853,"height":853,"caption":"Reloj de cocina redondo k\u00fcken de color blanco y cromado"},{"@type":"BreadcrumbList","@id":"https:\/\/kuken.alfadyser.dev\/producto\/reloj-cocina-redondo-blanco-cromo-25cm-kuken\/#breadcrumb","itemListElement":[{"@type":"ListItem","position":1,"name":"Portada","item":"https:\/\/kuken.alfadyser.dev\/"},{"@type":"ListItem","position":2,"name":"Productos","item":"https:\/\/kuken.alfadyser.dev\/productos\/"},{"@type":"ListItem","position":3,"name":"RELOJ COCINA REDONDO BLANCO\/CROMO 25CM K\u00dcKEN"}]},{"@type":"WebSite","@id":"https:\/\/kuken.alfadyser.dev\/#website","url":"https:\/\/kuken.alfadyser.dev\/","name":"K\u00fcken","description":"Large gamme de petits appareils m\u00e9nagers k\u00fcken","publisher":{"@id":"https:\/\/kuken.alfadyser.dev\/#organization"},"potentialAction":[{"@type":"SearchAction","target":{"@type":"EntryPoint","urlTemplate":"https:\/\/kuken.alfadyser.dev\/?s={search_term_string}"},"query-input":{"@type":"PropertyValueSpecification","valueRequired":true,"valueName":"search_term_string"}}],"inLanguage":"fr-FR"},{"@type":"Organization","@id":"https:\/\/kuken.alfadyser.dev\/#organization","name":"Alpha Dyser","url":"https:\/\/kuken.alfadyser.dev\/","logo":{"@type":"ImageObject","inLanguage":"fr-FR","@id":"https:\/\/kuken.alfadyser.dev\/#\/schema\/logo\/image\/","url":"https:\/\/kuken.alfadyser.dev\/wp-content\/uploads\/2019\/04\/kuken-logo.png","contentUrl":"https:\/\/kuken.alfadyser.dev\/wp-content\/uploads\/2019\/04\/kuken-logo.png","width":500,"height":191,"caption":"Alfa Dyser"},"image":{"@id":"https:\/\/kuken.alfadyser.dev\/#\/schema\/logo\/image\/"},"sameAs":["https:\/\/es-es.facebook.com\/alfadyser\/","https:\/\/www.instagram.com\/kuken_appliances\/"]}]},"product_price_currency":"EUR","og_availability":"instock","product_availability":"instock","product_retailer_item_id":"33679","product_condition":"new"},"_links":{"self":[{"href":"https:\/\/kuken.alfadyser.dev\/fr\/wp-json\/wp\/v2\/product\/3583","targetHints":{"allow":["GET"]}}],"collection":[{"href":"https:\/\/kuken.alfadyser.dev\/fr\/wp-json\/wp\/v2\/product"}],"about":[{"href":"https:\/\/kuken.alfadyser.dev\/fr\/wp-json\/wp\/v2\/types\/product"}],"wp:featuredmedia":[{"embeddable":true,"href":"https:\/\/kuken.alfadyser.dev\/fr\/wp-json\/wp\/v2\/media\/3584"}],"wp:attachment":[{"href":"https:\/\/kuken.alfadyser.dev\/fr\/wp-json\/wp\/v2\/media?parent=3583"}],"wp:term":[{"taxonomy":"product_brand","embeddable":true,"href":"https:\/\/kuken.alfadyser.dev\/fr\/wp-json\/wp\/v2\/product_brand?post=3583"},{"taxonomy":"product_cat","embeddable":true,"href":"https:\/\/kuken.alfadyser.dev\/fr\/wp-json\/wp\/v2\/product_cat?post=3583"},{"taxonomy":"product_tag","embeddable":true,"href":"https:\/\/kuken.alfadyser.dev\/fr\/wp-json\/wp\/v2\/product_tag?post=3583"}],"curies":[{"name":"wp","href":"https:\/\/api.w.org\/{rel}","templated":true}]}}