{"id":3466,"date":"2020-03-02T10:24:15","date_gmt":"2020-03-02T09:24:15","guid":{"rendered":"https:\/\/kuken.alfadyser.dev\/producto\/quitapelusas-recargable-5w-kuken\/"},"modified":"2025-07-23T10:44:52","modified_gmt":"2025-07-23T08:44:52","slug":"quita-pelusas-recargable-5w-kuken","status":"publish","type":"product","link":"https:\/\/kuken.alfadyser.dev\/fr\/produit\/quita-pelusas-recargable-5w-kuken\/","title":{"rendered":"QUITA PELUSAS RECARGABLE 5W K\u00dcKEN"},"content":{"rendered":"<p>QUITA PELUSAS RECARGABLE 5W K\u00dcKEN<\/p>\n<ul>\n<li data-start=\"759\" data-end=\"834\">\n<p data-start=\"761\" data-end=\"834\">Cuerpo de pl\u00e1stico resistente con acabado moderno en azul y blanco.<\/p>\n<\/li>\n<li data-start=\"835\" data-end=\"908\">\n<p data-start=\"837\" data-end=\"908\">Piezas desmontables que facilitan la limpieza y el mantenimiento.<\/p>\n<\/li>\n<li data-start=\"909\" data-end=\"978\">\n<p data-start=\"911\" data-end=\"978\">Dep\u00f3sito integrado para almacenar pelusas de forma higi\u00e9nica.<\/p>\n<\/li>\n<li data-start=\"979\" data-end=\"1058\">\n<p data-start=\"981\" data-end=\"1058\">Rejilla met\u00e1lica y cuchillas en acero inoxidable, eficaces y duraderas.<\/p>\n<\/li>\n<li data-start=\"1059\" data-end=\"1156\">\n<p data-start=\"1061\" data-end=\"1156\">Corte regulable en tres niveles: 0,2 mm \/ 1 mm \/ 2 mm para adaptarse a distintos tejidos.<\/p>\n<\/li>\n<li data-start=\"1157\" data-end=\"1208\">\n<p data-start=\"1159\" data-end=\"1208\">Dise\u00f1o recargable, c\u00f3modo y libre de pilas.<\/p>\n<\/li>\n<li data-start=\"1209\" data-end=\"1274\">\n<p data-start=\"1211\" data-end=\"1274\">Ideal para ropa, tapicer\u00eda y tejidos delicados o gruesos.<\/p>\n<\/li>\n<li data-start=\"1275\" data-end=\"1342\">\n<p data-start=\"1277\" data-end=\"1342\">Uso pr\u00e1ctico y ergon\u00f3mico, pensado para resultados r\u00e1pidos.<\/p>\n<\/li>\n<li data-start=\"1343\" data-end=\"1415\">\n<p data-start=\"1345\" data-end=\"1415\">Elimina bolitas y pelusas con precisi\u00f3n y sin da\u00f1ar las prendas.<\/p>\n<\/li>\n<li data-start=\"1416\" data-end=\"1479\">\n<p data-start=\"1418\" data-end=\"1479\">Perfecto para mantener la ropa como nueva por m\u00e1s tiempo.<\/p>\n<\/li>\n<\/ul>\n<p><div class=\"accordion\"><div class=\"mfn-acc accordion_wrapper  toggle\"><div class=\"question\"><div class=\"title\"><i class=\"icon-plus acc-icon-plus\" aria-hidden=\"true\"><\/i><i class=\"icon-minus acc-icon-minus\" aria-hidden=\"true\"><\/i>Donn\u00e9es du produit<\/div><div class=\"answer\">EAN 8425160337810<\/p>\n<p>QUITA PELUSAS RECARGABLE 5W K\u00dcKEN<\/p>\n<p>Unit\u00e9 d'emballage 1<br \/>\nColor\u00a0Blanco \/ Azul<br \/>\nEmballage Couleur de la bo\u00eete<br \/>\nPotencia 5 W<br \/>\nTama\u00f1o\u00a0Peque\u00f1o<br \/>\nMati\u00e8re plastique<br \/>\nD\u00e9tachable Oui<br \/>\nRecargable \/ inal\u00e1mbrico S\u00ed<br \/>\nPeso 0,24 kg.<\/div><\/div>\n<\/div><\/div>\n<br \/>\n<div class=\"accordion\"><div class=\"mfn-acc accordion_wrapper  toggle\"><div class=\"question\"><div class=\"title\"><i class=\"icon-plus acc-icon-plus\" aria-hidden=\"true\"><\/i><i class=\"icon-minus acc-icon-minus\" aria-hidden=\"true\"><\/i>Accessoires<\/div><div class=\"answer\">Limitador de corte regulable: 0,2mm.\/1mm.\/2mm.<br \/>\nCepillo de limpieza<\/div><\/div>\n<\/div><\/div>\n<\/p>\n<div class=\"descargas-producto\"><a href=\"\/wp-content\/uploads\/pdf\/8425160337810_ficha_tecnica.pdf\" target=\"_blank\" rel=\"noopener noreferrer\"><br \/>\n<img loading=\"lazy\" decoding=\"async\" src=\"\/wp-content\/uploads\/2019\/12\/picto-descarrega.png\" alt=\"t\u00e9l\u00e9charger la fiche technique\" width=\"23\" height=\"16\" \/>T\u00e9l\u00e9charger la fiche<\/a><br \/>\n<a href=\"\/wp-content\/uploads\/pdf\/33781_instrucciones_quitapelusas.pdf\"><img loading=\"lazy\" decoding=\"async\" src=\"\/wp-content\/uploads\/2019\/12\/picto-descarrega.png\" alt=\"t\u00e9l\u00e9charger le manuel d&#039;instructions\" width=\"23\" height=\"16\" \/>T\u00e9l\u00e9charger le manuel<\/a><\/div>\n<div><\/div>\n<div><span style=\"color: #bf2121\">Suivez-nous sur les m\u00e9dias sociaux !<\/span><\/div>\n<div><a href=\"https:\/\/www.instagram.com\/kuken_appliances\/\">https:\/\/www.instagram.com\/kuken_appliances\/<\/a><\/div>","protected":false},"excerpt":{"rendered":"<p data-start=\"451\" data-end=\"607\">Restaura tus prendas con este quitapelusas recargable y preciso. Compacto, potente y f\u00e1cil de limpiar, ofrece un corte regulable y resultados profesionales.<\/p>\n<p data-start=\"609\" data-end=\"685\">","protected":false},"featured_media":3467,"template":"","meta":[],"product_brand":[],"product_cat":[210],"product_tag":[],"class_list":{"0":"post-3466","1":"product","2":"type-product","3":"status-publish","4":"has-post-thumbnail","6":"product_cat-limpiadores","8":"first","9":"instock","10":"product-type-simple"},"yoast_head":"<!-- This site is optimized with the Yoast SEO Premium plugin v24.0 (Yoast SEO v26.5) - https:\/\/yoast.com\/wordpress\/plugins\/seo\/ -->\n<title>QUITA PELUSAS RECARGABLE 5W K\u00dcKEN - K\u00fcken<\/title>\n<meta name=\"description\" content=\"Nuevo y exclusivo quita pelusas recargable k\u00fcken. Qu\u00edtale esas pelusas a tus prendas preferidas de manera m\u00e1s r\u00e1pida y f\u00e1cil, desc\u00fabrelo ahora.\" \/>\n<meta name=\"robots\" content=\"noindex, follow, max-snippet:-1, max-image-preview:large, max-video-preview:-1\" \/>\n<meta property=\"og:locale\" content=\"fr_FR\" \/>\n<meta property=\"og:type\" content=\"article\" \/>\n<meta property=\"og:title\" content=\"QUITA PELUSAS RECARGABLE 5W K\u00dcKEN\" \/>\n<meta property=\"og:description\" content=\"Nuevo y exclusivo quita pelusas recargable k\u00fcken. Qu\u00edtale esas pelusas a tus prendas preferidas de manera m\u00e1s r\u00e1pida y f\u00e1cil, desc\u00fabrelo ahora.\" \/>\n<meta property=\"og:url\" content=\"https:\/\/kuken.alfadyser.dev\/fr\/produit\/quita-pelusas-recargable-5w-kuken\/\" \/>\n<meta property=\"og:site_name\" content=\"K\u00fcken\" \/>\n<meta property=\"article:publisher\" content=\"https:\/\/es-es.facebook.com\/alfadyser\/\" \/>\n<meta property=\"article:modified_time\" content=\"2025-07-23T08:44:52+00:00\" \/>\n<meta property=\"og:image\" content=\"https:\/\/kuken.alfadyser.dev\/wp-content\/uploads\/2020\/03\/QUITAPELUSAS-RECARGABLE-5W-KUKEN.jpg\" \/>\n\t<meta property=\"og:image:width\" content=\"853\" \/>\n\t<meta property=\"og:image:height\" content=\"853\" \/>\n\t<meta property=\"og:image:type\" content=\"image\/jpeg\" \/>\n<meta name=\"twitter:card\" content=\"summary_large_image\" \/>\n<meta name=\"twitter:label1\" content=\"Prix\" \/>\n\t<meta name=\"twitter:data1\" content=\"\" \/>\n\t<meta name=\"twitter:label2\" content=\"Disponibilit\u00e9\" \/>\n\t<meta name=\"twitter:data2\" content=\"En stock\" \/>\n<script type=\"application\/ld+json\" class=\"yoast-schema-graph\">{\"@context\":\"https:\/\/schema.org\",\"@graph\":[{\"@type\":\"WebPage\",\"@id\":\"https:\/\/kuken.alfadyser.dev\/producto\/quita-pelusas-recargable-5w-kuken\/\",\"url\":\"https:\/\/kuken.alfadyser.dev\/producto\/quita-pelusas-recargable-5w-kuken\/\",\"name\":\"QUITA PELUSAS RECARGABLE 5W K\u00dcKEN - K\u00fcken\",\"isPartOf\":{\"@id\":\"https:\/\/kuken.alfadyser.dev\/#website\"},\"primaryImageOfPage\":{\"@id\":\"https:\/\/kuken.alfadyser.dev\/producto\/quita-pelusas-recargable-5w-kuken\/#primaryimage\"},\"image\":{\"@id\":\"https:\/\/kuken.alfadyser.dev\/producto\/quita-pelusas-recargable-5w-kuken\/#primaryimage\"},\"thumbnailUrl\":\"https:\/\/kuken.alfadyser.dev\/wp-content\/uploads\/2020\/03\/QUITAPELUSAS-RECARGABLE-5W-KUKEN.jpg\",\"datePublished\":\"2020-03-02T09:24:15+00:00\",\"dateModified\":\"2025-07-23T08:44:52+00:00\",\"description\":\"Nuevo y exclusivo quita pelusas recargable k\u00fcken. Qu\u00edtale esas pelusas a tus prendas preferidas de manera m\u00e1s r\u00e1pida y f\u00e1cil, desc\u00fabrelo ahora.\",\"breadcrumb\":{\"@id\":\"https:\/\/kuken.alfadyser.dev\/producto\/quita-pelusas-recargable-5w-kuken\/#breadcrumb\"},\"inLanguage\":\"fr-FR\",\"potentialAction\":[{\"@type\":\"ReadAction\",\"target\":[\"https:\/\/kuken.alfadyser.dev\/producto\/quita-pelusas-recargable-5w-kuken\/\"]}]},{\"@type\":\"ImageObject\",\"inLanguage\":\"fr-FR\",\"@id\":\"https:\/\/kuken.alfadyser.dev\/producto\/quita-pelusas-recargable-5w-kuken\/#primaryimage\",\"url\":\"https:\/\/kuken.alfadyser.dev\/wp-content\/uploads\/2020\/03\/QUITAPELUSAS-RECARGABLE-5W-KUKEN.jpg\",\"contentUrl\":\"https:\/\/kuken.alfadyser.dev\/wp-content\/uploads\/2020\/03\/QUITAPELUSAS-RECARGABLE-5W-KUKEN.jpg\",\"width\":853,\"height\":853,\"caption\":\"Quita pelusas k\u00fcken\"},{\"@type\":\"BreadcrumbList\",\"@id\":\"https:\/\/kuken.alfadyser.dev\/producto\/quita-pelusas-recargable-5w-kuken\/#breadcrumb\",\"itemListElement\":[{\"@type\":\"ListItem\",\"position\":1,\"name\":\"Portada\",\"item\":\"https:\/\/kuken.alfadyser.dev\/\"},{\"@type\":\"ListItem\",\"position\":2,\"name\":\"Productos\",\"item\":\"https:\/\/kuken.alfadyser.dev\/productos\/\"},{\"@type\":\"ListItem\",\"position\":3,\"name\":\"QUITA PELUSAS RECARGABLE 5W K\u00dcKEN\"}]},{\"@type\":\"WebSite\",\"@id\":\"https:\/\/kuken.alfadyser.dev\/#website\",\"url\":\"https:\/\/kuken.alfadyser.dev\/\",\"name\":\"K\u00fcken\",\"description\":\"Amplia gama de peque\u00f1o electrodom\u00e9stico k\u00fcken\",\"publisher\":{\"@id\":\"https:\/\/kuken.alfadyser.dev\/#organization\"},\"potentialAction\":[{\"@type\":\"SearchAction\",\"target\":{\"@type\":\"EntryPoint\",\"urlTemplate\":\"https:\/\/kuken.alfadyser.dev\/?s={search_term_string}\"},\"query-input\":{\"@type\":\"PropertyValueSpecification\",\"valueRequired\":true,\"valueName\":\"search_term_string\"}}],\"inLanguage\":\"fr-FR\"},{\"@type\":\"Organization\",\"@id\":\"https:\/\/kuken.alfadyser.dev\/#organization\",\"name\":\"Alfa Dyser\",\"url\":\"https:\/\/kuken.alfadyser.dev\/\",\"logo\":{\"@type\":\"ImageObject\",\"inLanguage\":\"fr-FR\",\"@id\":\"https:\/\/kuken.alfadyser.dev\/#\/schema\/logo\/image\/\",\"url\":\"https:\/\/kuken.alfadyser.dev\/wp-content\/uploads\/2019\/04\/kuken-logo.png\",\"contentUrl\":\"https:\/\/kuken.alfadyser.dev\/wp-content\/uploads\/2019\/04\/kuken-logo.png\",\"width\":500,\"height\":191,\"caption\":\"Alfa Dyser\"},\"image\":{\"@id\":\"https:\/\/kuken.alfadyser.dev\/#\/schema\/logo\/image\/\"},\"sameAs\":[\"https:\/\/es-es.facebook.com\/alfadyser\/\",\"https:\/\/www.instagram.com\/kuken_appliances\/\"]}]}<\/script>\n<meta property=\"product:price:currency\" content=\"EUR\" \/>\n<meta property=\"og:availability\" content=\"instock\" \/>\n<meta property=\"product:availability\" content=\"instock\" \/>\n<meta property=\"product:retailer_item_id\" content=\"33781\" \/>\n<meta property=\"product:condition\" content=\"new\" \/>\n<!-- \/ Yoast SEO Premium plugin. -->","yoast_head_json":{"title":"QUITA PELUSAS RECARGABLE 5W K\u00dcKEN - K\u00fcken","description":"Nuevo y exclusivo quita pelusas recargable k\u00fcken. Qu\u00edtale esas pelusas a tus prendas preferidas de manera m\u00e1s r\u00e1pida y f\u00e1cil, desc\u00fabrelo ahora.","robots":{"index":"noindex","follow":"follow","max-snippet":"max-snippet:-1","max-image-preview":"max-image-preview:large","max-video-preview":"max-video-preview:-1"},"og_locale":"fr_FR","og_type":"article","og_title":"QUITA PELUSAS RECARGABLE 5W K\u00dcKEN","og_description":"Nuevo y exclusivo quita pelusas recargable k\u00fcken. Qu\u00edtale esas pelusas a tus prendas preferidas de manera m\u00e1s r\u00e1pida y f\u00e1cil, desc\u00fabrelo ahora.","og_url":"https:\/\/kuken.alfadyser.dev\/fr\/produit\/quita-pelusas-recargable-5w-kuken\/","og_site_name":"K\u00fcken","article_publisher":"https:\/\/es-es.facebook.com\/alfadyser\/","article_modified_time":"2025-07-23T08:44:52+00:00","og_image":[{"width":853,"height":853,"url":"https:\/\/kuken.alfadyser.dev\/wp-content\/uploads\/2020\/03\/QUITAPELUSAS-RECARGABLE-5W-KUKEN.jpg","type":"image\/jpeg"}],"twitter_card":"summary_large_image","twitter_misc":{"Prix":"","Disponibilit\u00e9":"En stock"},"schema":{"@context":"https:\/\/schema.org","@graph":[{"@type":"WebPage","@id":"https:\/\/kuken.alfadyser.dev\/producto\/quita-pelusas-recargable-5w-kuken\/","url":"https:\/\/kuken.alfadyser.dev\/producto\/quita-pelusas-recargable-5w-kuken\/","name":"QUITA PELUSAS RECARGABLE 5W K\u00dcKEN - K\u00fcken","isPartOf":{"@id":"https:\/\/kuken.alfadyser.dev\/#website"},"primaryImageOfPage":{"@id":"https:\/\/kuken.alfadyser.dev\/producto\/quita-pelusas-recargable-5w-kuken\/#primaryimage"},"image":{"@id":"https:\/\/kuken.alfadyser.dev\/producto\/quita-pelusas-recargable-5w-kuken\/#primaryimage"},"thumbnailUrl":"https:\/\/kuken.alfadyser.dev\/wp-content\/uploads\/2020\/03\/QUITAPELUSAS-RECARGABLE-5W-KUKEN.jpg","datePublished":"2020-03-02T09:24:15+00:00","dateModified":"2025-07-23T08:44:52+00:00","description":"Nuevo y exclusivo quita pelusas recargable k\u00fcken. Qu\u00edtale esas pelusas a tus prendas preferidas de manera m\u00e1s r\u00e1pida y f\u00e1cil, desc\u00fabrelo ahora.","breadcrumb":{"@id":"https:\/\/kuken.alfadyser.dev\/producto\/quita-pelusas-recargable-5w-kuken\/#breadcrumb"},"inLanguage":"fr-FR","potentialAction":[{"@type":"ReadAction","target":["https:\/\/kuken.alfadyser.dev\/producto\/quita-pelusas-recargable-5w-kuken\/"]}]},{"@type":"ImageObject","inLanguage":"fr-FR","@id":"https:\/\/kuken.alfadyser.dev\/producto\/quita-pelusas-recargable-5w-kuken\/#primaryimage","url":"https:\/\/kuken.alfadyser.dev\/wp-content\/uploads\/2020\/03\/QUITAPELUSAS-RECARGABLE-5W-KUKEN.jpg","contentUrl":"https:\/\/kuken.alfadyser.dev\/wp-content\/uploads\/2020\/03\/QUITAPELUSAS-RECARGABLE-5W-KUKEN.jpg","width":853,"height":853,"caption":"Quita pelusas k\u00fcken"},{"@type":"BreadcrumbList","@id":"https:\/\/kuken.alfadyser.dev\/producto\/quita-pelusas-recargable-5w-kuken\/#breadcrumb","itemListElement":[{"@type":"ListItem","position":1,"name":"Portada","item":"https:\/\/kuken.alfadyser.dev\/"},{"@type":"ListItem","position":2,"name":"Productos","item":"https:\/\/kuken.alfadyser.dev\/productos\/"},{"@type":"ListItem","position":3,"name":"QUITA PELUSAS RECARGABLE 5W K\u00dcKEN"}]},{"@type":"WebSite","@id":"https:\/\/kuken.alfadyser.dev\/#website","url":"https:\/\/kuken.alfadyser.dev\/","name":"K\u00fcken","description":"Large gamme de petits appareils m\u00e9nagers k\u00fcken","publisher":{"@id":"https:\/\/kuken.alfadyser.dev\/#organization"},"potentialAction":[{"@type":"SearchAction","target":{"@type":"EntryPoint","urlTemplate":"https:\/\/kuken.alfadyser.dev\/?s={search_term_string}"},"query-input":{"@type":"PropertyValueSpecification","valueRequired":true,"valueName":"search_term_string"}}],"inLanguage":"fr-FR"},{"@type":"Organization","@id":"https:\/\/kuken.alfadyser.dev\/#organization","name":"Alpha Dyser","url":"https:\/\/kuken.alfadyser.dev\/","logo":{"@type":"ImageObject","inLanguage":"fr-FR","@id":"https:\/\/kuken.alfadyser.dev\/#\/schema\/logo\/image\/","url":"https:\/\/kuken.alfadyser.dev\/wp-content\/uploads\/2019\/04\/kuken-logo.png","contentUrl":"https:\/\/kuken.alfadyser.dev\/wp-content\/uploads\/2019\/04\/kuken-logo.png","width":500,"height":191,"caption":"Alfa Dyser"},"image":{"@id":"https:\/\/kuken.alfadyser.dev\/#\/schema\/logo\/image\/"},"sameAs":["https:\/\/es-es.facebook.com\/alfadyser\/","https:\/\/www.instagram.com\/kuken_appliances\/"]}]},"product_price_currency":"EUR","og_availability":"instock","product_availability":"instock","product_retailer_item_id":"33781","product_condition":"new"},"_links":{"self":[{"href":"https:\/\/kuken.alfadyser.dev\/fr\/wp-json\/wp\/v2\/product\/3466","targetHints":{"allow":["GET"]}}],"collection":[{"href":"https:\/\/kuken.alfadyser.dev\/fr\/wp-json\/wp\/v2\/product"}],"about":[{"href":"https:\/\/kuken.alfadyser.dev\/fr\/wp-json\/wp\/v2\/types\/product"}],"wp:featuredmedia":[{"embeddable":true,"href":"https:\/\/kuken.alfadyser.dev\/fr\/wp-json\/wp\/v2\/media\/3467"}],"wp:attachment":[{"href":"https:\/\/kuken.alfadyser.dev\/fr\/wp-json\/wp\/v2\/media?parent=3466"}],"wp:term":[{"taxonomy":"product_brand","embeddable":true,"href":"https:\/\/kuken.alfadyser.dev\/fr\/wp-json\/wp\/v2\/product_brand?post=3466"},{"taxonomy":"product_cat","embeddable":true,"href":"https:\/\/kuken.alfadyser.dev\/fr\/wp-json\/wp\/v2\/product_cat?post=3466"},{"taxonomy":"product_tag","embeddable":true,"href":"https:\/\/kuken.alfadyser.dev\/fr\/wp-json\/wp\/v2\/product_tag?post=3466"}],"curies":[{"name":"wp","href":"https:\/\/api.w.org\/{rel}","templated":true}]}}