{"id":3430,"date":"2020-03-02T10:23:09","date_gmt":"2020-03-02T09:23:09","guid":{"rendered":"https:\/\/kuken.alfadyser.dev\/producto\/aspirador-escoba-2-en-1-29-6v-kuken\/"},"modified":"2025-07-23T10:56:34","modified_gmt":"2025-07-23T08:56:34","slug":"aspirador-escoba-sin-cable-2-en-1-29-6v-kuken","status":"publish","type":"product","link":"https:\/\/kuken.alfadyser.dev\/fr\/produit\/aspirador-escoba-sin-cable-2-en-1-29-6v-kuken\/","title":{"rendered":"K\u00dcKEN 2 EN 1 BALAI ASPIRATEUR SANS FIL 29.6V K\u00dcKEN"},"content":{"rendered":"<p>K\u00dcKEN 2 EN 1 BALAI ASPIRATEUR SANS FIL 29.6V K\u00dcKEN<\/p>\n<ul data-start=\"691\" data-end=\"1414\">\n<li class=\"\" data-start=\"691\" data-end=\"758\">\n<p class=\"\" data-start=\"693\" data-end=\"758\">2 en 1: aspirador escoba y aspirador de mano extra\u00edble.<\/p>\n<\/li>\n<li class=\"\" data-start=\"759\" data-end=\"821\">\n<p class=\"\" data-start=\"761\" data-end=\"821\">Potencia de 29.6V y dos velocidades de aspiraci\u00f3n.<\/p>\n<\/li>\n<li class=\"\" data-start=\"822\" data-end=\"876\">\n<p class=\"\" data-start=\"824\" data-end=\"876\">Autonom\u00eda: 60 min (Vel. I) \/ 35 min (Vel. II).<\/p>\n<\/li>\n<li class=\"\" data-start=\"877\" data-end=\"945\">\n<p class=\"\" data-start=\"879\" data-end=\"945\">Tecnolog\u00eda Cyclone, succi\u00f3n eficiente mediante centrifugado.<\/p>\n<\/li>\n<li class=\"\" data-start=\"946\" data-end=\"1004\">\n<p class=\"\" data-start=\"948\" data-end=\"1004\">Filtro HEPA, retiene al\u00e9rgenos y part\u00edculas finas.<\/p>\n<\/li>\n<li class=\"\" data-start=\"1005\" data-end=\"1072\">\n<p class=\"\" data-start=\"1007\" data-end=\"1072\">Brazo abatible, reduce el tama\u00f1o para f\u00e1cil almacenamiento.<\/p>\n<\/li>\n<li class=\"\" data-start=\"1073\" data-end=\"1137\">\n<p class=\"\" data-start=\"1075\" data-end=\"1137\">Cabezal flexible 180\u00b0 para acceder a rincones dif\u00edciles.<\/p>\n<\/li>\n<li class=\"\" data-start=\"1138\" data-end=\"1214\">\n<p class=\"\" data-start=\"1140\" data-end=\"1214\">Cepillo de rizo y ruedas engomadas, ideal para suelos delicados.<\/p>\n<\/li>\n<li class=\"\" data-start=\"1215\" data-end=\"1269\">\n<p class=\"\" data-start=\"1217\" data-end=\"1269\">Luz LED frontal para una limpieza m\u00e1s precisa.<\/p>\n<\/li>\n<li class=\"\" data-start=\"1270\" data-end=\"1343\">\n<p class=\"\" data-start=\"1272\" data-end=\"1343\">Dep\u00f3sito de 0,5L y bater\u00eda de litio 2150 mAh (carga en 3\u20134h).<\/p>\n<\/li>\n<li class=\"\" data-start=\"1344\" data-end=\"1414\">\n<p class=\"\" data-start=\"1346\" data-end=\"1414\">Acabado en gris y naranja, cuerpo de PC de alta resistencia.<\/p>\n<\/li>\n<\/ul>\n<p><div class=\"accordion\"><div class=\"mfn-acc accordion_wrapper  toggle\"><div class=\"question\"><div class=\"title\"><i class=\"icon-plus acc-icon-plus\" aria-hidden=\"true\"><\/i><i class=\"icon-minus acc-icon-minus\" aria-hidden=\"true\"><\/i>Donn\u00e9es du produit<\/div><div class=\"answer\">EAN 8425160338619<\/p>\n<p>K\u00dcKEN 2 EN 1 BALAI ASPIRATEUR SANS FIL 29.6V K\u00dcKEN<\/p>\n<p>Unit\u00e9 d'emballage 1<br \/>\nColor\u00a0Gris<br \/>\nEmballage Bo\u00eete color\u00e9e<br \/>\nPuissance 29,6 V<br \/>\nMati\u00e8re plastique<br \/>\nCapacit\u00e9 du r\u00e9servoir 0,5 Litres<br \/>\nVitesses 2<br \/>\nLumi\u00e8re LED Oui<br \/>\nD\u00e9tachable Oui<br \/>\nPoids 2,3 kg.<\/div><\/div>\n<\/div><\/div>\n<br \/>\n<div class=\"accordion\"><div class=\"mfn-acc accordion_wrapper  toggle\"><div class=\"question\"><div class=\"title\"><i class=\"icon-plus acc-icon-plus\" aria-hidden=\"true\"><\/i><i class=\"icon-minus acc-icon-minus\" aria-hidden=\"true\"><\/i>Accessoires<\/div><div class=\"answer\"><\/div><\/div>\n<\/div><\/div>\n<\/p>\n<div class=\"descargas-producto\"><a href=\"\/wp-content\/uploads\/pdf\/8425160338619_ficha_tecnica.pdf\" target=\"_blank\" rel=\"noopener noreferrer\"><br \/>\n<img loading=\"lazy\" decoding=\"async\" src=\"\/wp-content\/uploads\/2019\/12\/picto-descarrega.png\" alt=\"t\u00e9l\u00e9charger la fiche technique\" width=\"23\" height=\"16\" \/>T\u00e9l\u00e9charger la fiche<\/a><br \/>\n<a href=\"\/wp-content\/uploads\/pdf\/33861_instrucciones.pdf\"><img loading=\"lazy\" decoding=\"async\" src=\"\/wp-content\/uploads\/2019\/12\/picto-descarrega.png\" alt=\"t\u00e9l\u00e9charger le manuel d&#039;instructions\" width=\"23\" height=\"16\" \/>T\u00e9l\u00e9charger le manuel<\/a><\/div>\n<div><\/div>\n<div><span style=\"color: #bf2121\">Suivez-nous sur les m\u00e9dias sociaux !<\/span><\/div>\n<div><a href=\"https:\/\/www.instagram.com\/kuken_appliances\/\">https:\/\/www.instagram.com\/kuken_appliances\/<\/a><\/div>","protected":false},"excerpt":{"rendered":"<p class=\"\" data-start=\"467\" data-end=\"614\">Potente, ligero y sin cable. Aspirador escoba y de mano 2 en 1 con filtro HEPA, brazo plegable, luz LED y cepillo adaptable a cualquier superficie.<\/p>","protected":false},"featured_media":3431,"template":"","meta":[],"product_brand":[],"product_cat":[208],"product_tag":[],"class_list":{"0":"post-3430","1":"product","2":"type-product","3":"status-publish","4":"has-post-thumbnail","6":"product_cat-aspiradores","8":"first","9":"instock","10":"product-type-simple"},"yoast_head":"<!-- This site is optimized with the Yoast SEO Premium plugin v24.0 (Yoast SEO v26.5) - https:\/\/yoast.com\/wordpress\/plugins\/seo\/ -->\n<title>ASPIRADOR ESCOBA SIN CABLE 2 EN 1 29.6V K\u00dcKEN - K\u00fcken<\/title>\n<meta name=\"description\" content=\"Nuevo y exclusivo aspirador escoba 2en1 sin cable k\u00fcken Premium. Limpia cualquier superficie mejor y de manera m\u00e1s r\u00e1pida y f\u00e1cil, desc\u00fabrela ahora.\" \/>\n<meta name=\"robots\" content=\"noindex, follow, max-snippet:-1, max-image-preview:large, max-video-preview:-1\" \/>\n<meta property=\"og:locale\" content=\"fr_FR\" \/>\n<meta property=\"og:type\" content=\"article\" \/>\n<meta property=\"og:title\" content=\"ASPIRADOR ESCOBA SIN CABLE 2 EN 1 29.6V K\u00dcKEN\" \/>\n<meta property=\"og:description\" content=\"Nuevo y exclusivo aspirador escoba 2en1 sin cable k\u00fcken Premium. Limpia cualquier superficie mejor y de manera m\u00e1s r\u00e1pida y f\u00e1cil, desc\u00fabrela ahora.\" \/>\n<meta property=\"og:url\" content=\"https:\/\/kuken.alfadyser.dev\/fr\/produit\/aspirador-escoba-sin-cable-2-en-1-29-6v-kuken\/\" \/>\n<meta property=\"og:site_name\" content=\"K\u00fcken\" \/>\n<meta property=\"article:publisher\" content=\"https:\/\/es-es.facebook.com\/alfadyser\/\" \/>\n<meta property=\"article:modified_time\" content=\"2025-07-23T08:56:34+00:00\" \/>\n<meta property=\"og:image\" content=\"https:\/\/kuken.alfadyser.dev\/wp-content\/uploads\/2020\/03\/ASPIRADOR-ESCOBA-2-EN-1-29.6V-KUKEN.jpg\" \/>\n\t<meta property=\"og:image:width\" content=\"853\" \/>\n\t<meta property=\"og:image:height\" content=\"853\" \/>\n\t<meta property=\"og:image:type\" content=\"image\/jpeg\" \/>\n<meta name=\"twitter:card\" content=\"summary_large_image\" \/>\n<meta name=\"twitter:label1\" content=\"Prix\" \/>\n\t<meta name=\"twitter:data1\" content=\"\" \/>\n\t<meta name=\"twitter:label2\" content=\"Disponibilit\u00e9\" \/>\n\t<meta name=\"twitter:data2\" content=\"En stock\" \/>\n<script type=\"application\/ld+json\" class=\"yoast-schema-graph\">{\"@context\":\"https:\/\/schema.org\",\"@graph\":[{\"@type\":\"WebPage\",\"@id\":\"https:\/\/kuken.alfadyser.dev\/producto\/aspirador-escoba-sin-cable-2-en-1-29-6v-kuken\/\",\"url\":\"https:\/\/kuken.alfadyser.dev\/producto\/aspirador-escoba-sin-cable-2-en-1-29-6v-kuken\/\",\"name\":\"ASPIRADOR ESCOBA SIN CABLE 2 EN 1 29.6V K\u00dcKEN - K\u00fcken\",\"isPartOf\":{\"@id\":\"https:\/\/kuken.alfadyser.dev\/#website\"},\"primaryImageOfPage\":{\"@id\":\"https:\/\/kuken.alfadyser.dev\/producto\/aspirador-escoba-sin-cable-2-en-1-29-6v-kuken\/#primaryimage\"},\"image\":{\"@id\":\"https:\/\/kuken.alfadyser.dev\/producto\/aspirador-escoba-sin-cable-2-en-1-29-6v-kuken\/#primaryimage\"},\"thumbnailUrl\":\"https:\/\/kuken.alfadyser.dev\/wp-content\/uploads\/2020\/03\/ASPIRADOR-ESCOBA-2-EN-1-29.6V-KUKEN.jpg\",\"datePublished\":\"2020-03-02T09:23:09+00:00\",\"dateModified\":\"2025-07-23T08:56:34+00:00\",\"description\":\"Nuevo y exclusivo aspirador escoba 2en1 sin cable k\u00fcken Premium. Limpia cualquier superficie mejor y de manera m\u00e1s r\u00e1pida y f\u00e1cil, desc\u00fabrela ahora.\",\"breadcrumb\":{\"@id\":\"https:\/\/kuken.alfadyser.dev\/producto\/aspirador-escoba-sin-cable-2-en-1-29-6v-kuken\/#breadcrumb\"},\"inLanguage\":\"fr-FR\",\"potentialAction\":[{\"@type\":\"ReadAction\",\"target\":[\"https:\/\/kuken.alfadyser.dev\/producto\/aspirador-escoba-sin-cable-2-en-1-29-6v-kuken\/\"]}]},{\"@type\":\"ImageObject\",\"inLanguage\":\"fr-FR\",\"@id\":\"https:\/\/kuken.alfadyser.dev\/producto\/aspirador-escoba-sin-cable-2-en-1-29-6v-kuken\/#primaryimage\",\"url\":\"https:\/\/kuken.alfadyser.dev\/wp-content\/uploads\/2020\/03\/ASPIRADOR-ESCOBA-2-EN-1-29.6V-KUKEN.jpg\",\"contentUrl\":\"https:\/\/kuken.alfadyser.dev\/wp-content\/uploads\/2020\/03\/ASPIRADOR-ESCOBA-2-EN-1-29.6V-KUKEN.jpg\",\"width\":853,\"height\":853,\"caption\":\"Aspirador escoba sin cable k\u00fcken 2 en 1\"},{\"@type\":\"BreadcrumbList\",\"@id\":\"https:\/\/kuken.alfadyser.dev\/producto\/aspirador-escoba-sin-cable-2-en-1-29-6v-kuken\/#breadcrumb\",\"itemListElement\":[{\"@type\":\"ListItem\",\"position\":1,\"name\":\"Portada\",\"item\":\"https:\/\/kuken.alfadyser.dev\/\"},{\"@type\":\"ListItem\",\"position\":2,\"name\":\"Productos\",\"item\":\"https:\/\/kuken.alfadyser.dev\/productos\/\"},{\"@type\":\"ListItem\",\"position\":3,\"name\":\"ASPIRADOR ESCOBA SIN CABLE 2 EN 1 29.6V K\u00dcKEN\"}]},{\"@type\":\"WebSite\",\"@id\":\"https:\/\/kuken.alfadyser.dev\/#website\",\"url\":\"https:\/\/kuken.alfadyser.dev\/\",\"name\":\"K\u00fcken\",\"description\":\"Amplia gama de peque\u00f1o electrodom\u00e9stico k\u00fcken\",\"publisher\":{\"@id\":\"https:\/\/kuken.alfadyser.dev\/#organization\"},\"potentialAction\":[{\"@type\":\"SearchAction\",\"target\":{\"@type\":\"EntryPoint\",\"urlTemplate\":\"https:\/\/kuken.alfadyser.dev\/?s={search_term_string}\"},\"query-input\":{\"@type\":\"PropertyValueSpecification\",\"valueRequired\":true,\"valueName\":\"search_term_string\"}}],\"inLanguage\":\"fr-FR\"},{\"@type\":\"Organization\",\"@id\":\"https:\/\/kuken.alfadyser.dev\/#organization\",\"name\":\"Alfa Dyser\",\"url\":\"https:\/\/kuken.alfadyser.dev\/\",\"logo\":{\"@type\":\"ImageObject\",\"inLanguage\":\"fr-FR\",\"@id\":\"https:\/\/kuken.alfadyser.dev\/#\/schema\/logo\/image\/\",\"url\":\"https:\/\/kuken.alfadyser.dev\/wp-content\/uploads\/2019\/04\/kuken-logo.png\",\"contentUrl\":\"https:\/\/kuken.alfadyser.dev\/wp-content\/uploads\/2019\/04\/kuken-logo.png\",\"width\":500,\"height\":191,\"caption\":\"Alfa Dyser\"},\"image\":{\"@id\":\"https:\/\/kuken.alfadyser.dev\/#\/schema\/logo\/image\/\"},\"sameAs\":[\"https:\/\/es-es.facebook.com\/alfadyser\/\",\"https:\/\/www.instagram.com\/kuken_appliances\/\"]}]}<\/script>\n<meta property=\"product:price:currency\" content=\"EUR\" \/>\n<meta property=\"og:availability\" content=\"instock\" \/>\n<meta property=\"product:availability\" content=\"instock\" \/>\n<meta property=\"product:retailer_item_id\" content=\"33861\" \/>\n<meta property=\"product:condition\" content=\"new\" \/>\n<!-- \/ Yoast SEO Premium plugin. -->","yoast_head_json":{"title":"ASPIRADOR ESCOBA SIN CABLE 2 EN 1 29.6V K\u00dcKEN - K\u00fcken","description":"Nuevo y exclusivo aspirador escoba 2en1 sin cable k\u00fcken Premium. Limpia cualquier superficie mejor y de manera m\u00e1s r\u00e1pida y f\u00e1cil, desc\u00fabrela ahora.","robots":{"index":"noindex","follow":"follow","max-snippet":"max-snippet:-1","max-image-preview":"max-image-preview:large","max-video-preview":"max-video-preview:-1"},"og_locale":"fr_FR","og_type":"article","og_title":"ASPIRADOR ESCOBA SIN CABLE 2 EN 1 29.6V K\u00dcKEN","og_description":"Nuevo y exclusivo aspirador escoba 2en1 sin cable k\u00fcken Premium. Limpia cualquier superficie mejor y de manera m\u00e1s r\u00e1pida y f\u00e1cil, desc\u00fabrela ahora.","og_url":"https:\/\/kuken.alfadyser.dev\/fr\/produit\/aspirador-escoba-sin-cable-2-en-1-29-6v-kuken\/","og_site_name":"K\u00fcken","article_publisher":"https:\/\/es-es.facebook.com\/alfadyser\/","article_modified_time":"2025-07-23T08:56:34+00:00","og_image":[{"width":853,"height":853,"url":"https:\/\/kuken.alfadyser.dev\/wp-content\/uploads\/2020\/03\/ASPIRADOR-ESCOBA-2-EN-1-29.6V-KUKEN.jpg","type":"image\/jpeg"}],"twitter_card":"summary_large_image","twitter_misc":{"Prix":"","Disponibilit\u00e9":"En stock"},"schema":{"@context":"https:\/\/schema.org","@graph":[{"@type":"WebPage","@id":"https:\/\/kuken.alfadyser.dev\/producto\/aspirador-escoba-sin-cable-2-en-1-29-6v-kuken\/","url":"https:\/\/kuken.alfadyser.dev\/producto\/aspirador-escoba-sin-cable-2-en-1-29-6v-kuken\/","name":"ASPIRADOR ESCOBA SIN CABLE 2 EN 1 29.6V K\u00dcKEN - K\u00fcken","isPartOf":{"@id":"https:\/\/kuken.alfadyser.dev\/#website"},"primaryImageOfPage":{"@id":"https:\/\/kuken.alfadyser.dev\/producto\/aspirador-escoba-sin-cable-2-en-1-29-6v-kuken\/#primaryimage"},"image":{"@id":"https:\/\/kuken.alfadyser.dev\/producto\/aspirador-escoba-sin-cable-2-en-1-29-6v-kuken\/#primaryimage"},"thumbnailUrl":"https:\/\/kuken.alfadyser.dev\/wp-content\/uploads\/2020\/03\/ASPIRADOR-ESCOBA-2-EN-1-29.6V-KUKEN.jpg","datePublished":"2020-03-02T09:23:09+00:00","dateModified":"2025-07-23T08:56:34+00:00","description":"Nuevo y exclusivo aspirador escoba 2en1 sin cable k\u00fcken Premium. Limpia cualquier superficie mejor y de manera m\u00e1s r\u00e1pida y f\u00e1cil, desc\u00fabrela ahora.","breadcrumb":{"@id":"https:\/\/kuken.alfadyser.dev\/producto\/aspirador-escoba-sin-cable-2-en-1-29-6v-kuken\/#breadcrumb"},"inLanguage":"fr-FR","potentialAction":[{"@type":"ReadAction","target":["https:\/\/kuken.alfadyser.dev\/producto\/aspirador-escoba-sin-cable-2-en-1-29-6v-kuken\/"]}]},{"@type":"ImageObject","inLanguage":"fr-FR","@id":"https:\/\/kuken.alfadyser.dev\/producto\/aspirador-escoba-sin-cable-2-en-1-29-6v-kuken\/#primaryimage","url":"https:\/\/kuken.alfadyser.dev\/wp-content\/uploads\/2020\/03\/ASPIRADOR-ESCOBA-2-EN-1-29.6V-KUKEN.jpg","contentUrl":"https:\/\/kuken.alfadyser.dev\/wp-content\/uploads\/2020\/03\/ASPIRADOR-ESCOBA-2-EN-1-29.6V-KUKEN.jpg","width":853,"height":853,"caption":"Aspirador escoba sin cable k\u00fcken 2 en 1"},{"@type":"BreadcrumbList","@id":"https:\/\/kuken.alfadyser.dev\/producto\/aspirador-escoba-sin-cable-2-en-1-29-6v-kuken\/#breadcrumb","itemListElement":[{"@type":"ListItem","position":1,"name":"Portada","item":"https:\/\/kuken.alfadyser.dev\/"},{"@type":"ListItem","position":2,"name":"Productos","item":"https:\/\/kuken.alfadyser.dev\/productos\/"},{"@type":"ListItem","position":3,"name":"ASPIRADOR ESCOBA SIN CABLE 2 EN 1 29.6V K\u00dcKEN"}]},{"@type":"WebSite","@id":"https:\/\/kuken.alfadyser.dev\/#website","url":"https:\/\/kuken.alfadyser.dev\/","name":"K\u00fcken","description":"Large gamme de petits appareils m\u00e9nagers k\u00fcken","publisher":{"@id":"https:\/\/kuken.alfadyser.dev\/#organization"},"potentialAction":[{"@type":"SearchAction","target":{"@type":"EntryPoint","urlTemplate":"https:\/\/kuken.alfadyser.dev\/?s={search_term_string}"},"query-input":{"@type":"PropertyValueSpecification","valueRequired":true,"valueName":"search_term_string"}}],"inLanguage":"fr-FR"},{"@type":"Organization","@id":"https:\/\/kuken.alfadyser.dev\/#organization","name":"Alpha Dyser","url":"https:\/\/kuken.alfadyser.dev\/","logo":{"@type":"ImageObject","inLanguage":"fr-FR","@id":"https:\/\/kuken.alfadyser.dev\/#\/schema\/logo\/image\/","url":"https:\/\/kuken.alfadyser.dev\/wp-content\/uploads\/2019\/04\/kuken-logo.png","contentUrl":"https:\/\/kuken.alfadyser.dev\/wp-content\/uploads\/2019\/04\/kuken-logo.png","width":500,"height":191,"caption":"Alfa Dyser"},"image":{"@id":"https:\/\/kuken.alfadyser.dev\/#\/schema\/logo\/image\/"},"sameAs":["https:\/\/es-es.facebook.com\/alfadyser\/","https:\/\/www.instagram.com\/kuken_appliances\/"]}]},"product_price_currency":"EUR","og_availability":"instock","product_availability":"instock","product_retailer_item_id":"33861","product_condition":"new"},"_links":{"self":[{"href":"https:\/\/kuken.alfadyser.dev\/fr\/wp-json\/wp\/v2\/product\/3430","targetHints":{"allow":["GET"]}}],"collection":[{"href":"https:\/\/kuken.alfadyser.dev\/fr\/wp-json\/wp\/v2\/product"}],"about":[{"href":"https:\/\/kuken.alfadyser.dev\/fr\/wp-json\/wp\/v2\/types\/product"}],"wp:featuredmedia":[{"embeddable":true,"href":"https:\/\/kuken.alfadyser.dev\/fr\/wp-json\/wp\/v2\/media\/3431"}],"wp:attachment":[{"href":"https:\/\/kuken.alfadyser.dev\/fr\/wp-json\/wp\/v2\/media?parent=3430"}],"wp:term":[{"taxonomy":"product_brand","embeddable":true,"href":"https:\/\/kuken.alfadyser.dev\/fr\/wp-json\/wp\/v2\/product_brand?post=3430"},{"taxonomy":"product_cat","embeddable":true,"href":"https:\/\/kuken.alfadyser.dev\/fr\/wp-json\/wp\/v2\/product_cat?post=3430"},{"taxonomy":"product_tag","embeddable":true,"href":"https:\/\/kuken.alfadyser.dev\/fr\/wp-json\/wp\/v2\/product_tag?post=3430"}],"curies":[{"name":"wp","href":"https:\/\/api.w.org\/{rel}","templated":true}]}}