{"id":3175,"date":"2020-03-02T09:56:43","date_gmt":"2020-03-02T08:56:43","guid":{"rendered":"https:\/\/kuken.alfadyser.dev\/producto\/hervidor-agua-electrico-blanco-2200w-1-7l-kuken-2\/"},"modified":"2025-07-23T11:38:37","modified_gmt":"2025-07-23T09:38:37","slug":"hervidor-agua-electrico-blanco-2200w-1-7l-kuken-2","status":"publish","type":"product","link":"https:\/\/kuken.alfadyser.dev\/fr\/produit\/hervidor-agua-electrico-blanco-2200w-1-7l-kuken-2\/","title":{"rendered":"BOUILLOIRE \u00c9LECTRIQUE BLANCHE 2200W 1.7L K\u00dcKEN"},"content":{"rendered":"<p>BOUILLOIRE \u00c9LECTRIQUE BLANCHE 2200W 1.7L K\u00dcKEN<\/p>\n<ul data-start=\"736\" data-end=\"1435\">\n<li data-start=\"736\" data-end=\"810\">\n<p data-start=\"738\" data-end=\"810\">Dise\u00f1o moderno en pl\u00e1stico blanco, resistente y de f\u00e1cil limpieza.<\/p>\n<\/li>\n<li data-start=\"811\" data-end=\"877\">\n<p data-start=\"813\" data-end=\"877\">Capacidad de 1,7 litros, ideal para uso diario o familiar.<\/p>\n<\/li>\n<li data-start=\"878\" data-end=\"934\">\n<p data-start=\"880\" data-end=\"934\">Apto para calentar agua y leche de forma segura.<\/p>\n<\/li>\n<li data-start=\"935\" data-end=\"996\">\n<p data-start=\"937\" data-end=\"996\">Asa ergon\u00f3mica, proporciona un manejo c\u00f3modo y firme.<\/p>\n<\/li>\n<li data-start=\"997\" data-end=\"1069\">\n<p data-start=\"999\" data-end=\"1069\">Apagado autom\u00e1tico seg\u00fan temperatura: 70\u00b0C \/ 100\u00b0C \/ m\u00e1ximo.<\/p>\n<\/li>\n<li data-start=\"1070\" data-end=\"1144\">\n<p data-start=\"1072\" data-end=\"1144\">Bot\u00f3n de encendido con luz LED azul, indica funcionamiento activo.<\/p>\n<\/li>\n<li data-start=\"1145\" data-end=\"1230\">\n<p data-start=\"1147\" data-end=\"1230\">Tapa con pulsador de apertura y filtro incorporado, pr\u00e1ctico y funcional.<\/p>\n<\/li>\n<li data-start=\"1231\" data-end=\"1293\">\n<p data-start=\"1233\" data-end=\"1293\">Jarra independiente, permite servir sin restricciones.<\/p>\n<\/li>\n<li data-start=\"1294\" data-end=\"1383\">\n<p data-start=\"1296\" data-end=\"1383\">Base con recogecables y patas de goma antideslizantes para mayor estabilidad.<\/p>\n<\/li>\n<li data-start=\"1384\" data-end=\"1435\">\n<p data-start=\"1386\" data-end=\"1435\">Potencia de 2200W, calienta en pocos minutos.<\/p>\n<\/li>\n<\/ul>\n<p><div class=\"accordion\"><div class=\"mfn-acc accordion_wrapper  toggle\"><div class=\"question\"><div class=\"title\"><i class=\"icon-plus acc-icon-plus\" aria-hidden=\"true\"><\/i><i class=\"icon-minus acc-icon-minus\" aria-hidden=\"true\"><\/i>Donn\u00e9es du produit<\/div><div class=\"answer\">EAN 8425160336561<\/p>\n<p>BOUILLOIRE \u00c9LECTRIQUE BLANCHE 2200W 1.7L K\u00dcKEN<\/p>\n<p>Unit\u00e9 d'emballage 1<br \/>\nCouleur Blanc<br \/>\nEmballage Couleur de la bo\u00eete<br \/>\nPotencia\u00a02200 W<br \/>\nTension 230 V<br \/>\nCapacidad 1,7 Litros<br \/>\nTaille moyenne<br \/>\nMati\u00e8re plastique<br \/>\nLumi\u00e8re LED Oui<br \/>\nPieds antid\u00e9rapants Oui<br \/>\nPeso 0,70 kg<\/div><\/div>\n<\/div><\/div>\n<br \/>\n<div class=\"accordion\"><div class=\"mfn-acc accordion_wrapper  toggle\"><div class=\"question\"><div class=\"title\"><i class=\"icon-plus acc-icon-plus\" aria-hidden=\"true\"><\/i><i class=\"icon-minus acc-icon-minus\" aria-hidden=\"true\"><\/i>Accessoires<\/div><div class=\"answer\"><\/div><\/div>\n<\/div><\/div>\n<\/p>\n<div class=\"descargas-producto\"><a href=\"\/wp-content\/uploads\/pdf\/8425160336561_ficha_tecnica.pdf\" target=\"_blank\" rel=\"noopener noreferrer\"><br \/>\n<img loading=\"lazy\" decoding=\"async\" src=\"\/wp-content\/uploads\/2019\/12\/picto-descarrega.png\" alt=\"t\u00e9l\u00e9charger la fiche technique\" width=\"23\" height=\"16\" \/>T\u00e9l\u00e9charger la fiche<\/a><br \/>\n<a href=\"\/wp-content\/uploads\/pdf\/33656.pdf\"><img loading=\"lazy\" decoding=\"async\" class=\"alignnone\" src=\"\/wp-content\/uploads\/2019\/12\/picto-descarrega.png\" alt=\"t\u00e9l\u00e9charger le manuel d&#039;instructions\" width=\"23\" height=\"16\" \/>T\u00e9l\u00e9charger le manuel<\/a><\/div>\n<div><\/div>\n<div><span style=\"color: #bf2121\">Suivez-nous sur les m\u00e9dias sociaux !<\/span><\/div>\n<div><a href=\"https:\/\/www.instagram.com\/kuken_appliances\/\">https:\/\/www.instagram.com\/kuken_appliances\/<\/a><\/div>\n<p><iframe loading=\"lazy\" title=\"Hervidor agua el\u00e9ctrico blanco 2200w 1.7l k\u00fcken\" width=\"560\" height=\"315\" src=\"https:\/\/www.youtube.com\/embed\/eQL8nu6_pnc?feature=oembed\" frameborder=\"0\" allow=\"accelerometer; autoplay; clipboard-write; encrypted-media; gyroscope; picture-in-picture; web-share\" referrerpolicy=\"strict-origin-when-cross-origin\" allowfullscreen><\/iframe><\/p>","protected":false},"excerpt":{"rendered":"<p data-start=\"453\" data-end=\"589\">Hervidor de alta capacidad con dise\u00f1o ergon\u00f3mico y apagado autom\u00e1tico. Ideal para calentar agua o leche con total seguridad y comodidad.<\/p>\n<p data-start=\"591\" data-end=\"662\">","protected":false},"featured_media":6305,"template":"","meta":[],"product_brand":[],"product_cat":[202],"product_tag":[],"class_list":{"0":"post-3175","1":"product","2":"type-product","3":"status-publish","4":"has-post-thumbnail","6":"product_cat-hervidores","8":"first","9":"instock","10":"product-type-simple"},"yoast_head":"<!-- This site is optimized with the Yoast SEO Premium plugin v24.0 (Yoast SEO v26.5) - https:\/\/yoast.com\/wordpress\/plugins\/seo\/ -->\n<title>HERVIDOR AGUA EL\u00c9CTRICO BLANCO 2200W 1.7L K\u00dcKEN - K\u00fcken<\/title>\n<meta name=\"description\" content=\"Nuevo y exclusivo hervidor de agua k\u00fcken. Prepara infusiones o calienta agua para cocinar de manera m\u00e1s r\u00e1pida y f\u00e1cil, desc\u00fabrelo ahora.\" \/>\n<meta name=\"robots\" content=\"noindex, follow, max-snippet:-1, max-image-preview:large, max-video-preview:-1\" \/>\n<meta property=\"og:locale\" content=\"fr_FR\" \/>\n<meta property=\"og:type\" content=\"article\" \/>\n<meta property=\"og:title\" content=\"HERVIDOR AGUA EL\u00c9CTRICO BLANCO 2200W 1.7L K\u00dcKEN\" \/>\n<meta property=\"og:description\" content=\"Nuevo y exclusivo hervidor de agua k\u00fcken. Prepara infusiones o calienta agua para cocinar de manera m\u00e1s r\u00e1pida y f\u00e1cil, desc\u00fabrelo ahora.\" \/>\n<meta property=\"og:url\" content=\"https:\/\/kuken.alfadyser.dev\/fr\/produit\/hervidor-agua-electrico-blanco-2200w-1-7l-kuken-2\/\" \/>\n<meta property=\"og:site_name\" content=\"K\u00fcken\" \/>\n<meta property=\"article:publisher\" content=\"https:\/\/es-es.facebook.com\/alfadyser\/\" \/>\n<meta property=\"article:modified_time\" content=\"2025-07-23T09:38:37+00:00\" \/>\n<meta property=\"og:image\" content=\"https:\/\/kuken.alfadyser.dev\/wp-content\/uploads\/productos\/33656_1.jpg\" \/>\n\t<meta property=\"og:image:width\" content=\"2000\" \/>\n\t<meta property=\"og:image:height\" content=\"2000\" \/>\n\t<meta property=\"og:image:type\" content=\"image\/jpeg\" \/>\n<meta name=\"twitter:card\" content=\"summary_large_image\" \/>\n<meta name=\"twitter:label1\" content=\"Prix\" \/>\n\t<meta name=\"twitter:data1\" content=\"\" \/>\n\t<meta name=\"twitter:label2\" content=\"Disponibilit\u00e9\" \/>\n\t<meta name=\"twitter:data2\" content=\"En stock\" \/>\n<script type=\"application\/ld+json\" class=\"yoast-schema-graph\">{\"@context\":\"https:\/\/schema.org\",\"@graph\":[{\"@type\":\"WebPage\",\"@id\":\"https:\/\/kuken.alfadyser.dev\/producto\/hervidor-agua-electrico-blanco-2200w-1-7l-kuken-2\/\",\"url\":\"https:\/\/kuken.alfadyser.dev\/producto\/hervidor-agua-electrico-blanco-2200w-1-7l-kuken-2\/\",\"name\":\"HERVIDOR AGUA EL\u00c9CTRICO BLANCO 2200W 1.7L K\u00dcKEN - K\u00fcken\",\"isPartOf\":{\"@id\":\"https:\/\/kuken.alfadyser.dev\/#website\"},\"primaryImageOfPage\":{\"@id\":\"https:\/\/kuken.alfadyser.dev\/producto\/hervidor-agua-electrico-blanco-2200w-1-7l-kuken-2\/#primaryimage\"},\"image\":{\"@id\":\"https:\/\/kuken.alfadyser.dev\/producto\/hervidor-agua-electrico-blanco-2200w-1-7l-kuken-2\/#primaryimage\"},\"thumbnailUrl\":\"https:\/\/kuken.alfadyser.dev\/wp-content\/uploads\/productos\/33656_1.jpg\",\"datePublished\":\"2020-03-02T08:56:43+00:00\",\"dateModified\":\"2025-07-23T09:38:37+00:00\",\"description\":\"Nuevo y exclusivo hervidor de agua k\u00fcken. Prepara infusiones o calienta agua para cocinar de manera m\u00e1s r\u00e1pida y f\u00e1cil, desc\u00fabrelo ahora.\",\"breadcrumb\":{\"@id\":\"https:\/\/kuken.alfadyser.dev\/producto\/hervidor-agua-electrico-blanco-2200w-1-7l-kuken-2\/#breadcrumb\"},\"inLanguage\":\"fr-FR\",\"potentialAction\":[{\"@type\":\"ReadAction\",\"target\":[\"https:\/\/kuken.alfadyser.dev\/producto\/hervidor-agua-electrico-blanco-2200w-1-7l-kuken-2\/\"]}]},{\"@type\":\"ImageObject\",\"inLanguage\":\"fr-FR\",\"@id\":\"https:\/\/kuken.alfadyser.dev\/producto\/hervidor-agua-electrico-blanco-2200w-1-7l-kuken-2\/#primaryimage\",\"url\":\"https:\/\/kuken.alfadyser.dev\/wp-content\/uploads\/productos\/33656_1.jpg\",\"contentUrl\":\"https:\/\/kuken.alfadyser.dev\/wp-content\/uploads\/productos\/33656_1.jpg\",\"width\":2000,\"height\":2000,\"caption\":\"Hervidor de agua el\u00e9ctrico k\u00fcken\"},{\"@type\":\"BreadcrumbList\",\"@id\":\"https:\/\/kuken.alfadyser.dev\/producto\/hervidor-agua-electrico-blanco-2200w-1-7l-kuken-2\/#breadcrumb\",\"itemListElement\":[{\"@type\":\"ListItem\",\"position\":1,\"name\":\"Portada\",\"item\":\"https:\/\/kuken.alfadyser.dev\/\"},{\"@type\":\"ListItem\",\"position\":2,\"name\":\"Productos\",\"item\":\"https:\/\/kuken.alfadyser.dev\/productos\/\"},{\"@type\":\"ListItem\",\"position\":3,\"name\":\"HERVIDOR AGUA EL\u00c9CTRICO BLANCO 2200W 1.7L K\u00dcKEN\"}]},{\"@type\":\"WebSite\",\"@id\":\"https:\/\/kuken.alfadyser.dev\/#website\",\"url\":\"https:\/\/kuken.alfadyser.dev\/\",\"name\":\"K\u00fcken\",\"description\":\"Amplia gama de peque\u00f1o electrodom\u00e9stico k\u00fcken\",\"publisher\":{\"@id\":\"https:\/\/kuken.alfadyser.dev\/#organization\"},\"potentialAction\":[{\"@type\":\"SearchAction\",\"target\":{\"@type\":\"EntryPoint\",\"urlTemplate\":\"https:\/\/kuken.alfadyser.dev\/?s={search_term_string}\"},\"query-input\":{\"@type\":\"PropertyValueSpecification\",\"valueRequired\":true,\"valueName\":\"search_term_string\"}}],\"inLanguage\":\"fr-FR\"},{\"@type\":\"Organization\",\"@id\":\"https:\/\/kuken.alfadyser.dev\/#organization\",\"name\":\"Alfa Dyser\",\"url\":\"https:\/\/kuken.alfadyser.dev\/\",\"logo\":{\"@type\":\"ImageObject\",\"inLanguage\":\"fr-FR\",\"@id\":\"https:\/\/kuken.alfadyser.dev\/#\/schema\/logo\/image\/\",\"url\":\"https:\/\/kuken.alfadyser.dev\/wp-content\/uploads\/2019\/04\/kuken-logo.png\",\"contentUrl\":\"https:\/\/kuken.alfadyser.dev\/wp-content\/uploads\/2019\/04\/kuken-logo.png\",\"width\":500,\"height\":191,\"caption\":\"Alfa Dyser\"},\"image\":{\"@id\":\"https:\/\/kuken.alfadyser.dev\/#\/schema\/logo\/image\/\"},\"sameAs\":[\"https:\/\/es-es.facebook.com\/alfadyser\/\",\"https:\/\/www.instagram.com\/kuken_appliances\/\"]}]}<\/script>\n<meta property=\"product:price:currency\" content=\"EUR\" \/>\n<meta property=\"og:availability\" content=\"instock\" \/>\n<meta property=\"product:availability\" content=\"instock\" \/>\n<meta property=\"product:retailer_item_id\" content=\"33656\" \/>\n<meta property=\"product:condition\" content=\"new\" \/>\n<!-- \/ Yoast SEO Premium plugin. -->","yoast_head_json":{"title":"HERVIDOR AGUA EL\u00c9CTRICO BLANCO 2200W 1.7L K\u00dcKEN - K\u00fcken","description":"Nuevo y exclusivo hervidor de agua k\u00fcken. Prepara infusiones o calienta agua para cocinar de manera m\u00e1s r\u00e1pida y f\u00e1cil, desc\u00fabrelo ahora.","robots":{"index":"noindex","follow":"follow","max-snippet":"max-snippet:-1","max-image-preview":"max-image-preview:large","max-video-preview":"max-video-preview:-1"},"og_locale":"fr_FR","og_type":"article","og_title":"HERVIDOR AGUA EL\u00c9CTRICO BLANCO 2200W 1.7L K\u00dcKEN","og_description":"Nuevo y exclusivo hervidor de agua k\u00fcken. Prepara infusiones o calienta agua para cocinar de manera m\u00e1s r\u00e1pida y f\u00e1cil, desc\u00fabrelo ahora.","og_url":"https:\/\/kuken.alfadyser.dev\/fr\/produit\/hervidor-agua-electrico-blanco-2200w-1-7l-kuken-2\/","og_site_name":"K\u00fcken","article_publisher":"https:\/\/es-es.facebook.com\/alfadyser\/","article_modified_time":"2025-07-23T09:38:37+00:00","og_image":[{"width":2000,"height":2000,"url":"https:\/\/kuken.alfadyser.dev\/wp-content\/uploads\/productos\/33656_1.jpg","type":"image\/jpeg"}],"twitter_card":"summary_large_image","twitter_misc":{"Prix":"","Disponibilit\u00e9":"En stock"},"schema":{"@context":"https:\/\/schema.org","@graph":[{"@type":"WebPage","@id":"https:\/\/kuken.alfadyser.dev\/producto\/hervidor-agua-electrico-blanco-2200w-1-7l-kuken-2\/","url":"https:\/\/kuken.alfadyser.dev\/producto\/hervidor-agua-electrico-blanco-2200w-1-7l-kuken-2\/","name":"HERVIDOR AGUA EL\u00c9CTRICO BLANCO 2200W 1.7L K\u00dcKEN - K\u00fcken","isPartOf":{"@id":"https:\/\/kuken.alfadyser.dev\/#website"},"primaryImageOfPage":{"@id":"https:\/\/kuken.alfadyser.dev\/producto\/hervidor-agua-electrico-blanco-2200w-1-7l-kuken-2\/#primaryimage"},"image":{"@id":"https:\/\/kuken.alfadyser.dev\/producto\/hervidor-agua-electrico-blanco-2200w-1-7l-kuken-2\/#primaryimage"},"thumbnailUrl":"https:\/\/kuken.alfadyser.dev\/wp-content\/uploads\/productos\/33656_1.jpg","datePublished":"2020-03-02T08:56:43+00:00","dateModified":"2025-07-23T09:38:37+00:00","description":"Nuevo y exclusivo hervidor de agua k\u00fcken. Prepara infusiones o calienta agua para cocinar de manera m\u00e1s r\u00e1pida y f\u00e1cil, desc\u00fabrelo ahora.","breadcrumb":{"@id":"https:\/\/kuken.alfadyser.dev\/producto\/hervidor-agua-electrico-blanco-2200w-1-7l-kuken-2\/#breadcrumb"},"inLanguage":"fr-FR","potentialAction":[{"@type":"ReadAction","target":["https:\/\/kuken.alfadyser.dev\/producto\/hervidor-agua-electrico-blanco-2200w-1-7l-kuken-2\/"]}]},{"@type":"ImageObject","inLanguage":"fr-FR","@id":"https:\/\/kuken.alfadyser.dev\/producto\/hervidor-agua-electrico-blanco-2200w-1-7l-kuken-2\/#primaryimage","url":"https:\/\/kuken.alfadyser.dev\/wp-content\/uploads\/productos\/33656_1.jpg","contentUrl":"https:\/\/kuken.alfadyser.dev\/wp-content\/uploads\/productos\/33656_1.jpg","width":2000,"height":2000,"caption":"Hervidor de agua el\u00e9ctrico k\u00fcken"},{"@type":"BreadcrumbList","@id":"https:\/\/kuken.alfadyser.dev\/producto\/hervidor-agua-electrico-blanco-2200w-1-7l-kuken-2\/#breadcrumb","itemListElement":[{"@type":"ListItem","position":1,"name":"Portada","item":"https:\/\/kuken.alfadyser.dev\/"},{"@type":"ListItem","position":2,"name":"Productos","item":"https:\/\/kuken.alfadyser.dev\/productos\/"},{"@type":"ListItem","position":3,"name":"HERVIDOR AGUA EL\u00c9CTRICO BLANCO 2200W 1.7L K\u00dcKEN"}]},{"@type":"WebSite","@id":"https:\/\/kuken.alfadyser.dev\/#website","url":"https:\/\/kuken.alfadyser.dev\/","name":"K\u00fcken","description":"Large gamme de petits appareils m\u00e9nagers k\u00fcken","publisher":{"@id":"https:\/\/kuken.alfadyser.dev\/#organization"},"potentialAction":[{"@type":"SearchAction","target":{"@type":"EntryPoint","urlTemplate":"https:\/\/kuken.alfadyser.dev\/?s={search_term_string}"},"query-input":{"@type":"PropertyValueSpecification","valueRequired":true,"valueName":"search_term_string"}}],"inLanguage":"fr-FR"},{"@type":"Organization","@id":"https:\/\/kuken.alfadyser.dev\/#organization","name":"Alpha Dyser","url":"https:\/\/kuken.alfadyser.dev\/","logo":{"@type":"ImageObject","inLanguage":"fr-FR","@id":"https:\/\/kuken.alfadyser.dev\/#\/schema\/logo\/image\/","url":"https:\/\/kuken.alfadyser.dev\/wp-content\/uploads\/2019\/04\/kuken-logo.png","contentUrl":"https:\/\/kuken.alfadyser.dev\/wp-content\/uploads\/2019\/04\/kuken-logo.png","width":500,"height":191,"caption":"Alfa Dyser"},"image":{"@id":"https:\/\/kuken.alfadyser.dev\/#\/schema\/logo\/image\/"},"sameAs":["https:\/\/es-es.facebook.com\/alfadyser\/","https:\/\/www.instagram.com\/kuken_appliances\/"]}]},"product_price_currency":"EUR","og_availability":"instock","product_availability":"instock","product_retailer_item_id":"33656","product_condition":"new"},"_links":{"self":[{"href":"https:\/\/kuken.alfadyser.dev\/fr\/wp-json\/wp\/v2\/product\/3175","targetHints":{"allow":["GET"]}}],"collection":[{"href":"https:\/\/kuken.alfadyser.dev\/fr\/wp-json\/wp\/v2\/product"}],"about":[{"href":"https:\/\/kuken.alfadyser.dev\/fr\/wp-json\/wp\/v2\/types\/product"}],"wp:featuredmedia":[{"embeddable":true,"href":"https:\/\/kuken.alfadyser.dev\/fr\/wp-json\/wp\/v2\/media\/6305"}],"wp:attachment":[{"href":"https:\/\/kuken.alfadyser.dev\/fr\/wp-json\/wp\/v2\/media?parent=3175"}],"wp:term":[{"taxonomy":"product_brand","embeddable":true,"href":"https:\/\/kuken.alfadyser.dev\/fr\/wp-json\/wp\/v2\/product_brand?post=3175"},{"taxonomy":"product_cat","embeddable":true,"href":"https:\/\/kuken.alfadyser.dev\/fr\/wp-json\/wp\/v2\/product_cat?post=3175"},{"taxonomy":"product_tag","embeddable":true,"href":"https:\/\/kuken.alfadyser.dev\/fr\/wp-json\/wp\/v2\/product_tag?post=3175"}],"curies":[{"name":"wp","href":"https:\/\/api.w.org\/{rel}","templated":true}]}}