{"id":11371,"date":"2024-09-26T12:28:45","date_gmt":"2024-09-26T10:28:45","guid":{"rendered":"https:\/\/kuken.alfadyser.dev\/?post_type=product&#038;p=11371"},"modified":"2025-07-22T07:57:57","modified_gmt":"2025-07-22T05:57:57","slug":"batterie-tondeuse-barbe-13-niveaux-kuken","status":"publish","type":"product","link":"https:\/\/kuken.alfadyser.dev\/fr\/produit\/batterie-tondeuse-barbe-13-niveaux-kuken\/","title":{"rendered":"TONDEUSE \u00c0 BARBE\/CHEVEUX KUKEN \u00c0 13 NIVEAUX DE BATTERIE"},"content":{"rendered":"<p>TONDEUSE \u00c0 BARBE\/CHEVEUX KUKEN \u00c0 13 NIVEAUX DE BATTERIE<\/p>\n<p class=\"\" data-start=\"739\" data-end=\"821\">\u2022 Cuchillas de acero inoxidable, afiladas y precisas para un corte uniforme.<\/p>\n<p class=\"\" data-start=\"823\" data-end=\"900\">\u2022 Bater\u00eda recargable de 1200\u202fmAh, ofrece una gran autonom\u00eda sin cables.<\/p>\n<p class=\"\" data-start=\"902\" data-end=\"967\">\u2022 Carga completa en 90 minutos con conexi\u00f3n USB tipo-C.<\/p>\n<p class=\"\" data-start=\"969\" data-end=\"1044\">\u2022 Autonom\u00eda de hasta 120 minutos, ideal para varios usos sin recarga.<\/p>\n<p class=\"\" data-start=\"1046\" data-end=\"1118\">\u2022 Motor de 6800\u202fRPM, potente y silencioso para un corte eficiente.<\/p>\n<p class=\"\" data-start=\"1120\" data-end=\"1202\">\u2022 13 niveles de corte codificados por color, para resultados personalizados.<\/p>\n<p class=\"\" data-start=\"1204\" data-end=\"1280\">\u2022 Incluye peines de peluquero y de degradado, para mayor versatilidad.<\/p>\n<p class=\"\" data-start=\"1282\" data-end=\"1346\">\u2022 Pantalla LED con indicador de carga, moderna y pr\u00e1ctica.<\/p>\n<p class=\"\" data-start=\"1348\" data-end=\"1428\">\u2022 Accesorios: tijeras, peine, cepillo, cable USB, bolsa y capa protectora.<\/p>\n<p class=\"\" data-start=\"1430\" data-end=\"1492\">\u2022 Recomendado para el cuidado de cabeza, barba y cuerpo.<\/p>\n<p><div class=\"accordion\"><div class=\"mfn-acc accordion_wrapper  toggle\"><div class=\"question\"><div class=\"title\"><i class=\"icon-plus acc-icon-plus\" aria-hidden=\"true\"><\/i><i class=\"icon-minus acc-icon-minus\" aria-hidden=\"true\"><\/i>Donn\u00e9es du produit<\/div><div class=\"answer\">EAN:8425160344573<\/p>\n<p>TONDEUSE \u00c0 BARBE\/CHEVEUX KUKEN \u00c0 13 NIVEAUX DE BATTERIE<\/p>\n<p>Unit\u00e9s : 1<br \/>\nCouleur : noir\/orange<br \/>\nEmballage : Bo\u00eete de couleur<br \/>\nPuissance : 5W<br \/>\nTension : 230V<br \/>\nMat\u00e9riau : PC<br \/>\nRechargeable : Oui<br \/>\nACCESSOIRES : .<\/div><\/div>\n<\/div><\/div>\n<br \/>\n<div class=\"accordion\"><div class=\"mfn-acc accordion_wrapper  toggle\"><div class=\"question\"><div class=\"title\"><i class=\"icon-plus acc-icon-plus\" aria-hidden=\"true\"><\/i><i class=\"icon-minus acc-icon-minus\" aria-hidden=\"true\"><\/i>Accessoires<\/div><div class=\"answer\">Brosse + lubrifiant.<\/div><\/div>\n<\/div><\/div>\n<\/p>\n<div class=\"descargas-producto\"><img loading=\"lazy\" decoding=\"async\" src=\"\/wp-content\/uploads\/2019\/12\/picto-descarrega.png\" alt=\"t\u00e9l\u00e9charger la fiche technique\" width=\"23\" height=\"16\" \/><a href=\"https:\/\/kuken.alfadyser.dev\/wp-content\/uploads\/8425160344573_ficha_tecnica.pdf\">T\u00e9l\u00e9charger la fiche<\/a><br \/>\n<img loading=\"lazy\" decoding=\"async\" src=\"\/wp-content\/uploads\/2019\/12\/picto-descarrega.png\" alt=\"t\u00e9l\u00e9charger le manuel d&#039;instructions\" width=\"23\" height=\"16\" \/><a href=\"http:\/\/34457_instrucciones_compressed\">T\u00e9l\u00e9charger le manuel<\/a><\/div>\n<div><\/div>\n<div>\n<div><span style=\"color: #bf2121\">Suivez-nous sur les m\u00e9dias sociaux !<\/span><\/div>\n<div><a href=\"https:\/\/www.instagram.com\/kuken_appliances\/\">https:\/\/www.instagram.com\/kuken_appliances<\/a><\/div>\n<\/div>","protected":false},"excerpt":{"rendered":"<p class=\"\" data-start=\"511\" data-end=\"668\">Cr\u00e9ez votre style avec pr\u00e9cision et libert\u00e9. Avec une batterie longue dur\u00e9e, des niveaux cod\u00e9s par couleur et des accessoires complets, il est parfait pour la t\u00eate, la barbe et le corps.<\/p>","protected":false},"featured_media":11719,"template":"","meta":[],"product_brand":[],"product_cat":[215],"product_tag":[],"class_list":{"0":"post-11371","1":"product","2":"type-product","3":"status-publish","4":"has-post-thumbnail","6":"product_cat-cortapelos","8":"first","9":"instock","10":"shipping-taxable","11":"product-type-simple"},"yoast_head":"<!-- This site is optimized with the Yoast SEO Premium plugin v24.0 (Yoast SEO v26.5) - https:\/\/yoast.com\/wordpress\/plugins\/seo\/ -->\n<title>CORTAPELO\/BARBA BATERIA 13 NIVELES KUKEN - K\u00fcken<\/title>\n<meta name=\"description\" content=\"Cortapelo\/barba bater\u00eda 13 niveles K\u00dcKEN, con motor potente, cuchillas de precisi\u00f3n, autonom\u00eda de 120\u202fmin y accesorios completos. Ideal para todo el cuerpo.\" \/>\n<meta name=\"robots\" content=\"noindex, follow, max-snippet:-1, max-image-preview:large, max-video-preview:-1\" \/>\n<meta property=\"og:locale\" content=\"fr_FR\" \/>\n<meta property=\"og:type\" content=\"article\" \/>\n<meta property=\"og:title\" content=\"CORTAPELO\/BARBA BATERIA 13 NIVELES KUKEN\" \/>\n<meta property=\"og:description\" content=\"Cortapelo\/barba bater\u00eda 13 niveles K\u00dcKEN, con motor potente, cuchillas de precisi\u00f3n, autonom\u00eda de 120\u202fmin y accesorios completos. Ideal para todo el cuerpo.\" \/>\n<meta property=\"og:url\" content=\"https:\/\/kuken.alfadyser.dev\/fr\/produit\/batterie-tondeuse-barbe-13-niveaux-kuken\/\" \/>\n<meta property=\"og:site_name\" content=\"K\u00fcken\" \/>\n<meta property=\"article:publisher\" content=\"https:\/\/es-es.facebook.com\/alfadyser\/\" \/>\n<meta property=\"article:modified_time\" content=\"2025-07-22T05:57:57+00:00\" \/>\n<meta property=\"og:image\" content=\"https:\/\/kuken.alfadyser.dev\/wp-content\/uploads\/8425160344573_01.jpg\" \/>\n\t<meta property=\"og:image:width\" content=\"2000\" \/>\n\t<meta property=\"og:image:height\" content=\"2000\" \/>\n\t<meta property=\"og:image:type\" content=\"image\/jpeg\" \/>\n<meta name=\"twitter:card\" content=\"summary_large_image\" \/>\n<meta name=\"twitter:label1\" content=\"Prix\" \/>\n\t<meta name=\"twitter:data1\" content=\"\" \/>\n\t<meta name=\"twitter:label2\" content=\"Disponibilit\u00e9\" \/>\n\t<meta name=\"twitter:data2\" content=\"En stock\" \/>\n<script type=\"application\/ld+json\" class=\"yoast-schema-graph\">{\"@context\":\"https:\/\/schema.org\",\"@graph\":[{\"@type\":\"WebPage\",\"@id\":\"https:\/\/kuken.alfadyser.dev\/producto\/cortapelo-barba-bateria-13-niveles-kuken\/\",\"url\":\"https:\/\/kuken.alfadyser.dev\/producto\/cortapelo-barba-bateria-13-niveles-kuken\/\",\"name\":\"CORTAPELO\/BARBA BATERIA 13 NIVELES KUKEN - K\u00fcken\",\"isPartOf\":{\"@id\":\"https:\/\/kuken.alfadyser.dev\/#website\"},\"primaryImageOfPage\":{\"@id\":\"https:\/\/kuken.alfadyser.dev\/producto\/cortapelo-barba-bateria-13-niveles-kuken\/#primaryimage\"},\"image\":{\"@id\":\"https:\/\/kuken.alfadyser.dev\/producto\/cortapelo-barba-bateria-13-niveles-kuken\/#primaryimage\"},\"thumbnailUrl\":\"https:\/\/kuken.alfadyser.dev\/wp-content\/uploads\/8425160344573_01.jpg\",\"datePublished\":\"2024-09-26T10:28:45+00:00\",\"dateModified\":\"2025-07-22T05:57:57+00:00\",\"description\":\"Cortapelo\/barba bater\u00eda 13 niveles K\u00dcKEN, con motor potente, cuchillas de precisi\u00f3n, autonom\u00eda de 120\u202fmin y accesorios completos. Ideal para todo el cuerpo.\",\"breadcrumb\":{\"@id\":\"https:\/\/kuken.alfadyser.dev\/producto\/cortapelo-barba-bateria-13-niveles-kuken\/#breadcrumb\"},\"inLanguage\":\"fr-FR\",\"potentialAction\":[{\"@type\":\"ReadAction\",\"target\":[\"https:\/\/kuken.alfadyser.dev\/producto\/cortapelo-barba-bateria-13-niveles-kuken\/\"]}]},{\"@type\":\"ImageObject\",\"inLanguage\":\"fr-FR\",\"@id\":\"https:\/\/kuken.alfadyser.dev\/producto\/cortapelo-barba-bateria-13-niveles-kuken\/#primaryimage\",\"url\":\"https:\/\/kuken.alfadyser.dev\/wp-content\/uploads\/8425160344573_01.jpg\",\"contentUrl\":\"https:\/\/kuken.alfadyser.dev\/wp-content\/uploads\/8425160344573_01.jpg\",\"width\":2000,\"height\":2000,\"caption\":\"Screenshot\"},{\"@type\":\"BreadcrumbList\",\"@id\":\"https:\/\/kuken.alfadyser.dev\/producto\/cortapelo-barba-bateria-13-niveles-kuken\/#breadcrumb\",\"itemListElement\":[{\"@type\":\"ListItem\",\"position\":1,\"name\":\"Portada\",\"item\":\"https:\/\/kuken.alfadyser.dev\/\"},{\"@type\":\"ListItem\",\"position\":2,\"name\":\"Productos\",\"item\":\"https:\/\/kuken.alfadyser.dev\/productos\/\"},{\"@type\":\"ListItem\",\"position\":3,\"name\":\"CORTAPELO\/BARBA BATERIA 13 NIVELES KUKEN\"}]},{\"@type\":\"WebSite\",\"@id\":\"https:\/\/kuken.alfadyser.dev\/#website\",\"url\":\"https:\/\/kuken.alfadyser.dev\/\",\"name\":\"K\u00fcken\",\"description\":\"Amplia gama de peque\u00f1o electrodom\u00e9stico k\u00fcken\",\"publisher\":{\"@id\":\"https:\/\/kuken.alfadyser.dev\/#organization\"},\"potentialAction\":[{\"@type\":\"SearchAction\",\"target\":{\"@type\":\"EntryPoint\",\"urlTemplate\":\"https:\/\/kuken.alfadyser.dev\/?s={search_term_string}\"},\"query-input\":{\"@type\":\"PropertyValueSpecification\",\"valueRequired\":true,\"valueName\":\"search_term_string\"}}],\"inLanguage\":\"fr-FR\"},{\"@type\":\"Organization\",\"@id\":\"https:\/\/kuken.alfadyser.dev\/#organization\",\"name\":\"Alfa Dyser\",\"url\":\"https:\/\/kuken.alfadyser.dev\/\",\"logo\":{\"@type\":\"ImageObject\",\"inLanguage\":\"fr-FR\",\"@id\":\"https:\/\/kuken.alfadyser.dev\/#\/schema\/logo\/image\/\",\"url\":\"https:\/\/kuken.alfadyser.dev\/wp-content\/uploads\/2019\/04\/kuken-logo.png\",\"contentUrl\":\"https:\/\/kuken.alfadyser.dev\/wp-content\/uploads\/2019\/04\/kuken-logo.png\",\"width\":500,\"height\":191,\"caption\":\"Alfa Dyser\"},\"image\":{\"@id\":\"https:\/\/kuken.alfadyser.dev\/#\/schema\/logo\/image\/\"},\"sameAs\":[\"https:\/\/es-es.facebook.com\/alfadyser\/\",\"https:\/\/www.instagram.com\/kuken_appliances\/\"]}]}<\/script>\n<meta property=\"product:price:currency\" content=\"EUR\" \/>\n<meta property=\"og:availability\" content=\"instock\" \/>\n<meta property=\"product:availability\" content=\"instock\" \/>\n<meta property=\"product:retailer_item_id\" content=\"34457\" \/>\n<meta property=\"product:condition\" content=\"new\" \/>\n<!-- \/ Yoast SEO Premium plugin. -->","yoast_head_json":{"title":"TONDEUSE CHEVEUX\/BARBE \u00c0 BATTERIE 13 NIVEAUX KUKEN - K\u00fcken","description":"Tondeuse \u00e0 cheveux\/barbe K\u00dcKEN \u00e0 13 niveaux de batterie, avec moteur puissant, lames de pr\u00e9cision, autonomie de 120 min. et accessoires complets. Id\u00e9ale pour tout le corps.","robots":{"index":"noindex","follow":"follow","max-snippet":"max-snippet:-1","max-image-preview":"max-image-preview:large","max-video-preview":"max-video-preview:-1"},"og_locale":"fr_FR","og_type":"article","og_title":"CORTAPELO\/BARBA BATERIA 13 NIVELES KUKEN","og_description":"Cortapelo\/barba bater\u00eda 13 niveles K\u00dcKEN, con motor potente, cuchillas de precisi\u00f3n, autonom\u00eda de 120\u202fmin y accesorios completos. Ideal para todo el cuerpo.","og_url":"https:\/\/kuken.alfadyser.dev\/fr\/produit\/batterie-tondeuse-barbe-13-niveaux-kuken\/","og_site_name":"K\u00fcken","article_publisher":"https:\/\/es-es.facebook.com\/alfadyser\/","article_modified_time":"2025-07-22T05:57:57+00:00","og_image":[{"width":2000,"height":2000,"url":"https:\/\/kuken.alfadyser.dev\/wp-content\/uploads\/8425160344573_01.jpg","type":"image\/jpeg"}],"twitter_card":"summary_large_image","twitter_misc":{"Prix":"","Disponibilit\u00e9":"En stock"},"schema":{"@context":"https:\/\/schema.org","@graph":[{"@type":"WebPage","@id":"https:\/\/kuken.alfadyser.dev\/producto\/cortapelo-barba-bateria-13-niveles-kuken\/","url":"https:\/\/kuken.alfadyser.dev\/producto\/cortapelo-barba-bateria-13-niveles-kuken\/","name":"TONDEUSE CHEVEUX\/BARBE \u00c0 BATTERIE 13 NIVEAUX KUKEN - K\u00fcken","isPartOf":{"@id":"https:\/\/kuken.alfadyser.dev\/#website"},"primaryImageOfPage":{"@id":"https:\/\/kuken.alfadyser.dev\/producto\/cortapelo-barba-bateria-13-niveles-kuken\/#primaryimage"},"image":{"@id":"https:\/\/kuken.alfadyser.dev\/producto\/cortapelo-barba-bateria-13-niveles-kuken\/#primaryimage"},"thumbnailUrl":"https:\/\/kuken.alfadyser.dev\/wp-content\/uploads\/8425160344573_01.jpg","datePublished":"2024-09-26T10:28:45+00:00","dateModified":"2025-07-22T05:57:57+00:00","description":"Tondeuse \u00e0 cheveux\/barbe K\u00dcKEN \u00e0 13 niveaux de batterie, avec moteur puissant, lames de pr\u00e9cision, autonomie de 120 min. et accessoires complets. Id\u00e9ale pour tout le corps.","breadcrumb":{"@id":"https:\/\/kuken.alfadyser.dev\/producto\/cortapelo-barba-bateria-13-niveles-kuken\/#breadcrumb"},"inLanguage":"fr-FR","potentialAction":[{"@type":"ReadAction","target":["https:\/\/kuken.alfadyser.dev\/producto\/cortapelo-barba-bateria-13-niveles-kuken\/"]}]},{"@type":"ImageObject","inLanguage":"fr-FR","@id":"https:\/\/kuken.alfadyser.dev\/producto\/cortapelo-barba-bateria-13-niveles-kuken\/#primaryimage","url":"https:\/\/kuken.alfadyser.dev\/wp-content\/uploads\/8425160344573_01.jpg","contentUrl":"https:\/\/kuken.alfadyser.dev\/wp-content\/uploads\/8425160344573_01.jpg","width":2000,"height":2000,"caption":"Screenshot"},{"@type":"BreadcrumbList","@id":"https:\/\/kuken.alfadyser.dev\/producto\/cortapelo-barba-bateria-13-niveles-kuken\/#breadcrumb","itemListElement":[{"@type":"ListItem","position":1,"name":"Portada","item":"https:\/\/kuken.alfadyser.dev\/"},{"@type":"ListItem","position":2,"name":"Productos","item":"https:\/\/kuken.alfadyser.dev\/productos\/"},{"@type":"ListItem","position":3,"name":"CORTAPELO\/BARBA BATERIA 13 NIVELES KUKEN"}]},{"@type":"WebSite","@id":"https:\/\/kuken.alfadyser.dev\/#website","url":"https:\/\/kuken.alfadyser.dev\/","name":"K\u00fcken","description":"Large gamme de petits appareils m\u00e9nagers k\u00fcken","publisher":{"@id":"https:\/\/kuken.alfadyser.dev\/#organization"},"potentialAction":[{"@type":"SearchAction","target":{"@type":"EntryPoint","urlTemplate":"https:\/\/kuken.alfadyser.dev\/?s={search_term_string}"},"query-input":{"@type":"PropertyValueSpecification","valueRequired":true,"valueName":"search_term_string"}}],"inLanguage":"fr-FR"},{"@type":"Organization","@id":"https:\/\/kuken.alfadyser.dev\/#organization","name":"Alpha Dyser","url":"https:\/\/kuken.alfadyser.dev\/","logo":{"@type":"ImageObject","inLanguage":"fr-FR","@id":"https:\/\/kuken.alfadyser.dev\/#\/schema\/logo\/image\/","url":"https:\/\/kuken.alfadyser.dev\/wp-content\/uploads\/2019\/04\/kuken-logo.png","contentUrl":"https:\/\/kuken.alfadyser.dev\/wp-content\/uploads\/2019\/04\/kuken-logo.png","width":500,"height":191,"caption":"Alfa Dyser"},"image":{"@id":"https:\/\/kuken.alfadyser.dev\/#\/schema\/logo\/image\/"},"sameAs":["https:\/\/es-es.facebook.com\/alfadyser\/","https:\/\/www.instagram.com\/kuken_appliances\/"]}]},"product_price_currency":"EUR","og_availability":"instock","product_availability":"instock","product_retailer_item_id":"34457","product_condition":"new"},"_links":{"self":[{"href":"https:\/\/kuken.alfadyser.dev\/fr\/wp-json\/wp\/v2\/product\/11371","targetHints":{"allow":["GET"]}}],"collection":[{"href":"https:\/\/kuken.alfadyser.dev\/fr\/wp-json\/wp\/v2\/product"}],"about":[{"href":"https:\/\/kuken.alfadyser.dev\/fr\/wp-json\/wp\/v2\/types\/product"}],"wp:featuredmedia":[{"embeddable":true,"href":"https:\/\/kuken.alfadyser.dev\/fr\/wp-json\/wp\/v2\/media\/11719"}],"wp:attachment":[{"href":"https:\/\/kuken.alfadyser.dev\/fr\/wp-json\/wp\/v2\/media?parent=11371"}],"wp:term":[{"taxonomy":"product_brand","embeddable":true,"href":"https:\/\/kuken.alfadyser.dev\/fr\/wp-json\/wp\/v2\/product_brand?post=11371"},{"taxonomy":"product_cat","embeddable":true,"href":"https:\/\/kuken.alfadyser.dev\/fr\/wp-json\/wp\/v2\/product_cat?post=11371"},{"taxonomy":"product_tag","embeddable":true,"href":"https:\/\/kuken.alfadyser.dev\/fr\/wp-json\/wp\/v2\/product_tag?post=11371"}],"curies":[{"name":"wp","href":"https:\/\/api.w.org\/{rel}","templated":true}]}}