{"id":11332,"date":"2024-09-16T13:46:55","date_gmt":"2024-09-16T11:46:55","guid":{"rendered":"https:\/\/kuken.alfadyser.dev\/?post_type=product&#038;p=11332"},"modified":"2025-07-22T08:00:40","modified_gmt":"2025-07-22T06:00:40","slug":"friteuse-digitale-sans-huile-6-5-litres-noir","status":"publish","type":"product","link":"https:\/\/kuken.alfadyser.dev\/fr\/produit\/friteuse-digitale-sans-huile-6-5-litres-noir\/","title":{"rendered":"FRITEUSE DIGITALE SANS HUILE 6,5 LITRES NOIR"},"content":{"rendered":"<p>FRITEUSE DIGITALE SANS HUILE 6,5 LITRES NOIR<\/p>\n<p class=\"\" data-start=\"734\" data-end=\"820\">\u2022 Freidora el\u00e9ctrica de aire caliente con pantalla t\u00e1ctil digital intuitiva.<\/p>\n<p class=\"\" data-start=\"822\" data-end=\"900\">\u2022 Doble resistencia, reduce el tiempo de cocinado y mejora el resultado.<\/p>\n<p class=\"\" data-start=\"902\" data-end=\"972\">\u2022 Cocina sin aceite, obteniendo platos m\u00e1s ligeros y saludables.<\/p>\n<p class=\"\" data-start=\"974\" data-end=\"1055\">\u2022 12 programas preinstalados, facilitan la preparaci\u00f3n de recetas variadas.<\/p>\n<p class=\"\" data-start=\"1057\" data-end=\"1136\">\u2022 Temperatura ajustable de 80\u2013200\u202f\u00b0C y temporizador hasta 60 minutos.<\/p>\n<p class=\"\" data-start=\"1138\" data-end=\"1209\">\u2022 Capacidad de 6,5 litros, ideal para familias o comidas grandes.<\/p>\n<p class=\"\" data-start=\"1211\" data-end=\"1283\">\u2022 Cestillo extra\u00edble con interior antiadherente, f\u00e1cil de limpiar.<\/p>\n<p class=\"\" data-start=\"1285\" data-end=\"1364\">\u2022 Incluye rejilla interior, separa los jugos para una cocci\u00f3n m\u00e1s limpia.<\/p>\n<p class=\"\" data-start=\"1366\" data-end=\"1430\">\u2022 Acabado en negro y acero inoxidable, moderno y elegante.<\/p>\n<p class=\"\" data-start=\"1432\" data-end=\"1493\">\u2022 Potencia de 1700W y conexi\u00f3n 220\u2013240V \/ 50\u201360\u202fHz.<\/p>\n<p class=\"\" data-start=\"1495\" data-end=\"1528\">\u2022 Medidas: 42 \u00d7 40 \u00d7 38 cm.<\/p>\n<div class=\"accordion\"><div class=\"mfn-acc accordion_wrapper  toggle\"><br \/>\n<div class=\"question\"><div class=\"title\"><i class=\"icon-plus acc-icon-plus\" aria-hidden=\"true\"><\/i><i class=\"icon-minus acc-icon-minus\" aria-hidden=\"true\"><\/i>Donn\u00e9es du produit<\/div><div class=\"answer\"><\/p>\n<p>&nbsp;<\/p>\n<p>FRITEUSE DIGITALE SANS HUILE 6,5 LITRES NOIR<\/p>\n<p>EAN 8425160351850<br \/>\nUnit\u00e9 d'emballage 1<br \/>\nCouleur Noir<br \/>\nEmballage Bo\u00eete color\u00e9e<br \/>\nPuissance 1700W<br \/>\nTension 230V<br \/>\nCapacit\u00e9 6,5 litres<br \/>\nMat\u00e9riau PC haute r\u00e9sistance<br \/>\nPieds antid\u00e9rapants<\/p>\n<p><\/div><\/div>\n<\/div><\/div>\n\n<div class=\"accordion\"><div class=\"mfn-acc accordion_wrapper  toggle\"><br \/>\n<div class=\"question\"><div class=\"title\"><i class=\"icon-plus acc-icon-plus\" aria-hidden=\"true\"><\/i><i class=\"icon-minus acc-icon-minus\" aria-hidden=\"true\"><\/i>Accessoires<\/div><div class=\"answer\"><br \/>\n<\/div><\/div>\n<br \/>\n<\/div><\/div>\n\n<p><img loading=\"lazy\" decoding=\"async\" src=\"\/wp-content\/uploads\/2019\/12\/picto-descarrega.png\" alt=\"t\u00e9l\u00e9charger la fiche technique\" width=\"23\" height=\"16\" \/><span style=\"color: #ff0000\"><a style=\"color: #ff0000\" href=\"https:\/\/kuken.alfadyser.dev\/wp-content\/uploads\/8425160351850_ficha_tecnica.pdf\">T\u00e9l\u00e9charger la fiche<\/a><\/span><br \/>\n<a href=\"https:\/\/kuken.alfadyser.dev\/wp-content\/uploads\/35185_manual_instrucciones_compressed.pdf\"><img loading=\"lazy\" decoding=\"async\" src=\"\/wp-content\/uploads\/2019\/12\/picto-descarrega.png\" alt=\"t\u00e9l\u00e9charger le manuel d&#039;instructions\" width=\"23\" height=\"16\" \/><span style=\"color: #ff0000\">T\u00e9l\u00e9charger le manuel<\/span><\/a><\/p>\n<div><span style=\"color: #bf2121\">Suivez-nous sur les m\u00e9dias sociaux !<\/span><\/div>\n<div><a href=\"https:\/\/www.instagram.com\/kuken_appliances\/\">https:\/\/www.instagram.com\/kuken_appliances\/<\/a><\/div>\n<div>\n<p><iframe loading=\"lazy\" title=\"FRITEUSE DIGITALE SANS HUILE 6,5L NOIR K\u00dcKEN\" width=\"560\" height=\"315\" src=\"https:\/\/www.youtube.com\/embed\/XgFHuybgrT8?feature=oembed\" frameborder=\"0\" allow=\"accelerometer; autoplay; clipboard-write; encrypted-media; gyroscope; picture-in-picture; web-share\" referrerpolicy=\"strict-origin-when-cross-origin\" allowfullscreen><\/iframe><\/p>\n<p class=\"p1\">\n<\/div>\n<div><\/div>","protected":false},"excerpt":{"rendered":"<p class=\"\" data-start=\"498\" data-end=\"663\">Savourez des repas sains et croustillants. Avec ses commandes tactiles, sa grande capacit\u00e9 et sa cuisson rapide, cette friteuse est id\u00e9ale pour cuisiner sans huile et sans souci.<\/p>","protected":false},"featured_media":11615,"template":"","meta":[],"product_brand":[],"product_cat":[197],"product_tag":[],"class_list":{"0":"post-11332","1":"product","2":"type-product","3":"status-publish","4":"has-post-thumbnail","6":"product_cat-freidoras","8":"first","9":"instock","10":"shipping-taxable","11":"product-type-simple"},"yoast_head":"<!-- This site is optimized with the Yoast SEO Premium plugin v24.0 (Yoast SEO v26.5) - https:\/\/yoast.com\/wordpress\/plugins\/seo\/ -->\n<title>FREIDORA SIN ACEITE DIGITAL 6.5 LITROS NEGRA - K\u00fcken<\/title>\n<meta name=\"description\" content=\"Freidora sin aceite digital 6.5 litros negra K\u00dcKEN, con pantalla t\u00e1ctil, 12 programas, doble resistencia y cesta extra\u00edble antiadherente. Saludable y potente.\" \/>\n<meta name=\"robots\" content=\"noindex, follow, max-snippet:-1, max-image-preview:large, max-video-preview:-1\" \/>\n<meta property=\"og:locale\" content=\"fr_FR\" \/>\n<meta property=\"og:type\" content=\"article\" \/>\n<meta property=\"og:title\" content=\"FREIDORA SIN ACEITE DIGITAL 6.5 LITROS NEGRA\" \/>\n<meta property=\"og:description\" content=\"Freidora sin aceite digital 6.5 litros negra K\u00dcKEN, con pantalla t\u00e1ctil, 12 programas, doble resistencia y cesta extra\u00edble antiadherente. Saludable y potente.\" \/>\n<meta property=\"og:url\" content=\"https:\/\/kuken.alfadyser.dev\/fr\/produit\/friteuse-digitale-sans-huile-6-5-litres-noir\/\" \/>\n<meta property=\"og:site_name\" content=\"K\u00fcken\" \/>\n<meta property=\"article:publisher\" content=\"https:\/\/es-es.facebook.com\/alfadyser\/\" \/>\n<meta property=\"article:modified_time\" content=\"2025-07-22T06:00:40+00:00\" \/>\n<meta property=\"og:image\" content=\"https:\/\/kuken.alfadyser.dev\/wp-content\/uploads\/8425160351854_01.jpg\" \/>\n\t<meta property=\"og:image:width\" content=\"2000\" \/>\n\t<meta property=\"og:image:height\" content=\"2000\" \/>\n\t<meta property=\"og:image:type\" content=\"image\/jpeg\" \/>\n<meta name=\"twitter:card\" content=\"summary_large_image\" \/>\n<meta name=\"twitter:label1\" content=\"Prix\" \/>\n\t<meta name=\"twitter:data1\" content=\"\" \/>\n\t<meta name=\"twitter:label2\" content=\"Disponibilit\u00e9\" \/>\n\t<meta name=\"twitter:data2\" content=\"En stock\" \/>\n<script type=\"application\/ld+json\" class=\"yoast-schema-graph\">{\"@context\":\"https:\/\/schema.org\",\"@graph\":[{\"@type\":\"WebPage\",\"@id\":\"https:\/\/kuken.alfadyser.dev\/producto\/freidora-sin-aceite-digital-6-5-litros-negra\/\",\"url\":\"https:\/\/kuken.alfadyser.dev\/producto\/freidora-sin-aceite-digital-6-5-litros-negra\/\",\"name\":\"FREIDORA SIN ACEITE DIGITAL 6.5 LITROS NEGRA - K\u00fcken\",\"isPartOf\":{\"@id\":\"https:\/\/kuken.alfadyser.dev\/#website\"},\"primaryImageOfPage\":{\"@id\":\"https:\/\/kuken.alfadyser.dev\/producto\/freidora-sin-aceite-digital-6-5-litros-negra\/#primaryimage\"},\"image\":{\"@id\":\"https:\/\/kuken.alfadyser.dev\/producto\/freidora-sin-aceite-digital-6-5-litros-negra\/#primaryimage\"},\"thumbnailUrl\":\"https:\/\/kuken.alfadyser.dev\/wp-content\/uploads\/8425160351854_01.jpg\",\"datePublished\":\"2024-09-16T11:46:55+00:00\",\"dateModified\":\"2025-07-22T06:00:40+00:00\",\"description\":\"Freidora sin aceite digital 6.5 litros negra K\u00dcKEN, con pantalla t\u00e1ctil, 12 programas, doble resistencia y cesta extra\u00edble antiadherente. Saludable y potente.\",\"breadcrumb\":{\"@id\":\"https:\/\/kuken.alfadyser.dev\/producto\/freidora-sin-aceite-digital-6-5-litros-negra\/#breadcrumb\"},\"inLanguage\":\"fr-FR\",\"potentialAction\":[{\"@type\":\"ReadAction\",\"target\":[\"https:\/\/kuken.alfadyser.dev\/producto\/freidora-sin-aceite-digital-6-5-litros-negra\/\"]}]},{\"@type\":\"ImageObject\",\"inLanguage\":\"fr-FR\",\"@id\":\"https:\/\/kuken.alfadyser.dev\/producto\/freidora-sin-aceite-digital-6-5-litros-negra\/#primaryimage\",\"url\":\"https:\/\/kuken.alfadyser.dev\/wp-content\/uploads\/8425160351854_01.jpg\",\"contentUrl\":\"https:\/\/kuken.alfadyser.dev\/wp-content\/uploads\/8425160351854_01.jpg\",\"width\":2000,\"height\":2000},{\"@type\":\"BreadcrumbList\",\"@id\":\"https:\/\/kuken.alfadyser.dev\/producto\/freidora-sin-aceite-digital-6-5-litros-negra\/#breadcrumb\",\"itemListElement\":[{\"@type\":\"ListItem\",\"position\":1,\"name\":\"Portada\",\"item\":\"https:\/\/kuken.alfadyser.dev\/\"},{\"@type\":\"ListItem\",\"position\":2,\"name\":\"Productos\",\"item\":\"https:\/\/kuken.alfadyser.dev\/productos\/\"},{\"@type\":\"ListItem\",\"position\":3,\"name\":\"FREIDORA SIN ACEITE DIGITAL 6.5 LITROS NEGRA\"}]},{\"@type\":\"WebSite\",\"@id\":\"https:\/\/kuken.alfadyser.dev\/#website\",\"url\":\"https:\/\/kuken.alfadyser.dev\/\",\"name\":\"K\u00fcken\",\"description\":\"Amplia gama de peque\u00f1o electrodom\u00e9stico k\u00fcken\",\"publisher\":{\"@id\":\"https:\/\/kuken.alfadyser.dev\/#organization\"},\"potentialAction\":[{\"@type\":\"SearchAction\",\"target\":{\"@type\":\"EntryPoint\",\"urlTemplate\":\"https:\/\/kuken.alfadyser.dev\/?s={search_term_string}\"},\"query-input\":{\"@type\":\"PropertyValueSpecification\",\"valueRequired\":true,\"valueName\":\"search_term_string\"}}],\"inLanguage\":\"fr-FR\"},{\"@type\":\"Organization\",\"@id\":\"https:\/\/kuken.alfadyser.dev\/#organization\",\"name\":\"Alfa Dyser\",\"url\":\"https:\/\/kuken.alfadyser.dev\/\",\"logo\":{\"@type\":\"ImageObject\",\"inLanguage\":\"fr-FR\",\"@id\":\"https:\/\/kuken.alfadyser.dev\/#\/schema\/logo\/image\/\",\"url\":\"https:\/\/kuken.alfadyser.dev\/wp-content\/uploads\/2019\/04\/kuken-logo.png\",\"contentUrl\":\"https:\/\/kuken.alfadyser.dev\/wp-content\/uploads\/2019\/04\/kuken-logo.png\",\"width\":500,\"height\":191,\"caption\":\"Alfa Dyser\"},\"image\":{\"@id\":\"https:\/\/kuken.alfadyser.dev\/#\/schema\/logo\/image\/\"},\"sameAs\":[\"https:\/\/es-es.facebook.com\/alfadyser\/\",\"https:\/\/www.instagram.com\/kuken_appliances\/\"]}]}<\/script>\n<meta property=\"product:price:currency\" content=\"EUR\" \/>\n<meta property=\"og:availability\" content=\"instock\" \/>\n<meta property=\"product:availability\" content=\"instock\" \/>\n<meta property=\"product:retailer_item_id\" content=\"35185\" \/>\n<meta property=\"product:condition\" content=\"new\" \/>\n<!-- \/ Yoast SEO Premium plugin. -->","yoast_head_json":{"title":"FRITEUSE DIGITALE SANS HUILE 6,5 LITRES NOIR - K\u00fcken","description":"K\u00dcKEN noir Friteuse num\u00e9rique sans huile de 6,5 litres avec \u00e9cran tactile, 12 programmes, double \u00e9l\u00e9ment chauffant et panier antiadh\u00e9sif amovible. Saine et puissante.","robots":{"index":"noindex","follow":"follow","max-snippet":"max-snippet:-1","max-image-preview":"max-image-preview:large","max-video-preview":"max-video-preview:-1"},"og_locale":"fr_FR","og_type":"article","og_title":"FREIDORA SIN ACEITE DIGITAL 6.5 LITROS NEGRA","og_description":"Freidora sin aceite digital 6.5 litros negra K\u00dcKEN, con pantalla t\u00e1ctil, 12 programas, doble resistencia y cesta extra\u00edble antiadherente. Saludable y potente.","og_url":"https:\/\/kuken.alfadyser.dev\/fr\/produit\/friteuse-digitale-sans-huile-6-5-litres-noir\/","og_site_name":"K\u00fcken","article_publisher":"https:\/\/es-es.facebook.com\/alfadyser\/","article_modified_time":"2025-07-22T06:00:40+00:00","og_image":[{"width":2000,"height":2000,"url":"https:\/\/kuken.alfadyser.dev\/wp-content\/uploads\/8425160351854_01.jpg","type":"image\/jpeg"}],"twitter_card":"summary_large_image","twitter_misc":{"Prix":"","Disponibilit\u00e9":"En stock"},"schema":{"@context":"https:\/\/schema.org","@graph":[{"@type":"WebPage","@id":"https:\/\/kuken.alfadyser.dev\/producto\/freidora-sin-aceite-digital-6-5-litros-negra\/","url":"https:\/\/kuken.alfadyser.dev\/producto\/freidora-sin-aceite-digital-6-5-litros-negra\/","name":"FRITEUSE DIGITALE SANS HUILE 6,5 LITRES NOIR - K\u00fcken","isPartOf":{"@id":"https:\/\/kuken.alfadyser.dev\/#website"},"primaryImageOfPage":{"@id":"https:\/\/kuken.alfadyser.dev\/producto\/freidora-sin-aceite-digital-6-5-litros-negra\/#primaryimage"},"image":{"@id":"https:\/\/kuken.alfadyser.dev\/producto\/freidora-sin-aceite-digital-6-5-litros-negra\/#primaryimage"},"thumbnailUrl":"https:\/\/kuken.alfadyser.dev\/wp-content\/uploads\/8425160351854_01.jpg","datePublished":"2024-09-16T11:46:55+00:00","dateModified":"2025-07-22T06:00:40+00:00","description":"K\u00dcKEN noir Friteuse num\u00e9rique sans huile de 6,5 litres avec \u00e9cran tactile, 12 programmes, double \u00e9l\u00e9ment chauffant et panier antiadh\u00e9sif amovible. Saine et puissante.","breadcrumb":{"@id":"https:\/\/kuken.alfadyser.dev\/producto\/freidora-sin-aceite-digital-6-5-litros-negra\/#breadcrumb"},"inLanguage":"fr-FR","potentialAction":[{"@type":"ReadAction","target":["https:\/\/kuken.alfadyser.dev\/producto\/freidora-sin-aceite-digital-6-5-litros-negra\/"]}]},{"@type":"ImageObject","inLanguage":"fr-FR","@id":"https:\/\/kuken.alfadyser.dev\/producto\/freidora-sin-aceite-digital-6-5-litros-negra\/#primaryimage","url":"https:\/\/kuken.alfadyser.dev\/wp-content\/uploads\/8425160351854_01.jpg","contentUrl":"https:\/\/kuken.alfadyser.dev\/wp-content\/uploads\/8425160351854_01.jpg","width":2000,"height":2000},{"@type":"BreadcrumbList","@id":"https:\/\/kuken.alfadyser.dev\/producto\/freidora-sin-aceite-digital-6-5-litros-negra\/#breadcrumb","itemListElement":[{"@type":"ListItem","position":1,"name":"Portada","item":"https:\/\/kuken.alfadyser.dev\/"},{"@type":"ListItem","position":2,"name":"Productos","item":"https:\/\/kuken.alfadyser.dev\/productos\/"},{"@type":"ListItem","position":3,"name":"FREIDORA SIN ACEITE DIGITAL 6.5 LITROS NEGRA"}]},{"@type":"WebSite","@id":"https:\/\/kuken.alfadyser.dev\/#website","url":"https:\/\/kuken.alfadyser.dev\/","name":"K\u00fcken","description":"Large gamme de petits appareils m\u00e9nagers k\u00fcken","publisher":{"@id":"https:\/\/kuken.alfadyser.dev\/#organization"},"potentialAction":[{"@type":"SearchAction","target":{"@type":"EntryPoint","urlTemplate":"https:\/\/kuken.alfadyser.dev\/?s={search_term_string}"},"query-input":{"@type":"PropertyValueSpecification","valueRequired":true,"valueName":"search_term_string"}}],"inLanguage":"fr-FR"},{"@type":"Organization","@id":"https:\/\/kuken.alfadyser.dev\/#organization","name":"Alpha Dyser","url":"https:\/\/kuken.alfadyser.dev\/","logo":{"@type":"ImageObject","inLanguage":"fr-FR","@id":"https:\/\/kuken.alfadyser.dev\/#\/schema\/logo\/image\/","url":"https:\/\/kuken.alfadyser.dev\/wp-content\/uploads\/2019\/04\/kuken-logo.png","contentUrl":"https:\/\/kuken.alfadyser.dev\/wp-content\/uploads\/2019\/04\/kuken-logo.png","width":500,"height":191,"caption":"Alfa Dyser"},"image":{"@id":"https:\/\/kuken.alfadyser.dev\/#\/schema\/logo\/image\/"},"sameAs":["https:\/\/es-es.facebook.com\/alfadyser\/","https:\/\/www.instagram.com\/kuken_appliances\/"]}]},"product_price_currency":"EUR","og_availability":"instock","product_availability":"instock","product_retailer_item_id":"35185","product_condition":"new"},"_links":{"self":[{"href":"https:\/\/kuken.alfadyser.dev\/fr\/wp-json\/wp\/v2\/product\/11332","targetHints":{"allow":["GET"]}}],"collection":[{"href":"https:\/\/kuken.alfadyser.dev\/fr\/wp-json\/wp\/v2\/product"}],"about":[{"href":"https:\/\/kuken.alfadyser.dev\/fr\/wp-json\/wp\/v2\/types\/product"}],"wp:featuredmedia":[{"embeddable":true,"href":"https:\/\/kuken.alfadyser.dev\/fr\/wp-json\/wp\/v2\/media\/11615"}],"wp:attachment":[{"href":"https:\/\/kuken.alfadyser.dev\/fr\/wp-json\/wp\/v2\/media?parent=11332"}],"wp:term":[{"taxonomy":"product_brand","embeddable":true,"href":"https:\/\/kuken.alfadyser.dev\/fr\/wp-json\/wp\/v2\/product_brand?post=11332"},{"taxonomy":"product_cat","embeddable":true,"href":"https:\/\/kuken.alfadyser.dev\/fr\/wp-json\/wp\/v2\/product_cat?post=11332"},{"taxonomy":"product_tag","embeddable":true,"href":"https:\/\/kuken.alfadyser.dev\/fr\/wp-json\/wp\/v2\/product_tag?post=11332"}],"curies":[{"name":"wp","href":"https:\/\/api.w.org\/{rel}","templated":true}]}}