{"id":11170,"date":"2024-08-19T13:02:07","date_gmt":"2024-08-19T11:02:07","guid":{"rendered":"https:\/\/kuken.alfadyser.dev\/?post_type=product&#038;p=11170"},"modified":"2025-07-22T08:01:53","modified_gmt":"2025-07-22T06:01:53","slug":"machine-a-cafe-a-capsules-20-bars-1500-kuken","status":"publish","type":"product","link":"https:\/\/kuken.alfadyser.dev\/fr\/produit\/machine-a-cafe-a-capsules-20-bars-1500-kuken\/","title":{"rendered":"MACHINE \u00c0 CAF\u00c9 \u00c0 CAPSULES 20 BARS 1500W KUKEN"},"content":{"rendered":"<p>MACHINE \u00c0 CAF\u00c9 \u00c0 CAPSULES 20 BARS 1500W KUKEN<\/p>\n<p class=\"\" data-start=\"698\" data-end=\"793\">\u2022 Compatible con c\u00e1psulas tipo Nespresso, ideal para disfrutar del caf\u00e9 que m\u00e1s te gusta.<\/p>\n<p class=\"\" data-start=\"795\" data-end=\"877\">\u2022 Potencia de 1500W y presi\u00f3n de 20 bares, extracci\u00f3n perfecta y r\u00e1pida.<\/p>\n<p class=\"\" data-start=\"879\" data-end=\"939\">\u2022 Mecanismo de carga elegante, f\u00e1cil y c\u00f3modo de usar.<\/p>\n<p class=\"\" data-start=\"941\" data-end=\"1020\">\u2022 Funci\u00f3n de memoria para caf\u00e9 corto o largo, personaliza tu experiencia.<\/p>\n<p class=\"\" data-start=\"1022\" data-end=\"1079\">\u2022 Dep\u00f3sito de agua de 800 ml, extra\u00edble y pr\u00e1ctico.<\/p>\n<p class=\"\" data-start=\"1081\" data-end=\"1146\">\u2022 Plataforma movible, se adapta a tazas grandes o peque\u00f1as.<\/p>\n<p class=\"\" data-start=\"1148\" data-end=\"1216\">\u2022 Rejilla recoge gotas, mantiene el \u00e1rea limpia tras cada uso.<\/p>\n<p class=\"\" data-start=\"1218\" data-end=\"1292\">\u2022 Dise\u00f1o blanco y negro con detalles marrones, moderno y distintivo.<\/p>\n<p class=\"\" data-start=\"1294\" data-end=\"1352\">\u2022 Apagado autom\u00e1tico, ahorro energ\u00e9tico garantizado.<\/p>\n<p class=\"\" data-start=\"1354\" data-end=\"1398\">\u2022 F\u00e1cil limpieza, piezas desmontables.<\/p>\n<p class=\"\" data-start=\"1400\" data-end=\"1455\">\u2022 Medidas: 348 \u00d7 100 \u00d7 240 mm \u2013 Peso: 2,9\u202fkg.<\/p>\n<p><div class=\"accordion\"><div class=\"mfn-acc accordion_wrapper  toggle\"><div class=\"question\"><div class=\"title\"><i class=\"icon-plus acc-icon-plus\" aria-hidden=\"true\"><\/i><i class=\"icon-minus acc-icon-minus\" aria-hidden=\"true\"><\/i>Donn\u00e9es du produit<\/div><div class=\"answer\">EAN 8425160343965<\/p>\n<p>MACHINE \u00c0 CAF\u00c9 \u00c0 CAPSULES 20 BARS 1500W KUKEN<\/p>\n<p>Unit\u00e9 d'emballage 1<br \/>\nNoir et blanc<br \/>\nEmballage Bo\u00eete color\u00e9e<br \/>\nPuissance 1500 W<br \/>\nTension 230 V<br \/>\nCapacit\u00e9 du r\u00e9servoir 0,8 Litres<br \/>\nMati\u00e8re plastique<br \/>\nPieds antid\u00e9rapants Oui<br \/>\nPoids 2,9kg<\/div><\/div>\n<\/div><\/div>\n<br \/>\n<div class=\"accordion\"><div class=\"mfn-acc accordion_wrapper  toggle\"><div class=\"question\"><div class=\"title\"><i class=\"icon-plus acc-icon-plus\" aria-hidden=\"true\"><\/i><i class=\"icon-minus acc-icon-minus\" aria-hidden=\"true\"><\/i>Accessoires<\/div><div class=\"answer\"><\/div><\/div>\n<\/div><\/div>\n<\/p>\n<div class=\"descargas-producto\"><a href=\"https:\/\/kuken.alfadyser.dev\/wp-content\/uploads\/8425160343965_ficha_tecnica.pdf\" target=\"_blank\" rel=\"noopener noreferrer\"><br \/>\n<img loading=\"lazy\" decoding=\"async\" src=\"\/wp-content\/uploads\/2019\/12\/picto-descarrega.png\" alt=\"t\u00e9l\u00e9charger la fiche technique\" width=\"23\" height=\"16\" \/>T\u00e9l\u00e9charger la fiche<\/a><br \/>\n<a href=\"https:\/\/kuken.alfadyser.dev\/wp-content\/uploads\/8425160343965_ficha_tecnica.pdf\"><img loading=\"lazy\" decoding=\"async\" src=\"\/wp-content\/uploads\/2019\/12\/picto-descarrega.png\" alt=\"t\u00e9l\u00e9charger le manuel d&#039;instructions\" width=\"23\" height=\"16\" \/>T\u00e9l\u00e9charger le manuel<\/a><\/div>\n<div><\/div>\n<div>D\u00e9couvrez notre gamme compl\u00e8te de machines \u00e0 caf\u00e9 et de moulins \u00e0 caf\u00e9\u00a0<a href=\"https:\/\/www.alfadyser.com\/\">ici<\/a><\/div>\n<div><\/div>\n<div><span style=\"color: #bf2121\">Suivez-nous sur les m\u00e9dias sociaux !<\/span><\/div>\n<div><a href=\"https:\/\/www.instagram.com\/kuken_appliances\/\">https:\/\/www.instagram.com\/kuken_appliances\/<\/a><\/div>\n<p><iframe loading=\"lazy\" title=\"Cafeti\u00e8re \u00e0 capsules 1500W Kuken\" width=\"560\" height=\"315\" src=\"https:\/\/www.youtube.com\/embed\/4NDRVC_rqnY?feature=oembed\" frameborder=\"0\" allow=\"accelerometer; autoplay; clipboard-write; encrypted-media; gyroscope; picture-in-picture; web-share\" referrerpolicy=\"strict-origin-when-cross-origin\" allowfullscreen><\/iframe><\/p>","protected":false},"excerpt":{"rendered":"<p class=\"\" data-start=\"471\" data-end=\"627\">Votre caf\u00e9 parfait en quelques secondes. Puissante, pratique et \u00e9l\u00e9gante, avec des fonctions intelligentes, un arr\u00eat automatique et un design compact pour toutes les cuisines et tous les coins.<\/p>","protected":false},"featured_media":11148,"template":"","meta":[],"product_brand":[],"product_cat":[200],"product_tag":[],"class_list":{"0":"post-11170","1":"product","2":"type-product","3":"status-publish","4":"has-post-thumbnail","6":"product_cat-cafeteras-molinillos","8":"first","9":"instock","10":"product-type-simple"},"yoast_head":"<!-- This site is optimized with the Yoast SEO Premium plugin v24.0 (Yoast SEO v26.5) - https:\/\/yoast.com\/wordpress\/plugins\/seo\/ -->\n<title>cafetera c\u00e1psulas 20 bares 1500 kuken<\/title>\n<meta name=\"description\" content=\"Nueva y exclusiva c\u00e1psulas 20 bares 1500 kuken. Prepara un delicioso caf\u00e9 de manera m\u00e1s r\u00e1pida y f\u00e1cil. Compatible con capsulas nespresso.\" \/>\n<meta name=\"robots\" content=\"noindex, follow, max-snippet:-1, max-image-preview:large, max-video-preview:-1\" \/>\n<meta property=\"og:locale\" content=\"fr_FR\" \/>\n<meta property=\"og:type\" content=\"article\" \/>\n<meta property=\"og:title\" content=\"CAFETERA C\u00c1PSULAS 20 BARES 1500W KUKEN\" \/>\n<meta property=\"og:description\" content=\"Nueva y exclusiva c\u00e1psulas 20 bares 1500 kuken. Prepara un delicioso caf\u00e9 de manera m\u00e1s r\u00e1pida y f\u00e1cil. Compatible con capsulas nespresso.\" \/>\n<meta property=\"og:url\" content=\"https:\/\/kuken.alfadyser.dev\/fr\/produit\/machine-a-cafe-a-capsules-20-bars-1500-kuken\/\" \/>\n<meta property=\"og:site_name\" content=\"K\u00fcken\" \/>\n<meta property=\"article:publisher\" content=\"https:\/\/es-es.facebook.com\/alfadyser\/\" \/>\n<meta property=\"article:modified_time\" content=\"2025-07-22T06:01:53+00:00\" \/>\n<meta property=\"og:image\" content=\"https:\/\/kuken.alfadyser.dev\/wp-content\/uploads\/8425160343965_01.jpg\" \/>\n\t<meta property=\"og:image:width\" content=\"2000\" \/>\n\t<meta property=\"og:image:height\" content=\"2000\" \/>\n\t<meta property=\"og:image:type\" content=\"image\/jpeg\" \/>\n<meta name=\"twitter:card\" content=\"summary_large_image\" \/>\n<meta name=\"twitter:label1\" content=\"Prix\" \/>\n\t<meta name=\"twitter:data1\" content=\"\" \/>\n\t<meta name=\"twitter:label2\" content=\"Disponibilit\u00e9\" \/>\n\t<meta name=\"twitter:data2\" content=\"En stock\" \/>\n<script type=\"application\/ld+json\" class=\"yoast-schema-graph\">{\"@context\":\"https:\/\/schema.org\",\"@graph\":[{\"@type\":\"WebPage\",\"@id\":\"https:\/\/kuken.alfadyser.dev\/producto\/cafetera-capsulas-20-bares-1500-kuken\/\",\"url\":\"https:\/\/kuken.alfadyser.dev\/producto\/cafetera-capsulas-20-bares-1500-kuken\/\",\"name\":\"cafetera c\u00e1psulas 20 bares 1500 kuken\",\"isPartOf\":{\"@id\":\"https:\/\/kuken.alfadyser.dev\/#website\"},\"primaryImageOfPage\":{\"@id\":\"https:\/\/kuken.alfadyser.dev\/producto\/cafetera-capsulas-20-bares-1500-kuken\/#primaryimage\"},\"image\":{\"@id\":\"https:\/\/kuken.alfadyser.dev\/producto\/cafetera-capsulas-20-bares-1500-kuken\/#primaryimage\"},\"thumbnailUrl\":\"https:\/\/kuken.alfadyser.dev\/wp-content\/uploads\/8425160343965_01.jpg\",\"datePublished\":\"2024-08-19T11:02:07+00:00\",\"dateModified\":\"2025-07-22T06:01:53+00:00\",\"description\":\"Nueva y exclusiva c\u00e1psulas 20 bares 1500 kuken. Prepara un delicioso caf\u00e9 de manera m\u00e1s r\u00e1pida y f\u00e1cil. Compatible con capsulas nespresso.\",\"breadcrumb\":{\"@id\":\"https:\/\/kuken.alfadyser.dev\/producto\/cafetera-capsulas-20-bares-1500-kuken\/#breadcrumb\"},\"inLanguage\":\"fr-FR\",\"potentialAction\":[{\"@type\":\"ReadAction\",\"target\":[\"https:\/\/kuken.alfadyser.dev\/producto\/cafetera-capsulas-20-bares-1500-kuken\/\"]}]},{\"@type\":\"ImageObject\",\"inLanguage\":\"fr-FR\",\"@id\":\"https:\/\/kuken.alfadyser.dev\/producto\/cafetera-capsulas-20-bares-1500-kuken\/#primaryimage\",\"url\":\"https:\/\/kuken.alfadyser.dev\/wp-content\/uploads\/8425160343965_01.jpg\",\"contentUrl\":\"https:\/\/kuken.alfadyser.dev\/wp-content\/uploads\/8425160343965_01.jpg\",\"width\":2000,\"height\":2000},{\"@type\":\"BreadcrumbList\",\"@id\":\"https:\/\/kuken.alfadyser.dev\/producto\/cafetera-capsulas-20-bares-1500-kuken\/#breadcrumb\",\"itemListElement\":[{\"@type\":\"ListItem\",\"position\":1,\"name\":\"Portada\",\"item\":\"https:\/\/kuken.alfadyser.dev\/\"},{\"@type\":\"ListItem\",\"position\":2,\"name\":\"Productos\",\"item\":\"https:\/\/kuken.alfadyser.dev\/productos\/\"},{\"@type\":\"ListItem\",\"position\":3,\"name\":\"CAFETERA C\u00c1PSULAS 20 BARES 1500W KUKEN\"}]},{\"@type\":\"WebSite\",\"@id\":\"https:\/\/kuken.alfadyser.dev\/#website\",\"url\":\"https:\/\/kuken.alfadyser.dev\/\",\"name\":\"K\u00fcken\",\"description\":\"Amplia gama de peque\u00f1o electrodom\u00e9stico k\u00fcken\",\"publisher\":{\"@id\":\"https:\/\/kuken.alfadyser.dev\/#organization\"},\"potentialAction\":[{\"@type\":\"SearchAction\",\"target\":{\"@type\":\"EntryPoint\",\"urlTemplate\":\"https:\/\/kuken.alfadyser.dev\/?s={search_term_string}\"},\"query-input\":{\"@type\":\"PropertyValueSpecification\",\"valueRequired\":true,\"valueName\":\"search_term_string\"}}],\"inLanguage\":\"fr-FR\"},{\"@type\":\"Organization\",\"@id\":\"https:\/\/kuken.alfadyser.dev\/#organization\",\"name\":\"Alfa Dyser\",\"url\":\"https:\/\/kuken.alfadyser.dev\/\",\"logo\":{\"@type\":\"ImageObject\",\"inLanguage\":\"fr-FR\",\"@id\":\"https:\/\/kuken.alfadyser.dev\/#\/schema\/logo\/image\/\",\"url\":\"https:\/\/kuken.alfadyser.dev\/wp-content\/uploads\/2019\/04\/kuken-logo.png\",\"contentUrl\":\"https:\/\/kuken.alfadyser.dev\/wp-content\/uploads\/2019\/04\/kuken-logo.png\",\"width\":500,\"height\":191,\"caption\":\"Alfa Dyser\"},\"image\":{\"@id\":\"https:\/\/kuken.alfadyser.dev\/#\/schema\/logo\/image\/\"},\"sameAs\":[\"https:\/\/es-es.facebook.com\/alfadyser\/\",\"https:\/\/www.instagram.com\/kuken_appliances\/\"]}]}<\/script>\n<meta property=\"product:price:currency\" content=\"EUR\" \/>\n<meta property=\"og:availability\" content=\"instock\" \/>\n<meta property=\"product:availability\" content=\"instock\" \/>\n<meta property=\"product:retailer_item_id\" content=\"34396\" \/>\n<meta property=\"product:condition\" content=\"new\" \/>\n<!-- \/ Yoast SEO Premium plugin. -->","yoast_head_json":{"title":"machine \u00e0 caf\u00e9 \u00e0 capsules 20 bars 1500 kuken","description":"Nouveau et exclusif 20 bar 1500 capsules kuken. Pr\u00e9parez un d\u00e9licieux caf\u00e9 plus rapidement et plus facilement. Compatible avec les capsules nespresso.","robots":{"index":"noindex","follow":"follow","max-snippet":"max-snippet:-1","max-image-preview":"max-image-preview:large","max-video-preview":"max-video-preview:-1"},"og_locale":"fr_FR","og_type":"article","og_title":"CAFETERA C\u00c1PSULAS 20 BARES 1500W KUKEN","og_description":"Nueva y exclusiva c\u00e1psulas 20 bares 1500 kuken. Prepara un delicioso caf\u00e9 de manera m\u00e1s r\u00e1pida y f\u00e1cil. Compatible con capsulas nespresso.","og_url":"https:\/\/kuken.alfadyser.dev\/fr\/produit\/machine-a-cafe-a-capsules-20-bars-1500-kuken\/","og_site_name":"K\u00fcken","article_publisher":"https:\/\/es-es.facebook.com\/alfadyser\/","article_modified_time":"2025-07-22T06:01:53+00:00","og_image":[{"width":2000,"height":2000,"url":"https:\/\/kuken.alfadyser.dev\/wp-content\/uploads\/8425160343965_01.jpg","type":"image\/jpeg"}],"twitter_card":"summary_large_image","twitter_misc":{"Prix":"","Disponibilit\u00e9":"En stock"},"schema":{"@context":"https:\/\/schema.org","@graph":[{"@type":"WebPage","@id":"https:\/\/kuken.alfadyser.dev\/producto\/cafetera-capsulas-20-bares-1500-kuken\/","url":"https:\/\/kuken.alfadyser.dev\/producto\/cafetera-capsulas-20-bares-1500-kuken\/","name":"machine \u00e0 caf\u00e9 \u00e0 capsules 20 bars 1500 kuken","isPartOf":{"@id":"https:\/\/kuken.alfadyser.dev\/#website"},"primaryImageOfPage":{"@id":"https:\/\/kuken.alfadyser.dev\/producto\/cafetera-capsulas-20-bares-1500-kuken\/#primaryimage"},"image":{"@id":"https:\/\/kuken.alfadyser.dev\/producto\/cafetera-capsulas-20-bares-1500-kuken\/#primaryimage"},"thumbnailUrl":"https:\/\/kuken.alfadyser.dev\/wp-content\/uploads\/8425160343965_01.jpg","datePublished":"2024-08-19T11:02:07+00:00","dateModified":"2025-07-22T06:01:53+00:00","description":"Nouveau et exclusif 20 bar 1500 capsules kuken. Pr\u00e9parez un d\u00e9licieux caf\u00e9 plus rapidement et plus facilement. Compatible avec les capsules nespresso.","breadcrumb":{"@id":"https:\/\/kuken.alfadyser.dev\/producto\/cafetera-capsulas-20-bares-1500-kuken\/#breadcrumb"},"inLanguage":"fr-FR","potentialAction":[{"@type":"ReadAction","target":["https:\/\/kuken.alfadyser.dev\/producto\/cafetera-capsulas-20-bares-1500-kuken\/"]}]},{"@type":"ImageObject","inLanguage":"fr-FR","@id":"https:\/\/kuken.alfadyser.dev\/producto\/cafetera-capsulas-20-bares-1500-kuken\/#primaryimage","url":"https:\/\/kuken.alfadyser.dev\/wp-content\/uploads\/8425160343965_01.jpg","contentUrl":"https:\/\/kuken.alfadyser.dev\/wp-content\/uploads\/8425160343965_01.jpg","width":2000,"height":2000},{"@type":"BreadcrumbList","@id":"https:\/\/kuken.alfadyser.dev\/producto\/cafetera-capsulas-20-bares-1500-kuken\/#breadcrumb","itemListElement":[{"@type":"ListItem","position":1,"name":"Portada","item":"https:\/\/kuken.alfadyser.dev\/"},{"@type":"ListItem","position":2,"name":"Productos","item":"https:\/\/kuken.alfadyser.dev\/productos\/"},{"@type":"ListItem","position":3,"name":"CAFETERA C\u00c1PSULAS 20 BARES 1500W KUKEN"}]},{"@type":"WebSite","@id":"https:\/\/kuken.alfadyser.dev\/#website","url":"https:\/\/kuken.alfadyser.dev\/","name":"K\u00fcken","description":"Large gamme de petits appareils m\u00e9nagers k\u00fcken","publisher":{"@id":"https:\/\/kuken.alfadyser.dev\/#organization"},"potentialAction":[{"@type":"SearchAction","target":{"@type":"EntryPoint","urlTemplate":"https:\/\/kuken.alfadyser.dev\/?s={search_term_string}"},"query-input":{"@type":"PropertyValueSpecification","valueRequired":true,"valueName":"search_term_string"}}],"inLanguage":"fr-FR"},{"@type":"Organization","@id":"https:\/\/kuken.alfadyser.dev\/#organization","name":"Alpha Dyser","url":"https:\/\/kuken.alfadyser.dev\/","logo":{"@type":"ImageObject","inLanguage":"fr-FR","@id":"https:\/\/kuken.alfadyser.dev\/#\/schema\/logo\/image\/","url":"https:\/\/kuken.alfadyser.dev\/wp-content\/uploads\/2019\/04\/kuken-logo.png","contentUrl":"https:\/\/kuken.alfadyser.dev\/wp-content\/uploads\/2019\/04\/kuken-logo.png","width":500,"height":191,"caption":"Alfa Dyser"},"image":{"@id":"https:\/\/kuken.alfadyser.dev\/#\/schema\/logo\/image\/"},"sameAs":["https:\/\/es-es.facebook.com\/alfadyser\/","https:\/\/www.instagram.com\/kuken_appliances\/"]}]},"product_price_currency":"EUR","og_availability":"instock","product_availability":"instock","product_retailer_item_id":"34396","product_condition":"new"},"_links":{"self":[{"href":"https:\/\/kuken.alfadyser.dev\/fr\/wp-json\/wp\/v2\/product\/11170","targetHints":{"allow":["GET"]}}],"collection":[{"href":"https:\/\/kuken.alfadyser.dev\/fr\/wp-json\/wp\/v2\/product"}],"about":[{"href":"https:\/\/kuken.alfadyser.dev\/fr\/wp-json\/wp\/v2\/types\/product"}],"wp:featuredmedia":[{"embeddable":true,"href":"https:\/\/kuken.alfadyser.dev\/fr\/wp-json\/wp\/v2\/media\/11148"}],"wp:attachment":[{"href":"https:\/\/kuken.alfadyser.dev\/fr\/wp-json\/wp\/v2\/media?parent=11170"}],"wp:term":[{"taxonomy":"product_brand","embeddable":true,"href":"https:\/\/kuken.alfadyser.dev\/fr\/wp-json\/wp\/v2\/product_brand?post=11170"},{"taxonomy":"product_cat","embeddable":true,"href":"https:\/\/kuken.alfadyser.dev\/fr\/wp-json\/wp\/v2\/product_cat?post=11170"},{"taxonomy":"product_tag","embeddable":true,"href":"https:\/\/kuken.alfadyser.dev\/fr\/wp-json\/wp\/v2\/product_tag?post=11170"}],"curies":[{"name":"wp","href":"https:\/\/api.w.org\/{rel}","templated":true}]}}