{"id":10972,"date":"2024-03-07T14:10:21","date_gmt":"2024-03-07T13:10:21","guid":{"rendered":"https:\/\/kuken.alfadyser.dev\/?post_type=product&#038;p=10972"},"modified":"2025-07-22T08:27:42","modified_gmt":"2025-07-22T06:27:42","slug":"kuken-friteuse-digitale-sans-huile-5-litres-noir-avec-fenetre-de-visualisation-1500w","status":"publish","type":"product","link":"https:\/\/kuken.alfadyser.dev\/fr\/produit\/kuken-friteuse-digitale-sans-huile-5-litres-noir-avec-fenetre-de-visualisation-1500w\/","title":{"rendered":"FRITEUSE DIGITALE SANS HUILE K\u00dcKEN 5 LITRES NOIR AVEC FEN\u00caTRE 1500W K\u00dcKEN"},"content":{"rendered":"<p>FRITEUSE DIGITALE SANS HUILE K\u00dcKEN 5 LITRES NOIR AVEC FEN\u00caTRE 1500W K\u00dcKEN<\/p>\n<ul>\n<li class=\"\" data-start=\"912\" data-end=\"982\">\n<p class=\"\" data-start=\"914\" data-end=\"982\">Cocina sin aceite, alimentos m\u00e1s saludables con todo su sabor.<\/p>\n<\/li>\n<li class=\"\" data-start=\"983\" data-end=\"1071\">\n<p class=\"\" data-start=\"985\" data-end=\"1071\">Tecnolog\u00eda de convecci\u00f3n de aire caliente a alta velocidad, sin grasas a\u00f1adidas.<\/p>\n<\/li>\n<li class=\"\" data-start=\"1072\" data-end=\"1145\">\n<p class=\"\" data-start=\"1074\" data-end=\"1145\">Capacidad de 5 litros, ideal para familias o porciones generosas.<\/p>\n<\/li>\n<li class=\"\" data-start=\"1146\" data-end=\"1230\">\n<p class=\"\" data-start=\"1148\" data-end=\"1230\">Pantalla t\u00e1ctil, permite regular temperatura y tiempo con precisi\u00f3n.<\/p>\n<\/li>\n<li class=\"\" data-start=\"1231\" data-end=\"1302\">\n<p class=\"\" data-start=\"1233\" data-end=\"1302\">6 programas preinstalados, cocci\u00f3n r\u00e1pida y sin complicaciones.<\/p>\n<\/li>\n<li class=\"\" data-start=\"1303\" data-end=\"1376\">\n<p class=\"\" data-start=\"1305\" data-end=\"1376\">Temperatura m\u00e1xima de 200\u202f\u00b0C, vers\u00e1til para todo tipo de recetas.<\/p>\n<\/li>\n<li class=\"\" data-start=\"1377\" data-end=\"1472\">\n<p class=\"\" data-start=\"1379\" data-end=\"1472\">Cestillo extra\u00edble antiadherente, libre de BPA, desmontable y con mango ergon\u00f3mico.<\/p>\n<\/li>\n<li class=\"\" data-start=\"1473\" data-end=\"1535\">\n<p class=\"\" data-start=\"1475\" data-end=\"1535\">Rejilla interna, separa jugos para una cocci\u00f3n limpia.<\/p>\n<\/li>\n<li class=\"\" data-start=\"1536\" data-end=\"1616\">\n<p class=\"\" data-start=\"1538\" data-end=\"1616\">Ventana transparente con luz interior, controla los alimentos sin abrir.<\/p>\n<\/li>\n<li class=\"\" data-start=\"1617\" data-end=\"1683\">\n<p class=\"\" data-start=\"1619\" data-end=\"1683\">Cuerpo de tacto fr\u00edo y base con patas antideslizantes.<\/p>\n<\/li>\n<li class=\"\" data-start=\"1684\" data-end=\"1734\">\n<p class=\"\" data-start=\"1686\" data-end=\"1734\">Dise\u00f1o compacto: \u00f821\u202fcm \u00d7 27\u202fcm de altura.<\/p>\n<\/li>\n<\/ul>\n<p>FRITEUSE DIGITALE SANS HUILE K\u00dcKEN 5 LITRES NOIR AVEC FEN\u00caTRE 1500W K\u00dcKEN<\/p>\n<p>Unit\u00e9 d'emballage 1<br \/>\nCouleur Noir et acier inoxydable<br \/>\nEmballage Bo\u00eete color\u00e9e<br \/>\nPuissance 1500 W<br \/>\nTension 230 V<br \/>\nCapacit\u00e9 de 5 litres.<br \/>\nMat\u00e9riau PC tr\u00e8s r\u00e9sistant.<br \/>\nD\u00e9tachable Oui<\/p>\n<p>Pieds antid\u00e9rapants Oui[\/accordion_item][\/accordion][\/accordion].<br \/>\n<div class=\"accordion\"><div class=\"mfn-acc accordion_wrapper  toggle\"><div class=\"question\"><div class=\"title\"><i class=\"icon-plus acc-icon-plus\" aria-hidden=\"true\"><\/i><i class=\"icon-minus acc-icon-minus\" aria-hidden=\"true\"><\/i>Accessoires<\/div><div class=\"answer\"><\/div><\/div>\n<\/div><\/div>\n<\/p>\n<div class=\"descargas-producto\"><img loading=\"lazy\" decoding=\"async\" src=\"\/wp-content\/uploads\/2019\/12\/picto-descarrega.png\" alt=\"t\u00e9l\u00e9charger la fiche technique\" width=\"23\" height=\"16\" \/><a href=\"https:\/\/kuken.alfadyser.dev\/wp-content\/uploads\/8425160344092_ficha_tecnica.pdf\">T\u00e9l\u00e9charger la fiche<\/a><br \/>\n<img loading=\"lazy\" decoding=\"async\" src=\"\/wp-content\/uploads\/2019\/12\/picto-descarrega.png\" alt=\"t\u00e9l\u00e9charger le manuel d&#039;instructions\" width=\"23\" height=\"16\" \/><a href=\"http:\/\/34396_instrucciones.pdf\">T\u00e9l\u00e9charger le manuel<\/a><\/div>\n<div><\/div>\n<div><span style=\"color: #bf2121\">Suivez-nous sur les m\u00e9dias sociaux !<\/span><\/div>\n<div><a href=\"https:\/\/www.instagram.com\/kuken_appliances\/\">https:\/\/www.instagram.com\/kuken_appliances\/<\/a><\/div>\n<p><iframe loading=\"lazy\" title=\"Friteuse \u00e0 air s\u00e9rie BLACK k\u00fcken\" width=\"560\" height=\"315\" src=\"https:\/\/www.youtube.com\/embed\/W_1t7_id3kE?feature=oembed\" frameborder=\"0\" allow=\"accelerometer; autoplay; clipboard-write; encrypted-media; gyroscope; picture-in-picture; web-share\" referrerpolicy=\"strict-origin-when-cross-origin\" allowfullscreen><\/iframe><\/p>","protected":false},"excerpt":{"rendered":"<p class=\"\" data-start=\"504\" data-end=\"668\">Une cuisine saine et sans souci. Dot\u00e9e d'un hublot, d'un \u00e9clairage int\u00e9rieur et de commandes tactiles, cette friteuse permet de pr\u00e9parer vos plats pr\u00e9f\u00e9r\u00e9s sans huile et en conservant toute leur saveur.<\/p>","protected":false},"featured_media":11155,"template":"","meta":[],"product_brand":[],"product_cat":[197],"product_tag":[],"class_list":{"0":"post-10972","1":"product","2":"type-product","3":"status-publish","4":"has-post-thumbnail","6":"product_cat-freidoras","8":"first","9":"instock","10":"shipping-taxable","11":"product-type-simple"},"yoast_head":"<!-- This site is optimized with the Yoast SEO Premium plugin v24.0 (Yoast SEO v26.5) - https:\/\/yoast.com\/wordpress\/plugins\/seo\/ -->\n<title>FREIDORA SIN ACEITE DIGITAL 5 LITROS NEGRA CON VENTANILLA 1500W K\u00dcKEN - K\u00fcken<\/title>\n<meta name=\"description\" content=\"Freidora sin aceite digital 5\u202fL negra con ventanilla K\u00dcKEN, con pantalla t\u00e1ctil, 6 programas, luz interior y tecnolog\u00eda de aire caliente.\" \/>\n<meta name=\"robots\" content=\"noindex, follow, max-snippet:-1, max-image-preview:large, max-video-preview:-1\" \/>\n<meta property=\"og:locale\" content=\"fr_FR\" \/>\n<meta property=\"og:type\" content=\"article\" \/>\n<meta property=\"og:title\" content=\"FREIDORA SIN ACEITE DIGITAL 5 LITROS NEGRA CON VENTANILLA 1500W K\u00dcKEN\" \/>\n<meta property=\"og:description\" content=\"Freidora sin aceite digital 5\u202fL negra con ventanilla K\u00dcKEN, con pantalla t\u00e1ctil, 6 programas, luz interior y tecnolog\u00eda de aire caliente.\" \/>\n<meta property=\"og:url\" content=\"https:\/\/kuken.alfadyser.dev\/fr\/produit\/kuken-friteuse-digitale-sans-huile-5-litres-noir-avec-fenetre-de-visualisation-1500w\/\" \/>\n<meta property=\"og:site_name\" content=\"K\u00fcken\" \/>\n<meta property=\"article:publisher\" content=\"https:\/\/es-es.facebook.com\/alfadyser\/\" \/>\n<meta property=\"article:modified_time\" content=\"2025-07-22T06:27:42+00:00\" \/>\n<meta property=\"og:image\" content=\"https:\/\/kuken.alfadyser.dev\/wp-content\/uploads\/8425160344092_03.jpg\" \/>\n\t<meta property=\"og:image:width\" content=\"2000\" \/>\n\t<meta property=\"og:image:height\" content=\"2000\" \/>\n\t<meta property=\"og:image:type\" content=\"image\/jpeg\" \/>\n<meta name=\"twitter:card\" content=\"summary_large_image\" \/>\n<meta name=\"twitter:label1\" content=\"Prix\" \/>\n\t<meta name=\"twitter:data1\" content=\"\" \/>\n\t<meta name=\"twitter:label2\" content=\"Disponibilit\u00e9\" \/>\n\t<meta name=\"twitter:data2\" content=\"En stock\" \/>\n<script type=\"application\/ld+json\" class=\"yoast-schema-graph\">{\"@context\":\"https:\/\/schema.org\",\"@graph\":[{\"@type\":\"WebPage\",\"@id\":\"https:\/\/kuken.alfadyser.dev\/producto\/freidora-sin-aceite-digital-5-litros-negra-con-ventanilla-1500w-kuken\/\",\"url\":\"https:\/\/kuken.alfadyser.dev\/producto\/freidora-sin-aceite-digital-5-litros-negra-con-ventanilla-1500w-kuken\/\",\"name\":\"FREIDORA SIN ACEITE DIGITAL 5 LITROS NEGRA CON VENTANILLA 1500W K\u00dcKEN - K\u00fcken\",\"isPartOf\":{\"@id\":\"https:\/\/kuken.alfadyser.dev\/#website\"},\"primaryImageOfPage\":{\"@id\":\"https:\/\/kuken.alfadyser.dev\/producto\/freidora-sin-aceite-digital-5-litros-negra-con-ventanilla-1500w-kuken\/#primaryimage\"},\"image\":{\"@id\":\"https:\/\/kuken.alfadyser.dev\/producto\/freidora-sin-aceite-digital-5-litros-negra-con-ventanilla-1500w-kuken\/#primaryimage\"},\"thumbnailUrl\":\"https:\/\/kuken.alfadyser.dev\/wp-content\/uploads\/8425160344092_03.jpg\",\"datePublished\":\"2024-03-07T13:10:21+00:00\",\"dateModified\":\"2025-07-22T06:27:42+00:00\",\"description\":\"Freidora sin aceite digital 5\u202fL negra con ventanilla K\u00dcKEN, con pantalla t\u00e1ctil, 6 programas, luz interior y tecnolog\u00eda de aire caliente.\",\"breadcrumb\":{\"@id\":\"https:\/\/kuken.alfadyser.dev\/producto\/freidora-sin-aceite-digital-5-litros-negra-con-ventanilla-1500w-kuken\/#breadcrumb\"},\"inLanguage\":\"fr-FR\",\"potentialAction\":[{\"@type\":\"ReadAction\",\"target\":[\"https:\/\/kuken.alfadyser.dev\/producto\/freidora-sin-aceite-digital-5-litros-negra-con-ventanilla-1500w-kuken\/\"]}]},{\"@type\":\"ImageObject\",\"inLanguage\":\"fr-FR\",\"@id\":\"https:\/\/kuken.alfadyser.dev\/producto\/freidora-sin-aceite-digital-5-litros-negra-con-ventanilla-1500w-kuken\/#primaryimage\",\"url\":\"https:\/\/kuken.alfadyser.dev\/wp-content\/uploads\/8425160344092_03.jpg\",\"contentUrl\":\"https:\/\/kuken.alfadyser.dev\/wp-content\/uploads\/8425160344092_03.jpg\",\"width\":2000,\"height\":2000,\"caption\":\"FREIDORA SIN ACEITE DIGITAL 5 LITROS NEGRA CON VENTANILLA 1500W K\u00dcKEN\"},{\"@type\":\"BreadcrumbList\",\"@id\":\"https:\/\/kuken.alfadyser.dev\/producto\/freidora-sin-aceite-digital-5-litros-negra-con-ventanilla-1500w-kuken\/#breadcrumb\",\"itemListElement\":[{\"@type\":\"ListItem\",\"position\":1,\"name\":\"Portada\",\"item\":\"https:\/\/kuken.alfadyser.dev\/\"},{\"@type\":\"ListItem\",\"position\":2,\"name\":\"Productos\",\"item\":\"https:\/\/kuken.alfadyser.dev\/productos\/\"},{\"@type\":\"ListItem\",\"position\":3,\"name\":\"FREIDORA SIN ACEITE DIGITAL 5 LITROS NEGRA CON VENTANILLA 1500W K\u00dcKEN\"}]},{\"@type\":\"WebSite\",\"@id\":\"https:\/\/kuken.alfadyser.dev\/#website\",\"url\":\"https:\/\/kuken.alfadyser.dev\/\",\"name\":\"K\u00fcken\",\"description\":\"Amplia gama de peque\u00f1o electrodom\u00e9stico k\u00fcken\",\"publisher\":{\"@id\":\"https:\/\/kuken.alfadyser.dev\/#organization\"},\"potentialAction\":[{\"@type\":\"SearchAction\",\"target\":{\"@type\":\"EntryPoint\",\"urlTemplate\":\"https:\/\/kuken.alfadyser.dev\/?s={search_term_string}\"},\"query-input\":{\"@type\":\"PropertyValueSpecification\",\"valueRequired\":true,\"valueName\":\"search_term_string\"}}],\"inLanguage\":\"fr-FR\"},{\"@type\":\"Organization\",\"@id\":\"https:\/\/kuken.alfadyser.dev\/#organization\",\"name\":\"Alfa Dyser\",\"url\":\"https:\/\/kuken.alfadyser.dev\/\",\"logo\":{\"@type\":\"ImageObject\",\"inLanguage\":\"fr-FR\",\"@id\":\"https:\/\/kuken.alfadyser.dev\/#\/schema\/logo\/image\/\",\"url\":\"https:\/\/kuken.alfadyser.dev\/wp-content\/uploads\/2019\/04\/kuken-logo.png\",\"contentUrl\":\"https:\/\/kuken.alfadyser.dev\/wp-content\/uploads\/2019\/04\/kuken-logo.png\",\"width\":500,\"height\":191,\"caption\":\"Alfa Dyser\"},\"image\":{\"@id\":\"https:\/\/kuken.alfadyser.dev\/#\/schema\/logo\/image\/\"},\"sameAs\":[\"https:\/\/es-es.facebook.com\/alfadyser\/\",\"https:\/\/www.instagram.com\/kuken_appliances\/\"]}]}<\/script>\n<meta property=\"product:price:currency\" content=\"EUR\" \/>\n<meta property=\"og:availability\" content=\"instock\" \/>\n<meta property=\"product:availability\" content=\"instock\" \/>\n<meta property=\"product:retailer_item_id\" content=\"34409\" \/>\n<meta property=\"product:condition\" content=\"new\" \/>\n<!-- \/ Yoast SEO Premium plugin. -->","yoast_head_json":{"title":"K\u00dcKEN FRITEUSE DIGITALE SANS HUILE 5 LITRES NOIR AVEC FEN\u00caTRE 1500W - K\u00fcken","description":"K\u00dcKEN noir Friteuse num\u00e9rique sans huile de 5 L avec fen\u00eatre K\u00dcKEN, \u00e9cran tactile, 6 programmes, \u00e9clairage int\u00e9rieur et technologie de l'air chaud.","robots":{"index":"noindex","follow":"follow","max-snippet":"max-snippet:-1","max-image-preview":"max-image-preview:large","max-video-preview":"max-video-preview:-1"},"og_locale":"fr_FR","og_type":"article","og_title":"FREIDORA SIN ACEITE DIGITAL 5 LITROS NEGRA CON VENTANILLA 1500W K\u00dcKEN","og_description":"Freidora sin aceite digital 5\u202fL negra con ventanilla K\u00dcKEN, con pantalla t\u00e1ctil, 6 programas, luz interior y tecnolog\u00eda de aire caliente.","og_url":"https:\/\/kuken.alfadyser.dev\/fr\/produit\/kuken-friteuse-digitale-sans-huile-5-litres-noir-avec-fenetre-de-visualisation-1500w\/","og_site_name":"K\u00fcken","article_publisher":"https:\/\/es-es.facebook.com\/alfadyser\/","article_modified_time":"2025-07-22T06:27:42+00:00","og_image":[{"width":2000,"height":2000,"url":"https:\/\/kuken.alfadyser.dev\/wp-content\/uploads\/8425160344092_03.jpg","type":"image\/jpeg"}],"twitter_card":"summary_large_image","twitter_misc":{"Prix":"","Disponibilit\u00e9":"En stock"},"schema":{"@context":"https:\/\/schema.org","@graph":[{"@type":"WebPage","@id":"https:\/\/kuken.alfadyser.dev\/producto\/freidora-sin-aceite-digital-5-litros-negra-con-ventanilla-1500w-kuken\/","url":"https:\/\/kuken.alfadyser.dev\/producto\/freidora-sin-aceite-digital-5-litros-negra-con-ventanilla-1500w-kuken\/","name":"K\u00dcKEN FRITEUSE DIGITALE SANS HUILE 5 LITRES NOIR AVEC FEN\u00caTRE 1500W - K\u00fcken","isPartOf":{"@id":"https:\/\/kuken.alfadyser.dev\/#website"},"primaryImageOfPage":{"@id":"https:\/\/kuken.alfadyser.dev\/producto\/freidora-sin-aceite-digital-5-litros-negra-con-ventanilla-1500w-kuken\/#primaryimage"},"image":{"@id":"https:\/\/kuken.alfadyser.dev\/producto\/freidora-sin-aceite-digital-5-litros-negra-con-ventanilla-1500w-kuken\/#primaryimage"},"thumbnailUrl":"https:\/\/kuken.alfadyser.dev\/wp-content\/uploads\/8425160344092_03.jpg","datePublished":"2024-03-07T13:10:21+00:00","dateModified":"2025-07-22T06:27:42+00:00","description":"K\u00dcKEN noir Friteuse num\u00e9rique sans huile de 5 L avec fen\u00eatre K\u00dcKEN, \u00e9cran tactile, 6 programmes, \u00e9clairage int\u00e9rieur et technologie de l'air chaud.","breadcrumb":{"@id":"https:\/\/kuken.alfadyser.dev\/producto\/freidora-sin-aceite-digital-5-litros-negra-con-ventanilla-1500w-kuken\/#breadcrumb"},"inLanguage":"fr-FR","potentialAction":[{"@type":"ReadAction","target":["https:\/\/kuken.alfadyser.dev\/producto\/freidora-sin-aceite-digital-5-litros-negra-con-ventanilla-1500w-kuken\/"]}]},{"@type":"ImageObject","inLanguage":"fr-FR","@id":"https:\/\/kuken.alfadyser.dev\/producto\/freidora-sin-aceite-digital-5-litros-negra-con-ventanilla-1500w-kuken\/#primaryimage","url":"https:\/\/kuken.alfadyser.dev\/wp-content\/uploads\/8425160344092_03.jpg","contentUrl":"https:\/\/kuken.alfadyser.dev\/wp-content\/uploads\/8425160344092_03.jpg","width":2000,"height":2000,"caption":"FREIDORA SIN ACEITE DIGITAL 5 LITROS NEGRA CON VENTANILLA 1500W K\u00dcKEN"},{"@type":"BreadcrumbList","@id":"https:\/\/kuken.alfadyser.dev\/producto\/freidora-sin-aceite-digital-5-litros-negra-con-ventanilla-1500w-kuken\/#breadcrumb","itemListElement":[{"@type":"ListItem","position":1,"name":"Portada","item":"https:\/\/kuken.alfadyser.dev\/"},{"@type":"ListItem","position":2,"name":"Productos","item":"https:\/\/kuken.alfadyser.dev\/productos\/"},{"@type":"ListItem","position":3,"name":"FREIDORA SIN ACEITE DIGITAL 5 LITROS NEGRA CON VENTANILLA 1500W K\u00dcKEN"}]},{"@type":"WebSite","@id":"https:\/\/kuken.alfadyser.dev\/#website","url":"https:\/\/kuken.alfadyser.dev\/","name":"K\u00fcken","description":"Large gamme de petits appareils m\u00e9nagers k\u00fcken","publisher":{"@id":"https:\/\/kuken.alfadyser.dev\/#organization"},"potentialAction":[{"@type":"SearchAction","target":{"@type":"EntryPoint","urlTemplate":"https:\/\/kuken.alfadyser.dev\/?s={search_term_string}"},"query-input":{"@type":"PropertyValueSpecification","valueRequired":true,"valueName":"search_term_string"}}],"inLanguage":"fr-FR"},{"@type":"Organization","@id":"https:\/\/kuken.alfadyser.dev\/#organization","name":"Alpha Dyser","url":"https:\/\/kuken.alfadyser.dev\/","logo":{"@type":"ImageObject","inLanguage":"fr-FR","@id":"https:\/\/kuken.alfadyser.dev\/#\/schema\/logo\/image\/","url":"https:\/\/kuken.alfadyser.dev\/wp-content\/uploads\/2019\/04\/kuken-logo.png","contentUrl":"https:\/\/kuken.alfadyser.dev\/wp-content\/uploads\/2019\/04\/kuken-logo.png","width":500,"height":191,"caption":"Alfa Dyser"},"image":{"@id":"https:\/\/kuken.alfadyser.dev\/#\/schema\/logo\/image\/"},"sameAs":["https:\/\/es-es.facebook.com\/alfadyser\/","https:\/\/www.instagram.com\/kuken_appliances\/"]}]},"product_price_currency":"EUR","og_availability":"instock","product_availability":"instock","product_retailer_item_id":"34409","product_condition":"new"},"_links":{"self":[{"href":"https:\/\/kuken.alfadyser.dev\/fr\/wp-json\/wp\/v2\/product\/10972","targetHints":{"allow":["GET"]}}],"collection":[{"href":"https:\/\/kuken.alfadyser.dev\/fr\/wp-json\/wp\/v2\/product"}],"about":[{"href":"https:\/\/kuken.alfadyser.dev\/fr\/wp-json\/wp\/v2\/types\/product"}],"wp:featuredmedia":[{"embeddable":true,"href":"https:\/\/kuken.alfadyser.dev\/fr\/wp-json\/wp\/v2\/media\/11155"}],"wp:attachment":[{"href":"https:\/\/kuken.alfadyser.dev\/fr\/wp-json\/wp\/v2\/media?parent=10972"}],"wp:term":[{"taxonomy":"product_brand","embeddable":true,"href":"https:\/\/kuken.alfadyser.dev\/fr\/wp-json\/wp\/v2\/product_brand?post=10972"},{"taxonomy":"product_cat","embeddable":true,"href":"https:\/\/kuken.alfadyser.dev\/fr\/wp-json\/wp\/v2\/product_cat?post=10972"},{"taxonomy":"product_tag","embeddable":true,"href":"https:\/\/kuken.alfadyser.dev\/fr\/wp-json\/wp\/v2\/product_tag?post=10972"}],"curies":[{"name":"wp","href":"https:\/\/api.w.org\/{rel}","templated":true}]}}