{"id":10843,"date":"2023-12-21T11:50:52","date_gmt":"2023-12-21T10:50:52","guid":{"rendered":"https:\/\/kuken.alfadyser.dev\/?post_type=product&#038;p=10843"},"modified":"2025-07-22T08:47:45","modified_gmt":"2025-07-22T06:47:45","slug":"reloj-digital-con-alarma-calendario-y-temperatura","status":"publish","type":"product","link":"https:\/\/kuken.alfadyser.dev\/fr\/produit\/reloj-digital-con-alarma-calendario-y-temperatura\/","title":{"rendered":"RELOJ DIGITAL CON ALARMA \/ CALENDARIO Y TEMPERATURA"},"content":{"rendered":"<p>RELOJ DIGITAL CON ALARMA \/ CALENDARIO Y TEMPERATURA<\/p>\n<ul data-start=\"950\" data-end=\"1607\">\n<li class=\"\" data-start=\"950\" data-end=\"1038\">\n<p class=\"\" data-start=\"952\" data-end=\"1038\">Reloj digital multifunci\u00f3n, muestra hora, calendario y temperatura interior.<\/p>\n<\/li>\n<li class=\"\" data-start=\"1039\" data-end=\"1118\">\n<p class=\"\" data-start=\"1041\" data-end=\"1118\">Pantalla LED azul, clara y de f\u00e1cil visualizaci\u00f3n en cualquier entorno.<\/p>\n<\/li>\n<li class=\"\" data-start=\"1119\" data-end=\"1188\">\n<p class=\"\" data-start=\"1121\" data-end=\"1188\">Bot\u00f3n SNOOZE\/LIGHT, funci\u00f3n de repetici\u00f3n y encendido de luz.<\/p>\n<\/li>\n<li class=\"\" data-start=\"1189\" data-end=\"1249\">\n<p class=\"\" data-start=\"1191\" data-end=\"1249\">Alarma despertador integrada, ideal para uso diario.<\/p>\n<\/li>\n<li class=\"\" data-start=\"1250\" data-end=\"1315\">\n<p class=\"\" data-start=\"1252\" data-end=\"1315\">Dise\u00f1o compacto y moderno, perfecto para hogar u oficina.<\/p>\n<\/li>\n<li class=\"\" data-start=\"1316\" data-end=\"1395\">\n<p class=\"\" data-start=\"1318\" data-end=\"1395\">Cuerpo de ABS blanco con frontal efecto madera, elegante y natural.<\/p>\n<\/li>\n<li class=\"\" data-start=\"1396\" data-end=\"1456\">\n<p class=\"\" data-start=\"1398\" data-end=\"1456\">Funciona con 2 pilas AAA (no incluidas), sin cables.<\/p>\n<\/li>\n<li class=\"\" data-start=\"1457\" data-end=\"1523\">\n<p class=\"\" data-start=\"1459\" data-end=\"1523\">Medidas: 8,1 \u00d7 4,9 \u00d7 8,1\u202fcm, cabe en cualquier superficie.<\/p>\n<\/li>\n<li class=\"\" data-start=\"1524\" data-end=\"1607\">\n<p class=\"\" data-start=\"1526\" data-end=\"1607\">Ideal para mesitas de noche, escritorios, estanter\u00edas o espacios reducidos.<\/p>\n<\/li>\n<\/ul>\n<p><div class=\"accordion\"><div class=\"mfn-acc accordion_wrapper  toggle\"><div class=\"question\"><div class=\"title\"><i class=\"icon-plus acc-icon-plus\" aria-hidden=\"true\"><\/i><i class=\"icon-minus acc-icon-minus\" aria-hidden=\"true\"><\/i>Donn\u00e9es du produit<\/div><div class=\"answer\"><\/p>\n<p>EAN 8425160343576<br \/>\nUnit\u00e9 d'emballage 1<br \/>\nColor Blanco\/madera<br \/>\nEmballage Couleur de la bo\u00eete<br \/>\nVoltaje\u00a01,5 V<br \/>\nGrande taille<br \/>\nDimensiones 8,1 x 4,9 x 8,1cm.<br \/>\nMati\u00e8re plastique<br \/>\nFunciona con pilas S\u00ed<br \/>\nIncluye pilas No<br \/>\nPeso 0,50 kg.<\/p>\n<p><\/div><\/div>\n<\/div><\/div>\n<div class=\"accordion\"><div class=\"mfn-acc accordion_wrapper  toggle\"><div class=\"question\"><div class=\"title\"><i class=\"icon-plus acc-icon-plus\" aria-hidden=\"true\"><\/i><i class=\"icon-minus acc-icon-minus\" aria-hidden=\"true\"><\/i>Accessoires<\/div><div class=\"answer\"><\/div><\/div>\n<\/div><\/div>\n<\/p>\n<div class=\"descargas-producto\"><img loading=\"lazy\" decoding=\"async\" src=\"\/wp-content\/uploads\/2019\/12\/picto-descarrega.png\" alt=\"t\u00e9l\u00e9charger la fiche technique\" width=\"23\" height=\"16\" \/><a href=\"https:\/\/kuken.alfadyser.dev\/wp-content\/uploads\/8425160343576_ficha_tecnica.pdf\">T\u00e9l\u00e9charger la fiche<\/a><br \/>\n<img loading=\"lazy\" decoding=\"async\" src=\"\/wp-content\/uploads\/2019\/12\/picto-descarrega.png\" alt=\"t\u00e9l\u00e9charger le manuel d&#039;instructions\" width=\"23\" height=\"16\" \/><a href=\"https:\/\/kuken.alfadyser.dev\/wp-content\/uploads\/34357_manual_instrucciones_compressed.pdf\">T\u00e9l\u00e9charger le manuel<\/a><\/div>\n<div><\/div>\n<div>\n<p><iframe loading=\"lazy\" title=\"Reloj digital con alarma\/calendario y temperatura\" width=\"560\" height=\"315\" src=\"https:\/\/www.youtube.com\/embed\/vxwGGhigH1w?feature=oembed\" frameborder=\"0\" allow=\"accelerometer; autoplay; clipboard-write; encrypted-media; gyroscope; picture-in-picture; web-share\" referrerpolicy=\"strict-origin-when-cross-origin\" allowfullscreen><\/iframe><\/p>\n<\/div>\n<div><\/div>\n<div><span style=\"color: #bf2121\">Suivez-nous sur les m\u00e9dias sociaux !<\/span><\/div>\n<div><a href=\"https:\/\/www.instagram.com\/kuken_appliances\/\">https:\/\/www.instagram.com\/kuken_appliances\/<\/a><\/div>","protected":false},"excerpt":{"rendered":"<p class=\"\" data-start=\"718\" data-end=\"879\">Controla tu tiempo con estilo. Con alarma, calendario, temperatura y luz LED azul, este reloj digital compacto es perfecto para hogar, oficina o mesita de noche.<\/p>","protected":false},"featured_media":10844,"template":"","meta":[],"product_brand":[],"product_cat":[219],"product_tag":[],"class_list":{"0":"post-10843","1":"product","2":"type-product","3":"status-publish","4":"has-post-thumbnail","6":"product_cat-relojes-de-hogar","8":"first","9":"instock","10":"product-type-simple"},"yoast_head":"<!-- This site is optimized with the Yoast SEO Premium plugin v24.0 (Yoast SEO v26.5) - https:\/\/yoast.com\/wordpress\/plugins\/seo\/ -->\n<title>RELOJ DIGITAL CON ALARMA \/ CALENDARIO Y TEMPERATURA - K\u00fcken<\/title>\n<meta name=\"description\" content=\"Reloj digital K\u00dcKEN con alarma, calendario y temperatura. Pantalla LED azul, funci\u00f3n SNOOZE y dise\u00f1o blanco con frontal efecto madera. Compacto y funcional.\" \/>\n<meta name=\"robots\" content=\"noindex, follow, max-snippet:-1, max-image-preview:large, max-video-preview:-1\" \/>\n<meta property=\"og:locale\" content=\"fr_FR\" \/>\n<meta property=\"og:type\" content=\"article\" \/>\n<meta property=\"og:title\" content=\"RELOJ DIGITAL CON ALARMA \/ CALENDARIO Y TEMPERATURA\" \/>\n<meta property=\"og:description\" content=\"Reloj digital K\u00dcKEN con alarma, calendario y temperatura. Pantalla LED azul, funci\u00f3n SNOOZE y dise\u00f1o blanco con frontal efecto madera. Compacto y funcional.\" \/>\n<meta property=\"og:url\" content=\"https:\/\/kuken.alfadyser.dev\/fr\/produit\/reloj-digital-con-alarma-calendario-y-temperatura\/\" \/>\n<meta property=\"og:site_name\" content=\"K\u00fcken\" \/>\n<meta property=\"article:publisher\" content=\"https:\/\/es-es.facebook.com\/alfadyser\/\" \/>\n<meta property=\"article:modified_time\" content=\"2025-07-22T06:47:45+00:00\" \/>\n<meta property=\"og:image\" content=\"https:\/\/kuken.alfadyser.dev\/wp-content\/uploads\/8425160343576_01.jpg\" \/>\n\t<meta property=\"og:image:width\" content=\"2000\" \/>\n\t<meta property=\"og:image:height\" content=\"2000\" \/>\n\t<meta property=\"og:image:type\" content=\"image\/jpeg\" \/>\n<meta name=\"twitter:card\" content=\"summary_large_image\" \/>\n<meta name=\"twitter:label1\" content=\"Prix\" \/>\n\t<meta name=\"twitter:data1\" content=\"\" \/>\n\t<meta name=\"twitter:label2\" content=\"Disponibilit\u00e9\" \/>\n\t<meta name=\"twitter:data2\" content=\"En stock\" \/>\n<script type=\"application\/ld+json\" class=\"yoast-schema-graph\">{\"@context\":\"https:\/\/schema.org\",\"@graph\":[{\"@type\":\"WebPage\",\"@id\":\"https:\/\/kuken.alfadyser.dev\/producto\/reloj-digital-con-alarma-calendario-y-temperatura\/\",\"url\":\"https:\/\/kuken.alfadyser.dev\/producto\/reloj-digital-con-alarma-calendario-y-temperatura\/\",\"name\":\"RELOJ DIGITAL CON ALARMA \/ CALENDARIO Y TEMPERATURA - K\u00fcken\",\"isPartOf\":{\"@id\":\"https:\/\/kuken.alfadyser.dev\/#website\"},\"primaryImageOfPage\":{\"@id\":\"https:\/\/kuken.alfadyser.dev\/producto\/reloj-digital-con-alarma-calendario-y-temperatura\/#primaryimage\"},\"image\":{\"@id\":\"https:\/\/kuken.alfadyser.dev\/producto\/reloj-digital-con-alarma-calendario-y-temperatura\/#primaryimage\"},\"thumbnailUrl\":\"https:\/\/kuken.alfadyser.dev\/wp-content\/uploads\/8425160343576_01.jpg\",\"datePublished\":\"2023-12-21T10:50:52+00:00\",\"dateModified\":\"2025-07-22T06:47:45+00:00\",\"description\":\"Reloj digital K\u00dcKEN con alarma, calendario y temperatura. Pantalla LED azul, funci\u00f3n SNOOZE y dise\u00f1o blanco con frontal efecto madera. Compacto y funcional.\",\"breadcrumb\":{\"@id\":\"https:\/\/kuken.alfadyser.dev\/producto\/reloj-digital-con-alarma-calendario-y-temperatura\/#breadcrumb\"},\"inLanguage\":\"fr-FR\",\"potentialAction\":[{\"@type\":\"ReadAction\",\"target\":[\"https:\/\/kuken.alfadyser.dev\/producto\/reloj-digital-con-alarma-calendario-y-temperatura\/\"]}]},{\"@type\":\"ImageObject\",\"inLanguage\":\"fr-FR\",\"@id\":\"https:\/\/kuken.alfadyser.dev\/producto\/reloj-digital-con-alarma-calendario-y-temperatura\/#primaryimage\",\"url\":\"https:\/\/kuken.alfadyser.dev\/wp-content\/uploads\/8425160343576_01.jpg\",\"contentUrl\":\"https:\/\/kuken.alfadyser.dev\/wp-content\/uploads\/8425160343576_01.jpg\",\"width\":2000,\"height\":2000,\"caption\":\"RELOJ DIGITAL CON ALARMA \/ CALENDARIO Y TEMPERATURA\"},{\"@type\":\"BreadcrumbList\",\"@id\":\"https:\/\/kuken.alfadyser.dev\/producto\/reloj-digital-con-alarma-calendario-y-temperatura\/#breadcrumb\",\"itemListElement\":[{\"@type\":\"ListItem\",\"position\":1,\"name\":\"Portada\",\"item\":\"https:\/\/kuken.alfadyser.dev\/\"},{\"@type\":\"ListItem\",\"position\":2,\"name\":\"Productos\",\"item\":\"https:\/\/kuken.alfadyser.dev\/productos\/\"},{\"@type\":\"ListItem\",\"position\":3,\"name\":\"RELOJ DIGITAL CON ALARMA \/ CALENDARIO Y TEMPERATURA\"}]},{\"@type\":\"WebSite\",\"@id\":\"https:\/\/kuken.alfadyser.dev\/#website\",\"url\":\"https:\/\/kuken.alfadyser.dev\/\",\"name\":\"K\u00fcken\",\"description\":\"Amplia gama de peque\u00f1o electrodom\u00e9stico k\u00fcken\",\"publisher\":{\"@id\":\"https:\/\/kuken.alfadyser.dev\/#organization\"},\"potentialAction\":[{\"@type\":\"SearchAction\",\"target\":{\"@type\":\"EntryPoint\",\"urlTemplate\":\"https:\/\/kuken.alfadyser.dev\/?s={search_term_string}\"},\"query-input\":{\"@type\":\"PropertyValueSpecification\",\"valueRequired\":true,\"valueName\":\"search_term_string\"}}],\"inLanguage\":\"fr-FR\"},{\"@type\":\"Organization\",\"@id\":\"https:\/\/kuken.alfadyser.dev\/#organization\",\"name\":\"Alfa Dyser\",\"url\":\"https:\/\/kuken.alfadyser.dev\/\",\"logo\":{\"@type\":\"ImageObject\",\"inLanguage\":\"fr-FR\",\"@id\":\"https:\/\/kuken.alfadyser.dev\/#\/schema\/logo\/image\/\",\"url\":\"https:\/\/kuken.alfadyser.dev\/wp-content\/uploads\/2019\/04\/kuken-logo.png\",\"contentUrl\":\"https:\/\/kuken.alfadyser.dev\/wp-content\/uploads\/2019\/04\/kuken-logo.png\",\"width\":500,\"height\":191,\"caption\":\"Alfa Dyser\"},\"image\":{\"@id\":\"https:\/\/kuken.alfadyser.dev\/#\/schema\/logo\/image\/\"},\"sameAs\":[\"https:\/\/es-es.facebook.com\/alfadyser\/\",\"https:\/\/www.instagram.com\/kuken_appliances\/\"]}]}<\/script>\n<meta property=\"product:price:currency\" content=\"EUR\" \/>\n<meta property=\"og:availability\" content=\"instock\" \/>\n<meta property=\"product:availability\" content=\"instock\" \/>\n<meta property=\"product:retailer_item_id\" content=\"34357\" \/>\n<meta property=\"product:condition\" content=\"new\" \/>\n<!-- \/ Yoast SEO Premium plugin. -->","yoast_head_json":{"title":"RELOJ DIGITAL CON ALARMA \/ CALENDARIO Y TEMPERATURA - K\u00fcken","description":"Reloj digital K\u00dcKEN con alarma, calendario y temperatura. Pantalla LED azul, funci\u00f3n SNOOZE y dise\u00f1o blanco con frontal efecto madera. Compacto y funcional.","robots":{"index":"noindex","follow":"follow","max-snippet":"max-snippet:-1","max-image-preview":"max-image-preview:large","max-video-preview":"max-video-preview:-1"},"og_locale":"fr_FR","og_type":"article","og_title":"RELOJ DIGITAL CON ALARMA \/ CALENDARIO Y TEMPERATURA","og_description":"Reloj digital K\u00dcKEN con alarma, calendario y temperatura. Pantalla LED azul, funci\u00f3n SNOOZE y dise\u00f1o blanco con frontal efecto madera. Compacto y funcional.","og_url":"https:\/\/kuken.alfadyser.dev\/fr\/produit\/reloj-digital-con-alarma-calendario-y-temperatura\/","og_site_name":"K\u00fcken","article_publisher":"https:\/\/es-es.facebook.com\/alfadyser\/","article_modified_time":"2025-07-22T06:47:45+00:00","og_image":[{"width":2000,"height":2000,"url":"https:\/\/kuken.alfadyser.dev\/wp-content\/uploads\/8425160343576_01.jpg","type":"image\/jpeg"}],"twitter_card":"summary_large_image","twitter_misc":{"Prix":"","Disponibilit\u00e9":"En stock"},"schema":{"@context":"https:\/\/schema.org","@graph":[{"@type":"WebPage","@id":"https:\/\/kuken.alfadyser.dev\/producto\/reloj-digital-con-alarma-calendario-y-temperatura\/","url":"https:\/\/kuken.alfadyser.dev\/producto\/reloj-digital-con-alarma-calendario-y-temperatura\/","name":"RELOJ DIGITAL CON ALARMA \/ CALENDARIO Y TEMPERATURA - K\u00fcken","isPartOf":{"@id":"https:\/\/kuken.alfadyser.dev\/#website"},"primaryImageOfPage":{"@id":"https:\/\/kuken.alfadyser.dev\/producto\/reloj-digital-con-alarma-calendario-y-temperatura\/#primaryimage"},"image":{"@id":"https:\/\/kuken.alfadyser.dev\/producto\/reloj-digital-con-alarma-calendario-y-temperatura\/#primaryimage"},"thumbnailUrl":"https:\/\/kuken.alfadyser.dev\/wp-content\/uploads\/8425160343576_01.jpg","datePublished":"2023-12-21T10:50:52+00:00","dateModified":"2025-07-22T06:47:45+00:00","description":"Reloj digital K\u00dcKEN con alarma, calendario y temperatura. Pantalla LED azul, funci\u00f3n SNOOZE y dise\u00f1o blanco con frontal efecto madera. Compacto y funcional.","breadcrumb":{"@id":"https:\/\/kuken.alfadyser.dev\/producto\/reloj-digital-con-alarma-calendario-y-temperatura\/#breadcrumb"},"inLanguage":"fr-FR","potentialAction":[{"@type":"ReadAction","target":["https:\/\/kuken.alfadyser.dev\/producto\/reloj-digital-con-alarma-calendario-y-temperatura\/"]}]},{"@type":"ImageObject","inLanguage":"fr-FR","@id":"https:\/\/kuken.alfadyser.dev\/producto\/reloj-digital-con-alarma-calendario-y-temperatura\/#primaryimage","url":"https:\/\/kuken.alfadyser.dev\/wp-content\/uploads\/8425160343576_01.jpg","contentUrl":"https:\/\/kuken.alfadyser.dev\/wp-content\/uploads\/8425160343576_01.jpg","width":2000,"height":2000,"caption":"RELOJ DIGITAL CON ALARMA \/ CALENDARIO Y TEMPERATURA"},{"@type":"BreadcrumbList","@id":"https:\/\/kuken.alfadyser.dev\/producto\/reloj-digital-con-alarma-calendario-y-temperatura\/#breadcrumb","itemListElement":[{"@type":"ListItem","position":1,"name":"Portada","item":"https:\/\/kuken.alfadyser.dev\/"},{"@type":"ListItem","position":2,"name":"Productos","item":"https:\/\/kuken.alfadyser.dev\/productos\/"},{"@type":"ListItem","position":3,"name":"RELOJ DIGITAL CON ALARMA \/ CALENDARIO Y TEMPERATURA"}]},{"@type":"WebSite","@id":"https:\/\/kuken.alfadyser.dev\/#website","url":"https:\/\/kuken.alfadyser.dev\/","name":"K\u00fcken","description":"Large gamme de petits appareils m\u00e9nagers k\u00fcken","publisher":{"@id":"https:\/\/kuken.alfadyser.dev\/#organization"},"potentialAction":[{"@type":"SearchAction","target":{"@type":"EntryPoint","urlTemplate":"https:\/\/kuken.alfadyser.dev\/?s={search_term_string}"},"query-input":{"@type":"PropertyValueSpecification","valueRequired":true,"valueName":"search_term_string"}}],"inLanguage":"fr-FR"},{"@type":"Organization","@id":"https:\/\/kuken.alfadyser.dev\/#organization","name":"Alpha Dyser","url":"https:\/\/kuken.alfadyser.dev\/","logo":{"@type":"ImageObject","inLanguage":"fr-FR","@id":"https:\/\/kuken.alfadyser.dev\/#\/schema\/logo\/image\/","url":"https:\/\/kuken.alfadyser.dev\/wp-content\/uploads\/2019\/04\/kuken-logo.png","contentUrl":"https:\/\/kuken.alfadyser.dev\/wp-content\/uploads\/2019\/04\/kuken-logo.png","width":500,"height":191,"caption":"Alfa Dyser"},"image":{"@id":"https:\/\/kuken.alfadyser.dev\/#\/schema\/logo\/image\/"},"sameAs":["https:\/\/es-es.facebook.com\/alfadyser\/","https:\/\/www.instagram.com\/kuken_appliances\/"]}]},"product_price_currency":"EUR","og_availability":"instock","product_availability":"instock","product_retailer_item_id":"34357","product_condition":"new"},"_links":{"self":[{"href":"https:\/\/kuken.alfadyser.dev\/fr\/wp-json\/wp\/v2\/product\/10843","targetHints":{"allow":["GET"]}}],"collection":[{"href":"https:\/\/kuken.alfadyser.dev\/fr\/wp-json\/wp\/v2\/product"}],"about":[{"href":"https:\/\/kuken.alfadyser.dev\/fr\/wp-json\/wp\/v2\/types\/product"}],"wp:featuredmedia":[{"embeddable":true,"href":"https:\/\/kuken.alfadyser.dev\/fr\/wp-json\/wp\/v2\/media\/10844"}],"wp:attachment":[{"href":"https:\/\/kuken.alfadyser.dev\/fr\/wp-json\/wp\/v2\/media?parent=10843"}],"wp:term":[{"taxonomy":"product_brand","embeddable":true,"href":"https:\/\/kuken.alfadyser.dev\/fr\/wp-json\/wp\/v2\/product_brand?post=10843"},{"taxonomy":"product_cat","embeddable":true,"href":"https:\/\/kuken.alfadyser.dev\/fr\/wp-json\/wp\/v2\/product_cat?post=10843"},{"taxonomy":"product_tag","embeddable":true,"href":"https:\/\/kuken.alfadyser.dev\/fr\/wp-json\/wp\/v2\/product_tag?post=10843"}],"curies":[{"name":"wp","href":"https:\/\/api.w.org\/{rel}","templated":true}]}}