{"id":10672,"date":"2023-09-21T11:46:27","date_gmt":"2023-09-21T09:46:27","guid":{"rendered":"https:\/\/kuken.alfadyser.dev\/?post_type=product&#038;p=10672"},"modified":"2025-07-22T09:22:21","modified_gmt":"2025-07-22T07:22:21","slug":"freidora-sin-aceite-digital-5-litros-con-ventanilla-1500w-kuken","status":"publish","type":"product","link":"https:\/\/kuken.alfadyser.dev\/fr\/produit\/freidora-sin-aceite-digital-5-litros-con-ventanilla-1500w-kuken\/","title":{"rendered":"FRITEUSE DIGITALE SANS HUILE K\u00dcKEN 5L AVEC FEN\u00caTRE 1500W"},"content":{"rendered":"<p>FRITEUSE DIGITALE SANS HUILE K\u00dcKEN 5L AVEC FEN\u00caTRE 1500W<\/p>\n<ul data-start=\"910\" data-end=\"1803\">\n<li class=\"\" data-start=\"910\" data-end=\"985\">\n<p class=\"\" data-start=\"912\" data-end=\"985\">Capacidad de 5 litros, perfecta para preparar porciones familiares.<\/p>\n<\/li>\n<li class=\"\" data-start=\"986\" data-end=\"1044\">\n<p class=\"\" data-start=\"988\" data-end=\"1044\">Potencia de 1500W, rendimiento eficiente y r\u00e1pido.<\/p>\n<\/li>\n<li class=\"\" data-start=\"1045\" data-end=\"1122\">\n<p class=\"\" data-start=\"1047\" data-end=\"1122\">Pantalla t\u00e1ctil, controla tiempo y temperatura con precisi\u00f3n.<\/p>\n<\/li>\n<li class=\"\" data-start=\"1123\" data-end=\"1208\">\n<p class=\"\" data-start=\"1125\" data-end=\"1208\">6 programas gu\u00eda preinstalados, facilitan el cocinado de distintos alimentos.<\/p>\n<\/li>\n<li class=\"\" data-start=\"1209\" data-end=\"1279\">\n<p class=\"\" data-start=\"1211\" data-end=\"1279\">Temperatura m\u00e1xima de 200\u202f\u00b0C, adecuada para m\u00faltiples recetas.<\/p>\n<\/li>\n<li class=\"\" data-start=\"1280\" data-end=\"1355\">\n<p class=\"\" data-start=\"1282\" data-end=\"1355\">Cestillo extra\u00edble antiadherente, incluye rejilla separa jugos.<\/p>\n<\/li>\n<li class=\"\" data-start=\"1356\" data-end=\"1417\">\n<p class=\"\" data-start=\"1358\" data-end=\"1417\">Libre de BPA, desmontable y con mango ergon\u00f3mico.<\/p>\n<\/li>\n<li class=\"\" data-start=\"1418\" data-end=\"1502\">\n<p class=\"\" data-start=\"1420\" data-end=\"1502\">Ventana frontal y luz interior, permite supervisar la cocci\u00f3n sin abrir.<\/p>\n<\/li>\n<li class=\"\" data-start=\"1503\" data-end=\"1581\">\n<p class=\"\" data-start=\"1505\" data-end=\"1581\">Dise\u00f1o en blanco con detalles en acero inoxidable, moderno y elegante.<\/p>\n<\/li>\n<li class=\"\" data-start=\"1582\" data-end=\"1666\">\n<p class=\"\" data-start=\"1584\" data-end=\"1666\">Cuerpo de tacto fr\u00edo y base con patas antideslizantes, m\u00e1xima seguridad.<\/p>\n<\/li>\n<li class=\"\" data-start=\"1667\" data-end=\"1717\">\n<p class=\"\" data-start=\"1669\" data-end=\"1717\">Dise\u00f1o compacto: \u00f821\u202fcm \u00d7 27\u202fcm de altura.<\/p>\n<\/li>\n<li class=\"\" data-start=\"1718\" data-end=\"1803\">\n<p class=\"\" data-start=\"1720\" data-end=\"1803\">Cocina sin olores ni residuos con tecnolog\u00eda de aire caliente por convecci\u00f3n.<\/p>\n<\/li>\n<\/ul>\n<p><div class=\"accordion\"><div class=\"mfn-acc accordion_wrapper  toggle\"><br \/>\n<div class=\"question\"><div class=\"title\"><i class=\"icon-plus acc-icon-plus\" aria-hidden=\"true\"><\/i><i class=\"icon-minus acc-icon-minus\" aria-hidden=\"true\"><\/i>Donn\u00e9es du produit<\/div><div class=\"answer\">EAN 8425160343682<\/p>\n<p>FRITEUSE DIGITALE SANS HUILE K\u00dcKEN 5L AVEC FEN\u00caTRE 1500W<\/p>\n<p>Unit\u00e9 d'emballage 1<br \/>\nColor\u00a0 Blanco y acero inox<br \/>\nEmballage Bo\u00eete color\u00e9e<br \/>\nPuissance 1500 W<br \/>\nTension 230 V<br \/>\nCapacit\u00e9 de 5 litres.<br \/>\nMat\u00e9riau PC tr\u00e8s r\u00e9sistant.<br \/>\nD\u00e9tachable Oui<\/p>\n<p>Pieds antid\u00e9rapants Oui<\/div><\/div>\n<\/div><\/div>\n<br \/>\n<div class=\"accordion\"><div class=\"mfn-acc accordion_wrapper  toggle\"><div class=\"question\"><div class=\"title\"><i class=\"icon-plus acc-icon-plus\" aria-hidden=\"true\"><\/i><i class=\"icon-minus acc-icon-minus\" aria-hidden=\"true\"><\/i>Accessoires<\/div><div class=\"answer\"><\/div><\/div>\n<\/div><\/div>\n<\/p>\n<div class=\"descargas-producto\"><img loading=\"lazy\" decoding=\"async\" src=\"\/wp-content\/uploads\/2019\/12\/picto-descarrega.png\" alt=\"t\u00e9l\u00e9charger la fiche technique\" width=\"23\" height=\"16\" \/>T\u00e9l\u00e9charger la fiche<br \/>\n<img loading=\"lazy\" decoding=\"async\" src=\"\/wp-content\/uploads\/2019\/12\/picto-descarrega.png\" alt=\"t\u00e9l\u00e9charger le manuel d&#039;instructions\" width=\"23\" height=\"16\" \/><a href=\"https:\/\/kuken.alfadyser.dev\/wp-content\/uploads\/34368_manual_instrucciones_compressed.pdf\">T\u00e9l\u00e9charger le manuel<\/a><\/div>\n<div><\/div>\n<div><span style=\"color: #bf2121\">Suivez-nous sur les m\u00e9dias sociaux !<\/span><\/div>\n<div><a href=\"https:\/\/www.instagram.com\/kuken_appliances\/\">https:\/\/www.instagram.com\/kuken_appliances\/<\/a><\/div>\n<p><iframe loading=\"lazy\" title=\"FREIDORA BLANCA SIN ACEITE DIGITAL 5L CON VENTANA K\u00dcKEN\" width=\"560\" height=\"315\" src=\"https:\/\/www.youtube.com\/embed\/G9dzWdpnv5U?feature=oembed\" frameborder=\"0\" allow=\"accelerometer; autoplay; clipboard-write; encrypted-media; gyroscope; picture-in-picture; web-share\" referrerpolicy=\"strict-origin-when-cross-origin\" allowfullscreen><\/iframe><\/p>","protected":false},"excerpt":{"rendered":"<p class=\"\" data-start=\"677\" data-end=\"839\">Disfruta de comidas m\u00e1s sanas sin esfuerzo. Con control t\u00e1ctil, luz interior y ventana de cocci\u00f3n, esta freidora es ideal para cocinar con precisi\u00f3n y sin aceite.<\/p>","protected":false},"featured_media":10823,"template":"","meta":[],"product_brand":[],"product_cat":[197],"product_tag":[],"class_list":{"0":"post-10672","1":"product","2":"type-product","3":"status-publish","4":"has-post-thumbnail","6":"product_cat-freidoras","8":"first","9":"instock","10":"shipping-taxable","11":"product-type-simple"},"yoast_head":"<!-- This site is optimized with the Yoast SEO Premium plugin v24.0 (Yoast SEO v26.5) - https:\/\/yoast.com\/wordpress\/plugins\/seo\/ -->\n<title>FREIDORA SIN ACEITE DIGITAL 5L CON VENTANILLA 1500W K\u00dcKEN - K\u00fcken<\/title>\n<meta name=\"description\" content=\"Freidora sin aceite digital 5L con ventanilla K\u00dcKEN, con 6 programas, luz interior, pantalla t\u00e1ctil y dise\u00f1o blanco acero. Cocina sin grasas ni olores.\" \/>\n<meta name=\"robots\" content=\"noindex, follow, max-snippet:-1, max-image-preview:large, max-video-preview:-1\" \/>\n<meta property=\"og:locale\" content=\"fr_FR\" \/>\n<meta property=\"og:type\" content=\"article\" \/>\n<meta property=\"og:title\" content=\"FREIDORA SIN ACEITE DIGITAL 5L CON VENTANILLA 1500W K\u00dcKEN\" \/>\n<meta property=\"og:description\" content=\"Freidora sin aceite digital 5L con ventanilla K\u00dcKEN, con 6 programas, luz interior, pantalla t\u00e1ctil y dise\u00f1o blanco acero. Cocina sin grasas ni olores.\" \/>\n<meta property=\"og:url\" content=\"https:\/\/kuken.alfadyser.dev\/fr\/produit\/freidora-sin-aceite-digital-5-litros-con-ventanilla-1500w-kuken\/\" \/>\n<meta property=\"og:site_name\" content=\"K\u00fcken\" \/>\n<meta property=\"article:publisher\" content=\"https:\/\/es-es.facebook.com\/alfadyser\/\" \/>\n<meta property=\"article:modified_time\" content=\"2025-07-22T07:22:21+00:00\" \/>\n<meta property=\"og:image\" content=\"https:\/\/kuken.alfadyser.dev\/wp-content\/uploads\/8425160343682_01.jpg\" \/>\n\t<meta property=\"og:image:width\" content=\"2000\" \/>\n\t<meta property=\"og:image:height\" content=\"2000\" \/>\n\t<meta property=\"og:image:type\" content=\"image\/jpeg\" \/>\n<meta name=\"twitter:card\" content=\"summary_large_image\" \/>\n<meta name=\"twitter:label1\" content=\"Prix\" \/>\n\t<meta name=\"twitter:data1\" content=\"\" \/>\n\t<meta name=\"twitter:label2\" content=\"Disponibilit\u00e9\" \/>\n\t<meta name=\"twitter:data2\" content=\"En stock\" \/>\n<script type=\"application\/ld+json\" class=\"yoast-schema-graph\">{\"@context\":\"https:\/\/schema.org\",\"@graph\":[{\"@type\":\"WebPage\",\"@id\":\"https:\/\/kuken.alfadyser.dev\/producto\/freidora-sin-aceite-digital-5-litros-con-ventanilla-1500w-kuken\/\",\"url\":\"https:\/\/kuken.alfadyser.dev\/producto\/freidora-sin-aceite-digital-5-litros-con-ventanilla-1500w-kuken\/\",\"name\":\"FREIDORA SIN ACEITE DIGITAL 5L CON VENTANILLA 1500W K\u00dcKEN - K\u00fcken\",\"isPartOf\":{\"@id\":\"https:\/\/kuken.alfadyser.dev\/#website\"},\"primaryImageOfPage\":{\"@id\":\"https:\/\/kuken.alfadyser.dev\/producto\/freidora-sin-aceite-digital-5-litros-con-ventanilla-1500w-kuken\/#primaryimage\"},\"image\":{\"@id\":\"https:\/\/kuken.alfadyser.dev\/producto\/freidora-sin-aceite-digital-5-litros-con-ventanilla-1500w-kuken\/#primaryimage\"},\"thumbnailUrl\":\"https:\/\/kuken.alfadyser.dev\/wp-content\/uploads\/8425160343682_01.jpg\",\"datePublished\":\"2023-09-21T09:46:27+00:00\",\"dateModified\":\"2025-07-22T07:22:21+00:00\",\"description\":\"Freidora sin aceite digital 5L con ventanilla K\u00dcKEN, con 6 programas, luz interior, pantalla t\u00e1ctil y dise\u00f1o blanco acero. Cocina sin grasas ni olores.\",\"breadcrumb\":{\"@id\":\"https:\/\/kuken.alfadyser.dev\/producto\/freidora-sin-aceite-digital-5-litros-con-ventanilla-1500w-kuken\/#breadcrumb\"},\"inLanguage\":\"fr-FR\",\"potentialAction\":[{\"@type\":\"ReadAction\",\"target\":[\"https:\/\/kuken.alfadyser.dev\/producto\/freidora-sin-aceite-digital-5-litros-con-ventanilla-1500w-kuken\/\"]}]},{\"@type\":\"ImageObject\",\"inLanguage\":\"fr-FR\",\"@id\":\"https:\/\/kuken.alfadyser.dev\/producto\/freidora-sin-aceite-digital-5-litros-con-ventanilla-1500w-kuken\/#primaryimage\",\"url\":\"https:\/\/kuken.alfadyser.dev\/wp-content\/uploads\/8425160343682_01.jpg\",\"contentUrl\":\"https:\/\/kuken.alfadyser.dev\/wp-content\/uploads\/8425160343682_01.jpg\",\"width\":2000,\"height\":2000},{\"@type\":\"BreadcrumbList\",\"@id\":\"https:\/\/kuken.alfadyser.dev\/producto\/freidora-sin-aceite-digital-5-litros-con-ventanilla-1500w-kuken\/#breadcrumb\",\"itemListElement\":[{\"@type\":\"ListItem\",\"position\":1,\"name\":\"Portada\",\"item\":\"https:\/\/kuken.alfadyser.dev\/\"},{\"@type\":\"ListItem\",\"position\":2,\"name\":\"Productos\",\"item\":\"https:\/\/kuken.alfadyser.dev\/productos\/\"},{\"@type\":\"ListItem\",\"position\":3,\"name\":\"FREIDORA SIN ACEITE DIGITAL 5L CON VENTANILLA 1500W K\u00dcKEN\"}]},{\"@type\":\"WebSite\",\"@id\":\"https:\/\/kuken.alfadyser.dev\/#website\",\"url\":\"https:\/\/kuken.alfadyser.dev\/\",\"name\":\"K\u00fcken\",\"description\":\"Amplia gama de peque\u00f1o electrodom\u00e9stico k\u00fcken\",\"publisher\":{\"@id\":\"https:\/\/kuken.alfadyser.dev\/#organization\"},\"potentialAction\":[{\"@type\":\"SearchAction\",\"target\":{\"@type\":\"EntryPoint\",\"urlTemplate\":\"https:\/\/kuken.alfadyser.dev\/?s={search_term_string}\"},\"query-input\":{\"@type\":\"PropertyValueSpecification\",\"valueRequired\":true,\"valueName\":\"search_term_string\"}}],\"inLanguage\":\"fr-FR\"},{\"@type\":\"Organization\",\"@id\":\"https:\/\/kuken.alfadyser.dev\/#organization\",\"name\":\"Alfa Dyser\",\"url\":\"https:\/\/kuken.alfadyser.dev\/\",\"logo\":{\"@type\":\"ImageObject\",\"inLanguage\":\"fr-FR\",\"@id\":\"https:\/\/kuken.alfadyser.dev\/#\/schema\/logo\/image\/\",\"url\":\"https:\/\/kuken.alfadyser.dev\/wp-content\/uploads\/2019\/04\/kuken-logo.png\",\"contentUrl\":\"https:\/\/kuken.alfadyser.dev\/wp-content\/uploads\/2019\/04\/kuken-logo.png\",\"width\":500,\"height\":191,\"caption\":\"Alfa Dyser\"},\"image\":{\"@id\":\"https:\/\/kuken.alfadyser.dev\/#\/schema\/logo\/image\/\"},\"sameAs\":[\"https:\/\/es-es.facebook.com\/alfadyser\/\",\"https:\/\/www.instagram.com\/kuken_appliances\/\"]}]}<\/script>\n<meta property=\"product:price:currency\" content=\"EUR\" \/>\n<meta property=\"og:availability\" content=\"instock\" \/>\n<meta property=\"product:availability\" content=\"instock\" \/>\n<meta property=\"product:retailer_item_id\" content=\"34368\" \/>\n<meta property=\"product:condition\" content=\"new\" \/>\n<!-- \/ Yoast SEO Premium plugin. -->","yoast_head_json":{"title":"FREIDORA SIN ACEITE DIGITAL 5L CON VENTANILLA 1500W K\u00dcKEN - K\u00fcken","description":"Freidora sin aceite digital 5L con ventanilla K\u00dcKEN, con 6 programas, luz interior, pantalla t\u00e1ctil y dise\u00f1o blanco acero. Cocina sin grasas ni olores.","robots":{"index":"noindex","follow":"follow","max-snippet":"max-snippet:-1","max-image-preview":"max-image-preview:large","max-video-preview":"max-video-preview:-1"},"og_locale":"fr_FR","og_type":"article","og_title":"FREIDORA SIN ACEITE DIGITAL 5L CON VENTANILLA 1500W K\u00dcKEN","og_description":"Freidora sin aceite digital 5L con ventanilla K\u00dcKEN, con 6 programas, luz interior, pantalla t\u00e1ctil y dise\u00f1o blanco acero. Cocina sin grasas ni olores.","og_url":"https:\/\/kuken.alfadyser.dev\/fr\/produit\/freidora-sin-aceite-digital-5-litros-con-ventanilla-1500w-kuken\/","og_site_name":"K\u00fcken","article_publisher":"https:\/\/es-es.facebook.com\/alfadyser\/","article_modified_time":"2025-07-22T07:22:21+00:00","og_image":[{"width":2000,"height":2000,"url":"https:\/\/kuken.alfadyser.dev\/wp-content\/uploads\/8425160343682_01.jpg","type":"image\/jpeg"}],"twitter_card":"summary_large_image","twitter_misc":{"Prix":"","Disponibilit\u00e9":"En stock"},"schema":{"@context":"https:\/\/schema.org","@graph":[{"@type":"WebPage","@id":"https:\/\/kuken.alfadyser.dev\/producto\/freidora-sin-aceite-digital-5-litros-con-ventanilla-1500w-kuken\/","url":"https:\/\/kuken.alfadyser.dev\/producto\/freidora-sin-aceite-digital-5-litros-con-ventanilla-1500w-kuken\/","name":"FREIDORA SIN ACEITE DIGITAL 5L CON VENTANILLA 1500W K\u00dcKEN - K\u00fcken","isPartOf":{"@id":"https:\/\/kuken.alfadyser.dev\/#website"},"primaryImageOfPage":{"@id":"https:\/\/kuken.alfadyser.dev\/producto\/freidora-sin-aceite-digital-5-litros-con-ventanilla-1500w-kuken\/#primaryimage"},"image":{"@id":"https:\/\/kuken.alfadyser.dev\/producto\/freidora-sin-aceite-digital-5-litros-con-ventanilla-1500w-kuken\/#primaryimage"},"thumbnailUrl":"https:\/\/kuken.alfadyser.dev\/wp-content\/uploads\/8425160343682_01.jpg","datePublished":"2023-09-21T09:46:27+00:00","dateModified":"2025-07-22T07:22:21+00:00","description":"Freidora sin aceite digital 5L con ventanilla K\u00dcKEN, con 6 programas, luz interior, pantalla t\u00e1ctil y dise\u00f1o blanco acero. Cocina sin grasas ni olores.","breadcrumb":{"@id":"https:\/\/kuken.alfadyser.dev\/producto\/freidora-sin-aceite-digital-5-litros-con-ventanilla-1500w-kuken\/#breadcrumb"},"inLanguage":"fr-FR","potentialAction":[{"@type":"ReadAction","target":["https:\/\/kuken.alfadyser.dev\/producto\/freidora-sin-aceite-digital-5-litros-con-ventanilla-1500w-kuken\/"]}]},{"@type":"ImageObject","inLanguage":"fr-FR","@id":"https:\/\/kuken.alfadyser.dev\/producto\/freidora-sin-aceite-digital-5-litros-con-ventanilla-1500w-kuken\/#primaryimage","url":"https:\/\/kuken.alfadyser.dev\/wp-content\/uploads\/8425160343682_01.jpg","contentUrl":"https:\/\/kuken.alfadyser.dev\/wp-content\/uploads\/8425160343682_01.jpg","width":2000,"height":2000},{"@type":"BreadcrumbList","@id":"https:\/\/kuken.alfadyser.dev\/producto\/freidora-sin-aceite-digital-5-litros-con-ventanilla-1500w-kuken\/#breadcrumb","itemListElement":[{"@type":"ListItem","position":1,"name":"Portada","item":"https:\/\/kuken.alfadyser.dev\/"},{"@type":"ListItem","position":2,"name":"Productos","item":"https:\/\/kuken.alfadyser.dev\/productos\/"},{"@type":"ListItem","position":3,"name":"FREIDORA SIN ACEITE DIGITAL 5L CON VENTANILLA 1500W K\u00dcKEN"}]},{"@type":"WebSite","@id":"https:\/\/kuken.alfadyser.dev\/#website","url":"https:\/\/kuken.alfadyser.dev\/","name":"K\u00fcken","description":"Large gamme de petits appareils m\u00e9nagers k\u00fcken","publisher":{"@id":"https:\/\/kuken.alfadyser.dev\/#organization"},"potentialAction":[{"@type":"SearchAction","target":{"@type":"EntryPoint","urlTemplate":"https:\/\/kuken.alfadyser.dev\/?s={search_term_string}"},"query-input":{"@type":"PropertyValueSpecification","valueRequired":true,"valueName":"search_term_string"}}],"inLanguage":"fr-FR"},{"@type":"Organization","@id":"https:\/\/kuken.alfadyser.dev\/#organization","name":"Alpha Dyser","url":"https:\/\/kuken.alfadyser.dev\/","logo":{"@type":"ImageObject","inLanguage":"fr-FR","@id":"https:\/\/kuken.alfadyser.dev\/#\/schema\/logo\/image\/","url":"https:\/\/kuken.alfadyser.dev\/wp-content\/uploads\/2019\/04\/kuken-logo.png","contentUrl":"https:\/\/kuken.alfadyser.dev\/wp-content\/uploads\/2019\/04\/kuken-logo.png","width":500,"height":191,"caption":"Alfa Dyser"},"image":{"@id":"https:\/\/kuken.alfadyser.dev\/#\/schema\/logo\/image\/"},"sameAs":["https:\/\/es-es.facebook.com\/alfadyser\/","https:\/\/www.instagram.com\/kuken_appliances\/"]}]},"product_price_currency":"EUR","og_availability":"instock","product_availability":"instock","product_retailer_item_id":"34368","product_condition":"new"},"_links":{"self":[{"href":"https:\/\/kuken.alfadyser.dev\/fr\/wp-json\/wp\/v2\/product\/10672","targetHints":{"allow":["GET"]}}],"collection":[{"href":"https:\/\/kuken.alfadyser.dev\/fr\/wp-json\/wp\/v2\/product"}],"about":[{"href":"https:\/\/kuken.alfadyser.dev\/fr\/wp-json\/wp\/v2\/types\/product"}],"wp:featuredmedia":[{"embeddable":true,"href":"https:\/\/kuken.alfadyser.dev\/fr\/wp-json\/wp\/v2\/media\/10823"}],"wp:attachment":[{"href":"https:\/\/kuken.alfadyser.dev\/fr\/wp-json\/wp\/v2\/media?parent=10672"}],"wp:term":[{"taxonomy":"product_brand","embeddable":true,"href":"https:\/\/kuken.alfadyser.dev\/fr\/wp-json\/wp\/v2\/product_brand?post=10672"},{"taxonomy":"product_cat","embeddable":true,"href":"https:\/\/kuken.alfadyser.dev\/fr\/wp-json\/wp\/v2\/product_cat?post=10672"},{"taxonomy":"product_tag","embeddable":true,"href":"https:\/\/kuken.alfadyser.dev\/fr\/wp-json\/wp\/v2\/product_tag?post=10672"}],"curies":[{"name":"wp","href":"https:\/\/api.w.org\/{rel}","templated":true}]}}