{"id":10466,"date":"2023-08-07T10:59:12","date_gmt":"2023-08-07T08:59:12","guid":{"rendered":"https:\/\/kuken.alfadyser.dev\/?post_type=product&#038;p=10466"},"modified":"2025-07-22T10:29:31","modified_gmt":"2025-07-22T08:29:31","slug":"aspirador-mano-a-bateria-kuken-12-6v","status":"publish","type":"product","link":"https:\/\/kuken.alfadyser.dev\/fr\/produit\/aspirador-mano-a-bateria-kuken-12-6v\/","title":{"rendered":"KUKEN 12.6V BATTERY POWERED HAND HOOVER"},"content":{"rendered":"<p>KUKEN 12.6V BATTERY POWERED HAND HOOVER<\/p>\n<ul data-start=\"907\" data-end=\"1626\">\n<li data-start=\"907\" data-end=\"979\">\n<p data-start=\"909\" data-end=\"979\">Tecnolog\u00eda ADVANCE CYCLONIC, para aspiraci\u00f3n constante y eficaz.<\/p>\n<\/li>\n<li data-start=\"980\" data-end=\"1053\">\n<p data-start=\"982\" data-end=\"1053\">Funci\u00f3n seco\/h\u00famedo, adaptada a distintas superficies y residuos.<\/p>\n<\/li>\n<li data-start=\"1054\" data-end=\"1115\">\n<p data-start=\"1056\" data-end=\"1115\">Motor DC de alto rendimiento, silencioso y confiable.<\/p>\n<\/li>\n<li data-start=\"1116\" data-end=\"1174\">\n<p data-start=\"1118\" data-end=\"1174\">Potencia de 80W, \u00f3ptima para limpiezas vers\u00e1tiles.<\/p>\n<\/li>\n<li data-start=\"1175\" data-end=\"1231\">\n<p data-start=\"1177\" data-end=\"1231\">Succi\u00f3n de 3500\u202fPa, adecuada para el uso diario.<\/p>\n<\/li>\n<li data-start=\"1232\" data-end=\"1290\">\n<p data-start=\"1234\" data-end=\"1290\">Dep\u00f3sito de 240 ml, desmontable y f\u00e1cil de vaciar.<\/p>\n<\/li>\n<li data-start=\"1291\" data-end=\"1369\">\n<p data-start=\"1293\" data-end=\"1369\">Bater\u00eda recargable de 12.6V (2000mAh) con autonom\u00eda de 18 minutos.<\/p>\n<\/li>\n<li data-start=\"1370\" data-end=\"1426\">\n<p data-start=\"1372\" data-end=\"1426\">Mango ergon\u00f3mico, facilita el manejo sin fatiga.<\/p>\n<\/li>\n<li data-start=\"1427\" data-end=\"1492\">\n<p data-start=\"1429\" data-end=\"1492\">Filtro lavable, reutilizable y de mantenimiento sencillo.<\/p>\n<\/li>\n<li data-start=\"1493\" data-end=\"1561\">\n<p data-start=\"1495\" data-end=\"1561\">Incluye boquilla y cepillo para una limpieza m\u00e1s espec\u00edfica.<\/p>\n<\/li>\n<li data-start=\"1562\" data-end=\"1626\">\n<p data-start=\"1564\" data-end=\"1626\">Ideal para el coche y el hogar, gracias a su portabilidad.<\/p>\n<\/li>\n<\/ul>\n<div class=\"accordion\"><div class=\"mfn-acc accordion_wrapper  toggle\"><br \/>\n<div class=\"question\"><div class=\"title\"><i class=\"icon-plus acc-icon-plus\" aria-hidden=\"true\"><\/i><i class=\"icon-minus acc-icon-minus\" aria-hidden=\"true\"><\/i>Donn\u00e9es du produit<\/div><div class=\"answer\"><\/p>\n<p><span class=\"label\">KUKEN 12.6V BATTERY POWERED HAND HOOVER<\/span><\/p>\n<p><span class=\"label\">EAN<\/span> <span class=\"data\">8425160370206<\/span><br \/>\n<span class=\"label\">Unit\u00e9 d'emballage<\/span> <span class=\"data\">1<\/span><br \/>\n<span class=\"label\">Couleur<\/span> <span class=\"data\">Blanco y Azul<\/span><br \/>\n<span class=\"label\">Emballage<\/span> <span class=\"data\">Caja de Color<\/span><br \/>\n<span class=\"label\">Puissance<\/span> <span class=\"data\">12,6 V<\/span><br \/>\n<span class=\"label\">Tension<\/span> <span class=\"data\">230 V<\/span><br \/>\n<span class=\"label\">Mat\u00e9riau<\/span> <span class=\"data\">PC haute r\u00e9sistance<\/span><br \/>\n<span class=\"label\">Poids<\/span> <span class=\"data\">0,6 kg<\/span><br \/>\n<\/div><\/div>\n<br \/>\n<\/div><\/div>\n\n<div class=\"accordion\"><div class=\"mfn-acc accordion_wrapper  toggle\"><br \/>\n<div class=\"question\"><div class=\"title\"><i class=\"icon-plus acc-icon-plus\" aria-hidden=\"true\"><\/i><i class=\"icon-minus acc-icon-minus\" aria-hidden=\"true\"><\/i>Accessoires<\/div><div class=\"answer\"><br \/>\n1 boquilla alargada parara rincones de difi\u0301cil acceso.<br \/>\n1 boquilla con cerdas para aspirar alfombras.<\/p>\n<p><\/div><\/div>\n<br \/>\n<\/div><\/div>\n\n<div class=\"descargas-producto\"><img loading=\"lazy\" decoding=\"async\" src=\"\/wp-content\/uploads\/2019\/12\/picto-descarrega.png\" alt=\"t\u00e9l\u00e9charger la fiche technique\" width=\"23\" height=\"16\" \/><a href=\"https:\/\/kuken.alfadyser.dev\/wp-content\/uploads\/8425160370206_ficha_tecnica.pdf\">T\u00e9l\u00e9charger la fiche<\/a><br \/>\n<img loading=\"lazy\" decoding=\"async\" src=\"\/wp-content\/uploads\/2019\/12\/picto-descarrega.png\" alt=\"t\u00e9l\u00e9charger le manuel d&#039;instructions\" width=\"23\" height=\"16\" \/><a href=\"https:\/\/kuken.alfadyser.dev\/wp-content\/uploads\/37020_instrucciones_compressed.pdf\">T\u00e9l\u00e9charger le manuel<\/a><\/div>\n<div><span style=\"color: #bf2121\">Suivez-nous sur les m\u00e9dias sociaux !<\/span><\/div>\n<div><a href=\"https:\/\/www.instagram.com\/kuken_appliances\/\">https:\/\/www.instagram.com\/kuken_appliances\/<\/a><\/div>\n<p><iframe loading=\"lazy\" title=\"Aspirador mano a bater\u00eda 12.6V. K\u00fcken\" width=\"560\" height=\"315\" src=\"https:\/\/www.youtube.com\/embed\/tT57t4Lp12I?feature=oembed\" frameborder=\"0\" allow=\"accelerometer; autoplay; clipboard-write; encrypted-media; gyroscope; picture-in-picture; web-share\" referrerpolicy=\"strict-origin-when-cross-origin\" allowfullscreen><\/iframe><\/p>","protected":false},"excerpt":{"rendered":"<p data-start=\"552\" data-end=\"715\">Limpia con libertad y potencia. Este aspirador combina dise\u00f1o sin cable, autonom\u00eda eficiente y accesorios \u00fatiles para mantener tu hogar o coche siempre impecables.<\/p>\n<blockquote data-start=\"717\" data-end=\"839\">\n<p data-start=\"719\" data-end=\"839\">\n<\/blockquote>","protected":false},"featured_media":10484,"template":"","meta":[],"product_brand":[],"product_cat":[208],"product_tag":[],"class_list":{"0":"post-10466","1":"product","2":"type-product","3":"status-publish","4":"has-post-thumbnail","6":"product_cat-aspiradores","8":"first","9":"instock","10":"product-type-simple"},"yoast_head":"<!-- This site is optimized with the Yoast SEO Premium plugin v24.0 (Yoast SEO v26.5) - https:\/\/yoast.com\/wordpress\/plugins\/seo\/ -->\n<title>ASPIRADOR MANO A BATER\u00cdA KUKEN 12.6V - K\u00fcken<\/title>\n<meta name=\"description\" content=\"Aspirador mano a bater\u00eda Kuken 12.6V con succi\u00f3n cicl\u00f3nica, potente, ergon\u00f3mico y con accesorios. Ideal para limpieza en seco y h\u00famedo en coche o casa.\" \/>\n<meta name=\"robots\" content=\"noindex, follow, max-snippet:-1, max-image-preview:large, max-video-preview:-1\" \/>\n<meta property=\"og:locale\" content=\"fr_FR\" \/>\n<meta property=\"og:type\" content=\"article\" \/>\n<meta property=\"og:title\" content=\"ASPIRADOR MANO A BATER\u00cdA KUKEN 12.6V\" \/>\n<meta property=\"og:description\" content=\"Aspirador mano a bater\u00eda Kuken 12.6V con succi\u00f3n cicl\u00f3nica, potente, ergon\u00f3mico y con accesorios. Ideal para limpieza en seco y h\u00famedo en coche o casa.\" \/>\n<meta property=\"og:url\" content=\"https:\/\/kuken.alfadyser.dev\/fr\/produit\/aspirador-mano-a-bateria-kuken-12-6v\/\" \/>\n<meta property=\"og:site_name\" content=\"K\u00fcken\" \/>\n<meta property=\"article:publisher\" content=\"https:\/\/es-es.facebook.com\/alfadyser\/\" \/>\n<meta property=\"article:modified_time\" content=\"2025-07-22T08:29:31+00:00\" \/>\n<meta property=\"og:image\" content=\"https:\/\/kuken.alfadyser.dev\/wp-content\/uploads\/8425160370206_01.jpg\" \/>\n\t<meta property=\"og:image:width\" content=\"2000\" \/>\n\t<meta property=\"og:image:height\" content=\"2000\" \/>\n\t<meta property=\"og:image:type\" content=\"image\/jpeg\" \/>\n<meta name=\"twitter:card\" content=\"summary_large_image\" \/>\n<meta name=\"twitter:label1\" content=\"Prix\" \/>\n\t<meta name=\"twitter:data1\" content=\"\" \/>\n\t<meta name=\"twitter:label2\" content=\"Disponibilit\u00e9\" \/>\n\t<meta name=\"twitter:data2\" content=\"En stock\" \/>\n<script type=\"application\/ld+json\" class=\"yoast-schema-graph\">{\"@context\":\"https:\/\/schema.org\",\"@graph\":[{\"@type\":\"WebPage\",\"@id\":\"https:\/\/kuken.alfadyser.dev\/producto\/aspirador-mano-a-bateria-kuken-12-6v\/\",\"url\":\"https:\/\/kuken.alfadyser.dev\/producto\/aspirador-mano-a-bateria-kuken-12-6v\/\",\"name\":\"ASPIRADOR MANO A BATER\u00cdA KUKEN 12.6V - K\u00fcken\",\"isPartOf\":{\"@id\":\"https:\/\/kuken.alfadyser.dev\/#website\"},\"primaryImageOfPage\":{\"@id\":\"https:\/\/kuken.alfadyser.dev\/producto\/aspirador-mano-a-bateria-kuken-12-6v\/#primaryimage\"},\"image\":{\"@id\":\"https:\/\/kuken.alfadyser.dev\/producto\/aspirador-mano-a-bateria-kuken-12-6v\/#primaryimage\"},\"thumbnailUrl\":\"https:\/\/kuken.alfadyser.dev\/wp-content\/uploads\/8425160370206_01.jpg\",\"datePublished\":\"2023-08-07T08:59:12+00:00\",\"dateModified\":\"2025-07-22T08:29:31+00:00\",\"description\":\"Aspirador mano a bater\u00eda Kuken 12.6V con succi\u00f3n cicl\u00f3nica, potente, ergon\u00f3mico y con accesorios. Ideal para limpieza en seco y h\u00famedo en coche o casa.\",\"breadcrumb\":{\"@id\":\"https:\/\/kuken.alfadyser.dev\/producto\/aspirador-mano-a-bateria-kuken-12-6v\/#breadcrumb\"},\"inLanguage\":\"fr-FR\",\"potentialAction\":[{\"@type\":\"ReadAction\",\"target\":[\"https:\/\/kuken.alfadyser.dev\/producto\/aspirador-mano-a-bateria-kuken-12-6v\/\"]}]},{\"@type\":\"ImageObject\",\"inLanguage\":\"fr-FR\",\"@id\":\"https:\/\/kuken.alfadyser.dev\/producto\/aspirador-mano-a-bateria-kuken-12-6v\/#primaryimage\",\"url\":\"https:\/\/kuken.alfadyser.dev\/wp-content\/uploads\/8425160370206_01.jpg\",\"contentUrl\":\"https:\/\/kuken.alfadyser.dev\/wp-content\/uploads\/8425160370206_01.jpg\",\"width\":2000,\"height\":2000},{\"@type\":\"BreadcrumbList\",\"@id\":\"https:\/\/kuken.alfadyser.dev\/producto\/aspirador-mano-a-bateria-kuken-12-6v\/#breadcrumb\",\"itemListElement\":[{\"@type\":\"ListItem\",\"position\":1,\"name\":\"Portada\",\"item\":\"https:\/\/kuken.alfadyser.dev\/\"},{\"@type\":\"ListItem\",\"position\":2,\"name\":\"Productos\",\"item\":\"https:\/\/kuken.alfadyser.dev\/productos\/\"},{\"@type\":\"ListItem\",\"position\":3,\"name\":\"ASPIRADOR MANO A BATER\u00cdA KUKEN 12.6V\"}]},{\"@type\":\"WebSite\",\"@id\":\"https:\/\/kuken.alfadyser.dev\/#website\",\"url\":\"https:\/\/kuken.alfadyser.dev\/\",\"name\":\"K\u00fcken\",\"description\":\"Amplia gama de peque\u00f1o electrodom\u00e9stico k\u00fcken\",\"publisher\":{\"@id\":\"https:\/\/kuken.alfadyser.dev\/#organization\"},\"potentialAction\":[{\"@type\":\"SearchAction\",\"target\":{\"@type\":\"EntryPoint\",\"urlTemplate\":\"https:\/\/kuken.alfadyser.dev\/?s={search_term_string}\"},\"query-input\":{\"@type\":\"PropertyValueSpecification\",\"valueRequired\":true,\"valueName\":\"search_term_string\"}}],\"inLanguage\":\"fr-FR\"},{\"@type\":\"Organization\",\"@id\":\"https:\/\/kuken.alfadyser.dev\/#organization\",\"name\":\"Alfa Dyser\",\"url\":\"https:\/\/kuken.alfadyser.dev\/\",\"logo\":{\"@type\":\"ImageObject\",\"inLanguage\":\"fr-FR\",\"@id\":\"https:\/\/kuken.alfadyser.dev\/#\/schema\/logo\/image\/\",\"url\":\"https:\/\/kuken.alfadyser.dev\/wp-content\/uploads\/2019\/04\/kuken-logo.png\",\"contentUrl\":\"https:\/\/kuken.alfadyser.dev\/wp-content\/uploads\/2019\/04\/kuken-logo.png\",\"width\":500,\"height\":191,\"caption\":\"Alfa Dyser\"},\"image\":{\"@id\":\"https:\/\/kuken.alfadyser.dev\/#\/schema\/logo\/image\/\"},\"sameAs\":[\"https:\/\/es-es.facebook.com\/alfadyser\/\",\"https:\/\/www.instagram.com\/kuken_appliances\/\"]}]}<\/script>\n<meta property=\"product:price:currency\" content=\"EUR\" \/>\n<meta property=\"og:availability\" content=\"instock\" \/>\n<meta property=\"product:availability\" content=\"instock\" \/>\n<meta property=\"product:retailer_item_id\" content=\"37020\" \/>\n<meta property=\"product:condition\" content=\"new\" \/>\n<!-- \/ Yoast SEO Premium plugin. -->","yoast_head_json":{"title":"ASPIRADOR MANO A BATER\u00cdA KUKEN 12.6V - K\u00fcken","description":"Aspirador mano a bater\u00eda Kuken 12.6V con succi\u00f3n cicl\u00f3nica, potente, ergon\u00f3mico y con accesorios. Ideal para limpieza en seco y h\u00famedo en coche o casa.","robots":{"index":"noindex","follow":"follow","max-snippet":"max-snippet:-1","max-image-preview":"max-image-preview:large","max-video-preview":"max-video-preview:-1"},"og_locale":"fr_FR","og_type":"article","og_title":"ASPIRADOR MANO A BATER\u00cdA KUKEN 12.6V","og_description":"Aspirador mano a bater\u00eda Kuken 12.6V con succi\u00f3n cicl\u00f3nica, potente, ergon\u00f3mico y con accesorios. Ideal para limpieza en seco y h\u00famedo en coche o casa.","og_url":"https:\/\/kuken.alfadyser.dev\/fr\/produit\/aspirador-mano-a-bateria-kuken-12-6v\/","og_site_name":"K\u00fcken","article_publisher":"https:\/\/es-es.facebook.com\/alfadyser\/","article_modified_time":"2025-07-22T08:29:31+00:00","og_image":[{"width":2000,"height":2000,"url":"https:\/\/kuken.alfadyser.dev\/wp-content\/uploads\/8425160370206_01.jpg","type":"image\/jpeg"}],"twitter_card":"summary_large_image","twitter_misc":{"Prix":"","Disponibilit\u00e9":"En stock"},"schema":{"@context":"https:\/\/schema.org","@graph":[{"@type":"WebPage","@id":"https:\/\/kuken.alfadyser.dev\/producto\/aspirador-mano-a-bateria-kuken-12-6v\/","url":"https:\/\/kuken.alfadyser.dev\/producto\/aspirador-mano-a-bateria-kuken-12-6v\/","name":"ASPIRADOR MANO A BATER\u00cdA KUKEN 12.6V - K\u00fcken","isPartOf":{"@id":"https:\/\/kuken.alfadyser.dev\/#website"},"primaryImageOfPage":{"@id":"https:\/\/kuken.alfadyser.dev\/producto\/aspirador-mano-a-bateria-kuken-12-6v\/#primaryimage"},"image":{"@id":"https:\/\/kuken.alfadyser.dev\/producto\/aspirador-mano-a-bateria-kuken-12-6v\/#primaryimage"},"thumbnailUrl":"https:\/\/kuken.alfadyser.dev\/wp-content\/uploads\/8425160370206_01.jpg","datePublished":"2023-08-07T08:59:12+00:00","dateModified":"2025-07-22T08:29:31+00:00","description":"Aspirador mano a bater\u00eda Kuken 12.6V con succi\u00f3n cicl\u00f3nica, potente, ergon\u00f3mico y con accesorios. Ideal para limpieza en seco y h\u00famedo en coche o casa.","breadcrumb":{"@id":"https:\/\/kuken.alfadyser.dev\/producto\/aspirador-mano-a-bateria-kuken-12-6v\/#breadcrumb"},"inLanguage":"fr-FR","potentialAction":[{"@type":"ReadAction","target":["https:\/\/kuken.alfadyser.dev\/producto\/aspirador-mano-a-bateria-kuken-12-6v\/"]}]},{"@type":"ImageObject","inLanguage":"fr-FR","@id":"https:\/\/kuken.alfadyser.dev\/producto\/aspirador-mano-a-bateria-kuken-12-6v\/#primaryimage","url":"https:\/\/kuken.alfadyser.dev\/wp-content\/uploads\/8425160370206_01.jpg","contentUrl":"https:\/\/kuken.alfadyser.dev\/wp-content\/uploads\/8425160370206_01.jpg","width":2000,"height":2000},{"@type":"BreadcrumbList","@id":"https:\/\/kuken.alfadyser.dev\/producto\/aspirador-mano-a-bateria-kuken-12-6v\/#breadcrumb","itemListElement":[{"@type":"ListItem","position":1,"name":"Portada","item":"https:\/\/kuken.alfadyser.dev\/"},{"@type":"ListItem","position":2,"name":"Productos","item":"https:\/\/kuken.alfadyser.dev\/productos\/"},{"@type":"ListItem","position":3,"name":"ASPIRADOR MANO A BATER\u00cdA KUKEN 12.6V"}]},{"@type":"WebSite","@id":"https:\/\/kuken.alfadyser.dev\/#website","url":"https:\/\/kuken.alfadyser.dev\/","name":"K\u00fcken","description":"Large gamme de petits appareils m\u00e9nagers k\u00fcken","publisher":{"@id":"https:\/\/kuken.alfadyser.dev\/#organization"},"potentialAction":[{"@type":"SearchAction","target":{"@type":"EntryPoint","urlTemplate":"https:\/\/kuken.alfadyser.dev\/?s={search_term_string}"},"query-input":{"@type":"PropertyValueSpecification","valueRequired":true,"valueName":"search_term_string"}}],"inLanguage":"fr-FR"},{"@type":"Organization","@id":"https:\/\/kuken.alfadyser.dev\/#organization","name":"Alpha Dyser","url":"https:\/\/kuken.alfadyser.dev\/","logo":{"@type":"ImageObject","inLanguage":"fr-FR","@id":"https:\/\/kuken.alfadyser.dev\/#\/schema\/logo\/image\/","url":"https:\/\/kuken.alfadyser.dev\/wp-content\/uploads\/2019\/04\/kuken-logo.png","contentUrl":"https:\/\/kuken.alfadyser.dev\/wp-content\/uploads\/2019\/04\/kuken-logo.png","width":500,"height":191,"caption":"Alfa Dyser"},"image":{"@id":"https:\/\/kuken.alfadyser.dev\/#\/schema\/logo\/image\/"},"sameAs":["https:\/\/es-es.facebook.com\/alfadyser\/","https:\/\/www.instagram.com\/kuken_appliances\/"]}]},"product_price_currency":"EUR","og_availability":"instock","product_availability":"instock","product_retailer_item_id":"37020","product_condition":"new"},"_links":{"self":[{"href":"https:\/\/kuken.alfadyser.dev\/fr\/wp-json\/wp\/v2\/product\/10466","targetHints":{"allow":["GET"]}}],"collection":[{"href":"https:\/\/kuken.alfadyser.dev\/fr\/wp-json\/wp\/v2\/product"}],"about":[{"href":"https:\/\/kuken.alfadyser.dev\/fr\/wp-json\/wp\/v2\/types\/product"}],"wp:featuredmedia":[{"embeddable":true,"href":"https:\/\/kuken.alfadyser.dev\/fr\/wp-json\/wp\/v2\/media\/10484"}],"wp:attachment":[{"href":"https:\/\/kuken.alfadyser.dev\/fr\/wp-json\/wp\/v2\/media?parent=10466"}],"wp:term":[{"taxonomy":"product_brand","embeddable":true,"href":"https:\/\/kuken.alfadyser.dev\/fr\/wp-json\/wp\/v2\/product_brand?post=10466"},{"taxonomy":"product_cat","embeddable":true,"href":"https:\/\/kuken.alfadyser.dev\/fr\/wp-json\/wp\/v2\/product_cat?post=10466"},{"taxonomy":"product_tag","embeddable":true,"href":"https:\/\/kuken.alfadyser.dev\/fr\/wp-json\/wp\/v2\/product_tag?post=10466"}],"curies":[{"name":"wp","href":"https:\/\/api.w.org\/{rel}","templated":true}]}}