{"id":10454,"date":"2023-08-07T09:27:40","date_gmt":"2023-08-07T07:27:40","guid":{"rendered":"https:\/\/kuken.alfadyser.dev\/?post_type=product&#038;p=10454"},"modified":"2025-07-22T10:31:32","modified_gmt":"2025-07-22T08:31:32","slug":"plancha-asar-electrica-kuken-1800w-28x28cm","status":"publish","type":"product","link":"https:\/\/kuken.alfadyser.dev\/fr\/produit\/plancha-asar-electrica-kuken-1800w-28x28cm\/","title":{"rendered":"KUKEN BROIL ELECTRIQUE 28x28CM 1800W 28x28CM 1800W"},"content":{"rendered":"<p>PLANCHA DE ASAR EL\u00c9CTRICA 28x28CM 1800W KUKEN<\/p>\n<ul data-start=\"878\" data-end=\"1528\">\n<li data-start=\"878\" data-end=\"951\">\n<p data-start=\"880\" data-end=\"951\">Potencia de 1800W, eficiente para uso diario en cocinas peque\u00f1as.<\/p>\n<\/li>\n<li data-start=\"952\" data-end=\"1014\">\n<p data-start=\"954\" data-end=\"1014\">Regulador de temperatura con hasta 5 niveles de calor.<\/p>\n<\/li>\n<li data-start=\"1015\" data-end=\"1080\">\n<p data-start=\"1017\" data-end=\"1080\">Superficie antiadherente de 28 x 28 cm, f\u00e1cil de limpiar.<\/p>\n<\/li>\n<li data-start=\"1081\" data-end=\"1146\">\n<p data-start=\"1083\" data-end=\"1146\">Acabado liso, ideal para una cocci\u00f3n uniforme sin aceite.<\/p>\n<\/li>\n<li data-start=\"1147\" data-end=\"1211\">\n<p data-start=\"1149\" data-end=\"1211\">Asas con tacto fr\u00edo, seguras para manipular en caliente.<\/p>\n<\/li>\n<li data-start=\"1212\" data-end=\"1292\">\n<p data-start=\"1214\" data-end=\"1292\">Bandeja recoge jugos, perfecta para mantener la zona de cocinado limpia.<\/p>\n<\/li>\n<li data-start=\"1293\" data-end=\"1380\">\n<p data-start=\"1295\" data-end=\"1380\">Patas antideslizantes, elevan la plancha para evitar calentamiento del soporte.<\/p>\n<\/li>\n<li data-start=\"1381\" data-end=\"1448\">\n<p data-start=\"1383\" data-end=\"1448\">Dise\u00f1o compacto y funcional, se adapta a cualquier espacio.<\/p>\n<\/li>\n<li data-start=\"1449\" data-end=\"1528\">\n<p data-start=\"1451\" data-end=\"1528\">Ideal para asar carnes, verduras o huevos, de forma pr\u00e1ctica y saludable.<\/p>\n<\/li>\n<\/ul>\n<p><div class=\"accordion\"><div class=\"mfn-acc accordion_wrapper  toggle\"><div class=\"question\"><div class=\"title\"><i class=\"icon-plus acc-icon-plus\" aria-hidden=\"true\"><\/i><i class=\"icon-minus acc-icon-minus\" aria-hidden=\"true\"><\/i>Donn\u00e9es du produit<\/div><div class=\"answer\">EAN 8425160343361<\/p>\n<p>PLANCHA DE ASAR EL\u00c9CTRICA 28x28CM 1800W KUKEN<\/p>\n<p>Unit\u00e9 d'emballage 1<br \/>\nCouleur Noir<br \/>\nEmballage Couleur de la bo\u00eete<br \/>\nPotencia 1800 W<br \/>\nTension 230 V<br \/>\nDimensiones (LxAxH): 280&#215;280 mm.<br \/>\nD\u00e9tachable Oui<br \/>\nPieds antid\u00e9rapants Oui<br \/>\n<\/div><\/div>\n<\/div><\/div>\n<br \/>\n<div class=\"accordion\"><div class=\"mfn-acc accordion_wrapper  toggle\"><div class=\"question\"><div class=\"title\"><i class=\"icon-plus acc-icon-plus\" aria-hidden=\"true\"><\/i><i class=\"icon-minus acc-icon-minus\" aria-hidden=\"true\"><\/i>Accessoires<\/div><div class=\"answer\"><\/div><\/div>\n<\/div><\/div>\n<\/p>\n<div class=\"descargas-producto\"><a href=\"https:\/\/kuken.alfadyser.dev\/wp-content\/uploads\/8425160343361_ficha_tecnica.pdf\" target=\"_blank\" rel=\"noopener noreferrer\"><br \/>\n<img loading=\"lazy\" decoding=\"async\" src=\"\/wp-content\/uploads\/2019\/12\/picto-descarrega.png\" alt=\"t\u00e9l\u00e9charger la fiche technique\" width=\"23\" height=\"16\" \/>T\u00e9l\u00e9charger la fiche<\/a><br \/>\n<img loading=\"lazy\" decoding=\"async\" src=\"\/wp-content\/uploads\/2019\/12\/picto-descarrega.png\" alt=\"t\u00e9l\u00e9charger le manuel d&#039;instructions\" width=\"23\" height=\"16\" \/><a href=\"https:\/\/kuken.alfadyser.dev\/wp-content\/uploads\/34336_instrucciones_compressed.pdf\">T\u00e9l\u00e9charger le manuel<\/a><\/div>\n<div><\/div>\n<div><span style=\"color: #bf2121\">Suivez-nous sur les m\u00e9dias sociaux !<\/span><\/div>\n<div><a href=\"https:\/\/www.instagram.com\/kuken_appliances\/\">https:\/\/www.instagram.com\/kuken_appliances\/<\/a><\/div>","protected":false},"excerpt":{"rendered":"<p data-start=\"549\" data-end=\"708\">Dise\u00f1ada para espacios reducidos. Esta plancha ofrece cocci\u00f3n uniforme, control de temperatura y asas fr\u00edas, perfecta para asar sin complicaciones ni residuos.<\/p>\n<blockquote data-start=\"710\" data-end=\"810\">\n<p data-start=\"712\" data-end=\"810\">\n<\/blockquote>","protected":false},"featured_media":10455,"template":"","meta":[],"product_brand":[],"product_cat":[195],"product_tag":[],"class_list":{"0":"post-10454","1":"product","2":"type-product","3":"status-publish","4":"has-post-thumbnail","6":"product_cat-planchas-cocina","8":"first","9":"instock","10":"product-type-simple"},"yoast_head":"<!-- This site is optimized with the Yoast SEO Premium plugin v24.0 (Yoast SEO v26.5) - https:\/\/yoast.com\/wordpress\/plugins\/seo\/ -->\n<title>PLANCHA DE ASAR EL\u00c9CTRICA 28x28CM 1800W KUKEN - K\u00fcken<\/title>\n<meta name=\"description\" content=\"Nueva plancha de asar el\u00e9ctrica k\u00fcken con la que podr\u00e1s asar carnes, verduras y pescados con tus amigos de manera m\u00e1s r\u00e1pida y sencilla.\" \/>\n<meta name=\"robots\" content=\"noindex, follow, max-snippet:-1, max-image-preview:large, max-video-preview:-1\" \/>\n<meta property=\"og:locale\" content=\"fr_FR\" \/>\n<meta property=\"og:type\" content=\"article\" \/>\n<meta property=\"og:title\" content=\"PLANCHA DE ASAR EL\u00c9CTRICA 28x28CM 1800W KUKEN\" \/>\n<meta property=\"og:description\" content=\"Nueva plancha de asar el\u00e9ctrica k\u00fcken con la que podr\u00e1s asar carnes, verduras y pescados con tus amigos de manera m\u00e1s r\u00e1pida y sencilla.\" \/>\n<meta property=\"og:url\" content=\"https:\/\/kuken.alfadyser.dev\/fr\/produit\/plancha-asar-electrica-kuken-1800w-28x28cm\/\" \/>\n<meta property=\"og:site_name\" content=\"K\u00fcken\" \/>\n<meta property=\"article:publisher\" content=\"https:\/\/es-es.facebook.com\/alfadyser\/\" \/>\n<meta property=\"article:modified_time\" content=\"2025-07-22T08:31:32+00:00\" \/>\n<meta property=\"og:image\" content=\"https:\/\/kuken.alfadyser.dev\/wp-content\/uploads\/8425160343361_01.jpg\" \/>\n\t<meta property=\"og:image:width\" content=\"2000\" \/>\n\t<meta property=\"og:image:height\" content=\"2000\" \/>\n\t<meta property=\"og:image:type\" content=\"image\/jpeg\" \/>\n<meta name=\"twitter:card\" content=\"summary_large_image\" \/>\n<meta name=\"twitter:label1\" content=\"Prix\" \/>\n\t<meta name=\"twitter:data1\" content=\"\" \/>\n\t<meta name=\"twitter:label2\" content=\"Disponibilit\u00e9\" \/>\n\t<meta name=\"twitter:data2\" content=\"En stock\" \/>\n<script type=\"application\/ld+json\" class=\"yoast-schema-graph\">{\"@context\":\"https:\/\/schema.org\",\"@graph\":[{\"@type\":\"WebPage\",\"@id\":\"https:\/\/kuken.alfadyser.dev\/producto\/plancha-asar-electrica-kuken-1800w-28x28cm\/\",\"url\":\"https:\/\/kuken.alfadyser.dev\/producto\/plancha-asar-electrica-kuken-1800w-28x28cm\/\",\"name\":\"PLANCHA DE ASAR EL\u00c9CTRICA 28x28CM 1800W KUKEN - K\u00fcken\",\"isPartOf\":{\"@id\":\"https:\/\/kuken.alfadyser.dev\/#website\"},\"primaryImageOfPage\":{\"@id\":\"https:\/\/kuken.alfadyser.dev\/producto\/plancha-asar-electrica-kuken-1800w-28x28cm\/#primaryimage\"},\"image\":{\"@id\":\"https:\/\/kuken.alfadyser.dev\/producto\/plancha-asar-electrica-kuken-1800w-28x28cm\/#primaryimage\"},\"thumbnailUrl\":\"https:\/\/kuken.alfadyser.dev\/wp-content\/uploads\/8425160343361_01.jpg\",\"datePublished\":\"2023-08-07T07:27:40+00:00\",\"dateModified\":\"2025-07-22T08:31:32+00:00\",\"description\":\"Nueva plancha de asar el\u00e9ctrica k\u00fcken con la que podr\u00e1s asar carnes, verduras y pescados con tus amigos de manera m\u00e1s r\u00e1pida y sencilla.\",\"breadcrumb\":{\"@id\":\"https:\/\/kuken.alfadyser.dev\/producto\/plancha-asar-electrica-kuken-1800w-28x28cm\/#breadcrumb\"},\"inLanguage\":\"fr-FR\",\"potentialAction\":[{\"@type\":\"ReadAction\",\"target\":[\"https:\/\/kuken.alfadyser.dev\/producto\/plancha-asar-electrica-kuken-1800w-28x28cm\/\"]}]},{\"@type\":\"ImageObject\",\"inLanguage\":\"fr-FR\",\"@id\":\"https:\/\/kuken.alfadyser.dev\/producto\/plancha-asar-electrica-kuken-1800w-28x28cm\/#primaryimage\",\"url\":\"https:\/\/kuken.alfadyser.dev\/wp-content\/uploads\/8425160343361_01.jpg\",\"contentUrl\":\"https:\/\/kuken.alfadyser.dev\/wp-content\/uploads\/8425160343361_01.jpg\",\"width\":2000,\"height\":2000},{\"@type\":\"BreadcrumbList\",\"@id\":\"https:\/\/kuken.alfadyser.dev\/producto\/plancha-asar-electrica-kuken-1800w-28x28cm\/#breadcrumb\",\"itemListElement\":[{\"@type\":\"ListItem\",\"position\":1,\"name\":\"Portada\",\"item\":\"https:\/\/kuken.alfadyser.dev\/\"},{\"@type\":\"ListItem\",\"position\":2,\"name\":\"Productos\",\"item\":\"https:\/\/kuken.alfadyser.dev\/productos\/\"},{\"@type\":\"ListItem\",\"position\":3,\"name\":\"PLANCHA DE ASAR EL\u00c9CTRICA 28x28CM 1800W KUKEN\"}]},{\"@type\":\"WebSite\",\"@id\":\"https:\/\/kuken.alfadyser.dev\/#website\",\"url\":\"https:\/\/kuken.alfadyser.dev\/\",\"name\":\"K\u00fcken\",\"description\":\"Amplia gama de peque\u00f1o electrodom\u00e9stico k\u00fcken\",\"publisher\":{\"@id\":\"https:\/\/kuken.alfadyser.dev\/#organization\"},\"potentialAction\":[{\"@type\":\"SearchAction\",\"target\":{\"@type\":\"EntryPoint\",\"urlTemplate\":\"https:\/\/kuken.alfadyser.dev\/?s={search_term_string}\"},\"query-input\":{\"@type\":\"PropertyValueSpecification\",\"valueRequired\":true,\"valueName\":\"search_term_string\"}}],\"inLanguage\":\"fr-FR\"},{\"@type\":\"Organization\",\"@id\":\"https:\/\/kuken.alfadyser.dev\/#organization\",\"name\":\"Alfa Dyser\",\"url\":\"https:\/\/kuken.alfadyser.dev\/\",\"logo\":{\"@type\":\"ImageObject\",\"inLanguage\":\"fr-FR\",\"@id\":\"https:\/\/kuken.alfadyser.dev\/#\/schema\/logo\/image\/\",\"url\":\"https:\/\/kuken.alfadyser.dev\/wp-content\/uploads\/2019\/04\/kuken-logo.png\",\"contentUrl\":\"https:\/\/kuken.alfadyser.dev\/wp-content\/uploads\/2019\/04\/kuken-logo.png\",\"width\":500,\"height\":191,\"caption\":\"Alfa Dyser\"},\"image\":{\"@id\":\"https:\/\/kuken.alfadyser.dev\/#\/schema\/logo\/image\/\"},\"sameAs\":[\"https:\/\/es-es.facebook.com\/alfadyser\/\",\"https:\/\/www.instagram.com\/kuken_appliances\/\"]}]}<\/script>\n<meta property=\"product:price:currency\" content=\"EUR\" \/>\n<meta property=\"og:availability\" content=\"instock\" \/>\n<meta property=\"product:availability\" content=\"instock\" \/>\n<meta property=\"product:retailer_item_id\" content=\"34336\" \/>\n<meta property=\"product:condition\" content=\"new\" \/>\n<!-- \/ Yoast SEO Premium plugin. -->","yoast_head_json":{"title":"PLANCHA DE ASAR EL\u00c9CTRICA 28x28CM 1800W KUKEN - K\u00fcken","description":"Nueva plancha de asar el\u00e9ctrica k\u00fcken con la que podr\u00e1s asar carnes, verduras y pescados con tus amigos de manera m\u00e1s r\u00e1pida y sencilla.","robots":{"index":"noindex","follow":"follow","max-snippet":"max-snippet:-1","max-image-preview":"max-image-preview:large","max-video-preview":"max-video-preview:-1"},"og_locale":"fr_FR","og_type":"article","og_title":"PLANCHA DE ASAR EL\u00c9CTRICA 28x28CM 1800W KUKEN","og_description":"Nueva plancha de asar el\u00e9ctrica k\u00fcken con la que podr\u00e1s asar carnes, verduras y pescados con tus amigos de manera m\u00e1s r\u00e1pida y sencilla.","og_url":"https:\/\/kuken.alfadyser.dev\/fr\/produit\/plancha-asar-electrica-kuken-1800w-28x28cm\/","og_site_name":"K\u00fcken","article_publisher":"https:\/\/es-es.facebook.com\/alfadyser\/","article_modified_time":"2025-07-22T08:31:32+00:00","og_image":[{"width":2000,"height":2000,"url":"https:\/\/kuken.alfadyser.dev\/wp-content\/uploads\/8425160343361_01.jpg","type":"image\/jpeg"}],"twitter_card":"summary_large_image","twitter_misc":{"Prix":"","Disponibilit\u00e9":"En stock"},"schema":{"@context":"https:\/\/schema.org","@graph":[{"@type":"WebPage","@id":"https:\/\/kuken.alfadyser.dev\/producto\/plancha-asar-electrica-kuken-1800w-28x28cm\/","url":"https:\/\/kuken.alfadyser.dev\/producto\/plancha-asar-electrica-kuken-1800w-28x28cm\/","name":"PLANCHA DE ASAR EL\u00c9CTRICA 28x28CM 1800W KUKEN - K\u00fcken","isPartOf":{"@id":"https:\/\/kuken.alfadyser.dev\/#website"},"primaryImageOfPage":{"@id":"https:\/\/kuken.alfadyser.dev\/producto\/plancha-asar-electrica-kuken-1800w-28x28cm\/#primaryimage"},"image":{"@id":"https:\/\/kuken.alfadyser.dev\/producto\/plancha-asar-electrica-kuken-1800w-28x28cm\/#primaryimage"},"thumbnailUrl":"https:\/\/kuken.alfadyser.dev\/wp-content\/uploads\/8425160343361_01.jpg","datePublished":"2023-08-07T07:27:40+00:00","dateModified":"2025-07-22T08:31:32+00:00","description":"Nueva plancha de asar el\u00e9ctrica k\u00fcken con la que podr\u00e1s asar carnes, verduras y pescados con tus amigos de manera m\u00e1s r\u00e1pida y sencilla.","breadcrumb":{"@id":"https:\/\/kuken.alfadyser.dev\/producto\/plancha-asar-electrica-kuken-1800w-28x28cm\/#breadcrumb"},"inLanguage":"fr-FR","potentialAction":[{"@type":"ReadAction","target":["https:\/\/kuken.alfadyser.dev\/producto\/plancha-asar-electrica-kuken-1800w-28x28cm\/"]}]},{"@type":"ImageObject","inLanguage":"fr-FR","@id":"https:\/\/kuken.alfadyser.dev\/producto\/plancha-asar-electrica-kuken-1800w-28x28cm\/#primaryimage","url":"https:\/\/kuken.alfadyser.dev\/wp-content\/uploads\/8425160343361_01.jpg","contentUrl":"https:\/\/kuken.alfadyser.dev\/wp-content\/uploads\/8425160343361_01.jpg","width":2000,"height":2000},{"@type":"BreadcrumbList","@id":"https:\/\/kuken.alfadyser.dev\/producto\/plancha-asar-electrica-kuken-1800w-28x28cm\/#breadcrumb","itemListElement":[{"@type":"ListItem","position":1,"name":"Portada","item":"https:\/\/kuken.alfadyser.dev\/"},{"@type":"ListItem","position":2,"name":"Productos","item":"https:\/\/kuken.alfadyser.dev\/productos\/"},{"@type":"ListItem","position":3,"name":"PLANCHA DE ASAR EL\u00c9CTRICA 28x28CM 1800W KUKEN"}]},{"@type":"WebSite","@id":"https:\/\/kuken.alfadyser.dev\/#website","url":"https:\/\/kuken.alfadyser.dev\/","name":"K\u00fcken","description":"Large gamme de petits appareils m\u00e9nagers k\u00fcken","publisher":{"@id":"https:\/\/kuken.alfadyser.dev\/#organization"},"potentialAction":[{"@type":"SearchAction","target":{"@type":"EntryPoint","urlTemplate":"https:\/\/kuken.alfadyser.dev\/?s={search_term_string}"},"query-input":{"@type":"PropertyValueSpecification","valueRequired":true,"valueName":"search_term_string"}}],"inLanguage":"fr-FR"},{"@type":"Organization","@id":"https:\/\/kuken.alfadyser.dev\/#organization","name":"Alpha Dyser","url":"https:\/\/kuken.alfadyser.dev\/","logo":{"@type":"ImageObject","inLanguage":"fr-FR","@id":"https:\/\/kuken.alfadyser.dev\/#\/schema\/logo\/image\/","url":"https:\/\/kuken.alfadyser.dev\/wp-content\/uploads\/2019\/04\/kuken-logo.png","contentUrl":"https:\/\/kuken.alfadyser.dev\/wp-content\/uploads\/2019\/04\/kuken-logo.png","width":500,"height":191,"caption":"Alfa Dyser"},"image":{"@id":"https:\/\/kuken.alfadyser.dev\/#\/schema\/logo\/image\/"},"sameAs":["https:\/\/es-es.facebook.com\/alfadyser\/","https:\/\/www.instagram.com\/kuken_appliances\/"]}]},"product_price_currency":"EUR","og_availability":"instock","product_availability":"instock","product_retailer_item_id":"34336","product_condition":"new"},"_links":{"self":[{"href":"https:\/\/kuken.alfadyser.dev\/fr\/wp-json\/wp\/v2\/product\/10454","targetHints":{"allow":["GET"]}}],"collection":[{"href":"https:\/\/kuken.alfadyser.dev\/fr\/wp-json\/wp\/v2\/product"}],"about":[{"href":"https:\/\/kuken.alfadyser.dev\/fr\/wp-json\/wp\/v2\/types\/product"}],"wp:featuredmedia":[{"embeddable":true,"href":"https:\/\/kuken.alfadyser.dev\/fr\/wp-json\/wp\/v2\/media\/10455"}],"wp:attachment":[{"href":"https:\/\/kuken.alfadyser.dev\/fr\/wp-json\/wp\/v2\/media?parent=10454"}],"wp:term":[{"taxonomy":"product_brand","embeddable":true,"href":"https:\/\/kuken.alfadyser.dev\/fr\/wp-json\/wp\/v2\/product_brand?post=10454"},{"taxonomy":"product_cat","embeddable":true,"href":"https:\/\/kuken.alfadyser.dev\/fr\/wp-json\/wp\/v2\/product_cat?post=10454"},{"taxonomy":"product_tag","embeddable":true,"href":"https:\/\/kuken.alfadyser.dev\/fr\/wp-json\/wp\/v2\/product_tag?post=10454"}],"curies":[{"name":"wp","href":"https:\/\/api.w.org\/{rel}","templated":true}]}}