{"id":315,"date":"2019-06-26T11:04:57","date_gmt":"2019-06-26T09:04:57","guid":{"rendered":"https:\/\/kuken.alfadyser.dev\/?page_id=315"},"modified":"2020-11-02T13:17:29","modified_gmt":"2020-11-02T12:17:29","slug":"politique-en-matiere-de-cookies","status":"publish","type":"page","link":"https:\/\/kuken.alfadyser.dev\/fr\/politique-en-matiere-de-cookies\/","title":{"rendered":"Politique en mati\u00e8re de cookies"},"content":{"rendered":"<h3>Politique en mati\u00e8re de cookies<\/h3>\n<p style=\"text-align: justify;\">Sur le web\u00a0<strong>www.kuken.es<\/strong>\u00a0(ci-apr\u00e8s www.kuken.es) utilise des cookies pour faciliter la relation des visiteurs avec notre contenu et pour nous permettre d'\u00e9tablir des statistiques sur les visiteurs que nous recevons.<\/p>\n<p style=\"text-align: justify;\">Veuillez noter que nous pouvons utiliser des cookies pour faciliter votre navigation sur le site web, pour vous distinguer des autres utilisateurs, pour vous offrir une meilleure exp\u00e9rience d'utilisation et pour identifier les probl\u00e8mes afin d'am\u00e9liorer notre site web. Nous pouvons \u00e9galement, avec votre consentement, utiliser des cookies pour nous permettre d'en savoir plus sur vos pr\u00e9f\u00e9rences et de personnaliser notre site web en fonction de vos int\u00e9r\u00eats personnels.<\/p>\n<p style=\"text-align: justify;\"><strong>QU'EST-CE QU'UN COOKIE ?<\/strong><\/p>\n<p style=\"text-align: justify;\">Les cookies sont de petits fichiers enregistr\u00e9s dans le navigateur utilis\u00e9 par chaque visiteur de notre site web afin que le serveur puisse se souvenir de la visite de cet utilisateur \u00e0 une date ult\u00e9rieure lorsqu'il acc\u00e8de \u00e0 nouveau \u00e0 notre contenu. Ces informations ne r\u00e9v\u00e8lent pas votre identit\u00e9 ni aucune donn\u00e9e personnelle et n'acc\u00e8dent pas non plus au contenu stock\u00e9 sur votre ordinateur, mais elles permettent \u00e0 notre syst\u00e8me de vous identifier en tant qu'utilisateur sp\u00e9cifique ayant d\u00e9j\u00e0 visit\u00e9 le site web, consult\u00e9 certaines pages, etc. et nous permettent \u00e9galement d'enregistrer vos pr\u00e9f\u00e9rences personnelles et des informations techniques telles que les visites effectu\u00e9es ou les pages sp\u00e9cifiques que vous visitez.<\/p>\n<p style=\"text-align: justify;\">Conform\u00e9ment \u00e0 la directive 2009\/136\/CE, transpos\u00e9e dans notre l\u00e9gislation par le deuxi\u00e8me paragraphe de l'article 22 de la loi sur les services de la soci\u00e9t\u00e9 de l'information, et suivant les directives de l'Agence espagnole de protection des donn\u00e9es, nous vous informons en d\u00e9tail de l'utilisation qui est faite de notre site web.<\/p>\n<p style=\"text-align: justify;\">La pr\u00e9sente politique en mati\u00e8re de cookies a pour but de vous informer de mani\u00e8re claire et pr\u00e9cise sur les cookies utilis\u00e9s sur notre site web (la \"Politique en mati\u00e8re de cookies\"). En ce qui concerne les cookies de tiers, c'est-\u00e0-dire ceux qui ne font pas partie de notre site web, nous ne pouvons \u00eatre tenus responsables du contenu et de la v\u00e9racit\u00e9 des politiques de confidentialit\u00e9 qu'ils incluent, de sorte que les informations que nous vous offrons sont toujours en r\u00e9f\u00e9rence \u00e0 la source.<\/p>\n<p style=\"text-align: justify;\">Ci-dessous, les cookies sont class\u00e9s selon une s\u00e9rie de cat\u00e9gories. Il convient toutefois de noter qu'un m\u00eame cookie peut \u00eatre inclus dans plus d'une cat\u00e9gorie.<\/p>\n<p style=\"text-align: justify;\"><strong>LES TYPES DE COOKIES EN FONCTION DE L'ENTIT\u00c9 QUI LES G\u00c8RE<\/strong><\/p>\n<p style=\"text-align: justify;\">&#8211;\u00a0<u>Ses propres biscuits<\/u>Ce sont celles qui sont envoy\u00e9es \u00e0 l'\u00e9quipement terminal de l'utilisateur \u00e0 partir d'un ordinateur ou d'un domaine g\u00e9r\u00e9 par l'\u00e9diteur lui-m\u00eame et \u00e0 partir duquel le service demand\u00e9 par l'utilisateur est fourni.<\/p>\n<p style=\"text-align: justify;\">&#8211;\u00a0<u>Cookies de tiers<\/u>Elles sont envoy\u00e9es \u00e0 l'\u00e9quipement terminal de l'utilisateur \u00e0 partir d'un \u00e9quipement ou d'un domaine qui n'est pas g\u00e9r\u00e9 par l'\u00e9diteur, mais par une autre entit\u00e9 qui traite les donn\u00e9es.<\/p>\n<p style=\"text-align: justify;\"><strong>\u00a0<\/strong><strong>LES TYPES DE COOKIES EN FONCTION DE LEUR DUR\u00c9E D'ACTIVIT\u00c9<\/strong><\/p>\n<p style=\"text-align: justify;\">&#8211;\u00a0<u>Cookies de session<\/u>Il s'agit d'un type de cookie con\u00e7u pour collecter et stocker des donn\u00e9es lorsque l'utilisateur acc\u00e8de \u00e0 une page web.<\/p>\n<p style=\"text-align: justify;\">&#8211;\u00a0<u>Cookies persistants<\/u>Il s'agit d'un type de cookie dans lequel les donn\u00e9es restent stock\u00e9es dans le terminal et peuvent \u00eatre consult\u00e9es et trait\u00e9es pendant une p\u00e9riode d\u00e9finie par le responsable du cookie, qui peut aller de quelques minutes \u00e0 plusieurs ann\u00e9es.<\/p>\n<p style=\"text-align: justify;\"><strong>LES TYPES DE COOKIES EN FONCTION DE LEUR FINALIT\u00c9<\/strong><\/p>\n<p style=\"text-align: justify;\">&#8211;\u00a0<u>Cookies techniques<\/u>Ceux qui permettent \u00e0 l'utilisateur de naviguer sur un site web, une plateforme ou une application et d'utiliser les diff\u00e9rentes options ou services qui y sont propos\u00e9s, comme, par exemple, le contr\u00f4le du trafic et de la communication des donn\u00e9es, l'identification de la session, l'acc\u00e8s \u00e0 des zones d'acc\u00e8s restreint, la m\u00e9morisation des \u00e9l\u00e9ments qui composent une commande, l'ex\u00e9cution du processus d'achat d'une commande, la r\u00e9alisation de la demande d'inscription ou de participation \u00e0 un \u00e9v\u00e9nement, l'utilisation d'\u00e9l\u00e9ments de s\u00e9curit\u00e9 lors de la navigation, le stockage de contenus pour la diffusion de vid\u00e9os ou de sons ou le partage de contenus sur les r\u00e9seaux sociaux.<\/p>\n<p style=\"text-align: justify;\">&#8211;\u00a0<u>Cookies de personnalisation<\/u>Ceux-ci permettent \u00e0 l'utilisateur d'acc\u00e9der au service avec des caract\u00e9ristiques g\u00e9n\u00e9rales pr\u00e9d\u00e9finies en fonction d'une s\u00e9rie de crit\u00e8res dans le terminal de l'utilisateur, tels que la langue, le type de navigateur utilis\u00e9 pour acc\u00e9der au service, la configuration r\u00e9gionale \u00e0 partir de laquelle on acc\u00e8de au service, etc.<\/p>\n<p style=\"text-align: justify;\">&#8211;\u00a0<u>Cookies analytiques<\/u>Ces cookies permettent au responsable de suivre et d'analyser le comportement des utilisateurs des sites web auxquels ils sont li\u00e9s. Les informations collect\u00e9es par ce type de cookies sont utilis\u00e9es pour mesurer l'activit\u00e9 des sites web, applications ou plateformes et pour l'\u00e9laboration de profils de navigation des utilisateurs de ces sites, applications et plateformes, afin d'introduire des am\u00e9liorations bas\u00e9es sur l'analyse des donn\u00e9es relatives \u00e0 l'utilisation faite par les utilisateurs du service.<\/p>\n<p style=\"text-align: justify;\">En ce qui concerne le traitement des donn\u00e9es collect\u00e9es par les cookies analytiques, bien qu'ils ne soient pas exempt\u00e9s de l'obligation d'obtenir un consentement \u00e9clair\u00e9 pour leur utilisation, il est peu probable qu'ils repr\u00e9sentent un risque pour la vie priv\u00e9e des utilisateurs, \u00e0 condition qu'il s'agisse de cookies de premi\u00e8re partie, qu'ils traitent des donn\u00e9es agr\u00e9g\u00e9es \u00e0 des fins strictement statistiques, que des informations soient fournies sur leur utilisation et qu'ils pr\u00e9voient la possibilit\u00e9 pour les utilisateurs d'exprimer leur refus quant \u00e0 leur utilisation.<\/p>\n<p style=\"text-align: justify;\">&#8211;\u00a0<u>Cookies publicitaires<\/u>Il s'agit de ceux qui permettent de g\u00e9rer, de la mani\u00e8re la plus efficace possible, les espaces publicitaires que, le cas \u00e9ch\u00e9ant, l'\u00e9diteur a inclus sur un site web, une application ou une plateforme \u00e0 partir desquels le service demand\u00e9 est fourni, sur la base de crit\u00e8res tels que le contenu \u00e9dit\u00e9 ou la fr\u00e9quence \u00e0 laquelle les publicit\u00e9s sont affich\u00e9es.<\/p>\n<p style=\"text-align: justify;\">&#8211;\u00a0<u>Cookies de publicit\u00e9 comportementale<\/u>Cookies : Ce sont ceux qui permettent de g\u00e9rer, de la mani\u00e8re la plus efficace possible, les espaces publicitaires que, le cas \u00e9ch\u00e9ant, l'\u00e9diteur a inclus sur un site web, une application ou une plateforme \u00e0 partir de laquelle le service demand\u00e9 est fourni. Ces cookies stockent des informations sur le comportement des utilisateurs obtenues gr\u00e2ce \u00e0 l'observation continue de leurs habitudes de navigation, ce qui permet de d\u00e9velopper un profil sp\u00e9cifique afin d'afficher des publicit\u00e9s bas\u00e9es sur ce dernier.<\/p>\n<p style=\"text-align: justify;\">Actuellement, la plupart des navigateurs sont configur\u00e9s par d\u00e9faut pour bloquer l'installation de cookies publicitaires ou de tiers sur votre ordinateur. L'utilisateur peut \u00e9tendre les restrictions d'origine, en emp\u00eachant l'entr\u00e9e de tout type de cookie, ou \u00e9liminer ces restrictions, en acceptant l'entr\u00e9e de tout type de cookie. Si vous souhaitez accepter des cookies publicitaires ou de tiers, vous pouvez configurer votre navigateur \u00e0 cette fin.<\/p>\n<p style=\"text-align: justify;\">L'acceptation par l'utilisateur, en cliquant sur le bouton ACCEPTER figurant dans l'information initiale sur les cookies, implique qu'il consent express\u00e9ment au responsable de leur utilisation, et il peut exercer ses droits et r\u00e9voquer son consentement \u00e0 tout moment en envoyant une demande \u00e0 ALFA DYSER, S.L..<\/p>\n<p style=\"text-align: justify;\">Ci-dessous, nous vous informons en d\u00e9tail sur tous les cookies qui peuvent \u00eatre install\u00e9s \u00e0 partir de notre site web. En fonction de votre navigation, de la configuration de votre navigateur et de votre acceptation ou refus de ces cookies, tous ou seulement certains d'entre eux peuvent \u00eatre install\u00e9s.<\/p>\n<table width=\"720\">\n<thead>\n<tr>\n<td>Cookie<\/td>\n<td>Description<\/td>\n<td>La dur\u00e9e<\/td>\n<td>Type<\/td>\n<\/tr>\n<\/thead>\n<tbody>\n<tr>\n<td>__utmb<\/td>\n<td>Cookie utilis\u00e9 par Google Analytics pour calculer la dur\u00e9e de la visite sur le web. Il enregistre un horodatage avec l'heure exacte \u00e0 laquelle l'utilisateur acc\u00e8de au site web.<\/td>\n<td>1 jour<\/td>\n<td>HTTP<\/td>\n<\/tr>\n<tr>\n<td>_utm.gif<\/td>\n<td>Il est utilis\u00e9 pour d\u00e9terminer le type d'appareil ou de logiciel de navigation utilis\u00e9 par le visiteur.<\/td>\n<td>Session<\/td>\n<td>Pixel<\/td>\n<\/tr>\n<tr>\n<td>__utmt<\/td>\n<td>Cookie g\u00e9n\u00e9r\u00e9 par Google Analytics et utilis\u00e9 pour acc\u00e9l\u00e9rer la vitesse des requ\u00eates du serveur.<\/td>\n<td>1 jour<\/td>\n<td>HTTP<\/td>\n<\/tr>\n<tr>\n<td>frontend<\/td>\n<td>Enregistre un identifiant al\u00e9atoire qui garantit qu'un utilisateur peut \u00eatre identifi\u00e9 de mani\u00e8re unique en tant qu'invit\u00e9 ou utilisateur enregistr\u00e9.<\/td>\n<td>1 jour<\/td>\n<td>HTTP<\/td>\n<\/tr>\n<tr>\n<td>__utma<\/td>\n<td>Le cookie g\u00e9n\u00e9r\u00e9 par Google Analytics recueille des donn\u00e9es sur le nombre de fois que l'utilisateur a visit\u00e9 le site web ainsi que les dates de la premi\u00e8re et de la derni\u00e8re visite.<\/td>\n<td>2 ans<\/td>\n<td>HTTP<\/td>\n<\/tr>\n<tr>\n<td>_hjIncludedInSample<\/td>\n<td>Cookie Hotjar, suivi des visiteurs pour g\u00e9n\u00e9rer des cartes thermiques, des entonnoirs, des enregistrements, etc.<\/td>\n<td>Session<\/td>\n<td>HTTP<\/td>\n<\/tr>\n<tr>\n<td>__utmz<\/td>\n<td>Il recueille des donn\u00e9es sur l'origine de l'utilisateur, le moteur de recherche qu'il a utilis\u00e9, le lien sur lequel il a cliqu\u00e9 et le terme de recherche qu'il a utilis\u00e9.<\/p>\n<p>Utilis\u00e9 par Google Analytics.<\/td>\n<td>6 mois<\/td>\n<td>HTTP<\/td>\n<\/tr>\n<tr>\n<td>_hjid<\/td>\n<td>Le cookie Hotjar d\u00e9finit un identifiant pour la session. Il permet au site web d'obtenir des donn\u00e9es sur le comportement des visiteurs \u00e0 des fins statistiques.<\/td>\n<td>1 an<\/td>\n<td>HTTP<\/td>\n<\/tr>\n<tr>\n<td>__utmc<\/td>\n<td>Enregistre un horodatage indiquant l'heure exacte \u00e0 laquelle l'utilisateur quitte le site web. Utilis\u00e9 par Google Analytics pour calculer la dur\u00e9e de la visite sur le site web.<\/td>\n<td>Session<\/td>\n<td>HTTP<\/td>\n<\/tr>\n<\/tbody>\n<\/table>\n<p style=\"text-align: justify;\">Nous pouvons mettre \u00e0 jour la politique en mati\u00e8re de cookies de notre site web, c'est pourquoi nous vous recommandons de consulter cette politique chaque fois que vous acc\u00e9dez \u00e0 notre site web afin d'\u00eatre correctement inform\u00e9 de la mani\u00e8re dont nous utilisons les cookies et de l'objectif de cette utilisation.<\/p>\n<p style=\"text-align: justify;\">L'objectif des cookies est de permettre \u00e0 l'utilisateur d'acc\u00e9der plus rapidement aux services s\u00e9lectionn\u00e9s.<\/p>\n<p style=\"text-align: justify;\">Si vous ne souhaitez pas que des cookies soient enregistr\u00e9s dans votre navigateur ou si vous pr\u00e9f\u00e9rez recevoir une information chaque fois qu'un cookie demande \u00e0 \u00eatre install\u00e9, vous pouvez configurer vos options de navigation de mani\u00e8re \u00e0 ce que ce soit le cas. La plupart des navigateurs permettent de g\u00e9rer les cookies de 3 mani\u00e8res diff\u00e9rentes :<\/p>\n<p style=\"text-align: justify;\">- Les cookies sont toujours rejet\u00e9s.<\/p>\n<p style=\"text-align: justify;\">- Le navigateur demande \u00e0 l'utilisateur s'il souhaite installer chaque cookie.<\/p>\n<p style=\"text-align: justify;\">- Les cookies sont toujours accept\u00e9s.<\/p>\n<p style=\"text-align: justify;\">Votre navigateur peut \u00e9galement offrir la possibilit\u00e9 de s\u00e9lectionner en d\u00e9tail les cookies que vous souhaitez installer sur votre ordinateur. Plus pr\u00e9cis\u00e9ment, l'utilisateur peut normalement accepter l'une des options suivantes :<\/p>\n<p style=\"text-align: justify;\">- Refuser les cookies provenant de certains domaines.<\/p>\n<p style=\"text-align: justify;\">- Refuser les cookies de tiers.<\/p>\n<p style=\"text-align: justify;\">- Accepter les cookies comme non persistants (ils sont supprim\u00e9s lorsque le navigateur est ferm\u00e9).<\/p>\n<p style=\"text-align: justify;\">- Autoriser le serveur \u00e0 cr\u00e9er des cookies pour un domaine diff\u00e9rent.<\/p>\n<p style=\"text-align: justify;\">Pour autoriser, conna\u00eetre, bloquer ou supprimer les cookies install\u00e9s sur votre ordinateur, vous pouvez le faire en configurant les options du navigateur install\u00e9 sur votre ordinateur.<\/p>\n<p style=\"text-align: justify;\"><strong>CONFIGURATION, CONSULTATION ET D\u00c9SACTIVATION DES COOKIES<\/strong><\/p>\n<p style=\"text-align: justify;\">Des informations sur la mani\u00e8re de configurer les navigateurs les plus couramment utilis\u00e9s sont disponibles aux endroits suivants :<\/p>\n<ul style=\"text-align: justify;\">\n<li><u>Internet Explorer<\/u>Outils -&gt; Options Internet -&gt; Confidentialit\u00e9 -&gt; Param\u00e8tres. Pour plus d'informations, vous pouvez consulter le support Microsoft ou l'aide du navigateur.<\/li>\n<li><u>Firefox<\/u>: Outils -&gt; Options -&gt; Confidentialit\u00e9 -&gt; Historique -&gt; Param\u00e8tres personnalis\u00e9s. Pour plus d'informations, vous pouvez consulter le support Mozilla ou l'aide du navigateur.<\/li>\n<li><u>Chrome<\/u>Pour ce faire, cliquez sur le lien suivant : Param\u00e8tres -&gt; Afficher les options avanc\u00e9es -&gt; Confidentialit\u00e9 -&gt; Param\u00e8tres de contenu. Pour plus d'informations, vous pouvez consulter l'assistance de Google ou l'aide du navigateur.<\/li>\n<li><u>Safari<\/u>Pr\u00e9f\u00e9rences -&gt; S\u00e9curit\u00e9. Pour plus d'informations, vous pouvez consulter l'assistance Apple ou l'aide du navigateur.<\/li>\n<\/ul>\n<p style=\"text-align: justify;\"><strong>MISE \u00c0 JOUR DES COOKIES<\/strong><\/p>\n<p style=\"text-align: justify;\">Les cookies de\u00a0<a href=\"http:\/\/www.matel.com\/\">www.kuken.es<\/a> peut \u00eatre mise \u00e0 jour et nous vous conseillons de consulter r\u00e9guli\u00e8rement notre politique.<\/p>\n<p>&nbsp;<\/p>\n<p>&nbsp;<\/p>","protected":false},"excerpt":{"rendered":"<p>Pol\u00edtica de cookies En la web\u00a0www.kuken.es\u00a0(en adelante, www.kuken.es) utilizamos cookies para facilitar la relaci\u00f3n de los visitantes con nuestro contenido y para permitir elaborar estad\u00edsticas sobre<span class=\"excerpt-hellip\"> [...]<\/span><\/p>","protected":false},"author":4,"featured_media":0,"parent":0,"menu_order":0,"comment_status":"closed","ping_status":"closed","template":"","meta":{"footnotes":""},"class_list":["post-315","page","type-page","status-publish","hentry"],"yoast_head":"<!-- This site is optimized with the Yoast SEO Premium plugin v24.0 (Yoast SEO v26.5) - https:\/\/yoast.com\/wordpress\/plugins\/seo\/ -->\n<title>Pol\u00edtica de cookies - K\u00fcken<\/title>\n<meta name=\"robots\" content=\"noindex, follow, max-snippet:-1, max-image-preview:large, max-video-preview:-1\" \/>\n<meta property=\"og:locale\" content=\"fr_FR\" \/>\n<meta property=\"og:type\" content=\"article\" \/>\n<meta property=\"og:title\" content=\"Pol\u00edtica de cookies\" \/>\n<meta property=\"og:description\" content=\"Pol\u00edtica de cookies En la web\u00a0www.kuken.es\u00a0(en adelante, www.kuken.es) utilizamos cookies para facilitar la relaci\u00f3n de los visitantes con nuestro contenido y para permitir elaborar estad\u00edsticas sobre [\u2026]\" \/>\n<meta property=\"og:url\" content=\"https:\/\/kuken.alfadyser.dev\/fr\/politique-en-matiere-de-cookies\/\" \/>\n<meta property=\"og:site_name\" content=\"K\u00fcken\" \/>\n<meta property=\"article:publisher\" content=\"https:\/\/es-es.facebook.com\/alfadyser\/\" \/>\n<meta property=\"article:modified_time\" content=\"2020-11-02T12:17:29+00:00\" \/>\n<meta name=\"twitter:card\" content=\"summary_large_image\" \/>\n<meta name=\"twitter:label1\" content=\"Dur\u00e9e de lecture estim\u00e9e\" \/>\n\t<meta name=\"twitter:data1\" content=\"10 minutes\" \/>\n<script type=\"application\/ld+json\" class=\"yoast-schema-graph\">{\"@context\":\"https:\/\/schema.org\",\"@graph\":[{\"@type\":\"WebPage\",\"@id\":\"https:\/\/kuken.alfadyser.dev\/politica-de-cookies\/\",\"url\":\"https:\/\/kuken.alfadyser.dev\/politica-de-cookies\/\",\"name\":\"Pol\u00edtica de cookies - K\u00fcken\",\"isPartOf\":{\"@id\":\"https:\/\/kuken.alfadyser.dev\/#website\"},\"datePublished\":\"2019-06-26T09:04:57+00:00\",\"dateModified\":\"2020-11-02T12:17:29+00:00\",\"breadcrumb\":{\"@id\":\"https:\/\/kuken.alfadyser.dev\/politica-de-cookies\/#breadcrumb\"},\"inLanguage\":\"fr-FR\",\"potentialAction\":[{\"@type\":\"ReadAction\",\"target\":[\"https:\/\/kuken.alfadyser.dev\/politica-de-cookies\/\"]}]},{\"@type\":\"BreadcrumbList\",\"@id\":\"https:\/\/kuken.alfadyser.dev\/politica-de-cookies\/#breadcrumb\",\"itemListElement\":[{\"@type\":\"ListItem\",\"position\":1,\"name\":\"Portada\",\"item\":\"https:\/\/kuken.alfadyser.dev\/\"},{\"@type\":\"ListItem\",\"position\":2,\"name\":\"Pol\u00edtica de cookies\"}]},{\"@type\":\"WebSite\",\"@id\":\"https:\/\/kuken.alfadyser.dev\/#website\",\"url\":\"https:\/\/kuken.alfadyser.dev\/\",\"name\":\"K\u00fcken\",\"description\":\"Amplia gama de peque\u00f1o electrodom\u00e9stico k\u00fcken\",\"publisher\":{\"@id\":\"https:\/\/kuken.alfadyser.dev\/#organization\"},\"potentialAction\":[{\"@type\":\"SearchAction\",\"target\":{\"@type\":\"EntryPoint\",\"urlTemplate\":\"https:\/\/kuken.alfadyser.dev\/?s={search_term_string}\"},\"query-input\":{\"@type\":\"PropertyValueSpecification\",\"valueRequired\":true,\"valueName\":\"search_term_string\"}}],\"inLanguage\":\"fr-FR\"},{\"@type\":\"Organization\",\"@id\":\"https:\/\/kuken.alfadyser.dev\/#organization\",\"name\":\"Alfa Dyser\",\"url\":\"https:\/\/kuken.alfadyser.dev\/\",\"logo\":{\"@type\":\"ImageObject\",\"inLanguage\":\"fr-FR\",\"@id\":\"https:\/\/kuken.alfadyser.dev\/#\/schema\/logo\/image\/\",\"url\":\"https:\/\/kuken.alfadyser.dev\/wp-content\/uploads\/2019\/04\/kuken-logo.png\",\"contentUrl\":\"https:\/\/kuken.alfadyser.dev\/wp-content\/uploads\/2019\/04\/kuken-logo.png\",\"width\":500,\"height\":191,\"caption\":\"Alfa Dyser\"},\"image\":{\"@id\":\"https:\/\/kuken.alfadyser.dev\/#\/schema\/logo\/image\/\"},\"sameAs\":[\"https:\/\/es-es.facebook.com\/alfadyser\/\",\"https:\/\/www.instagram.com\/kuken_appliances\/\"]}]}<\/script>\n<!-- \/ Yoast SEO Premium plugin. -->","yoast_head_json":{"title":"Politique en mati\u00e8re de cookies - K\u00fcken","robots":{"index":"noindex","follow":"follow","max-snippet":"max-snippet:-1","max-image-preview":"max-image-preview:large","max-video-preview":"max-video-preview:-1"},"og_locale":"fr_FR","og_type":"article","og_title":"Pol\u00edtica de cookies","og_description":"Pol\u00edtica de cookies En la web\u00a0www.kuken.es\u00a0(en adelante, www.kuken.es) utilizamos cookies para facilitar la relaci\u00f3n de los visitantes con nuestro contenido y para permitir elaborar estad\u00edsticas sobre [\u2026]","og_url":"https:\/\/kuken.alfadyser.dev\/fr\/politique-en-matiere-de-cookies\/","og_site_name":"K\u00fcken","article_publisher":"https:\/\/es-es.facebook.com\/alfadyser\/","article_modified_time":"2020-11-02T12:17:29+00:00","twitter_card":"summary_large_image","twitter_misc":{"Dur\u00e9e de lecture estim\u00e9e":"10 minutes"},"schema":{"@context":"https:\/\/schema.org","@graph":[{"@type":"WebPage","@id":"https:\/\/kuken.alfadyser.dev\/politica-de-cookies\/","url":"https:\/\/kuken.alfadyser.dev\/politica-de-cookies\/","name":"Politique en mati\u00e8re de cookies - K\u00fcken","isPartOf":{"@id":"https:\/\/kuken.alfadyser.dev\/#website"},"datePublished":"2019-06-26T09:04:57+00:00","dateModified":"2020-11-02T12:17:29+00:00","breadcrumb":{"@id":"https:\/\/kuken.alfadyser.dev\/politica-de-cookies\/#breadcrumb"},"inLanguage":"fr-FR","potentialAction":[{"@type":"ReadAction","target":["https:\/\/kuken.alfadyser.dev\/politica-de-cookies\/"]}]},{"@type":"BreadcrumbList","@id":"https:\/\/kuken.alfadyser.dev\/politica-de-cookies\/#breadcrumb","itemListElement":[{"@type":"ListItem","position":1,"name":"Portada","item":"https:\/\/kuken.alfadyser.dev\/"},{"@type":"ListItem","position":2,"name":"Pol\u00edtica de cookies"}]},{"@type":"WebSite","@id":"https:\/\/kuken.alfadyser.dev\/#website","url":"https:\/\/kuken.alfadyser.dev\/","name":"K\u00fcken","description":"Large gamme de petits appareils m\u00e9nagers k\u00fcken","publisher":{"@id":"https:\/\/kuken.alfadyser.dev\/#organization"},"potentialAction":[{"@type":"SearchAction","target":{"@type":"EntryPoint","urlTemplate":"https:\/\/kuken.alfadyser.dev\/?s={search_term_string}"},"query-input":{"@type":"PropertyValueSpecification","valueRequired":true,"valueName":"search_term_string"}}],"inLanguage":"fr-FR"},{"@type":"Organization","@id":"https:\/\/kuken.alfadyser.dev\/#organization","name":"Alpha Dyser","url":"https:\/\/kuken.alfadyser.dev\/","logo":{"@type":"ImageObject","inLanguage":"fr-FR","@id":"https:\/\/kuken.alfadyser.dev\/#\/schema\/logo\/image\/","url":"https:\/\/kuken.alfadyser.dev\/wp-content\/uploads\/2019\/04\/kuken-logo.png","contentUrl":"https:\/\/kuken.alfadyser.dev\/wp-content\/uploads\/2019\/04\/kuken-logo.png","width":500,"height":191,"caption":"Alfa Dyser"},"image":{"@id":"https:\/\/kuken.alfadyser.dev\/#\/schema\/logo\/image\/"},"sameAs":["https:\/\/es-es.facebook.com\/alfadyser\/","https:\/\/www.instagram.com\/kuken_appliances\/"]}]}},"_links":{"self":[{"href":"https:\/\/kuken.alfadyser.dev\/fr\/wp-json\/wp\/v2\/pages\/315","targetHints":{"allow":["GET"]}}],"collection":[{"href":"https:\/\/kuken.alfadyser.dev\/fr\/wp-json\/wp\/v2\/pages"}],"about":[{"href":"https:\/\/kuken.alfadyser.dev\/fr\/wp-json\/wp\/v2\/types\/page"}],"author":[{"embeddable":true,"href":"https:\/\/kuken.alfadyser.dev\/fr\/wp-json\/wp\/v2\/users\/4"}],"replies":[{"embeddable":true,"href":"https:\/\/kuken.alfadyser.dev\/fr\/wp-json\/wp\/v2\/comments?post=315"}],"version-history":[{"count":0,"href":"https:\/\/kuken.alfadyser.dev\/fr\/wp-json\/wp\/v2\/pages\/315\/revisions"}],"wp:attachment":[{"href":"https:\/\/kuken.alfadyser.dev\/fr\/wp-json\/wp\/v2\/media?parent=315"}],"curies":[{"name":"wp","href":"https:\/\/api.w.org\/{rel}","templated":true}]}}