{"id":313,"date":"2019-06-26T11:03:07","date_gmt":"2019-06-26T09:03:07","guid":{"rendered":"https:\/\/kuken.alfadyser.dev\/?page_id=313"},"modified":"2019-06-26T11:03:07","modified_gmt":"2019-06-26T09:03:07","slug":"politica-medioambiental","status":"publish","type":"page","link":"https:\/\/kuken.alfadyser.dev\/fr\/politica-medioambiental\/","title":{"rendered":"Politique environnementale"},"content":{"rendered":"<h3>Politique environnementale<\/h3>\n<p>&nbsp;<\/p>\n<p class=\"disclaimer\"><strong>Alfa Dyser S.L.<\/strong>\u00a0considera el cuidado medioambiental como un\u00a0<strong>valor fundamental de su cultura empresarial<\/strong>. Por ello, realiza sus actividades de manera respetuosa con el medio ambiente y conforme a los principios del desarrollo sostenible, y est\u00e1 firmemente comprometida con la conservaci\u00f3n y el uso correcto de los recursos que emplea. En el cumplimiento de sus compromisos medioambientales, Alfa Dyser S.L. aplica los siguientes principios b\u00e1sicos de actuaci\u00f3n, que constituyen los fundamentos de su pol\u00edtica ambiental:<\/p>\n<ul>\n<li class=\"disclaimer\">Como compromiso con la protecci\u00f3n del Medio Ambiente,\u00a0<strong>identificar y evaluar todos los impactos ambientales<\/strong>\u00a0derivados de nuestras actividades y servicios, con el objeto de implantar medidas para disminuirlos, prevenir la contaminaci\u00f3n, minimizar el consumo de los recursos y fomentar la eficiencia y ahorro energ\u00e9ticos en nuestras instalaciones.<\/li>\n<li class=\"disclaimer\">Asegurar el\u00a0<strong>cumplimiento de la legislaci\u00f3n, reglamentaci\u00f3n y normativas ambientales aplicables<\/strong>, as\u00ed como otros requisitos a que la organizaci\u00f3n suscriba, y en la medida de lo posible, superar los citados requisitos en ellos establecidos, siempre que lleve asociado un beneficio ambiental para la empresa o la sociedad en general.<\/li>\n<li class=\"disclaimer\"><strong>Incluir consideraciones ambientales en nuestras decisiones de compra y dise\u00f1o de nuevos productos<\/strong>, siempre que sea tecnol\u00f3gicamente posible, as\u00ed como en la selecci\u00f3n de nuestros proveedores y subcontratistas, siempre que sus actividades puedan incidir en el comportamiento ambiental de la empresa y el planeta.<\/li>\n<li class=\"disclaimer\">Le\u00a0<strong>inserci\u00f3n de cat\u00e1logos por v\u00eda digital<\/strong>, con el objetivo de contribuir al mantenimiento y preservaci\u00f3n del medio ambiente, reduciendo el uso de papel y evitando as\u00ed la tala de \u00e1rboles y reduciendo el consumo energ\u00e9tico y las emisiones de CO2. Por ello, Alfa Dyser, S.L. ofrece y recomienda a todos sus clientes la posibilidad de recibir sus cat\u00e1logos en formato electr\u00f3nico.<\/li>\n<li class=\"disclaimer\">Practicar una\u00a0<strong>gesti\u00f3n integral de los residuos generados en la empresa<\/strong>, que sea respetuosa con el Medio Ambiente, implicando una correcta segregaci\u00f3n y reciclado de los mismos cuando proceda, y as\u00ed como un adecuado almacenamiento intermedio y final de los mismos.<\/li>\n<li class=\"disclaimer\">Desarrollar una\u00a0<strong>revisi\u00f3n y mejora continua del Sistema de Gesti\u00f3n Ambiental implantado<\/strong>\u00a0para mantenerlo activo y efectivo.<\/li>\n<\/ul>\n<p class=\"disclaimer\"><strong>Alfa Dyser, S.L.<\/strong>\u00a0se asegura que dicha pol\u00edtica es entendida a todos los niveles de la organizaci\u00f3n y por sus colaboradores mediante la explicaci\u00f3n a trav\u00e9s de reuniones con el personal y su divulgaci\u00f3n mediante la distribuci\u00f3n y publicaci\u00f3n en la p\u00e1gina web de la empresa; consiguiendo de esta forma que formen parte activa de la misma y se involucren y comprometan para llevarla a cabo.<\/p>","protected":false},"excerpt":{"rendered":"<p>Pol\u00edtica medioambiental &nbsp; Alfa Dyser S.L.\u00a0considera el cuidado medioambiental como un\u00a0valor fundamental de su cultura empresarial. Por ello, realiza sus actividades de manera respetuosa con el<span class=\"excerpt-hellip\"> [...]<\/span><\/p>","protected":false},"author":4,"featured_media":0,"parent":0,"menu_order":0,"comment_status":"closed","ping_status":"closed","template":"","meta":{"footnotes":""},"class_list":["post-313","page","type-page","status-publish","hentry"],"yoast_head":"<!-- This site is optimized with the Yoast SEO Premium plugin v24.0 (Yoast SEO v26.5) - https:\/\/yoast.com\/wordpress\/plugins\/seo\/ -->\n<title>Pol\u00edtica medioambiental - K\u00fcken<\/title>\n<meta name=\"robots\" content=\"noindex, follow, max-snippet:-1, max-image-preview:large, max-video-preview:-1\" \/>\n<meta property=\"og:locale\" content=\"fr_FR\" \/>\n<meta property=\"og:type\" content=\"article\" \/>\n<meta property=\"og:title\" content=\"Pol\u00edtica medioambiental\" \/>\n<meta property=\"og:description\" content=\"Pol\u00edtica medioambiental &nbsp; Alfa Dyser S.L.\u00a0considera el cuidado medioambiental como un\u00a0valor fundamental de su cultura empresarial. Por ello, realiza sus actividades de manera respetuosa con el [\u2026]\" \/>\n<meta property=\"og:url\" content=\"https:\/\/kuken.alfadyser.dev\/fr\/politica-medioambiental\/\" \/>\n<meta property=\"og:site_name\" content=\"K\u00fcken\" \/>\n<meta property=\"article:publisher\" content=\"https:\/\/es-es.facebook.com\/alfadyser\/\" \/>\n<meta name=\"twitter:card\" content=\"summary_large_image\" \/>\n<meta name=\"twitter:label1\" content=\"Dur\u00e9e de lecture estim\u00e9e\" \/>\n\t<meta name=\"twitter:data1\" content=\"2 minutes\" \/>\n<script type=\"application\/ld+json\" class=\"yoast-schema-graph\">{\"@context\":\"https:\/\/schema.org\",\"@graph\":[{\"@type\":\"WebPage\",\"@id\":\"https:\/\/kuken.alfadyser.dev\/politica-medioambiental\/\",\"url\":\"https:\/\/kuken.alfadyser.dev\/politica-medioambiental\/\",\"name\":\"Pol\u00edtica medioambiental - K\u00fcken\",\"isPartOf\":{\"@id\":\"https:\/\/kuken.alfadyser.dev\/#website\"},\"datePublished\":\"2019-06-26T09:03:07+00:00\",\"breadcrumb\":{\"@id\":\"https:\/\/kuken.alfadyser.dev\/politica-medioambiental\/#breadcrumb\"},\"inLanguage\":\"fr-FR\",\"potentialAction\":[{\"@type\":\"ReadAction\",\"target\":[\"https:\/\/kuken.alfadyser.dev\/politica-medioambiental\/\"]}]},{\"@type\":\"BreadcrumbList\",\"@id\":\"https:\/\/kuken.alfadyser.dev\/politica-medioambiental\/#breadcrumb\",\"itemListElement\":[{\"@type\":\"ListItem\",\"position\":1,\"name\":\"Portada\",\"item\":\"https:\/\/kuken.alfadyser.dev\/\"},{\"@type\":\"ListItem\",\"position\":2,\"name\":\"Pol\u00edtica medioambiental\"}]},{\"@type\":\"WebSite\",\"@id\":\"https:\/\/kuken.alfadyser.dev\/#website\",\"url\":\"https:\/\/kuken.alfadyser.dev\/\",\"name\":\"K\u00fcken\",\"description\":\"Amplia gama de peque\u00f1o electrodom\u00e9stico k\u00fcken\",\"publisher\":{\"@id\":\"https:\/\/kuken.alfadyser.dev\/#organization\"},\"potentialAction\":[{\"@type\":\"SearchAction\",\"target\":{\"@type\":\"EntryPoint\",\"urlTemplate\":\"https:\/\/kuken.alfadyser.dev\/?s={search_term_string}\"},\"query-input\":{\"@type\":\"PropertyValueSpecification\",\"valueRequired\":true,\"valueName\":\"search_term_string\"}}],\"inLanguage\":\"fr-FR\"},{\"@type\":\"Organization\",\"@id\":\"https:\/\/kuken.alfadyser.dev\/#organization\",\"name\":\"Alfa Dyser\",\"url\":\"https:\/\/kuken.alfadyser.dev\/\",\"logo\":{\"@type\":\"ImageObject\",\"inLanguage\":\"fr-FR\",\"@id\":\"https:\/\/kuken.alfadyser.dev\/#\/schema\/logo\/image\/\",\"url\":\"https:\/\/kuken.alfadyser.dev\/wp-content\/uploads\/2019\/04\/kuken-logo.png\",\"contentUrl\":\"https:\/\/kuken.alfadyser.dev\/wp-content\/uploads\/2019\/04\/kuken-logo.png\",\"width\":500,\"height\":191,\"caption\":\"Alfa Dyser\"},\"image\":{\"@id\":\"https:\/\/kuken.alfadyser.dev\/#\/schema\/logo\/image\/\"},\"sameAs\":[\"https:\/\/es-es.facebook.com\/alfadyser\/\",\"https:\/\/www.instagram.com\/kuken_appliances\/\"]}]}<\/script>\n<!-- \/ Yoast SEO Premium plugin. -->","yoast_head_json":{"title":"Pol\u00edtica medioambiental - K\u00fcken","robots":{"index":"noindex","follow":"follow","max-snippet":"max-snippet:-1","max-image-preview":"max-image-preview:large","max-video-preview":"max-video-preview:-1"},"og_locale":"fr_FR","og_type":"article","og_title":"Pol\u00edtica medioambiental","og_description":"Pol\u00edtica medioambiental &nbsp; Alfa Dyser S.L.\u00a0considera el cuidado medioambiental como un\u00a0valor fundamental de su cultura empresarial. Por ello, realiza sus actividades de manera respetuosa con el [\u2026]","og_url":"https:\/\/kuken.alfadyser.dev\/fr\/politica-medioambiental\/","og_site_name":"K\u00fcken","article_publisher":"https:\/\/es-es.facebook.com\/alfadyser\/","twitter_card":"summary_large_image","twitter_misc":{"Dur\u00e9e de lecture estim\u00e9e":"2 minutes"},"schema":{"@context":"https:\/\/schema.org","@graph":[{"@type":"WebPage","@id":"https:\/\/kuken.alfadyser.dev\/politica-medioambiental\/","url":"https:\/\/kuken.alfadyser.dev\/politica-medioambiental\/","name":"Pol\u00edtica medioambiental - K\u00fcken","isPartOf":{"@id":"https:\/\/kuken.alfadyser.dev\/#website"},"datePublished":"2019-06-26T09:03:07+00:00","breadcrumb":{"@id":"https:\/\/kuken.alfadyser.dev\/politica-medioambiental\/#breadcrumb"},"inLanguage":"fr-FR","potentialAction":[{"@type":"ReadAction","target":["https:\/\/kuken.alfadyser.dev\/politica-medioambiental\/"]}]},{"@type":"BreadcrumbList","@id":"https:\/\/kuken.alfadyser.dev\/politica-medioambiental\/#breadcrumb","itemListElement":[{"@type":"ListItem","position":1,"name":"Portada","item":"https:\/\/kuken.alfadyser.dev\/"},{"@type":"ListItem","position":2,"name":"Pol\u00edtica medioambiental"}]},{"@type":"WebSite","@id":"https:\/\/kuken.alfadyser.dev\/#website","url":"https:\/\/kuken.alfadyser.dev\/","name":"K\u00fcken","description":"Large gamme de petits appareils m\u00e9nagers k\u00fcken","publisher":{"@id":"https:\/\/kuken.alfadyser.dev\/#organization"},"potentialAction":[{"@type":"SearchAction","target":{"@type":"EntryPoint","urlTemplate":"https:\/\/kuken.alfadyser.dev\/?s={search_term_string}"},"query-input":{"@type":"PropertyValueSpecification","valueRequired":true,"valueName":"search_term_string"}}],"inLanguage":"fr-FR"},{"@type":"Organization","@id":"https:\/\/kuken.alfadyser.dev\/#organization","name":"Alpha Dyser","url":"https:\/\/kuken.alfadyser.dev\/","logo":{"@type":"ImageObject","inLanguage":"fr-FR","@id":"https:\/\/kuken.alfadyser.dev\/#\/schema\/logo\/image\/","url":"https:\/\/kuken.alfadyser.dev\/wp-content\/uploads\/2019\/04\/kuken-logo.png","contentUrl":"https:\/\/kuken.alfadyser.dev\/wp-content\/uploads\/2019\/04\/kuken-logo.png","width":500,"height":191,"caption":"Alfa Dyser"},"image":{"@id":"https:\/\/kuken.alfadyser.dev\/#\/schema\/logo\/image\/"},"sameAs":["https:\/\/es-es.facebook.com\/alfadyser\/","https:\/\/www.instagram.com\/kuken_appliances\/"]}]}},"_links":{"self":[{"href":"https:\/\/kuken.alfadyser.dev\/fr\/wp-json\/wp\/v2\/pages\/313","targetHints":{"allow":["GET"]}}],"collection":[{"href":"https:\/\/kuken.alfadyser.dev\/fr\/wp-json\/wp\/v2\/pages"}],"about":[{"href":"https:\/\/kuken.alfadyser.dev\/fr\/wp-json\/wp\/v2\/types\/page"}],"author":[{"embeddable":true,"href":"https:\/\/kuken.alfadyser.dev\/fr\/wp-json\/wp\/v2\/users\/4"}],"replies":[{"embeddable":true,"href":"https:\/\/kuken.alfadyser.dev\/fr\/wp-json\/wp\/v2\/comments?post=313"}],"version-history":[{"count":0,"href":"https:\/\/kuken.alfadyser.dev\/fr\/wp-json\/wp\/v2\/pages\/313\/revisions"}],"wp:attachment":[{"href":"https:\/\/kuken.alfadyser.dev\/fr\/wp-json\/wp\/v2\/media?parent=313"}],"curies":[{"name":"wp","href":"https:\/\/api.w.org\/{rel}","templated":true}]}}