{"id":311,"date":"2019-06-26T11:01:00","date_gmt":"2019-06-26T09:01:00","guid":{"rendered":"https:\/\/kuken.alfadyser.dev\/?page_id=311"},"modified":"2019-06-26T11:01:00","modified_gmt":"2019-06-26T09:01:00","slug":"politique-de-confidentialite","status":"publish","type":"page","link":"https:\/\/kuken.alfadyser.dev\/fr\/politique-de-confidentialite\/","title":{"rendered":"Politique de confidentialit\u00e9"},"content":{"rendered":"<h3>Politique de confidentialit\u00e9<\/h3>\n<p>&nbsp;<\/p>\n<p>La pr\u00e9sente politique de confidentialit\u00e9 d\u00e9finit les conditions dans lesquelles ALFA DYSER, S.L. utilise et prot\u00e8ge les informations fournies par ses utilisateurs lorsqu'ils utilisent son site Web. Cette entreprise s'engage \u00e0 assurer la s\u00e9curit\u00e9 des donn\u00e9es de ses utilisateurs. Lorsque nous vous demandons de fournir des informations personnelles permettant de vous identifier, nous le faisons avec l'assurance qu'elles ne seront utilis\u00e9es que conform\u00e9ment aux termes du pr\u00e9sent document. Toutefois, cette politique de confidentialit\u00e9 peut changer au fil du temps ou \u00eatre mise \u00e0 jour et nous vous encourageons \u00e0 consulter r\u00e9guli\u00e8rement cette page pour vous assurer que vous \u00eates satisfait de tout changement.<\/p>\n<h5 id=\"politica1\" class=\"legal\">1. LES INFORMATIONS COLLECT\u00c9ES<\/h5>\n<p>Notre site web peut recueillir des informations personnelles telles que le nom, des informations de contact telles que l'adresse \u00e9lectronique et des informations d\u00e9mographiques. En outre, si n\u00e9cessaire, des informations sp\u00e9cifiques peuvent \u00eatre requises pour traiter une commande, effectuer une livraison ou une facturation.<\/p>\n<h5 id=\"politica2\" class=\"legal\">2. UTILISATION DES INFORMATIONS COLLECT\u00c9ES<\/h5>\n<p>Notre site web utilise ces informations pour vous fournir le meilleur service possible, en particulier pour suivre les utilisateurs et les commandes, le cas \u00e9ch\u00e9ant, et pour am\u00e9liorer nos produits et services. Nous pouvons p\u00e9riodiquement envoyer des courriels via notre site avec des offres sp\u00e9ciales, de nouveaux produits et d'autres informations marketing que nous pensons \u00eatre pertinentes pour vous ou qui peuvent vous \u00eatre utiles, ces courriels seront envoy\u00e9s \u00e0 l'adresse que vous fournissez et vous pouvez vous d\u00e9sabonner \u00e0 tout moment.<\/p>\n<p>ALFA DYSER, S.L. s'engage \u00e0 respecter son engagement \u00e0 garantir la s\u00e9curit\u00e9 de vos informations. Nous utilisons les syst\u00e8mes les plus avanc\u00e9s et les mettons constamment \u00e0 jour pour \u00e9viter tout acc\u00e8s non autoris\u00e9.<\/p>\n<h5 id=\"politica3\" class=\"legal\">3. COOKIES<\/h5>\n<p>Un cookie est un fichier envoy\u00e9 dans le but de demander la permission d'\u00eatre stock\u00e9 sur votre ordinateur. En acceptant, ce fichier est cr\u00e9\u00e9 et le cookie est ensuite utilis\u00e9 pour obtenir des informations sur le trafic web, et facilite \u00e9galement les visites futures sur un site web r\u00e9current. Une autre fonction des cookies est qu'ils permettent au web de vous reconna\u00eetre individuellement et donc de vous fournir le meilleur service personnalis\u00e9 sur leur site web.<\/p>\n<p>Notre site web utilise des cookies pour pouvoir identifier les pages visit\u00e9es et leur fr\u00e9quence. Ces informations ne sont utilis\u00e9es qu'\u00e0 des fins d'analyse statistique et sont ensuite d\u00e9finitivement supprim\u00e9es. Vous pouvez supprimer les cookies \u00e0 tout moment de votre ordinateur. Cependant, les cookies aident \u00e0 fournir un meilleur service de la part des sites web, ils ne donnent pas acc\u00e8s \u00e0 des informations sur votre ordinateur ou sur vous, \u00e0 moins que vous ne choisissiez de les fournir directement. Vous pouvez accepter ou refuser l'utilisation de cookies, mais la plupart des navigateurs acceptent automatiquement les cookies pour fournir un meilleur service web. Vous pouvez \u00e9galement modifier les param\u00e8tres de votre ordinateur pour refuser les cookies. Si vous refusez les cookies, il se peut que vous ne puissiez pas utiliser certains de nos services.<\/p>\n<h5 id=\"politica4\" class=\"legal\">4. LIENS AVEC DES TIERS<\/h5>\n<p>Ce site web peut contenir des liens vers d'autres sites web susceptibles de vous int\u00e9resser. Une fois que vous avez cliqu\u00e9 sur ces liens et quitt\u00e9 notre site, nous n'avons plus aucun contr\u00f4le sur le site vers lequel vous avez \u00e9t\u00e9 redirig\u00e9 et nous ne sommes donc pas responsables des conditions ou des pratiques en mati\u00e8re de protection de la vie priv\u00e9e ou des donn\u00e9es de ces autres sites. Ces sites sont soumis \u00e0 leurs propres politiques de confidentialit\u00e9 et vous devez les v\u00e9rifier pour vous assurer qu'elles vous conviennent.<\/p>\n<h5 id=\"politica5\" class=\"legal\">5. CONTR\u00d4LE DE VOS DONN\u00c9ES PERSONNELLES<\/h5>\n<p>Vous pouvez \u00e0 tout moment restreindre la collecte ou l'utilisation des informations personnelles que vous fournissez sur notre site web. Chaque fois qu'il vous est demand\u00e9 de remplir un formulaire, tel qu'un formulaire d'inscription, vous pouvez cocher ou d\u00e9cocher l'option permettant de recevoir des informations par courrier \u00e9lectronique. Si vous avez coch\u00e9 l'option de recevoir notre bulletin d'information ou de la publicit\u00e9, vous pouvez l'annuler \u00e0 tout moment.<\/p>\n<p>Cette entreprise ne vendra pas, ne c\u00e9dera pas et ne distribuera pas les informations personnelles collect\u00e9es sans votre consentement, \u00e0 moins qu'un juge ne l'exige en vertu d'une ordonnance judiciaire.<\/p>\n<p>ALFA DYSER, S.L. se r\u00e9serve le droit de modifier les termes de cette politique de confidentialit\u00e9 \u00e0 tout moment.<\/p>","protected":false},"excerpt":{"rendered":"<p>Pol\u00edtica de privacidad &nbsp; El presente Pol\u00edtica de Privacidad establece los t\u00e9rminos en que ALFA DYSER, S.L. usa y protege la informaci\u00f3n que es proporcionada por<span class=\"excerpt-hellip\"> [...]<\/span><\/p>","protected":false},"author":4,"featured_media":0,"parent":0,"menu_order":0,"comment_status":"closed","ping_status":"closed","template":"","meta":{"footnotes":""},"class_list":["post-311","page","type-page","status-publish","hentry"],"yoast_head":"<!-- This site is optimized with the Yoast SEO Premium plugin v24.0 (Yoast SEO v26.5) - https:\/\/yoast.com\/wordpress\/plugins\/seo\/ -->\n<title>Pol\u00edtica de privacidad - K\u00fcken<\/title>\n<meta name=\"robots\" content=\"noindex, follow, max-snippet:-1, max-image-preview:large, max-video-preview:-1\" \/>\n<meta property=\"og:locale\" content=\"fr_FR\" \/>\n<meta property=\"og:type\" content=\"article\" \/>\n<meta property=\"og:title\" content=\"Pol\u00edtica de privacidad\" \/>\n<meta property=\"og:description\" content=\"Pol\u00edtica de privacidad &nbsp; El presente Pol\u00edtica de Privacidad establece los t\u00e9rminos en que ALFA DYSER, S.L. usa y protege la informaci\u00f3n que es proporcionada por [\u2026]\" \/>\n<meta property=\"og:url\" content=\"https:\/\/kuken.alfadyser.dev\/fr\/politique-de-confidentialite\/\" \/>\n<meta property=\"og:site_name\" content=\"K\u00fcken\" \/>\n<meta property=\"article:publisher\" content=\"https:\/\/es-es.facebook.com\/alfadyser\/\" \/>\n<meta name=\"twitter:card\" content=\"summary_large_image\" \/>\n<meta name=\"twitter:label1\" content=\"Dur\u00e9e de lecture estim\u00e9e\" \/>\n\t<meta name=\"twitter:data1\" content=\"4 minutes\" \/>\n<script type=\"application\/ld+json\" class=\"yoast-schema-graph\">{\"@context\":\"https:\/\/schema.org\",\"@graph\":[{\"@type\":\"WebPage\",\"@id\":\"https:\/\/kuken.alfadyser.dev\/politica-de-privacidad\/\",\"url\":\"https:\/\/kuken.alfadyser.dev\/politica-de-privacidad\/\",\"name\":\"Pol\u00edtica de privacidad - K\u00fcken\",\"isPartOf\":{\"@id\":\"https:\/\/kuken.alfadyser.dev\/#website\"},\"datePublished\":\"2019-06-26T09:01:00+00:00\",\"breadcrumb\":{\"@id\":\"https:\/\/kuken.alfadyser.dev\/politica-de-privacidad\/#breadcrumb\"},\"inLanguage\":\"fr-FR\",\"potentialAction\":[{\"@type\":\"ReadAction\",\"target\":[\"https:\/\/kuken.alfadyser.dev\/politica-de-privacidad\/\"]}]},{\"@type\":\"BreadcrumbList\",\"@id\":\"https:\/\/kuken.alfadyser.dev\/politica-de-privacidad\/#breadcrumb\",\"itemListElement\":[{\"@type\":\"ListItem\",\"position\":1,\"name\":\"Portada\",\"item\":\"https:\/\/kuken.alfadyser.dev\/\"},{\"@type\":\"ListItem\",\"position\":2,\"name\":\"Pol\u00edtica de privacidad\"}]},{\"@type\":\"WebSite\",\"@id\":\"https:\/\/kuken.alfadyser.dev\/#website\",\"url\":\"https:\/\/kuken.alfadyser.dev\/\",\"name\":\"K\u00fcken\",\"description\":\"Amplia gama de peque\u00f1o electrodom\u00e9stico k\u00fcken\",\"publisher\":{\"@id\":\"https:\/\/kuken.alfadyser.dev\/#organization\"},\"potentialAction\":[{\"@type\":\"SearchAction\",\"target\":{\"@type\":\"EntryPoint\",\"urlTemplate\":\"https:\/\/kuken.alfadyser.dev\/?s={search_term_string}\"},\"query-input\":{\"@type\":\"PropertyValueSpecification\",\"valueRequired\":true,\"valueName\":\"search_term_string\"}}],\"inLanguage\":\"fr-FR\"},{\"@type\":\"Organization\",\"@id\":\"https:\/\/kuken.alfadyser.dev\/#organization\",\"name\":\"Alfa Dyser\",\"url\":\"https:\/\/kuken.alfadyser.dev\/\",\"logo\":{\"@type\":\"ImageObject\",\"inLanguage\":\"fr-FR\",\"@id\":\"https:\/\/kuken.alfadyser.dev\/#\/schema\/logo\/image\/\",\"url\":\"https:\/\/kuken.alfadyser.dev\/wp-content\/uploads\/2019\/04\/kuken-logo.png\",\"contentUrl\":\"https:\/\/kuken.alfadyser.dev\/wp-content\/uploads\/2019\/04\/kuken-logo.png\",\"width\":500,\"height\":191,\"caption\":\"Alfa Dyser\"},\"image\":{\"@id\":\"https:\/\/kuken.alfadyser.dev\/#\/schema\/logo\/image\/\"},\"sameAs\":[\"https:\/\/es-es.facebook.com\/alfadyser\/\",\"https:\/\/www.instagram.com\/kuken_appliances\/\"]}]}<\/script>\n<!-- \/ Yoast SEO Premium plugin. -->","yoast_head_json":{"title":"Politique de confidentialit\u00e9 - K\u00fcken","robots":{"index":"noindex","follow":"follow","max-snippet":"max-snippet:-1","max-image-preview":"max-image-preview:large","max-video-preview":"max-video-preview:-1"},"og_locale":"fr_FR","og_type":"article","og_title":"Pol\u00edtica de privacidad","og_description":"Pol\u00edtica de privacidad &nbsp; El presente Pol\u00edtica de Privacidad establece los t\u00e9rminos en que ALFA DYSER, S.L. usa y protege la informaci\u00f3n que es proporcionada por [\u2026]","og_url":"https:\/\/kuken.alfadyser.dev\/fr\/politique-de-confidentialite\/","og_site_name":"K\u00fcken","article_publisher":"https:\/\/es-es.facebook.com\/alfadyser\/","twitter_card":"summary_large_image","twitter_misc":{"Dur\u00e9e de lecture estim\u00e9e":"4 minutes"},"schema":{"@context":"https:\/\/schema.org","@graph":[{"@type":"WebPage","@id":"https:\/\/kuken.alfadyser.dev\/politica-de-privacidad\/","url":"https:\/\/kuken.alfadyser.dev\/politica-de-privacidad\/","name":"Politique de confidentialit\u00e9 - K\u00fcken","isPartOf":{"@id":"https:\/\/kuken.alfadyser.dev\/#website"},"datePublished":"2019-06-26T09:01:00+00:00","breadcrumb":{"@id":"https:\/\/kuken.alfadyser.dev\/politica-de-privacidad\/#breadcrumb"},"inLanguage":"fr-FR","potentialAction":[{"@type":"ReadAction","target":["https:\/\/kuken.alfadyser.dev\/politica-de-privacidad\/"]}]},{"@type":"BreadcrumbList","@id":"https:\/\/kuken.alfadyser.dev\/politica-de-privacidad\/#breadcrumb","itemListElement":[{"@type":"ListItem","position":1,"name":"Portada","item":"https:\/\/kuken.alfadyser.dev\/"},{"@type":"ListItem","position":2,"name":"Pol\u00edtica de privacidad"}]},{"@type":"WebSite","@id":"https:\/\/kuken.alfadyser.dev\/#website","url":"https:\/\/kuken.alfadyser.dev\/","name":"K\u00fcken","description":"Large gamme de petits appareils m\u00e9nagers k\u00fcken","publisher":{"@id":"https:\/\/kuken.alfadyser.dev\/#organization"},"potentialAction":[{"@type":"SearchAction","target":{"@type":"EntryPoint","urlTemplate":"https:\/\/kuken.alfadyser.dev\/?s={search_term_string}"},"query-input":{"@type":"PropertyValueSpecification","valueRequired":true,"valueName":"search_term_string"}}],"inLanguage":"fr-FR"},{"@type":"Organization","@id":"https:\/\/kuken.alfadyser.dev\/#organization","name":"Alpha Dyser","url":"https:\/\/kuken.alfadyser.dev\/","logo":{"@type":"ImageObject","inLanguage":"fr-FR","@id":"https:\/\/kuken.alfadyser.dev\/#\/schema\/logo\/image\/","url":"https:\/\/kuken.alfadyser.dev\/wp-content\/uploads\/2019\/04\/kuken-logo.png","contentUrl":"https:\/\/kuken.alfadyser.dev\/wp-content\/uploads\/2019\/04\/kuken-logo.png","width":500,"height":191,"caption":"Alfa Dyser"},"image":{"@id":"https:\/\/kuken.alfadyser.dev\/#\/schema\/logo\/image\/"},"sameAs":["https:\/\/es-es.facebook.com\/alfadyser\/","https:\/\/www.instagram.com\/kuken_appliances\/"]}]}},"_links":{"self":[{"href":"https:\/\/kuken.alfadyser.dev\/fr\/wp-json\/wp\/v2\/pages\/311","targetHints":{"allow":["GET"]}}],"collection":[{"href":"https:\/\/kuken.alfadyser.dev\/fr\/wp-json\/wp\/v2\/pages"}],"about":[{"href":"https:\/\/kuken.alfadyser.dev\/fr\/wp-json\/wp\/v2\/types\/page"}],"author":[{"embeddable":true,"href":"https:\/\/kuken.alfadyser.dev\/fr\/wp-json\/wp\/v2\/users\/4"}],"replies":[{"embeddable":true,"href":"https:\/\/kuken.alfadyser.dev\/fr\/wp-json\/wp\/v2\/comments?post=311"}],"version-history":[{"count":0,"href":"https:\/\/kuken.alfadyser.dev\/fr\/wp-json\/wp\/v2\/pages\/311\/revisions"}],"wp:attachment":[{"href":"https:\/\/kuken.alfadyser.dev\/fr\/wp-json\/wp\/v2\/media?parent=311"}],"curies":[{"name":"wp","href":"https:\/\/api.w.org\/{rel}","templated":true}]}}