{"id":307,"date":"2019-06-26T10:57:13","date_gmt":"2019-06-26T08:57:13","guid":{"rendered":"https:\/\/kuken.alfadyser.dev\/?page_id=307"},"modified":"2019-06-26T10:58:11","modified_gmt":"2019-06-26T08:58:11","slug":"avis-juridique","status":"publish","type":"page","link":"https:\/\/kuken.alfadyser.dev\/fr\/avis-juridique\/","title":{"rendered":"Avis juridique"},"content":{"rendered":"<h3>Avis juridique<\/h3>\n<p>&nbsp;<\/p>\n<h5 id=\"1\" class=\"legal\">1. DONN\u00c9ES D'IDENTIFICATION<\/h5>\n<p>Conform\u00e9ment \u00e0 l'obligation d'information contenue dans l'article 10 de la Loi 34\/2002, du 11 juillet, sur les services de la soci\u00e9t\u00e9 de l'information et le commerce \u00e9lectronique, l'information suivante est refl\u00e9t\u00e9e ci-dessous : l'entreprise propri\u00e9taire du domaine web est ALFA DYSER, S.L., dont le si\u00e8ge social \u00e0 ces fins est Pol. Ind. Anoia C\/Cooperativa n\u00ba2, 08635 Sant Esteve Sesrovires, Barcelona ; num\u00e9ro C.I.F. : B-60163441 inscrit au Registre du Commerce de Barcelone ; et ses coordonn\u00e9es sont : Volume 24772, Folio 181, Page B-67033. Courriel de contact : alfa@alfadyser.com du site web.<\/p>\n<h5 id=\"2\" class=\"legal\">2. UTILISATEURS<\/h5>\n<p>L'acc\u00e8s et\/ou l'utilisation de ce portail d'ALFA DYSER, S.L. conf\u00e8re la condition d'UTILISATEUR, qui accepte, \u00e0 partir de cet acc\u00e8s et\/ou de cette utilisation, les Conditions g\u00e9n\u00e9rales d'utilisation \u00e9nonc\u00e9es dans le pr\u00e9sent document. Les conditions susmentionn\u00e9es sont applicables ind\u00e9pendamment des conditions g\u00e9n\u00e9rales de contrat qui, le cas \u00e9ch\u00e9ant, sont obligatoires.<\/p>\n<h5 id=\"3\" class=\"legal\">3. UTILISATION DU PORTAIL<\/h5>\n<p>www.alfadyser.com permet d'acc\u00e9der \u00e0 une multitude d'informations, de services, de programmes ou de donn\u00e9es (ci-apr\u00e8s, \"le contenu\") sur Internet appartenant \u00e0 ALFA DYSER, S.L. ou \u00e0 ses conc\u00e9dants de licence, auxquels l'UTILISATEUR peut avoir acc\u00e8s. L'UTILISATEUR assume la responsabilit\u00e9 de l'utilisation du portail. Cette responsabilit\u00e9 s'\u00e9tend \u00e0 l'inscription \u00e9ventuellement n\u00e9cessaire pour acc\u00e9der \u00e0 certains services ou contenus.<br \/>\nLors de cet enregistrement, l'UTILISATEUR est tenu de fournir des informations v\u00e9ridiques et licites. En cons\u00e9quence de cet enregistrement, l'UTILISATEUR peut se voir attribuer un mot de passe dont il est responsable,<br \/>\nL'utilisateur s'engage \u00e0 en faire un usage diligent et confidentiel. L'utilisateur s'engage \u00e0 faire un usage appropri\u00e9 des contenus et services (tels que les services de chat, les forums de discussion ou les newsgroups) que Nom de l'entreprise qui a cr\u00e9\u00e9 le site web propose \u00e0 travers son site web et, \u00e0 titre d'exemple non limitatif, \u00e0 ne pas les utiliser pour (I) se livrer \u00e0 des activit\u00e9s ill\u00e9gales, illicites ou contraires \u00e0 la bonne foi et \u00e0 l'ordre public ; (II) diffuser des contenus ou de la propagande \u00e0 caract\u00e8re raciste, x\u00e9nophobe, pornographique-ill\u00e9gal, faisant l'apologie du terrorisme ou contraire aux droits de l'homme ; (III) causer des dommages aux syst\u00e8mes physiques et logiques de Nom de la soci\u00e9t\u00e9 cr\u00e9atrice du site, de ses fournisseurs ou de tiers, introduire ou propager des virus informatiques ou tout autre syst\u00e8me physique ou logique susceptible de causer les dommages susmentionn\u00e9s ; (IV) tenter d'acc\u00e9der et, le cas \u00e9ch\u00e9ant, d'utiliser les comptes de courrier \u00e9lectronique d'autres utilisateurs et de modifier ou de manipuler leurs messages. Le nom de l'entreprise cr\u00e9atrice du site se r\u00e9serve le droit de supprimer tous les commentaires et contributions qui violent le respect de la dignit\u00e9 de la personne, qui sont discriminatoires, x\u00e9nophobes, racistes, pornographiques, qui portent atteinte \u00e0 la jeunesse ou \u00e0 l'enfance, \u00e0 l'ordre public ou \u00e0 la s\u00e9curit\u00e9 ou qui, \u00e0 son avis, ne sont pas appropri\u00e9s \u00e0 la publication. Dans tous les cas, ALFA DYSER, S.L. ne sera pas responsable des opinions exprim\u00e9es par les utilisateurs \u00e0 travers les forums, chats ou autres outils de participation.<\/p>\n<h5 id=\"4\" class=\"legal\">4. PROTECTION DES DONN\u00c9ES<\/h5>\n<p>ALFA DYSER, S.L. respecte les directives de la loi organique 15\/1999 du 13 d\u00e9cembre 1999 sur la protection des donn\u00e9es \u00e0 caract\u00e8re personnel, le d\u00e9cret royal 1720\/2007 du 21 d\u00e9cembre 2007 approuvant le r\u00e8glement d'application de la loi organique et les autres r\u00e9glementations en vigueur \u00e0 tout moment, et garantit l'utilisation et le traitement corrects des donn\u00e9es \u00e0 caract\u00e8re personnel de l'utilisateur. \u00c0 cette fin, l'utilisateur sera inform\u00e9, avec chaque formulaire de collecte de donn\u00e9es \u00e0 caract\u00e8re personnel, dans les services qu'il peut demander \u00e0 alfa@alfadyser.com, de l'existence et de l'acceptation des conditions sp\u00e9cifiques du traitement de ses donn\u00e9es dans chaque cas, en l'informant de la responsabilit\u00e9 du fichier cr\u00e9\u00e9, de l'adresse du responsable, de la possibilit\u00e9 d'exercer ses droits d'acc\u00e8s, de rectification, d'annulation ou d'opposition, de la finalit\u00e9 du traitement et de la communication des donn\u00e9es \u00e0 des tiers, le cas \u00e9ch\u00e9ant.<\/p>\n<p>ALFA DYSER, S.L. vous informe \u00e9galement qu'elle respecte la loi 34\/2002 du 11 juillet, sur les services de la soci\u00e9t\u00e9 de l'information et le commerce \u00e9lectronique, et qu'elle vous demandera \u00e0 tout moment votre consentement pour le traitement de votre courrier \u00e9lectronique \u00e0 des fins commerciales.<\/p>\n<h5 id=\"5\" class=\"legal\">5. PROPRI\u00c9T\u00c9 INTELLECTUELLE ET INDUSTRIELLE<\/h5>\n<p>ALFA DYSER, S.L., elle-m\u00eame ou en tant que cessionnaire, est titulaire de tous les droits de propri\u00e9t\u00e9 intellectuelle et industrielle de sa page web, ainsi que des \u00e9l\u00e9ments qu'elle contient (y compris, mais sans s'y limiter, les images, le son, l'audio, la vid\u00e9o, le logiciel ou les textes ; les marques ou les logos, les combinaisons de couleurs, la structure et la conception, la s\u00e9lection des mat\u00e9riaux utilis\u00e9s, les programmes informatiques n\u00e9cessaires \u00e0 son fonctionnement, \u00e0 son acc\u00e8s et \u00e0 son utilisation, etc.<\/p>\n<p>Tous droits r\u00e9serv\u00e9s. Conform\u00e9ment aux dispositions des articles 8 et 32.1, deuxi\u00e8me alin\u00e9a, de la loi sur la propri\u00e9t\u00e9 intellectuelle, la reproduction, la distribution et la communication publique, y compris la mise \u00e0 disposition, de tout ou partie des contenus de ce site Web, \u00e0 des fins commerciales, sur tout support et par tout moyen technique, sont express\u00e9ment interdites sans l'autorisation d'ALFA DYSER, S.L. L'UTILISATEUR s'engage \u00e0 respecter les droits de propri\u00e9t\u00e9 intellectuelle et industrielle d'ALFA DYSER, S.L.L'UTILISATEUR s'engage \u00e0 respecter les droits de propri\u00e9t\u00e9 intellectuelle et industrielle d'ALFA DYSER, S.L. L'UTILISATEUR peut visualiser les \u00e9l\u00e9ments du portail et m\u00eame les imprimer, les copier et les stocker sur le disque dur de son ordinateur ou sur tout autre support physique, \u00e0 condition que ce soit uniquement et exclusivement pour son usage personnel et priv\u00e9. L'UTILISATEUR doit s'abstenir de supprimer, d'alt\u00e9rer, d'\u00e9luder ou de manipuler tout dispositif de protection ou syst\u00e8me de s\u00e9curit\u00e9 qui pourrait \u00eatre install\u00e9 sur les pages d'ALFA DYSER, S.L.<\/p>\n<h5 id=\"6\" class=\"legal\">6. EXCLUSION DES GARANTIES ET DE LA RESPONSABILIT\u00c9<\/h5>\n<p>ALFA DYSER, S.L. d\u00e9cline toute responsabilit\u00e9, quelles que soient les circonstances, pour les dommages de toute nature pouvant \u00eatre caus\u00e9s par, mais sans s'y limiter : des erreurs ou des omissions dans le contenu, le manque de disponibilit\u00e9 du portail ou la transmission de virus ou de programmes malveillants ou nuisibles dans le contenu, bien qu'elle ait adopt\u00e9 toutes les mesures technologiques n\u00e9cessaires pour l'\u00e9viter.<\/p>\n<h5 id=\"7\" class=\"legal\">7. MODIFICATIONS<\/h5>\n<p>ALFA DYSER, S.L. se r\u00e9serve le droit d'apporter les modifications qu'elle juge opportunes \u00e0 son portail sans pr\u00e9avis, et peut changer, supprimer ou ajouter aussi bien les contenus et les services fournis \u00e0 travers le portail que la fa\u00e7on dont ils sont pr\u00e9sent\u00e9s ou situ\u00e9s sur son portail.<\/p>\n<h5 id=\"8\" class=\"legal\">8. LIENS<\/h5>\n<p>Dans le cas o\u00f9 www.alfadyser.com contiendrait des liens ou des hyperliens vers d'autres sites Internet, ALFA DYSER, S.L. n'exercera aucun type de contr\u00f4le sur ces sites et leur contenu. En aucun cas<br \/>\nALFA DYSER, S.L. n'assumera aucune responsabilit\u00e9 quant au contenu de tout lien appartenant \u00e0 un site Web externe, et ne garantira pas la disponibilit\u00e9 technique, la qualit\u00e9, la fiabilit\u00e9, l'exactitude, l'exhaustivit\u00e9, la v\u00e9racit\u00e9, la validit\u00e9 ou l'exactitude du contenu de tout lien appartenant \u00e0 un site Web externe.<br \/>\nla constitutionnalit\u00e9 de tout mat\u00e9riel ou information contenu dans ces hyperliens ou autres sites Internet.<\/p>\n<p>De m\u00eame, l'inclusion de ces connexions externes n'implique aucune forme d'association, de fusion ou de participation avec les entit\u00e9s connect\u00e9es.<\/p>\n<p>9. DROIT D'EXCLUSION<\/p>\n<p>ALFA DYSER, S.L. se r\u00e9serve le droit de refuser ou de retirer l'acc\u00e8s au portail et\/ou aux services offerts sans avis pr\u00e9alable, \u00e0 sa propre demande ou \u00e0 la demande d'un tiers, aux utilisateurs qui ne respectent pas les pr\u00e9sentes conditions g\u00e9n\u00e9rales d'utilisation.<\/p>\n<h5 id=\"10\" class=\"legal\">10. G\u00c9N\u00c9RALIT\u00c9S<\/h5>\n<p>ALFA DYSER, S.L. poursuivra la violation de ces conditions ainsi que toute utilisation impropre de son portail, en exer\u00e7ant toutes les actions civiles et p\u00e9nales qui peuvent lui correspondre en vertu de la loi.<\/p>\n<h5 id=\"11\" class=\"legal\">11. MODIFICATION DES PR\u00c9SENTES CONDITIONS ET DUR\u00c9E<\/h5>\n<p>ALFA DYSER, S.L. peut modifier \u00e0 tout moment les conditions \u00e9nonc\u00e9es dans le pr\u00e9sent document, d\u00fbment publi\u00e9es telles qu'elles apparaissent ici.<\/p>\n<p>La validit\u00e9 de ces conditions d\u00e9pend de leur exposition et reste en vigueur jusqu'\u00e0 ce qu'elles soient d\u00fbment publi\u00e9es. elles sont modifi\u00e9es par d'autres.<\/p>\n<h5 id=\"12\" class=\"legal\">12. DROIT APPLICABLE ET JURIDICTION<\/h5>\n<p>La relation entre ALFA DYSER, S.L. et l'UTILISATEUR sera r\u00e9gie par la l\u00e9gislation espagnole en vigueur et tout litige sera soumis aux Cours et Tribunaux de la ville de Barcelone.<\/p>","protected":false},"excerpt":{"rendered":"<p>Aviso legal &nbsp; 1. DATOS IDENTIFICATIVOS En cumplimiento con el deber de informaci\u00f3n recogido en art\u00edculo 10 de la Ley 34\/2002, de 11 de julio, de<span class=\"excerpt-hellip\"> [...]<\/span><\/p>","protected":false},"author":4,"featured_media":0,"parent":0,"menu_order":0,"comment_status":"closed","ping_status":"closed","template":"","meta":{"footnotes":""},"class_list":["post-307","page","type-page","status-publish","hentry"],"yoast_head":"<!-- This site is optimized with the Yoast SEO Premium plugin v24.0 (Yoast SEO v26.5) - https:\/\/yoast.com\/wordpress\/plugins\/seo\/ -->\n<title>Aviso legal - K\u00fcken<\/title>\n<meta name=\"robots\" content=\"noindex, follow, max-snippet:-1, max-image-preview:large, max-video-preview:-1\" \/>\n<meta property=\"og:locale\" content=\"fr_FR\" \/>\n<meta property=\"og:type\" content=\"article\" \/>\n<meta property=\"og:title\" content=\"Aviso legal\" \/>\n<meta property=\"og:description\" content=\"Aviso legal &nbsp; 1. DATOS IDENTIFICATIVOS En cumplimiento con el deber de informaci\u00f3n recogido en art\u00edculo 10 de la Ley 34\/2002, de 11 de julio, de [\u2026]\" \/>\n<meta property=\"og:url\" content=\"https:\/\/kuken.alfadyser.dev\/fr\/avis-juridique\/\" \/>\n<meta property=\"og:site_name\" content=\"K\u00fcken\" \/>\n<meta property=\"article:publisher\" content=\"https:\/\/es-es.facebook.com\/alfadyser\/\" \/>\n<meta property=\"article:modified_time\" content=\"2019-06-26T08:58:11+00:00\" \/>\n<meta name=\"twitter:card\" content=\"summary_large_image\" \/>\n<meta name=\"twitter:label1\" content=\"Dur\u00e9e de lecture estim\u00e9e\" \/>\n\t<meta name=\"twitter:data1\" content=\"7 minutes\" \/>\n<script type=\"application\/ld+json\" class=\"yoast-schema-graph\">{\"@context\":\"https:\/\/schema.org\",\"@graph\":[{\"@type\":\"WebPage\",\"@id\":\"https:\/\/kuken.alfadyser.dev\/aviso-legal\/\",\"url\":\"https:\/\/kuken.alfadyser.dev\/aviso-legal\/\",\"name\":\"Aviso legal - K\u00fcken\",\"isPartOf\":{\"@id\":\"https:\/\/kuken.alfadyser.dev\/#website\"},\"datePublished\":\"2019-06-26T08:57:13+00:00\",\"dateModified\":\"2019-06-26T08:58:11+00:00\",\"breadcrumb\":{\"@id\":\"https:\/\/kuken.alfadyser.dev\/aviso-legal\/#breadcrumb\"},\"inLanguage\":\"fr-FR\",\"potentialAction\":[{\"@type\":\"ReadAction\",\"target\":[\"https:\/\/kuken.alfadyser.dev\/aviso-legal\/\"]}]},{\"@type\":\"BreadcrumbList\",\"@id\":\"https:\/\/kuken.alfadyser.dev\/aviso-legal\/#breadcrumb\",\"itemListElement\":[{\"@type\":\"ListItem\",\"position\":1,\"name\":\"Portada\",\"item\":\"https:\/\/kuken.alfadyser.dev\/\"},{\"@type\":\"ListItem\",\"position\":2,\"name\":\"Aviso legal\"}]},{\"@type\":\"WebSite\",\"@id\":\"https:\/\/kuken.alfadyser.dev\/#website\",\"url\":\"https:\/\/kuken.alfadyser.dev\/\",\"name\":\"K\u00fcken\",\"description\":\"Amplia gama de peque\u00f1o electrodom\u00e9stico k\u00fcken\",\"publisher\":{\"@id\":\"https:\/\/kuken.alfadyser.dev\/#organization\"},\"potentialAction\":[{\"@type\":\"SearchAction\",\"target\":{\"@type\":\"EntryPoint\",\"urlTemplate\":\"https:\/\/kuken.alfadyser.dev\/?s={search_term_string}\"},\"query-input\":{\"@type\":\"PropertyValueSpecification\",\"valueRequired\":true,\"valueName\":\"search_term_string\"}}],\"inLanguage\":\"fr-FR\"},{\"@type\":\"Organization\",\"@id\":\"https:\/\/kuken.alfadyser.dev\/#organization\",\"name\":\"Alfa Dyser\",\"url\":\"https:\/\/kuken.alfadyser.dev\/\",\"logo\":{\"@type\":\"ImageObject\",\"inLanguage\":\"fr-FR\",\"@id\":\"https:\/\/kuken.alfadyser.dev\/#\/schema\/logo\/image\/\",\"url\":\"https:\/\/kuken.alfadyser.dev\/wp-content\/uploads\/2019\/04\/kuken-logo.png\",\"contentUrl\":\"https:\/\/kuken.alfadyser.dev\/wp-content\/uploads\/2019\/04\/kuken-logo.png\",\"width\":500,\"height\":191,\"caption\":\"Alfa Dyser\"},\"image\":{\"@id\":\"https:\/\/kuken.alfadyser.dev\/#\/schema\/logo\/image\/\"},\"sameAs\":[\"https:\/\/es-es.facebook.com\/alfadyser\/\",\"https:\/\/www.instagram.com\/kuken_appliances\/\"]}]}<\/script>\n<!-- \/ Yoast SEO Premium plugin. -->","yoast_head_json":{"title":"Avis juridique - K\u00fcken","robots":{"index":"noindex","follow":"follow","max-snippet":"max-snippet:-1","max-image-preview":"max-image-preview:large","max-video-preview":"max-video-preview:-1"},"og_locale":"fr_FR","og_type":"article","og_title":"Aviso legal","og_description":"Aviso legal &nbsp; 1. DATOS IDENTIFICATIVOS En cumplimiento con el deber de informaci\u00f3n recogido en art\u00edculo 10 de la Ley 34\/2002, de 11 de julio, de [\u2026]","og_url":"https:\/\/kuken.alfadyser.dev\/fr\/avis-juridique\/","og_site_name":"K\u00fcken","article_publisher":"https:\/\/es-es.facebook.com\/alfadyser\/","article_modified_time":"2019-06-26T08:58:11+00:00","twitter_card":"summary_large_image","twitter_misc":{"Dur\u00e9e de lecture estim\u00e9e":"7 minutes"},"schema":{"@context":"https:\/\/schema.org","@graph":[{"@type":"WebPage","@id":"https:\/\/kuken.alfadyser.dev\/aviso-legal\/","url":"https:\/\/kuken.alfadyser.dev\/aviso-legal\/","name":"Avis juridique - K\u00fcken","isPartOf":{"@id":"https:\/\/kuken.alfadyser.dev\/#website"},"datePublished":"2019-06-26T08:57:13+00:00","dateModified":"2019-06-26T08:58:11+00:00","breadcrumb":{"@id":"https:\/\/kuken.alfadyser.dev\/aviso-legal\/#breadcrumb"},"inLanguage":"fr-FR","potentialAction":[{"@type":"ReadAction","target":["https:\/\/kuken.alfadyser.dev\/aviso-legal\/"]}]},{"@type":"BreadcrumbList","@id":"https:\/\/kuken.alfadyser.dev\/aviso-legal\/#breadcrumb","itemListElement":[{"@type":"ListItem","position":1,"name":"Portada","item":"https:\/\/kuken.alfadyser.dev\/"},{"@type":"ListItem","position":2,"name":"Aviso legal"}]},{"@type":"WebSite","@id":"https:\/\/kuken.alfadyser.dev\/#website","url":"https:\/\/kuken.alfadyser.dev\/","name":"K\u00fcken","description":"Large gamme de petits appareils m\u00e9nagers k\u00fcken","publisher":{"@id":"https:\/\/kuken.alfadyser.dev\/#organization"},"potentialAction":[{"@type":"SearchAction","target":{"@type":"EntryPoint","urlTemplate":"https:\/\/kuken.alfadyser.dev\/?s={search_term_string}"},"query-input":{"@type":"PropertyValueSpecification","valueRequired":true,"valueName":"search_term_string"}}],"inLanguage":"fr-FR"},{"@type":"Organization","@id":"https:\/\/kuken.alfadyser.dev\/#organization","name":"Alpha Dyser","url":"https:\/\/kuken.alfadyser.dev\/","logo":{"@type":"ImageObject","inLanguage":"fr-FR","@id":"https:\/\/kuken.alfadyser.dev\/#\/schema\/logo\/image\/","url":"https:\/\/kuken.alfadyser.dev\/wp-content\/uploads\/2019\/04\/kuken-logo.png","contentUrl":"https:\/\/kuken.alfadyser.dev\/wp-content\/uploads\/2019\/04\/kuken-logo.png","width":500,"height":191,"caption":"Alfa Dyser"},"image":{"@id":"https:\/\/kuken.alfadyser.dev\/#\/schema\/logo\/image\/"},"sameAs":["https:\/\/es-es.facebook.com\/alfadyser\/","https:\/\/www.instagram.com\/kuken_appliances\/"]}]}},"_links":{"self":[{"href":"https:\/\/kuken.alfadyser.dev\/fr\/wp-json\/wp\/v2\/pages\/307","targetHints":{"allow":["GET"]}}],"collection":[{"href":"https:\/\/kuken.alfadyser.dev\/fr\/wp-json\/wp\/v2\/pages"}],"about":[{"href":"https:\/\/kuken.alfadyser.dev\/fr\/wp-json\/wp\/v2\/types\/page"}],"author":[{"embeddable":true,"href":"https:\/\/kuken.alfadyser.dev\/fr\/wp-json\/wp\/v2\/users\/4"}],"replies":[{"embeddable":true,"href":"https:\/\/kuken.alfadyser.dev\/fr\/wp-json\/wp\/v2\/comments?post=307"}],"version-history":[{"count":0,"href":"https:\/\/kuken.alfadyser.dev\/fr\/wp-json\/wp\/v2\/pages\/307\/revisions"}],"wp:attachment":[{"href":"https:\/\/kuken.alfadyser.dev\/fr\/wp-json\/wp\/v2\/media?parent=307"}],"curies":[{"name":"wp","href":"https:\/\/api.w.org\/{rel}","templated":true}]}}