{"id":9781,"date":"2022-12-20T09:26:24","date_gmt":"2022-12-20T08:26:24","guid":{"rendered":"https:\/\/kuken.alfadyser.dev\/?post_type=product&#038;p=9781"},"modified":"2025-07-31T07:56:07","modified_gmt":"2025-07-31T05:56:07","slug":"glass-glass-vase-vintage-kuken-1000w-blender-3","status":"publish","type":"product","link":"https:\/\/kuken.alfadyser.dev\/en\/product-2\/glass-glass-vase-vintage-kuken-1000w-blender-3\/","title":{"rendered":"K\u00dcKEN GLASS BEATER 1500W"},"content":{"rendered":"<p>K\u00dcKEN GLASS BEATER 1500W<\/p>\n<ul data-start=\"668\" data-end=\"1353\">\n<li class=\"\" data-start=\"668\" data-end=\"738\">\n<p class=\"\" data-start=\"670\" data-end=\"738\"><strong data-start=\"670\" data-end=\"688\">Motor de 1500W<\/strong>, ideal para batir, triturar y moler con fuerza.<\/p>\n<\/li>\n<li class=\"\" data-start=\"739\" data-end=\"822\">\n<p class=\"\" data-start=\"741\" data-end=\"822\"><strong data-start=\"741\" data-end=\"768\">Vaso de cristal de 1,5L<\/strong> with <strong data-start=\"773\" data-end=\"797\">measurement graduation<\/strong> para recetas precisas.<\/p>\n<\/li>\n<li class=\"\" data-start=\"823\" data-end=\"901\">\n<p class=\"\" data-start=\"825\" data-end=\"901\"><strong data-start=\"825\" data-end=\"868\">2 velocidades + funci\u00f3n de giro inverso<\/strong>, se adapta a cualquier mezcla.<\/p>\n<\/li>\n<li class=\"\" data-start=\"902\" data-end=\"992\">\n<p class=\"\" data-start=\"904\" data-end=\"992\"><strong data-start=\"904\" data-end=\"948\">Cuchillas de acero inoxidable de 4 filos<\/strong>, desmontables para facilitar la limpieza.<\/p>\n<\/li>\n<li class=\"\" data-start=\"993\" data-end=\"1066\">\n<p class=\"\" data-start=\"995\" data-end=\"1066\"><strong data-start=\"995\" data-end=\"1023\">Tapa herm\u00e9tica con tap\u00f3n<\/strong> para a\u00f1adir ingredientes durante el uso.<\/p>\n<\/li>\n<li class=\"\" data-start=\"1067\" data-end=\"1148\">\n<p class=\"\" data-start=\"1069\" data-end=\"1148\"><strong data-start=\"1069\" data-end=\"1103\">Base with non-slip feet<\/strong>, mayor seguridad y estabilidad al mezclar.<\/p>\n<\/li>\n<li class=\"\" data-start=\"1149\" data-end=\"1212\">\n<p class=\"\" data-start=\"1151\" data-end=\"1212\">Pica <strong data-start=\"1156\" data-end=\"1183\">hielo y alimentos duros<\/strong> con resultados homog\u00e9neos.<\/p>\n<\/li>\n<li class=\"\" data-start=\"1213\" data-end=\"1276\">\n<p class=\"\" data-start=\"1215\" data-end=\"1276\">Perfect for <strong data-start=\"1229\" data-end=\"1256\">batidos, pur\u00e9s y salsas<\/strong> con textura fina.<\/p>\n<\/li>\n<li class=\"\" data-start=\"1277\" data-end=\"1353\">\n<p class=\"\" data-start=\"1279\" data-end=\"1353\">Dise\u00f1o funcional, seguro y robusto, ideal para el uso diario en la cocina.<\/p>\n<\/li>\n<\/ul>\n<p><span style=\"color: #d62f2f;\"><a style=\"color: #d62f2f;\" href=\"https:\/\/kuken.alfadyser.dev\/en\/premium-range\/blenders-premium\/\" target=\"_blank\" rel=\"noopener\">Ver m\u00e1s batidoras de vaso<\/a><\/span><\/p>\n<p><div class=\"accordion\"><div class=\"mfn-acc accordion_wrapper  toggle\"><div class=\"question\"><div class=\"title\"><i class=\"icon-plus acc-icon-plus\" aria-hidden=\"true\"><\/i><i class=\"icon-minus acc-icon-minus\" aria-hidden=\"true\"><\/i>Product data<\/div><div class=\"answer\">EAN: 8425160399689<\/p>\n<p>K\u00dcKEN GLASS BEATER 1500W<\/p>\n<p>Units: 1<br \/>\nColor: BLANCO<br \/>\nPackaging: Coloured box<br \/>\nPower: 1500 W<br \/>\nVoltage: 230 V<br \/>\nCapacity: 1.5 litres<br \/>\nMaterial: PC<br \/>\nNon-slip base: Yes<br \/>\nDetachable: Yes<br \/>\nPeso: 3,04 kg<\/div><\/div>\n<\/div><\/div>\n<br \/>\n<div class=\"accordion\"><div class=\"mfn-acc accordion_wrapper  toggle\"><div class=\"question\"><div class=\"title\"><i class=\"icon-plus acc-icon-plus\" aria-hidden=\"true\"><\/i><i class=\"icon-minus acc-icon-minus\" aria-hidden=\"true\"><\/i>Accessories<\/div><div class=\"answer\"><\/div><\/div>\n<\/div><\/div>\n<\/p>\n<div class=\"descargas-producto\"><a href=\"https:\/\/kuken.alfadyser.dev\/wp-content\/uploads\/8425160300319_ficha_tecnica.pdf\" target=\"_blank\" rel=\"noopener noreferrer\" data-wp-editing=\"1\"><br \/>\n<\/a><a href=\"https:\/\/kuken.alfadyser.dev\/wp-content\/uploads\/pdf\/8425160399689_ficha_tecnica.pdf\" target=\"_blank\" rel=\"noopener noreferrer\"><img loading=\"lazy\" decoding=\"async\" class=\"alignnone\" src=\"\/wp-content\/uploads\/2019\/12\/picto-descarrega.png\" alt=\"download data sheet\" width=\"23\" height=\"16\" \/><\/a><a href=\"https:\/\/kuken.alfadyser.dev\/wp-content\/uploads\/pdf\/8425160399689_ficha_tecnica.pdf\" target=\"_blank\" rel=\"noopener noreferrer\" data-wp-editing=\"1\">Download sheet<\/a><br \/>\n<a href=\"https:\/\/kuken.alfadyser.dev\/wp-content\/uploads\/30031_instrucciones_compressed.pdf\"><img loading=\"lazy\" decoding=\"async\" src=\"\/wp-content\/uploads\/2019\/12\/picto-descarrega.png\" alt=\"download instruction manual\" width=\"23\" height=\"16\" \/>Download manual<\/a><\/div>\n<div><\/div>\n<div><span style=\"color: #bf2121;\">Follow us on social media!<\/span><\/div>\n<div><a href=\"https:\/\/www.instagram.com\/kuken_appliances\/\">https:\/\/www.instagram.com\/kuken_appliances\/<\/a><\/div>\n<div><\/div>\n<p>&nbsp;<\/p>\n<p><iframe loading=\"lazy\" title=\"Batidora vaso cristal 1.5 litros 1500w kuken\" width=\"560\" height=\"315\" src=\"https:\/\/www.youtube.com\/embed\/Qwy0MRormaE?feature=oembed\" frameborder=\"0\" allow=\"accelerometer; autoplay; clipboard-write; encrypted-media; gyroscope; picture-in-picture; web-share\" referrerpolicy=\"strict-origin-when-cross-origin\" allowfullscreen><\/iframe><\/p>","protected":false},"excerpt":{"rendered":"<p class=\"\" data-start=\"453\" data-end=\"591\">Potencia, seguridad y precisi\u00f3n en cada preparaci\u00f3n. Ideal para batidos, pur\u00e9s y mezclas r\u00e1pidas. Dise\u00f1o robusto, f\u00e1cil de usar y limpiar.<\/p>","protected":false},"featured_media":9782,"template":"","meta":[],"product_brand":[],"product_cat":[206],"product_tag":[],"class_list":{"0":"post-9781","1":"product","2":"type-product","3":"status-publish","4":"has-post-thumbnail","6":"product_cat-batidoras","7":"pa_tipo-batidora-vaso","9":"first","10":"instock","11":"product-type-simple"},"yoast_head":"<!-- This site is optimized with the Yoast SEO Premium plugin v24.0 (Yoast SEO v26.5) - https:\/\/yoast.com\/wordpress\/plugins\/seo\/ -->\n<title>BATIDORA DE VASO CRISTAL K\u00dcKEN 1500W - K\u00fcken<\/title>\n<meta name=\"description\" content=\"Exclusiva batidora de vaso de cristal K\u00fcken de alta potencia con acabado inox. M\u00e1xima potencia p\u00e0ra extraer hasta la \u00faltima gota. Desc\u00fabrela en Kuken.\" \/>\n<meta name=\"robots\" content=\"noindex, follow, max-snippet:-1, max-image-preview:large, max-video-preview:-1\" \/>\n<meta property=\"og:locale\" content=\"en_GB\" \/>\n<meta property=\"og:type\" content=\"article\" \/>\n<meta property=\"og:title\" content=\"BATIDORA DE VASO CRISTAL K\u00dcKEN 1500W\" \/>\n<meta property=\"og:description\" content=\"Exclusiva batidora de vaso de cristal K\u00fcken de alta potencia con acabado inox. M\u00e1xima potencia p\u00e0ra extraer hasta la \u00faltima gota. Desc\u00fabrela en Kuken.\" \/>\n<meta property=\"og:url\" content=\"https:\/\/kuken.alfadyser.dev\/en\/product-2\/glass-glass-vase-vintage-kuken-1000w-blender-3\/\" \/>\n<meta property=\"og:site_name\" content=\"K\u00fcken\" \/>\n<meta property=\"article:publisher\" content=\"https:\/\/es-es.facebook.com\/alfadyser\/\" \/>\n<meta property=\"article:modified_time\" content=\"2025-07-31T05:56:07+00:00\" \/>\n<meta property=\"og:image\" content=\"https:\/\/kuken.alfadyser.dev\/wp-content\/uploads\/batidora.jpg\" \/>\n\t<meta property=\"og:image:width\" content=\"2000\" \/>\n\t<meta property=\"og:image:height\" content=\"2000\" \/>\n\t<meta property=\"og:image:type\" content=\"image\/jpeg\" \/>\n<meta name=\"twitter:card\" content=\"summary_large_image\" \/>\n<meta name=\"twitter:label1\" content=\"Price\" \/>\n\t<meta name=\"twitter:data1\" content=\"\" \/>\n\t<meta name=\"twitter:label2\" content=\"Availability\" \/>\n\t<meta name=\"twitter:data2\" content=\"In stock\" \/>\n<script type=\"application\/ld+json\" class=\"yoast-schema-graph\">{\"@context\":\"https:\/\/schema.org\",\"@graph\":[{\"@type\":\"WebPage\",\"@id\":\"https:\/\/kuken.alfadyser.dev\/producto\/batidora-inox-con-vaso-de-cristal-15-litros-kuken\/\",\"url\":\"https:\/\/kuken.alfadyser.dev\/producto\/batidora-inox-con-vaso-de-cristal-15-litros-kuken\/\",\"name\":\"BATIDORA DE VASO CRISTAL K\u00dcKEN 1500W - K\u00fcken\",\"isPartOf\":{\"@id\":\"https:\/\/kuken.alfadyser.dev\/#website\"},\"primaryImageOfPage\":{\"@id\":\"https:\/\/kuken.alfadyser.dev\/producto\/batidora-inox-con-vaso-de-cristal-15-litros-kuken\/#primaryimage\"},\"image\":{\"@id\":\"https:\/\/kuken.alfadyser.dev\/producto\/batidora-inox-con-vaso-de-cristal-15-litros-kuken\/#primaryimage\"},\"thumbnailUrl\":\"https:\/\/kuken.alfadyser.dev\/wp-content\/uploads\/batidora.jpg\",\"datePublished\":\"2022-12-20T08:26:24+00:00\",\"dateModified\":\"2025-07-31T05:56:07+00:00\",\"description\":\"Exclusiva batidora de vaso de cristal K\u00fcken de alta potencia con acabado inox. M\u00e1xima potencia p\u00e0ra extraer hasta la \u00faltima gota. Desc\u00fabrela en Kuken.\",\"breadcrumb\":{\"@id\":\"https:\/\/kuken.alfadyser.dev\/producto\/batidora-inox-con-vaso-de-cristal-15-litros-kuken\/#breadcrumb\"},\"inLanguage\":\"en-GB\",\"potentialAction\":[{\"@type\":\"ReadAction\",\"target\":[\"https:\/\/kuken.alfadyser.dev\/producto\/batidora-inox-con-vaso-de-cristal-15-litros-kuken\/\"]}]},{\"@type\":\"ImageObject\",\"inLanguage\":\"en-GB\",\"@id\":\"https:\/\/kuken.alfadyser.dev\/producto\/batidora-inox-con-vaso-de-cristal-15-litros-kuken\/#primaryimage\",\"url\":\"https:\/\/kuken.alfadyser.dev\/wp-content\/uploads\/batidora.jpg\",\"contentUrl\":\"https:\/\/kuken.alfadyser.dev\/wp-content\/uploads\/batidora.jpg\",\"width\":2000,\"height\":2000,\"caption\":\"batidora inox con vaso de cristal 15 litros kuken\"},{\"@type\":\"BreadcrumbList\",\"@id\":\"https:\/\/kuken.alfadyser.dev\/producto\/batidora-inox-con-vaso-de-cristal-15-litros-kuken\/#breadcrumb\",\"itemListElement\":[{\"@type\":\"ListItem\",\"position\":1,\"name\":\"Portada\",\"item\":\"https:\/\/kuken.alfadyser.dev\/\"},{\"@type\":\"ListItem\",\"position\":2,\"name\":\"Productos\",\"item\":\"https:\/\/kuken.alfadyser.dev\/productos\/\"},{\"@type\":\"ListItem\",\"position\":3,\"name\":\"BATIDORA DE VASO CRISTAL K\u00dcKEN 1500W\"}]},{\"@type\":\"WebSite\",\"@id\":\"https:\/\/kuken.alfadyser.dev\/#website\",\"url\":\"https:\/\/kuken.alfadyser.dev\/\",\"name\":\"K\u00fcken\",\"description\":\"Amplia gama de peque\u00f1o electrodom\u00e9stico k\u00fcken\",\"publisher\":{\"@id\":\"https:\/\/kuken.alfadyser.dev\/#organization\"},\"potentialAction\":[{\"@type\":\"SearchAction\",\"target\":{\"@type\":\"EntryPoint\",\"urlTemplate\":\"https:\/\/kuken.alfadyser.dev\/?s={search_term_string}\"},\"query-input\":{\"@type\":\"PropertyValueSpecification\",\"valueRequired\":true,\"valueName\":\"search_term_string\"}}],\"inLanguage\":\"en-GB\"},{\"@type\":\"Organization\",\"@id\":\"https:\/\/kuken.alfadyser.dev\/#organization\",\"name\":\"Alfa Dyser\",\"url\":\"https:\/\/kuken.alfadyser.dev\/\",\"logo\":{\"@type\":\"ImageObject\",\"inLanguage\":\"en-GB\",\"@id\":\"https:\/\/kuken.alfadyser.dev\/#\/schema\/logo\/image\/\",\"url\":\"https:\/\/kuken.alfadyser.dev\/wp-content\/uploads\/2019\/04\/kuken-logo.png\",\"contentUrl\":\"https:\/\/kuken.alfadyser.dev\/wp-content\/uploads\/2019\/04\/kuken-logo.png\",\"width\":500,\"height\":191,\"caption\":\"Alfa Dyser\"},\"image\":{\"@id\":\"https:\/\/kuken.alfadyser.dev\/#\/schema\/logo\/image\/\"},\"sameAs\":[\"https:\/\/es-es.facebook.com\/alfadyser\/\",\"https:\/\/www.instagram.com\/kuken_appliances\/\"]}]}<\/script>\n<meta property=\"product:price:currency\" content=\"EUR\" \/>\n<meta property=\"og:availability\" content=\"instock\" \/>\n<meta property=\"product:availability\" content=\"instock\" \/>\n<meta property=\"product:retailer_item_id\" content=\"39968\" \/>\n<meta property=\"product:condition\" content=\"new\" \/>\n<!-- \/ Yoast SEO Premium plugin. -->","yoast_head_json":{"title":"BATIDORA DE VASO CRISTAL K\u00dcKEN 1500W - K\u00fcken","description":"Exclusiva batidora de vaso de cristal K\u00fcken de alta potencia con acabado inox. M\u00e1xima potencia p\u00e0ra extraer hasta la \u00faltima gota. Desc\u00fabrela en Kuken.","robots":{"index":"noindex","follow":"follow","max-snippet":"max-snippet:-1","max-image-preview":"max-image-preview:large","max-video-preview":"max-video-preview:-1"},"og_locale":"en_GB","og_type":"article","og_title":"BATIDORA DE VASO CRISTAL K\u00dcKEN 1500W","og_description":"Exclusiva batidora de vaso de cristal K\u00fcken de alta potencia con acabado inox. M\u00e1xima potencia p\u00e0ra extraer hasta la \u00faltima gota. Desc\u00fabrela en Kuken.","og_url":"https:\/\/kuken.alfadyser.dev\/en\/product-2\/glass-glass-vase-vintage-kuken-1000w-blender-3\/","og_site_name":"K\u00fcken","article_publisher":"https:\/\/es-es.facebook.com\/alfadyser\/","article_modified_time":"2025-07-31T05:56:07+00:00","og_image":[{"width":2000,"height":2000,"url":"https:\/\/kuken.alfadyser.dev\/wp-content\/uploads\/batidora.jpg","type":"image\/jpeg"}],"twitter_card":"summary_large_image","twitter_misc":{"Price":"","Availability":"In stock"},"schema":{"@context":"https:\/\/schema.org","@graph":[{"@type":"WebPage","@id":"https:\/\/kuken.alfadyser.dev\/producto\/batidora-inox-con-vaso-de-cristal-15-litros-kuken\/","url":"https:\/\/kuken.alfadyser.dev\/producto\/batidora-inox-con-vaso-de-cristal-15-litros-kuken\/","name":"BATIDORA DE VASO CRISTAL K\u00dcKEN 1500W - K\u00fcken","isPartOf":{"@id":"https:\/\/kuken.alfadyser.dev\/#website"},"primaryImageOfPage":{"@id":"https:\/\/kuken.alfadyser.dev\/producto\/batidora-inox-con-vaso-de-cristal-15-litros-kuken\/#primaryimage"},"image":{"@id":"https:\/\/kuken.alfadyser.dev\/producto\/batidora-inox-con-vaso-de-cristal-15-litros-kuken\/#primaryimage"},"thumbnailUrl":"https:\/\/kuken.alfadyser.dev\/wp-content\/uploads\/batidora.jpg","datePublished":"2022-12-20T08:26:24+00:00","dateModified":"2025-07-31T05:56:07+00:00","description":"Exclusiva batidora de vaso de cristal K\u00fcken de alta potencia con acabado inox. M\u00e1xima potencia p\u00e0ra extraer hasta la \u00faltima gota. Desc\u00fabrela en Kuken.","breadcrumb":{"@id":"https:\/\/kuken.alfadyser.dev\/producto\/batidora-inox-con-vaso-de-cristal-15-litros-kuken\/#breadcrumb"},"inLanguage":"en-GB","potentialAction":[{"@type":"ReadAction","target":["https:\/\/kuken.alfadyser.dev\/producto\/batidora-inox-con-vaso-de-cristal-15-litros-kuken\/"]}]},{"@type":"ImageObject","inLanguage":"en-GB","@id":"https:\/\/kuken.alfadyser.dev\/producto\/batidora-inox-con-vaso-de-cristal-15-litros-kuken\/#primaryimage","url":"https:\/\/kuken.alfadyser.dev\/wp-content\/uploads\/batidora.jpg","contentUrl":"https:\/\/kuken.alfadyser.dev\/wp-content\/uploads\/batidora.jpg","width":2000,"height":2000,"caption":"batidora inox con vaso de cristal 15 litros kuken"},{"@type":"BreadcrumbList","@id":"https:\/\/kuken.alfadyser.dev\/producto\/batidora-inox-con-vaso-de-cristal-15-litros-kuken\/#breadcrumb","itemListElement":[{"@type":"ListItem","position":1,"name":"Portada","item":"https:\/\/kuken.alfadyser.dev\/"},{"@type":"ListItem","position":2,"name":"Productos","item":"https:\/\/kuken.alfadyser.dev\/productos\/"},{"@type":"ListItem","position":3,"name":"BATIDORA DE VASO CRISTAL K\u00dcKEN 1500W"}]},{"@type":"WebSite","@id":"https:\/\/kuken.alfadyser.dev\/#website","url":"https:\/\/kuken.alfadyser.dev\/","name":"K\u00fcken","description":"Wide range of k\u00fcken small household appliances","publisher":{"@id":"https:\/\/kuken.alfadyser.dev\/#organization"},"potentialAction":[{"@type":"SearchAction","target":{"@type":"EntryPoint","urlTemplate":"https:\/\/kuken.alfadyser.dev\/?s={search_term_string}"},"query-input":{"@type":"PropertyValueSpecification","valueRequired":true,"valueName":"search_term_string"}}],"inLanguage":"en-GB"},{"@type":"Organization","@id":"https:\/\/kuken.alfadyser.dev\/#organization","name":"Alpha Dyser","url":"https:\/\/kuken.alfadyser.dev\/","logo":{"@type":"ImageObject","inLanguage":"en-GB","@id":"https:\/\/kuken.alfadyser.dev\/#\/schema\/logo\/image\/","url":"https:\/\/kuken.alfadyser.dev\/wp-content\/uploads\/2019\/04\/kuken-logo.png","contentUrl":"https:\/\/kuken.alfadyser.dev\/wp-content\/uploads\/2019\/04\/kuken-logo.png","width":500,"height":191,"caption":"Alfa Dyser"},"image":{"@id":"https:\/\/kuken.alfadyser.dev\/#\/schema\/logo\/image\/"},"sameAs":["https:\/\/es-es.facebook.com\/alfadyser\/","https:\/\/www.instagram.com\/kuken_appliances\/"]}]},"product_price_currency":"EUR","og_availability":"instock","product_availability":"instock","product_retailer_item_id":"39968","product_condition":"new"},"_links":{"self":[{"href":"https:\/\/kuken.alfadyser.dev\/en\/wp-json\/wp\/v2\/product\/9781","targetHints":{"allow":["GET"]}}],"collection":[{"href":"https:\/\/kuken.alfadyser.dev\/en\/wp-json\/wp\/v2\/product"}],"about":[{"href":"https:\/\/kuken.alfadyser.dev\/en\/wp-json\/wp\/v2\/types\/product"}],"wp:featuredmedia":[{"embeddable":true,"href":"https:\/\/kuken.alfadyser.dev\/en\/wp-json\/wp\/v2\/media\/9782"}],"wp:attachment":[{"href":"https:\/\/kuken.alfadyser.dev\/en\/wp-json\/wp\/v2\/media?parent=9781"}],"wp:term":[{"taxonomy":"product_brand","embeddable":true,"href":"https:\/\/kuken.alfadyser.dev\/en\/wp-json\/wp\/v2\/product_brand?post=9781"},{"taxonomy":"product_cat","embeddable":true,"href":"https:\/\/kuken.alfadyser.dev\/en\/wp-json\/wp\/v2\/product_cat?post=9781"},{"taxonomy":"product_tag","embeddable":true,"href":"https:\/\/kuken.alfadyser.dev\/en\/wp-json\/wp\/v2\/product_tag?post=9781"}],"curies":[{"name":"wp","href":"https:\/\/api.w.org\/{rel}","templated":true}]}}