{"id":9148,"date":"2022-08-29T09:17:51","date_gmt":"2022-08-29T07:17:51","guid":{"rendered":"https:\/\/kuken.alfadyser.dev\/?post_type=product&#038;p=9148"},"modified":"2025-07-22T11:09:23","modified_gmt":"2025-07-22T09:09:23","slug":"calefactor-vertical-recto-kuken-1000-2000w-2","status":"publish","type":"product","link":"https:\/\/kuken.alfadyser.dev\/en\/product-2\/calefactor-vertical-recto-kuken-1000-2000w-2\/","title":{"rendered":"KUKEN MINI CERAMIC HEATER 400W."},"content":{"rendered":"<p>KUKEN MINI CERAMIC HEATER 400W.<\/p>\n<ul data-start=\"924\" data-end=\"1641\">\n<li data-start=\"924\" data-end=\"1003\">\n<p data-start=\"926\" data-end=\"1003\">Potencia de 400W, ideal para calentar aseos, ba\u00f1os u oficinas peque\u00f1as.<\/p>\n<\/li>\n<li data-start=\"1004\" data-end=\"1078\">\n<p data-start=\"1006\" data-end=\"1078\">Dise\u00f1o mini sin cables, se conecta directamente al enchufe (230V).<\/p>\n<\/li>\n<li data-start=\"1079\" data-end=\"1153\">\n<p data-start=\"1081\" data-end=\"1153\">Clavija giratoria, se adapta a distintas orientaciones de enchufe.<\/p>\n<\/li>\n<li data-start=\"1154\" data-end=\"1231\">\n<p data-start=\"1156\" data-end=\"1231\">Rango de temperatura ajustable de 15\u202f\u00b0C a 32\u202f\u00b0C, mediante pulsadores.<\/p>\n<\/li>\n<li data-start=\"1232\" data-end=\"1308\">\n<p data-start=\"1234\" data-end=\"1308\">Temporizador de 1 a 12 horas, configurable por intervalos de 1 hora.<\/p>\n<\/li>\n<li data-start=\"1309\" data-end=\"1373\">\n<p data-start=\"1311\" data-end=\"1373\">Pantalla digital, muestra la temperatura en tiempo real.<\/p>\n<\/li>\n<li data-start=\"1374\" data-end=\"1440\">\n<p data-start=\"1376\" data-end=\"1440\">Ventilador con 2 velocidades, alta o baja seg\u00fan necesidad.<\/p>\n<\/li>\n<li data-start=\"1441\" data-end=\"1504\">\n<p data-start=\"1443\" data-end=\"1504\">Bot\u00f3n lateral de encendido\/apagado, f\u00e1cil acceso y uso.<\/p>\n<\/li>\n<li data-start=\"1505\" data-end=\"1582\">\n<p data-start=\"1507\" data-end=\"1582\">Compacto, ligero y eficiente, perfecto para calentar zonas concretas.<\/p>\n<\/li>\n<li data-start=\"1583\" data-end=\"1641\">\n<p data-start=\"1585\" data-end=\"1641\">Tecnolog\u00eda cer\u00e1mica, consumo bajo y calor constante.<\/p>\n<\/li>\n<\/ul>\n<p><div class=\"accordion\"><div class=\"mfn-acc accordion_wrapper  toggle\"><div class=\"question\"><div class=\"title\"><i class=\"icon-plus acc-icon-plus\" aria-hidden=\"true\"><\/i><i class=\"icon-minus acc-icon-minus\" aria-hidden=\"true\"><\/i>Product data<\/div><div class=\"answer\">EAN: 8425160362034<\/p>\n<p>KUKEN MINI CERAMIC HEATER 400W.<\/p>\n<p>Packaging unit: 1<br \/>\nColour: White<br \/>\nPackaging: Coloured box<br \/>\nPower: 400 W<br \/>\nVoltage: 230 V<br \/>\nMaterial: High-strength PC<br \/>\nNon-slip base: Yes<\/div><\/div>\n<\/div><\/div>\n<br \/>\n<div class=\"accordion\"><div class=\"mfn-acc accordion_wrapper  toggle\"><div class=\"question\"><div class=\"title\"><i class=\"icon-plus acc-icon-plus\" aria-hidden=\"true\"><\/i><i class=\"icon-minus acc-icon-minus\" aria-hidden=\"true\"><\/i>Accessories<\/div><div class=\"answer\"><\/div><\/div>\n<\/div><\/div>\n<\/p>\n<div class=\"descargas-producto\"><a href=\"https:\/\/kuken.alfadyser.dev\/wp-content\/uploads\/8425160362034_ficha_tecnica.pdf\" target=\"_blank\" rel=\"noopener noreferrer\"><br \/>\n<img loading=\"lazy\" decoding=\"async\" src=\"\/wp-content\/uploads\/2019\/12\/picto-descarrega.png\" alt=\"download data sheet\" width=\"23\" height=\"16\" \/>Download sheet<\/a><br \/>\n<a href=\"https:\/\/kuken.alfadyser.dev\/wp-content\/uploads\/36203_instrucciones.pdf\"><img loading=\"lazy\" decoding=\"async\" src=\"\/wp-content\/uploads\/2019\/12\/picto-descarrega.png\" alt=\"download instruction manual\" width=\"23\" height=\"16\" \/>Download manual<\/a><\/div>\n<div><\/div>\n<div><span style=\"color: #bf2121\">Follow us on social media!<\/span><\/div>\n<div><a href=\"https:\/\/www.instagram.com\/kuken_appliances\/\">https:\/\/www.instagram.com\/kuken_appliances\/<\/a><\/div>\n<p><iframe loading=\"lazy\" title=\"Calefactor kuken cer\u00e1mico mini 400w\" width=\"560\" height=\"315\" src=\"https:\/\/www.youtube.com\/embed\/bz5DQfS9ArY?feature=oembed\" frameborder=\"0\" allow=\"accelerometer; autoplay; clipboard-write; encrypted-media; gyroscope; picture-in-picture; web-share\" referrerpolicy=\"strict-origin-when-cross-origin\" allowfullscreen><\/iframe><\/p>","protected":false},"excerpt":{"rendered":"<p data-start=\"587\" data-end=\"747\">Compacto, funcional y sin cables. Este calefactor cer\u00e1mico se enchufa directamente, permite regular temperatura y ventilador, ideal para ba\u00f1os o aseos peque\u00f1os.<\/p>\n<blockquote data-start=\"749\" data-end=\"856\">\n<p data-start=\"751\" data-end=\"856\">\n<\/blockquote>","protected":false},"featured_media":9153,"template":"","meta":[],"product_brand":[],"product_cat":[226],"product_tag":[],"class_list":{"0":"post-9148","1":"product","2":"type-product","3":"status-publish","4":"has-post-thumbnail","6":"product_cat-calefactores","8":"first","9":"instock","10":"product-type-simple"},"yoast_head":"<!-- This site is optimized with the Yoast SEO Premium plugin v24.0 (Yoast SEO v26.5) - https:\/\/yoast.com\/wordpress\/plugins\/seo\/ -->\n<title>CALEFACTOR KUKEN CERAMICO MINI 400W. - K\u00fcken<\/title>\n<meta name=\"description\" content=\"Calefactor K\u00fcken cer\u00e1mico mini 400W sin cable, con temporizador, pantalla digital, ventilador ajustable y clavija giratoria. Ideal para espacios peque\u00f1os.\" \/>\n<meta name=\"robots\" content=\"noindex, follow, max-snippet:-1, max-image-preview:large, max-video-preview:-1\" \/>\n<meta property=\"og:locale\" content=\"en_GB\" \/>\n<meta property=\"og:type\" content=\"article\" \/>\n<meta property=\"og:title\" content=\"CALEFACTOR KUKEN CERAMICO MINI 400W.\" \/>\n<meta property=\"og:description\" content=\"Calefactor K\u00fcken cer\u00e1mico mini 400W sin cable, con temporizador, pantalla digital, ventilador ajustable y clavija giratoria. Ideal para espacios peque\u00f1os.\" \/>\n<meta property=\"og:url\" content=\"https:\/\/kuken.alfadyser.dev\/en\/product-2\/calefactor-vertical-recto-kuken-1000-2000w-2\/\" \/>\n<meta property=\"og:site_name\" content=\"K\u00fcken\" \/>\n<meta property=\"article:publisher\" content=\"https:\/\/es-es.facebook.com\/alfadyser\/\" \/>\n<meta property=\"article:modified_time\" content=\"2025-07-22T09:09:23+00:00\" \/>\n<meta property=\"og:image\" content=\"https:\/\/kuken.alfadyser.dev\/wp-content\/uploads\/8425160362034_05.jpg\" \/>\n\t<meta property=\"og:image:width\" content=\"2000\" \/>\n\t<meta property=\"og:image:height\" content=\"2000\" \/>\n\t<meta property=\"og:image:type\" content=\"image\/jpeg\" \/>\n<meta name=\"twitter:card\" content=\"summary_large_image\" \/>\n<meta name=\"twitter:label1\" content=\"Price\" \/>\n\t<meta name=\"twitter:data1\" content=\"\" \/>\n\t<meta name=\"twitter:label2\" content=\"Availability\" \/>\n\t<meta name=\"twitter:data2\" content=\"In stock\" \/>\n<script type=\"application\/ld+json\" class=\"yoast-schema-graph\">{\"@context\":\"https:\/\/schema.org\",\"@graph\":[{\"@type\":\"WebPage\",\"@id\":\"https:\/\/kuken.alfadyser.dev\/producto\/calefactor-kuken-ceramico-mini-400w\/\",\"url\":\"https:\/\/kuken.alfadyser.dev\/producto\/calefactor-kuken-ceramico-mini-400w\/\",\"name\":\"CALEFACTOR KUKEN CERAMICO MINI 400W. - K\u00fcken\",\"isPartOf\":{\"@id\":\"https:\/\/kuken.alfadyser.dev\/#website\"},\"primaryImageOfPage\":{\"@id\":\"https:\/\/kuken.alfadyser.dev\/producto\/calefactor-kuken-ceramico-mini-400w\/#primaryimage\"},\"image\":{\"@id\":\"https:\/\/kuken.alfadyser.dev\/producto\/calefactor-kuken-ceramico-mini-400w\/#primaryimage\"},\"thumbnailUrl\":\"https:\/\/kuken.alfadyser.dev\/wp-content\/uploads\/8425160362034_05.jpg\",\"datePublished\":\"2022-08-29T07:17:51+00:00\",\"dateModified\":\"2025-07-22T09:09:23+00:00\",\"description\":\"Calefactor K\u00fcken cer\u00e1mico mini 400W sin cable, con temporizador, pantalla digital, ventilador ajustable y clavija giratoria. Ideal para espacios peque\u00f1os.\",\"breadcrumb\":{\"@id\":\"https:\/\/kuken.alfadyser.dev\/producto\/calefactor-kuken-ceramico-mini-400w\/#breadcrumb\"},\"inLanguage\":\"en-GB\",\"potentialAction\":[{\"@type\":\"ReadAction\",\"target\":[\"https:\/\/kuken.alfadyser.dev\/producto\/calefactor-kuken-ceramico-mini-400w\/\"]}]},{\"@type\":\"ImageObject\",\"inLanguage\":\"en-GB\",\"@id\":\"https:\/\/kuken.alfadyser.dev\/producto\/calefactor-kuken-ceramico-mini-400w\/#primaryimage\",\"url\":\"https:\/\/kuken.alfadyser.dev\/wp-content\/uploads\/8425160362034_05.jpg\",\"contentUrl\":\"https:\/\/kuken.alfadyser.dev\/wp-content\/uploads\/8425160362034_05.jpg\",\"width\":2000,\"height\":2000},{\"@type\":\"BreadcrumbList\",\"@id\":\"https:\/\/kuken.alfadyser.dev\/producto\/calefactor-kuken-ceramico-mini-400w\/#breadcrumb\",\"itemListElement\":[{\"@type\":\"ListItem\",\"position\":1,\"name\":\"Portada\",\"item\":\"https:\/\/kuken.alfadyser.dev\/\"},{\"@type\":\"ListItem\",\"position\":2,\"name\":\"Productos\",\"item\":\"https:\/\/kuken.alfadyser.dev\/productos\/\"},{\"@type\":\"ListItem\",\"position\":3,\"name\":\"CALEFACTOR KUKEN CERAMICO MINI 400W.\"}]},{\"@type\":\"WebSite\",\"@id\":\"https:\/\/kuken.alfadyser.dev\/#website\",\"url\":\"https:\/\/kuken.alfadyser.dev\/\",\"name\":\"K\u00fcken\",\"description\":\"Amplia gama de peque\u00f1o electrodom\u00e9stico k\u00fcken\",\"publisher\":{\"@id\":\"https:\/\/kuken.alfadyser.dev\/#organization\"},\"potentialAction\":[{\"@type\":\"SearchAction\",\"target\":{\"@type\":\"EntryPoint\",\"urlTemplate\":\"https:\/\/kuken.alfadyser.dev\/?s={search_term_string}\"},\"query-input\":{\"@type\":\"PropertyValueSpecification\",\"valueRequired\":true,\"valueName\":\"search_term_string\"}}],\"inLanguage\":\"en-GB\"},{\"@type\":\"Organization\",\"@id\":\"https:\/\/kuken.alfadyser.dev\/#organization\",\"name\":\"Alfa Dyser\",\"url\":\"https:\/\/kuken.alfadyser.dev\/\",\"logo\":{\"@type\":\"ImageObject\",\"inLanguage\":\"en-GB\",\"@id\":\"https:\/\/kuken.alfadyser.dev\/#\/schema\/logo\/image\/\",\"url\":\"https:\/\/kuken.alfadyser.dev\/wp-content\/uploads\/2019\/04\/kuken-logo.png\",\"contentUrl\":\"https:\/\/kuken.alfadyser.dev\/wp-content\/uploads\/2019\/04\/kuken-logo.png\",\"width\":500,\"height\":191,\"caption\":\"Alfa Dyser\"},\"image\":{\"@id\":\"https:\/\/kuken.alfadyser.dev\/#\/schema\/logo\/image\/\"},\"sameAs\":[\"https:\/\/es-es.facebook.com\/alfadyser\/\",\"https:\/\/www.instagram.com\/kuken_appliances\/\"]}]}<\/script>\n<meta property=\"product:price:currency\" content=\"EUR\" \/>\n<meta property=\"og:availability\" content=\"instock\" \/>\n<meta property=\"product:availability\" content=\"instock\" \/>\n<meta property=\"product:retailer_item_id\" content=\"36203\" \/>\n<meta property=\"product:condition\" content=\"new\" \/>\n<!-- \/ Yoast SEO Premium plugin. -->","yoast_head_json":{"title":"CALEFACTOR KUKEN CERAMICO MINI 400W. - K\u00fcken","description":"Calefactor K\u00fcken cer\u00e1mico mini 400W sin cable, con temporizador, pantalla digital, ventilador ajustable y clavija giratoria. Ideal para espacios peque\u00f1os.","robots":{"index":"noindex","follow":"follow","max-snippet":"max-snippet:-1","max-image-preview":"max-image-preview:large","max-video-preview":"max-video-preview:-1"},"og_locale":"en_GB","og_type":"article","og_title":"CALEFACTOR KUKEN CERAMICO MINI 400W.","og_description":"Calefactor K\u00fcken cer\u00e1mico mini 400W sin cable, con temporizador, pantalla digital, ventilador ajustable y clavija giratoria. Ideal para espacios peque\u00f1os.","og_url":"https:\/\/kuken.alfadyser.dev\/en\/product-2\/calefactor-vertical-recto-kuken-1000-2000w-2\/","og_site_name":"K\u00fcken","article_publisher":"https:\/\/es-es.facebook.com\/alfadyser\/","article_modified_time":"2025-07-22T09:09:23+00:00","og_image":[{"width":2000,"height":2000,"url":"https:\/\/kuken.alfadyser.dev\/wp-content\/uploads\/8425160362034_05.jpg","type":"image\/jpeg"}],"twitter_card":"summary_large_image","twitter_misc":{"Price":"","Availability":"In stock"},"schema":{"@context":"https:\/\/schema.org","@graph":[{"@type":"WebPage","@id":"https:\/\/kuken.alfadyser.dev\/producto\/calefactor-kuken-ceramico-mini-400w\/","url":"https:\/\/kuken.alfadyser.dev\/producto\/calefactor-kuken-ceramico-mini-400w\/","name":"CALEFACTOR KUKEN CERAMICO MINI 400W. - K\u00fcken","isPartOf":{"@id":"https:\/\/kuken.alfadyser.dev\/#website"},"primaryImageOfPage":{"@id":"https:\/\/kuken.alfadyser.dev\/producto\/calefactor-kuken-ceramico-mini-400w\/#primaryimage"},"image":{"@id":"https:\/\/kuken.alfadyser.dev\/producto\/calefactor-kuken-ceramico-mini-400w\/#primaryimage"},"thumbnailUrl":"https:\/\/kuken.alfadyser.dev\/wp-content\/uploads\/8425160362034_05.jpg","datePublished":"2022-08-29T07:17:51+00:00","dateModified":"2025-07-22T09:09:23+00:00","description":"Calefactor K\u00fcken cer\u00e1mico mini 400W sin cable, con temporizador, pantalla digital, ventilador ajustable y clavija giratoria. Ideal para espacios peque\u00f1os.","breadcrumb":{"@id":"https:\/\/kuken.alfadyser.dev\/producto\/calefactor-kuken-ceramico-mini-400w\/#breadcrumb"},"inLanguage":"en-GB","potentialAction":[{"@type":"ReadAction","target":["https:\/\/kuken.alfadyser.dev\/producto\/calefactor-kuken-ceramico-mini-400w\/"]}]},{"@type":"ImageObject","inLanguage":"en-GB","@id":"https:\/\/kuken.alfadyser.dev\/producto\/calefactor-kuken-ceramico-mini-400w\/#primaryimage","url":"https:\/\/kuken.alfadyser.dev\/wp-content\/uploads\/8425160362034_05.jpg","contentUrl":"https:\/\/kuken.alfadyser.dev\/wp-content\/uploads\/8425160362034_05.jpg","width":2000,"height":2000},{"@type":"BreadcrumbList","@id":"https:\/\/kuken.alfadyser.dev\/producto\/calefactor-kuken-ceramico-mini-400w\/#breadcrumb","itemListElement":[{"@type":"ListItem","position":1,"name":"Portada","item":"https:\/\/kuken.alfadyser.dev\/"},{"@type":"ListItem","position":2,"name":"Productos","item":"https:\/\/kuken.alfadyser.dev\/productos\/"},{"@type":"ListItem","position":3,"name":"CALEFACTOR KUKEN CERAMICO MINI 400W."}]},{"@type":"WebSite","@id":"https:\/\/kuken.alfadyser.dev\/#website","url":"https:\/\/kuken.alfadyser.dev\/","name":"K\u00fcken","description":"Wide range of k\u00fcken small household appliances","publisher":{"@id":"https:\/\/kuken.alfadyser.dev\/#organization"},"potentialAction":[{"@type":"SearchAction","target":{"@type":"EntryPoint","urlTemplate":"https:\/\/kuken.alfadyser.dev\/?s={search_term_string}"},"query-input":{"@type":"PropertyValueSpecification","valueRequired":true,"valueName":"search_term_string"}}],"inLanguage":"en-GB"},{"@type":"Organization","@id":"https:\/\/kuken.alfadyser.dev\/#organization","name":"Alpha Dyser","url":"https:\/\/kuken.alfadyser.dev\/","logo":{"@type":"ImageObject","inLanguage":"en-GB","@id":"https:\/\/kuken.alfadyser.dev\/#\/schema\/logo\/image\/","url":"https:\/\/kuken.alfadyser.dev\/wp-content\/uploads\/2019\/04\/kuken-logo.png","contentUrl":"https:\/\/kuken.alfadyser.dev\/wp-content\/uploads\/2019\/04\/kuken-logo.png","width":500,"height":191,"caption":"Alfa Dyser"},"image":{"@id":"https:\/\/kuken.alfadyser.dev\/#\/schema\/logo\/image\/"},"sameAs":["https:\/\/es-es.facebook.com\/alfadyser\/","https:\/\/www.instagram.com\/kuken_appliances\/"]}]},"product_price_currency":"EUR","og_availability":"instock","product_availability":"instock","product_retailer_item_id":"36203","product_condition":"new"},"_links":{"self":[{"href":"https:\/\/kuken.alfadyser.dev\/en\/wp-json\/wp\/v2\/product\/9148","targetHints":{"allow":["GET"]}}],"collection":[{"href":"https:\/\/kuken.alfadyser.dev\/en\/wp-json\/wp\/v2\/product"}],"about":[{"href":"https:\/\/kuken.alfadyser.dev\/en\/wp-json\/wp\/v2\/types\/product"}],"wp:featuredmedia":[{"embeddable":true,"href":"https:\/\/kuken.alfadyser.dev\/en\/wp-json\/wp\/v2\/media\/9153"}],"wp:attachment":[{"href":"https:\/\/kuken.alfadyser.dev\/en\/wp-json\/wp\/v2\/media?parent=9148"}],"wp:term":[{"taxonomy":"product_brand","embeddable":true,"href":"https:\/\/kuken.alfadyser.dev\/en\/wp-json\/wp\/v2\/product_brand?post=9148"},{"taxonomy":"product_cat","embeddable":true,"href":"https:\/\/kuken.alfadyser.dev\/en\/wp-json\/wp\/v2\/product_cat?post=9148"},{"taxonomy":"product_tag","embeddable":true,"href":"https:\/\/kuken.alfadyser.dev\/en\/wp-json\/wp\/v2\/product_tag?post=9148"}],"curies":[{"name":"wp","href":"https:\/\/api.w.org\/{rel}","templated":true}]}}